{"id":221388,"date":"2023-11-21T16:39:55","date_gmt":"2023-11-21T15:39:55","guid":{"rendered":"https:\/\/empow-her.com\/?post_type=product&#038;p=221388"},"modified":"2023-11-21T17:47:35","modified_gmt":"2023-11-21T16:47:35","slug":"coaching-marketing-communication-6","status":"publish","type":"product","link":"https:\/\/empow-her.com\/es\/produit\/coaching-marketing-communication-6\/","title":{"rendered":"Coaching &#8211; Marketing &#038; communication"},"content":{"rendered":"<div>\n<p><strong>Description :<br \/>\n<\/strong>J&#8217;ai besoin d&#8217;une part de m&#8217;assurer que mon produit\/mes services sont &#8220;pr\u00eats&#8221; sous tous leurs aspects et d&#8217;autre part de savoir mettre en place une strat\u00e9gie d&#8217;activation aupr\u00e8s de mes diff\u00e9rents publics. Cette permanence a pour objectif de vous accompagner dans la formulation de vos offres par rapport \u00e0 ses diff\u00e9rents publics et dans les \u00e9tapes structurantes de la mise en place d&#8217;une strat\u00e9gie d&#8217;activation et de communication efficace.<\/p>\n<p>Les notions qui pourront \u00eatre abord\u00e9es au cours de la permanences sont les suivantes :<\/p>\n<ul>\n<li>l&#8217;offre : des dimensions fonctionnelles aux dimensions \u201cimmat\u00e9rielles\u201d. Formaliser ma proposition de valeur<\/li>\n<li>mes cibles : typologie, segmentation, ciblage et priorisation<\/li>\n<li>mon march\u00e9 : mon univers concurrentiel. Mon positionnement marketing<\/li>\n<li>plan d\u2019activation marketing<\/li>\n<\/ul>\n<p>&nbsp;<\/p>\n<p><strong>Pr\u00e9-requis<\/strong> : <span data-sheets-value=\"{&quot;1&quot;:2,&quot;2&quot;:&quot;nVous souhaitez vous inscrire \u00e0 cette session ? Merci d'indiquer votre besoin principal en remplissant ce questionnaire avant la session : https:\/\/airtable.com\/shrGo4G6jwgimwCV7nou communiquez-le par mail \u00e0 votre r\u00e9f\u00e9rente Empow'Her : nadege.serrero@empow-her.com&quot;}\" data-sheets-userformat=\"{&quot;2&quot;:4993,&quot;3&quot;:{&quot;1&quot;:0},&quot;10&quot;:1,&quot;11&quot;:4,&quot;12&quot;:0,&quot;15&quot;:&quot;Hind&quot;}\">Aucun<\/span><\/p>\n<\/div>\n<div>\n<p><strong>Intervenant.e<\/strong>\u00a0<strong>: Anne-Sophie Cambay-Carozzi de l&#8217;Agence LesLieuxdits<\/strong><\/p>\n<p>Je suis une d\u00e9veloppeuse ! J&#8217;ai travaill\u00e9 durant plus de 20 ans au d\u00e9veloppement de march\u00e9s en France et \u00e0 l&#8217;international en trouvant les points de diff\u00e9renciations des produits ou services dont j&#8217;avais la responsabilit\u00e9 et en identifiant les cibles pour lesquelles ces points de diff\u00e9rentiations repr\u00e9sentent une valeur.<br \/>\nJ&#8217;accompagne depuis 6 ans les entrepreneurs et les dirigeants dans leur strat\u00e9gie de d\u00e9veloppement &#8211; plus particuli\u00e8rement \u00e0 partir de la marque et de son expression.<br \/>\n#marque<br \/>\n#marketing<br \/>\n#segmentation<br \/>\n#expressiondelavaleur<\/p>\n<p><span data-sheets-value=\"{&quot;1&quot;:2,&quot;2&quot;:&quot;Description : nnPr\u00e9-requis : nnIntervenant.e : nnSon super pouvoir : nnSon petit mot : &quot;}\" data-sheets-userformat=\"{&quot;2&quot;:641,&quot;3&quot;:{&quot;1&quot;:0},&quot;10&quot;:1,&quot;12&quot;:0}\"><strong>Son super pouvoir :<\/strong> Simplifier le complexe. Accompagner le changement. Rationnelle tout en restant intuitive.<\/span><\/p>\n<p><strong>Son petit mot :<\/strong> Never give up &#8211; you owe it to yourself !<\/p>\n<p><strong>Dur\u00e9e<\/strong> : 1h en ligne<\/p>\n<p><span data-sheets-value=\"{&quot;1&quot;:2,&quot;2&quot;:&quot;Attention ! \u00a0Veuillez vous pr\u00e9sentez \u00e0 l'heure pour que l'activit\u00e9 puisse commencer \u00e0 temps. Si vous avez du retard veuillez pr\u00e9venir l'intervenant.e. Si vous avez plus de 15 min de retard l'intervenant.e se r\u00e9serve le droit de plus vous accepter pour le coaching ou l'atelier.\u00a0&quot;}\" data-sheets-userformat=\"{&quot;2&quot;:641,&quot;3&quot;:{&quot;1&quot;:0},&quot;10&quot;:1,&quot;12&quot;:0}\"><strong>Attention !<\/strong> \u00a0Veuillez vous pr\u00e9senter \u00e0 l\u2019heure pour que l\u2019activit\u00e9 puisse commencer \u00e0 temps. Si vous avez du retard veuillez pr\u00e9venir l\u2019intervenant.e. Si vous avez plus de 15 min de retard l\u2019intervenant.e se r\u00e9serve le droit de ne pas vous accepter pour le coaching ou l\u2019atelier.<\/span><\/p>\n<\/div>\n","protected":false},"excerpt":{"rendered":"<div>\n<p><strong>Description:\u00a0<\/strong><\/p>\n<p>J&#8217;ai besoin d&#8217;une part de m&#8217;assurer que mon produit\/mes services sont &#8220;pr\u00eats&#8221; sous tous leurs aspects et d&#8217;autre part de savoir mettre en place une strat\u00e9gie d&#8217;activation aupr\u00e8s de mes diff\u00e9rents publics. Cette permanence a pour objectif de vous accompagner dans la formulation de vos offres par rapport \u00e0 ses diff\u00e9rents publics et dans les \u00e9tapes structurantes de la mise en place d&#8217;une strat\u00e9gie d&#8217;activation et de communication efficace.<\/p>\n<p>Les notions qui pourront \u00eatre abord\u00e9es au cours de la permanences sont les suivantes :<\/p>\n<ul>\n<li>l&#8217;offre : des dimensions fonctionnelles aux dimensions \u201cimmat\u00e9rielles\u201d. Formaliser ma proposition de valeur<\/li>\n<li>mes cibles : typologie, segmentation, ciblage et priorisation<\/li>\n<li>mon march\u00e9 : mon univers concurrentiel. Mon positionnement marketing<\/li>\n<li>plan d\u2019activation marketing<\/li>\n<\/ul>\n<p>&nbsp;<\/p>\n<p><strong>Pr\u00e9-requis<\/strong> : <span data-sheets-value=\"{&quot;1&quot;:2,&quot;2&quot;:&quot;nVous souhaitez vous inscrire \u00e0 cette session ? Merci d'indiquer votre besoin principal en remplissant ce questionnaire avant la session : https:\/\/airtable.com\/shrGo4G6jwgimwCV7nou communiquez-le par mail \u00e0 votre r\u00e9f\u00e9rente Empow'Her : nadege.serrero@empow-her.com&quot;}\" data-sheets-userformat=\"{&quot;2&quot;:4993,&quot;3&quot;:{&quot;1&quot;:0},&quot;10&quot;:1,&quot;11&quot;:4,&quot;12&quot;:0,&quot;15&quot;:&quot;Hind&quot;}\">Aucun<\/span><\/p>\n<\/div>\n<div>\n<p><strong>Intervenant.e<\/strong>\u00a0<strong>: Anne-Sophie Cambay-Carozzi de l&#8217;Agence LesLieuxdits<\/strong><\/p>\n<p>Je suis une d\u00e9veloppeuse ! J&#8217;ai travaill\u00e9 durant plus de 20 ans au d\u00e9veloppement de march\u00e9s en France et \u00e0 l&#8217;international en trouvant les points de diff\u00e9renciations des produits ou services dont j&#8217;avais la responsabilit\u00e9 et en identifiant les cibles pour lesquelles ces points de diff\u00e9rentiations repr\u00e9sentent une valeur.<br \/>\nJ&#8217;accompagne depuis 6 ans les entrepreneurs et les dirigeants dans leur strat\u00e9gie de d\u00e9veloppement &#8211; plus particuli\u00e8rement \u00e0 partir de la marque et de son expression.<br \/>\n#marque<br \/>\n#marketing<br \/>\n#segmentation<br \/>\n#expressiondelavaleur<\/p>\n<p><span data-sheets-value=\"{&quot;1&quot;:2,&quot;2&quot;:&quot;Description : nnPr\u00e9-requis : nnIntervenant.e : nnSon super pouvoir : nnSon petit mot : &quot;}\" data-sheets-userformat=\"{&quot;2&quot;:641,&quot;3&quot;:{&quot;1&quot;:0},&quot;10&quot;:1,&quot;12&quot;:0}\"><strong>Son super pouvoir :<\/strong> Simplifier le complexe. Accompagner le changement. Rationnelle tout en restant intuitive.<\/span><\/p>\n<p><strong>Son petit mot :<\/strong> Never give up &#8211; you owe it to yourself !<\/p>\n<p><strong>Dur\u00e9e<\/strong> : 1h en ligne<\/p>\n<p><span data-sheets-value=\"{&quot;1&quot;:2,&quot;2&quot;:&quot;Attention ! \u00a0Veuillez vous pr\u00e9sentez \u00e0 l'heure pour que l'activit\u00e9 puisse commencer \u00e0 temps. Si vous avez du retard veuillez pr\u00e9venir l'intervenant.e. Si vous avez plus de 15 min de retard l'intervenant.e se r\u00e9serve le droit de plus vous accepter pour le coaching ou l'atelier.\u00a0&quot;}\" data-sheets-userformat=\"{&quot;2&quot;:641,&quot;3&quot;:{&quot;1&quot;:0},&quot;10&quot;:1,&quot;12&quot;:0}\"><strong>Attention !<\/strong> \u00a0Veuillez vous pr\u00e9senter \u00e0 l\u2019heure pour que l\u2019activit\u00e9 puisse commencer \u00e0 temps. Si vous avez du retard veuillez pr\u00e9venir l\u2019intervenant.e. Si vous avez plus de 15 min de retard l\u2019intervenant.e se r\u00e9serve le droit de ne pas vous accepter pour le coaching ou l\u2019atelier.\u00a0<\/span><\/p>\n<\/div>\n","protected":false},"featured_media":221393,"template":"","format":"standard","meta":{"_acf_changed":false,"om_disable_all_campaigns":false,"_uf_show_specific_survey":0,"_uf_disable_surveys":false},"product_brand":[],"product_cat":[121],"product_tag":[],"lieu":[125],"thematiques":[],"class_list":{"0":"post-221388","1":"product","2":"type-product","3":"status-publish","4":"format-standard","5":"has-post-thumbnail","7":"product_cat-coaching","8":"lieu-en-ligne","10":"first","11":"instock","12":"virtual","13":"purchasable","14":"product-type-appointment"},"exclude_global_add_ons":[],"addons":[],"acf":[],"yoast_head":"<!-- This site is optimized with the Yoast SEO plugin v24.8 - https:\/\/yoast.com\/wordpress\/plugins\/seo\/ -->\n<title>Coaching - Marketing &amp; communication - Empow&#039;Her<\/title>\n<meta name=\"robots\" content=\"index, follow, max-snippet:-1, max-image-preview:large, max-video-preview:-1\" \/>\n<link rel=\"canonical\" href=\"https:\/\/empow-her.com\/en\/produit\/coaching-marketing-communication-6\/\" \/>\n<meta property=\"og:locale\" content=\"es_ES\" \/>\n<meta property=\"og:type\" content=\"article\" \/>\n<meta property=\"og:title\" content=\"Coaching - Marketing &amp; communication - Empow&#039;Her\" \/>\n<meta property=\"og:description\" content=\"Description:\u00a0  J&#039;ai besoin d&#039;une part de m&#039;assurer que mon produit\/mes services sont &quot;pr\u00eats&quot; sous tous leurs aspects et d&#039;autre part de savoir mettre en place une strat\u00e9gie d&#039;activation aupr\u00e8s de mes diff\u00e9rents publics. Cette permanence a pour objectif de vous accompagner dans la formulation de vos offres par rapport \u00e0 ses diff\u00e9rents publics et dans les \u00e9tapes structurantes de la mise en place d&#039;une strat\u00e9gie d&#039;activation et de communication efficace.  Les notions qui pourront \u00eatre abord\u00e9es au cours de la permanences sont les suivantes :   l&#039;offre : des dimensions fonctionnelles aux dimensions \u201cimmat\u00e9rielles\u201d. Formaliser ma proposition de valeur  mes cibles : typologie, segmentation, ciblage et priorisation  mon march\u00e9 : mon univers concurrentiel. Mon positionnement marketing  plan d\u2019activation marketing  &nbsp;  Pr\u00e9-requis : Aucun     Intervenant.e\u00a0: Anne-Sophie Cambay-Carozzi de l&#039;Agence LesLieuxdits  Je suis une d\u00e9veloppeuse ! J&#039;ai travaill\u00e9 durant plus de 20 ans au d\u00e9veloppement de march\u00e9s en France et \u00e0 l&#039;international en trouvant les points de diff\u00e9renciations des produits ou services dont j&#039;avais la responsabilit\u00e9 et en identifiant les cibles pour lesquelles ces points de diff\u00e9rentiations repr\u00e9sentent une valeur. J&#039;accompagne depuis 6 ans les entrepreneurs et les dirigeants dans leur strat\u00e9gie de d\u00e9veloppement - plus particuli\u00e8rement \u00e0 partir de la marque et de son expression. #marque #marketing #segmentation #expressiondelavaleur  Son super pouvoir : Simplifier le complexe. Accompagner le changement. Rationnelle tout en restant intuitive.  Son petit mot : Never give up - you owe it to yourself !  Dur\u00e9e : 1h en ligne  Attention ! \u00a0Veuillez vous pr\u00e9senter \u00e0 l\u2019heure pour que l\u2019activit\u00e9 puisse commencer \u00e0 temps. Si vous avez du retard veuillez pr\u00e9venir l\u2019intervenant.e. Si vous avez plus de 15 min de retard l\u2019intervenant.e se r\u00e9serve le droit de ne pas vous accepter pour le coaching ou l\u2019atelier.\u00a0\" \/>\n<meta property=\"og:url\" content=\"https:\/\/empow-her.com\/en\/produit\/coaching-marketing-communication-6\/\" \/>\n<meta property=\"og:site_name\" content=\"Empow&#039;Her\" \/>\n<meta property=\"article:modified_time\" content=\"2023-11-21T16:47:35+00:00\" \/>\n<meta property=\"og:image\" content=\"https:\/\/empow-her.com\/wp-content\/uploads\/2023\/11\/Women-Dare-templates-events-28.png\" \/>\n\t<meta property=\"og:image:width\" content=\"1080\" \/>\n\t<meta property=\"og:image:height\" content=\"1080\" \/>\n\t<meta property=\"og:image:type\" content=\"image\/png\" \/>\n<meta name=\"twitter:card\" content=\"summary_large_image\" \/>\n<meta name=\"twitter:label1\" content=\"Tiempo de lectura\" \/>\n\t<meta name=\"twitter:data1\" content=\"2 minutos\" \/>\n<script type=\"application\/ld+json\" class=\"yoast-schema-graph\">{\"@context\":\"https:\/\/schema.org\",\"@graph\":[{\"@type\":\"WebPage\",\"@id\":\"https:\/\/empow-her.com\/en\/produit\/coaching-marketing-communication-6\/\",\"url\":\"https:\/\/empow-her.com\/en\/produit\/coaching-marketing-communication-6\/\",\"name\":\"Coaching - Marketing & communication - Empow&#039;Her\",\"isPartOf\":{\"@id\":\"https:\/\/empow-her.com\/#website\"},\"primaryImageOfPage\":{\"@id\":\"https:\/\/empow-her.com\/en\/produit\/coaching-marketing-communication-6\/#primaryimage\"},\"image\":{\"@id\":\"https:\/\/empow-her.com\/en\/produit\/coaching-marketing-communication-6\/#primaryimage\"},\"thumbnailUrl\":\"https:\/\/empow-her.com\/wp-content\/uploads\/2023\/11\/Women-Dare-templates-events-28.png\",\"datePublished\":\"2023-11-21T15:39:55+00:00\",\"dateModified\":\"2023-11-21T16:47:35+00:00\",\"breadcrumb\":{\"@id\":\"https:\/\/empow-her.com\/en\/produit\/coaching-marketing-communication-6\/#breadcrumb\"},\"inLanguage\":\"es\",\"potentialAction\":[{\"@type\":\"ReadAction\",\"target\":[\"https:\/\/empow-her.com\/en\/produit\/coaching-marketing-communication-6\/\"]}]},{\"@type\":\"ImageObject\",\"inLanguage\":\"es\",\"@id\":\"https:\/\/empow-her.com\/en\/produit\/coaching-marketing-communication-6\/#primaryimage\",\"url\":\"https:\/\/empow-her.com\/wp-content\/uploads\/2023\/11\/Women-Dare-templates-events-28.png\",\"contentUrl\":\"https:\/\/empow-her.com\/wp-content\/uploads\/2023\/11\/Women-Dare-templates-events-28.png\",\"width\":1080,\"height\":1080},{\"@type\":\"BreadcrumbList\",\"@id\":\"https:\/\/empow-her.com\/en\/produit\/coaching-marketing-communication-6\/#breadcrumb\",\"itemListElement\":[{\"@type\":\"ListItem\",\"position\":1,\"name\":\"Accueil\",\"item\":\"https:\/\/empow-her.com\/es\/inicio\/\"},{\"@type\":\"ListItem\",\"position\":2,\"name\":\"LA BOUTIQUE\",\"item\":\"https:\/\/empow-her.com\/boutique\/\"},{\"@type\":\"ListItem\",\"position\":3,\"name\":\"Coaching &#8211; Marketing &#038; communication\"}]},{\"@type\":\"WebSite\",\"@id\":\"https:\/\/empow-her.com\/#website\",\"url\":\"https:\/\/empow-her.com\/\",\"name\":\"Empow&#039;Her\",\"description\":\"Women Development\",\"potentialAction\":[{\"@type\":\"SearchAction\",\"target\":{\"@type\":\"EntryPoint\",\"urlTemplate\":\"https:\/\/empow-her.com\/?s={search_term_string}\"},\"query-input\":{\"@type\":\"PropertyValueSpecification\",\"valueRequired\":true,\"valueName\":\"search_term_string\"}}],\"inLanguage\":\"es\"}]}<\/script>\n<!-- \/ Yoast SEO plugin. -->","yoast_head_json":{"title":"Coaching - Marketing & communication - Empow&#039;Her","robots":{"index":"index","follow":"follow","max-snippet":"max-snippet:-1","max-image-preview":"max-image-preview:large","max-video-preview":"max-video-preview:-1"},"canonical":"https:\/\/empow-her.com\/en\/produit\/coaching-marketing-communication-6\/","og_locale":"es_ES","og_type":"article","og_title":"Coaching - Marketing & communication - Empow&#039;Her","og_description":"Description:\u00a0  J'ai besoin d'une part de m'assurer que mon produit\/mes services sont \"pr\u00eats\" sous tous leurs aspects et d'autre part de savoir mettre en place une strat\u00e9gie d'activation aupr\u00e8s de mes diff\u00e9rents publics. Cette permanence a pour objectif de vous accompagner dans la formulation de vos offres par rapport \u00e0 ses diff\u00e9rents publics et dans les \u00e9tapes structurantes de la mise en place d'une strat\u00e9gie d'activation et de communication efficace.  Les notions qui pourront \u00eatre abord\u00e9es au cours de la permanences sont les suivantes :   l'offre : des dimensions fonctionnelles aux dimensions \u201cimmat\u00e9rielles\u201d. Formaliser ma proposition de valeur  mes cibles : typologie, segmentation, ciblage et priorisation  mon march\u00e9 : mon univers concurrentiel. Mon positionnement marketing  plan d\u2019activation marketing  &nbsp;  Pr\u00e9-requis : Aucun     Intervenant.e\u00a0: Anne-Sophie Cambay-Carozzi de l'Agence LesLieuxdits  Je suis une d\u00e9veloppeuse ! J'ai travaill\u00e9 durant plus de 20 ans au d\u00e9veloppement de march\u00e9s en France et \u00e0 l'international en trouvant les points de diff\u00e9renciations des produits ou services dont j'avais la responsabilit\u00e9 et en identifiant les cibles pour lesquelles ces points de diff\u00e9rentiations repr\u00e9sentent une valeur. J'accompagne depuis 6 ans les entrepreneurs et les dirigeants dans leur strat\u00e9gie de d\u00e9veloppement - plus particuli\u00e8rement \u00e0 partir de la marque et de son expression. #marque #marketing #segmentation #expressiondelavaleur  Son super pouvoir : Simplifier le complexe. Accompagner le changement. Rationnelle tout en restant intuitive.  Son petit mot : Never give up - you owe it to yourself !  Dur\u00e9e : 1h en ligne  Attention ! \u00a0Veuillez vous pr\u00e9senter \u00e0 l\u2019heure pour que l\u2019activit\u00e9 puisse commencer \u00e0 temps. Si vous avez du retard veuillez pr\u00e9venir l\u2019intervenant.e. Si vous avez plus de 15 min de retard l\u2019intervenant.e se r\u00e9serve le droit de ne pas vous accepter pour le coaching ou l\u2019atelier.\u00a0","og_url":"https:\/\/empow-her.com\/en\/produit\/coaching-marketing-communication-6\/","og_site_name":"Empow&#039;Her","article_modified_time":"2023-11-21T16:47:35+00:00","og_image":[{"width":1080,"height":1080,"url":"https:\/\/empow-her.com\/wp-content\/uploads\/2023\/11\/Women-Dare-templates-events-28.png","type":"image\/png"}],"twitter_card":"summary_large_image","twitter_misc":{"Tiempo de lectura":"2 minutos"},"schema":{"@context":"https:\/\/schema.org","@graph":[{"@type":"WebPage","@id":"https:\/\/empow-her.com\/en\/produit\/coaching-marketing-communication-6\/","url":"https:\/\/empow-her.com\/en\/produit\/coaching-marketing-communication-6\/","name":"Coaching - Marketing & communication - Empow&#039;Her","isPartOf":{"@id":"https:\/\/empow-her.com\/#website"},"primaryImageOfPage":{"@id":"https:\/\/empow-her.com\/en\/produit\/coaching-marketing-communication-6\/#primaryimage"},"image":{"@id":"https:\/\/empow-her.com\/en\/produit\/coaching-marketing-communication-6\/#primaryimage"},"thumbnailUrl":"https:\/\/empow-her.com\/wp-content\/uploads\/2023\/11\/Women-Dare-templates-events-28.png","datePublished":"2023-11-21T15:39:55+00:00","dateModified":"2023-11-21T16:47:35+00:00","breadcrumb":{"@id":"https:\/\/empow-her.com\/en\/produit\/coaching-marketing-communication-6\/#breadcrumb"},"inLanguage":"es","potentialAction":[{"@type":"ReadAction","target":["https:\/\/empow-her.com\/en\/produit\/coaching-marketing-communication-6\/"]}]},{"@type":"ImageObject","inLanguage":"es","@id":"https:\/\/empow-her.com\/en\/produit\/coaching-marketing-communication-6\/#primaryimage","url":"https:\/\/empow-her.com\/wp-content\/uploads\/2023\/11\/Women-Dare-templates-events-28.png","contentUrl":"https:\/\/empow-her.com\/wp-content\/uploads\/2023\/11\/Women-Dare-templates-events-28.png","width":1080,"height":1080},{"@type":"BreadcrumbList","@id":"https:\/\/empow-her.com\/en\/produit\/coaching-marketing-communication-6\/#breadcrumb","itemListElement":[{"@type":"ListItem","position":1,"name":"Accueil","item":"https:\/\/empow-her.com\/es\/inicio\/"},{"@type":"ListItem","position":2,"name":"LA BOUTIQUE","item":"https:\/\/empow-her.com\/boutique\/"},{"@type":"ListItem","position":3,"name":"Coaching &#8211; Marketing &#038; communication"}]},{"@type":"WebSite","@id":"https:\/\/empow-her.com\/#website","url":"https:\/\/empow-her.com\/","name":"Empow&#039;Her","description":"Women Development","potentialAction":[{"@type":"SearchAction","target":{"@type":"EntryPoint","urlTemplate":"https:\/\/empow-her.com\/?s={search_term_string}"},"query-input":{"@type":"PropertyValueSpecification","valueRequired":true,"valueName":"search_term_string"}}],"inLanguage":"es"}]}},"_links":{"self":[{"href":"https:\/\/empow-her.com\/es\/wp-json\/wp\/v2\/product\/221388","targetHints":{"allow":["GET"]}}],"collection":[{"href":"https:\/\/empow-her.com\/es\/wp-json\/wp\/v2\/product"}],"about":[{"href":"https:\/\/empow-her.com\/es\/wp-json\/wp\/v2\/types\/product"}],"wp:featuredmedia":[{"embeddable":true,"href":"https:\/\/empow-her.com\/es\/wp-json\/wp\/v2\/media\/221393"}],"wp:attachment":[{"href":"https:\/\/empow-her.com\/es\/wp-json\/wp\/v2\/media?parent=221388"}],"wp:term":[{"taxonomy":"product_brand","embeddable":true,"href":"https:\/\/empow-her.com\/es\/wp-json\/wp\/v2\/product_brand?post=221388"},{"taxonomy":"product_cat","embeddable":true,"href":"https:\/\/empow-her.com\/es\/wp-json\/wp\/v2\/product_cat?post=221388"},{"taxonomy":"product_tag","embeddable":true,"href":"https:\/\/empow-her.com\/es\/wp-json\/wp\/v2\/product_tag?post=221388"},{"taxonomy":"lieu","embeddable":true,"href":"https:\/\/empow-her.com\/es\/wp-json\/wp\/v2\/lieu?post=221388"},{"taxonomy":"thematiques","embeddable":true,"href":"https:\/\/empow-her.com\/es\/wp-json\/wp\/v2\/thematiques?post=221388"}],"curies":[{"name":"wp","href":"https:\/\/api.w.org\/{rel}","templated":true}]}}