{"id":221016,"date":"2023-11-20T11:24:26","date_gmt":"2023-11-20T10:24:26","guid":{"rendered":"https:\/\/empow-her.com\/?post_type=product&#038;p=221016"},"modified":"2023-11-20T11:24:26","modified_gmt":"2023-11-20T10:24:26","slug":"special-event-linkelles-organise-sa-soiree-networking","status":"publish","type":"product","link":"https:\/\/empow-her.com\/es\/produit\/special-event-linkelles-organise-sa-soiree-networking\/","title":{"rendered":"Special event &#8211; Link&#8217;Elles organise sa soir\u00e9e networking !"},"content":{"rendered":"<p style=\"font-weight: 400;\">Link\u2019Elles vous convie <strong>mardi 12 decembre de 17h30 \u00e0 20h30<\/strong> chez Sist&#8217;Her pour finir l\u2019ann\u00e9e \u00e0 ses cot\u00e9s lors d&#8217;une soir\u00e9e networking ! &#x26a1;&#xfe0f;<\/p>\n<p style=\"font-weight: 400;\">C&#8217;est l&#8217;un de leur format favoris, cr\u00e9ateur d\u2019opportunit\u00e9s pour rencontrer de nouvelles personnes aux profils uniques. Venez \u00e0 cette soir\u00e9e networking conviviale o\u00f9 vous pourrez faire connaissance et cr\u00e9er de nouvelles synergies professionnelles avec une th\u00e9matique autour de la banalisation de l\u2019argent. Vous pourrez parler de la valorisation et la tarification du travail, de la p\u00eache aux subventions, des investissements et autres lev\u00e9es de fonds.<\/p>\n<p><strong>&#x1f440; Link&#8217;Elles c&#8217;est qui, c&#8217;est quoi ?<\/strong><br \/>\nL\u2019association oeuvre pour la mise en avant de l&#8217;entrepreneuriat f\u00e9minin, pour une meilleure information des dispositifs pr\u00e9sents et structures accompagnantes, pour offrir le plus d&#8217;opportunit\u00e9 aux porteuses de projet et permettre aux entrepreneures de d\u00e9velopper leur r\u00e9seau et accroitre leur repr\u00e9sentation dans tous les secteurs d&#8217;activit\u00e9, \u00e0 travers des contenu informatif et des \u00e9v\u00e9nements (ateliers, masterclass et soir\u00e9es professionnelles).<br \/>\nLink&#8217;Elles souhaite finir l\u2019ann\u00e9e en beaut\u00e9 \u00e0 l\u2019occasion d&#8217;une soir\u00e9e networking, l\u2019un de leur format pr\u00e9f\u00e9r\u00e9 o\u00f9 vous pourrez les d\u00e9couvrir, partager vos exp\u00e9riences et \u00e9changer sur vos projets professionnels.<\/p>\n<p>&nbsp;<\/p>\n<p><strong>&#x1f449; Au programme de ce mardi 12 d\u00e9cembre :<\/strong><br \/>\nTable ronde sur la th\u00e9matique \u00ab R\u00e9p\u00e8te apr\u00e8s moi : non l\u2019argent n\u2019est pas un gros mot \u00bb, suivi d\u2019une session questions-r\u00e9ponses entre les intervenantes et les participant.es.<\/p>\n<p>Avec :<br \/>\n&#8211; Val\u00e9rie Guitard (Conseill\u00e8re Adie)<br \/>\n&#8211; Rim Abdelqarim (Responsable des programmes Start\u2019Her et Boost\u2019Her chez France Active Metropole 92)<br \/>\n&#8211; Morgane Dion (CEO de Plan Cash)<br \/>\n&#8211; Nina Baka (Consultante en gestion de finances personnelles)<br \/>\n&#8211; Lucile Mazou\u00e9 (Avocate en droit des affaires).<\/p>\n<p>&nbsp;<\/p>\n<p><strong>Infos pratiques :\u00a0<\/strong><br \/>\n&#x1f4c6; Mardi 12 decembre<br \/>\n&#x23f3; De 17h30 \u00e0 20h30<br \/>\n&#x1f516; R\u00e9servation gratuite obligatoire<\/p>\n<p>&#x1f4cd; Chez Sist\u2019Her : 82 rue du Faubourg Saint-Martin 75010 Paris<br \/>\nOuvert en mars 2021, Sist\u2019Her est le premier tiers-lieu sorore, d\u00e9di\u00e9 aux entrepreneuses et \u00e0 l\u2019impact en \u00cele-de-France. Port\u00e9 par l\u2019association <a href=\"https:\/\/empow-her.com\/nos-actions\/\">Empow\u2019Her<\/a>, c\u2019est un lieu de formations et de rencontres inclusif et collaboratif, ouvert \u00e0 tou\u00b7te\u00b7s o\u00f9 il est possible de se former, s\u2019inspirer, s\u2019engager et se rencontrer.\u201d<\/p>\n<p>On esp\u00e8re vous y voir, \u00e0 tr\u00e8s vite ! &#x2600;&#xfe0f;<\/p>\n","protected":false},"excerpt":{"rendered":"<p style=\"font-weight: 400;\">Link\u2019Elles vous convie <strong>mardi 12 decembre de 17h30 \u00e0 20h30<\/strong> chez Sist&#8217;Her pour finir l\u2019ann\u00e9e \u00e0 ses cot\u00e9s lors d&#8217;une soir\u00e9e networking ! &#x26a1;&#xfe0f;<\/p>\n<p style=\"font-weight: 400;\">C&#8217;est l&#8217;un de leur format favoris, cr\u00e9ateur d\u2019opportunit\u00e9s pour rencontrer de nouvelles personnes aux profils uniques. Venez \u00e0 cette soir\u00e9e networking conviviale o\u00f9 vous pourrez faire connaissance et cr\u00e9er de nouvelles synergies professionnelles avec une th\u00e9matique autour de la banalisation de l\u2019argent. Vous pourrez parler de la valorisation et la tarification du travail, de la p\u00eache aux subventions, des investissements et autres lev\u00e9es de fonds.<\/p>\n<p><strong>&#x1f440; Link&#8217;Elles c&#8217;est qui, c&#8217;est quoi ?<\/strong><br \/>\nL\u2019association oeuvre pour la mise en avant de l&#8217;entrepreneuriat f\u00e9minin, pour une meilleure information des dispositifs pr\u00e9sents et structures accompagnantes, pour offrir le plus d&#8217;opportunit\u00e9 aux porteuses de projet et permettre aux entrepreneures de d\u00e9velopper leur r\u00e9seau et accroitre leur repr\u00e9sentation dans tous les secteurs d&#8217;activit\u00e9, \u00e0 travers des contenu informatif et des \u00e9v\u00e9nements (ateliers, masterclass et soir\u00e9es professionnelles).<br \/>\nLink&#8217;Elles souhaite finir l\u2019ann\u00e9e en beaut\u00e9 \u00e0 l\u2019occasion d&#8217;une soir\u00e9e networking, l\u2019un de leur format pr\u00e9f\u00e9r\u00e9 o\u00f9 vous pourrez les d\u00e9couvrir, partager vos exp\u00e9riences et \u00e9changer sur vos projets professionnels.<\/p>\n<p>&nbsp;<\/p>\n<p><strong>&#x1f449; Au programme de ce mardi 12 d\u00e9cembre :<\/strong><br \/>\nTable ronde sur la th\u00e9matique \u00ab R\u00e9p\u00e8te apr\u00e8s moi : non l\u2019argent n\u2019est pas un gros mot \u00bb, suivi d\u2019une session questions-r\u00e9ponses entre les intervenantes et les participant.es.<\/p>\n<p>Avec :<br \/>\n&#8211; Val\u00e9rie Guitard (Conseill\u00e8re Adie)<br \/>\n&#8211; Rim Abdelqarim (Responsable des programmes Start\u2019Her et Boost\u2019Her chez France Active Metropole 92)<br \/>\n&#8211; Morgane Dion (CEO de Plan Cash)<br \/>\n&#8211; Nina Baka (Consultante en gestion de finances personnelles)<br \/>\n&#8211; Lucile Mazou\u00e9 (Avocate en droit des affaires).<\/p>\n<p>&nbsp;<\/p>\n<p><strong>Infos pratiques :\u00a0<\/strong><br \/>\n&#x1f4c6; Mardi 12 decembre<br \/>\n&#x23f3; De 17h30 \u00e0 20h30<br \/>\n&#x1f516; R\u00e9servation gratuite obligatoire<\/p>\n<p>&#x1f4cd; Chez Sist\u2019Her : 82 rue du Faubourg Saint-Martin 75010 Paris<br \/>\nOuvert en mars 2021, Sist\u2019Her est le premier tiers-lieu sorore, d\u00e9di\u00e9 aux entrepreneuses et \u00e0 l\u2019impact en \u00cele-de-France. Port\u00e9 par l\u2019association <a href=\"https:\/\/empow-her.com\/nos-actions\/\">Empow\u2019Her<\/a>, c\u2019est un lieu de formations et de rencontres inclusif et collaboratif, ouvert \u00e0 tou\u00b7te\u00b7s o\u00f9 il est possible de se former, s\u2019inspirer, s\u2019engager et se rencontrer.\u201d<\/p>\n<p>On esp\u00e8re vous y voir, \u00e0 tr\u00e8s vite ! &#x2600;&#xfe0f;<\/p>\n","protected":false},"featured_media":221025,"template":"","format":"standard","meta":{"_acf_changed":false,"om_disable_all_campaigns":false,"_uf_show_specific_survey":0,"_uf_disable_surveys":false},"product_brand":[],"product_cat":[119],"product_tag":[132],"lieu":[127],"thematiques":[],"class_list":{"0":"post-221016","1":"product","2":"type-product","3":"status-publish","4":"format-standard","5":"has-post-thumbnail","7":"product_cat-evenement-sisther","8":"product_tag-sisther","9":"lieu-hub-empowher","11":"first","12":"instock","13":"virtual","14":"purchasable","15":"product-type-appointment"},"exclude_global_add_ons":[],"addons":[],"acf":[],"yoast_head":"<!-- This site is optimized with the Yoast SEO plugin v24.8 - https:\/\/yoast.com\/wordpress\/plugins\/seo\/ -->\n<title>Special event - Link&#039;Elles organise sa soir\u00e9e networking ! - Empow&#039;Her<\/title>\n<meta name=\"robots\" content=\"index, follow, max-snippet:-1, max-image-preview:large, max-video-preview:-1\" \/>\n<link rel=\"canonical\" href=\"https:\/\/empow-her.com\/en\/produit\/special-event-linkelles-organise-sa-soiree-networking\/\" \/>\n<meta property=\"og:locale\" content=\"es_ES\" \/>\n<meta property=\"og:type\" content=\"article\" \/>\n<meta property=\"og:title\" content=\"Special event - Link&#039;Elles organise sa soir\u00e9e networking ! - Empow&#039;Her\" \/>\n<meta property=\"og:description\" content=\"Link\u2019Elles vous convie mardi 12 decembre de 17h30 \u00e0 20h30 chez Sist&#039;Her pour finir l\u2019ann\u00e9e \u00e0 ses cot\u00e9s lors d&#039;une soir\u00e9e networking ! &#x26a1;&#xfe0f; C&#039;est l&#039;un de leur format favoris, cr\u00e9ateur d\u2019opportunit\u00e9s pour rencontrer de nouvelles personnes aux profils uniques. Venez \u00e0 cette soir\u00e9e networking conviviale o\u00f9 vous pourrez faire connaissance et cr\u00e9er de nouvelles synergies professionnelles avec une th\u00e9matique autour de la banalisation de l\u2019argent. Vous pourrez parler de la valorisation et la tarification du travail, de la p\u00eache aux subventions, des investissements et autres lev\u00e9es de fonds. &#x1f440; Link&#039;Elles c&#039;est qui, c&#039;est quoi ? L\u2019association oeuvre pour la mise en avant de l&#039;entrepreneuriat f\u00e9minin, pour une meilleure information des dispositifs pr\u00e9sents et structures accompagnantes, pour offrir le plus d&#039;opportunit\u00e9 aux porteuses de projet et permettre aux entrepreneures de d\u00e9velopper leur r\u00e9seau et accroitre leur repr\u00e9sentation dans tous les secteurs d&#039;activit\u00e9, \u00e0 travers des contenu informatif et des \u00e9v\u00e9nements (ateliers, masterclass et soir\u00e9es professionnelles). Link&#039;Elles souhaite finir l\u2019ann\u00e9e en beaut\u00e9 \u00e0 l\u2019occasion d&#039;une soir\u00e9e networking, l\u2019un de leur format pr\u00e9f\u00e9r\u00e9 o\u00f9 vous pourrez les d\u00e9couvrir, partager vos exp\u00e9riences et \u00e9changer sur vos projets professionnels.  &nbsp;  &#x1f449; Au programme de ce mardi 12 d\u00e9cembre : Table ronde sur la th\u00e9matique \u00ab R\u00e9p\u00e8te apr\u00e8s moi : non l\u2019argent n\u2019est pas un gros mot \u00bb, suivi d\u2019une session questions-r\u00e9ponses entre les intervenantes et les participant.es.  Avec : - Val\u00e9rie Guitard (Conseill\u00e8re Adie) - Rim Abdelqarim (Responsable des programmes Start\u2019Her et Boost\u2019Her chez France Active Metropole 92) - Morgane Dion (CEO de Plan Cash) - Nina Baka (Consultante en gestion de finances personnelles) - Lucile Mazou\u00e9 (Avocate en droit des affaires).  &nbsp;  Infos pratiques :\u00a0 &#x1f4c6; Mardi 12 decembre &#x23f3; De 17h30 \u00e0 20h30 &#x1f516; R\u00e9servation gratuite obligatoire  &#x1f4cd; Chez Sist\u2019Her : 82 rue du Faubourg Saint-Martin 75010 Paris Ouvert en mars 2021, Sist\u2019Her est le premier tiers-lieu sorore, d\u00e9di\u00e9 aux entrepreneuses et \u00e0 l\u2019impact en \u00cele-de-France. Port\u00e9 par l\u2019association Empow\u2019Her, c\u2019est un lieu de formations et de rencontres inclusif et collaboratif, ouvert \u00e0 tou\u00b7te\u00b7s o\u00f9 il est possible de se former, s\u2019inspirer, s\u2019engager et se rencontrer.\u201d  On esp\u00e8re vous y voir, \u00e0 tr\u00e8s vite ! &#x2600;&#xfe0f;\" \/>\n<meta property=\"og:url\" content=\"https:\/\/empow-her.com\/en\/produit\/special-event-linkelles-organise-sa-soiree-networking\/\" \/>\n<meta property=\"og:site_name\" content=\"Empow&#039;Her\" \/>\n<meta property=\"og:image\" content=\"https:\/\/empow-her.com\/wp-content\/uploads\/2023\/11\/shetalks-economie-circulaire-11.png\" \/>\n\t<meta property=\"og:image:width\" content=\"1080\" \/>\n\t<meta property=\"og:image:height\" content=\"1080\" \/>\n\t<meta property=\"og:image:type\" content=\"image\/png\" \/>\n<meta name=\"twitter:card\" content=\"summary_large_image\" \/>\n<meta name=\"twitter:label1\" content=\"Tiempo de lectura\" \/>\n\t<meta name=\"twitter:data1\" content=\"2 minutos\" \/>\n<script type=\"application\/ld+json\" class=\"yoast-schema-graph\">{\"@context\":\"https:\/\/schema.org\",\"@graph\":[{\"@type\":\"WebPage\",\"@id\":\"https:\/\/empow-her.com\/en\/produit\/special-event-linkelles-organise-sa-soiree-networking\/\",\"url\":\"https:\/\/empow-her.com\/en\/produit\/special-event-linkelles-organise-sa-soiree-networking\/\",\"name\":\"Special event - Link'Elles organise sa soir\u00e9e networking ! - Empow&#039;Her\",\"isPartOf\":{\"@id\":\"https:\/\/empow-her.com\/#website\"},\"primaryImageOfPage\":{\"@id\":\"https:\/\/empow-her.com\/en\/produit\/special-event-linkelles-organise-sa-soiree-networking\/#primaryimage\"},\"image\":{\"@id\":\"https:\/\/empow-her.com\/en\/produit\/special-event-linkelles-organise-sa-soiree-networking\/#primaryimage\"},\"thumbnailUrl\":\"https:\/\/empow-her.com\/wp-content\/uploads\/2023\/11\/shetalks-economie-circulaire-11.png\",\"datePublished\":\"2023-11-20T10:24:26+00:00\",\"breadcrumb\":{\"@id\":\"https:\/\/empow-her.com\/en\/produit\/special-event-linkelles-organise-sa-soiree-networking\/#breadcrumb\"},\"inLanguage\":\"es\",\"potentialAction\":[{\"@type\":\"ReadAction\",\"target\":[\"https:\/\/empow-her.com\/en\/produit\/special-event-linkelles-organise-sa-soiree-networking\/\"]}]},{\"@type\":\"ImageObject\",\"inLanguage\":\"es\",\"@id\":\"https:\/\/empow-her.com\/en\/produit\/special-event-linkelles-organise-sa-soiree-networking\/#primaryimage\",\"url\":\"https:\/\/empow-her.com\/wp-content\/uploads\/2023\/11\/shetalks-economie-circulaire-11.png\",\"contentUrl\":\"https:\/\/empow-her.com\/wp-content\/uploads\/2023\/11\/shetalks-economie-circulaire-11.png\",\"width\":1080,\"height\":1080},{\"@type\":\"BreadcrumbList\",\"@id\":\"https:\/\/empow-her.com\/en\/produit\/special-event-linkelles-organise-sa-soiree-networking\/#breadcrumb\",\"itemListElement\":[{\"@type\":\"ListItem\",\"position\":1,\"name\":\"Accueil\",\"item\":\"https:\/\/empow-her.com\/es\/inicio\/\"},{\"@type\":\"ListItem\",\"position\":2,\"name\":\"LA BOUTIQUE\",\"item\":\"https:\/\/empow-her.com\/boutique\/\"},{\"@type\":\"ListItem\",\"position\":3,\"name\":\"Special event &#8211; Link&#8217;Elles organise sa soir\u00e9e networking !\"}]},{\"@type\":\"WebSite\",\"@id\":\"https:\/\/empow-her.com\/#website\",\"url\":\"https:\/\/empow-her.com\/\",\"name\":\"Empow&#039;Her\",\"description\":\"Women Development\",\"potentialAction\":[{\"@type\":\"SearchAction\",\"target\":{\"@type\":\"EntryPoint\",\"urlTemplate\":\"https:\/\/empow-her.com\/?s={search_term_string}\"},\"query-input\":{\"@type\":\"PropertyValueSpecification\",\"valueRequired\":true,\"valueName\":\"search_term_string\"}}],\"inLanguage\":\"es\"}]}<\/script>\n<!-- \/ Yoast SEO plugin. -->","yoast_head_json":{"title":"Special event - Link'Elles organise sa soir\u00e9e networking ! - Empow&#039;Her","robots":{"index":"index","follow":"follow","max-snippet":"max-snippet:-1","max-image-preview":"max-image-preview:large","max-video-preview":"max-video-preview:-1"},"canonical":"https:\/\/empow-her.com\/en\/produit\/special-event-linkelles-organise-sa-soiree-networking\/","og_locale":"es_ES","og_type":"article","og_title":"Special event - Link'Elles organise sa soir\u00e9e networking ! - Empow&#039;Her","og_description":"Link\u2019Elles vous convie mardi 12 decembre de 17h30 \u00e0 20h30 chez Sist'Her pour finir l\u2019ann\u00e9e \u00e0 ses cot\u00e9s lors d'une soir\u00e9e networking ! &#x26a1;&#xfe0f; C'est l'un de leur format favoris, cr\u00e9ateur d\u2019opportunit\u00e9s pour rencontrer de nouvelles personnes aux profils uniques. Venez \u00e0 cette soir\u00e9e networking conviviale o\u00f9 vous pourrez faire connaissance et cr\u00e9er de nouvelles synergies professionnelles avec une th\u00e9matique autour de la banalisation de l\u2019argent. Vous pourrez parler de la valorisation et la tarification du travail, de la p\u00eache aux subventions, des investissements et autres lev\u00e9es de fonds. &#x1f440; Link'Elles c'est qui, c'est quoi ? L\u2019association oeuvre pour la mise en avant de l'entrepreneuriat f\u00e9minin, pour une meilleure information des dispositifs pr\u00e9sents et structures accompagnantes, pour offrir le plus d'opportunit\u00e9 aux porteuses de projet et permettre aux entrepreneures de d\u00e9velopper leur r\u00e9seau et accroitre leur repr\u00e9sentation dans tous les secteurs d'activit\u00e9, \u00e0 travers des contenu informatif et des \u00e9v\u00e9nements (ateliers, masterclass et soir\u00e9es professionnelles). Link'Elles souhaite finir l\u2019ann\u00e9e en beaut\u00e9 \u00e0 l\u2019occasion d'une soir\u00e9e networking, l\u2019un de leur format pr\u00e9f\u00e9r\u00e9 o\u00f9 vous pourrez les d\u00e9couvrir, partager vos exp\u00e9riences et \u00e9changer sur vos projets professionnels.  &nbsp;  &#x1f449; Au programme de ce mardi 12 d\u00e9cembre : Table ronde sur la th\u00e9matique \u00ab R\u00e9p\u00e8te apr\u00e8s moi : non l\u2019argent n\u2019est pas un gros mot \u00bb, suivi d\u2019une session questions-r\u00e9ponses entre les intervenantes et les participant.es.  Avec : - Val\u00e9rie Guitard (Conseill\u00e8re Adie) - Rim Abdelqarim (Responsable des programmes Start\u2019Her et Boost\u2019Her chez France Active Metropole 92) - Morgane Dion (CEO de Plan Cash) - Nina Baka (Consultante en gestion de finances personnelles) - Lucile Mazou\u00e9 (Avocate en droit des affaires).  &nbsp;  Infos pratiques :\u00a0 &#x1f4c6; Mardi 12 decembre &#x23f3; De 17h30 \u00e0 20h30 &#x1f516; R\u00e9servation gratuite obligatoire  &#x1f4cd; Chez Sist\u2019Her : 82 rue du Faubourg Saint-Martin 75010 Paris Ouvert en mars 2021, Sist\u2019Her est le premier tiers-lieu sorore, d\u00e9di\u00e9 aux entrepreneuses et \u00e0 l\u2019impact en \u00cele-de-France. Port\u00e9 par l\u2019association Empow\u2019Her, c\u2019est un lieu de formations et de rencontres inclusif et collaboratif, ouvert \u00e0 tou\u00b7te\u00b7s o\u00f9 il est possible de se former, s\u2019inspirer, s\u2019engager et se rencontrer.\u201d  On esp\u00e8re vous y voir, \u00e0 tr\u00e8s vite ! &#x2600;&#xfe0f;","og_url":"https:\/\/empow-her.com\/en\/produit\/special-event-linkelles-organise-sa-soiree-networking\/","og_site_name":"Empow&#039;Her","og_image":[{"width":1080,"height":1080,"url":"https:\/\/empow-her.com\/wp-content\/uploads\/2023\/11\/shetalks-economie-circulaire-11.png","type":"image\/png"}],"twitter_card":"summary_large_image","twitter_misc":{"Tiempo de lectura":"2 minutos"},"schema":{"@context":"https:\/\/schema.org","@graph":[{"@type":"WebPage","@id":"https:\/\/empow-her.com\/en\/produit\/special-event-linkelles-organise-sa-soiree-networking\/","url":"https:\/\/empow-her.com\/en\/produit\/special-event-linkelles-organise-sa-soiree-networking\/","name":"Special event - Link'Elles organise sa soir\u00e9e networking ! - Empow&#039;Her","isPartOf":{"@id":"https:\/\/empow-her.com\/#website"},"primaryImageOfPage":{"@id":"https:\/\/empow-her.com\/en\/produit\/special-event-linkelles-organise-sa-soiree-networking\/#primaryimage"},"image":{"@id":"https:\/\/empow-her.com\/en\/produit\/special-event-linkelles-organise-sa-soiree-networking\/#primaryimage"},"thumbnailUrl":"https:\/\/empow-her.com\/wp-content\/uploads\/2023\/11\/shetalks-economie-circulaire-11.png","datePublished":"2023-11-20T10:24:26+00:00","breadcrumb":{"@id":"https:\/\/empow-her.com\/en\/produit\/special-event-linkelles-organise-sa-soiree-networking\/#breadcrumb"},"inLanguage":"es","potentialAction":[{"@type":"ReadAction","target":["https:\/\/empow-her.com\/en\/produit\/special-event-linkelles-organise-sa-soiree-networking\/"]}]},{"@type":"ImageObject","inLanguage":"es","@id":"https:\/\/empow-her.com\/en\/produit\/special-event-linkelles-organise-sa-soiree-networking\/#primaryimage","url":"https:\/\/empow-her.com\/wp-content\/uploads\/2023\/11\/shetalks-economie-circulaire-11.png","contentUrl":"https:\/\/empow-her.com\/wp-content\/uploads\/2023\/11\/shetalks-economie-circulaire-11.png","width":1080,"height":1080},{"@type":"BreadcrumbList","@id":"https:\/\/empow-her.com\/en\/produit\/special-event-linkelles-organise-sa-soiree-networking\/#breadcrumb","itemListElement":[{"@type":"ListItem","position":1,"name":"Accueil","item":"https:\/\/empow-her.com\/es\/inicio\/"},{"@type":"ListItem","position":2,"name":"LA BOUTIQUE","item":"https:\/\/empow-her.com\/boutique\/"},{"@type":"ListItem","position":3,"name":"Special event &#8211; Link&#8217;Elles organise sa soir\u00e9e networking !"}]},{"@type":"WebSite","@id":"https:\/\/empow-her.com\/#website","url":"https:\/\/empow-her.com\/","name":"Empow&#039;Her","description":"Women Development","potentialAction":[{"@type":"SearchAction","target":{"@type":"EntryPoint","urlTemplate":"https:\/\/empow-her.com\/?s={search_term_string}"},"query-input":{"@type":"PropertyValueSpecification","valueRequired":true,"valueName":"search_term_string"}}],"inLanguage":"es"}]}},"_links":{"self":[{"href":"https:\/\/empow-her.com\/es\/wp-json\/wp\/v2\/product\/221016","targetHints":{"allow":["GET"]}}],"collection":[{"href":"https:\/\/empow-her.com\/es\/wp-json\/wp\/v2\/product"}],"about":[{"href":"https:\/\/empow-her.com\/es\/wp-json\/wp\/v2\/types\/product"}],"wp:featuredmedia":[{"embeddable":true,"href":"https:\/\/empow-her.com\/es\/wp-json\/wp\/v2\/media\/221025"}],"wp:attachment":[{"href":"https:\/\/empow-her.com\/es\/wp-json\/wp\/v2\/media?parent=221016"}],"wp:term":[{"taxonomy":"product_brand","embeddable":true,"href":"https:\/\/empow-her.com\/es\/wp-json\/wp\/v2\/product_brand?post=221016"},{"taxonomy":"product_cat","embeddable":true,"href":"https:\/\/empow-her.com\/es\/wp-json\/wp\/v2\/product_cat?post=221016"},{"taxonomy":"product_tag","embeddable":true,"href":"https:\/\/empow-her.com\/es\/wp-json\/wp\/v2\/product_tag?post=221016"},{"taxonomy":"lieu","embeddable":true,"href":"https:\/\/empow-her.com\/es\/wp-json\/wp\/v2\/lieu?post=221016"},{"taxonomy":"thematiques","embeddable":true,"href":"https:\/\/empow-her.com\/es\/wp-json\/wp\/v2\/thematiques?post=221016"}],"curies":[{"name":"wp","href":"https:\/\/api.w.org\/{rel}","templated":true}]}}