{"id":217866,"date":"2023-11-09T15:51:21","date_gmt":"2023-11-09T14:51:21","guid":{"rendered":"https:\/\/empow-her.com\/?post_type=product&#038;p=217866"},"modified":"2023-11-10T18:25:24","modified_gmt":"2023-11-10T17:25:24","slug":"business-model-construire-son-offre-tester-son-prix-12","status":"publish","type":"product","link":"https:\/\/empow-her.com\/es\/produit\/business-model-construire-son-offre-tester-son-prix-12\/","title":{"rendered":"Business model : construire son offre, tester son prix"},"content":{"rendered":"<p><span data-sheets-value=\"{&quot;1&quot;:2,&quot;2&quot;:&quot;Besoin : nVous avez \u00e9bauch\u00e9 une offre (\u00e0 partir d'un produit ou service) et vous avez des questions sans r\u00e9ponse : est-ce que la proposition de valeur est pertinente ? comment approfondir l'\u00e9tude de march\u00e9 et tester l'offre ? Quels sont les bons canaux pour toucher vos cibles ? Quel prix fixer pour votre offre ? Comment la diffuser et la vendre au mieux ?nnPr\u00e9cisons ensemble et challengeons votre mod\u00e8le \u00e9conomique pour faire progresser votre projet. En une heure, nous travaillerons ensemble sur quelques raisonnements et outils simples pour r\u00e9pondre \u00e0 vos questions concernant la mod\u00e9lisation \u00e9conomique, en lien avec la raison d'\u00eatre et la vision de votre projet. nVous ressortirez de cet accompagnement avec des pistes pour d\u00e9velopper votre activit\u00e9 tout en ayant une bonne ma\u00eetrise des logiques \u00e9conomiques, ou avec une feuille de route pr\u00eate \u00e0 l'emploi, selon votre besoin.nnNB : Cette permanence est particuli\u00e8rement adapt\u00e9e si vous avez particip\u00e9 en amont aux ateliers &quot;Mod\u00e9liser, prototyper et tester son offre&quot; et\/ou &quot;Mod\u00e8le \u00e9conomique et viabilit\u00e9&quot;.nnAvant la session, n'h\u00e9sitez pas \u00e0 envoyer vos questions pr\u00e9cises (si vous en avez), ou tout autre document utile \u00e0 l'\u00e9quipe d'accompagnement Empow'Her, qui pourra les transmettre \u00e0 l'\u00e9quipe de plus1 pour pr\u00e9parer au mieux votre \u00e9change ! nnLieu : En lignenRendez-vous en ligne, le lien Zoom vous sera envoy\u00e9 dans un second temps.nnAttention ! Veuillez vous pr\u00e9senter \u00e0 l'heure pour que l'activit\u00e9 puisse commencer \u00e0 temps. Si vous avez du retard veuillez pr\u00e9venir l'intervenant.e. Si vous avez plus de 15 min de retard l'intervenant.e se r\u00e9serve le droit de ne plus vous accepter pour le coaching ou l'atelier.&quot;}\" data-sheets-userformat=\"{&quot;2&quot;:4995,&quot;3&quot;:{&quot;1&quot;:0},&quot;4&quot;:{&quot;1&quot;:2,&quot;2&quot;:16773836},&quot;10&quot;:1,&quot;11&quot;:4,&quot;12&quot;:0,&quot;15&quot;:&quot;Hind&quot;}\"><strong>Besoin<\/strong> :<br \/>\nVous avez \u00e9bauch\u00e9 une offre (\u00e0 partir d&#8217;un produit ou service) et vous avez des questions sans r\u00e9ponse : est-ce que la proposition de valeur est pertinente ? Quel prix fixer pour votre offre ? Le projet est-il viable ?<br \/>\n<\/span><\/p>\n<p><strong>Description :\u00a0<\/strong><\/p>\n<p>En une heure, nous travaillerons ensemble sur quelques raisonnements et outils simples pour r\u00e9pondre \u00e0 vos questions concernant la mod\u00e9lisation \u00e9conomique, en lien avec la raison d&#8217;\u00eatre et la vision de votre projet. Vous ressortirez de cet accompagnement avec des pistes pour ajuster votre mod\u00e8le \u00e9conomique, des outils adapt\u00e9s ou une feuille de route pr\u00eate \u00e0 l&#8217;emploi, selon votre besoin.<\/p>\n<p><strong>Intervenant.e :\u00a0 Sophie Pottier <\/strong>de <strong>Plus1<\/strong><\/p>\n<p>Consultante en transition \u00e9cologique, avec un accent particulier sur les mod\u00e8les \u00e9conomiques (nouveaux \/ alternatifs), l&#8217;\u00e9conomie circulaire et la d\u00e9finition de la raison d&#8217;\u00eatre \/ vision \/ mission des projets<\/p>\n<p><strong>Son super pouvoir :<\/strong>Capacit\u00e9 d&#8217;\u00e9coute hors pair \/ Materner ver la sobri\u00e9t\u00e9<\/p>\n<p><strong>Son petit mot :<\/strong>Dare to dare ! Les femmes sont le futur de l&#8217;\u00e9cologie <strong>&#x1f4aa;<\/strong><\/p>\n<p><strong>NB<\/strong> : Cette permanence est particuli\u00e8rement adapt\u00e9e si vous avez particip\u00e9 en amont aux ateliers &#8220;Mod\u00e9liser, prototyper et tester son offre&#8221; et\/ou &#8220;Mod\u00e8le \u00e9conomique et viabilit\u00e9&#8221;.<\/p>\n<p>Avant la session, n&#8217;h\u00e9sitez pas \u00e0 envoyer vos questions pr\u00e9cises (si vous en avez), ou tout autre document utile \u00e0 l&#8217;\u00e9quipe d&#8217;accompagnement Empow&#8217;Her, qui pourra les transmettre \u00e0 l&#8217;\u00e9quipe de plus1 pour pr\u00e9parer au mieux votre \u00e9change !<\/p>\n<p><strong>Attention !<\/strong> Veuillez vous pr\u00e9senter \u00e0 l&#8217;heure pour que l&#8217;activit\u00e9 puisse commencer \u00e0 temps. Si vous avez du retard veuillez pr\u00e9venir l&#8217;intervenant.e. Si vous avez plus de 15 min de retard l&#8217;intervenant.e se r\u00e9serve le droit de ne plus vous accepter pour le coaching ou l&#8217;atelier.<\/p>\n<p>&nbsp;<\/p>\n","protected":false},"excerpt":{"rendered":"<p><span data-sheets-value=\"{&quot;1&quot;:2,&quot;2&quot;:&quot;Besoin : nVous avez \u00e9bauch\u00e9 une offre (\u00e0 partir d'un produit ou service) et vous avez des questions sans r\u00e9ponse : est-ce que la proposition de valeur est pertinente ? comment approfondir l'\u00e9tude de march\u00e9 et tester l'offre ? Quels sont les bons canaux pour toucher vos cibles ? Quel prix fixer pour votre offre ? Comment la diffuser et la vendre au mieux ?nnPr\u00e9cisons ensemble et challengeons votre mod\u00e8le \u00e9conomique pour faire progresser votre projet. En une heure, nous travaillerons ensemble sur quelques raisonnements et outils simples pour r\u00e9pondre \u00e0 vos questions concernant la mod\u00e9lisation \u00e9conomique, en lien avec la raison d'\u00eatre et la vision de votre projet. nVous ressortirez de cet accompagnement avec des pistes pour d\u00e9velopper votre activit\u00e9 tout en ayant une bonne ma\u00eetrise des logiques \u00e9conomiques, ou avec une feuille de route pr\u00eate \u00e0 l'emploi, selon votre besoin.nnNB : Cette permanence est particuli\u00e8rement adapt\u00e9e si vous avez particip\u00e9 en amont aux ateliers &quot;Mod\u00e9liser, prototyper et tester son offre&quot; et\/ou &quot;Mod\u00e8le \u00e9conomique et viabilit\u00e9&quot;.nnAvant la session, n'h\u00e9sitez pas \u00e0 envoyer vos questions pr\u00e9cises (si vous en avez), ou tout autre document utile \u00e0 l'\u00e9quipe d'accompagnement Empow'Her, qui pourra les transmettre \u00e0 l'\u00e9quipe de plus1 pour pr\u00e9parer au mieux votre \u00e9change ! nnLieu : En lignenRendez-vous en ligne, le lien Zoom vous sera envoy\u00e9 dans un second temps.nnAttention ! Veuillez vous pr\u00e9senter \u00e0 l'heure pour que l'activit\u00e9 puisse commencer \u00e0 temps. Si vous avez du retard veuillez pr\u00e9venir l'intervenant.e. Si vous avez plus de 15 min de retard l'intervenant.e se r\u00e9serve le droit de ne plus vous accepter pour le coaching ou l'atelier.&quot;}\" data-sheets-userformat=\"{&quot;2&quot;:4995,&quot;3&quot;:{&quot;1&quot;:0},&quot;4&quot;:{&quot;1&quot;:2,&quot;2&quot;:16773836},&quot;10&quot;:1,&quot;11&quot;:4,&quot;12&quot;:0,&quot;15&quot;:&quot;Hind&quot;}\"><strong>Besoin<\/strong> <strong>:<\/strong><br \/>\nVous avez \u00e9bauch\u00e9 une offre (\u00e0 partir d&#8217;un produit ou service) et vous avez des questions sans r\u00e9ponse : est-ce que la proposition de valeur est pertinente ? Quel prix fixer pour votre offre ? Le projet est-il viable ?<\/span><\/p>\n<p><span data-sheets-value=\"{&quot;1&quot;:2,&quot;2&quot;:&quot;Besoin : nVous avez \u00e9bauch\u00e9 une offre (\u00e0 partir d'un produit ou service) et vous avez des questions sans r\u00e9ponse : est-ce que la proposition de valeur est pertinente ? comment approfondir l'\u00e9tude de march\u00e9 et tester l'offre ? Quels sont les bons canaux pour toucher vos cibles ? Quel prix fixer pour votre offre ? Comment la diffuser et la vendre au mieux ?nnPr\u00e9cisons ensemble et challengeons votre mod\u00e8le \u00e9conomique pour faire progresser votre projet. En une heure, nous travaillerons ensemble sur quelques raisonnements et outils simples pour r\u00e9pondre \u00e0 vos questions concernant la mod\u00e9lisation \u00e9conomique, en lien avec la raison d'\u00eatre et la vision de votre projet. nVous ressortirez de cet accompagnement avec des pistes pour d\u00e9velopper votre activit\u00e9 tout en ayant une bonne ma\u00eetrise des logiques \u00e9conomiques, ou avec une feuille de route pr\u00eate \u00e0 l'emploi, selon votre besoin.nnNB : Cette permanence est particuli\u00e8rement adapt\u00e9e si vous avez particip\u00e9 en amont aux ateliers &quot;Mod\u00e9liser, prototyper et tester son offre&quot; et\/ou &quot;Mod\u00e8le \u00e9conomique et viabilit\u00e9&quot;.nnAvant la session, n'h\u00e9sitez pas \u00e0 envoyer vos questions pr\u00e9cises (si vous en avez), ou tout autre document utile \u00e0 l'\u00e9quipe d'accompagnement Empow'Her, qui pourra les transmettre \u00e0 l'\u00e9quipe de plus1 pour pr\u00e9parer au mieux votre \u00e9change ! nnLieu : En lignenRendez-vous en ligne, le lien Zoom vous sera envoy\u00e9 dans un second temps.nnAttention ! Veuillez vous pr\u00e9senter \u00e0 l'heure pour que l'activit\u00e9 puisse commencer \u00e0 temps. Si vous avez du retard veuillez pr\u00e9venir l'intervenant.e. Si vous avez plus de 15 min de retard l'intervenant.e se r\u00e9serve le droit de ne plus vous accepter pour le coaching ou l'atelier.&quot;}\" data-sheets-userformat=\"{&quot;2&quot;:4995,&quot;3&quot;:{&quot;1&quot;:0},&quot;4&quot;:{&quot;1&quot;:2,&quot;2&quot;:16773836},&quot;10&quot;:1,&quot;11&quot;:4,&quot;12&quot;:0,&quot;15&quot;:&quot;Hind&quot;}\"><strong>Description :\u00a0<\/strong><br \/>\n<\/span>En une heure, nous travaillerons ensemble sur quelques raisonnements et outils simples pour r\u00e9pondre \u00e0 vos questions concernant la mod\u00e9lisation \u00e9conomique, en lien avec la raison d&#8217;\u00eatre et la vision de votre projet. Vous ressortirez de cet accompagnement avec des pistes pour ajuster votre mod\u00e8le \u00e9conomique, des outils adapt\u00e9s ou une feuille de route pr\u00eate \u00e0 l&#8217;emploi, selon votre besoin.<\/p>\n<p><strong>Intervenant.e :\u00a0 Sophie Pottier de<\/strong> <strong>Plus1<\/strong><\/p>\n<p>Consultante en transition \u00e9cologique, avec un accent particulier sur les mod\u00e8les \u00e9conomiques (nouveaux \/ alternatifs), l&#8217;\u00e9conomie circulaire et la d\u00e9finition de la raison d&#8217;\u00eatre \/ vision \/ mission des projets<\/p>\n<p><strong>Son super pouvoir : <\/strong>Capacit\u00e9 d&#8217;\u00e9coute hors pair \/ Materner vers la sobri\u00e9t\u00e9<\/p>\n<p><strong>Son petit mot : <\/strong>Dare to dare ! Les femmes sont le futur de l&#8217;\u00e9cologie <strong>&#x1f4aa;<\/strong><\/p>\n<p><strong>NB<\/strong> <strong>:<\/strong> Cette permanence est particuli\u00e8rement adapt\u00e9e si vous avez particip\u00e9 en amont aux ateliers &#8220;Mod\u00e9liser, prototyper et tester son offre&#8221; et\/ou &#8220;Mod\u00e8le \u00e9conomique et viabilit\u00e9&#8221;.<\/p>\n<p>Avant la session, n&#8217;h\u00e9sitez pas \u00e0 envoyer vos questions pr\u00e9cises (si vous en avez), ou tout autre document utile \u00e0 l&#8217;\u00e9quipe d&#8217;accompagnement Empow&#8217;Her, qui pourra les transmettre \u00e0 l&#8217;\u00e9quipe de plus1 pour pr\u00e9parer au mieux votre \u00e9change !<\/p>\n<p><strong>Attention !<\/strong> Veuillez vous pr\u00e9senter \u00e0 l&#8217;heure pour que l&#8217;activit\u00e9 puisse commencer \u00e0 temps. Si vous avez du retard veuillez pr\u00e9venir l&#8217;intervenant.e. Si vous avez plus de 15 min de retard l&#8217;intervenant.e se r\u00e9serve le droit de ne plus vous accepter pour le coaching ou l&#8217;atelier.<\/p>\n<p>&nbsp;<\/p>\n<p>&nbsp;<\/p>\n","protected":false},"featured_media":217869,"template":"","format":"standard","meta":{"_acf_changed":false,"om_disable_all_campaigns":false,"_uf_show_specific_survey":0,"_uf_disable_surveys":false},"product_brand":[],"product_cat":[121],"product_tag":[],"lieu":[125],"thematiques":[],"class_list":{"0":"post-217866","1":"product","2":"type-product","3":"status-publish","4":"format-standard","5":"has-post-thumbnail","7":"product_cat-coaching","8":"lieu-en-ligne","10":"first","11":"instock","12":"virtual","13":"purchasable","14":"product-type-appointment"},"exclude_global_add_ons":[],"addons":[],"acf":[],"yoast_head":"<!-- This site is optimized with the Yoast SEO plugin v24.8 - https:\/\/yoast.com\/wordpress\/plugins\/seo\/ -->\n<title>Business model : construire son offre, tester son prix - Empow&#039;Her<\/title>\n<meta name=\"robots\" content=\"index, follow, max-snippet:-1, max-image-preview:large, max-video-preview:-1\" \/>\n<link rel=\"canonical\" href=\"https:\/\/empow-her.com\/en\/produit\/business-model-construire-son-offre-tester-son-prix-12\/\" \/>\n<meta property=\"og:locale\" content=\"es_ES\" \/>\n<meta property=\"og:type\" content=\"article\" \/>\n<meta property=\"og:title\" content=\"Business model : construire son offre, tester son prix - Empow&#039;Her\" \/>\n<meta property=\"og:description\" content=\"Besoin : Vous avez \u00e9bauch\u00e9 une offre (\u00e0 partir d&#039;un produit ou service) et vous avez des questions sans r\u00e9ponse : est-ce que la proposition de valeur est pertinente ? Quel prix fixer pour votre offre ? Le projet est-il viable ?  Description :\u00a0 En une heure, nous travaillerons ensemble sur quelques raisonnements et outils simples pour r\u00e9pondre \u00e0 vos questions concernant la mod\u00e9lisation \u00e9conomique, en lien avec la raison d&#039;\u00eatre et la vision de votre projet. Vous ressortirez de cet accompagnement avec des pistes pour ajuster votre mod\u00e8le \u00e9conomique, des outils adapt\u00e9s ou une feuille de route pr\u00eate \u00e0 l&#039;emploi, selon votre besoin.  Intervenant.e :\u00a0 Sophie Pottier de Plus1  Consultante en transition \u00e9cologique, avec un accent particulier sur les mod\u00e8les \u00e9conomiques (nouveaux \/ alternatifs), l&#039;\u00e9conomie circulaire et la d\u00e9finition de la raison d&#039;\u00eatre \/ vision \/ mission des projets  Son super pouvoir : Capacit\u00e9 d&#039;\u00e9coute hors pair \/ Materner vers la sobri\u00e9t\u00e9  Son petit mot : Dare to dare ! Les femmes sont le futur de l&#039;\u00e9cologie &#x1f4aa;  NB : Cette permanence est particuli\u00e8rement adapt\u00e9e si vous avez particip\u00e9 en amont aux ateliers &quot;Mod\u00e9liser, prototyper et tester son offre&quot; et\/ou &quot;Mod\u00e8le \u00e9conomique et viabilit\u00e9&quot;.  Avant la session, n&#039;h\u00e9sitez pas \u00e0 envoyer vos questions pr\u00e9cises (si vous en avez), ou tout autre document utile \u00e0 l&#039;\u00e9quipe d&#039;accompagnement Empow&#039;Her, qui pourra les transmettre \u00e0 l&#039;\u00e9quipe de plus1 pour pr\u00e9parer au mieux votre \u00e9change !  Attention ! Veuillez vous pr\u00e9senter \u00e0 l&#039;heure pour que l&#039;activit\u00e9 puisse commencer \u00e0 temps. Si vous avez du retard veuillez pr\u00e9venir l&#039;intervenant.e. Si vous avez plus de 15 min de retard l&#039;intervenant.e se r\u00e9serve le droit de ne plus vous accepter pour le coaching ou l&#039;atelier.  &nbsp;  &nbsp;\" \/>\n<meta property=\"og:url\" content=\"https:\/\/empow-her.com\/en\/produit\/business-model-construire-son-offre-tester-son-prix-12\/\" \/>\n<meta property=\"og:site_name\" content=\"Empow&#039;Her\" \/>\n<meta property=\"article:modified_time\" content=\"2023-11-10T17:25:24+00:00\" \/>\n<meta property=\"og:image\" content=\"https:\/\/empow-her.com\/wp-content\/uploads\/2023\/11\/Women-Dare-templates-events-14.png\" \/>\n\t<meta property=\"og:image:width\" content=\"1080\" \/>\n\t<meta property=\"og:image:height\" content=\"1080\" \/>\n\t<meta property=\"og:image:type\" content=\"image\/png\" \/>\n<meta name=\"twitter:card\" content=\"summary_large_image\" \/>\n<meta name=\"twitter:label1\" content=\"Tiempo de lectura\" \/>\n\t<meta name=\"twitter:data1\" content=\"2 minutos\" \/>\n<script type=\"application\/ld+json\" class=\"yoast-schema-graph\">{\"@context\":\"https:\/\/schema.org\",\"@graph\":[{\"@type\":\"WebPage\",\"@id\":\"https:\/\/empow-her.com\/en\/produit\/business-model-construire-son-offre-tester-son-prix-12\/\",\"url\":\"https:\/\/empow-her.com\/en\/produit\/business-model-construire-son-offre-tester-son-prix-12\/\",\"name\":\"Business model : construire son offre, tester son prix - Empow&#039;Her\",\"isPartOf\":{\"@id\":\"https:\/\/empow-her.com\/#website\"},\"primaryImageOfPage\":{\"@id\":\"https:\/\/empow-her.com\/en\/produit\/business-model-construire-son-offre-tester-son-prix-12\/#primaryimage\"},\"image\":{\"@id\":\"https:\/\/empow-her.com\/en\/produit\/business-model-construire-son-offre-tester-son-prix-12\/#primaryimage\"},\"thumbnailUrl\":\"https:\/\/empow-her.com\/wp-content\/uploads\/2023\/11\/Women-Dare-templates-events-14.png\",\"datePublished\":\"2023-11-09T14:51:21+00:00\",\"dateModified\":\"2023-11-10T17:25:24+00:00\",\"breadcrumb\":{\"@id\":\"https:\/\/empow-her.com\/en\/produit\/business-model-construire-son-offre-tester-son-prix-12\/#breadcrumb\"},\"inLanguage\":\"es\",\"potentialAction\":[{\"@type\":\"ReadAction\",\"target\":[\"https:\/\/empow-her.com\/en\/produit\/business-model-construire-son-offre-tester-son-prix-12\/\"]}]},{\"@type\":\"ImageObject\",\"inLanguage\":\"es\",\"@id\":\"https:\/\/empow-her.com\/en\/produit\/business-model-construire-son-offre-tester-son-prix-12\/#primaryimage\",\"url\":\"https:\/\/empow-her.com\/wp-content\/uploads\/2023\/11\/Women-Dare-templates-events-14.png\",\"contentUrl\":\"https:\/\/empow-her.com\/wp-content\/uploads\/2023\/11\/Women-Dare-templates-events-14.png\",\"width\":1080,\"height\":1080},{\"@type\":\"BreadcrumbList\",\"@id\":\"https:\/\/empow-her.com\/en\/produit\/business-model-construire-son-offre-tester-son-prix-12\/#breadcrumb\",\"itemListElement\":[{\"@type\":\"ListItem\",\"position\":1,\"name\":\"Accueil\",\"item\":\"https:\/\/empow-her.com\/es\/inicio\/\"},{\"@type\":\"ListItem\",\"position\":2,\"name\":\"LA BOUTIQUE\",\"item\":\"https:\/\/empow-her.com\/boutique\/\"},{\"@type\":\"ListItem\",\"position\":3,\"name\":\"Business model : construire son offre, tester son prix\"}]},{\"@type\":\"WebSite\",\"@id\":\"https:\/\/empow-her.com\/#website\",\"url\":\"https:\/\/empow-her.com\/\",\"name\":\"Empow&#039;Her\",\"description\":\"Women Development\",\"potentialAction\":[{\"@type\":\"SearchAction\",\"target\":{\"@type\":\"EntryPoint\",\"urlTemplate\":\"https:\/\/empow-her.com\/?s={search_term_string}\"},\"query-input\":{\"@type\":\"PropertyValueSpecification\",\"valueRequired\":true,\"valueName\":\"search_term_string\"}}],\"inLanguage\":\"es\"}]}<\/script>\n<!-- \/ Yoast SEO plugin. -->","yoast_head_json":{"title":"Business model : construire son offre, tester son prix - Empow&#039;Her","robots":{"index":"index","follow":"follow","max-snippet":"max-snippet:-1","max-image-preview":"max-image-preview:large","max-video-preview":"max-video-preview:-1"},"canonical":"https:\/\/empow-her.com\/en\/produit\/business-model-construire-son-offre-tester-son-prix-12\/","og_locale":"es_ES","og_type":"article","og_title":"Business model : construire son offre, tester son prix - Empow&#039;Her","og_description":"Besoin : Vous avez \u00e9bauch\u00e9 une offre (\u00e0 partir d'un produit ou service) et vous avez des questions sans r\u00e9ponse : est-ce que la proposition de valeur est pertinente ? Quel prix fixer pour votre offre ? Le projet est-il viable ?  Description :\u00a0 En une heure, nous travaillerons ensemble sur quelques raisonnements et outils simples pour r\u00e9pondre \u00e0 vos questions concernant la mod\u00e9lisation \u00e9conomique, en lien avec la raison d'\u00eatre et la vision de votre projet. Vous ressortirez de cet accompagnement avec des pistes pour ajuster votre mod\u00e8le \u00e9conomique, des outils adapt\u00e9s ou une feuille de route pr\u00eate \u00e0 l'emploi, selon votre besoin.  Intervenant.e :\u00a0 Sophie Pottier de Plus1  Consultante en transition \u00e9cologique, avec un accent particulier sur les mod\u00e8les \u00e9conomiques (nouveaux \/ alternatifs), l'\u00e9conomie circulaire et la d\u00e9finition de la raison d'\u00eatre \/ vision \/ mission des projets  Son super pouvoir : Capacit\u00e9 d'\u00e9coute hors pair \/ Materner vers la sobri\u00e9t\u00e9  Son petit mot : Dare to dare ! Les femmes sont le futur de l'\u00e9cologie &#x1f4aa;  NB : Cette permanence est particuli\u00e8rement adapt\u00e9e si vous avez particip\u00e9 en amont aux ateliers \"Mod\u00e9liser, prototyper et tester son offre\" et\/ou \"Mod\u00e8le \u00e9conomique et viabilit\u00e9\".  Avant la session, n'h\u00e9sitez pas \u00e0 envoyer vos questions pr\u00e9cises (si vous en avez), ou tout autre document utile \u00e0 l'\u00e9quipe d'accompagnement Empow'Her, qui pourra les transmettre \u00e0 l'\u00e9quipe de plus1 pour pr\u00e9parer au mieux votre \u00e9change !  Attention ! Veuillez vous pr\u00e9senter \u00e0 l'heure pour que l'activit\u00e9 puisse commencer \u00e0 temps. Si vous avez du retard veuillez pr\u00e9venir l'intervenant.e. Si vous avez plus de 15 min de retard l'intervenant.e se r\u00e9serve le droit de ne plus vous accepter pour le coaching ou l'atelier.  &nbsp;  &nbsp;","og_url":"https:\/\/empow-her.com\/en\/produit\/business-model-construire-son-offre-tester-son-prix-12\/","og_site_name":"Empow&#039;Her","article_modified_time":"2023-11-10T17:25:24+00:00","og_image":[{"width":1080,"height":1080,"url":"https:\/\/empow-her.com\/wp-content\/uploads\/2023\/11\/Women-Dare-templates-events-14.png","type":"image\/png"}],"twitter_card":"summary_large_image","twitter_misc":{"Tiempo de lectura":"2 minutos"},"schema":{"@context":"https:\/\/schema.org","@graph":[{"@type":"WebPage","@id":"https:\/\/empow-her.com\/en\/produit\/business-model-construire-son-offre-tester-son-prix-12\/","url":"https:\/\/empow-her.com\/en\/produit\/business-model-construire-son-offre-tester-son-prix-12\/","name":"Business model : construire son offre, tester son prix - Empow&#039;Her","isPartOf":{"@id":"https:\/\/empow-her.com\/#website"},"primaryImageOfPage":{"@id":"https:\/\/empow-her.com\/en\/produit\/business-model-construire-son-offre-tester-son-prix-12\/#primaryimage"},"image":{"@id":"https:\/\/empow-her.com\/en\/produit\/business-model-construire-son-offre-tester-son-prix-12\/#primaryimage"},"thumbnailUrl":"https:\/\/empow-her.com\/wp-content\/uploads\/2023\/11\/Women-Dare-templates-events-14.png","datePublished":"2023-11-09T14:51:21+00:00","dateModified":"2023-11-10T17:25:24+00:00","breadcrumb":{"@id":"https:\/\/empow-her.com\/en\/produit\/business-model-construire-son-offre-tester-son-prix-12\/#breadcrumb"},"inLanguage":"es","potentialAction":[{"@type":"ReadAction","target":["https:\/\/empow-her.com\/en\/produit\/business-model-construire-son-offre-tester-son-prix-12\/"]}]},{"@type":"ImageObject","inLanguage":"es","@id":"https:\/\/empow-her.com\/en\/produit\/business-model-construire-son-offre-tester-son-prix-12\/#primaryimage","url":"https:\/\/empow-her.com\/wp-content\/uploads\/2023\/11\/Women-Dare-templates-events-14.png","contentUrl":"https:\/\/empow-her.com\/wp-content\/uploads\/2023\/11\/Women-Dare-templates-events-14.png","width":1080,"height":1080},{"@type":"BreadcrumbList","@id":"https:\/\/empow-her.com\/en\/produit\/business-model-construire-son-offre-tester-son-prix-12\/#breadcrumb","itemListElement":[{"@type":"ListItem","position":1,"name":"Accueil","item":"https:\/\/empow-her.com\/es\/inicio\/"},{"@type":"ListItem","position":2,"name":"LA BOUTIQUE","item":"https:\/\/empow-her.com\/boutique\/"},{"@type":"ListItem","position":3,"name":"Business model : construire son offre, tester son prix"}]},{"@type":"WebSite","@id":"https:\/\/empow-her.com\/#website","url":"https:\/\/empow-her.com\/","name":"Empow&#039;Her","description":"Women Development","potentialAction":[{"@type":"SearchAction","target":{"@type":"EntryPoint","urlTemplate":"https:\/\/empow-her.com\/?s={search_term_string}"},"query-input":{"@type":"PropertyValueSpecification","valueRequired":true,"valueName":"search_term_string"}}],"inLanguage":"es"}]}},"_links":{"self":[{"href":"https:\/\/empow-her.com\/es\/wp-json\/wp\/v2\/product\/217866","targetHints":{"allow":["GET"]}}],"collection":[{"href":"https:\/\/empow-her.com\/es\/wp-json\/wp\/v2\/product"}],"about":[{"href":"https:\/\/empow-her.com\/es\/wp-json\/wp\/v2\/types\/product"}],"wp:featuredmedia":[{"embeddable":true,"href":"https:\/\/empow-her.com\/es\/wp-json\/wp\/v2\/media\/217869"}],"wp:attachment":[{"href":"https:\/\/empow-her.com\/es\/wp-json\/wp\/v2\/media?parent=217866"}],"wp:term":[{"taxonomy":"product_brand","embeddable":true,"href":"https:\/\/empow-her.com\/es\/wp-json\/wp\/v2\/product_brand?post=217866"},{"taxonomy":"product_cat","embeddable":true,"href":"https:\/\/empow-her.com\/es\/wp-json\/wp\/v2\/product_cat?post=217866"},{"taxonomy":"product_tag","embeddable":true,"href":"https:\/\/empow-her.com\/es\/wp-json\/wp\/v2\/product_tag?post=217866"},{"taxonomy":"lieu","embeddable":true,"href":"https:\/\/empow-her.com\/es\/wp-json\/wp\/v2\/lieu?post=217866"},{"taxonomy":"thematiques","embeddable":true,"href":"https:\/\/empow-her.com\/es\/wp-json\/wp\/v2\/thematiques?post=217866"}],"curies":[{"name":"wp","href":"https:\/\/api.w.org\/{rel}","templated":true}]}}