{"id":210654,"date":"2023-10-19T12:37:11","date_gmt":"2023-10-19T10:37:11","guid":{"rendered":"https:\/\/empow-her.com\/?post_type=product&#038;p=210654"},"modified":"2023-11-07T13:01:35","modified_gmt":"2023-11-07T12:01:35","slug":"coaching-prospection-digitale-3","status":"publish","type":"product","link":"https:\/\/empow-her.com\/es\/produit\/coaching-prospection-digitale-3\/","title":{"rendered":"Coaching &#8211; Prospection digitale"},"content":{"rendered":"<p><strong>Description :\u00a0<\/strong><\/p>\n<p><strong>Besoins :<\/strong> Vous avez envie de lancer votre prospection via la plateforme linkedin mais vous ne savez pas comment vous y prendre ? Vous souhaitez acc\u00e9l\u00e9rer votre prospection gr\u00e2ce au digital mais avez du mal \u00e0 d\u00e9finir une strat\u00e9gie ?<\/p>\n<p><strong>Objectifs :\u00a0<\/strong>Je suis l\u00e0 pour comprendre vos enjeux et objectifs, identifier ce qui vous a emp\u00each\u00e9 d&#8217;avancer jusqu&#8217;\u00e0 pr\u00e9sent, et construire les bases d&#8217;un plan d&#8217;action. Nous explorerons \u00e9galement les outils \u00e0 votre disposition pour mettre ce plan en \u0153uvre.<\/p>\n<p><strong>Pr\u00e9-requis : <\/strong>Sans pr\u00e9-requis.<\/p>\n<p><strong>Intervenant : Mano Labelle de l&#8217;agence Les Lieux Dits\u00a0<\/strong><\/p>\n<p>Passionn\u00e9 par les causes qui comptent, je coach actuellement un duo de commerciaux chez AgroLeague, o\u00f9 je g\u00e8re notre CRM, impl\u00e9mente des outils de scrapping, des scripts et de l&#8217;IA pour optimiser les op\u00e9rations commerciales. Avant cela, j&#8217;ai pass\u00e9 deux ans chez Fastory, une startup ciblant l&#8217;industrie du divertissement, o\u00f9 j&#8217;ai eu pour mission de cr\u00e9er des opportunit\u00e9s sur le march\u00e9 anglais (UK). Travailler pour une cause qui me tient \u00e0 c\u0153ur, comme l&#8217;agriculture durable, est pour moi plus pr\u00e9cieux que tout l&#8217;or du monde.<\/p>\n<p><strong>Son super pouvoir : <\/strong>Comme un cam\u00e9l\u00e9on, il est naturel pour moi de m&#8217;adapter \u00e0 mon environnement.<\/p>\n<p><strong>Son petit mot : <\/strong>Les chemins difficiles m\u00e8nent souvent \u00e0 de merveilleuses destinations !<\/p>\n<p><span data-sheets-value=\"{&quot;1&quot;:2,&quot;2&quot;:&quot;Attention ! \u00a0Veuillez vous pr\u00e9sentez \u00e0 l'heure pour que l'activit\u00e9 puisse commencer \u00e0 temps. Si vous avez du retard veuillez pr\u00e9venir l'intervenant.e. Si vous avez plus de 15 min de retard l'intervenant.e se r\u00e9serve le droit de plus vous accepter pour le coaching ou l'atelier.\u00a0&quot;}\" data-sheets-userformat=\"{&quot;2&quot;:641,&quot;3&quot;:{&quot;1&quot;:0},&quot;10&quot;:1,&quot;12&quot;:0}\"><strong>Attention !<\/strong> \u00a0Veuillez vous pr\u00e9senter \u00e0 l\u2019heure pour que l\u2019activit\u00e9 puisse commencer \u00e0 temps. Si vous avez du retard veuillez pr\u00e9venir l\u2019intervenant.e. Si vous avez plus de 15 min de retard l\u2019intervenant.e se r\u00e9serve le droit de ne plus vous accepter pour le coaching ou l\u2019atelier.\u00a0<\/span><\/p>\n<p>&nbsp;<\/p>\n","protected":false},"excerpt":{"rendered":"<p><strong>Description :\u00a0<\/strong><\/p>\n<p><strong>Besoins :<\/strong> Vous avez envie de lancer votre prospection via la plateforme linkedin mais vous ne savez pas comment vous y prendre ? Vous souhaitez acc\u00e9l\u00e9rer votre prospection gr\u00e2ce au digital mais avez du mal \u00e0 d\u00e9finir une strat\u00e9gie ?<\/p>\n<p><strong>Objectifs :\u00a0<\/strong>Je suis l\u00e0 pour comprendre vos enjeux et objectifs, identifier ce qui vous a emp\u00each\u00e9 d&#8217;avancer jusqu&#8217;\u00e0 pr\u00e9sent, et construire les bases d&#8217;un plan d&#8217;action. Nous explorerons \u00e9galement les outils \u00e0 votre disposition pour mettre ce plan en \u0153uvre.<\/p>\n<p><strong>Pr\u00e9-requis : <\/strong>Sans pr\u00e9-requis.<\/p>\n<p><strong>Intervenant : Mano Labelle de l&#8217;agence Les Lieux Dits\u00a0<\/strong><\/p>\n<p>Passionn\u00e9 par les causes qui comptent, je coach actuellement un duo de commerciaux chez AgroLeague, o\u00f9 je g\u00e8re notre CRM, impl\u00e9mente des outils de scrapping, des scripts et de l&#8217;IA pour optimiser les op\u00e9rations commerciales. Avant cela, j&#8217;ai pass\u00e9 deux ans chez Fastory, une startup ciblant l&#8217;industrie du divertissement, o\u00f9 j&#8217;ai eu pour mission de cr\u00e9er des opportunit\u00e9s sur le march\u00e9 anglais (UK). Travailler pour une cause qui me tient \u00e0 c\u0153ur, comme l&#8217;agriculture durable, est pour moi plus pr\u00e9cieux que tout l&#8217;or du monde.<\/p>\n<p><strong>Son super pouvoir : <\/strong>Comme un cam\u00e9l\u00e9on, il est naturel pour moi de m&#8217;adapter \u00e0 mon environnement.<\/p>\n<p><strong>Son petit mot : <\/strong>Les chemins difficiles m\u00e8nent souvent \u00e0 de merveilleuses destinations !<\/p>\n<p><span data-sheets-value=\"{&quot;1&quot;:2,&quot;2&quot;:&quot;Attention ! \u00a0Veuillez vous pr\u00e9sentez \u00e0 l'heure pour que l'activit\u00e9 puisse commencer \u00e0 temps. Si vous avez du retard veuillez pr\u00e9venir l'intervenant.e. Si vous avez plus de 15 min de retard l'intervenant.e se r\u00e9serve le droit de plus vous accepter pour le coaching ou l'atelier.\u00a0&quot;}\" data-sheets-userformat=\"{&quot;2&quot;:641,&quot;3&quot;:{&quot;1&quot;:0},&quot;10&quot;:1,&quot;12&quot;:0}\"><strong>Attention !<\/strong> \u00a0Veuillez vous pr\u00e9senter \u00e0 l\u2019heure pour que l\u2019activit\u00e9 puisse commencer \u00e0 temps. Si vous avez du retard veuillez pr\u00e9venir l\u2019intervenant.e. Si vous avez plus de 15 min de retard l\u2019intervenant.e se r\u00e9serve le droit de ne plus vous accepter pour le coaching ou l\u2019atelier.\u00a0<\/span><\/p>\n<p>&nbsp;<\/p>\n","protected":false},"featured_media":210664,"template":"","format":"standard","meta":{"_acf_changed":false,"om_disable_all_campaigns":false,"_uf_show_specific_survey":0,"_uf_disable_surveys":false},"product_brand":[],"product_cat":[121],"product_tag":[],"lieu":[125],"thematiques":[],"class_list":{"0":"post-210654","1":"product","2":"type-product","3":"status-publish","4":"format-standard","5":"has-post-thumbnail","7":"product_cat-coaching","8":"lieu-en-ligne","10":"first","11":"instock","12":"virtual","13":"purchasable","14":"product-type-appointment"},"exclude_global_add_ons":[],"addons":[],"acf":[],"yoast_head":"<!-- This site is optimized with the Yoast SEO plugin v24.8 - https:\/\/yoast.com\/wordpress\/plugins\/seo\/ -->\n<title>Coaching - Prospection digitale - Empow&#039;Her<\/title>\n<meta name=\"robots\" content=\"index, follow, max-snippet:-1, max-image-preview:large, max-video-preview:-1\" \/>\n<link rel=\"canonical\" href=\"https:\/\/empow-her.com\/produit\/coaching-prospection-digitale-3\/\" \/>\n<meta property=\"og:locale\" content=\"es_ES\" \/>\n<meta property=\"og:type\" content=\"article\" \/>\n<meta property=\"og:title\" content=\"Coaching - Prospection digitale - Empow&#039;Her\" \/>\n<meta property=\"og:description\" content=\"Description :\u00a0  Besoins : Vous avez envie de lancer votre prospection via la plateforme linkedin mais vous ne savez pas comment vous y prendre ? Vous souhaitez acc\u00e9l\u00e9rer votre prospection gr\u00e2ce au digital mais avez du mal \u00e0 d\u00e9finir une strat\u00e9gie ?  Objectifs :\u00a0Je suis l\u00e0 pour comprendre vos enjeux et objectifs, identifier ce qui vous a emp\u00each\u00e9 d&#039;avancer jusqu&#039;\u00e0 pr\u00e9sent, et construire les bases d&#039;un plan d&#039;action. Nous explorerons \u00e9galement les outils \u00e0 votre disposition pour mettre ce plan en \u0153uvre.  Pr\u00e9-requis : Sans pr\u00e9-requis.  Intervenant : Mano Labelle de l&#039;agence Les Lieux Dits\u00a0  Passionn\u00e9 par les causes qui comptent, je coach actuellement un duo de commerciaux chez AgroLeague, o\u00f9 je g\u00e8re notre CRM, impl\u00e9mente des outils de scrapping, des scripts et de l&#039;IA pour optimiser les op\u00e9rations commerciales. Avant cela, j&#039;ai pass\u00e9 deux ans chez Fastory, une startup ciblant l&#039;industrie du divertissement, o\u00f9 j&#039;ai eu pour mission de cr\u00e9er des opportunit\u00e9s sur le march\u00e9 anglais (UK). Travailler pour une cause qui me tient \u00e0 c\u0153ur, comme l&#039;agriculture durable, est pour moi plus pr\u00e9cieux que tout l&#039;or du monde.  Son super pouvoir : Comme un cam\u00e9l\u00e9on, il est naturel pour moi de m&#039;adapter \u00e0 mon environnement.  Son petit mot : Les chemins difficiles m\u00e8nent souvent \u00e0 de merveilleuses destinations !  Attention ! \u00a0Veuillez vous pr\u00e9senter \u00e0 l\u2019heure pour que l\u2019activit\u00e9 puisse commencer \u00e0 temps. Si vous avez du retard veuillez pr\u00e9venir l\u2019intervenant.e. Si vous avez plus de 15 min de retard l\u2019intervenant.e se r\u00e9serve le droit de ne plus vous accepter pour le coaching ou l\u2019atelier.\u00a0  &nbsp;\" \/>\n<meta property=\"og:url\" content=\"https:\/\/empow-her.com\/produit\/coaching-prospection-digitale-3\/\" \/>\n<meta property=\"og:site_name\" content=\"Empow&#039;Her\" \/>\n<meta property=\"article:modified_time\" content=\"2023-11-07T12:01:35+00:00\" \/>\n<meta property=\"og:image\" content=\"https:\/\/empow-her.com\/wp-content\/uploads\/2023\/10\/prospes-dction-digitale.png\" \/>\n\t<meta property=\"og:image:width\" content=\"1080\" \/>\n\t<meta property=\"og:image:height\" content=\"1080\" \/>\n\t<meta property=\"og:image:type\" content=\"image\/png\" \/>\n<meta name=\"twitter:card\" content=\"summary_large_image\" \/>\n<meta name=\"twitter:label1\" content=\"Tiempo de lectura\" \/>\n\t<meta name=\"twitter:data1\" content=\"2 minutos\" \/>\n<script type=\"application\/ld+json\" class=\"yoast-schema-graph\">{\"@context\":\"https:\/\/schema.org\",\"@graph\":[{\"@type\":\"WebPage\",\"@id\":\"https:\/\/empow-her.com\/produit\/coaching-prospection-digitale-3\/\",\"url\":\"https:\/\/empow-her.com\/produit\/coaching-prospection-digitale-3\/\",\"name\":\"Coaching - Prospection digitale - Empow&#039;Her\",\"isPartOf\":{\"@id\":\"https:\/\/empow-her.com\/#website\"},\"primaryImageOfPage\":{\"@id\":\"https:\/\/empow-her.com\/produit\/coaching-prospection-digitale-3\/#primaryimage\"},\"image\":{\"@id\":\"https:\/\/empow-her.com\/produit\/coaching-prospection-digitale-3\/#primaryimage\"},\"thumbnailUrl\":\"https:\/\/empow-her.com\/wp-content\/uploads\/2023\/10\/prospes-dction-digitale.png\",\"datePublished\":\"2023-10-19T10:37:11+00:00\",\"dateModified\":\"2023-11-07T12:01:35+00:00\",\"breadcrumb\":{\"@id\":\"https:\/\/empow-her.com\/produit\/coaching-prospection-digitale-3\/#breadcrumb\"},\"inLanguage\":\"es\",\"potentialAction\":[{\"@type\":\"ReadAction\",\"target\":[\"https:\/\/empow-her.com\/produit\/coaching-prospection-digitale-3\/\"]}]},{\"@type\":\"ImageObject\",\"inLanguage\":\"es\",\"@id\":\"https:\/\/empow-her.com\/produit\/coaching-prospection-digitale-3\/#primaryimage\",\"url\":\"https:\/\/empow-her.com\/wp-content\/uploads\/2023\/10\/prospes-dction-digitale.png\",\"contentUrl\":\"https:\/\/empow-her.com\/wp-content\/uploads\/2023\/10\/prospes-dction-digitale.png\",\"width\":1080,\"height\":1080},{\"@type\":\"BreadcrumbList\",\"@id\":\"https:\/\/empow-her.com\/produit\/coaching-prospection-digitale-3\/#breadcrumb\",\"itemListElement\":[{\"@type\":\"ListItem\",\"position\":1,\"name\":\"Accueil\",\"item\":\"https:\/\/empow-her.com\/es\/inicio\/\"},{\"@type\":\"ListItem\",\"position\":2,\"name\":\"LA BOUTIQUE\",\"item\":\"https:\/\/empow-her.com\/boutique\/\"},{\"@type\":\"ListItem\",\"position\":3,\"name\":\"Coaching &#8211; Prospection digitale\"}]},{\"@type\":\"WebSite\",\"@id\":\"https:\/\/empow-her.com\/#website\",\"url\":\"https:\/\/empow-her.com\/\",\"name\":\"Empow&#039;Her\",\"description\":\"Women Development\",\"potentialAction\":[{\"@type\":\"SearchAction\",\"target\":{\"@type\":\"EntryPoint\",\"urlTemplate\":\"https:\/\/empow-her.com\/?s={search_term_string}\"},\"query-input\":{\"@type\":\"PropertyValueSpecification\",\"valueRequired\":true,\"valueName\":\"search_term_string\"}}],\"inLanguage\":\"es\"}]}<\/script>\n<!-- \/ Yoast SEO plugin. -->","yoast_head_json":{"title":"Coaching - Prospection digitale - Empow&#039;Her","robots":{"index":"index","follow":"follow","max-snippet":"max-snippet:-1","max-image-preview":"max-image-preview:large","max-video-preview":"max-video-preview:-1"},"canonical":"https:\/\/empow-her.com\/produit\/coaching-prospection-digitale-3\/","og_locale":"es_ES","og_type":"article","og_title":"Coaching - Prospection digitale - Empow&#039;Her","og_description":"Description :\u00a0  Besoins : Vous avez envie de lancer votre prospection via la plateforme linkedin mais vous ne savez pas comment vous y prendre ? Vous souhaitez acc\u00e9l\u00e9rer votre prospection gr\u00e2ce au digital mais avez du mal \u00e0 d\u00e9finir une strat\u00e9gie ?  Objectifs :\u00a0Je suis l\u00e0 pour comprendre vos enjeux et objectifs, identifier ce qui vous a emp\u00each\u00e9 d'avancer jusqu'\u00e0 pr\u00e9sent, et construire les bases d'un plan d'action. Nous explorerons \u00e9galement les outils \u00e0 votre disposition pour mettre ce plan en \u0153uvre.  Pr\u00e9-requis : Sans pr\u00e9-requis.  Intervenant : Mano Labelle de l'agence Les Lieux Dits\u00a0  Passionn\u00e9 par les causes qui comptent, je coach actuellement un duo de commerciaux chez AgroLeague, o\u00f9 je g\u00e8re notre CRM, impl\u00e9mente des outils de scrapping, des scripts et de l'IA pour optimiser les op\u00e9rations commerciales. Avant cela, j'ai pass\u00e9 deux ans chez Fastory, une startup ciblant l'industrie du divertissement, o\u00f9 j'ai eu pour mission de cr\u00e9er des opportunit\u00e9s sur le march\u00e9 anglais (UK). Travailler pour une cause qui me tient \u00e0 c\u0153ur, comme l'agriculture durable, est pour moi plus pr\u00e9cieux que tout l'or du monde.  Son super pouvoir : Comme un cam\u00e9l\u00e9on, il est naturel pour moi de m'adapter \u00e0 mon environnement.  Son petit mot : Les chemins difficiles m\u00e8nent souvent \u00e0 de merveilleuses destinations !  Attention ! \u00a0Veuillez vous pr\u00e9senter \u00e0 l\u2019heure pour que l\u2019activit\u00e9 puisse commencer \u00e0 temps. Si vous avez du retard veuillez pr\u00e9venir l\u2019intervenant.e. Si vous avez plus de 15 min de retard l\u2019intervenant.e se r\u00e9serve le droit de ne plus vous accepter pour le coaching ou l\u2019atelier.\u00a0  &nbsp;","og_url":"https:\/\/empow-her.com\/produit\/coaching-prospection-digitale-3\/","og_site_name":"Empow&#039;Her","article_modified_time":"2023-11-07T12:01:35+00:00","og_image":[{"width":1080,"height":1080,"url":"https:\/\/empow-her.com\/wp-content\/uploads\/2023\/10\/prospes-dction-digitale.png","type":"image\/png"}],"twitter_card":"summary_large_image","twitter_misc":{"Tiempo de lectura":"2 minutos"},"schema":{"@context":"https:\/\/schema.org","@graph":[{"@type":"WebPage","@id":"https:\/\/empow-her.com\/produit\/coaching-prospection-digitale-3\/","url":"https:\/\/empow-her.com\/produit\/coaching-prospection-digitale-3\/","name":"Coaching - Prospection digitale - Empow&#039;Her","isPartOf":{"@id":"https:\/\/empow-her.com\/#website"},"primaryImageOfPage":{"@id":"https:\/\/empow-her.com\/produit\/coaching-prospection-digitale-3\/#primaryimage"},"image":{"@id":"https:\/\/empow-her.com\/produit\/coaching-prospection-digitale-3\/#primaryimage"},"thumbnailUrl":"https:\/\/empow-her.com\/wp-content\/uploads\/2023\/10\/prospes-dction-digitale.png","datePublished":"2023-10-19T10:37:11+00:00","dateModified":"2023-11-07T12:01:35+00:00","breadcrumb":{"@id":"https:\/\/empow-her.com\/produit\/coaching-prospection-digitale-3\/#breadcrumb"},"inLanguage":"es","potentialAction":[{"@type":"ReadAction","target":["https:\/\/empow-her.com\/produit\/coaching-prospection-digitale-3\/"]}]},{"@type":"ImageObject","inLanguage":"es","@id":"https:\/\/empow-her.com\/produit\/coaching-prospection-digitale-3\/#primaryimage","url":"https:\/\/empow-her.com\/wp-content\/uploads\/2023\/10\/prospes-dction-digitale.png","contentUrl":"https:\/\/empow-her.com\/wp-content\/uploads\/2023\/10\/prospes-dction-digitale.png","width":1080,"height":1080},{"@type":"BreadcrumbList","@id":"https:\/\/empow-her.com\/produit\/coaching-prospection-digitale-3\/#breadcrumb","itemListElement":[{"@type":"ListItem","position":1,"name":"Accueil","item":"https:\/\/empow-her.com\/es\/inicio\/"},{"@type":"ListItem","position":2,"name":"LA BOUTIQUE","item":"https:\/\/empow-her.com\/boutique\/"},{"@type":"ListItem","position":3,"name":"Coaching &#8211; Prospection digitale"}]},{"@type":"WebSite","@id":"https:\/\/empow-her.com\/#website","url":"https:\/\/empow-her.com\/","name":"Empow&#039;Her","description":"Women Development","potentialAction":[{"@type":"SearchAction","target":{"@type":"EntryPoint","urlTemplate":"https:\/\/empow-her.com\/?s={search_term_string}"},"query-input":{"@type":"PropertyValueSpecification","valueRequired":true,"valueName":"search_term_string"}}],"inLanguage":"es"}]}},"_links":{"self":[{"href":"https:\/\/empow-her.com\/es\/wp-json\/wp\/v2\/product\/210654","targetHints":{"allow":["GET"]}}],"collection":[{"href":"https:\/\/empow-her.com\/es\/wp-json\/wp\/v2\/product"}],"about":[{"href":"https:\/\/empow-her.com\/es\/wp-json\/wp\/v2\/types\/product"}],"wp:featuredmedia":[{"embeddable":true,"href":"https:\/\/empow-her.com\/es\/wp-json\/wp\/v2\/media\/210664"}],"wp:attachment":[{"href":"https:\/\/empow-her.com\/es\/wp-json\/wp\/v2\/media?parent=210654"}],"wp:term":[{"taxonomy":"product_brand","embeddable":true,"href":"https:\/\/empow-her.com\/es\/wp-json\/wp\/v2\/product_brand?post=210654"},{"taxonomy":"product_cat","embeddable":true,"href":"https:\/\/empow-her.com\/es\/wp-json\/wp\/v2\/product_cat?post=210654"},{"taxonomy":"product_tag","embeddable":true,"href":"https:\/\/empow-her.com\/es\/wp-json\/wp\/v2\/product_tag?post=210654"},{"taxonomy":"lieu","embeddable":true,"href":"https:\/\/empow-her.com\/es\/wp-json\/wp\/v2\/lieu?post=210654"},{"taxonomy":"thematiques","embeddable":true,"href":"https:\/\/empow-her.com\/es\/wp-json\/wp\/v2\/thematiques?post=210654"}],"curies":[{"name":"wp","href":"https:\/\/api.w.org\/{rel}","templated":true}]}}