{"id":210622,"date":"2023-10-19T11:29:59","date_gmt":"2023-10-19T09:29:59","guid":{"rendered":"https:\/\/empow-her.com\/?post_type=product&#038;p=210622"},"modified":"2023-10-19T11:43:05","modified_gmt":"2023-10-19T09:43:05","slug":"coaching-financement-business-plan-21","status":"publish","type":"product","link":"https:\/\/empow-her.com\/es\/produit\/coaching-financement-business-plan-21\/","title":{"rendered":"Coaching &#8211; Financement &#038; Business Plan"},"content":{"rendered":"<p><strong>Besoin<\/strong> <strong>:<\/strong> J&#8217;ai des questions sur comment faire mon BP et concernant les financements que je peux aller chercher !<\/p>\n<p><strong>Description<\/strong> <strong>:<\/strong> Un coaching individuel avec un.e expert.e du financement pour travailler sur pr\u00e9visions, vos besoins de financements ou vous initier aux obligations comptables ! Lors de cet \u00e9change individuel, diff\u00e9rents sujets pourront \u00eatre abord\u00e9s :<\/p>\n<ul>\n<li>Vos pr\u00e9visions budg\u00e9taires et les investissements \u00e0 pr\u00e9voir pour votre projet ;<\/li>\n<li>La r\u00e9daction de votre Business Plan, la construction de votre pr\u00e9visionnel financier ;<\/li>\n<li>L&#8217;identification de solutions de financement adapt\u00e9s pour votre projet ;<\/li>\n<li>Les bases de comptabilit\u00e9 et vos obligations comptables en tant qu&#8217;entrepreneure&#8230;<\/li>\n<\/ul>\n<p>&nbsp;<\/p>\n<p><strong>Pr\u00e9-requis :<\/strong> <span style=\"font-weight: 400;\">Vous b\u00e9n\u00e9ficierez mieux de ce coaching si vous avez des notions de mod\u00e8le \u00e9conomique, mais le coaching est ouvert \u00e0 toutes.<\/span><\/p>\n<p><strong> Intervenant.e.s : <\/strong><\/p>\n<p><strong>J\u00e9r\u00e9my Kadosche de Finetic<\/strong><\/p>\n<p>A travers la conception et la facilitation de contenus p\u00e9dagogiques d\u00e9di\u00e9 aux femmes j&#8217;ouvre des espaces de rencontre et d&#8217;\u00e9changes qui vous font sortir de vos zones de confort dans un cadre accueillant et bienveillant.<\/p>\n<p><strong>Son super pouvoir :<\/strong> Une vue d&#8217;ensemble &#8220;analytique&#8221; des choses<\/p>\n<p><strong>Aya Inane de Finetic<\/strong><\/p>\n<p>Passionn\u00e9e par la finance \u00e0 impact, j&#8217;ai eu des exp\u00e9riences en entreprise et en fonds \u00e0 impact. J&#8217;ai rejoins Finetic pour avoir davantage de proximit\u00e9 avec des porteurs de projets \u00e0 fort potentiel d&#8217;impact en les accompagnant dans la structuration de leurs business plans =)<\/p>\n<p><strong>Son super pouvoir :\u00a0<\/strong>Transforme vos id\u00e9es g\u00e9niales en super business plans<\/p>\n<p><strong>Dur\u00e9e<\/strong>\u00a0<strong>:<\/strong> U<span data-sheets-value=\"{&quot;1&quot;:2,&quot;2&quot;:&quot;Permanence de 4h avec un cr\u00e9neau de 1h par participante (+ 15 minutes entre chaque)&quot;}\" data-sheets-userformat=\"{&quot;2&quot;:7167,&quot;3&quot;:{&quot;1&quot;:0},&quot;4&quot;:{&quot;1&quot;:2,&quot;2&quot;:16777215},&quot;5&quot;:{&quot;1&quot;:[{&quot;1&quot;:2,&quot;2&quot;:0,&quot;5&quot;:{&quot;1&quot;:2,&quot;2&quot;:0}},{&quot;1&quot;:0,&quot;2&quot;:0,&quot;3&quot;:3},{&quot;1&quot;:1,&quot;2&quot;:0,&quot;4&quot;:1}]},&quot;6&quot;:{&quot;1&quot;:[{&quot;1&quot;:2,&quot;2&quot;:0,&quot;5&quot;:{&quot;1&quot;:2,&quot;2&quot;:0}},{&quot;1&quot;:0,&quot;2&quot;:0,&quot;3&quot;:3},{&quot;1&quot;:1,&quot;2&quot;:0,&quot;4&quot;:1}]},&quot;7&quot;:{&quot;1&quot;:[{&quot;1&quot;:2,&quot;2&quot;:0,&quot;5&quot;:{&quot;1&quot;:2,&quot;2&quot;:0}},{&quot;1&quot;:0,&quot;2&quot;:0,&quot;3&quot;:3},{&quot;1&quot;:1,&quot;2&quot;:0,&quot;4&quot;:1}]},&quot;8&quot;:{&quot;1&quot;:[{&quot;1&quot;:2,&quot;2&quot;:0,&quot;5&quot;:{&quot;1&quot;:2,&quot;2&quot;:0}},{&quot;1&quot;:0,&quot;2&quot;:0,&quot;3&quot;:3},{&quot;1&quot;:1,&quot;2&quot;:0,&quot;4&quot;:1}]},&quot;9&quot;:0,&quot;10&quot;:1,&quot;11&quot;:4,&quot;12&quot;:0,&quot;14&quot;:{&quot;1&quot;:2,&quot;2&quot;:0},&quot;15&quot;:&quot;Calibri&quot;}\">n cr\u00e9neau de 1h en individuel<\/span><\/p>\n<p><span data-sheets-value=\"{&quot;1&quot;:2,&quot;2&quot;:&quot;Attention ! \u00a0Veuillez vous pr\u00e9sentez \u00e0 l'heure pour que l'activit\u00e9 puisse commencer \u00e0 temps. Si vous avez du retard veuillez pr\u00e9venir l'intervenant.e. Si vous avez plus de 15 min de retard l'intervenant.e se r\u00e9serve le droit de plus vous accepter pour le coaching ou l'atelier.\u00a0&quot;}\" data-sheets-userformat=\"{&quot;2&quot;:641,&quot;3&quot;:{&quot;1&quot;:0},&quot;10&quot;:1,&quot;12&quot;:0}\"><strong>Attention !<\/strong> \u00a0Veuillez vous pr\u00e9senter \u00e0 l\u2019heure pour que l\u2019activit\u00e9 puisse commencer \u00e0 temps. Si vous avez du retard veuillez pr\u00e9venir l\u2019intervenant.e. Si vous avez plus de 15 min de retard l\u2019intervenant.e se r\u00e9serve le droit de ne plus vous accepter pour le coaching ou l\u2019atelier.\u00a0<\/span><\/p>\n<p>Vous souhaitez vous inscrire \u00e0 ce coaching ? Une fois que vous avez re\u00e7u l\u2019invitation Google Calendrier pour le coaching que vous avez r\u00e9serv\u00e9, envoyez un mail \u00e0 l\u2019experte qui est dans l\u2019invitation avec vous en joignant tous les documents qui lui seraient utiles pour pr\u00e9parer au mieux cette heure.<\/p>\n","protected":false},"excerpt":{"rendered":"<p><strong>Besoin<\/strong> <strong>:<\/strong> J&#8217;ai des questions sur comment faire mon BP et concernant les financements que je peux aller chercher !<\/p>\n<p><strong>Description<\/strong> <strong>:<\/strong> Un coaching individuel avec un.e expert.e du financement pour travailler sur pr\u00e9visions, vos besoins de financements ou vous initier aux obligations comptables ! Lors de cet \u00e9change individuel, diff\u00e9rents sujets pourront \u00eatre abord\u00e9s :<\/p>\n<ul>\n<li>Vos pr\u00e9visions budg\u00e9taires et les investissements \u00e0 pr\u00e9voir pour votre projet ;<\/li>\n<li>La r\u00e9daction de votre Business Plan, la construction de votre pr\u00e9visionnel financier ;<\/li>\n<li>L&#8217;identification de solutions de financement adapt\u00e9s pour votre projet ;<\/li>\n<li>Les bases de comptabilit\u00e9 et vos obligations comptables en tant qu&#8217;entrepreneure&#8230;<\/li>\n<\/ul>\n<p>&nbsp;<\/p>\n<p><strong>Pr\u00e9-requis :<\/strong> <span style=\"font-weight: 400;\">Vous b\u00e9n\u00e9ficierez mieux de ce coaching si vous avez des notions de mod\u00e8le \u00e9conomique, mais le coaching est ouvert \u00e0 toutes.<\/span><\/p>\n<p><strong> Intervenant.e.s : <\/strong><\/p>\n<p><strong>J\u00e9r\u00e9my Kadosche de Finetic<\/strong><\/p>\n<p>A travers la conception et la facilitation de contenus p\u00e9dagogiques d\u00e9di\u00e9 aux femmes j&#8217;ouvre des espaces de rencontre et d&#8217;\u00e9changes qui vous font sortir de vos zones de confort dans un cadre accueillant et bienveillant.<\/p>\n<p><strong>Son super pouvoir :<\/strong> Une vue d&#8217;ensemble &#8220;analytique&#8221; des choses<\/p>\n<p><strong>Son petit mot :<\/strong> Bravo pour cette premi\u00e8re d\u00e9marche vers l&#8217;entreprenariat. Nous allons faire tout notre possible pour vous accompagner vers votre r\u00eave et partager notre exp\u00e9rience avec vous !!!!<\/p>\n<p><strong>Aya Inane de Finetic<\/strong><\/p>\n<p>Passionn\u00e9e par la finance \u00e0 impact, j&#8217;ai eu des exp\u00e9riences en entreprise et en fonds \u00e0 impact. J&#8217;ai rejoins Finetic pour avoir davantage de proximit\u00e9 avec des porteurs de projets \u00e0 fort potentiel d&#8217;impact en les accompagnant dans la structuration de leurs business plans<\/p>\n<p><strong>Son super pouvoir :\u00a0<\/strong>Transforme vos id\u00e9es g\u00e9niales en super business plans<\/p>\n<p><strong>Son petit mot :<\/strong> L&#8217;entrepreneuriat est un processus d&#8217;apprentissage continu. Si vous doutez, c&#8217;est que vous \u00eates sur la bonne voie !<\/p>\n<p><strong>Dur\u00e9e<\/strong>\u00a0<strong>:<\/strong> U<span data-sheets-value=\"{&quot;1&quot;:2,&quot;2&quot;:&quot;Permanence de 4h avec un cr\u00e9neau de 1h par participante (+ 15 minutes entre chaque)&quot;}\" data-sheets-userformat=\"{&quot;2&quot;:7167,&quot;3&quot;:{&quot;1&quot;:0},&quot;4&quot;:{&quot;1&quot;:2,&quot;2&quot;:16777215},&quot;5&quot;:{&quot;1&quot;:[{&quot;1&quot;:2,&quot;2&quot;:0,&quot;5&quot;:{&quot;1&quot;:2,&quot;2&quot;:0}},{&quot;1&quot;:0,&quot;2&quot;:0,&quot;3&quot;:3},{&quot;1&quot;:1,&quot;2&quot;:0,&quot;4&quot;:1}]},&quot;6&quot;:{&quot;1&quot;:[{&quot;1&quot;:2,&quot;2&quot;:0,&quot;5&quot;:{&quot;1&quot;:2,&quot;2&quot;:0}},{&quot;1&quot;:0,&quot;2&quot;:0,&quot;3&quot;:3},{&quot;1&quot;:1,&quot;2&quot;:0,&quot;4&quot;:1}]},&quot;7&quot;:{&quot;1&quot;:[{&quot;1&quot;:2,&quot;2&quot;:0,&quot;5&quot;:{&quot;1&quot;:2,&quot;2&quot;:0}},{&quot;1&quot;:0,&quot;2&quot;:0,&quot;3&quot;:3},{&quot;1&quot;:1,&quot;2&quot;:0,&quot;4&quot;:1}]},&quot;8&quot;:{&quot;1&quot;:[{&quot;1&quot;:2,&quot;2&quot;:0,&quot;5&quot;:{&quot;1&quot;:2,&quot;2&quot;:0}},{&quot;1&quot;:0,&quot;2&quot;:0,&quot;3&quot;:3},{&quot;1&quot;:1,&quot;2&quot;:0,&quot;4&quot;:1}]},&quot;9&quot;:0,&quot;10&quot;:1,&quot;11&quot;:4,&quot;12&quot;:0,&quot;14&quot;:{&quot;1&quot;:2,&quot;2&quot;:0},&quot;15&quot;:&quot;Calibri&quot;}\">n cr\u00e9neau de 1h en individuel<\/span><\/p>\n<p><span data-sheets-value=\"{&quot;1&quot;:2,&quot;2&quot;:&quot;Attention ! \u00a0Veuillez vous pr\u00e9sentez \u00e0 l'heure pour que l'activit\u00e9 puisse commencer \u00e0 temps. Si vous avez du retard veuillez pr\u00e9venir l'intervenant.e. Si vous avez plus de 15 min de retard l'intervenant.e se r\u00e9serve le droit de plus vous accepter pour le coaching ou l'atelier.\u00a0&quot;}\" data-sheets-userformat=\"{&quot;2&quot;:641,&quot;3&quot;:{&quot;1&quot;:0},&quot;10&quot;:1,&quot;12&quot;:0}\"><strong>Attention !<\/strong> \u00a0Veuillez vous pr\u00e9senter \u00e0 l\u2019heure pour que l\u2019activit\u00e9 puisse commencer \u00e0 temps. Si vous avez du retard veuillez pr\u00e9venir l\u2019intervenant.e. Si vous avez plus de 15 min de retard l\u2019intervenant.e se r\u00e9serve le droit de ne plus vous accepter pour le coaching ou l\u2019atelier.\u00a0<\/span><\/p>\n<p>Vous souhaitez vous inscrire \u00e0 ce coaching ? Une fois que vous avez re\u00e7u l\u2019invitation Google Calendrier pour le coaching que vous avez r\u00e9serv\u00e9, envoyez un mail \u00e0 l\u2019experte qui est dans l\u2019invitation avec vous en joignant tous les documents qui lui seraient utiles pour pr\u00e9parer au mieux cette heure.<\/p>\n<p>&nbsp;<\/p>\n","protected":false},"featured_media":210625,"template":"","format":"standard","meta":{"_acf_changed":false,"om_disable_all_campaigns":false,"_uf_show_specific_survey":0,"_uf_disable_surveys":false},"product_brand":[],"product_cat":[121],"product_tag":[],"lieu":[125],"thematiques":[],"class_list":{"0":"post-210622","1":"product","2":"type-product","3":"status-publish","4":"format-standard","5":"has-post-thumbnail","7":"product_cat-coaching","8":"lieu-en-ligne","10":"first","11":"instock","12":"virtual","13":"purchasable","14":"product-type-appointment"},"exclude_global_add_ons":[],"addons":[],"acf":[],"yoast_head":"<!-- This site is optimized with the Yoast SEO plugin v24.8 - https:\/\/yoast.com\/wordpress\/plugins\/seo\/ -->\n<title>Coaching : financement et business plan<\/title>\n<meta name=\"robots\" content=\"index, follow, max-snippet:-1, max-image-preview:large, max-video-preview:-1\" \/>\n<link rel=\"canonical\" href=\"https:\/\/empow-her.com\/produit\/coaching-financement-business-plan-21\/\" \/>\n<meta property=\"og:locale\" content=\"es_ES\" \/>\n<meta property=\"og:type\" content=\"article\" \/>\n<meta property=\"og:title\" content=\"Coaching : financement et business plan\" \/>\n<meta property=\"og:description\" content=\"Besoin : J&#039;ai des questions sur comment faire mon BP et concernant les financements que je peux aller chercher !  Description : Un coaching individuel avec un.e expert.e du financement pour travailler sur pr\u00e9visions, vos besoins de financements ou vous initier aux obligations comptables ! Lors de cet \u00e9change individuel, diff\u00e9rents sujets pourront \u00eatre abord\u00e9s :   Vos pr\u00e9visions budg\u00e9taires et les investissements \u00e0 pr\u00e9voir pour votre projet ;  La r\u00e9daction de votre Business Plan, la construction de votre pr\u00e9visionnel financier ;  L&#039;identification de solutions de financement adapt\u00e9s pour votre projet ;  Les bases de comptabilit\u00e9 et vos obligations comptables en tant qu&#039;entrepreneure...  &nbsp;  Pr\u00e9-requis : Vous b\u00e9n\u00e9ficierez mieux de ce coaching si vous avez des notions de mod\u00e8le \u00e9conomique, mais le coaching est ouvert \u00e0 toutes.   Intervenant.e.s :   J\u00e9r\u00e9my Kadosche de Finetic  A travers la conception et la facilitation de contenus p\u00e9dagogiques d\u00e9di\u00e9 aux femmes j&#039;ouvre des espaces de rencontre et d&#039;\u00e9changes qui vous font sortir de vos zones de confort dans un cadre accueillant et bienveillant.  Son super pouvoir : Une vue d&#039;ensemble &quot;analytique&quot; des choses  Son petit mot : Bravo pour cette premi\u00e8re d\u00e9marche vers l&#039;entreprenariat. Nous allons faire tout notre possible pour vous accompagner vers votre r\u00eave et partager notre exp\u00e9rience avec vous !!!!  Aya Inane de Finetic  Passionn\u00e9e par la finance \u00e0 impact, j&#039;ai eu des exp\u00e9riences en entreprise et en fonds \u00e0 impact. J&#039;ai rejoins Finetic pour avoir davantage de proximit\u00e9 avec des porteurs de projets \u00e0 fort potentiel d&#039;impact en les accompagnant dans la structuration de leurs business plans  Son super pouvoir :\u00a0Transforme vos id\u00e9es g\u00e9niales en super business plans  Son petit mot : L&#039;entrepreneuriat est un processus d&#039;apprentissage continu. Si vous doutez, c&#039;est que vous \u00eates sur la bonne voie !  Dur\u00e9e\u00a0: Un cr\u00e9neau de 1h en individuel  Attention ! \u00a0Veuillez vous pr\u00e9senter \u00e0 l\u2019heure pour que l\u2019activit\u00e9 puisse commencer \u00e0 temps. Si vous avez du retard veuillez pr\u00e9venir l\u2019intervenant.e. Si vous avez plus de 15 min de retard l\u2019intervenant.e se r\u00e9serve le droit de ne plus vous accepter pour le coaching ou l\u2019atelier.\u00a0  Vous souhaitez vous inscrire \u00e0 ce coaching ? Une fois que vous avez re\u00e7u l\u2019invitation Google Calendrier pour le coaching que vous avez r\u00e9serv\u00e9, envoyez un mail \u00e0 l\u2019experte qui est dans l\u2019invitation avec vous en joignant tous les documents qui lui seraient utiles pour pr\u00e9parer au mieux cette heure.  &nbsp;\" \/>\n<meta property=\"og:url\" content=\"https:\/\/empow-her.com\/produit\/coaching-financement-business-plan-21\/\" \/>\n<meta property=\"og:site_name\" content=\"Empow&#039;Her\" \/>\n<meta property=\"article:modified_time\" content=\"2023-10-19T09:43:05+00:00\" \/>\n<meta property=\"og:image\" content=\"https:\/\/empow-her.com\/wp-content\/uploads\/2023\/10\/FinnB.png\" \/>\n\t<meta property=\"og:image:width\" content=\"1080\" \/>\n\t<meta property=\"og:image:height\" content=\"1080\" \/>\n\t<meta property=\"og:image:type\" content=\"image\/png\" \/>\n<meta name=\"twitter:card\" content=\"summary_large_image\" \/>\n<meta name=\"twitter:label1\" content=\"Tiempo de lectura\" \/>\n\t<meta name=\"twitter:data1\" content=\"2 minutos\" \/>\n<script type=\"application\/ld+json\" class=\"yoast-schema-graph\">{\"@context\":\"https:\/\/schema.org\",\"@graph\":[{\"@type\":\"WebPage\",\"@id\":\"https:\/\/empow-her.com\/produit\/coaching-financement-business-plan-21\/\",\"url\":\"https:\/\/empow-her.com\/produit\/coaching-financement-business-plan-21\/\",\"name\":\"Coaching : financement et business plan\",\"isPartOf\":{\"@id\":\"https:\/\/empow-her.com\/#website\"},\"primaryImageOfPage\":{\"@id\":\"https:\/\/empow-her.com\/produit\/coaching-financement-business-plan-21\/#primaryimage\"},\"image\":{\"@id\":\"https:\/\/empow-her.com\/produit\/coaching-financement-business-plan-21\/#primaryimage\"},\"thumbnailUrl\":\"https:\/\/empow-her.com\/wp-content\/uploads\/2023\/10\/FinnB.png\",\"datePublished\":\"2023-10-19T09:29:59+00:00\",\"dateModified\":\"2023-10-19T09:43:05+00:00\",\"breadcrumb\":{\"@id\":\"https:\/\/empow-her.com\/produit\/coaching-financement-business-plan-21\/#breadcrumb\"},\"inLanguage\":\"es\",\"potentialAction\":[{\"@type\":\"ReadAction\",\"target\":[\"https:\/\/empow-her.com\/produit\/coaching-financement-business-plan-21\/\"]}]},{\"@type\":\"ImageObject\",\"inLanguage\":\"es\",\"@id\":\"https:\/\/empow-her.com\/produit\/coaching-financement-business-plan-21\/#primaryimage\",\"url\":\"https:\/\/empow-her.com\/wp-content\/uploads\/2023\/10\/FinnB.png\",\"contentUrl\":\"https:\/\/empow-her.com\/wp-content\/uploads\/2023\/10\/FinnB.png\",\"width\":1080,\"height\":1080},{\"@type\":\"BreadcrumbList\",\"@id\":\"https:\/\/empow-her.com\/produit\/coaching-financement-business-plan-21\/#breadcrumb\",\"itemListElement\":[{\"@type\":\"ListItem\",\"position\":1,\"name\":\"Accueil\",\"item\":\"https:\/\/empow-her.com\/es\/inicio\/\"},{\"@type\":\"ListItem\",\"position\":2,\"name\":\"LA BOUTIQUE\",\"item\":\"https:\/\/empow-her.com\/boutique\/\"},{\"@type\":\"ListItem\",\"position\":3,\"name\":\"Coaching &#8211; Financement &#038; Business Plan\"}]},{\"@type\":\"WebSite\",\"@id\":\"https:\/\/empow-her.com\/#website\",\"url\":\"https:\/\/empow-her.com\/\",\"name\":\"Empow&#039;Her\",\"description\":\"Women Development\",\"potentialAction\":[{\"@type\":\"SearchAction\",\"target\":{\"@type\":\"EntryPoint\",\"urlTemplate\":\"https:\/\/empow-her.com\/?s={search_term_string}\"},\"query-input\":{\"@type\":\"PropertyValueSpecification\",\"valueRequired\":true,\"valueName\":\"search_term_string\"}}],\"inLanguage\":\"es\"}]}<\/script>\n<!-- \/ Yoast SEO plugin. -->","yoast_head_json":{"title":"Coaching : financement et business plan","robots":{"index":"index","follow":"follow","max-snippet":"max-snippet:-1","max-image-preview":"max-image-preview:large","max-video-preview":"max-video-preview:-1"},"canonical":"https:\/\/empow-her.com\/produit\/coaching-financement-business-plan-21\/","og_locale":"es_ES","og_type":"article","og_title":"Coaching : financement et business plan","og_description":"Besoin : J'ai des questions sur comment faire mon BP et concernant les financements que je peux aller chercher !  Description : Un coaching individuel avec un.e expert.e du financement pour travailler sur pr\u00e9visions, vos besoins de financements ou vous initier aux obligations comptables ! Lors de cet \u00e9change individuel, diff\u00e9rents sujets pourront \u00eatre abord\u00e9s :   Vos pr\u00e9visions budg\u00e9taires et les investissements \u00e0 pr\u00e9voir pour votre projet ;  La r\u00e9daction de votre Business Plan, la construction de votre pr\u00e9visionnel financier ;  L'identification de solutions de financement adapt\u00e9s pour votre projet ;  Les bases de comptabilit\u00e9 et vos obligations comptables en tant qu'entrepreneure...  &nbsp;  Pr\u00e9-requis : Vous b\u00e9n\u00e9ficierez mieux de ce coaching si vous avez des notions de mod\u00e8le \u00e9conomique, mais le coaching est ouvert \u00e0 toutes.   Intervenant.e.s :   J\u00e9r\u00e9my Kadosche de Finetic  A travers la conception et la facilitation de contenus p\u00e9dagogiques d\u00e9di\u00e9 aux femmes j'ouvre des espaces de rencontre et d'\u00e9changes qui vous font sortir de vos zones de confort dans un cadre accueillant et bienveillant.  Son super pouvoir : Une vue d'ensemble \"analytique\" des choses  Son petit mot : Bravo pour cette premi\u00e8re d\u00e9marche vers l'entreprenariat. Nous allons faire tout notre possible pour vous accompagner vers votre r\u00eave et partager notre exp\u00e9rience avec vous !!!!  Aya Inane de Finetic  Passionn\u00e9e par la finance \u00e0 impact, j'ai eu des exp\u00e9riences en entreprise et en fonds \u00e0 impact. J'ai rejoins Finetic pour avoir davantage de proximit\u00e9 avec des porteurs de projets \u00e0 fort potentiel d'impact en les accompagnant dans la structuration de leurs business plans  Son super pouvoir :\u00a0Transforme vos id\u00e9es g\u00e9niales en super business plans  Son petit mot : L'entrepreneuriat est un processus d'apprentissage continu. Si vous doutez, c'est que vous \u00eates sur la bonne voie !  Dur\u00e9e\u00a0: Un cr\u00e9neau de 1h en individuel  Attention ! \u00a0Veuillez vous pr\u00e9senter \u00e0 l\u2019heure pour que l\u2019activit\u00e9 puisse commencer \u00e0 temps. Si vous avez du retard veuillez pr\u00e9venir l\u2019intervenant.e. Si vous avez plus de 15 min de retard l\u2019intervenant.e se r\u00e9serve le droit de ne plus vous accepter pour le coaching ou l\u2019atelier.\u00a0  Vous souhaitez vous inscrire \u00e0 ce coaching ? Une fois que vous avez re\u00e7u l\u2019invitation Google Calendrier pour le coaching que vous avez r\u00e9serv\u00e9, envoyez un mail \u00e0 l\u2019experte qui est dans l\u2019invitation avec vous en joignant tous les documents qui lui seraient utiles pour pr\u00e9parer au mieux cette heure.  &nbsp;","og_url":"https:\/\/empow-her.com\/produit\/coaching-financement-business-plan-21\/","og_site_name":"Empow&#039;Her","article_modified_time":"2023-10-19T09:43:05+00:00","og_image":[{"width":1080,"height":1080,"url":"https:\/\/empow-her.com\/wp-content\/uploads\/2023\/10\/FinnB.png","type":"image\/png"}],"twitter_card":"summary_large_image","twitter_misc":{"Tiempo de lectura":"2 minutos"},"schema":{"@context":"https:\/\/schema.org","@graph":[{"@type":"WebPage","@id":"https:\/\/empow-her.com\/produit\/coaching-financement-business-plan-21\/","url":"https:\/\/empow-her.com\/produit\/coaching-financement-business-plan-21\/","name":"Coaching : financement et business plan","isPartOf":{"@id":"https:\/\/empow-her.com\/#website"},"primaryImageOfPage":{"@id":"https:\/\/empow-her.com\/produit\/coaching-financement-business-plan-21\/#primaryimage"},"image":{"@id":"https:\/\/empow-her.com\/produit\/coaching-financement-business-plan-21\/#primaryimage"},"thumbnailUrl":"https:\/\/empow-her.com\/wp-content\/uploads\/2023\/10\/FinnB.png","datePublished":"2023-10-19T09:29:59+00:00","dateModified":"2023-10-19T09:43:05+00:00","breadcrumb":{"@id":"https:\/\/empow-her.com\/produit\/coaching-financement-business-plan-21\/#breadcrumb"},"inLanguage":"es","potentialAction":[{"@type":"ReadAction","target":["https:\/\/empow-her.com\/produit\/coaching-financement-business-plan-21\/"]}]},{"@type":"ImageObject","inLanguage":"es","@id":"https:\/\/empow-her.com\/produit\/coaching-financement-business-plan-21\/#primaryimage","url":"https:\/\/empow-her.com\/wp-content\/uploads\/2023\/10\/FinnB.png","contentUrl":"https:\/\/empow-her.com\/wp-content\/uploads\/2023\/10\/FinnB.png","width":1080,"height":1080},{"@type":"BreadcrumbList","@id":"https:\/\/empow-her.com\/produit\/coaching-financement-business-plan-21\/#breadcrumb","itemListElement":[{"@type":"ListItem","position":1,"name":"Accueil","item":"https:\/\/empow-her.com\/es\/inicio\/"},{"@type":"ListItem","position":2,"name":"LA BOUTIQUE","item":"https:\/\/empow-her.com\/boutique\/"},{"@type":"ListItem","position":3,"name":"Coaching &#8211; Financement &#038; Business Plan"}]},{"@type":"WebSite","@id":"https:\/\/empow-her.com\/#website","url":"https:\/\/empow-her.com\/","name":"Empow&#039;Her","description":"Women Development","potentialAction":[{"@type":"SearchAction","target":{"@type":"EntryPoint","urlTemplate":"https:\/\/empow-her.com\/?s={search_term_string}"},"query-input":{"@type":"PropertyValueSpecification","valueRequired":true,"valueName":"search_term_string"}}],"inLanguage":"es"}]}},"_links":{"self":[{"href":"https:\/\/empow-her.com\/es\/wp-json\/wp\/v2\/product\/210622","targetHints":{"allow":["GET"]}}],"collection":[{"href":"https:\/\/empow-her.com\/es\/wp-json\/wp\/v2\/product"}],"about":[{"href":"https:\/\/empow-her.com\/es\/wp-json\/wp\/v2\/types\/product"}],"wp:featuredmedia":[{"embeddable":true,"href":"https:\/\/empow-her.com\/es\/wp-json\/wp\/v2\/media\/210625"}],"wp:attachment":[{"href":"https:\/\/empow-her.com\/es\/wp-json\/wp\/v2\/media?parent=210622"}],"wp:term":[{"taxonomy":"product_brand","embeddable":true,"href":"https:\/\/empow-her.com\/es\/wp-json\/wp\/v2\/product_brand?post=210622"},{"taxonomy":"product_cat","embeddable":true,"href":"https:\/\/empow-her.com\/es\/wp-json\/wp\/v2\/product_cat?post=210622"},{"taxonomy":"product_tag","embeddable":true,"href":"https:\/\/empow-her.com\/es\/wp-json\/wp\/v2\/product_tag?post=210622"},{"taxonomy":"lieu","embeddable":true,"href":"https:\/\/empow-her.com\/es\/wp-json\/wp\/v2\/lieu?post=210622"},{"taxonomy":"thematiques","embeddable":true,"href":"https:\/\/empow-her.com\/es\/wp-json\/wp\/v2\/thematiques?post=210622"}],"curies":[{"name":"wp","href":"https:\/\/api.w.org\/{rel}","templated":true}]}}