{"id":209793,"date":"2023-10-17T12:35:45","date_gmt":"2023-10-17T10:35:45","guid":{"rendered":"https:\/\/empow-her.com\/?post_type=product&#038;p=209793"},"modified":"2023-10-19T19:08:04","modified_gmt":"2023-10-19T17:08:04","slug":"atelier-les-principes-de-la-comptabilite-avec-kpmg","status":"publish","type":"product","link":"https:\/\/empow-her.com\/es\/produit\/atelier-les-principes-de-la-comptabilite-avec-kpmg\/","title":{"rendered":"Atelier &#8211; Les principes de la comptabilit\u00e9 avec KPMG"},"content":{"rendered":"<p><strong>Descriptif :<\/strong><\/p>\n<p>Un atelier pour d\u00e9couvrir les principes de la comptabilit\u00e9 de fa\u00e7on simple et ludique ?<\/p>\n<p><strong>Besoins :<\/strong><\/p>\n<p>Vous \u00eates sur le point de vous lancer, vous avez identifi\u00e9 le statut juridique pour votre activit\u00e9 et souhaitez tenir votre comptabilit\u00e9 sur la premi\u00e8re ann\u00e9e ? Vous souhaitez pouvoir comprendre les termes de la comptabilit\u00e9 pour mieux l&#8217;externaliser ? Ou vous souhaitez tout simplement d\u00e9couvrir les m\u00e9thodes et principes de bases pour respecter vos futures obligations comptables ?<br \/>\nRetrouvez en atelier collectif des expert.e.s KPMG et venez d\u00e9couvrir l&#8217;univers de la comptabilit\u00e9, en maitriser le langage, et l&#8217;appliquer \u00e0 votre projet !<\/p>\n<p><strong>Lieu<\/strong> : Tour EQHO &#8211; 2, Avenue Gambetta &#8211; 92400 Courbevoie<\/p>\n<p>&nbsp;<\/p>\n<p>Attention ! Veuillez vous pr\u00e9senter \u00e0 l&#8217;heure pour que l&#8217;activit\u00e9 puisse commencer \u00e0 temps. Si vous avez du retard veuillez pr\u00e9venir l&#8217;intervenant.e. Si vous avez plus de 15 min de retard l&#8217;intervenant.e se r\u00e9serve le droit de ne plus vous accepter pour le coaching ou l&#8217;atelier.<\/p>\n","protected":false},"excerpt":{"rendered":"<p><strong>Descriptif :<\/strong><\/p>\n<p>Un atelier pour d\u00e9couvrir les principes de la comptabilit\u00e9 de fa\u00e7on simple et ludique ?<\/p>\n<p><strong>Besoins :<\/strong><\/p>\n<p>Vous \u00eates sur le point de vous lancer, vous avez identifi\u00e9 le statut juridique pour votre activit\u00e9 et souhaitez tenir votre comptabilit\u00e9 sur la premi\u00e8re ann\u00e9e ? Vous souhaitez pouvoir comprendre les termes de la comptabilit\u00e9 pour mieux l&#8217;externaliser ? Ou vous souhaitez tout simplement d\u00e9couvrir les m\u00e9thodes et principes de bases pour respecter vos futures obligations comptables ?<br \/>\nRetrouvez en atelier collectif des expert.e.s KPMG et venez d\u00e9couvrir l&#8217;univers de la comptabilit\u00e9, en maitriser le langage, et l&#8217;appliquer \u00e0 votre projet !<\/p>\n<p><strong>Lieu<\/strong> : Tour EQHO &#8211; 2, Avenue Gambetta &#8211; 92400 Courbevoie<\/p>\n<p>&nbsp;<\/p>\n<p><strong>Attention !<\/strong> Veuillez vous pr\u00e9senter \u00e0 l&#8217;heure pour que l&#8217;activit\u00e9 puisse commencer \u00e0 temps. Si vous avez du retard veuillez pr\u00e9venir l&#8217;intervenant.e. Si vous avez plus de 15 min de retard l&#8217;intervenant.e se r\u00e9serve le droit de ne plus vous accepter pour le coaching ou l&#8217;atelier.<\/p>\n","protected":false},"featured_media":210281,"template":"","format":"standard","meta":{"_acf_changed":false,"om_disable_all_campaigns":false,"_uf_show_specific_survey":0,"_uf_disable_surveys":false},"product_brand":[],"product_cat":[118],"product_tag":[],"lieu":[161],"thematiques":[],"class_list":{"0":"post-209793","1":"product","2":"type-product","3":"status-publish","4":"format-standard","5":"has-post-thumbnail","7":"product_cat-atelier-collectif","8":"lieu-externe","10":"first","11":"instock","12":"virtual","13":"purchasable","14":"product-type-appointment"},"exclude_global_add_ons":[],"addons":[],"acf":[],"yoast_head":"<!-- This site is optimized with the Yoast SEO plugin v24.8 - https:\/\/yoast.com\/wordpress\/plugins\/seo\/ -->\n<title>Atelier - Les principes de la comptabilit\u00e9 avec KPMG - Empow&#039;Her<\/title>\n<meta name=\"robots\" content=\"index, follow, max-snippet:-1, max-image-preview:large, max-video-preview:-1\" \/>\n<link rel=\"canonical\" href=\"https:\/\/empow-her.com\/produit\/atelier-les-principes-de-la-comptabilite-avec-kpmg\/\" \/>\n<meta property=\"og:locale\" content=\"es_ES\" \/>\n<meta property=\"og:type\" content=\"article\" \/>\n<meta property=\"og:title\" content=\"Atelier - Les principes de la comptabilit\u00e9 avec KPMG - Empow&#039;Her\" \/>\n<meta property=\"og:description\" content=\"Descriptif :  Un atelier pour d\u00e9couvrir les principes de la comptabilit\u00e9 de fa\u00e7on simple et ludique ?  Besoins :  Vous \u00eates sur le point de vous lancer, vous avez identifi\u00e9 le statut juridique pour votre activit\u00e9 et souhaitez tenir votre comptabilit\u00e9 sur la premi\u00e8re ann\u00e9e ? Vous souhaitez pouvoir comprendre les termes de la comptabilit\u00e9 pour mieux l&#039;externaliser ? Ou vous souhaitez tout simplement d\u00e9couvrir les m\u00e9thodes et principes de bases pour respecter vos futures obligations comptables ? Retrouvez en atelier collectif des expert.e.s KPMG et venez d\u00e9couvrir l&#039;univers de la comptabilit\u00e9, en maitriser le langage, et l&#039;appliquer \u00e0 votre projet !  Lieu : Tour EQHO - 2, Avenue Gambetta - 92400 Courbevoie  &nbsp;  Attention ! Veuillez vous pr\u00e9senter \u00e0 l&#039;heure pour que l&#039;activit\u00e9 puisse commencer \u00e0 temps. Si vous avez du retard veuillez pr\u00e9venir l&#039;intervenant.e. Si vous avez plus de 15 min de retard l&#039;intervenant.e se r\u00e9serve le droit de ne plus vous accepter pour le coaching ou l&#039;atelier.\" \/>\n<meta property=\"og:url\" content=\"https:\/\/empow-her.com\/produit\/atelier-les-principes-de-la-comptabilite-avec-kpmg\/\" \/>\n<meta property=\"og:site_name\" content=\"Empow&#039;Her\" \/>\n<meta property=\"article:modified_time\" content=\"2023-10-19T17:08:04+00:00\" \/>\n<meta property=\"og:image\" content=\"https:\/\/empow-her.com\/wp-content\/uploads\/2023\/10\/Women-Dare-templates-events-17.png\" \/>\n\t<meta property=\"og:image:width\" content=\"1080\" \/>\n\t<meta property=\"og:image:height\" content=\"1080\" \/>\n\t<meta property=\"og:image:type\" content=\"image\/png\" \/>\n<meta name=\"twitter:card\" content=\"summary_large_image\" \/>\n<meta name=\"twitter:label1\" content=\"Tiempo de lectura\" \/>\n\t<meta name=\"twitter:data1\" content=\"1 minuto\" \/>\n<script type=\"application\/ld+json\" class=\"yoast-schema-graph\">{\"@context\":\"https:\/\/schema.org\",\"@graph\":[{\"@type\":\"WebPage\",\"@id\":\"https:\/\/empow-her.com\/produit\/atelier-les-principes-de-la-comptabilite-avec-kpmg\/\",\"url\":\"https:\/\/empow-her.com\/produit\/atelier-les-principes-de-la-comptabilite-avec-kpmg\/\",\"name\":\"Atelier - Les principes de la comptabilit\u00e9 avec KPMG - Empow&#039;Her\",\"isPartOf\":{\"@id\":\"https:\/\/empow-her.com\/#website\"},\"primaryImageOfPage\":{\"@id\":\"https:\/\/empow-her.com\/produit\/atelier-les-principes-de-la-comptabilite-avec-kpmg\/#primaryimage\"},\"image\":{\"@id\":\"https:\/\/empow-her.com\/produit\/atelier-les-principes-de-la-comptabilite-avec-kpmg\/#primaryimage\"},\"thumbnailUrl\":\"https:\/\/empow-her.com\/wp-content\/uploads\/2023\/10\/Women-Dare-templates-events-17.png\",\"datePublished\":\"2023-10-17T10:35:45+00:00\",\"dateModified\":\"2023-10-19T17:08:04+00:00\",\"breadcrumb\":{\"@id\":\"https:\/\/empow-her.com\/produit\/atelier-les-principes-de-la-comptabilite-avec-kpmg\/#breadcrumb\"},\"inLanguage\":\"es\",\"potentialAction\":[{\"@type\":\"ReadAction\",\"target\":[\"https:\/\/empow-her.com\/produit\/atelier-les-principes-de-la-comptabilite-avec-kpmg\/\"]}]},{\"@type\":\"ImageObject\",\"inLanguage\":\"es\",\"@id\":\"https:\/\/empow-her.com\/produit\/atelier-les-principes-de-la-comptabilite-avec-kpmg\/#primaryimage\",\"url\":\"https:\/\/empow-her.com\/wp-content\/uploads\/2023\/10\/Women-Dare-templates-events-17.png\",\"contentUrl\":\"https:\/\/empow-her.com\/wp-content\/uploads\/2023\/10\/Women-Dare-templates-events-17.png\",\"width\":1080,\"height\":1080},{\"@type\":\"BreadcrumbList\",\"@id\":\"https:\/\/empow-her.com\/produit\/atelier-les-principes-de-la-comptabilite-avec-kpmg\/#breadcrumb\",\"itemListElement\":[{\"@type\":\"ListItem\",\"position\":1,\"name\":\"Accueil\",\"item\":\"https:\/\/empow-her.com\/es\/inicio\/\"},{\"@type\":\"ListItem\",\"position\":2,\"name\":\"LA BOUTIQUE\",\"item\":\"https:\/\/empow-her.com\/boutique\/\"},{\"@type\":\"ListItem\",\"position\":3,\"name\":\"Atelier &#8211; Les principes de la comptabilit\u00e9 avec KPMG\"}]},{\"@type\":\"WebSite\",\"@id\":\"https:\/\/empow-her.com\/#website\",\"url\":\"https:\/\/empow-her.com\/\",\"name\":\"Empow&#039;Her\",\"description\":\"Women Development\",\"potentialAction\":[{\"@type\":\"SearchAction\",\"target\":{\"@type\":\"EntryPoint\",\"urlTemplate\":\"https:\/\/empow-her.com\/?s={search_term_string}\"},\"query-input\":{\"@type\":\"PropertyValueSpecification\",\"valueRequired\":true,\"valueName\":\"search_term_string\"}}],\"inLanguage\":\"es\"}]}<\/script>\n<!-- \/ Yoast SEO plugin. -->","yoast_head_json":{"title":"Atelier - Les principes de la comptabilit\u00e9 avec KPMG - Empow&#039;Her","robots":{"index":"index","follow":"follow","max-snippet":"max-snippet:-1","max-image-preview":"max-image-preview:large","max-video-preview":"max-video-preview:-1"},"canonical":"https:\/\/empow-her.com\/produit\/atelier-les-principes-de-la-comptabilite-avec-kpmg\/","og_locale":"es_ES","og_type":"article","og_title":"Atelier - Les principes de la comptabilit\u00e9 avec KPMG - Empow&#039;Her","og_description":"Descriptif :  Un atelier pour d\u00e9couvrir les principes de la comptabilit\u00e9 de fa\u00e7on simple et ludique ?  Besoins :  Vous \u00eates sur le point de vous lancer, vous avez identifi\u00e9 le statut juridique pour votre activit\u00e9 et souhaitez tenir votre comptabilit\u00e9 sur la premi\u00e8re ann\u00e9e ? Vous souhaitez pouvoir comprendre les termes de la comptabilit\u00e9 pour mieux l'externaliser ? Ou vous souhaitez tout simplement d\u00e9couvrir les m\u00e9thodes et principes de bases pour respecter vos futures obligations comptables ? Retrouvez en atelier collectif des expert.e.s KPMG et venez d\u00e9couvrir l'univers de la comptabilit\u00e9, en maitriser le langage, et l'appliquer \u00e0 votre projet !  Lieu : Tour EQHO - 2, Avenue Gambetta - 92400 Courbevoie  &nbsp;  Attention ! Veuillez vous pr\u00e9senter \u00e0 l'heure pour que l'activit\u00e9 puisse commencer \u00e0 temps. Si vous avez du retard veuillez pr\u00e9venir l'intervenant.e. Si vous avez plus de 15 min de retard l'intervenant.e se r\u00e9serve le droit de ne plus vous accepter pour le coaching ou l'atelier.","og_url":"https:\/\/empow-her.com\/produit\/atelier-les-principes-de-la-comptabilite-avec-kpmg\/","og_site_name":"Empow&#039;Her","article_modified_time":"2023-10-19T17:08:04+00:00","og_image":[{"width":1080,"height":1080,"url":"https:\/\/empow-her.com\/wp-content\/uploads\/2023\/10\/Women-Dare-templates-events-17.png","type":"image\/png"}],"twitter_card":"summary_large_image","twitter_misc":{"Tiempo de lectura":"1 minuto"},"schema":{"@context":"https:\/\/schema.org","@graph":[{"@type":"WebPage","@id":"https:\/\/empow-her.com\/produit\/atelier-les-principes-de-la-comptabilite-avec-kpmg\/","url":"https:\/\/empow-her.com\/produit\/atelier-les-principes-de-la-comptabilite-avec-kpmg\/","name":"Atelier - Les principes de la comptabilit\u00e9 avec KPMG - Empow&#039;Her","isPartOf":{"@id":"https:\/\/empow-her.com\/#website"},"primaryImageOfPage":{"@id":"https:\/\/empow-her.com\/produit\/atelier-les-principes-de-la-comptabilite-avec-kpmg\/#primaryimage"},"image":{"@id":"https:\/\/empow-her.com\/produit\/atelier-les-principes-de-la-comptabilite-avec-kpmg\/#primaryimage"},"thumbnailUrl":"https:\/\/empow-her.com\/wp-content\/uploads\/2023\/10\/Women-Dare-templates-events-17.png","datePublished":"2023-10-17T10:35:45+00:00","dateModified":"2023-10-19T17:08:04+00:00","breadcrumb":{"@id":"https:\/\/empow-her.com\/produit\/atelier-les-principes-de-la-comptabilite-avec-kpmg\/#breadcrumb"},"inLanguage":"es","potentialAction":[{"@type":"ReadAction","target":["https:\/\/empow-her.com\/produit\/atelier-les-principes-de-la-comptabilite-avec-kpmg\/"]}]},{"@type":"ImageObject","inLanguage":"es","@id":"https:\/\/empow-her.com\/produit\/atelier-les-principes-de-la-comptabilite-avec-kpmg\/#primaryimage","url":"https:\/\/empow-her.com\/wp-content\/uploads\/2023\/10\/Women-Dare-templates-events-17.png","contentUrl":"https:\/\/empow-her.com\/wp-content\/uploads\/2023\/10\/Women-Dare-templates-events-17.png","width":1080,"height":1080},{"@type":"BreadcrumbList","@id":"https:\/\/empow-her.com\/produit\/atelier-les-principes-de-la-comptabilite-avec-kpmg\/#breadcrumb","itemListElement":[{"@type":"ListItem","position":1,"name":"Accueil","item":"https:\/\/empow-her.com\/es\/inicio\/"},{"@type":"ListItem","position":2,"name":"LA BOUTIQUE","item":"https:\/\/empow-her.com\/boutique\/"},{"@type":"ListItem","position":3,"name":"Atelier &#8211; Les principes de la comptabilit\u00e9 avec KPMG"}]},{"@type":"WebSite","@id":"https:\/\/empow-her.com\/#website","url":"https:\/\/empow-her.com\/","name":"Empow&#039;Her","description":"Women Development","potentialAction":[{"@type":"SearchAction","target":{"@type":"EntryPoint","urlTemplate":"https:\/\/empow-her.com\/?s={search_term_string}"},"query-input":{"@type":"PropertyValueSpecification","valueRequired":true,"valueName":"search_term_string"}}],"inLanguage":"es"}]}},"_links":{"self":[{"href":"https:\/\/empow-her.com\/es\/wp-json\/wp\/v2\/product\/209793","targetHints":{"allow":["GET"]}}],"collection":[{"href":"https:\/\/empow-her.com\/es\/wp-json\/wp\/v2\/product"}],"about":[{"href":"https:\/\/empow-her.com\/es\/wp-json\/wp\/v2\/types\/product"}],"wp:featuredmedia":[{"embeddable":true,"href":"https:\/\/empow-her.com\/es\/wp-json\/wp\/v2\/media\/210281"}],"wp:attachment":[{"href":"https:\/\/empow-her.com\/es\/wp-json\/wp\/v2\/media?parent=209793"}],"wp:term":[{"taxonomy":"product_brand","embeddable":true,"href":"https:\/\/empow-her.com\/es\/wp-json\/wp\/v2\/product_brand?post=209793"},{"taxonomy":"product_cat","embeddable":true,"href":"https:\/\/empow-her.com\/es\/wp-json\/wp\/v2\/product_cat?post=209793"},{"taxonomy":"product_tag","embeddable":true,"href":"https:\/\/empow-her.com\/es\/wp-json\/wp\/v2\/product_tag?post=209793"},{"taxonomy":"lieu","embeddable":true,"href":"https:\/\/empow-her.com\/es\/wp-json\/wp\/v2\/lieu?post=209793"},{"taxonomy":"thematiques","embeddable":true,"href":"https:\/\/empow-her.com\/es\/wp-json\/wp\/v2\/thematiques?post=209793"}],"curies":[{"name":"wp","href":"https:\/\/api.w.org\/{rel}","templated":true}]}}