{"id":209409,"date":"2023-10-16T18:20:47","date_gmt":"2023-10-16T16:20:47","guid":{"rendered":"https:\/\/empow-her.com\/?post_type=product&#038;p=209409"},"modified":"2023-10-20T16:10:41","modified_gmt":"2023-10-20T14:10:41","slug":"atelier-etude-de-marche-construire-son-questionnaire","status":"publish","type":"product","link":"https:\/\/empow-her.com\/es\/produit\/atelier-etude-de-marche-construire-son-questionnaire\/","title":{"rendered":"Atelier &#8211; Etude de march\u00e9 : construire son questionnaire"},"content":{"rendered":"<p><strong>Description<\/strong> :<\/p>\n<p><strong>Besoins: <\/strong>&#8220;Vous avez d\u00e9fini votre offre de produit(s) ou de service(s) et vous avez identifi\u00e9 votre cible mais vous avez souhaitez mieux conna\u00eetre ses besoins et son contexte ? Vous \u00eates pr\u00eats \u00e0 mener des entretiens et des enqu\u00eates mais vous ne savez pas comment construire votre questionnaire ?&#8221;<\/p>\n<p>Pendant cet atelier, nous parcourrons ensemble plusieurs th\u00e9matiques :<br \/>\n&#8211; L\u2019int\u00e9r\u00eat d\u2019une \u00e9tude de march\u00e9 et de la segmentation<br \/>\n&#8211; L\u2019identification des hypoth\u00e8ses \u00e0 v\u00e9rifier par l\u2019\u00e9tude de march\u00e9<br \/>\n&#8211; Des outils et m\u00e9thodes pour construire son questionnaire<br \/>\n&#8211; L\u2019approche \u00e0 adopter pour r\u00e9cup\u00e9rer et traiter les bonnes informations pour votre projet<\/p>\n<p>A la fin de l&#8217;atelier, vous aurez des outils et m\u00e9thodes efficaces pour construire et utiliser un questionnaire utile \u00e0 votre \u00e9tude de march\u00e9. Vous pourrez obtenir des informations qualifi\u00e9es qui vous permettront d\u2019am\u00e9liorer votre offre gr\u00e2ce \u00e0 une meilleure compr\u00e9hension de votre cible.<\/p>\n<p><strong>Objectifs:<\/strong><\/p>\n<ul>\n<li>Bien comprendre les principes d\u2019une \u00e9tude de march\u00e9 et l\u2019int\u00e9r\u00eat du ciblage de ses b\u00e9n\u00e9ficiaires ;<\/li>\n<li>Savoir poser les bonnes questions pour comprendre les besoins et le contexte de ses cibles ;<\/li>\n<li>Construire le questionnaire pour v\u00e9rifier ses hypoth\u00e8ses ;<\/li>\n<li>Adopter la bonne posture et conna\u00eetre les bonnes pratiques pour r\u00e9ussir ses entretiens ;<\/li>\n<li>Traiter efficacement les donn\u00e9es pour enrichir son \u00e9tude de march\u00e9.<\/li>\n<\/ul>\n<p>&nbsp;<\/p>\n<p><strong>Pr\u00e9-requis<\/strong> : Aucun<\/p>\n<p><strong>Intervenant.e.s : Alice De Castelnau <\/strong>de <strong>Plus 1<\/strong><\/p>\n<p>J&#8217;accompagne les associations, les entreprises et les porteur.euse.s de projets \u00e0 fort impact depuis bient\u00f4t 15 ans sur leurs probl\u00e9matiques de d\u00e9veloppement et d&#8217;organisation. Mes dadas : la strat\u00e9gie de d\u00e9veloppement et la strat\u00e9gie commerciale, en particulier quand il faut inventer des mod\u00e8les hybrides : pas 100% lucratif et pas 100% non lucratif. Sant\u00e9, mal logement, migrations, mode \u00e9thique ou encore mobilit\u00e9 douce, je suis intervenue dans beaucoup de secteurs et tous me passionnent.<br \/>\nHasard ou pas, les porteuses de projet que j&#8217;ai accompagn\u00e9 individuellement \u00e9taient toutes des femmes. J&#8217;ai moi-m\u00eame lanc\u00e9 un projet entrepreneurial il y a quelques ann\u00e9es, ce qui m&#8217;a permis d&#8217;identifier clairement les difficult\u00e9s auxquelles on est confront\u00e9.e, les facteurs de succ\u00e8s, les facteurs d&#8217;\u00e9chec.<br \/>\nL&#8217;exp\u00e9rience la plus marquante (pour moi) est une mission d&#8217;observation dans la maison d&#8217;arr\u00eat de Mulhouse pour analyser des m\u00e9thodes de m\u00e9diation animale propos\u00e9es aux d\u00e9tenus : le niveau d&#8217;immersion \u00e9tait in\u00e9galable.<\/p>\n<p><strong>Son super pouvoir<\/strong> : J&#8217;ai r\u00e9ponse \u00e0 tout (mais je ne garantis pas qu&#8217;on aime la r\u00e9ponse \u00e0 chaque fois)<\/p>\n<p><strong>Son petit mot<\/strong> : N&#8217;ayez pas peur d&#8217;oser mais ne vous oubliez jamais.<\/p>\n<p><strong> Lieu<\/strong> : Sist&#8217;Her Paris, 82 rue du Faubourg Saint-Martin<\/p>\n<p><strong>Attention !<\/strong> Veuillez vous pr\u00e9senter \u00e0 l&#8217;heure pour que l&#8217;activit\u00e9 puisse commencer \u00e0 temps. Si vous avez du retard veuillez pr\u00e9venir l&#8217;intervenant.e. Si vous avez plus de 15 min de retard l&#8217;intervenant.e se r\u00e9serve le droit de ne plus vous accepter pour le coaching ou l&#8217;atelier.<\/p>\n","protected":false},"excerpt":{"rendered":"<p><strong>Description<\/strong> :<\/p>\n<p><strong>Besoins: <\/strong>&#8220;Vous avez d\u00e9fini votre offre de produit(s) ou de service(s) et vous avez identifi\u00e9 votre cible mais vous avez souhaitez mieux conna\u00eetre ses besoins et son contexte ? Vous \u00eates pr\u00eats \u00e0 mener des entretiens et des enqu\u00eates mais vous ne savez pas comment construire votre questionnaire ?&#8221;<\/p>\n<p>Pendant cet atelier, nous parcourrons ensemble plusieurs th\u00e9matiques :<br \/>\n&#8211; L\u2019int\u00e9r\u00eat d\u2019une \u00e9tude de march\u00e9 et de la segmentation<br \/>\n&#8211; L\u2019identification des hypoth\u00e8ses \u00e0 v\u00e9rifier par l\u2019\u00e9tude de march\u00e9<br \/>\n&#8211; Des outils et m\u00e9thodes pour construire son questionnaire<br \/>\n&#8211; L\u2019approche \u00e0 adopter pour r\u00e9cup\u00e9rer et traiter les bonnes informations pour votre projet<\/p>\n<p>A la fin de l&#8217;atelier, vous aurez des outils et m\u00e9thodes efficaces pour construire et utiliser un questionnaire utile \u00e0 votre \u00e9tude de march\u00e9. Vous pourrez obtenir des informations qualifi\u00e9es qui vous permettront d\u2019am\u00e9liorer votre offre gr\u00e2ce \u00e0 une meilleure compr\u00e9hension de votre cible.<\/p>\n<p><strong>Objectifs:<\/strong><\/p>\n<ul>\n<li>Bien comprendre les principes d\u2019une \u00e9tude de march\u00e9 et l\u2019int\u00e9r\u00eat du ciblage de ses b\u00e9n\u00e9ficiaires ;<\/li>\n<li>Savoir poser les bonnes questions pour comprendre les besoins et le contexte de ses cibles ;<\/li>\n<li>Construire le questionnaire pour v\u00e9rifier ses hypoth\u00e8ses ;<\/li>\n<li>Adopter la bonne posture et conna\u00eetre les bonnes pratiques pour r\u00e9ussir ses entretiens ;<\/li>\n<li>Traiter efficacement les donn\u00e9es pour enrichir son \u00e9tude de march\u00e9.<\/li>\n<\/ul>\n<p>&nbsp;<\/p>\n<p><strong>Pr\u00e9-requis<\/strong> : Aucun<\/p>\n<p><strong>Intervenant.e.s : Alice De Castelnau <\/strong>de <strong>Plus 1<\/strong><\/p>\n<p>J&#8217;accompagne les associations, les entreprises et les porteur.euse.s de projets \u00e0 fort impact depuis bient\u00f4t 15 ans sur leurs probl\u00e9matiques de d\u00e9veloppement et d&#8217;organisation. Mes dadas : la strat\u00e9gie de d\u00e9veloppement et la strat\u00e9gie commerciale, en particulier quand il faut inventer des mod\u00e8les hybrides : pas 100% lucratif et pas 100% non lucratif. Sant\u00e9, mal logement, migrations, mode \u00e9thique ou encore mobilit\u00e9 douce, je suis intervenue dans beaucoup de secteurs et tous me passionnent.<br \/>\nHasard ou pas, les porteuses de projet que j&#8217;ai accompagn\u00e9 individuellement \u00e9taient toutes des femmes. J&#8217;ai moi-m\u00eame lanc\u00e9 un projet entrepreneurial il y a quelques ann\u00e9es, ce qui m&#8217;a permis d&#8217;identifier clairement les difficult\u00e9s auxquelles on est confront\u00e9.e, les facteurs de succ\u00e8s, les facteurs d&#8217;\u00e9chec.<br \/>\nL&#8217;exp\u00e9rience la plus marquante (pour moi) est une mission d&#8217;observation dans la maison d&#8217;arr\u00eat de Mulhouse pour analyser des m\u00e9thodes de m\u00e9diation animale propos\u00e9es aux d\u00e9tenus : le niveau d&#8217;immersion \u00e9tait in\u00e9galable.<\/p>\n<p><strong>Son super pouvoir<\/strong> : J&#8217;ai r\u00e9ponse \u00e0 tout (mais je ne garantis pas qu&#8217;on aime la r\u00e9ponse \u00e0 chaque fois)<\/p>\n<p><strong>Son petit mot<\/strong> : N&#8217;ayez pas peur d&#8217;oser mais ne vous oubliez jamais.<\/p>\n<p><strong> Lieu<\/strong> : Sist&#8217;Her Paris, 82 rue du Faubourg Saint-Martin<\/p>\n<p><strong>Attention !<\/strong> Veuillez vous pr\u00e9senter \u00e0 l&#8217;heure pour que l&#8217;activit\u00e9 puisse commencer \u00e0 temps. Si vous avez du retard veuillez pr\u00e9venir l&#8217;intervenant.e. Si vous avez plus de 15 min de retard l&#8217;intervenant.e se r\u00e9serve le droit de ne plus vous accepter pour le coaching ou l&#8217;atelier.<\/p>\n","protected":false},"featured_media":209764,"template":"","format":"standard","meta":{"_acf_changed":false,"om_disable_all_campaigns":false,"_uf_show_specific_survey":0,"_uf_disable_surveys":false},"product_brand":[],"product_cat":[118],"product_tag":[],"lieu":[127],"thematiques":[],"class_list":{"0":"post-209409","1":"product","2":"type-product","3":"status-publish","4":"format-standard","5":"has-post-thumbnail","7":"product_cat-atelier-collectif","8":"lieu-hub-empowher","10":"first","11":"instock","12":"virtual","13":"purchasable","14":"product-type-appointment"},"exclude_global_add_ons":[],"addons":[],"acf":[],"yoast_head":"<!-- This site is optimized with the Yoast SEO plugin v24.8 - https:\/\/yoast.com\/wordpress\/plugins\/seo\/ -->\n<title>Atelier - Etude de march\u00e9 : construire son questionnaire - Empow&#039;Her<\/title>\n<meta name=\"robots\" content=\"index, follow, max-snippet:-1, max-image-preview:large, max-video-preview:-1\" \/>\n<link rel=\"canonical\" href=\"https:\/\/empow-her.com\/produit\/atelier-etude-de-marche-construire-son-questionnaire\/\" \/>\n<meta property=\"og:locale\" content=\"es_ES\" \/>\n<meta property=\"og:type\" content=\"article\" \/>\n<meta property=\"og:title\" content=\"Atelier - Etude de march\u00e9 : construire son questionnaire - Empow&#039;Her\" \/>\n<meta property=\"og:description\" content=\"Description :  Besoins: &quot;Vous avez d\u00e9fini votre offre de produit(s) ou de service(s) et vous avez identifi\u00e9 votre cible mais vous avez souhaitez mieux conna\u00eetre ses besoins et son contexte ? Vous \u00eates pr\u00eats \u00e0 mener des entretiens et des enqu\u00eates mais vous ne savez pas comment construire votre questionnaire ?&quot;  Pendant cet atelier, nous parcourrons ensemble plusieurs th\u00e9matiques : - L\u2019int\u00e9r\u00eat d\u2019une \u00e9tude de march\u00e9 et de la segmentation - L\u2019identification des hypoth\u00e8ses \u00e0 v\u00e9rifier par l\u2019\u00e9tude de march\u00e9 - Des outils et m\u00e9thodes pour construire son questionnaire - L\u2019approche \u00e0 adopter pour r\u00e9cup\u00e9rer et traiter les bonnes informations pour votre projet  A la fin de l&#039;atelier, vous aurez des outils et m\u00e9thodes efficaces pour construire et utiliser un questionnaire utile \u00e0 votre \u00e9tude de march\u00e9. Vous pourrez obtenir des informations qualifi\u00e9es qui vous permettront d\u2019am\u00e9liorer votre offre gr\u00e2ce \u00e0 une meilleure compr\u00e9hension de votre cible.  Objectifs:   Bien comprendre les principes d\u2019une \u00e9tude de march\u00e9 et l\u2019int\u00e9r\u00eat du ciblage de ses b\u00e9n\u00e9ficiaires ;  Savoir poser les bonnes questions pour comprendre les besoins et le contexte de ses cibles ;  Construire le questionnaire pour v\u00e9rifier ses hypoth\u00e8ses ;  Adopter la bonne posture et conna\u00eetre les bonnes pratiques pour r\u00e9ussir ses entretiens ;  Traiter efficacement les donn\u00e9es pour enrichir son \u00e9tude de march\u00e9.  &nbsp;  Pr\u00e9-requis : Aucun  Intervenant.e.s : Alice De Castelnau de Plus 1  J&#039;accompagne les associations, les entreprises et les porteur.euse.s de projets \u00e0 fort impact depuis bient\u00f4t 15 ans sur leurs probl\u00e9matiques de d\u00e9veloppement et d&#039;organisation. Mes dadas : la strat\u00e9gie de d\u00e9veloppement et la strat\u00e9gie commerciale, en particulier quand il faut inventer des mod\u00e8les hybrides : pas 100% lucratif et pas 100% non lucratif. Sant\u00e9, mal logement, migrations, mode \u00e9thique ou encore mobilit\u00e9 douce, je suis intervenue dans beaucoup de secteurs et tous me passionnent. Hasard ou pas, les porteuses de projet que j&#039;ai accompagn\u00e9 individuellement \u00e9taient toutes des femmes. J&#039;ai moi-m\u00eame lanc\u00e9 un projet entrepreneurial il y a quelques ann\u00e9es, ce qui m&#039;a permis d&#039;identifier clairement les difficult\u00e9s auxquelles on est confront\u00e9.e, les facteurs de succ\u00e8s, les facteurs d&#039;\u00e9chec. L&#039;exp\u00e9rience la plus marquante (pour moi) est une mission d&#039;observation dans la maison d&#039;arr\u00eat de Mulhouse pour analyser des m\u00e9thodes de m\u00e9diation animale propos\u00e9es aux d\u00e9tenus : le niveau d&#039;immersion \u00e9tait in\u00e9galable.  Son super pouvoir : J&#039;ai r\u00e9ponse \u00e0 tout (mais je ne garantis pas qu&#039;on aime la r\u00e9ponse \u00e0 chaque fois)  Son petit mot : N&#039;ayez pas peur d&#039;oser mais ne vous oubliez jamais.   Lieu : Sist&#039;Her Paris, 82 rue du Faubourg Saint-Martin  Attention ! Veuillez vous pr\u00e9senter \u00e0 l&#039;heure pour que l&#039;activit\u00e9 puisse commencer \u00e0 temps. Si vous avez du retard veuillez pr\u00e9venir l&#039;intervenant.e. Si vous avez plus de 15 min de retard l&#039;intervenant.e se r\u00e9serve le droit de ne plus vous accepter pour le coaching ou l&#039;atelier.\" \/>\n<meta property=\"og:url\" content=\"https:\/\/empow-her.com\/produit\/atelier-etude-de-marche-construire-son-questionnaire\/\" \/>\n<meta property=\"og:site_name\" content=\"Empow&#039;Her\" \/>\n<meta property=\"article:modified_time\" content=\"2023-10-20T14:10:41+00:00\" \/>\n<meta property=\"og:image\" content=\"https:\/\/empow-her.com\/wp-content\/uploads\/2023\/10\/Women-Dare-templates-events-7.png\" \/>\n\t<meta property=\"og:image:width\" content=\"1080\" \/>\n\t<meta property=\"og:image:height\" content=\"1080\" \/>\n\t<meta property=\"og:image:type\" content=\"image\/png\" \/>\n<meta name=\"twitter:card\" content=\"summary_large_image\" \/>\n<meta name=\"twitter:label1\" content=\"Tiempo de lectura\" \/>\n\t<meta name=\"twitter:data1\" content=\"3 minutos\" \/>\n<script type=\"application\/ld+json\" class=\"yoast-schema-graph\">{\"@context\":\"https:\/\/schema.org\",\"@graph\":[{\"@type\":\"WebPage\",\"@id\":\"https:\/\/empow-her.com\/produit\/atelier-etude-de-marche-construire-son-questionnaire\/\",\"url\":\"https:\/\/empow-her.com\/produit\/atelier-etude-de-marche-construire-son-questionnaire\/\",\"name\":\"Atelier - Etude de march\u00e9 : construire son questionnaire - Empow&#039;Her\",\"isPartOf\":{\"@id\":\"https:\/\/empow-her.com\/#website\"},\"primaryImageOfPage\":{\"@id\":\"https:\/\/empow-her.com\/produit\/atelier-etude-de-marche-construire-son-questionnaire\/#primaryimage\"},\"image\":{\"@id\":\"https:\/\/empow-her.com\/produit\/atelier-etude-de-marche-construire-son-questionnaire\/#primaryimage\"},\"thumbnailUrl\":\"https:\/\/empow-her.com\/wp-content\/uploads\/2023\/10\/Women-Dare-templates-events-7.png\",\"datePublished\":\"2023-10-16T16:20:47+00:00\",\"dateModified\":\"2023-10-20T14:10:41+00:00\",\"breadcrumb\":{\"@id\":\"https:\/\/empow-her.com\/produit\/atelier-etude-de-marche-construire-son-questionnaire\/#breadcrumb\"},\"inLanguage\":\"es\",\"potentialAction\":[{\"@type\":\"ReadAction\",\"target\":[\"https:\/\/empow-her.com\/produit\/atelier-etude-de-marche-construire-son-questionnaire\/\"]}]},{\"@type\":\"ImageObject\",\"inLanguage\":\"es\",\"@id\":\"https:\/\/empow-her.com\/produit\/atelier-etude-de-marche-construire-son-questionnaire\/#primaryimage\",\"url\":\"https:\/\/empow-her.com\/wp-content\/uploads\/2023\/10\/Women-Dare-templates-events-7.png\",\"contentUrl\":\"https:\/\/empow-her.com\/wp-content\/uploads\/2023\/10\/Women-Dare-templates-events-7.png\",\"width\":1080,\"height\":1080},{\"@type\":\"BreadcrumbList\",\"@id\":\"https:\/\/empow-her.com\/produit\/atelier-etude-de-marche-construire-son-questionnaire\/#breadcrumb\",\"itemListElement\":[{\"@type\":\"ListItem\",\"position\":1,\"name\":\"Accueil\",\"item\":\"https:\/\/empow-her.com\/es\/inicio\/\"},{\"@type\":\"ListItem\",\"position\":2,\"name\":\"LA BOUTIQUE\",\"item\":\"https:\/\/empow-her.com\/boutique\/\"},{\"@type\":\"ListItem\",\"position\":3,\"name\":\"Atelier &#8211; Etude de march\u00e9 : construire son questionnaire\"}]},{\"@type\":\"WebSite\",\"@id\":\"https:\/\/empow-her.com\/#website\",\"url\":\"https:\/\/empow-her.com\/\",\"name\":\"Empow&#039;Her\",\"description\":\"Women Development\",\"potentialAction\":[{\"@type\":\"SearchAction\",\"target\":{\"@type\":\"EntryPoint\",\"urlTemplate\":\"https:\/\/empow-her.com\/?s={search_term_string}\"},\"query-input\":{\"@type\":\"PropertyValueSpecification\",\"valueRequired\":true,\"valueName\":\"search_term_string\"}}],\"inLanguage\":\"es\"}]}<\/script>\n<!-- \/ Yoast SEO plugin. -->","yoast_head_json":{"title":"Atelier - Etude de march\u00e9 : construire son questionnaire - Empow&#039;Her","robots":{"index":"index","follow":"follow","max-snippet":"max-snippet:-1","max-image-preview":"max-image-preview:large","max-video-preview":"max-video-preview:-1"},"canonical":"https:\/\/empow-her.com\/produit\/atelier-etude-de-marche-construire-son-questionnaire\/","og_locale":"es_ES","og_type":"article","og_title":"Atelier - Etude de march\u00e9 : construire son questionnaire - Empow&#039;Her","og_description":"Description :  Besoins: \"Vous avez d\u00e9fini votre offre de produit(s) ou de service(s) et vous avez identifi\u00e9 votre cible mais vous avez souhaitez mieux conna\u00eetre ses besoins et son contexte ? Vous \u00eates pr\u00eats \u00e0 mener des entretiens et des enqu\u00eates mais vous ne savez pas comment construire votre questionnaire ?\"  Pendant cet atelier, nous parcourrons ensemble plusieurs th\u00e9matiques : - L\u2019int\u00e9r\u00eat d\u2019une \u00e9tude de march\u00e9 et de la segmentation - L\u2019identification des hypoth\u00e8ses \u00e0 v\u00e9rifier par l\u2019\u00e9tude de march\u00e9 - Des outils et m\u00e9thodes pour construire son questionnaire - L\u2019approche \u00e0 adopter pour r\u00e9cup\u00e9rer et traiter les bonnes informations pour votre projet  A la fin de l'atelier, vous aurez des outils et m\u00e9thodes efficaces pour construire et utiliser un questionnaire utile \u00e0 votre \u00e9tude de march\u00e9. Vous pourrez obtenir des informations qualifi\u00e9es qui vous permettront d\u2019am\u00e9liorer votre offre gr\u00e2ce \u00e0 une meilleure compr\u00e9hension de votre cible.  Objectifs:   Bien comprendre les principes d\u2019une \u00e9tude de march\u00e9 et l\u2019int\u00e9r\u00eat du ciblage de ses b\u00e9n\u00e9ficiaires ;  Savoir poser les bonnes questions pour comprendre les besoins et le contexte de ses cibles ;  Construire le questionnaire pour v\u00e9rifier ses hypoth\u00e8ses ;  Adopter la bonne posture et conna\u00eetre les bonnes pratiques pour r\u00e9ussir ses entretiens ;  Traiter efficacement les donn\u00e9es pour enrichir son \u00e9tude de march\u00e9.  &nbsp;  Pr\u00e9-requis : Aucun  Intervenant.e.s : Alice De Castelnau de Plus 1  J'accompagne les associations, les entreprises et les porteur.euse.s de projets \u00e0 fort impact depuis bient\u00f4t 15 ans sur leurs probl\u00e9matiques de d\u00e9veloppement et d'organisation. Mes dadas : la strat\u00e9gie de d\u00e9veloppement et la strat\u00e9gie commerciale, en particulier quand il faut inventer des mod\u00e8les hybrides : pas 100% lucratif et pas 100% non lucratif. Sant\u00e9, mal logement, migrations, mode \u00e9thique ou encore mobilit\u00e9 douce, je suis intervenue dans beaucoup de secteurs et tous me passionnent. Hasard ou pas, les porteuses de projet que j'ai accompagn\u00e9 individuellement \u00e9taient toutes des femmes. J'ai moi-m\u00eame lanc\u00e9 un projet entrepreneurial il y a quelques ann\u00e9es, ce qui m'a permis d'identifier clairement les difficult\u00e9s auxquelles on est confront\u00e9.e, les facteurs de succ\u00e8s, les facteurs d'\u00e9chec. L'exp\u00e9rience la plus marquante (pour moi) est une mission d'observation dans la maison d'arr\u00eat de Mulhouse pour analyser des m\u00e9thodes de m\u00e9diation animale propos\u00e9es aux d\u00e9tenus : le niveau d'immersion \u00e9tait in\u00e9galable.  Son super pouvoir : J'ai r\u00e9ponse \u00e0 tout (mais je ne garantis pas qu'on aime la r\u00e9ponse \u00e0 chaque fois)  Son petit mot : N'ayez pas peur d'oser mais ne vous oubliez jamais.   Lieu : Sist'Her Paris, 82 rue du Faubourg Saint-Martin  Attention ! Veuillez vous pr\u00e9senter \u00e0 l'heure pour que l'activit\u00e9 puisse commencer \u00e0 temps. Si vous avez du retard veuillez pr\u00e9venir l'intervenant.e. Si vous avez plus de 15 min de retard l'intervenant.e se r\u00e9serve le droit de ne plus vous accepter pour le coaching ou l'atelier.","og_url":"https:\/\/empow-her.com\/produit\/atelier-etude-de-marche-construire-son-questionnaire\/","og_site_name":"Empow&#039;Her","article_modified_time":"2023-10-20T14:10:41+00:00","og_image":[{"width":1080,"height":1080,"url":"https:\/\/empow-her.com\/wp-content\/uploads\/2023\/10\/Women-Dare-templates-events-7.png","type":"image\/png"}],"twitter_card":"summary_large_image","twitter_misc":{"Tiempo de lectura":"3 minutos"},"schema":{"@context":"https:\/\/schema.org","@graph":[{"@type":"WebPage","@id":"https:\/\/empow-her.com\/produit\/atelier-etude-de-marche-construire-son-questionnaire\/","url":"https:\/\/empow-her.com\/produit\/atelier-etude-de-marche-construire-son-questionnaire\/","name":"Atelier - Etude de march\u00e9 : construire son questionnaire - Empow&#039;Her","isPartOf":{"@id":"https:\/\/empow-her.com\/#website"},"primaryImageOfPage":{"@id":"https:\/\/empow-her.com\/produit\/atelier-etude-de-marche-construire-son-questionnaire\/#primaryimage"},"image":{"@id":"https:\/\/empow-her.com\/produit\/atelier-etude-de-marche-construire-son-questionnaire\/#primaryimage"},"thumbnailUrl":"https:\/\/empow-her.com\/wp-content\/uploads\/2023\/10\/Women-Dare-templates-events-7.png","datePublished":"2023-10-16T16:20:47+00:00","dateModified":"2023-10-20T14:10:41+00:00","breadcrumb":{"@id":"https:\/\/empow-her.com\/produit\/atelier-etude-de-marche-construire-son-questionnaire\/#breadcrumb"},"inLanguage":"es","potentialAction":[{"@type":"ReadAction","target":["https:\/\/empow-her.com\/produit\/atelier-etude-de-marche-construire-son-questionnaire\/"]}]},{"@type":"ImageObject","inLanguage":"es","@id":"https:\/\/empow-her.com\/produit\/atelier-etude-de-marche-construire-son-questionnaire\/#primaryimage","url":"https:\/\/empow-her.com\/wp-content\/uploads\/2023\/10\/Women-Dare-templates-events-7.png","contentUrl":"https:\/\/empow-her.com\/wp-content\/uploads\/2023\/10\/Women-Dare-templates-events-7.png","width":1080,"height":1080},{"@type":"BreadcrumbList","@id":"https:\/\/empow-her.com\/produit\/atelier-etude-de-marche-construire-son-questionnaire\/#breadcrumb","itemListElement":[{"@type":"ListItem","position":1,"name":"Accueil","item":"https:\/\/empow-her.com\/es\/inicio\/"},{"@type":"ListItem","position":2,"name":"LA BOUTIQUE","item":"https:\/\/empow-her.com\/boutique\/"},{"@type":"ListItem","position":3,"name":"Atelier &#8211; Etude de march\u00e9 : construire son questionnaire"}]},{"@type":"WebSite","@id":"https:\/\/empow-her.com\/#website","url":"https:\/\/empow-her.com\/","name":"Empow&#039;Her","description":"Women Development","potentialAction":[{"@type":"SearchAction","target":{"@type":"EntryPoint","urlTemplate":"https:\/\/empow-her.com\/?s={search_term_string}"},"query-input":{"@type":"PropertyValueSpecification","valueRequired":true,"valueName":"search_term_string"}}],"inLanguage":"es"}]}},"_links":{"self":[{"href":"https:\/\/empow-her.com\/es\/wp-json\/wp\/v2\/product\/209409","targetHints":{"allow":["GET"]}}],"collection":[{"href":"https:\/\/empow-her.com\/es\/wp-json\/wp\/v2\/product"}],"about":[{"href":"https:\/\/empow-her.com\/es\/wp-json\/wp\/v2\/types\/product"}],"wp:featuredmedia":[{"embeddable":true,"href":"https:\/\/empow-her.com\/es\/wp-json\/wp\/v2\/media\/209764"}],"wp:attachment":[{"href":"https:\/\/empow-her.com\/es\/wp-json\/wp\/v2\/media?parent=209409"}],"wp:term":[{"taxonomy":"product_brand","embeddable":true,"href":"https:\/\/empow-her.com\/es\/wp-json\/wp\/v2\/product_brand?post=209409"},{"taxonomy":"product_cat","embeddable":true,"href":"https:\/\/empow-her.com\/es\/wp-json\/wp\/v2\/product_cat?post=209409"},{"taxonomy":"product_tag","embeddable":true,"href":"https:\/\/empow-her.com\/es\/wp-json\/wp\/v2\/product_tag?post=209409"},{"taxonomy":"lieu","embeddable":true,"href":"https:\/\/empow-her.com\/es\/wp-json\/wp\/v2\/lieu?post=209409"},{"taxonomy":"thematiques","embeddable":true,"href":"https:\/\/empow-her.com\/es\/wp-json\/wp\/v2\/thematiques?post=209409"}],"curies":[{"name":"wp","href":"https:\/\/api.w.org\/{rel}","templated":true}]}}