{"id":208307,"date":"2023-10-13T14:26:46","date_gmt":"2023-10-13T12:26:46","guid":{"rendered":"https:\/\/empow-her.com\/?post_type=product&#038;p=208307"},"modified":"2023-11-09T16:02:13","modified_gmt":"2023-11-09T15:02:13","slug":"creer-son-entreprise-pourquoi-pas-vous-elles-osent","status":"publish","type":"product","link":"https:\/\/empow-her.com\/es\/produit\/creer-son-entreprise-pourquoi-pas-vous-elles-osent\/","title":{"rendered":"Cr\u00e9er son entreprise pourquoi pas vous? Elles osent !"},"content":{"rendered":"<p>Envie de rencontrer des femmes qui ont os\u00e9 se lancer dans l&#8217;aventure entrepreneuriale ? Le club des femmes entrepreneuses vous convie \u00e0 leur \u00e9v\u00e8nement autour de la cr\u00e9ation d&#8217;entreprise &#x2728;<\/p>\n<p>Au programme, Networking, des ateliers th\u00e9matiques, des stands tenus par des cr\u00e9atrices, des conf\u00e9rences autour de l&#8217;entrepreneuriat. Venez rencontrer des femmes inspirantes ! &#x1f4aa;<\/p>\n<p>P\u00f4le emploi pour le Club des Femmes Entrepreneuses organise cet \u00e9v\u00e9nement <strong>vendredi 10 novembre de 14 h \u00e0 18h<\/strong> avec comme invit\u00e9.e.s :<\/p>\n<ul>\n<li>La marraine de l&#8217;\u00e9v\u00e9nement : <strong>Faten Benhammed<\/strong>, Directrice des partenariats, des \u00e9v\u00e9nements sp\u00e9ciaux et de l&#8217;influence de HEADN. Elle est aussi engag\u00e9e dans l&#8217;entrepreneuriat au f\u00e9minin.<\/li>\n<li>Le parrain : <strong>Patrice Begay<\/strong>, Vice pr\u00e9sident communication du groupe TALAN.<\/li>\n<\/ul>\n<p>Le club des femmes entrepreneuses qu&#8217;est-ce que c&#8217;est ? &#x1f9d0;<br \/>\n&#x1f449; C&#8217;est une action qui a \u00e9t\u00e9 lanc\u00e9 \u00e0 la demande de demandeuses d&#8217;emploi qui souhaitaient un accompagnement sp\u00e9cifique par P\u00f4le emploi et avoir un lieu ressources o\u00f9 rencontrer d&#8217;autres femmes. Lanc\u00e9 en 2020, le club compte aujourd&#8217;hui plus de 150 femmes. Beaucoup d&#8217;entre elles ont os\u00e9 franchir le pas gr\u00e2ce \u00e0 ce club. L&#8217;agence P\u00f4le emploi de Juvisy d&#8217;o\u00f9 est parti le concept, se positionne comme facilitateur afin que ces femmes puissent trouver au sein du Club bienveillance, sororit\u00e9, informations, entraide, solidarit\u00e9 et rencontrer les acteurs de la cr\u00e9ation d&#8217;entreprise.<\/p>\n<p>Infos pratiques :<br \/>\n&#x1f4c5; Vendredi 10 novembre de 14h00 \u00e0 18h00<br \/>\n<img decoding=\"async\" src=\"https:\/\/static.xx.fbcdn.net\/images\/emoji.php\/v9\/t8b\/1.5\/16\/1f516.png\" alt=\"&#x1f516;\" width=\"16\" height=\"16\" \/>\u00a0R\u00e9servation gratuite obligatoire<\/p>\n<p>&#x1f4cd; Sist\u2019Her : 82 rue du Faubourg Saint-Martin 75010 Paris<br \/>\nOuvert en mars 2021, Sist\u2019Her est le premier tiers-lieu sorore, d\u00e9di\u00e9 aux entrepreneuses et \u00e0 l\u2019impact en \u00cele-de-France. Port\u00e9 par l\u2019association Empow\u2019Her, c\u2019est un lieu de formations et de rencontres inclusif et collaboratif, ouvert \u00e0 tou\u00b7te\u00b7s o\u00f9 il est possible de se former, s\u2019inspirer, s\u2019engager et se rencontrer.\u201d<\/p>\n<p>\u00c0 tr\u00e8s vite ! &#x2600;&#xfe0f;<\/p>\n","protected":false},"excerpt":{"rendered":"<p>Envie de rencontrer des femmes qui ont os\u00e9 se lancer dans l&#8217;aventure entrepreneuriale ? Le club des femmes zntrepreneuses vous convie \u00e0 leur \u00e9v\u00e8nement autour de la cr\u00e9ation d&#8217;entreprise &#x2728;<\/p>\n<p>Au programme, Networking, des ateliers th\u00e9matiques, des stands tenus par des cr\u00e9atrices, des conf\u00e9rences autour de l&#8217;entrepreneuriat. Venez rencontrer des femmes inspirantes ! &#x1f4aa;<\/p>\n<p>P\u00f4le emploi pour le Club des Femmes Entrepreneuses organise cet \u00e9v\u00e9nement <strong>vendredi 10 novembre de 14 h \u00e0 18h<\/strong> avec comme invit\u00e9.e.s :<\/p>\n<ul>\n<li>La marraine de l&#8217;\u00e9v\u00e9nement : <strong>Faten Benhammed<\/strong>, Directrice des partenariats, des \u00e9v\u00e9nements sp\u00e9ciaux et de l&#8217;influence de HEADN. Elle est aussi engag\u00e9e dans l&#8217;entrepreneuriat au f\u00e9minin.<\/li>\n<li>Le parrain : <strong>Patrice Begay<\/strong>, Vice pr\u00e9sident communication du groupe TALAN.<\/li>\n<\/ul>\n<p>Le club des femmes entrepreneuses qu&#8217;est-ce que c&#8217;est ? &#x1f9d0;<br \/>\n&#x1f449; C&#8217;est une action qui a \u00e9t\u00e9 lanc\u00e9 \u00e0 la demande de demandeuses d&#8217;emploi qui souhaitaient un accompagnement sp\u00e9cifique par P\u00f4le emploi et avoir un lieu ressources o\u00f9 rencontrer d&#8217;autres femmes. Lanc\u00e9 en 2020, le club compte aujourd&#8217;hui plus de 150 femmes. Beaucoup d&#8217;entre elles ont os\u00e9 franchir le pas gr\u00e2ce \u00e0 ce club. L&#8217;agence P\u00f4le emploi de Juvisy d&#8217;o\u00f9 est parti le concept, se positionne comme facilitateur afin que ces femmes puissent trouver au sein du Club bienveillance, sororit\u00e9, informations, entraide, solidarit\u00e9 et rencontrer les acteurs de la cr\u00e9ation d&#8217;entreprise.<\/p>\n<p>Infos pratiques :<br \/>\n&#x1f4c5; Vendredi 10 novembre de 14h00 \u00e0 18h00<br \/>\n<img decoding=\"async\" src=\"https:\/\/static.xx.fbcdn.net\/images\/emoji.php\/v9\/t8b\/1.5\/16\/1f516.png\" alt=\"&#x1f516;\" width=\"16\" height=\"16\" \/>\u00a0R\u00e9servation gratuite obligatoire<\/p>\n<p>&#x1f4cd; Sist\u2019Her : 82 rue du Faubourg Saint-Martin 75010 Paris<br \/>\nOuvert en mars 2021, Sist\u2019Her est le premier tiers-lieu sorore, d\u00e9di\u00e9 aux entrepreneuses et \u00e0 l\u2019impact en \u00cele-de-France. Port\u00e9 par l\u2019association Empow\u2019Her, c\u2019est un lieu de formations et de rencontres inclusif et collaboratif, ouvert \u00e0 tou\u00b7te\u00b7s o\u00f9 il est possible de se former, s\u2019inspirer, s\u2019engager et se rencontrer.\u201d<\/p>\n<p>\u00c0 tr\u00e8s vite ! &#x2600;&#xfe0f;<\/p>\n","protected":false},"featured_media":208312,"template":"","format":"standard","meta":{"_acf_changed":false,"om_disable_all_campaigns":false,"_uf_show_specific_survey":0,"_uf_disable_surveys":false},"product_brand":[],"product_cat":[119],"product_tag":[],"lieu":[127],"thematiques":[],"class_list":{"0":"post-208307","1":"product","2":"type-product","3":"status-publish","4":"format-standard","5":"has-post-thumbnail","7":"product_cat-evenement-sisther","8":"lieu-hub-empowher","10":"first","11":"instock","12":"virtual","13":"purchasable","14":"product-type-appointment"},"exclude_global_add_ons":[],"addons":[],"acf":[],"yoast_head":"<!-- This site is optimized with the Yoast SEO plugin v24.8 - https:\/\/yoast.com\/wordpress\/plugins\/seo\/ -->\n<title>Cr\u00e9er son entreprise pourquoi pas vous? Elles osent ! - Empow&#039;Her<\/title>\n<meta name=\"robots\" content=\"index, follow, max-snippet:-1, max-image-preview:large, max-video-preview:-1\" \/>\n<link rel=\"canonical\" href=\"https:\/\/empow-her.com\/produit\/creer-son-entreprise-pourquoi-pas-vous-elles-osent\/\" \/>\n<meta property=\"og:locale\" content=\"es_ES\" \/>\n<meta property=\"og:type\" content=\"article\" \/>\n<meta property=\"og:title\" content=\"Cr\u00e9er son entreprise pourquoi pas vous? Elles osent ! - Empow&#039;Her\" \/>\n<meta property=\"og:description\" content=\"Envie de rencontrer des femmes qui ont os\u00e9 se lancer dans l&#039;aventure entrepreneuriale ? Le club des femmes zntrepreneuses vous convie \u00e0 leur \u00e9v\u00e8nement autour de la cr\u00e9ation d&#039;entreprise &#x2728;  Au programme, Networking, des ateliers th\u00e9matiques, des stands tenus par des cr\u00e9atrices, des conf\u00e9rences autour de l&#039;entrepreneuriat. Venez rencontrer des femmes inspirantes ! &#x1f4aa;  P\u00f4le emploi pour le Club des Femmes Entrepreneuses organise cet \u00e9v\u00e9nement vendredi 10 novembre de 14 h \u00e0 18h avec comme invit\u00e9.e.s :   La marraine de l&#039;\u00e9v\u00e9nement : Faten Benhammed, Directrice des partenariats, des \u00e9v\u00e9nements sp\u00e9ciaux et de l&#039;influence de HEADN. Elle est aussi engag\u00e9e dans l&#039;entrepreneuriat au f\u00e9minin.  Le parrain : Patrice Begay, Vice pr\u00e9sident communication du groupe TALAN.  Le club des femmes entrepreneuses qu&#039;est-ce que c&#039;est ? &#x1f9d0; &#x1f449; C&#039;est une action qui a \u00e9t\u00e9 lanc\u00e9 \u00e0 la demande de demandeuses d&#039;emploi qui souhaitaient un accompagnement sp\u00e9cifique par P\u00f4le emploi et avoir un lieu ressources o\u00f9 rencontrer d&#039;autres femmes. Lanc\u00e9 en 2020, le club compte aujourd&#039;hui plus de 150 femmes. Beaucoup d&#039;entre elles ont os\u00e9 franchir le pas gr\u00e2ce \u00e0 ce club. L&#039;agence P\u00f4le emploi de Juvisy d&#039;o\u00f9 est parti le concept, se positionne comme facilitateur afin que ces femmes puissent trouver au sein du Club bienveillance, sororit\u00e9, informations, entraide, solidarit\u00e9 et rencontrer les acteurs de la cr\u00e9ation d&#039;entreprise.  Infos pratiques : &#x1f4c5; Vendredi 10 novembre de 14h00 \u00e0 18h00 \u00a0R\u00e9servation gratuite obligatoire  &#x1f4cd; Sist\u2019Her : 82 rue du Faubourg Saint-Martin 75010 Paris Ouvert en mars 2021, Sist\u2019Her est le premier tiers-lieu sorore, d\u00e9di\u00e9 aux entrepreneuses et \u00e0 l\u2019impact en \u00cele-de-France. Port\u00e9 par l\u2019association Empow\u2019Her, c\u2019est un lieu de formations et de rencontres inclusif et collaboratif, ouvert \u00e0 tou\u00b7te\u00b7s o\u00f9 il est possible de se former, s\u2019inspirer, s\u2019engager et se rencontrer.\u201d  \u00c0 tr\u00e8s vite ! &#x2600;&#xfe0f;\" \/>\n<meta property=\"og:url\" content=\"https:\/\/empow-her.com\/produit\/creer-son-entreprise-pourquoi-pas-vous-elles-osent\/\" \/>\n<meta property=\"og:site_name\" content=\"Empow&#039;Her\" \/>\n<meta property=\"article:modified_time\" content=\"2023-11-09T15:02:13+00:00\" \/>\n<meta property=\"og:image\" content=\"https:\/\/empow-her.com\/wp-content\/uploads\/2023\/10\/shetalks-economie-circulaire-6-1.png\" \/>\n\t<meta property=\"og:image:width\" content=\"1080\" \/>\n\t<meta property=\"og:image:height\" content=\"1080\" \/>\n\t<meta property=\"og:image:type\" content=\"image\/png\" \/>\n<meta name=\"twitter:card\" content=\"summary_large_image\" \/>\n<meta name=\"twitter:label1\" content=\"Tiempo de lectura\" \/>\n\t<meta name=\"twitter:data1\" content=\"2 minutos\" \/>\n<script type=\"application\/ld+json\" class=\"yoast-schema-graph\">{\"@context\":\"https:\/\/schema.org\",\"@graph\":[{\"@type\":\"WebPage\",\"@id\":\"https:\/\/empow-her.com\/produit\/creer-son-entreprise-pourquoi-pas-vous-elles-osent\/\",\"url\":\"https:\/\/empow-her.com\/produit\/creer-son-entreprise-pourquoi-pas-vous-elles-osent\/\",\"name\":\"Cr\u00e9er son entreprise pourquoi pas vous? Elles osent ! - Empow&#039;Her\",\"isPartOf\":{\"@id\":\"https:\/\/empow-her.com\/#website\"},\"primaryImageOfPage\":{\"@id\":\"https:\/\/empow-her.com\/produit\/creer-son-entreprise-pourquoi-pas-vous-elles-osent\/#primaryimage\"},\"image\":{\"@id\":\"https:\/\/empow-her.com\/produit\/creer-son-entreprise-pourquoi-pas-vous-elles-osent\/#primaryimage\"},\"thumbnailUrl\":\"https:\/\/empow-her.com\/wp-content\/uploads\/2023\/10\/shetalks-economie-circulaire-6-1.png\",\"datePublished\":\"2023-10-13T12:26:46+00:00\",\"dateModified\":\"2023-11-09T15:02:13+00:00\",\"breadcrumb\":{\"@id\":\"https:\/\/empow-her.com\/produit\/creer-son-entreprise-pourquoi-pas-vous-elles-osent\/#breadcrumb\"},\"inLanguage\":\"es\",\"potentialAction\":[{\"@type\":\"ReadAction\",\"target\":[\"https:\/\/empow-her.com\/produit\/creer-son-entreprise-pourquoi-pas-vous-elles-osent\/\"]}]},{\"@type\":\"ImageObject\",\"inLanguage\":\"es\",\"@id\":\"https:\/\/empow-her.com\/produit\/creer-son-entreprise-pourquoi-pas-vous-elles-osent\/#primaryimage\",\"url\":\"https:\/\/empow-her.com\/wp-content\/uploads\/2023\/10\/shetalks-economie-circulaire-6-1.png\",\"contentUrl\":\"https:\/\/empow-her.com\/wp-content\/uploads\/2023\/10\/shetalks-economie-circulaire-6-1.png\",\"width\":1080,\"height\":1080},{\"@type\":\"BreadcrumbList\",\"@id\":\"https:\/\/empow-her.com\/produit\/creer-son-entreprise-pourquoi-pas-vous-elles-osent\/#breadcrumb\",\"itemListElement\":[{\"@type\":\"ListItem\",\"position\":1,\"name\":\"Accueil\",\"item\":\"https:\/\/empow-her.com\/es\/inicio\/\"},{\"@type\":\"ListItem\",\"position\":2,\"name\":\"LA BOUTIQUE\",\"item\":\"https:\/\/empow-her.com\/boutique\/\"},{\"@type\":\"ListItem\",\"position\":3,\"name\":\"Cr\u00e9er son entreprise pourquoi pas vous? Elles osent !\"}]},{\"@type\":\"WebSite\",\"@id\":\"https:\/\/empow-her.com\/#website\",\"url\":\"https:\/\/empow-her.com\/\",\"name\":\"Empow&#039;Her\",\"description\":\"Women Development\",\"potentialAction\":[{\"@type\":\"SearchAction\",\"target\":{\"@type\":\"EntryPoint\",\"urlTemplate\":\"https:\/\/empow-her.com\/?s={search_term_string}\"},\"query-input\":{\"@type\":\"PropertyValueSpecification\",\"valueRequired\":true,\"valueName\":\"search_term_string\"}}],\"inLanguage\":\"es\"}]}<\/script>\n<!-- \/ Yoast SEO plugin. -->","yoast_head_json":{"title":"Cr\u00e9er son entreprise pourquoi pas vous? Elles osent ! - Empow&#039;Her","robots":{"index":"index","follow":"follow","max-snippet":"max-snippet:-1","max-image-preview":"max-image-preview:large","max-video-preview":"max-video-preview:-1"},"canonical":"https:\/\/empow-her.com\/produit\/creer-son-entreprise-pourquoi-pas-vous-elles-osent\/","og_locale":"es_ES","og_type":"article","og_title":"Cr\u00e9er son entreprise pourquoi pas vous? Elles osent ! - Empow&#039;Her","og_description":"Envie de rencontrer des femmes qui ont os\u00e9 se lancer dans l'aventure entrepreneuriale ? Le club des femmes zntrepreneuses vous convie \u00e0 leur \u00e9v\u00e8nement autour de la cr\u00e9ation d'entreprise &#x2728;  Au programme, Networking, des ateliers th\u00e9matiques, des stands tenus par des cr\u00e9atrices, des conf\u00e9rences autour de l'entrepreneuriat. Venez rencontrer des femmes inspirantes ! &#x1f4aa;  P\u00f4le emploi pour le Club des Femmes Entrepreneuses organise cet \u00e9v\u00e9nement vendredi 10 novembre de 14 h \u00e0 18h avec comme invit\u00e9.e.s :   La marraine de l'\u00e9v\u00e9nement : Faten Benhammed, Directrice des partenariats, des \u00e9v\u00e9nements sp\u00e9ciaux et de l'influence de HEADN. Elle est aussi engag\u00e9e dans l'entrepreneuriat au f\u00e9minin.  Le parrain : Patrice Begay, Vice pr\u00e9sident communication du groupe TALAN.  Le club des femmes entrepreneuses qu'est-ce que c'est ? &#x1f9d0; &#x1f449; C'est une action qui a \u00e9t\u00e9 lanc\u00e9 \u00e0 la demande de demandeuses d'emploi qui souhaitaient un accompagnement sp\u00e9cifique par P\u00f4le emploi et avoir un lieu ressources o\u00f9 rencontrer d'autres femmes. Lanc\u00e9 en 2020, le club compte aujourd'hui plus de 150 femmes. Beaucoup d'entre elles ont os\u00e9 franchir le pas gr\u00e2ce \u00e0 ce club. L'agence P\u00f4le emploi de Juvisy d'o\u00f9 est parti le concept, se positionne comme facilitateur afin que ces femmes puissent trouver au sein du Club bienveillance, sororit\u00e9, informations, entraide, solidarit\u00e9 et rencontrer les acteurs de la cr\u00e9ation d'entreprise.  Infos pratiques : &#x1f4c5; Vendredi 10 novembre de 14h00 \u00e0 18h00 \u00a0R\u00e9servation gratuite obligatoire  &#x1f4cd; Sist\u2019Her : 82 rue du Faubourg Saint-Martin 75010 Paris Ouvert en mars 2021, Sist\u2019Her est le premier tiers-lieu sorore, d\u00e9di\u00e9 aux entrepreneuses et \u00e0 l\u2019impact en \u00cele-de-France. Port\u00e9 par l\u2019association Empow\u2019Her, c\u2019est un lieu de formations et de rencontres inclusif et collaboratif, ouvert \u00e0 tou\u00b7te\u00b7s o\u00f9 il est possible de se former, s\u2019inspirer, s\u2019engager et se rencontrer.\u201d  \u00c0 tr\u00e8s vite ! &#x2600;&#xfe0f;","og_url":"https:\/\/empow-her.com\/produit\/creer-son-entreprise-pourquoi-pas-vous-elles-osent\/","og_site_name":"Empow&#039;Her","article_modified_time":"2023-11-09T15:02:13+00:00","og_image":[{"width":1080,"height":1080,"url":"https:\/\/empow-her.com\/wp-content\/uploads\/2023\/10\/shetalks-economie-circulaire-6-1.png","type":"image\/png"}],"twitter_card":"summary_large_image","twitter_misc":{"Tiempo de lectura":"2 minutos"},"schema":{"@context":"https:\/\/schema.org","@graph":[{"@type":"WebPage","@id":"https:\/\/empow-her.com\/produit\/creer-son-entreprise-pourquoi-pas-vous-elles-osent\/","url":"https:\/\/empow-her.com\/produit\/creer-son-entreprise-pourquoi-pas-vous-elles-osent\/","name":"Cr\u00e9er son entreprise pourquoi pas vous? Elles osent ! - Empow&#039;Her","isPartOf":{"@id":"https:\/\/empow-her.com\/#website"},"primaryImageOfPage":{"@id":"https:\/\/empow-her.com\/produit\/creer-son-entreprise-pourquoi-pas-vous-elles-osent\/#primaryimage"},"image":{"@id":"https:\/\/empow-her.com\/produit\/creer-son-entreprise-pourquoi-pas-vous-elles-osent\/#primaryimage"},"thumbnailUrl":"https:\/\/empow-her.com\/wp-content\/uploads\/2023\/10\/shetalks-economie-circulaire-6-1.png","datePublished":"2023-10-13T12:26:46+00:00","dateModified":"2023-11-09T15:02:13+00:00","breadcrumb":{"@id":"https:\/\/empow-her.com\/produit\/creer-son-entreprise-pourquoi-pas-vous-elles-osent\/#breadcrumb"},"inLanguage":"es","potentialAction":[{"@type":"ReadAction","target":["https:\/\/empow-her.com\/produit\/creer-son-entreprise-pourquoi-pas-vous-elles-osent\/"]}]},{"@type":"ImageObject","inLanguage":"es","@id":"https:\/\/empow-her.com\/produit\/creer-son-entreprise-pourquoi-pas-vous-elles-osent\/#primaryimage","url":"https:\/\/empow-her.com\/wp-content\/uploads\/2023\/10\/shetalks-economie-circulaire-6-1.png","contentUrl":"https:\/\/empow-her.com\/wp-content\/uploads\/2023\/10\/shetalks-economie-circulaire-6-1.png","width":1080,"height":1080},{"@type":"BreadcrumbList","@id":"https:\/\/empow-her.com\/produit\/creer-son-entreprise-pourquoi-pas-vous-elles-osent\/#breadcrumb","itemListElement":[{"@type":"ListItem","position":1,"name":"Accueil","item":"https:\/\/empow-her.com\/es\/inicio\/"},{"@type":"ListItem","position":2,"name":"LA BOUTIQUE","item":"https:\/\/empow-her.com\/boutique\/"},{"@type":"ListItem","position":3,"name":"Cr\u00e9er son entreprise pourquoi pas vous? Elles osent !"}]},{"@type":"WebSite","@id":"https:\/\/empow-her.com\/#website","url":"https:\/\/empow-her.com\/","name":"Empow&#039;Her","description":"Women Development","potentialAction":[{"@type":"SearchAction","target":{"@type":"EntryPoint","urlTemplate":"https:\/\/empow-her.com\/?s={search_term_string}"},"query-input":{"@type":"PropertyValueSpecification","valueRequired":true,"valueName":"search_term_string"}}],"inLanguage":"es"}]}},"_links":{"self":[{"href":"https:\/\/empow-her.com\/es\/wp-json\/wp\/v2\/product\/208307","targetHints":{"allow":["GET"]}}],"collection":[{"href":"https:\/\/empow-her.com\/es\/wp-json\/wp\/v2\/product"}],"about":[{"href":"https:\/\/empow-her.com\/es\/wp-json\/wp\/v2\/types\/product"}],"wp:featuredmedia":[{"embeddable":true,"href":"https:\/\/empow-her.com\/es\/wp-json\/wp\/v2\/media\/208312"}],"wp:attachment":[{"href":"https:\/\/empow-her.com\/es\/wp-json\/wp\/v2\/media?parent=208307"}],"wp:term":[{"taxonomy":"product_brand","embeddable":true,"href":"https:\/\/empow-her.com\/es\/wp-json\/wp\/v2\/product_brand?post=208307"},{"taxonomy":"product_cat","embeddable":true,"href":"https:\/\/empow-her.com\/es\/wp-json\/wp\/v2\/product_cat?post=208307"},{"taxonomy":"product_tag","embeddable":true,"href":"https:\/\/empow-her.com\/es\/wp-json\/wp\/v2\/product_tag?post=208307"},{"taxonomy":"lieu","embeddable":true,"href":"https:\/\/empow-her.com\/es\/wp-json\/wp\/v2\/lieu?post=208307"},{"taxonomy":"thematiques","embeddable":true,"href":"https:\/\/empow-her.com\/es\/wp-json\/wp\/v2\/thematiques?post=208307"}],"curies":[{"name":"wp","href":"https:\/\/api.w.org\/{rel}","templated":true}]}}