{"id":208012,"date":"2023-10-12T10:55:08","date_gmt":"2023-10-12T08:55:08","guid":{"rendered":"https:\/\/empow-her.com\/?post_type=product&#038;p=208012"},"modified":"2023-10-19T17:41:14","modified_gmt":"2023-10-19T15:41:14","slug":"coaching-droit-commercial-8","status":"publish","type":"product","link":"https:\/\/empow-her.com\/es\/produit\/coaching-droit-commercial-8\/","title":{"rendered":"Coaching &#8211; Droit commercial"},"content":{"rendered":"<p><b data-stringify-type=\"bold\">Description<\/b>\u00a0: Un coaching individuel avec un.e avocat.e pour poser vos questions de droit commercial !<br \/>\nQuelques exemples de sujet qui peuvent \u00eatre abord\u00e9s :<br \/>\n&#8211; Statuts juridiques, statuts de l\u2019ESS<br \/>\n&#8211; Comment s\u2019associer tout en s\u00e9curisant le projet ?<br \/>\n&#8211; Strat\u00e9gie de financement (lev\u00e9e de fonds, financements non-dilutifs)<br \/>\n&#8211; R\u00e9daction des premiers contrats, notamment CGV\/CGU<\/p>\n<p><b data-stringify-type=\"bold\"><i data-stringify-type=\"italic\">Pr\u00e9-requis<\/i><\/b><i data-stringify-type=\"italic\">\u00a0:<\/i><br \/>\n<span data-sheets-value=\"{&quot;1&quot;:2,&quot;2&quot;:&quot;nVous souhaitez vous inscrire \u00e0 cette session ? Merci d'indiquer votre besoin principal en remplissant ce questionnaire avant la session : https:\/\/airtable.com\/shrbpqpYDX8WKP0gJ nou communiquez-le par mail \u00e0 votre r\u00e9f\u00e9rente Empow'Her : nadege.serrero@empow-her.com&quot;}\" data-sheets-userformat=\"{&quot;2&quot;:4993,&quot;3&quot;:{&quot;1&quot;:0},&quot;10&quot;:1,&quot;11&quot;:4,&quot;12&quot;:0,&quot;15&quot;:&quot;Hind&quot;}\">Vous souhaitez vous inscrire \u00e0 cette session ? <strong>Merci d&#8217;indiquer votre besoin principal en remplissant ce questionnaire<\/strong> avant la session ou communiquez-le par mail \u00e0 votre r\u00e9f\u00e9rente Empow&#8217;Her : <a href=\"mailto:margaux.aubry@empow-her.com\">contact.france@empow-her.com<\/a><\/span><br \/>\n<i data-stringify-type=\"italic\"><\/i><\/p>\n<p><b data-stringify-type=\"bold\">Intervenant.e : Avocat du Barreau de Paris- Pascal-Andr\u00e9 G\u00e9rinier<\/b><\/p>\n<p><b data-stringify-type=\"bold\">Dur\u00e9e<\/b>\u00a0: Un cr\u00e9neau de\u00a0<b data-stringify-type=\"bold\">1h en individuel en ligne<\/b><\/p>\n<p><b data-stringify-type=\"bold\">Attention !<\/b>\u00a0Veuillez vous pr\u00e9senter \u00e0 l\u2019heure pour que l\u2019activit\u00e9 puisse commencer \u00e0 temps. Si vous avez du retard veuillez pr\u00e9venir l\u2019intervenant.e. Si vous avez plus de 15 min de retard l\u2019intervenant.e se r\u00e9serve le droit de ne plus vous accepter pour le coaching ou l\u2019atelier.<\/p>\n","protected":false},"excerpt":{"rendered":"<p><b data-stringify-type=\"bold\">Description<\/b>\u00a0: Un coaching individuel avec un.e avocat.e pour poser vos questions de droit commercial !<br \/>\nQuelques exemples de sujet qui peuvent \u00eatre abord\u00e9s :<br \/>\n&#8211; Statuts juridiques, statuts de l\u2019ESS<br \/>\n&#8211; Comment s\u2019associer tout en s\u00e9curisant le projet ?<br \/>\n&#8211; Strat\u00e9gie de financement (lev\u00e9e de fonds, financements non-dilutifs)<br \/>\n&#8211; R\u00e9daction des premiers contrats, notamment CGV\/CGU<\/p>\n<p><b data-stringify-type=\"bold\"><i data-stringify-type=\"italic\">Pr\u00e9-requis<\/i><\/b><i data-stringify-type=\"italic\">\u00a0:<\/i><br \/>\n<span data-sheets-value=\"{&quot;1&quot;:2,&quot;2&quot;:&quot;nVous souhaitez vous inscrire \u00e0 cette session ? Merci d'indiquer votre besoin principal en remplissant ce questionnaire avant la session : https:\/\/airtable.com\/shrbpqpYDX8WKP0gJ nou communiquez-le par mail \u00e0 votre r\u00e9f\u00e9rente Empow'Her : nadege.serrero@empow-her.com&quot;}\" data-sheets-userformat=\"{&quot;2&quot;:4993,&quot;3&quot;:{&quot;1&quot;:0},&quot;10&quot;:1,&quot;11&quot;:4,&quot;12&quot;:0,&quot;15&quot;:&quot;Hind&quot;}\">Vous souhaitez vous inscrire \u00e0 cette session ? <strong>Merci d&#8217;indiquer votre besoin principal en remplissant le questionnaire ci-dessous<\/strong> avant la session ou communiquez-le par mail \u00e0 votre r\u00e9f\u00e9rente Empow&#8217;Her : <a href=\"mailto:margaux.aubry@empow-her.com\">contact.france@empow-her.com<\/a><\/span><br \/>\n<i data-stringify-type=\"italic\"><\/i><\/p>\n<p><b data-stringify-type=\"bold\">Intervenant.e : Avocat.e du Barreau de Paris<\/b><\/p>\n<p><b data-stringify-type=\"bold\">Dur\u00e9e<\/b>\u00a0: Un cr\u00e9neau de\u00a0<b data-stringify-type=\"bold\">1h en individuel en ligne<\/b><\/p>\n<p><b data-stringify-type=\"bold\">Attention !<\/b>\u00a0Veuillez vous pr\u00e9senter \u00e0 l\u2019heure pour que l\u2019activit\u00e9 puisse commencer \u00e0 temps. Si vous avez du retard veuillez pr\u00e9venir l\u2019intervenant.e. Si vous avez plus de 15 min de retard l\u2019intervenant.e se r\u00e9serve le droit de ne plus vous accepter pour le coaching ou l\u2019atelier.<\/p>\n<p><strong>[wpforms id=\"177860\"]<\/strong><\/p>\n","protected":false},"featured_media":209818,"template":"","format":"standard","meta":{"_acf_changed":false,"om_disable_all_campaigns":false,"_uf_show_specific_survey":0,"_uf_disable_surveys":false},"product_brand":[],"product_cat":[121],"product_tag":[],"lieu":[125],"thematiques":[],"class_list":{"0":"post-208012","1":"product","2":"type-product","3":"status-publish","4":"format-standard","5":"has-post-thumbnail","7":"product_cat-coaching","8":"lieu-en-ligne","10":"first","11":"instock","12":"virtual","13":"purchasable","14":"product-type-appointment"},"exclude_global_add_ons":[],"addons":[],"acf":[],"yoast_head":"<!-- This site is optimized with the Yoast SEO plugin v24.8 - https:\/\/yoast.com\/wordpress\/plugins\/seo\/ -->\n<title>Coaching - Droit commercial - Empow&#039;Her<\/title>\n<meta name=\"robots\" content=\"index, follow, max-snippet:-1, max-image-preview:large, max-video-preview:-1\" \/>\n<link rel=\"canonical\" href=\"https:\/\/empow-her.com\/produit\/coaching-droit-commercial-8\/\" \/>\n<meta property=\"og:locale\" content=\"es_ES\" \/>\n<meta property=\"og:type\" content=\"article\" \/>\n<meta property=\"og:title\" content=\"Coaching - Droit commercial - Empow&#039;Her\" \/>\n<meta property=\"og:description\" content=\"Description\u00a0: Un coaching individuel avec un.e avocat.e pour poser vos questions de droit commercial ! Quelques exemples de sujet qui peuvent \u00eatre abord\u00e9s : - Statuts juridiques, statuts de l\u2019ESS - Comment s\u2019associer tout en s\u00e9curisant le projet ? - Strat\u00e9gie de financement (lev\u00e9e de fonds, financements non-dilutifs) - R\u00e9daction des premiers contrats, notamment CGV\/CGU  Pr\u00e9-requis\u00a0: Vous souhaitez vous inscrire \u00e0 cette session ? Merci d&#039;indiquer votre besoin principal en remplissant le questionnaire ci-dessous avant la session ou communiquez-le par mail \u00e0 votre r\u00e9f\u00e9rente Empow&#039;Her : contact.france@empow-her.com   Intervenant.e : Avocat.e du Barreau de Paris  Dur\u00e9e\u00a0: Un cr\u00e9neau de\u00a01h en individuel en ligne  Attention !\u00a0Veuillez vous pr\u00e9senter \u00e0 l\u2019heure pour que l\u2019activit\u00e9 puisse commencer \u00e0 temps. Si vous avez du retard veuillez pr\u00e9venir l\u2019intervenant.e. Si vous avez plus de 15 min de retard l\u2019intervenant.e se r\u00e9serve le droit de ne plus vous accepter pour le coaching ou l\u2019atelier.\" \/>\n<meta property=\"og:url\" content=\"https:\/\/empow-her.com\/produit\/coaching-droit-commercial-8\/\" \/>\n<meta property=\"og:site_name\" content=\"Empow&#039;Her\" \/>\n<meta property=\"article:modified_time\" content=\"2023-10-19T15:41:14+00:00\" \/>\n<meta property=\"og:image\" content=\"https:\/\/empow-her.com\/wp-content\/uploads\/2023\/10\/Women-Dare-templates-events-9.png\" \/>\n\t<meta property=\"og:image:width\" content=\"1080\" \/>\n\t<meta property=\"og:image:height\" content=\"1080\" \/>\n\t<meta property=\"og:image:type\" content=\"image\/png\" \/>\n<meta name=\"twitter:card\" content=\"summary_large_image\" \/>\n<meta name=\"twitter:label1\" content=\"Tiempo de lectura\" \/>\n\t<meta name=\"twitter:data1\" content=\"1 minuto\" \/>\n<script type=\"application\/ld+json\" class=\"yoast-schema-graph\">{\"@context\":\"https:\/\/schema.org\",\"@graph\":[{\"@type\":\"WebPage\",\"@id\":\"https:\/\/empow-her.com\/produit\/coaching-droit-commercial-8\/\",\"url\":\"https:\/\/empow-her.com\/produit\/coaching-droit-commercial-8\/\",\"name\":\"Coaching - Droit commercial - Empow&#039;Her\",\"isPartOf\":{\"@id\":\"https:\/\/empow-her.com\/#website\"},\"primaryImageOfPage\":{\"@id\":\"https:\/\/empow-her.com\/produit\/coaching-droit-commercial-8\/#primaryimage\"},\"image\":{\"@id\":\"https:\/\/empow-her.com\/produit\/coaching-droit-commercial-8\/#primaryimage\"},\"thumbnailUrl\":\"https:\/\/empow-her.com\/wp-content\/uploads\/2023\/10\/Women-Dare-templates-events-9.png\",\"datePublished\":\"2023-10-12T08:55:08+00:00\",\"dateModified\":\"2023-10-19T15:41:14+00:00\",\"breadcrumb\":{\"@id\":\"https:\/\/empow-her.com\/produit\/coaching-droit-commercial-8\/#breadcrumb\"},\"inLanguage\":\"es\",\"potentialAction\":[{\"@type\":\"ReadAction\",\"target\":[\"https:\/\/empow-her.com\/produit\/coaching-droit-commercial-8\/\"]}]},{\"@type\":\"ImageObject\",\"inLanguage\":\"es\",\"@id\":\"https:\/\/empow-her.com\/produit\/coaching-droit-commercial-8\/#primaryimage\",\"url\":\"https:\/\/empow-her.com\/wp-content\/uploads\/2023\/10\/Women-Dare-templates-events-9.png\",\"contentUrl\":\"https:\/\/empow-her.com\/wp-content\/uploads\/2023\/10\/Women-Dare-templates-events-9.png\",\"width\":1080,\"height\":1080},{\"@type\":\"BreadcrumbList\",\"@id\":\"https:\/\/empow-her.com\/produit\/coaching-droit-commercial-8\/#breadcrumb\",\"itemListElement\":[{\"@type\":\"ListItem\",\"position\":1,\"name\":\"Accueil\",\"item\":\"https:\/\/empow-her.com\/es\/inicio\/\"},{\"@type\":\"ListItem\",\"position\":2,\"name\":\"LA BOUTIQUE\",\"item\":\"https:\/\/empow-her.com\/boutique\/\"},{\"@type\":\"ListItem\",\"position\":3,\"name\":\"Coaching &#8211; Droit commercial\"}]},{\"@type\":\"WebSite\",\"@id\":\"https:\/\/empow-her.com\/#website\",\"url\":\"https:\/\/empow-her.com\/\",\"name\":\"Empow&#039;Her\",\"description\":\"Women Development\",\"potentialAction\":[{\"@type\":\"SearchAction\",\"target\":{\"@type\":\"EntryPoint\",\"urlTemplate\":\"https:\/\/empow-her.com\/?s={search_term_string}\"},\"query-input\":{\"@type\":\"PropertyValueSpecification\",\"valueRequired\":true,\"valueName\":\"search_term_string\"}}],\"inLanguage\":\"es\"}]}<\/script>\n<!-- \/ Yoast SEO plugin. -->","yoast_head_json":{"title":"Coaching - Droit commercial - Empow&#039;Her","robots":{"index":"index","follow":"follow","max-snippet":"max-snippet:-1","max-image-preview":"max-image-preview:large","max-video-preview":"max-video-preview:-1"},"canonical":"https:\/\/empow-her.com\/produit\/coaching-droit-commercial-8\/","og_locale":"es_ES","og_type":"article","og_title":"Coaching - Droit commercial - Empow&#039;Her","og_description":"Description\u00a0: Un coaching individuel avec un.e avocat.e pour poser vos questions de droit commercial ! Quelques exemples de sujet qui peuvent \u00eatre abord\u00e9s : - Statuts juridiques, statuts de l\u2019ESS - Comment s\u2019associer tout en s\u00e9curisant le projet ? - Strat\u00e9gie de financement (lev\u00e9e de fonds, financements non-dilutifs) - R\u00e9daction des premiers contrats, notamment CGV\/CGU  Pr\u00e9-requis\u00a0: Vous souhaitez vous inscrire \u00e0 cette session ? Merci d'indiquer votre besoin principal en remplissant le questionnaire ci-dessous avant la session ou communiquez-le par mail \u00e0 votre r\u00e9f\u00e9rente Empow'Her : contact.france@empow-her.com   Intervenant.e : Avocat.e du Barreau de Paris  Dur\u00e9e\u00a0: Un cr\u00e9neau de\u00a01h en individuel en ligne  Attention !\u00a0Veuillez vous pr\u00e9senter \u00e0 l\u2019heure pour que l\u2019activit\u00e9 puisse commencer \u00e0 temps. Si vous avez du retard veuillez pr\u00e9venir l\u2019intervenant.e. Si vous avez plus de 15 min de retard l\u2019intervenant.e se r\u00e9serve le droit de ne plus vous accepter pour le coaching ou l\u2019atelier.","og_url":"https:\/\/empow-her.com\/produit\/coaching-droit-commercial-8\/","og_site_name":"Empow&#039;Her","article_modified_time":"2023-10-19T15:41:14+00:00","og_image":[{"width":1080,"height":1080,"url":"https:\/\/empow-her.com\/wp-content\/uploads\/2023\/10\/Women-Dare-templates-events-9.png","type":"image\/png"}],"twitter_card":"summary_large_image","twitter_misc":{"Tiempo de lectura":"1 minuto"},"schema":{"@context":"https:\/\/schema.org","@graph":[{"@type":"WebPage","@id":"https:\/\/empow-her.com\/produit\/coaching-droit-commercial-8\/","url":"https:\/\/empow-her.com\/produit\/coaching-droit-commercial-8\/","name":"Coaching - Droit commercial - Empow&#039;Her","isPartOf":{"@id":"https:\/\/empow-her.com\/#website"},"primaryImageOfPage":{"@id":"https:\/\/empow-her.com\/produit\/coaching-droit-commercial-8\/#primaryimage"},"image":{"@id":"https:\/\/empow-her.com\/produit\/coaching-droit-commercial-8\/#primaryimage"},"thumbnailUrl":"https:\/\/empow-her.com\/wp-content\/uploads\/2023\/10\/Women-Dare-templates-events-9.png","datePublished":"2023-10-12T08:55:08+00:00","dateModified":"2023-10-19T15:41:14+00:00","breadcrumb":{"@id":"https:\/\/empow-her.com\/produit\/coaching-droit-commercial-8\/#breadcrumb"},"inLanguage":"es","potentialAction":[{"@type":"ReadAction","target":["https:\/\/empow-her.com\/produit\/coaching-droit-commercial-8\/"]}]},{"@type":"ImageObject","inLanguage":"es","@id":"https:\/\/empow-her.com\/produit\/coaching-droit-commercial-8\/#primaryimage","url":"https:\/\/empow-her.com\/wp-content\/uploads\/2023\/10\/Women-Dare-templates-events-9.png","contentUrl":"https:\/\/empow-her.com\/wp-content\/uploads\/2023\/10\/Women-Dare-templates-events-9.png","width":1080,"height":1080},{"@type":"BreadcrumbList","@id":"https:\/\/empow-her.com\/produit\/coaching-droit-commercial-8\/#breadcrumb","itemListElement":[{"@type":"ListItem","position":1,"name":"Accueil","item":"https:\/\/empow-her.com\/es\/inicio\/"},{"@type":"ListItem","position":2,"name":"LA BOUTIQUE","item":"https:\/\/empow-her.com\/boutique\/"},{"@type":"ListItem","position":3,"name":"Coaching &#8211; Droit commercial"}]},{"@type":"WebSite","@id":"https:\/\/empow-her.com\/#website","url":"https:\/\/empow-her.com\/","name":"Empow&#039;Her","description":"Women Development","potentialAction":[{"@type":"SearchAction","target":{"@type":"EntryPoint","urlTemplate":"https:\/\/empow-her.com\/?s={search_term_string}"},"query-input":{"@type":"PropertyValueSpecification","valueRequired":true,"valueName":"search_term_string"}}],"inLanguage":"es"}]}},"_links":{"self":[{"href":"https:\/\/empow-her.com\/es\/wp-json\/wp\/v2\/product\/208012","targetHints":{"allow":["GET"]}}],"collection":[{"href":"https:\/\/empow-her.com\/es\/wp-json\/wp\/v2\/product"}],"about":[{"href":"https:\/\/empow-her.com\/es\/wp-json\/wp\/v2\/types\/product"}],"wp:featuredmedia":[{"embeddable":true,"href":"https:\/\/empow-her.com\/es\/wp-json\/wp\/v2\/media\/209818"}],"wp:attachment":[{"href":"https:\/\/empow-her.com\/es\/wp-json\/wp\/v2\/media?parent=208012"}],"wp:term":[{"taxonomy":"product_brand","embeddable":true,"href":"https:\/\/empow-her.com\/es\/wp-json\/wp\/v2\/product_brand?post=208012"},{"taxonomy":"product_cat","embeddable":true,"href":"https:\/\/empow-her.com\/es\/wp-json\/wp\/v2\/product_cat?post=208012"},{"taxonomy":"product_tag","embeddable":true,"href":"https:\/\/empow-her.com\/es\/wp-json\/wp\/v2\/product_tag?post=208012"},{"taxonomy":"lieu","embeddable":true,"href":"https:\/\/empow-her.com\/es\/wp-json\/wp\/v2\/lieu?post=208012"},{"taxonomy":"thematiques","embeddable":true,"href":"https:\/\/empow-her.com\/es\/wp-json\/wp\/v2\/thematiques?post=208012"}],"curies":[{"name":"wp","href":"https:\/\/api.w.org\/{rel}","templated":true}]}}