{"id":207738,"date":"2023-10-11T12:06:06","date_gmt":"2023-10-11T10:06:06","guid":{"rendered":"https:\/\/empow-her.com\/?post_type=product&#038;p=207738"},"modified":"2023-10-11T12:17:56","modified_gmt":"2023-10-11T10:17:56","slug":"marketing-communication-la-strategie-de-communication-globale-et-digitale","status":"publish","type":"product","link":"https:\/\/empow-her.com\/es\/produit\/marketing-communication-la-strategie-de-communication-globale-et-digitale\/","title":{"rendered":"NEW- Coaching -La strat\u00e9gie de communication globale et digitale"},"content":{"rendered":"<div>\n<p><strong>Description:\u00a0<\/strong><\/p>\n<p><strong>Besoins:<\/strong> &#8220;J&#8217;ai besoin de d\u00e9velopper ma notori\u00e9t\u00e9 et de me rendre visible aupr\u00e8s de mes publics. Je souhaite d\u00e9velopper une communication singuli\u00e8re et diff\u00e9renciante qui vienne \u00e9tablir ma marque en g\u00e9n\u00e9ral et soutenir la commercialisation de mes produits\/services aupr\u00e8s de publics bien pr\u00e9cis (mes cibles)&#8221;.<\/p>\n<p><strong>Objectifs:<\/strong> Cette permanence a pour objectif de vous accompagner dans la structuration de votre strat\u00e9gie de communication globale ou digitale et\/ou vous donner les conseils et outils pour construire vos messages et prioriser vos audiences.<\/p>\n<p>Cette permanence se veut tr\u00e8s globale et transversale sur les sujets de communication, que se soit sur le fond ou sur la forme.<\/p>\n<p>Vous pourrez y aborder les notions suivantes :<\/p>\n<ul>\n<li>les objectifs de communication : notori\u00e9t\u00e9, assise de positionnement, prospection, influence etc.<\/li>\n<li>les publics : insights, segmentation et ciblage, persona<\/li>\n<li>les messages cl\u00e9s : discours socle et storytelling<\/li>\n<li>votre identit\u00e9 visuelle et lexicale<\/li>\n<li>activation : mise en \u0153uvre via un calendrier \u00e9ditorial omni-canal<\/li>\n<li>les strat\u00e9gies sp\u00e9cifiques aux r\u00e9seaux sociaux<\/li>\n<li>la conception de votre site web sans pr\u00e9-requis<\/li>\n<\/ul>\n<p>&nbsp;<\/p>\n<p><strong>Pr\u00e9-requis<\/strong> : <span data-sheets-value=\"{&quot;1&quot;:2,&quot;2&quot;:&quot;nVous souhaitez vous inscrire \u00e0 cette session ? Merci d'indiquer votre besoin principal en remplissant ce questionnaire avant la session : https:\/\/airtable.com\/shrGo4G6jwgimwCV7nou communiquez-le par mail \u00e0 votre r\u00e9f\u00e9rente Empow'Her : nadege.serrero@empow-her.com&quot;}\" data-sheets-userformat=\"{&quot;2&quot;:4993,&quot;3&quot;:{&quot;1&quot;:0},&quot;10&quot;:1,&quot;11&quot;:4,&quot;12&quot;:0,&quot;15&quot;:&quot;Hind&quot;}\">Aucun<\/span><\/p>\n<\/div>\n<div>\n<p><strong>Intervenant.e<\/strong>\u00a0<strong>: Alexandra Robert de l&#8217;agence LesLieuxdits<\/strong><\/p>\n<p>Designer de formation, experte en \u00e9tudes s\u00e9miotique appliqu\u00e9es au marketing, \u00e0 la marque et au business apr\u00e8s avoir \u00e9t\u00e9 directrice artistique et responsable communication pour des marques grand public durant plus de 18 ans. Je suis la fondatrice de l&#8217;agence LesLieuxDits qui accompagne les dirigeants dans le d\u00e9veloppement d&#8217;activit\u00e9s \u00e9conomiques plus responsables et cheffe d&#8217;une famille de 3 enfants.<\/p>\n<p>Domaines d&#8217;expertise :<br \/>\n&gt; la relation entre le projet, l&#8217;offre et son &#8220;public&#8221;, autrement dit : le sens et la valorisation<br \/>\n&gt; la collaboration, le collectif, les contributions, la cr\u00e9ativit\u00e9 pour trouver des solutions qui collent aux sujets et aux moyens, autrement dit : le design de solutions et la facilitation.<\/p>\n<p><span data-sheets-value=\"{&quot;1&quot;:2,&quot;2&quot;:&quot;Description : nnPr\u00e9-requis : nnIntervenant.e : nnSon super pouvoir : nnSon petit mot : &quot;}\" data-sheets-userformat=\"{&quot;2&quot;:641,&quot;3&quot;:{&quot;1&quot;:0},&quot;10&quot;:1,&quot;12&quot;:0}\"><strong>Son super pouvoir :<\/strong> Facilitatrice de d\u00e9veloppement cr\u00e9atif et signifiant.<\/span><\/p>\n<p><strong>Son petit mot :<\/strong> Osez bricoler, exp\u00e9rimenter, tester les possibilit\u00e9s.<\/p>\n<p><strong>Dur\u00e9e<\/strong> : 1h en ligne<\/p>\n<p><span data-sheets-value=\"{&quot;1&quot;:2,&quot;2&quot;:&quot;Attention ! \u00a0Veuillez vous pr\u00e9sentez \u00e0 l'heure pour que l'activit\u00e9 puisse commencer \u00e0 temps. Si vous avez du retard veuillez pr\u00e9venir l'intervenant.e. Si vous avez plus de 15 min de retard l'intervenant.e se r\u00e9serve le droit de plus vous accepter pour le coaching ou l'atelier.\u00a0&quot;}\" data-sheets-userformat=\"{&quot;2&quot;:641,&quot;3&quot;:{&quot;1&quot;:0},&quot;10&quot;:1,&quot;12&quot;:0}\"><strong>Attention !<\/strong> \u00a0Veuillez vous pr\u00e9senter \u00e0 l\u2019heure pour que l\u2019activit\u00e9 puisse commencer \u00e0 temps. Si vous avez du retard veuillez pr\u00e9venir l\u2019intervenant.e. Si vous avez plus de 15 min de retard l\u2019intervenant.e se r\u00e9serve le droit de ne pas vous accepter pour le coaching ou l\u2019atelier.<\/span><\/p>\n<\/div>\n","protected":false},"excerpt":{"rendered":"<div>\n<p><strong>Description:\u00a0<\/strong><\/p>\n<p><strong>Besoins:<\/strong> &#8220;J&#8217;ai besoin de d\u00e9velopper ma notori\u00e9t\u00e9 et de me rendre visible aupr\u00e8s de mes publics. Je souhaite d\u00e9velopper une communication singuli\u00e8re et diff\u00e9renciante qui vienne \u00e9tablir ma marque en g\u00e9n\u00e9ral et soutenir la commercialisation de mes produits\/services aupr\u00e8s de publics bien pr\u00e9cis (mes cibles)&#8221;.<\/p>\n<p><strong>Objectifs:<\/strong> Cette permanence a pour objectif de vous accompagner dans la structuration de votre strat\u00e9gie de communication globale ou digitale et\/ou vous donner les conseils et outils pour construire vos messages et prioriser vos audiences.<\/p>\n<p>Cette permanence se veut tr\u00e8s globale et transversale sur les sujets de communication, que se soit sur le fond ou sur la forme.<\/p>\n<p>Vous pourrez y aborder les notions suivantes :<\/p>\n<ul>\n<li>les objectifs de communication : notori\u00e9t\u00e9, assise de positionnement, prospection, influence etc.<\/li>\n<li>les publics : insights, segmentation et ciblage, persona<\/li>\n<li>les messages cl\u00e9s : discours socle et storytelling<\/li>\n<li>votre identit\u00e9 visuelle et lexicale<\/li>\n<li>activation : mise en \u0153uvre via un calendrier \u00e9ditorial omni-canal<\/li>\n<li>les strat\u00e9gies sp\u00e9cifiques aux r\u00e9seaux sociaux<\/li>\n<li>la conception de votre site web sans pr\u00e9-requis<\/li>\n<\/ul>\n<p>&nbsp;<\/p>\n<p><strong>Pr\u00e9-requis<\/strong> : <span data-sheets-value=\"{&quot;1&quot;:2,&quot;2&quot;:&quot;nVous souhaitez vous inscrire \u00e0 cette session ? Merci d'indiquer votre besoin principal en remplissant ce questionnaire avant la session : https:\/\/airtable.com\/shrGo4G6jwgimwCV7nou communiquez-le par mail \u00e0 votre r\u00e9f\u00e9rente Empow'Her : nadege.serrero@empow-her.com&quot;}\" data-sheets-userformat=\"{&quot;2&quot;:4993,&quot;3&quot;:{&quot;1&quot;:0},&quot;10&quot;:1,&quot;11&quot;:4,&quot;12&quot;:0,&quot;15&quot;:&quot;Hind&quot;}\">Aucun<\/span><\/p>\n<\/div>\n<div>\n<p><strong>Intervenant.e<\/strong>\u00a0<strong>: Alexandra Robert de l&#8217;agence LesLieuxdits<\/strong><\/p>\n<p>Designer de formation, experte en \u00e9tudes s\u00e9miotique appliqu\u00e9es au marketing, \u00e0 la marque et au business apr\u00e8s avoir \u00e9t\u00e9 directrice artistique et responsable communication pour des marques grand public durant plus de 18 ans. Je suis la fondatrice de l&#8217;agence LesLieuxDits qui accompagne les dirigeants dans le d\u00e9veloppement d&#8217;activit\u00e9s \u00e9conomiques plus responsables et cheffe d&#8217;une famille de 3 enfants.<\/p>\n<p>Domaines d&#8217;expertise :<br \/>\n&gt; la relation entre le projet, l&#8217;offre et son &#8220;public&#8221;, autrement dit : le sens et la valorisation<br \/>\n&gt; la collaboration, le collectif, les contributions, la cr\u00e9ativit\u00e9 pour trouver des solutions qui collent aux sujets et aux moyens, autrement dit : le design de solutions et la facilitation.<\/p>\n<p><span data-sheets-value=\"{&quot;1&quot;:2,&quot;2&quot;:&quot;Description : nnPr\u00e9-requis : nnIntervenant.e : nnSon super pouvoir : nnSon petit mot : &quot;}\" data-sheets-userformat=\"{&quot;2&quot;:641,&quot;3&quot;:{&quot;1&quot;:0},&quot;10&quot;:1,&quot;12&quot;:0}\"><strong>Son super pouvoir :<\/strong> Facilitatrice de d\u00e9veloppement cr\u00e9atif et signifiant.<\/span><\/p>\n<p><strong>Son petit mot :<\/strong> Osez bricoler, exp\u00e9rimenter, tester les possibilit\u00e9s.<\/p>\n<p><strong>Dur\u00e9e<\/strong> : 1h en ligne<\/p>\n<p><span data-sheets-value=\"{&quot;1&quot;:2,&quot;2&quot;:&quot;Attention ! \u00a0Veuillez vous pr\u00e9sentez \u00e0 l'heure pour que l'activit\u00e9 puisse commencer \u00e0 temps. Si vous avez du retard veuillez pr\u00e9venir l'intervenant.e. Si vous avez plus de 15 min de retard l'intervenant.e se r\u00e9serve le droit de plus vous accepter pour le coaching ou l'atelier.\u00a0&quot;}\" data-sheets-userformat=\"{&quot;2&quot;:641,&quot;3&quot;:{&quot;1&quot;:0},&quot;10&quot;:1,&quot;12&quot;:0}\"><strong>Attention !<\/strong> \u00a0Veuillez vous pr\u00e9senter \u00e0 l\u2019heure pour que l\u2019activit\u00e9 puisse commencer \u00e0 temps. Si vous avez du retard veuillez pr\u00e9venir l\u2019intervenant.e. Si vous avez plus de 15 min de retard l\u2019intervenant.e se r\u00e9serve le droit de ne pas vous accepter pour le coaching ou l\u2019atelier.<\/span><\/p>\n<\/div>\n","protected":false},"featured_media":207739,"template":"","format":"standard","meta":{"_acf_changed":false,"om_disable_all_campaigns":false,"_uf_show_specific_survey":0,"_uf_disable_surveys":false},"product_brand":[],"product_cat":[121],"product_tag":[],"lieu":[125],"thematiques":[],"class_list":{"0":"post-207738","1":"product","2":"type-product","3":"status-publish","4":"format-standard","5":"has-post-thumbnail","7":"product_cat-coaching","8":"lieu-en-ligne","10":"first","11":"instock","12":"virtual","13":"purchasable","14":"product-type-appointment"},"exclude_global_add_ons":[],"addons":[],"acf":[],"yoast_head":"<!-- This site is optimized with the Yoast SEO plugin v24.8 - https:\/\/yoast.com\/wordpress\/plugins\/seo\/ -->\n<title>NEW- Coaching -La strat\u00e9gie de communication globale et digitale - Empow&#039;Her<\/title>\n<meta name=\"robots\" content=\"index, follow, max-snippet:-1, max-image-preview:large, max-video-preview:-1\" \/>\n<link rel=\"canonical\" href=\"https:\/\/empow-her.com\/produit\/marketing-communication-la-strategie-de-communication-globale-et-digitale\/\" \/>\n<meta property=\"og:locale\" content=\"es_ES\" \/>\n<meta property=\"og:type\" content=\"article\" \/>\n<meta property=\"og:title\" content=\"NEW- Coaching -La strat\u00e9gie de communication globale et digitale - Empow&#039;Her\" \/>\n<meta property=\"og:description\" content=\"Description:\u00a0  Besoins: &quot;J&#039;ai besoin de d\u00e9velopper ma notori\u00e9t\u00e9 et de me rendre visible aupr\u00e8s de mes publics. Je souhaite d\u00e9velopper une communication singuli\u00e8re et diff\u00e9renciante qui vienne \u00e9tablir ma marque en g\u00e9n\u00e9ral et soutenir la commercialisation de mes produits\/services aupr\u00e8s de publics bien pr\u00e9cis (mes cibles)&quot;.  Objectifs: Cette permanence a pour objectif de vous accompagner dans la structuration de votre strat\u00e9gie de communication globale ou digitale et\/ou vous donner les conseils et outils pour construire vos messages et prioriser vos audiences.  Cette permanence se veut tr\u00e8s globale et transversale sur les sujets de communication, que se soit sur le fond ou sur la forme.  Vous pourrez y aborder les notions suivantes :   les objectifs de communication : notori\u00e9t\u00e9, assise de positionnement, prospection, influence etc.  les publics : insights, segmentation et ciblage, persona  les messages cl\u00e9s : discours socle et storytelling  votre identit\u00e9 visuelle et lexicale  activation : mise en \u0153uvre via un calendrier \u00e9ditorial omni-canal  les strat\u00e9gies sp\u00e9cifiques aux r\u00e9seaux sociaux  la conception de votre site web sans pr\u00e9-requis  &nbsp;  Pr\u00e9-requis : Aucun     Intervenant.e\u00a0: Alexandra Robert de l&#039;agence LesLieuxdits  Designer de formation, experte en \u00e9tudes s\u00e9miotique appliqu\u00e9es au marketing, \u00e0 la marque et au business apr\u00e8s avoir \u00e9t\u00e9 directrice artistique et responsable communication pour des marques grand public durant plus de 18 ans. Je suis la fondatrice de l&#039;agence LesLieuxDits qui accompagne les dirigeants dans le d\u00e9veloppement d&#039;activit\u00e9s \u00e9conomiques plus responsables et cheffe d&#039;une famille de 3 enfants.  Domaines d&#039;expertise : &gt; la relation entre le projet, l&#039;offre et son &quot;public&quot;, autrement dit : le sens et la valorisation &gt; la collaboration, le collectif, les contributions, la cr\u00e9ativit\u00e9 pour trouver des solutions qui collent aux sujets et aux moyens, autrement dit : le design de solutions et la facilitation.  Son super pouvoir : Facilitatrice de d\u00e9veloppement cr\u00e9atif et signifiant.  Son petit mot : Osez bricoler, exp\u00e9rimenter, tester les possibilit\u00e9s.  Dur\u00e9e : 1h en ligne  Attention ! \u00a0Veuillez vous pr\u00e9senter \u00e0 l\u2019heure pour que l\u2019activit\u00e9 puisse commencer \u00e0 temps. Si vous avez du retard veuillez pr\u00e9venir l\u2019intervenant.e. Si vous avez plus de 15 min de retard l\u2019intervenant.e se r\u00e9serve le droit de ne pas vous accepter pour le coaching ou l\u2019atelier.\" \/>\n<meta property=\"og:url\" content=\"https:\/\/empow-her.com\/produit\/marketing-communication-la-strategie-de-communication-globale-et-digitale\/\" \/>\n<meta property=\"og:site_name\" content=\"Empow&#039;Her\" \/>\n<meta property=\"article:modified_time\" content=\"2023-10-11T10:17:56+00:00\" \/>\n<meta property=\"og:image\" content=\"https:\/\/empow-her.com\/wp-content\/uploads\/2023\/10\/Marketiiiii.png\" \/>\n\t<meta property=\"og:image:width\" content=\"1080\" \/>\n\t<meta property=\"og:image:height\" content=\"1080\" \/>\n\t<meta property=\"og:image:type\" content=\"image\/png\" \/>\n<meta name=\"twitter:card\" content=\"summary_large_image\" \/>\n<meta name=\"twitter:label1\" content=\"Tiempo de lectura\" \/>\n\t<meta name=\"twitter:data1\" content=\"2 minutos\" \/>\n<script type=\"application\/ld+json\" class=\"yoast-schema-graph\">{\"@context\":\"https:\/\/schema.org\",\"@graph\":[{\"@type\":\"WebPage\",\"@id\":\"https:\/\/empow-her.com\/produit\/marketing-communication-la-strategie-de-communication-globale-et-digitale\/\",\"url\":\"https:\/\/empow-her.com\/produit\/marketing-communication-la-strategie-de-communication-globale-et-digitale\/\",\"name\":\"NEW- Coaching -La strat\u00e9gie de communication globale et digitale - Empow&#039;Her\",\"isPartOf\":{\"@id\":\"https:\/\/empow-her.com\/#website\"},\"primaryImageOfPage\":{\"@id\":\"https:\/\/empow-her.com\/produit\/marketing-communication-la-strategie-de-communication-globale-et-digitale\/#primaryimage\"},\"image\":{\"@id\":\"https:\/\/empow-her.com\/produit\/marketing-communication-la-strategie-de-communication-globale-et-digitale\/#primaryimage\"},\"thumbnailUrl\":\"https:\/\/empow-her.com\/wp-content\/uploads\/2023\/10\/Marketiiiii.png\",\"datePublished\":\"2023-10-11T10:06:06+00:00\",\"dateModified\":\"2023-10-11T10:17:56+00:00\",\"breadcrumb\":{\"@id\":\"https:\/\/empow-her.com\/produit\/marketing-communication-la-strategie-de-communication-globale-et-digitale\/#breadcrumb\"},\"inLanguage\":\"es\",\"potentialAction\":[{\"@type\":\"ReadAction\",\"target\":[\"https:\/\/empow-her.com\/produit\/marketing-communication-la-strategie-de-communication-globale-et-digitale\/\"]}]},{\"@type\":\"ImageObject\",\"inLanguage\":\"es\",\"@id\":\"https:\/\/empow-her.com\/produit\/marketing-communication-la-strategie-de-communication-globale-et-digitale\/#primaryimage\",\"url\":\"https:\/\/empow-her.com\/wp-content\/uploads\/2023\/10\/Marketiiiii.png\",\"contentUrl\":\"https:\/\/empow-her.com\/wp-content\/uploads\/2023\/10\/Marketiiiii.png\",\"width\":1080,\"height\":1080},{\"@type\":\"BreadcrumbList\",\"@id\":\"https:\/\/empow-her.com\/produit\/marketing-communication-la-strategie-de-communication-globale-et-digitale\/#breadcrumb\",\"itemListElement\":[{\"@type\":\"ListItem\",\"position\":1,\"name\":\"Accueil\",\"item\":\"https:\/\/empow-her.com\/es\/inicio\/\"},{\"@type\":\"ListItem\",\"position\":2,\"name\":\"LA BOUTIQUE\",\"item\":\"https:\/\/empow-her.com\/boutique\/\"},{\"@type\":\"ListItem\",\"position\":3,\"name\":\"NEW- Coaching -La strat\u00e9gie de communication globale et digitale\"}]},{\"@type\":\"WebSite\",\"@id\":\"https:\/\/empow-her.com\/#website\",\"url\":\"https:\/\/empow-her.com\/\",\"name\":\"Empow&#039;Her\",\"description\":\"Women Development\",\"potentialAction\":[{\"@type\":\"SearchAction\",\"target\":{\"@type\":\"EntryPoint\",\"urlTemplate\":\"https:\/\/empow-her.com\/?s={search_term_string}\"},\"query-input\":{\"@type\":\"PropertyValueSpecification\",\"valueRequired\":true,\"valueName\":\"search_term_string\"}}],\"inLanguage\":\"es\"}]}<\/script>\n<!-- \/ Yoast SEO plugin. -->","yoast_head_json":{"title":"NEW- Coaching -La strat\u00e9gie de communication globale et digitale - Empow&#039;Her","robots":{"index":"index","follow":"follow","max-snippet":"max-snippet:-1","max-image-preview":"max-image-preview:large","max-video-preview":"max-video-preview:-1"},"canonical":"https:\/\/empow-her.com\/produit\/marketing-communication-la-strategie-de-communication-globale-et-digitale\/","og_locale":"es_ES","og_type":"article","og_title":"NEW- Coaching -La strat\u00e9gie de communication globale et digitale - Empow&#039;Her","og_description":"Description:\u00a0  Besoins: \"J'ai besoin de d\u00e9velopper ma notori\u00e9t\u00e9 et de me rendre visible aupr\u00e8s de mes publics. Je souhaite d\u00e9velopper une communication singuli\u00e8re et diff\u00e9renciante qui vienne \u00e9tablir ma marque en g\u00e9n\u00e9ral et soutenir la commercialisation de mes produits\/services aupr\u00e8s de publics bien pr\u00e9cis (mes cibles)\".  Objectifs: Cette permanence a pour objectif de vous accompagner dans la structuration de votre strat\u00e9gie de communication globale ou digitale et\/ou vous donner les conseils et outils pour construire vos messages et prioriser vos audiences.  Cette permanence se veut tr\u00e8s globale et transversale sur les sujets de communication, que se soit sur le fond ou sur la forme.  Vous pourrez y aborder les notions suivantes :   les objectifs de communication : notori\u00e9t\u00e9, assise de positionnement, prospection, influence etc.  les publics : insights, segmentation et ciblage, persona  les messages cl\u00e9s : discours socle et storytelling  votre identit\u00e9 visuelle et lexicale  activation : mise en \u0153uvre via un calendrier \u00e9ditorial omni-canal  les strat\u00e9gies sp\u00e9cifiques aux r\u00e9seaux sociaux  la conception de votre site web sans pr\u00e9-requis  &nbsp;  Pr\u00e9-requis : Aucun     Intervenant.e\u00a0: Alexandra Robert de l'agence LesLieuxdits  Designer de formation, experte en \u00e9tudes s\u00e9miotique appliqu\u00e9es au marketing, \u00e0 la marque et au business apr\u00e8s avoir \u00e9t\u00e9 directrice artistique et responsable communication pour des marques grand public durant plus de 18 ans. Je suis la fondatrice de l'agence LesLieuxDits qui accompagne les dirigeants dans le d\u00e9veloppement d'activit\u00e9s \u00e9conomiques plus responsables et cheffe d'une famille de 3 enfants.  Domaines d'expertise : &gt; la relation entre le projet, l'offre et son \"public\", autrement dit : le sens et la valorisation &gt; la collaboration, le collectif, les contributions, la cr\u00e9ativit\u00e9 pour trouver des solutions qui collent aux sujets et aux moyens, autrement dit : le design de solutions et la facilitation.  Son super pouvoir : Facilitatrice de d\u00e9veloppement cr\u00e9atif et signifiant.  Son petit mot : Osez bricoler, exp\u00e9rimenter, tester les possibilit\u00e9s.  Dur\u00e9e : 1h en ligne  Attention ! \u00a0Veuillez vous pr\u00e9senter \u00e0 l\u2019heure pour que l\u2019activit\u00e9 puisse commencer \u00e0 temps. Si vous avez du retard veuillez pr\u00e9venir l\u2019intervenant.e. Si vous avez plus de 15 min de retard l\u2019intervenant.e se r\u00e9serve le droit de ne pas vous accepter pour le coaching ou l\u2019atelier.","og_url":"https:\/\/empow-her.com\/produit\/marketing-communication-la-strategie-de-communication-globale-et-digitale\/","og_site_name":"Empow&#039;Her","article_modified_time":"2023-10-11T10:17:56+00:00","og_image":[{"width":1080,"height":1080,"url":"https:\/\/empow-her.com\/wp-content\/uploads\/2023\/10\/Marketiiiii.png","type":"image\/png"}],"twitter_card":"summary_large_image","twitter_misc":{"Tiempo de lectura":"2 minutos"},"schema":{"@context":"https:\/\/schema.org","@graph":[{"@type":"WebPage","@id":"https:\/\/empow-her.com\/produit\/marketing-communication-la-strategie-de-communication-globale-et-digitale\/","url":"https:\/\/empow-her.com\/produit\/marketing-communication-la-strategie-de-communication-globale-et-digitale\/","name":"NEW- Coaching -La strat\u00e9gie de communication globale et digitale - Empow&#039;Her","isPartOf":{"@id":"https:\/\/empow-her.com\/#website"},"primaryImageOfPage":{"@id":"https:\/\/empow-her.com\/produit\/marketing-communication-la-strategie-de-communication-globale-et-digitale\/#primaryimage"},"image":{"@id":"https:\/\/empow-her.com\/produit\/marketing-communication-la-strategie-de-communication-globale-et-digitale\/#primaryimage"},"thumbnailUrl":"https:\/\/empow-her.com\/wp-content\/uploads\/2023\/10\/Marketiiiii.png","datePublished":"2023-10-11T10:06:06+00:00","dateModified":"2023-10-11T10:17:56+00:00","breadcrumb":{"@id":"https:\/\/empow-her.com\/produit\/marketing-communication-la-strategie-de-communication-globale-et-digitale\/#breadcrumb"},"inLanguage":"es","potentialAction":[{"@type":"ReadAction","target":["https:\/\/empow-her.com\/produit\/marketing-communication-la-strategie-de-communication-globale-et-digitale\/"]}]},{"@type":"ImageObject","inLanguage":"es","@id":"https:\/\/empow-her.com\/produit\/marketing-communication-la-strategie-de-communication-globale-et-digitale\/#primaryimage","url":"https:\/\/empow-her.com\/wp-content\/uploads\/2023\/10\/Marketiiiii.png","contentUrl":"https:\/\/empow-her.com\/wp-content\/uploads\/2023\/10\/Marketiiiii.png","width":1080,"height":1080},{"@type":"BreadcrumbList","@id":"https:\/\/empow-her.com\/produit\/marketing-communication-la-strategie-de-communication-globale-et-digitale\/#breadcrumb","itemListElement":[{"@type":"ListItem","position":1,"name":"Accueil","item":"https:\/\/empow-her.com\/es\/inicio\/"},{"@type":"ListItem","position":2,"name":"LA BOUTIQUE","item":"https:\/\/empow-her.com\/boutique\/"},{"@type":"ListItem","position":3,"name":"NEW- Coaching -La strat\u00e9gie de communication globale et digitale"}]},{"@type":"WebSite","@id":"https:\/\/empow-her.com\/#website","url":"https:\/\/empow-her.com\/","name":"Empow&#039;Her","description":"Women Development","potentialAction":[{"@type":"SearchAction","target":{"@type":"EntryPoint","urlTemplate":"https:\/\/empow-her.com\/?s={search_term_string}"},"query-input":{"@type":"PropertyValueSpecification","valueRequired":true,"valueName":"search_term_string"}}],"inLanguage":"es"}]}},"_links":{"self":[{"href":"https:\/\/empow-her.com\/es\/wp-json\/wp\/v2\/product\/207738","targetHints":{"allow":["GET"]}}],"collection":[{"href":"https:\/\/empow-her.com\/es\/wp-json\/wp\/v2\/product"}],"about":[{"href":"https:\/\/empow-her.com\/es\/wp-json\/wp\/v2\/types\/product"}],"wp:featuredmedia":[{"embeddable":true,"href":"https:\/\/empow-her.com\/es\/wp-json\/wp\/v2\/media\/207739"}],"wp:attachment":[{"href":"https:\/\/empow-her.com\/es\/wp-json\/wp\/v2\/media?parent=207738"}],"wp:term":[{"taxonomy":"product_brand","embeddable":true,"href":"https:\/\/empow-her.com\/es\/wp-json\/wp\/v2\/product_brand?post=207738"},{"taxonomy":"product_cat","embeddable":true,"href":"https:\/\/empow-her.com\/es\/wp-json\/wp\/v2\/product_cat?post=207738"},{"taxonomy":"product_tag","embeddable":true,"href":"https:\/\/empow-her.com\/es\/wp-json\/wp\/v2\/product_tag?post=207738"},{"taxonomy":"lieu","embeddable":true,"href":"https:\/\/empow-her.com\/es\/wp-json\/wp\/v2\/lieu?post=207738"},{"taxonomy":"thematiques","embeddable":true,"href":"https:\/\/empow-her.com\/es\/wp-json\/wp\/v2\/thematiques?post=207738"}],"curies":[{"name":"wp","href":"https:\/\/api.w.org\/{rel}","templated":true}]}}