{"id":197454,"date":"2023-09-08T12:11:42","date_gmt":"2023-09-08T10:11:42","guid":{"rendered":"https:\/\/empow-her.com\/?post_type=product&#038;p=197454"},"modified":"2023-09-20T16:30:53","modified_gmt":"2023-09-20T14:30:53","slug":"webinaire-kpmg-la-prospection-commerciale-btob","status":"publish","type":"product","link":"https:\/\/empow-her.com\/es\/produit\/webinaire-kpmg-la-prospection-commerciale-btob\/","title":{"rendered":"Webinaire-KPMG &#8211; La prospection commerciale BtoB"},"content":{"rendered":"<div class=\"l7ghb35v kjdc1dyq kmwttqpk gh25dzvf jikcssrz\"><\/div>\n<p>&nbsp;<\/p>\n<p>&nbsp;<\/p>\n","protected":false},"excerpt":{"rendered":"<p><strong>Description:\u00a0<\/strong><\/p>\n<ul class=\"p-rich_text_list p-rich_text_list__bullet\" data-stringify-type=\"unordered-list\" data-indent=\"0\" data-border=\"0\">\n<li data-stringify-indent=\"0\" data-stringify-border=\"0\">Lors d\u2019une formation en ligne de 3h, abordez<strong> les bases du d\u00e9marchage B2B<\/strong> et repartez avec des conseils concrets pour une prospection r\u00e9ussite. Le but sera de vous aider \u00e0 \u00eatre plus<strong> efficace dans votre recherche de nouveaux clients B2B<\/strong> pour lancer l\u2019activit\u00e9 \u00e9conomique de votre concept.&#x1f3af;<\/li>\n<li data-stringify-indent=\"0\" data-stringify-border=\"0\">Anim\u00e9 par un collaborateur KPMG ayant lui-m\u00eame une exp\u00e9rience dans l\u2019entrepreneuriat et le d\u00e9veloppement de projets, l\u2019atelier a pour but d\u2019interagir avec les participants pour r\u00e9pondre au mieux aux questions li\u00e9es aux sp\u00e9cificit\u00e9s de vos projets et se cl\u00f4turera par un temps de questions\/r\u00e9ponses pour aller plus loin.&#x1f680;<\/li>\n<\/ul>\n<p>&nbsp;<\/p>\n<div>\n<div class=\"x11i5rnm xat24cr x1mh8g0r x1vvkbs xdj266r\">\n<p><span class=\"x3nfvp2 x1j61x8r x1fcty0u xdj266r xhhsvwb xat24cr xgzva0m xxymvpz xlup9mm x1kky2od\"><b data-stringify-type=\"bold\">Infos pratiques :<\/b><\/span><\/p>\n<div>\n<div class=\"x11i5rnm xat24cr x1mh8g0r x1vvkbs xdj266r\">\n<p><span class=\"fxk3tzhb b2rh1bv3 gh55jysx m8h3af8h ewco64xe kjdc1dyq ms56khn7 bq6c9xl4 eohcrkr5 akh3l2rg\"><img decoding=\"async\" src=\"https:\/\/static.xx.fbcdn.net\/images\/emoji.php\/v9\/td7\/1.5\/16\/1f4c5.png\" alt=\"&#x1f4c5;\" width=\"16\" height=\"16\" \/><\/span> Le webinaire se d\u00e9roulera le <strong> jeudi 19 octobre<\/strong> de 14h \u00e0 17h.<\/p>\n<\/div>\n<\/div>\n<div class=\"l7ghb35v kjdc1dyq kmwttqpk gh25dzvf jikcssrz\"><span class=\"x3nfvp2 x1j61x8r x1fcty0u xdj266r xhhsvwb xat24cr xgzva0m xxymvpz xlup9mm x1kky2od\"><span class=\"x1xsqp64 xiy17q3 x1o6pynw x19co3pv xdj266r xcwd3tp xat24cr x39eecv x2b8uid\" data-testid=\"emoji\"><span class=\"xexx8yu xn5pp95 x18d9i69 x2fxd7x x1yqt14a x1bhl96m\">&#x23f1;\u00a0<\/span><\/span>Dur\u00e9e : 3 heures<br \/>\n<\/span><\/div>\n<div><\/div>\n<div class=\"l7ghb35v kjdc1dyq kmwttqpk gh25dzvf jikcssrz\"><span class=\"x3nfvp2 x1j61x8r x1fcty0u xdj266r xhhsvwb xat24cr xgzva0m xxymvpz xlup9mm x1kky2od\"><span class=\"x1xsqp64 xiy17q3 x1o6pynw x19co3pv xdj266r xcwd3tp xat24cr x39eecv x2b8uid\" data-testid=\"emoji\"><span class=\"xexx8yu xn5pp95 x18d9i69 x2fxd7x x1yqt14a x1bhl96m\">&#x1f4cd;\u00a0<\/span><\/span>En ligne : Le lien de connexion Zoom vous sera envoy\u00e9 suite \u00e0 l\u2019inscription \u00e0 l\u2019\u00e9v\u00e9nement.<\/span><\/div>\n<\/div>\n<\/div>\n<div><\/div>\n<div class=\"l7ghb35v kjdc1dyq kmwttqpk gh25dzvf jikcssrz\">A tr\u00e8s vite !\u00a0<span class=\"fxk3tzhb b2rh1bv3 gh55jysx m8h3af8h ewco64xe kjdc1dyq ms56khn7 bq6c9xl4 eohcrkr5 akh3l2rg\"><img decoding=\"async\" src=\"https:\/\/static.xx.fbcdn.net\/images\/emoji.php\/v9\/t56\/1.5\/16\/1f64c.png\" alt=\"&#x1f64c;\" width=\"16\" height=\"16\" \/><\/span><\/div>\n<p>&nbsp;<\/p>\n<p>&nbsp;<\/p>\n","protected":false},"featured_media":201449,"template":"","format":"standard","meta":{"_acf_changed":false,"om_disable_all_campaigns":false,"_uf_show_specific_survey":0,"_uf_disable_surveys":false},"product_brand":[],"product_cat":[118],"product_tag":[],"lieu":[125],"thematiques":[],"class_list":{"0":"post-197454","1":"product","2":"type-product","3":"status-publish","4":"format-standard","5":"has-post-thumbnail","7":"product_cat-atelier-collectif","8":"lieu-en-ligne","10":"first","11":"instock","12":"virtual","13":"purchasable","14":"product-type-appointment"},"exclude_global_add_ons":[],"addons":[],"acf":[],"yoast_head":"<!-- This site is optimized with the Yoast SEO plugin v24.8 - https:\/\/yoast.com\/wordpress\/plugins\/seo\/ -->\n<title>Webinaire-KPMG - La prospection commerciale BtoB - Empow&#039;Her<\/title>\n<meta name=\"robots\" content=\"index, follow, max-snippet:-1, max-image-preview:large, max-video-preview:-1\" \/>\n<link rel=\"canonical\" href=\"https:\/\/empow-her.com\/produit\/webinaire-kpmg-la-prospection-commerciale-btob\/\" \/>\n<meta property=\"og:locale\" content=\"es_ES\" \/>\n<meta property=\"og:type\" content=\"article\" \/>\n<meta property=\"og:title\" content=\"Webinaire-KPMG - La prospection commerciale BtoB - Empow&#039;Her\" \/>\n<meta property=\"og:description\" content=\"Description:\u00a0   Lors d\u2019une formation en ligne de 3h, abordez les bases du d\u00e9marchage B2B et repartez avec des conseils concrets pour une prospection r\u00e9ussite. Le but sera de vous aider \u00e0 \u00eatre plus efficace dans votre recherche de nouveaux clients B2B pour lancer l\u2019activit\u00e9 \u00e9conomique de votre concept.&#x1f3af;  Anim\u00e9 par un collaborateur KPMG ayant lui-m\u00eame une exp\u00e9rience dans l\u2019entrepreneuriat et le d\u00e9veloppement de projets, l\u2019atelier a pour but d\u2019interagir avec les participants pour r\u00e9pondre au mieux aux questions li\u00e9es aux sp\u00e9cificit\u00e9s de vos projets et se cl\u00f4turera par un temps de questions\/r\u00e9ponses pour aller plus loin.&#x1f680;  &nbsp;    Infos pratiques :     Le webinaire se d\u00e9roulera le jeudi 19 octobre de 14h \u00e0 17h.    &#x23f1;\u00a0Dur\u00e9e : 3 heures   &#x1f4cd;\u00a0En ligne : Le lien de connexion Zoom vous sera envoy\u00e9 suite \u00e0 l\u2019inscription \u00e0 l\u2019\u00e9v\u00e9nement.    A tr\u00e8s vite !\u00a0 &nbsp;  &nbsp;\" \/>\n<meta property=\"og:url\" content=\"https:\/\/empow-her.com\/produit\/webinaire-kpmg-la-prospection-commerciale-btob\/\" \/>\n<meta property=\"og:site_name\" content=\"Empow&#039;Her\" \/>\n<meta property=\"article:modified_time\" content=\"2023-09-20T14:30:53+00:00\" \/>\n<meta property=\"og:image\" content=\"https:\/\/empow-her.com\/wp-content\/uploads\/2023\/09\/kpmg-hhb.png\" \/>\n\t<meta property=\"og:image:width\" content=\"1080\" \/>\n\t<meta property=\"og:image:height\" content=\"1080\" \/>\n\t<meta property=\"og:image:type\" content=\"image\/png\" \/>\n<meta name=\"twitter:card\" content=\"summary_large_image\" \/>\n<script type=\"application\/ld+json\" class=\"yoast-schema-graph\">{\"@context\":\"https:\/\/schema.org\",\"@graph\":[{\"@type\":\"WebPage\",\"@id\":\"https:\/\/empow-her.com\/produit\/webinaire-kpmg-la-prospection-commerciale-btob\/\",\"url\":\"https:\/\/empow-her.com\/produit\/webinaire-kpmg-la-prospection-commerciale-btob\/\",\"name\":\"Webinaire-KPMG - La prospection commerciale BtoB - Empow&#039;Her\",\"isPartOf\":{\"@id\":\"https:\/\/empow-her.com\/#website\"},\"primaryImageOfPage\":{\"@id\":\"https:\/\/empow-her.com\/produit\/webinaire-kpmg-la-prospection-commerciale-btob\/#primaryimage\"},\"image\":{\"@id\":\"https:\/\/empow-her.com\/produit\/webinaire-kpmg-la-prospection-commerciale-btob\/#primaryimage\"},\"thumbnailUrl\":\"https:\/\/empow-her.com\/wp-content\/uploads\/2023\/09\/kpmg-hhb.png\",\"datePublished\":\"2023-09-08T10:11:42+00:00\",\"dateModified\":\"2023-09-20T14:30:53+00:00\",\"breadcrumb\":{\"@id\":\"https:\/\/empow-her.com\/produit\/webinaire-kpmg-la-prospection-commerciale-btob\/#breadcrumb\"},\"inLanguage\":\"es\",\"potentialAction\":[{\"@type\":\"ReadAction\",\"target\":[\"https:\/\/empow-her.com\/produit\/webinaire-kpmg-la-prospection-commerciale-btob\/\"]}]},{\"@type\":\"ImageObject\",\"inLanguage\":\"es\",\"@id\":\"https:\/\/empow-her.com\/produit\/webinaire-kpmg-la-prospection-commerciale-btob\/#primaryimage\",\"url\":\"https:\/\/empow-her.com\/wp-content\/uploads\/2023\/09\/kpmg-hhb.png\",\"contentUrl\":\"https:\/\/empow-her.com\/wp-content\/uploads\/2023\/09\/kpmg-hhb.png\",\"width\":1080,\"height\":1080},{\"@type\":\"BreadcrumbList\",\"@id\":\"https:\/\/empow-her.com\/produit\/webinaire-kpmg-la-prospection-commerciale-btob\/#breadcrumb\",\"itemListElement\":[{\"@type\":\"ListItem\",\"position\":1,\"name\":\"Accueil\",\"item\":\"https:\/\/empow-her.com\/es\/inicio\/\"},{\"@type\":\"ListItem\",\"position\":2,\"name\":\"LA BOUTIQUE\",\"item\":\"https:\/\/empow-her.com\/boutique\/\"},{\"@type\":\"ListItem\",\"position\":3,\"name\":\"Webinaire-KPMG &#8211; La prospection commerciale BtoB\"}]},{\"@type\":\"WebSite\",\"@id\":\"https:\/\/empow-her.com\/#website\",\"url\":\"https:\/\/empow-her.com\/\",\"name\":\"Empow&#039;Her\",\"description\":\"Women Development\",\"potentialAction\":[{\"@type\":\"SearchAction\",\"target\":{\"@type\":\"EntryPoint\",\"urlTemplate\":\"https:\/\/empow-her.com\/?s={search_term_string}\"},\"query-input\":{\"@type\":\"PropertyValueSpecification\",\"valueRequired\":true,\"valueName\":\"search_term_string\"}}],\"inLanguage\":\"es\"}]}<\/script>\n<!-- \/ Yoast SEO plugin. -->","yoast_head_json":{"title":"Webinaire-KPMG - La prospection commerciale BtoB - Empow&#039;Her","robots":{"index":"index","follow":"follow","max-snippet":"max-snippet:-1","max-image-preview":"max-image-preview:large","max-video-preview":"max-video-preview:-1"},"canonical":"https:\/\/empow-her.com\/produit\/webinaire-kpmg-la-prospection-commerciale-btob\/","og_locale":"es_ES","og_type":"article","og_title":"Webinaire-KPMG - La prospection commerciale BtoB - Empow&#039;Her","og_description":"Description:\u00a0   Lors d\u2019une formation en ligne de 3h, abordez les bases du d\u00e9marchage B2B et repartez avec des conseils concrets pour une prospection r\u00e9ussite. Le but sera de vous aider \u00e0 \u00eatre plus efficace dans votre recherche de nouveaux clients B2B pour lancer l\u2019activit\u00e9 \u00e9conomique de votre concept.&#x1f3af;  Anim\u00e9 par un collaborateur KPMG ayant lui-m\u00eame une exp\u00e9rience dans l\u2019entrepreneuriat et le d\u00e9veloppement de projets, l\u2019atelier a pour but d\u2019interagir avec les participants pour r\u00e9pondre au mieux aux questions li\u00e9es aux sp\u00e9cificit\u00e9s de vos projets et se cl\u00f4turera par un temps de questions\/r\u00e9ponses pour aller plus loin.&#x1f680;  &nbsp;    Infos pratiques :     Le webinaire se d\u00e9roulera le jeudi 19 octobre de 14h \u00e0 17h.    &#x23f1;\u00a0Dur\u00e9e : 3 heures   &#x1f4cd;\u00a0En ligne : Le lien de connexion Zoom vous sera envoy\u00e9 suite \u00e0 l\u2019inscription \u00e0 l\u2019\u00e9v\u00e9nement.    A tr\u00e8s vite !\u00a0 &nbsp;  &nbsp;","og_url":"https:\/\/empow-her.com\/produit\/webinaire-kpmg-la-prospection-commerciale-btob\/","og_site_name":"Empow&#039;Her","article_modified_time":"2023-09-20T14:30:53+00:00","og_image":[{"width":1080,"height":1080,"url":"https:\/\/empow-her.com\/wp-content\/uploads\/2023\/09\/kpmg-hhb.png","type":"image\/png"}],"twitter_card":"summary_large_image","schema":{"@context":"https:\/\/schema.org","@graph":[{"@type":"WebPage","@id":"https:\/\/empow-her.com\/produit\/webinaire-kpmg-la-prospection-commerciale-btob\/","url":"https:\/\/empow-her.com\/produit\/webinaire-kpmg-la-prospection-commerciale-btob\/","name":"Webinaire-KPMG - La prospection commerciale BtoB - Empow&#039;Her","isPartOf":{"@id":"https:\/\/empow-her.com\/#website"},"primaryImageOfPage":{"@id":"https:\/\/empow-her.com\/produit\/webinaire-kpmg-la-prospection-commerciale-btob\/#primaryimage"},"image":{"@id":"https:\/\/empow-her.com\/produit\/webinaire-kpmg-la-prospection-commerciale-btob\/#primaryimage"},"thumbnailUrl":"https:\/\/empow-her.com\/wp-content\/uploads\/2023\/09\/kpmg-hhb.png","datePublished":"2023-09-08T10:11:42+00:00","dateModified":"2023-09-20T14:30:53+00:00","breadcrumb":{"@id":"https:\/\/empow-her.com\/produit\/webinaire-kpmg-la-prospection-commerciale-btob\/#breadcrumb"},"inLanguage":"es","potentialAction":[{"@type":"ReadAction","target":["https:\/\/empow-her.com\/produit\/webinaire-kpmg-la-prospection-commerciale-btob\/"]}]},{"@type":"ImageObject","inLanguage":"es","@id":"https:\/\/empow-her.com\/produit\/webinaire-kpmg-la-prospection-commerciale-btob\/#primaryimage","url":"https:\/\/empow-her.com\/wp-content\/uploads\/2023\/09\/kpmg-hhb.png","contentUrl":"https:\/\/empow-her.com\/wp-content\/uploads\/2023\/09\/kpmg-hhb.png","width":1080,"height":1080},{"@type":"BreadcrumbList","@id":"https:\/\/empow-her.com\/produit\/webinaire-kpmg-la-prospection-commerciale-btob\/#breadcrumb","itemListElement":[{"@type":"ListItem","position":1,"name":"Accueil","item":"https:\/\/empow-her.com\/es\/inicio\/"},{"@type":"ListItem","position":2,"name":"LA BOUTIQUE","item":"https:\/\/empow-her.com\/boutique\/"},{"@type":"ListItem","position":3,"name":"Webinaire-KPMG &#8211; La prospection commerciale BtoB"}]},{"@type":"WebSite","@id":"https:\/\/empow-her.com\/#website","url":"https:\/\/empow-her.com\/","name":"Empow&#039;Her","description":"Women Development","potentialAction":[{"@type":"SearchAction","target":{"@type":"EntryPoint","urlTemplate":"https:\/\/empow-her.com\/?s={search_term_string}"},"query-input":{"@type":"PropertyValueSpecification","valueRequired":true,"valueName":"search_term_string"}}],"inLanguage":"es"}]}},"_links":{"self":[{"href":"https:\/\/empow-her.com\/es\/wp-json\/wp\/v2\/product\/197454","targetHints":{"allow":["GET"]}}],"collection":[{"href":"https:\/\/empow-her.com\/es\/wp-json\/wp\/v2\/product"}],"about":[{"href":"https:\/\/empow-her.com\/es\/wp-json\/wp\/v2\/types\/product"}],"wp:featuredmedia":[{"embeddable":true,"href":"https:\/\/empow-her.com\/es\/wp-json\/wp\/v2\/media\/201449"}],"wp:attachment":[{"href":"https:\/\/empow-her.com\/es\/wp-json\/wp\/v2\/media?parent=197454"}],"wp:term":[{"taxonomy":"product_brand","embeddable":true,"href":"https:\/\/empow-her.com\/es\/wp-json\/wp\/v2\/product_brand?post=197454"},{"taxonomy":"product_cat","embeddable":true,"href":"https:\/\/empow-her.com\/es\/wp-json\/wp\/v2\/product_cat?post=197454"},{"taxonomy":"product_tag","embeddable":true,"href":"https:\/\/empow-her.com\/es\/wp-json\/wp\/v2\/product_tag?post=197454"},{"taxonomy":"lieu","embeddable":true,"href":"https:\/\/empow-her.com\/es\/wp-json\/wp\/v2\/lieu?post=197454"},{"taxonomy":"thematiques","embeddable":true,"href":"https:\/\/empow-her.com\/es\/wp-json\/wp\/v2\/thematiques?post=197454"}],"curies":[{"name":"wp","href":"https:\/\/api.w.org\/{rel}","templated":true}]}}