{"id":197437,"date":"2023-09-08T11:25:33","date_gmt":"2023-09-08T09:25:33","guid":{"rendered":"https:\/\/empow-her.com\/?post_type=product&#038;p=197437"},"modified":"2023-09-08T11:41:25","modified_gmt":"2023-09-08T09:41:25","slug":"la-strategie-et-le-marketing-de-loffre","status":"publish","type":"product","link":"https:\/\/empow-her.com\/es\/produit\/la-strategie-et-le-marketing-de-loffre\/","title":{"rendered":"Atelier &#8211; La strat\u00e9gie et le marketing de l\u2019offre"},"content":{"rendered":"<p><span data-sheets-value=\"{&quot;1&quot;:2,&quot;2&quot;:&quot;Besoins : Vous avez imagin\u00e9 une premi\u00e8re offre et identifi\u00e9 vos premier\u00b7es client\u00b7es et b\u00e9n\u00e9ficiaires mais vous ne savez pas par o\u00f9 commencer pour la commercialiser ? Quels sont les canaux \u00e0 utiliser ? Comment pr\u00e9senter son offre ? Quels objectifs commerciaux se fixer et comment les atteindre ?nnPendant cet atelier, nous parcourerons ensemble plusieurs th\u00e9matiques :n- Savoir pr\u00e9senter son offre de fa\u00e7on rapide et percutanten- Identifier ses principaux canaux de prospection en fonction de ses ciblesn- Ma\u00eetriser des bonnes pratiques commercialesn- Planifier sa prospection et sa vente pour avoir de la visibilit\u00e9.nnA la fin de l'atelier, vous aurez \u00e9labor\u00e9 un pitch commercial impactant, vous saurez adopter une posture empathique vis-\u00e0-vis de vos client\u00b7es et b\u00e9n\u00e9ficiaires cibles et sur quels canaux vous appuyer. Vous aurez aussi une vision plus claire de vos prochaines actions commerciales et vous pourrez vous lancer en confiance.nnPr\u00e9-requis : avoir \u00e9bauch\u00e9 une premi\u00e8re offre de produit(s) ou de service(s) et avoir identifi\u00e9 les cibles aupr\u00e8s desquelles vous souhaitez la commercialiser. nnAttention ! Veuillez vous pr\u00e9senter \u00e0 l'heure pour que l'activit\u00e9 puisse commencer \u00e0 temps. Si vous avez du retard veuillez pr\u00e9venir l'intervenant.e. Si vous avez plus de 15 min de retard l'intervenant.e se r\u00e9serve le droit de ne plus vous accepter pour le coaching ou l'atelier.n&quot;}\" data-sheets-userformat=\"{&quot;2&quot;:4995,&quot;3&quot;:{&quot;1&quot;:0},&quot;4&quot;:{&quot;1&quot;:2,&quot;2&quot;:16773836},&quot;10&quot;:1,&quot;11&quot;:4,&quot;12&quot;:0,&quot;15&quot;:&quot;Hind&quot;}\"><strong>Description <\/strong>: Ce nouvel atelier vient en r\u00e9ponse \u00e0 un constat bas\u00e9 sur les accompagnements de l&#8217;ann\u00e9e derni\u00e8re : une offre non suffisamment travaill\u00e9e et claire est un frein au d\u00e9veloppement de votre activit\u00e9 et ne pourra que nuire \u00e0 l&#8217;efficacit\u00e9 de vos efforts de visibilit\u00e9 et de communication. <\/span><\/p>\n<p><span data-sheets-value=\"{&quot;1&quot;:2,&quot;2&quot;:&quot;Besoins : Vous avez imagin\u00e9 une premi\u00e8re offre et identifi\u00e9 vos premier\u00b7es client\u00b7es et b\u00e9n\u00e9ficiaires mais vous ne savez pas par o\u00f9 commencer pour la commercialiser ? Quels sont les canaux \u00e0 utiliser ? Comment pr\u00e9senter son offre ? Quels objectifs commerciaux se fixer et comment les atteindre ?nnPendant cet atelier, nous parcourerons ensemble plusieurs th\u00e9matiques :n- Savoir pr\u00e9senter son offre de fa\u00e7on rapide et percutanten- Identifier ses principaux canaux de prospection en fonction de ses ciblesn- Ma\u00eetriser des bonnes pratiques commercialesn- Planifier sa prospection et sa vente pour avoir de la visibilit\u00e9.nnA la fin de l'atelier, vous aurez \u00e9labor\u00e9 un pitch commercial impactant, vous saurez adopter une posture empathique vis-\u00e0-vis de vos client\u00b7es et b\u00e9n\u00e9ficiaires cibles et sur quels canaux vous appuyer. Vous aurez aussi une vision plus claire de vos prochaines actions commerciales et vous pourrez vous lancer en confiance.nnPr\u00e9-requis : avoir \u00e9bauch\u00e9 une premi\u00e8re offre de produit(s) ou de service(s) et avoir identifi\u00e9 les cibles aupr\u00e8s desquelles vous souhaitez la commercialiser. nnAttention ! Veuillez vous pr\u00e9senter \u00e0 l'heure pour que l'activit\u00e9 puisse commencer \u00e0 temps. Si vous avez du retard veuillez pr\u00e9venir l'intervenant.e. Si vous avez plus de 15 min de retard l'intervenant.e se r\u00e9serve le droit de ne plus vous accepter pour le coaching ou l'atelier.n&quot;}\" data-sheets-userformat=\"{&quot;2&quot;:4995,&quot;3&quot;:{&quot;1&quot;:0},&quot;4&quot;:{&quot;1&quot;:2,&quot;2&quot;:16773836},&quot;10&quot;:1,&quot;11&quot;:4,&quot;12&quot;:0,&quot;15&quot;:&quot;Hind&quot;}\">Dans cet atelier, nous reprendrons les &#8220;basics&#8221; de ce qu&#8217;est une offre &#8211; \u00e0 minima, quels sont ses composantes afin qu&#8217;elle soit compr\u00e9hensible par vos publics. Comment strat\u00e9giquement la formuler, par rapport \u00e0 ses diff\u00e9rents publics et comment communiquer \u00e0 partir de ces offres.\u00a0<\/span><\/p>\n<p><strong>Objectifs: <\/strong>Les notions qui pourront \u00eatre abord\u00e9es au cours de la permanence sont les suivantes :<\/p>\n<ul>\n<li>L&#8217;offre : des dimensions fonctionnelles aux dimensions \u201cimmat\u00e9rielles\u201d. Formaliser ma proposition de valeur<\/li>\n<li>Mes cibles : typologie, segmentation, ciblage et priorisation<\/li>\n<li>Mon march\u00e9 : mon univers concurrentiel. Mon positionnement marketing<\/li>\n<li>Plan d\u2019activation marketing<\/li>\n<\/ul>\n<p>&nbsp;<\/p>\n<p><strong>Pr\u00e9-requis<\/strong> : Aucun<\/p>\n<p><strong>Intervenant.e : Anne-Sophie Cambay<\/strong>\u00a0les Lieux Dits<\/p>\n<p>Je suis une d\u00e9veloppeuse! Apr\u00e8s 20 ans pass\u00e9s au sein de grands groupes \u00e0 la Direction Marketing puis Strat\u00e9gie et Business D\u00e9veloppement, j&#8217;accompagne depuis 7 ans des dirigeants d&#8217;entreprise et des entrepreneurs dans leurs probl\u00e9matiques complexes de d\u00e9veloppement et de transformation.<\/p>\n<p><strong>Son super pouvoir : <\/strong>Simplifier le complexe. Accompagner le changement. Rationnelle tout en restant intuitive.<\/p>\n<p><strong>Son petit mot: <\/strong>Never give up &#8211; you owe it to yourself!<\/p>\n<p><strong>Attention !<\/strong> Veuillez vous pr\u00e9senter \u00e0 l&#8217;heure pour que l&#8217;activit\u00e9 puisse commencer \u00e0 temps. Si vous avez du retard veuillez pr\u00e9venir l&#8217;intervenant.e. Si vous avez plus de 15 min de retard l&#8217;intervenant.e se r\u00e9serve le droit de ne plus vous accepter pour le coaching ou l&#8217;atelier.<\/p>\n","protected":false},"excerpt":{"rendered":"<p><span data-sheets-value=\"{&quot;1&quot;:2,&quot;2&quot;:&quot;Besoins : Vous avez imagin\u00e9 une premi\u00e8re offre et identifi\u00e9 vos premier\u00b7es client\u00b7es et b\u00e9n\u00e9ficiaires mais vous ne savez pas par o\u00f9 commencer pour la commercialiser ? Quels sont les canaux \u00e0 utiliser ? Comment pr\u00e9senter son offre ? Quels objectifs commerciaux se fixer et comment les atteindre ?nnPendant cet atelier, nous parcourerons ensemble plusieurs th\u00e9matiques :n- Savoir pr\u00e9senter son offre de fa\u00e7on rapide et percutanten- Identifier ses principaux canaux de prospection en fonction de ses ciblesn- Ma\u00eetriser des bonnes pratiques commercialesn- Planifier sa prospection et sa vente pour avoir de la visibilit\u00e9.nnA la fin de l'atelier, vous aurez \u00e9labor\u00e9 un pitch commercial impactant, vous saurez adopter une posture empathique vis-\u00e0-vis de vos client\u00b7es et b\u00e9n\u00e9ficiaires cibles et sur quels canaux vous appuyer. Vous aurez aussi une vision plus claire de vos prochaines actions commerciales et vous pourrez vous lancer en confiance.nnPr\u00e9-requis : avoir \u00e9bauch\u00e9 une premi\u00e8re offre de produit(s) ou de service(s) et avoir identifi\u00e9 les cibles aupr\u00e8s desquelles vous souhaitez la commercialiser. nnAttention ! Veuillez vous pr\u00e9senter \u00e0 l'heure pour que l'activit\u00e9 puisse commencer \u00e0 temps. Si vous avez du retard veuillez pr\u00e9venir l'intervenant.e. Si vous avez plus de 15 min de retard l'intervenant.e se r\u00e9serve le droit de ne plus vous accepter pour le coaching ou l'atelier.n&quot;}\" data-sheets-userformat=\"{&quot;2&quot;:4995,&quot;3&quot;:{&quot;1&quot;:0},&quot;4&quot;:{&quot;1&quot;:2,&quot;2&quot;:16773836},&quot;10&quot;:1,&quot;11&quot;:4,&quot;12&quot;:0,&quot;15&quot;:&quot;Hind&quot;}\"><strong>Description <\/strong>: Ce nouvel atelier vient en r\u00e9ponse \u00e0 un constat bas\u00e9 sur les accompagnements de l&#8217;ann\u00e9e derni\u00e8re : une offre non suffisamment travaill\u00e9e et claire est un frein au d\u00e9veloppement de votre activit\u00e9 et ne pourra que nuire \u00e0 l&#8217;efficacit\u00e9 de vos efforts de visibilit\u00e9 et de communication. <\/span><\/p>\n<p><span data-sheets-value=\"{&quot;1&quot;:2,&quot;2&quot;:&quot;Besoins : Vous avez imagin\u00e9 une premi\u00e8re offre et identifi\u00e9 vos premier\u00b7es client\u00b7es et b\u00e9n\u00e9ficiaires mais vous ne savez pas par o\u00f9 commencer pour la commercialiser ? Quels sont les canaux \u00e0 utiliser ? Comment pr\u00e9senter son offre ? Quels objectifs commerciaux se fixer et comment les atteindre ?nnPendant cet atelier, nous parcourerons ensemble plusieurs th\u00e9matiques :n- Savoir pr\u00e9senter son offre de fa\u00e7on rapide et percutanten- Identifier ses principaux canaux de prospection en fonction de ses ciblesn- Ma\u00eetriser des bonnes pratiques commercialesn- Planifier sa prospection et sa vente pour avoir de la visibilit\u00e9.nnA la fin de l'atelier, vous aurez \u00e9labor\u00e9 un pitch commercial impactant, vous saurez adopter une posture empathique vis-\u00e0-vis de vos client\u00b7es et b\u00e9n\u00e9ficiaires cibles et sur quels canaux vous appuyer. Vous aurez aussi une vision plus claire de vos prochaines actions commerciales et vous pourrez vous lancer en confiance.nnPr\u00e9-requis : avoir \u00e9bauch\u00e9 une premi\u00e8re offre de produit(s) ou de service(s) et avoir identifi\u00e9 les cibles aupr\u00e8s desquelles vous souhaitez la commercialiser. nnAttention ! Veuillez vous pr\u00e9senter \u00e0 l'heure pour que l'activit\u00e9 puisse commencer \u00e0 temps. Si vous avez du retard veuillez pr\u00e9venir l'intervenant.e. Si vous avez plus de 15 min de retard l'intervenant.e se r\u00e9serve le droit de ne plus vous accepter pour le coaching ou l'atelier.n&quot;}\" data-sheets-userformat=\"{&quot;2&quot;:4995,&quot;3&quot;:{&quot;1&quot;:0},&quot;4&quot;:{&quot;1&quot;:2,&quot;2&quot;:16773836},&quot;10&quot;:1,&quot;11&quot;:4,&quot;12&quot;:0,&quot;15&quot;:&quot;Hind&quot;}\">Dans cet atelier, nous reprendrons les &#8220;basics&#8221; de ce qu&#8217;est une offre &#8211; \u00e0 minima, quels sont ses composantes afin qu&#8217;elle soit compr\u00e9hensible par vos publics. Comment strat\u00e9giquement la formuler, par rapport \u00e0 ses diff\u00e9rents publics et comment communiquer \u00e0 partir de ces offres.\u00a0<\/span><\/p>\n<p><strong>Objectifs: <\/strong>Les notions qui pourront \u00eatre abord\u00e9es au cours de la permanence sont les suivantes :<\/p>\n<ul>\n<li>L&#8217;offre : des dimensions fonctionnelles aux dimensions \u201cimmat\u00e9rielles\u201d. Formaliser ma proposition de valeur<\/li>\n<li>Mes cibles : typologie, segmentation, ciblage et priorisation<\/li>\n<li>Mon march\u00e9 : mon univers concurrentiel. Mon positionnement marketing<\/li>\n<li>Plan d\u2019activation marketing<\/li>\n<\/ul>\n<p>&nbsp;<\/p>\n<p><strong>Pr\u00e9-requis<\/strong> : Aucun<\/p>\n<p><strong>Intervenant.e : Anne-Sophie Cambay<\/strong>\u00a0les Lieux Dits<\/p>\n<p>Je suis une d\u00e9veloppeuse! Apr\u00e8s 20 ans pass\u00e9s au sein de grands groupes \u00e0 la Direction Marketing puis Strat\u00e9gie et Business D\u00e9veloppement, j&#8217;accompagne depuis 7 ans des dirigeants d&#8217;entreprise et des entrepreneurs dans leurs probl\u00e9matiques complexes de d\u00e9veloppement et de transformation.<\/p>\n<p><strong>Son super pouvoir : <\/strong>Simplifier le complexe. Accompagner le changement. Rationnelle tout en restant intuitive.<\/p>\n<p><strong>Son petit mot: <\/strong>Never give up &#8211; you owe it to yourself!<\/p>\n<p><strong>Attention !<\/strong> Veuillez vous pr\u00e9senter \u00e0 l&#8217;heure pour que l&#8217;activit\u00e9 puisse commencer \u00e0 temps. Si vous avez du retard veuillez pr\u00e9venir l&#8217;intervenant.e. Si vous avez plus de 15 min de retard l&#8217;intervenant.e se r\u00e9serve le droit de ne plus vous accepter pour le coaching ou l&#8217;atelier.<\/p>\n","protected":false},"featured_media":197442,"template":"","format":"standard","meta":{"_acf_changed":false,"om_disable_all_campaigns":false,"_uf_show_specific_survey":0,"_uf_disable_surveys":false},"product_brand":[],"product_cat":[118],"product_tag":[],"lieu":[127],"thematiques":[],"class_list":{"0":"post-197437","1":"product","2":"type-product","3":"status-publish","4":"format-standard","5":"has-post-thumbnail","7":"product_cat-atelier-collectif","8":"lieu-hub-empowher","10":"first","11":"instock","12":"virtual","13":"purchasable","14":"product-type-appointment"},"exclude_global_add_ons":[],"addons":[],"acf":[],"yoast_head":"<!-- This site is optimized with the Yoast SEO plugin v24.8 - https:\/\/yoast.com\/wordpress\/plugins\/seo\/ -->\n<title>Atelier - La strat\u00e9gie et le marketing de l\u2019offre - Empow&#039;Her<\/title>\n<meta name=\"robots\" content=\"index, follow, max-snippet:-1, max-image-preview:large, max-video-preview:-1\" \/>\n<link rel=\"canonical\" href=\"https:\/\/empow-her.com\/produit\/la-strategie-et-le-marketing-de-loffre\/\" \/>\n<meta property=\"og:locale\" content=\"es_ES\" \/>\n<meta property=\"og:type\" content=\"article\" \/>\n<meta property=\"og:title\" content=\"Atelier - La strat\u00e9gie et le marketing de l\u2019offre - Empow&#039;Her\" \/>\n<meta property=\"og:description\" content=\"Description : Ce nouvel atelier vient en r\u00e9ponse \u00e0 un constat bas\u00e9 sur les accompagnements de l&#039;ann\u00e9e derni\u00e8re : une offre non suffisamment travaill\u00e9e et claire est un frein au d\u00e9veloppement de votre activit\u00e9 et ne pourra que nuire \u00e0 l&#039;efficacit\u00e9 de vos efforts de visibilit\u00e9 et de communication.   Dans cet atelier, nous reprendrons les &quot;basics&quot; de ce qu&#039;est une offre - \u00e0 minima, quels sont ses composantes afin qu&#039;elle soit compr\u00e9hensible par vos publics. Comment strat\u00e9giquement la formuler, par rapport \u00e0 ses diff\u00e9rents publics et comment communiquer \u00e0 partir de ces offres.\u00a0  Objectifs: Les notions qui pourront \u00eatre abord\u00e9es au cours de la permanence sont les suivantes :   L&#039;offre : des dimensions fonctionnelles aux dimensions \u201cimmat\u00e9rielles\u201d. Formaliser ma proposition de valeur  Mes cibles : typologie, segmentation, ciblage et priorisation  Mon march\u00e9 : mon univers concurrentiel. Mon positionnement marketing  Plan d\u2019activation marketing  &nbsp;  Pr\u00e9-requis : Aucun  Intervenant.e : Anne-Sophie Cambay\u00a0les Lieux Dits  Je suis une d\u00e9veloppeuse! Apr\u00e8s 20 ans pass\u00e9s au sein de grands groupes \u00e0 la Direction Marketing puis Strat\u00e9gie et Business D\u00e9veloppement, j&#039;accompagne depuis 7 ans des dirigeants d&#039;entreprise et des entrepreneurs dans leurs probl\u00e9matiques complexes de d\u00e9veloppement et de transformation.  Son super pouvoir : Simplifier le complexe. Accompagner le changement. Rationnelle tout en restant intuitive.  Son petit mot: Never give up - you owe it to yourself!  Attention ! Veuillez vous pr\u00e9senter \u00e0 l&#039;heure pour que l&#039;activit\u00e9 puisse commencer \u00e0 temps. Si vous avez du retard veuillez pr\u00e9venir l&#039;intervenant.e. Si vous avez plus de 15 min de retard l&#039;intervenant.e se r\u00e9serve le droit de ne plus vous accepter pour le coaching ou l&#039;atelier.\" \/>\n<meta property=\"og:url\" content=\"https:\/\/empow-her.com\/produit\/la-strategie-et-le-marketing-de-loffre\/\" \/>\n<meta property=\"og:site_name\" content=\"Empow&#039;Her\" \/>\n<meta property=\"article:modified_time\" content=\"2023-09-08T09:41:25+00:00\" \/>\n<meta property=\"og:image\" content=\"https:\/\/empow-her.com\/wp-content\/uploads\/2023\/09\/strategie.png\" \/>\n\t<meta property=\"og:image:width\" content=\"1080\" \/>\n\t<meta property=\"og:image:height\" content=\"1080\" \/>\n\t<meta property=\"og:image:type\" content=\"image\/png\" \/>\n<meta name=\"twitter:card\" content=\"summary_large_image\" \/>\n<meta name=\"twitter:label1\" content=\"Tiempo de lectura\" \/>\n\t<meta name=\"twitter:data1\" content=\"2 minutos\" \/>\n<script type=\"application\/ld+json\" class=\"yoast-schema-graph\">{\"@context\":\"https:\/\/schema.org\",\"@graph\":[{\"@type\":\"WebPage\",\"@id\":\"https:\/\/empow-her.com\/produit\/la-strategie-et-le-marketing-de-loffre\/\",\"url\":\"https:\/\/empow-her.com\/produit\/la-strategie-et-le-marketing-de-loffre\/\",\"name\":\"Atelier - La strat\u00e9gie et le marketing de l\u2019offre - Empow&#039;Her\",\"isPartOf\":{\"@id\":\"https:\/\/empow-her.com\/#website\"},\"primaryImageOfPage\":{\"@id\":\"https:\/\/empow-her.com\/produit\/la-strategie-et-le-marketing-de-loffre\/#primaryimage\"},\"image\":{\"@id\":\"https:\/\/empow-her.com\/produit\/la-strategie-et-le-marketing-de-loffre\/#primaryimage\"},\"thumbnailUrl\":\"https:\/\/empow-her.com\/wp-content\/uploads\/2023\/09\/strategie.png\",\"datePublished\":\"2023-09-08T09:25:33+00:00\",\"dateModified\":\"2023-09-08T09:41:25+00:00\",\"breadcrumb\":{\"@id\":\"https:\/\/empow-her.com\/produit\/la-strategie-et-le-marketing-de-loffre\/#breadcrumb\"},\"inLanguage\":\"es\",\"potentialAction\":[{\"@type\":\"ReadAction\",\"target\":[\"https:\/\/empow-her.com\/produit\/la-strategie-et-le-marketing-de-loffre\/\"]}]},{\"@type\":\"ImageObject\",\"inLanguage\":\"es\",\"@id\":\"https:\/\/empow-her.com\/produit\/la-strategie-et-le-marketing-de-loffre\/#primaryimage\",\"url\":\"https:\/\/empow-her.com\/wp-content\/uploads\/2023\/09\/strategie.png\",\"contentUrl\":\"https:\/\/empow-her.com\/wp-content\/uploads\/2023\/09\/strategie.png\",\"width\":1080,\"height\":1080},{\"@type\":\"BreadcrumbList\",\"@id\":\"https:\/\/empow-her.com\/produit\/la-strategie-et-le-marketing-de-loffre\/#breadcrumb\",\"itemListElement\":[{\"@type\":\"ListItem\",\"position\":1,\"name\":\"Accueil\",\"item\":\"https:\/\/empow-her.com\/es\/inicio\/\"},{\"@type\":\"ListItem\",\"position\":2,\"name\":\"LA BOUTIQUE\",\"item\":\"https:\/\/empow-her.com\/boutique\/\"},{\"@type\":\"ListItem\",\"position\":3,\"name\":\"Atelier &#8211; La strat\u00e9gie et le marketing de l\u2019offre\"}]},{\"@type\":\"WebSite\",\"@id\":\"https:\/\/empow-her.com\/#website\",\"url\":\"https:\/\/empow-her.com\/\",\"name\":\"Empow&#039;Her\",\"description\":\"Women Development\",\"potentialAction\":[{\"@type\":\"SearchAction\",\"target\":{\"@type\":\"EntryPoint\",\"urlTemplate\":\"https:\/\/empow-her.com\/?s={search_term_string}\"},\"query-input\":{\"@type\":\"PropertyValueSpecification\",\"valueRequired\":true,\"valueName\":\"search_term_string\"}}],\"inLanguage\":\"es\"}]}<\/script>\n<!-- \/ Yoast SEO plugin. -->","yoast_head_json":{"title":"Atelier - La strat\u00e9gie et le marketing de l\u2019offre - Empow&#039;Her","robots":{"index":"index","follow":"follow","max-snippet":"max-snippet:-1","max-image-preview":"max-image-preview:large","max-video-preview":"max-video-preview:-1"},"canonical":"https:\/\/empow-her.com\/produit\/la-strategie-et-le-marketing-de-loffre\/","og_locale":"es_ES","og_type":"article","og_title":"Atelier - La strat\u00e9gie et le marketing de l\u2019offre - Empow&#039;Her","og_description":"Description : Ce nouvel atelier vient en r\u00e9ponse \u00e0 un constat bas\u00e9 sur les accompagnements de l'ann\u00e9e derni\u00e8re : une offre non suffisamment travaill\u00e9e et claire est un frein au d\u00e9veloppement de votre activit\u00e9 et ne pourra que nuire \u00e0 l'efficacit\u00e9 de vos efforts de visibilit\u00e9 et de communication.   Dans cet atelier, nous reprendrons les \"basics\" de ce qu'est une offre - \u00e0 minima, quels sont ses composantes afin qu'elle soit compr\u00e9hensible par vos publics. Comment strat\u00e9giquement la formuler, par rapport \u00e0 ses diff\u00e9rents publics et comment communiquer \u00e0 partir de ces offres.\u00a0  Objectifs: Les notions qui pourront \u00eatre abord\u00e9es au cours de la permanence sont les suivantes :   L'offre : des dimensions fonctionnelles aux dimensions \u201cimmat\u00e9rielles\u201d. Formaliser ma proposition de valeur  Mes cibles : typologie, segmentation, ciblage et priorisation  Mon march\u00e9 : mon univers concurrentiel. Mon positionnement marketing  Plan d\u2019activation marketing  &nbsp;  Pr\u00e9-requis : Aucun  Intervenant.e : Anne-Sophie Cambay\u00a0les Lieux Dits  Je suis une d\u00e9veloppeuse! Apr\u00e8s 20 ans pass\u00e9s au sein de grands groupes \u00e0 la Direction Marketing puis Strat\u00e9gie et Business D\u00e9veloppement, j'accompagne depuis 7 ans des dirigeants d'entreprise et des entrepreneurs dans leurs probl\u00e9matiques complexes de d\u00e9veloppement et de transformation.  Son super pouvoir : Simplifier le complexe. Accompagner le changement. Rationnelle tout en restant intuitive.  Son petit mot: Never give up - you owe it to yourself!  Attention ! Veuillez vous pr\u00e9senter \u00e0 l'heure pour que l'activit\u00e9 puisse commencer \u00e0 temps. Si vous avez du retard veuillez pr\u00e9venir l'intervenant.e. Si vous avez plus de 15 min de retard l'intervenant.e se r\u00e9serve le droit de ne plus vous accepter pour le coaching ou l'atelier.","og_url":"https:\/\/empow-her.com\/produit\/la-strategie-et-le-marketing-de-loffre\/","og_site_name":"Empow&#039;Her","article_modified_time":"2023-09-08T09:41:25+00:00","og_image":[{"width":1080,"height":1080,"url":"https:\/\/empow-her.com\/wp-content\/uploads\/2023\/09\/strategie.png","type":"image\/png"}],"twitter_card":"summary_large_image","twitter_misc":{"Tiempo de lectura":"2 minutos"},"schema":{"@context":"https:\/\/schema.org","@graph":[{"@type":"WebPage","@id":"https:\/\/empow-her.com\/produit\/la-strategie-et-le-marketing-de-loffre\/","url":"https:\/\/empow-her.com\/produit\/la-strategie-et-le-marketing-de-loffre\/","name":"Atelier - La strat\u00e9gie et le marketing de l\u2019offre - Empow&#039;Her","isPartOf":{"@id":"https:\/\/empow-her.com\/#website"},"primaryImageOfPage":{"@id":"https:\/\/empow-her.com\/produit\/la-strategie-et-le-marketing-de-loffre\/#primaryimage"},"image":{"@id":"https:\/\/empow-her.com\/produit\/la-strategie-et-le-marketing-de-loffre\/#primaryimage"},"thumbnailUrl":"https:\/\/empow-her.com\/wp-content\/uploads\/2023\/09\/strategie.png","datePublished":"2023-09-08T09:25:33+00:00","dateModified":"2023-09-08T09:41:25+00:00","breadcrumb":{"@id":"https:\/\/empow-her.com\/produit\/la-strategie-et-le-marketing-de-loffre\/#breadcrumb"},"inLanguage":"es","potentialAction":[{"@type":"ReadAction","target":["https:\/\/empow-her.com\/produit\/la-strategie-et-le-marketing-de-loffre\/"]}]},{"@type":"ImageObject","inLanguage":"es","@id":"https:\/\/empow-her.com\/produit\/la-strategie-et-le-marketing-de-loffre\/#primaryimage","url":"https:\/\/empow-her.com\/wp-content\/uploads\/2023\/09\/strategie.png","contentUrl":"https:\/\/empow-her.com\/wp-content\/uploads\/2023\/09\/strategie.png","width":1080,"height":1080},{"@type":"BreadcrumbList","@id":"https:\/\/empow-her.com\/produit\/la-strategie-et-le-marketing-de-loffre\/#breadcrumb","itemListElement":[{"@type":"ListItem","position":1,"name":"Accueil","item":"https:\/\/empow-her.com\/es\/inicio\/"},{"@type":"ListItem","position":2,"name":"LA BOUTIQUE","item":"https:\/\/empow-her.com\/boutique\/"},{"@type":"ListItem","position":3,"name":"Atelier &#8211; La strat\u00e9gie et le marketing de l\u2019offre"}]},{"@type":"WebSite","@id":"https:\/\/empow-her.com\/#website","url":"https:\/\/empow-her.com\/","name":"Empow&#039;Her","description":"Women Development","potentialAction":[{"@type":"SearchAction","target":{"@type":"EntryPoint","urlTemplate":"https:\/\/empow-her.com\/?s={search_term_string}"},"query-input":{"@type":"PropertyValueSpecification","valueRequired":true,"valueName":"search_term_string"}}],"inLanguage":"es"}]}},"_links":{"self":[{"href":"https:\/\/empow-her.com\/es\/wp-json\/wp\/v2\/product\/197437","targetHints":{"allow":["GET"]}}],"collection":[{"href":"https:\/\/empow-her.com\/es\/wp-json\/wp\/v2\/product"}],"about":[{"href":"https:\/\/empow-her.com\/es\/wp-json\/wp\/v2\/types\/product"}],"wp:featuredmedia":[{"embeddable":true,"href":"https:\/\/empow-her.com\/es\/wp-json\/wp\/v2\/media\/197442"}],"wp:attachment":[{"href":"https:\/\/empow-her.com\/es\/wp-json\/wp\/v2\/media?parent=197437"}],"wp:term":[{"taxonomy":"product_brand","embeddable":true,"href":"https:\/\/empow-her.com\/es\/wp-json\/wp\/v2\/product_brand?post=197437"},{"taxonomy":"product_cat","embeddable":true,"href":"https:\/\/empow-her.com\/es\/wp-json\/wp\/v2\/product_cat?post=197437"},{"taxonomy":"product_tag","embeddable":true,"href":"https:\/\/empow-her.com\/es\/wp-json\/wp\/v2\/product_tag?post=197437"},{"taxonomy":"lieu","embeddable":true,"href":"https:\/\/empow-her.com\/es\/wp-json\/wp\/v2\/lieu?post=197437"},{"taxonomy":"thematiques","embeddable":true,"href":"https:\/\/empow-her.com\/es\/wp-json\/wp\/v2\/thematiques?post=197437"}],"curies":[{"name":"wp","href":"https:\/\/api.w.org\/{rel}","templated":true}]}}