{"id":197433,"date":"2023-09-08T11:13:22","date_gmt":"2023-09-08T09:13:22","guid":{"rendered":"https:\/\/empow-her.com\/?post_type=product&#038;p=197433"},"modified":"2023-09-08T12:20:45","modified_gmt":"2023-09-08T10:20:45","slug":"developper-ses-qualites-de-leadership","status":"publish","type":"product","link":"https:\/\/empow-her.com\/es\/produit\/developper-ses-qualites-de-leadership\/","title":{"rendered":"NEW-Atelier &#8211; D\u00e9velopper ses qualit\u00e9s de leadership"},"content":{"rendered":"<p><span data-sheets-value=\"{&quot;1&quot;:2,&quot;2&quot;:&quot;Besoins : Vous avez imagin\u00e9 une premi\u00e8re offre et identifi\u00e9 vos premier\u00b7es client\u00b7es et b\u00e9n\u00e9ficiaires mais vous ne savez pas par o\u00f9 commencer pour la commercialiser ? Quels sont les canaux \u00e0 utiliser ? Comment pr\u00e9senter son offre ? Quels objectifs commerciaux se fixer et comment les atteindre ?nnPendant cet atelier, nous parcourerons ensemble plusieurs th\u00e9matiques :n- Savoir pr\u00e9senter son offre de fa\u00e7on rapide et percutanten- Identifier ses principaux canaux de prospection en fonction de ses ciblesn- Ma\u00eetriser des bonnes pratiques commercialesn- Planifier sa prospection et sa vente pour avoir de la visibilit\u00e9.nnA la fin de l'atelier, vous aurez \u00e9labor\u00e9 un pitch commercial impactant, vous saurez adopter une posture empathique vis-\u00e0-vis de vos client\u00b7es et b\u00e9n\u00e9ficiaires cibles et sur quels canaux vous appuyer. Vous aurez aussi une vision plus claire de vos prochaines actions commerciales et vous pourrez vous lancer en confiance.nnPr\u00e9-requis : avoir \u00e9bauch\u00e9 une premi\u00e8re offre de produit(s) ou de service(s) et avoir identifi\u00e9 les cibles aupr\u00e8s desquelles vous souhaitez la commercialiser. nnAttention ! Veuillez vous pr\u00e9senter \u00e0 l'heure pour que l'activit\u00e9 puisse commencer \u00e0 temps. Si vous avez du retard veuillez pr\u00e9venir l'intervenant.e. Si vous avez plus de 15 min de retard l'intervenant.e se r\u00e9serve le droit de ne plus vous accepter pour le coaching ou l'atelier.n&quot;}\" data-sheets-userformat=\"{&quot;2&quot;:4995,&quot;3&quot;:{&quot;1&quot;:0},&quot;4&quot;:{&quot;1&quot;:2,&quot;2&quot;:16773836},&quot;10&quot;:1,&quot;11&quot;:4,&quot;12&quot;:0,&quot;15&quot;:&quot;Hind&quot;}\"><strong>Description <\/strong>: <\/span><\/p>\n<p><span data-sheets-value=\"{&quot;1&quot;:2,&quot;2&quot;:&quot;Besoins : Vous avez imagin\u00e9 une premi\u00e8re offre et identifi\u00e9 vos premier\u00b7es client\u00b7es et b\u00e9n\u00e9ficiaires mais vous ne savez pas par o\u00f9 commencer pour la commercialiser ? Quels sont les canaux \u00e0 utiliser ? Comment pr\u00e9senter son offre ? Quels objectifs commerciaux se fixer et comment les atteindre ?nnPendant cet atelier, nous parcourerons ensemble plusieurs th\u00e9matiques :n- Savoir pr\u00e9senter son offre de fa\u00e7on rapide et percutanten- Identifier ses principaux canaux de prospection en fonction de ses ciblesn- Ma\u00eetriser des bonnes pratiques commercialesn- Planifier sa prospection et sa vente pour avoir de la visibilit\u00e9.nnA la fin de l'atelier, vous aurez \u00e9labor\u00e9 un pitch commercial impactant, vous saurez adopter une posture empathique vis-\u00e0-vis de vos client\u00b7es et b\u00e9n\u00e9ficiaires cibles et sur quels canaux vous appuyer. Vous aurez aussi une vision plus claire de vos prochaines actions commerciales et vous pourrez vous lancer en confiance.nnPr\u00e9-requis : avoir \u00e9bauch\u00e9 une premi\u00e8re offre de produit(s) ou de service(s) et avoir identifi\u00e9 les cibles aupr\u00e8s desquelles vous souhaitez la commercialiser. nnAttention ! Veuillez vous pr\u00e9senter \u00e0 l'heure pour que l'activit\u00e9 puisse commencer \u00e0 temps. Si vous avez du retard veuillez pr\u00e9venir l'intervenant.e. Si vous avez plus de 15 min de retard l'intervenant.e se r\u00e9serve le droit de ne plus vous accepter pour le coaching ou l'atelier.n&quot;}\" data-sheets-userformat=\"{&quot;2&quot;:4995,&quot;3&quot;:{&quot;1&quot;:0},&quot;4&quot;:{&quot;1&quot;:2,&quot;2&quot;:16773836},&quot;10&quot;:1,&quot;11&quot;:4,&quot;12&quot;:0,&quot;15&quot;:&quot;Hind&quot;}\"><span style=\"font-weight: 400;\">Le leadership est une qualit\u00e9 essentielle pour toute entrepreneuse. En effet,\u00a0 il est crucial de guider, inspirer et motiver autour de son projet afin de le voir se r\u00e9aliser. Mais qu&#8217;est-ce qui fait un\u00b7e leader et quelle leader souhaitez-vous devenir ? <\/span><\/span><\/p>\n<p><span style=\"font-weight: 400;\">Les objectifs de l\u2019atelier sont\u00a0 :<\/span><\/p>\n<ul>\n<li style=\"font-weight: 400;\" aria-level=\"1\"><span style=\"font-weight: 400;\">Comprendre le concept de leadership associ\u00e9 \u00e0 l\u2019entrepreneuriat<\/span><\/li>\n<li style=\"font-weight: 400;\" aria-level=\"1\"><span style=\"font-weight: 400;\">Appr\u00e9hender les diff\u00e9rents styles de leadership<\/span><\/li>\n<li style=\"font-weight: 400;\" aria-level=\"1\"><span style=\"font-weight: 400;\">Identifier ses qualit\u00e9s de leader<\/span><\/li>\n<li style=\"font-weight: 400;\" aria-level=\"1\"><span style=\"font-weight: 400;\">Pratiquer sa posture de leader<\/span><\/li>\n<\/ul>\n<p><span style=\"font-weight: 400;\">\u00c0 travers cet atelier vous d\u00e9couvrirez les cl\u00e9s d\u2019un leadership positif et porteur de changement et identifierez vos propres talents et pistes d&#8217;am\u00e9liorations pour incarner la leader de vos r\u00eaves.<\/span><\/p>\n<p><strong>Pr\u00e9-requis<\/strong> : Aucun<\/p>\n<p><strong>Intervenant.e : Fiore Poidevin<\/strong> d&#8217;Empow&#8217;Her<\/p>\n<p>Je pilote le programme Women Dare depuis 1 an, et navigue dans le milieu de l&#8217;Economie Sociale et et Solidaire depuis plus de 5 ans.<br \/>\nA travers la conception et la facilitation de contenus p\u00e9dagogiques d\u00e9di\u00e9 aux femmes j&#8217;ouvrir des espaces de rencontre et d&#8217;\u00e9changes qui vous font sortir de vos zones de confort dans un cadre accueillant et bienveillant.<\/p>\n<p><strong>Super pouvoir :<\/strong> faciliter l&#8217;intelligence collective !<\/p>\n<p><strong>Petit mot :<\/strong> vous \u00eates votre meilleure ressource, ne vous d\u00e9nigrez pas !<\/p>\n<p><strong>Attention !<\/strong> Veuillez vous pr\u00e9senter \u00e0 l&#8217;heure pour que l&#8217;activit\u00e9 puisse commencer \u00e0 temps. Si vous avez du retard veuillez pr\u00e9venir l&#8217;intervenant.e. Si vous avez plus de 15 min de retard l&#8217;intervenant.e se r\u00e9serve le droit de ne plus vous accepter pour le coaching ou l&#8217;atelier.<\/p>\n","protected":false},"excerpt":{"rendered":"<p><span data-sheets-value=\"{&quot;1&quot;:2,&quot;2&quot;:&quot;Besoins : Vous avez imagin\u00e9 une premi\u00e8re offre et identifi\u00e9 vos premier\u00b7es client\u00b7es et b\u00e9n\u00e9ficiaires mais vous ne savez pas par o\u00f9 commencer pour la commercialiser ? Quels sont les canaux \u00e0 utiliser ? Comment pr\u00e9senter son offre ? Quels objectifs commerciaux se fixer et comment les atteindre ?nnPendant cet atelier, nous parcourerons ensemble plusieurs th\u00e9matiques :n- Savoir pr\u00e9senter son offre de fa\u00e7on rapide et percutanten- Identifier ses principaux canaux de prospection en fonction de ses ciblesn- Ma\u00eetriser des bonnes pratiques commercialesn- Planifier sa prospection et sa vente pour avoir de la visibilit\u00e9.nnA la fin de l'atelier, vous aurez \u00e9labor\u00e9 un pitch commercial impactant, vous saurez adopter une posture empathique vis-\u00e0-vis de vos client\u00b7es et b\u00e9n\u00e9ficiaires cibles et sur quels canaux vous appuyer. Vous aurez aussi une vision plus claire de vos prochaines actions commerciales et vous pourrez vous lancer en confiance.nnPr\u00e9-requis : avoir \u00e9bauch\u00e9 une premi\u00e8re offre de produit(s) ou de service(s) et avoir identifi\u00e9 les cibles aupr\u00e8s desquelles vous souhaitez la commercialiser. nnAttention ! Veuillez vous pr\u00e9senter \u00e0 l'heure pour que l'activit\u00e9 puisse commencer \u00e0 temps. Si vous avez du retard veuillez pr\u00e9venir l'intervenant.e. Si vous avez plus de 15 min de retard l'intervenant.e se r\u00e9serve le droit de ne plus vous accepter pour le coaching ou l'atelier.n&quot;}\" data-sheets-userformat=\"{&quot;2&quot;:4995,&quot;3&quot;:{&quot;1&quot;:0},&quot;4&quot;:{&quot;1&quot;:2,&quot;2&quot;:16773836},&quot;10&quot;:1,&quot;11&quot;:4,&quot;12&quot;:0,&quot;15&quot;:&quot;Hind&quot;}\"><strong>Description <\/strong>: <\/span><\/p>\n<p><span data-sheets-value=\"{&quot;1&quot;:2,&quot;2&quot;:&quot;Besoins : Vous avez imagin\u00e9 une premi\u00e8re offre et identifi\u00e9 vos premier\u00b7es client\u00b7es et b\u00e9n\u00e9ficiaires mais vous ne savez pas par o\u00f9 commencer pour la commercialiser ? Quels sont les canaux \u00e0 utiliser ? Comment pr\u00e9senter son offre ? Quels objectifs commerciaux se fixer et comment les atteindre ?nnPendant cet atelier, nous parcourerons ensemble plusieurs th\u00e9matiques :n- Savoir pr\u00e9senter son offre de fa\u00e7on rapide et percutanten- Identifier ses principaux canaux de prospection en fonction de ses ciblesn- Ma\u00eetriser des bonnes pratiques commercialesn- Planifier sa prospection et sa vente pour avoir de la visibilit\u00e9.nnA la fin de l'atelier, vous aurez \u00e9labor\u00e9 un pitch commercial impactant, vous saurez adopter une posture empathique vis-\u00e0-vis de vos client\u00b7es et b\u00e9n\u00e9ficiaires cibles et sur quels canaux vous appuyer. Vous aurez aussi une vision plus claire de vos prochaines actions commerciales et vous pourrez vous lancer en confiance.nnPr\u00e9-requis : avoir \u00e9bauch\u00e9 une premi\u00e8re offre de produit(s) ou de service(s) et avoir identifi\u00e9 les cibles aupr\u00e8s desquelles vous souhaitez la commercialiser. nnAttention ! Veuillez vous pr\u00e9senter \u00e0 l'heure pour que l'activit\u00e9 puisse commencer \u00e0 temps. Si vous avez du retard veuillez pr\u00e9venir l'intervenant.e. Si vous avez plus de 15 min de retard l'intervenant.e se r\u00e9serve le droit de ne plus vous accepter pour le coaching ou l'atelier.n&quot;}\" data-sheets-userformat=\"{&quot;2&quot;:4995,&quot;3&quot;:{&quot;1&quot;:0},&quot;4&quot;:{&quot;1&quot;:2,&quot;2&quot;:16773836},&quot;10&quot;:1,&quot;11&quot;:4,&quot;12&quot;:0,&quot;15&quot;:&quot;Hind&quot;}\"><span style=\"font-weight: 400;\">Le leadership est une qualit\u00e9 essentielle pour toute entrepreneuse. En effet,\u00a0 il est crucial de guider, inspirer et motiver autour de son projet afin de le voir se r\u00e9aliser. Mais qu&#8217;est-ce qui fait un\u00b7e leader et quelle leader souhaitez-vous devenir ? <\/span><\/span><\/p>\n<p><span style=\"font-weight: 400;\">Les objectifs de l\u2019atelier sont\u00a0 :<\/span><\/p>\n<ul>\n<li style=\"font-weight: 400;\" aria-level=\"1\"><span style=\"font-weight: 400;\">Comprendre le concept de leadership associ\u00e9 \u00e0 l\u2019entrepreneuriat<\/span><\/li>\n<li style=\"font-weight: 400;\" aria-level=\"1\"><span style=\"font-weight: 400;\">Appr\u00e9hender les diff\u00e9rents styles de leadership<\/span><\/li>\n<li style=\"font-weight: 400;\" aria-level=\"1\"><span style=\"font-weight: 400;\">Identifier ses qualit\u00e9s de leader<\/span><\/li>\n<li style=\"font-weight: 400;\" aria-level=\"1\"><span style=\"font-weight: 400;\">Pratiquer sa posture de leader<\/span><\/li>\n<\/ul>\n<p>&nbsp;<\/p>\n<p><span style=\"font-weight: 400;\">\u00c0 travers cet atelier vous d\u00e9couvrirez les cl\u00e9s d\u2019un leadership positif et porteur de changement et identifierez vos propres talents et pistes d&#8217;am\u00e9liorations pour incarner la leader de vos r\u00eaves.<\/span><\/p>\n<p><strong>Pr\u00e9-requis<\/strong> : Aucun<\/p>\n<p><strong>Intervenant.e : Fiore Poidevin<\/strong> d&#8217;Empow&#8217;Her<\/p>\n<p>Je pilote le programme Women Dare depuis 1 an, et navigue dans le milieu de l&#8217;Economie Sociale et et Solidaire depuis plus de 5 ans.<br \/>\n\u00c0 travers la conception et la facilitation de contenus p\u00e9dagogiques d\u00e9di\u00e9 aux femmes j&#8217;ouvrir des espaces de rencontre et d&#8217;\u00e9changes qui vous font sortir de vos zones de confort dans un cadre accueillant et bienveillant.<\/p>\n<p><strong>Super pouvoir :<\/strong> faciliter l&#8217;intelligence collective !<\/p>\n<p><strong>Petit mot :<\/strong> vous \u00eates votre meilleure ressource, ne vous d\u00e9nigrez pas !<\/p>\n<p><strong>Attention !<\/strong> Veuillez vous pr\u00e9senter \u00e0 l&#8217;heure pour que l&#8217;activit\u00e9 puisse commencer \u00e0 temps. Si vous avez du retard veuillez pr\u00e9venir l&#8217;intervenant.e. Si vous avez plus de 15 min de retard l&#8217;intervenant.e se r\u00e9serve le droit de ne plus vous accepter pour le coaching ou l&#8217;atelier.<\/p>\n","protected":false},"featured_media":197434,"template":"","format":"standard","meta":{"_acf_changed":false,"om_disable_all_campaigns":false,"_uf_show_specific_survey":0,"_uf_disable_surveys":false},"product_brand":[],"product_cat":[118],"product_tag":[],"lieu":[127],"thematiques":[],"class_list":{"0":"post-197433","1":"product","2":"type-product","3":"status-publish","4":"format-standard","5":"has-post-thumbnail","7":"product_cat-atelier-collectif","8":"lieu-hub-empowher","10":"first","11":"instock","12":"virtual","13":"purchasable","14":"product-type-appointment"},"exclude_global_add_ons":[],"addons":[],"acf":[],"yoast_head":"<!-- This site is optimized with the Yoast SEO plugin v24.8 - https:\/\/yoast.com\/wordpress\/plugins\/seo\/ -->\n<title>NEW-Atelier - D\u00e9velopper ses qualit\u00e9s de leadership - Empow&#039;Her<\/title>\n<meta name=\"robots\" content=\"index, follow, max-snippet:-1, max-image-preview:large, max-video-preview:-1\" \/>\n<link rel=\"canonical\" href=\"https:\/\/empow-her.com\/produit\/developper-ses-qualites-de-leadership\/\" \/>\n<meta property=\"og:locale\" content=\"es_ES\" \/>\n<meta property=\"og:type\" content=\"article\" \/>\n<meta property=\"og:title\" content=\"NEW-Atelier - D\u00e9velopper ses qualit\u00e9s de leadership - Empow&#039;Her\" \/>\n<meta property=\"og:description\" content=\"Description :   Le leadership est une qualit\u00e9 essentielle pour toute entrepreneuse. En effet,\u00a0 il est crucial de guider, inspirer et motiver autour de son projet afin de le voir se r\u00e9aliser. Mais qu&#039;est-ce qui fait un\u00b7e leader et quelle leader souhaitez-vous devenir ?   Les objectifs de l\u2019atelier sont\u00a0 :   Comprendre le concept de leadership associ\u00e9 \u00e0 l\u2019entrepreneuriat  Appr\u00e9hender les diff\u00e9rents styles de leadership  Identifier ses qualit\u00e9s de leader  Pratiquer sa posture de leader  &nbsp;  \u00c0 travers cet atelier vous d\u00e9couvrirez les cl\u00e9s d\u2019un leadership positif et porteur de changement et identifierez vos propres talents et pistes d&#039;am\u00e9liorations pour incarner la leader de vos r\u00eaves.  Pr\u00e9-requis : Aucun  Intervenant.e : Fiore Poidevin d&#039;Empow&#039;Her  Je pilote le programme Women Dare depuis 1 an, et navigue dans le milieu de l&#039;Economie Sociale et et Solidaire depuis plus de 5 ans. \u00c0 travers la conception et la facilitation de contenus p\u00e9dagogiques d\u00e9di\u00e9 aux femmes j&#039;ouvrir des espaces de rencontre et d&#039;\u00e9changes qui vous font sortir de vos zones de confort dans un cadre accueillant et bienveillant.  Super pouvoir : faciliter l&#039;intelligence collective !  Petit mot : vous \u00eates votre meilleure ressource, ne vous d\u00e9nigrez pas !  Attention ! Veuillez vous pr\u00e9senter \u00e0 l&#039;heure pour que l&#039;activit\u00e9 puisse commencer \u00e0 temps. Si vous avez du retard veuillez pr\u00e9venir l&#039;intervenant.e. Si vous avez plus de 15 min de retard l&#039;intervenant.e se r\u00e9serve le droit de ne plus vous accepter pour le coaching ou l&#039;atelier.\" \/>\n<meta property=\"og:url\" content=\"https:\/\/empow-her.com\/produit\/developper-ses-qualites-de-leadership\/\" \/>\n<meta property=\"og:site_name\" content=\"Empow&#039;Her\" \/>\n<meta property=\"article:modified_time\" content=\"2023-09-08T10:20:45+00:00\" \/>\n<meta property=\"og:image\" content=\"https:\/\/empow-her.com\/wp-content\/uploads\/2023\/09\/dvlppp.png\" \/>\n\t<meta property=\"og:image:width\" content=\"1080\" \/>\n\t<meta property=\"og:image:height\" content=\"1080\" \/>\n\t<meta property=\"og:image:type\" content=\"image\/png\" \/>\n<meta name=\"twitter:card\" content=\"summary_large_image\" \/>\n<meta name=\"twitter:label1\" content=\"Tiempo de lectura\" \/>\n\t<meta name=\"twitter:data1\" content=\"2 minutos\" \/>\n<script type=\"application\/ld+json\" class=\"yoast-schema-graph\">{\"@context\":\"https:\/\/schema.org\",\"@graph\":[{\"@type\":\"WebPage\",\"@id\":\"https:\/\/empow-her.com\/produit\/developper-ses-qualites-de-leadership\/\",\"url\":\"https:\/\/empow-her.com\/produit\/developper-ses-qualites-de-leadership\/\",\"name\":\"NEW-Atelier - D\u00e9velopper ses qualit\u00e9s de leadership - Empow&#039;Her\",\"isPartOf\":{\"@id\":\"https:\/\/empow-her.com\/#website\"},\"primaryImageOfPage\":{\"@id\":\"https:\/\/empow-her.com\/produit\/developper-ses-qualites-de-leadership\/#primaryimage\"},\"image\":{\"@id\":\"https:\/\/empow-her.com\/produit\/developper-ses-qualites-de-leadership\/#primaryimage\"},\"thumbnailUrl\":\"https:\/\/empow-her.com\/wp-content\/uploads\/2023\/09\/dvlppp.png\",\"datePublished\":\"2023-09-08T09:13:22+00:00\",\"dateModified\":\"2023-09-08T10:20:45+00:00\",\"breadcrumb\":{\"@id\":\"https:\/\/empow-her.com\/produit\/developper-ses-qualites-de-leadership\/#breadcrumb\"},\"inLanguage\":\"es\",\"potentialAction\":[{\"@type\":\"ReadAction\",\"target\":[\"https:\/\/empow-her.com\/produit\/developper-ses-qualites-de-leadership\/\"]}]},{\"@type\":\"ImageObject\",\"inLanguage\":\"es\",\"@id\":\"https:\/\/empow-her.com\/produit\/developper-ses-qualites-de-leadership\/#primaryimage\",\"url\":\"https:\/\/empow-her.com\/wp-content\/uploads\/2023\/09\/dvlppp.png\",\"contentUrl\":\"https:\/\/empow-her.com\/wp-content\/uploads\/2023\/09\/dvlppp.png\",\"width\":1080,\"height\":1080},{\"@type\":\"BreadcrumbList\",\"@id\":\"https:\/\/empow-her.com\/produit\/developper-ses-qualites-de-leadership\/#breadcrumb\",\"itemListElement\":[{\"@type\":\"ListItem\",\"position\":1,\"name\":\"Accueil\",\"item\":\"https:\/\/empow-her.com\/es\/inicio\/\"},{\"@type\":\"ListItem\",\"position\":2,\"name\":\"LA BOUTIQUE\",\"item\":\"https:\/\/empow-her.com\/boutique\/\"},{\"@type\":\"ListItem\",\"position\":3,\"name\":\"NEW-Atelier &#8211; D\u00e9velopper ses qualit\u00e9s de leadership\"}]},{\"@type\":\"WebSite\",\"@id\":\"https:\/\/empow-her.com\/#website\",\"url\":\"https:\/\/empow-her.com\/\",\"name\":\"Empow&#039;Her\",\"description\":\"Women Development\",\"potentialAction\":[{\"@type\":\"SearchAction\",\"target\":{\"@type\":\"EntryPoint\",\"urlTemplate\":\"https:\/\/empow-her.com\/?s={search_term_string}\"},\"query-input\":{\"@type\":\"PropertyValueSpecification\",\"valueRequired\":true,\"valueName\":\"search_term_string\"}}],\"inLanguage\":\"es\"}]}<\/script>\n<!-- \/ Yoast SEO plugin. -->","yoast_head_json":{"title":"NEW-Atelier - D\u00e9velopper ses qualit\u00e9s de leadership - Empow&#039;Her","robots":{"index":"index","follow":"follow","max-snippet":"max-snippet:-1","max-image-preview":"max-image-preview:large","max-video-preview":"max-video-preview:-1"},"canonical":"https:\/\/empow-her.com\/produit\/developper-ses-qualites-de-leadership\/","og_locale":"es_ES","og_type":"article","og_title":"NEW-Atelier - D\u00e9velopper ses qualit\u00e9s de leadership - Empow&#039;Her","og_description":"Description :   Le leadership est une qualit\u00e9 essentielle pour toute entrepreneuse. En effet,\u00a0 il est crucial de guider, inspirer et motiver autour de son projet afin de le voir se r\u00e9aliser. Mais qu'est-ce qui fait un\u00b7e leader et quelle leader souhaitez-vous devenir ?   Les objectifs de l\u2019atelier sont\u00a0 :   Comprendre le concept de leadership associ\u00e9 \u00e0 l\u2019entrepreneuriat  Appr\u00e9hender les diff\u00e9rents styles de leadership  Identifier ses qualit\u00e9s de leader  Pratiquer sa posture de leader  &nbsp;  \u00c0 travers cet atelier vous d\u00e9couvrirez les cl\u00e9s d\u2019un leadership positif et porteur de changement et identifierez vos propres talents et pistes d'am\u00e9liorations pour incarner la leader de vos r\u00eaves.  Pr\u00e9-requis : Aucun  Intervenant.e : Fiore Poidevin d'Empow'Her  Je pilote le programme Women Dare depuis 1 an, et navigue dans le milieu de l'Economie Sociale et et Solidaire depuis plus de 5 ans. \u00c0 travers la conception et la facilitation de contenus p\u00e9dagogiques d\u00e9di\u00e9 aux femmes j'ouvrir des espaces de rencontre et d'\u00e9changes qui vous font sortir de vos zones de confort dans un cadre accueillant et bienveillant.  Super pouvoir : faciliter l'intelligence collective !  Petit mot : vous \u00eates votre meilleure ressource, ne vous d\u00e9nigrez pas !  Attention ! Veuillez vous pr\u00e9senter \u00e0 l'heure pour que l'activit\u00e9 puisse commencer \u00e0 temps. Si vous avez du retard veuillez pr\u00e9venir l'intervenant.e. Si vous avez plus de 15 min de retard l'intervenant.e se r\u00e9serve le droit de ne plus vous accepter pour le coaching ou l'atelier.","og_url":"https:\/\/empow-her.com\/produit\/developper-ses-qualites-de-leadership\/","og_site_name":"Empow&#039;Her","article_modified_time":"2023-09-08T10:20:45+00:00","og_image":[{"width":1080,"height":1080,"url":"https:\/\/empow-her.com\/wp-content\/uploads\/2023\/09\/dvlppp.png","type":"image\/png"}],"twitter_card":"summary_large_image","twitter_misc":{"Tiempo de lectura":"2 minutos"},"schema":{"@context":"https:\/\/schema.org","@graph":[{"@type":"WebPage","@id":"https:\/\/empow-her.com\/produit\/developper-ses-qualites-de-leadership\/","url":"https:\/\/empow-her.com\/produit\/developper-ses-qualites-de-leadership\/","name":"NEW-Atelier - D\u00e9velopper ses qualit\u00e9s de leadership - Empow&#039;Her","isPartOf":{"@id":"https:\/\/empow-her.com\/#website"},"primaryImageOfPage":{"@id":"https:\/\/empow-her.com\/produit\/developper-ses-qualites-de-leadership\/#primaryimage"},"image":{"@id":"https:\/\/empow-her.com\/produit\/developper-ses-qualites-de-leadership\/#primaryimage"},"thumbnailUrl":"https:\/\/empow-her.com\/wp-content\/uploads\/2023\/09\/dvlppp.png","datePublished":"2023-09-08T09:13:22+00:00","dateModified":"2023-09-08T10:20:45+00:00","breadcrumb":{"@id":"https:\/\/empow-her.com\/produit\/developper-ses-qualites-de-leadership\/#breadcrumb"},"inLanguage":"es","potentialAction":[{"@type":"ReadAction","target":["https:\/\/empow-her.com\/produit\/developper-ses-qualites-de-leadership\/"]}]},{"@type":"ImageObject","inLanguage":"es","@id":"https:\/\/empow-her.com\/produit\/developper-ses-qualites-de-leadership\/#primaryimage","url":"https:\/\/empow-her.com\/wp-content\/uploads\/2023\/09\/dvlppp.png","contentUrl":"https:\/\/empow-her.com\/wp-content\/uploads\/2023\/09\/dvlppp.png","width":1080,"height":1080},{"@type":"BreadcrumbList","@id":"https:\/\/empow-her.com\/produit\/developper-ses-qualites-de-leadership\/#breadcrumb","itemListElement":[{"@type":"ListItem","position":1,"name":"Accueil","item":"https:\/\/empow-her.com\/es\/inicio\/"},{"@type":"ListItem","position":2,"name":"LA BOUTIQUE","item":"https:\/\/empow-her.com\/boutique\/"},{"@type":"ListItem","position":3,"name":"NEW-Atelier &#8211; D\u00e9velopper ses qualit\u00e9s de leadership"}]},{"@type":"WebSite","@id":"https:\/\/empow-her.com\/#website","url":"https:\/\/empow-her.com\/","name":"Empow&#039;Her","description":"Women Development","potentialAction":[{"@type":"SearchAction","target":{"@type":"EntryPoint","urlTemplate":"https:\/\/empow-her.com\/?s={search_term_string}"},"query-input":{"@type":"PropertyValueSpecification","valueRequired":true,"valueName":"search_term_string"}}],"inLanguage":"es"}]}},"_links":{"self":[{"href":"https:\/\/empow-her.com\/es\/wp-json\/wp\/v2\/product\/197433","targetHints":{"allow":["GET"]}}],"collection":[{"href":"https:\/\/empow-her.com\/es\/wp-json\/wp\/v2\/product"}],"about":[{"href":"https:\/\/empow-her.com\/es\/wp-json\/wp\/v2\/types\/product"}],"wp:featuredmedia":[{"embeddable":true,"href":"https:\/\/empow-her.com\/es\/wp-json\/wp\/v2\/media\/197434"}],"wp:attachment":[{"href":"https:\/\/empow-her.com\/es\/wp-json\/wp\/v2\/media?parent=197433"}],"wp:term":[{"taxonomy":"product_brand","embeddable":true,"href":"https:\/\/empow-her.com\/es\/wp-json\/wp\/v2\/product_brand?post=197433"},{"taxonomy":"product_cat","embeddable":true,"href":"https:\/\/empow-her.com\/es\/wp-json\/wp\/v2\/product_cat?post=197433"},{"taxonomy":"product_tag","embeddable":true,"href":"https:\/\/empow-her.com\/es\/wp-json\/wp\/v2\/product_tag?post=197433"},{"taxonomy":"lieu","embeddable":true,"href":"https:\/\/empow-her.com\/es\/wp-json\/wp\/v2\/lieu?post=197433"},{"taxonomy":"thematiques","embeddable":true,"href":"https:\/\/empow-her.com\/es\/wp-json\/wp\/v2\/thematiques?post=197433"}],"curies":[{"name":"wp","href":"https:\/\/api.w.org\/{rel}","templated":true}]}}