{"id":197158,"date":"2023-09-07T15:40:21","date_gmt":"2023-09-07T13:40:21","guid":{"rendered":"https:\/\/empow-her.com\/?post_type=product&#038;p=197158"},"modified":"2023-09-19T12:36:18","modified_gmt":"2023-09-19T10:36:18","slug":"new-atelier-gestion-des-risques-projet","status":"publish","type":"product","link":"https:\/\/empow-her.com\/es\/produit\/new-atelier-gestion-des-risques-projet\/","title":{"rendered":"NEW &#8211; Atelier &#8211; Gestion des risques projet"},"content":{"rendered":"<p>Dans toute entreprise, prendre des risques fait partie de l&#8217;aventure&#8230;<\/p>\n<p><b>Description :<\/b><\/p>\n<p>La gestion des risques est le processus qui consiste \u00e0 minimiser les menaces pesant sur les objectifs d&#8217;une organisation, mais aussi \u00e0 maximiser les opportunit\u00e9s.<\/p>\n<p>Loin d&#8217;\u00eatre une action ponctuelle, la gestion des risques comprend la mani\u00e8re dont vous<br \/>\nidentifierez, \u00e9valuerez et d\u00e9terminerez la meilleure fa\u00e7on d&#8217;att\u00e9nuer chacune de ces menaces par<br \/>\nle biais d&#8217;un processus de gestion des risques minutieux et bien d\u00e9velopp\u00e9&#8230;<\/p>\n<p><b>Objectifs:\u00a0<\/b><span style=\"font-weight: 400;\">Les objectifs p\u00e9dagogiques sont les suivants :<\/span><\/p>\n<p>\u2022 Comprendre ce qu&#8217;est la gestion des risques<br \/>\n\u2022 Identifier les risques et les documenter<br \/>\n\u2022 Planifier la gestion des risques<br \/>\n\u2022 Suivre les risques<br \/>\n\u2022 Quantifier la gestion des r\u00e9serves<\/p>\n<p>&nbsp;<\/p>\n<p><b>Pr\u00e9-requis :<\/b>\u00a0<i>Aucun<\/i><\/p>\n<p>Amaris Consulting est une soci\u00e9t\u00e9 de conseil technologique ind\u00e9pendante qui fournit des conseils et des solutions aux entreprises. Elle rassemble plus de 7 500 collaborateurs sur les cinq continents et dans plus de 60 pays. Avec plus de 1 000 clients \u00e0 travers le monde.<br \/>\nAmaris Consulting met en place des solutions dans le cadre de projets majeurs depuis plus de 10 ans. Nos experts interviennent dans tous les secteurs, des services financiers aux transports, en passant par les soins de sant\u00e9 et la technologie.<\/p>\n<p><b>Intervenant: Nicolas<\/b><span style=\"font-weight: 400;\">\u00a0de Amaris Consulting<\/span><\/p>\n<p>Nicolas, chef de projet senior ayant plus de 15 ans d\u2019exp\u00e9riences, a d\u00e9j\u00e0 travaill\u00e9 sur de nombreux secteurs d\u2019activit\u00e9s, formateur chez nous depuis plus de 1 an sur des sujets de communication, de gestion de projet ou de gestion de risques projet.<\/p>\n<p><b>Lieu <\/b><span style=\"font-weight: 400;\">: <strong><u>Bureaux Amaris Consulting, 24 rue Jacques Ibert<\/u><\/strong><\/span><\/p>\n<p><span style=\"font-weight: 400;\">Attention ! Veuillez vous pr\u00e9senter \u00e0 l\u2019heure pour que l\u2019activit\u00e9 puisse commencer \u00e0 temps. Si vous avez du retard, veuillez pr\u00e9venir l\u2019intervenant.e. Si vous avez plus de 15 min de retard, l&#8217;intervenant.e se r\u00e9serve le droit de ne plus vous accepter pour le coaching ou l\u2019atelier.<\/span><\/p>\n<p><br style=\"font-weight: 400;\" \/><br style=\"font-weight: 400;\" \/><\/p>\n","protected":false},"excerpt":{"rendered":"<p>Dans toute entreprise, prendre des risques fait partie de l&#8217;aventure&#8230;<\/p>\n<p><b>Description :<\/b><\/p>\n<p>La gestion des risques est le processus qui consiste \u00e0 minimiser les menaces pesant sur les objectifs d&#8217;une organisation, mais aussi \u00e0 maximiser les opportunit\u00e9s.<\/p>\n<p>Loin d&#8217;\u00eatre une action ponctuelle, la gestion des risques comprend la mani\u00e8re dont vous identifierez, \u00e9valuerez et d\u00e9terminerez la meilleure fa\u00e7on d&#8217;att\u00e9nuer chacune de ces menaces par le biais d&#8217;un processus de gestion des risques minutieux et bien d\u00e9velopp\u00e9&#8230;<\/p>\n<p><b>Objectifs:\u00a0<\/b><span style=\"font-weight: 400;\">Les objectifs p\u00e9dagogiques sont les suivants :<\/span><\/p>\n<p>\u2022 Comprendre ce qu&#8217;est la gestion des risques<br \/>\n\u2022 Identifier les risques et les documenter<br \/>\n\u2022 Planifier la gestion des risques<br \/>\n\u2022 Suivre les risques<br \/>\n\u2022 Quantifier la gestion des r\u00e9serves<\/p>\n<p><b>Pr\u00e9-requis :<\/b>\u00a0<i>Aucun<\/i><\/p>\n<p>Amaris Consulting est une soci\u00e9t\u00e9 de conseil technologique ind\u00e9pendante qui fournit des conseils et des solutions aux entreprises. Elle rassemble plus de 7 500 collaborateurs sur les cinq continents et dans plus de 60 pays. Avec plus de 1 000 clients \u00e0 travers le monde.<br \/>\nAmaris Consulting met en place des solutions dans le cadre de projets majeurs depuis plus de 10 ans. Nos experts interviennent dans tous les secteurs, des services financiers aux transports, en passant par les soins de sant\u00e9 et la technologie.<\/p>\n<p><b>Intervenant: Nicolas<\/b><span style=\"font-weight: 400;\">\u00a0de Amaris Consulting<\/span><\/p>\n<p>Nicolas, chef de projet senior ayant plus de 15 ans d\u2019exp\u00e9riences, a d\u00e9j\u00e0 travaill\u00e9 sur de nombreux secteurs d\u2019activit\u00e9s, formateur chez nous depuis plus de 1 an sur des sujets de communication, de gestion de projet ou de gestion de risques projet.<\/p>\n<p><b>Lieu <\/b><span style=\"font-weight: 400;\">: <strong><u>Bureaux Amaris Consulting, 24 rue Jacques Ibert<\/u><\/strong><\/span><\/p>\n<p><span style=\"font-weight: 400;\">Attention ! Veuillez vous pr\u00e9senter \u00e0 l\u2019heure pour que l\u2019activit\u00e9 puisse commencer \u00e0 temps. Si vous avez du retard, veuillez pr\u00e9venir l\u2019intervenant.e. Si vous avez plus de 15 min de retard, l&#8217;intervenant.e se r\u00e9serve le droit de ne plus vous accepter pour le coaching ou l\u2019atelier.<\/span><\/p>\n","protected":false},"featured_media":197159,"template":"","format":"standard","meta":{"_acf_changed":false,"om_disable_all_campaigns":false,"_uf_show_specific_survey":0,"_uf_disable_surveys":false},"product_brand":[],"product_cat":[118],"product_tag":[169],"lieu":[],"thematiques":[],"class_list":{"0":"post-197158","1":"product","2":"type-product","3":"status-publish","4":"format-standard","5":"has-post-thumbnail","7":"product_cat-atelier-collectif","8":"product_tag-externe","10":"first","11":"instock","12":"virtual","13":"purchasable","14":"product-type-appointment"},"exclude_global_add_ons":[],"addons":[],"acf":[],"yoast_head":"<!-- This site is optimized with the Yoast SEO plugin v24.8 - https:\/\/yoast.com\/wordpress\/plugins\/seo\/ -->\n<title>NEW - Atelier - Gestion des risques projet - Empow&#039;Her<\/title>\n<meta name=\"robots\" content=\"index, follow, max-snippet:-1, max-image-preview:large, max-video-preview:-1\" \/>\n<link rel=\"canonical\" href=\"https:\/\/empow-her.com\/produit\/new-atelier-gestion-des-risques-projet\/\" \/>\n<meta property=\"og:locale\" content=\"es_ES\" \/>\n<meta property=\"og:type\" content=\"article\" \/>\n<meta property=\"og:title\" content=\"NEW - Atelier - Gestion des risques projet - Empow&#039;Her\" \/>\n<meta property=\"og:description\" content=\"Dans toute entreprise, prendre des risques fait partie de l&#039;aventure...  Description :  La gestion des risques est le processus qui consiste \u00e0 minimiser les menaces pesant sur les objectifs d&#039;une organisation, mais aussi \u00e0 maximiser les opportunit\u00e9s.  Loin d&#039;\u00eatre une action ponctuelle, la gestion des risques comprend la mani\u00e8re dont vous identifierez, \u00e9valuerez et d\u00e9terminerez la meilleure fa\u00e7on d&#039;att\u00e9nuer chacune de ces menaces par le biais d&#039;un processus de gestion des risques minutieux et bien d\u00e9velopp\u00e9...  Objectifs:\u00a0Les objectifs p\u00e9dagogiques sont les suivants :  \u2022 Comprendre ce qu&#039;est la gestion des risques \u2022 Identifier les risques et les documenter \u2022 Planifier la gestion des risques \u2022 Suivre les risques \u2022 Quantifier la gestion des r\u00e9serves  Pr\u00e9-requis :\u00a0Aucun  Amaris Consulting est une soci\u00e9t\u00e9 de conseil technologique ind\u00e9pendante qui fournit des conseils et des solutions aux entreprises. Elle rassemble plus de 7 500 collaborateurs sur les cinq continents et dans plus de 60 pays. Avec plus de 1 000 clients \u00e0 travers le monde. Amaris Consulting met en place des solutions dans le cadre de projets majeurs depuis plus de 10 ans. Nos experts interviennent dans tous les secteurs, des services financiers aux transports, en passant par les soins de sant\u00e9 et la technologie.  Intervenant: Nicolas\u00a0de Amaris Consulting  Nicolas, chef de projet senior ayant plus de 15 ans d\u2019exp\u00e9riences, a d\u00e9j\u00e0 travaill\u00e9 sur de nombreux secteurs d\u2019activit\u00e9s, formateur chez nous depuis plus de 1 an sur des sujets de communication, de gestion de projet ou de gestion de risques projet.  Lieu : Bureaux Amaris Consulting, 24 rue Jacques Ibert  Attention ! Veuillez vous pr\u00e9senter \u00e0 l\u2019heure pour que l\u2019activit\u00e9 puisse commencer \u00e0 temps. Si vous avez du retard, veuillez pr\u00e9venir l\u2019intervenant.e. Si vous avez plus de 15 min de retard, l&#039;intervenant.e se r\u00e9serve le droit de ne plus vous accepter pour le coaching ou l\u2019atelier.\" \/>\n<meta property=\"og:url\" content=\"https:\/\/empow-her.com\/produit\/new-atelier-gestion-des-risques-projet\/\" \/>\n<meta property=\"og:site_name\" content=\"Empow&#039;Her\" \/>\n<meta property=\"article:modified_time\" content=\"2023-09-19T10:36:18+00:00\" \/>\n<meta property=\"og:image\" content=\"https:\/\/empow-her.com\/wp-content\/uploads\/2023\/09\/risque.png\" \/>\n\t<meta property=\"og:image:width\" content=\"1080\" \/>\n\t<meta property=\"og:image:height\" content=\"1080\" \/>\n\t<meta property=\"og:image:type\" content=\"image\/png\" \/>\n<meta name=\"twitter:card\" content=\"summary_large_image\" \/>\n<meta name=\"twitter:label1\" content=\"Tiempo de lectura\" \/>\n\t<meta name=\"twitter:data1\" content=\"2 minutos\" \/>\n<script type=\"application\/ld+json\" class=\"yoast-schema-graph\">{\"@context\":\"https:\/\/schema.org\",\"@graph\":[{\"@type\":\"WebPage\",\"@id\":\"https:\/\/empow-her.com\/produit\/new-atelier-gestion-des-risques-projet\/\",\"url\":\"https:\/\/empow-her.com\/produit\/new-atelier-gestion-des-risques-projet\/\",\"name\":\"NEW - Atelier - Gestion des risques projet - Empow&#039;Her\",\"isPartOf\":{\"@id\":\"https:\/\/empow-her.com\/#website\"},\"primaryImageOfPage\":{\"@id\":\"https:\/\/empow-her.com\/produit\/new-atelier-gestion-des-risques-projet\/#primaryimage\"},\"image\":{\"@id\":\"https:\/\/empow-her.com\/produit\/new-atelier-gestion-des-risques-projet\/#primaryimage\"},\"thumbnailUrl\":\"https:\/\/empow-her.com\/wp-content\/uploads\/2023\/09\/risque.png\",\"datePublished\":\"2023-09-07T13:40:21+00:00\",\"dateModified\":\"2023-09-19T10:36:18+00:00\",\"breadcrumb\":{\"@id\":\"https:\/\/empow-her.com\/produit\/new-atelier-gestion-des-risques-projet\/#breadcrumb\"},\"inLanguage\":\"es\",\"potentialAction\":[{\"@type\":\"ReadAction\",\"target\":[\"https:\/\/empow-her.com\/produit\/new-atelier-gestion-des-risques-projet\/\"]}]},{\"@type\":\"ImageObject\",\"inLanguage\":\"es\",\"@id\":\"https:\/\/empow-her.com\/produit\/new-atelier-gestion-des-risques-projet\/#primaryimage\",\"url\":\"https:\/\/empow-her.com\/wp-content\/uploads\/2023\/09\/risque.png\",\"contentUrl\":\"https:\/\/empow-her.com\/wp-content\/uploads\/2023\/09\/risque.png\",\"width\":1080,\"height\":1080},{\"@type\":\"BreadcrumbList\",\"@id\":\"https:\/\/empow-her.com\/produit\/new-atelier-gestion-des-risques-projet\/#breadcrumb\",\"itemListElement\":[{\"@type\":\"ListItem\",\"position\":1,\"name\":\"Accueil\",\"item\":\"https:\/\/empow-her.com\/es\/inicio\/\"},{\"@type\":\"ListItem\",\"position\":2,\"name\":\"LA BOUTIQUE\",\"item\":\"https:\/\/empow-her.com\/boutique\/\"},{\"@type\":\"ListItem\",\"position\":3,\"name\":\"NEW &#8211; Atelier &#8211; Gestion des risques projet\"}]},{\"@type\":\"WebSite\",\"@id\":\"https:\/\/empow-her.com\/#website\",\"url\":\"https:\/\/empow-her.com\/\",\"name\":\"Empow&#039;Her\",\"description\":\"Women Development\",\"potentialAction\":[{\"@type\":\"SearchAction\",\"target\":{\"@type\":\"EntryPoint\",\"urlTemplate\":\"https:\/\/empow-her.com\/?s={search_term_string}\"},\"query-input\":{\"@type\":\"PropertyValueSpecification\",\"valueRequired\":true,\"valueName\":\"search_term_string\"}}],\"inLanguage\":\"es\"}]}<\/script>\n<!-- \/ Yoast SEO plugin. -->","yoast_head_json":{"title":"NEW - Atelier - Gestion des risques projet - Empow&#039;Her","robots":{"index":"index","follow":"follow","max-snippet":"max-snippet:-1","max-image-preview":"max-image-preview:large","max-video-preview":"max-video-preview:-1"},"canonical":"https:\/\/empow-her.com\/produit\/new-atelier-gestion-des-risques-projet\/","og_locale":"es_ES","og_type":"article","og_title":"NEW - Atelier - Gestion des risques projet - Empow&#039;Her","og_description":"Dans toute entreprise, prendre des risques fait partie de l'aventure...  Description :  La gestion des risques est le processus qui consiste \u00e0 minimiser les menaces pesant sur les objectifs d'une organisation, mais aussi \u00e0 maximiser les opportunit\u00e9s.  Loin d'\u00eatre une action ponctuelle, la gestion des risques comprend la mani\u00e8re dont vous identifierez, \u00e9valuerez et d\u00e9terminerez la meilleure fa\u00e7on d'att\u00e9nuer chacune de ces menaces par le biais d'un processus de gestion des risques minutieux et bien d\u00e9velopp\u00e9...  Objectifs:\u00a0Les objectifs p\u00e9dagogiques sont les suivants :  \u2022 Comprendre ce qu'est la gestion des risques \u2022 Identifier les risques et les documenter \u2022 Planifier la gestion des risques \u2022 Suivre les risques \u2022 Quantifier la gestion des r\u00e9serves  Pr\u00e9-requis :\u00a0Aucun  Amaris Consulting est une soci\u00e9t\u00e9 de conseil technologique ind\u00e9pendante qui fournit des conseils et des solutions aux entreprises. Elle rassemble plus de 7 500 collaborateurs sur les cinq continents et dans plus de 60 pays. Avec plus de 1 000 clients \u00e0 travers le monde. Amaris Consulting met en place des solutions dans le cadre de projets majeurs depuis plus de 10 ans. Nos experts interviennent dans tous les secteurs, des services financiers aux transports, en passant par les soins de sant\u00e9 et la technologie.  Intervenant: Nicolas\u00a0de Amaris Consulting  Nicolas, chef de projet senior ayant plus de 15 ans d\u2019exp\u00e9riences, a d\u00e9j\u00e0 travaill\u00e9 sur de nombreux secteurs d\u2019activit\u00e9s, formateur chez nous depuis plus de 1 an sur des sujets de communication, de gestion de projet ou de gestion de risques projet.  Lieu : Bureaux Amaris Consulting, 24 rue Jacques Ibert  Attention ! Veuillez vous pr\u00e9senter \u00e0 l\u2019heure pour que l\u2019activit\u00e9 puisse commencer \u00e0 temps. Si vous avez du retard, veuillez pr\u00e9venir l\u2019intervenant.e. Si vous avez plus de 15 min de retard, l'intervenant.e se r\u00e9serve le droit de ne plus vous accepter pour le coaching ou l\u2019atelier.","og_url":"https:\/\/empow-her.com\/produit\/new-atelier-gestion-des-risques-projet\/","og_site_name":"Empow&#039;Her","article_modified_time":"2023-09-19T10:36:18+00:00","og_image":[{"width":1080,"height":1080,"url":"https:\/\/empow-her.com\/wp-content\/uploads\/2023\/09\/risque.png","type":"image\/png"}],"twitter_card":"summary_large_image","twitter_misc":{"Tiempo de lectura":"2 minutos"},"schema":{"@context":"https:\/\/schema.org","@graph":[{"@type":"WebPage","@id":"https:\/\/empow-her.com\/produit\/new-atelier-gestion-des-risques-projet\/","url":"https:\/\/empow-her.com\/produit\/new-atelier-gestion-des-risques-projet\/","name":"NEW - Atelier - Gestion des risques projet - Empow&#039;Her","isPartOf":{"@id":"https:\/\/empow-her.com\/#website"},"primaryImageOfPage":{"@id":"https:\/\/empow-her.com\/produit\/new-atelier-gestion-des-risques-projet\/#primaryimage"},"image":{"@id":"https:\/\/empow-her.com\/produit\/new-atelier-gestion-des-risques-projet\/#primaryimage"},"thumbnailUrl":"https:\/\/empow-her.com\/wp-content\/uploads\/2023\/09\/risque.png","datePublished":"2023-09-07T13:40:21+00:00","dateModified":"2023-09-19T10:36:18+00:00","breadcrumb":{"@id":"https:\/\/empow-her.com\/produit\/new-atelier-gestion-des-risques-projet\/#breadcrumb"},"inLanguage":"es","potentialAction":[{"@type":"ReadAction","target":["https:\/\/empow-her.com\/produit\/new-atelier-gestion-des-risques-projet\/"]}]},{"@type":"ImageObject","inLanguage":"es","@id":"https:\/\/empow-her.com\/produit\/new-atelier-gestion-des-risques-projet\/#primaryimage","url":"https:\/\/empow-her.com\/wp-content\/uploads\/2023\/09\/risque.png","contentUrl":"https:\/\/empow-her.com\/wp-content\/uploads\/2023\/09\/risque.png","width":1080,"height":1080},{"@type":"BreadcrumbList","@id":"https:\/\/empow-her.com\/produit\/new-atelier-gestion-des-risques-projet\/#breadcrumb","itemListElement":[{"@type":"ListItem","position":1,"name":"Accueil","item":"https:\/\/empow-her.com\/es\/inicio\/"},{"@type":"ListItem","position":2,"name":"LA BOUTIQUE","item":"https:\/\/empow-her.com\/boutique\/"},{"@type":"ListItem","position":3,"name":"NEW &#8211; Atelier &#8211; Gestion des risques projet"}]},{"@type":"WebSite","@id":"https:\/\/empow-her.com\/#website","url":"https:\/\/empow-her.com\/","name":"Empow&#039;Her","description":"Women Development","potentialAction":[{"@type":"SearchAction","target":{"@type":"EntryPoint","urlTemplate":"https:\/\/empow-her.com\/?s={search_term_string}"},"query-input":{"@type":"PropertyValueSpecification","valueRequired":true,"valueName":"search_term_string"}}],"inLanguage":"es"}]}},"_links":{"self":[{"href":"https:\/\/empow-her.com\/es\/wp-json\/wp\/v2\/product\/197158","targetHints":{"allow":["GET"]}}],"collection":[{"href":"https:\/\/empow-her.com\/es\/wp-json\/wp\/v2\/product"}],"about":[{"href":"https:\/\/empow-her.com\/es\/wp-json\/wp\/v2\/types\/product"}],"wp:featuredmedia":[{"embeddable":true,"href":"https:\/\/empow-her.com\/es\/wp-json\/wp\/v2\/media\/197159"}],"wp:attachment":[{"href":"https:\/\/empow-her.com\/es\/wp-json\/wp\/v2\/media?parent=197158"}],"wp:term":[{"taxonomy":"product_brand","embeddable":true,"href":"https:\/\/empow-her.com\/es\/wp-json\/wp\/v2\/product_brand?post=197158"},{"taxonomy":"product_cat","embeddable":true,"href":"https:\/\/empow-her.com\/es\/wp-json\/wp\/v2\/product_cat?post=197158"},{"taxonomy":"product_tag","embeddable":true,"href":"https:\/\/empow-her.com\/es\/wp-json\/wp\/v2\/product_tag?post=197158"},{"taxonomy":"lieu","embeddable":true,"href":"https:\/\/empow-her.com\/es\/wp-json\/wp\/v2\/lieu?post=197158"},{"taxonomy":"thematiques","embeddable":true,"href":"https:\/\/empow-her.com\/es\/wp-json\/wp\/v2\/thematiques?post=197158"}],"curies":[{"name":"wp","href":"https:\/\/api.w.org\/{rel}","templated":true}]}}