{"id":196881,"date":"2023-09-14T15:27:46","date_gmt":"2023-09-14T13:27:46","guid":{"rendered":"https:\/\/empow-her.com\/?post_type=product&#038;p=196881"},"modified":"2023-10-16T11:53:37","modified_gmt":"2023-10-16T09:53:37","slug":"special-event-se-preparer-a-etre-prestataire-de-grands-groupes","status":"publish","type":"product","link":"https:\/\/empow-her.com\/es\/produit\/special-event-se-preparer-a-etre-prestataire-de-grands-groupes\/","title":{"rendered":"Special event : Se pr\u00e9parer \u00e0 \u00eatre prestataire de grands groupes"},"content":{"rendered":"<p>Tu es une femme chef d&#8217;entreprise avec une soci\u00e9t\u00e9 en pleine croissance ? Tu veux travailler avec des grands comptes ? Nous avons l&#8217;\u00e9v\u00e9nement pour toi ! &#x26a1;&#xfe0f;<\/p>\n<p>WEConnect International, Sist&#8217;her et Link&#8217;Elles\u00a0 t&#8217;invitent le mercredi 18 octobre \u00e0 9h30 pour un atelier dans lequel tu apprendras quelles sont les cl\u00e9s pour r\u00e9ussier \u00e0 travailler avec les grands comptes.<\/p>\n<p>Un atelier et des success stories t&#8217;attendent lors de cette rencontre matinale ! &#x2600;&#xfe0f;<br \/>\nSon but ?\u00a0 Soutenir les femmes entrepreneures et les accompagner dans la d\u00e9marche qui va leur permettre de d\u00e9velopper leurs entreprises.<\/p>\n<p>Sur nos structures :<\/p>\n<p>&#x1f449; WEConnect International est une ONG qui aide au d\u00e9veloppement des entreprises m\u00e9n\u00e9es par des femmes en les mettant en relation avec plus de 180 grands groupes.<\/p>\n<p>&#x1f449; Link&#8217;Elles est un nouvel \u00e9cosyst\u00e8me bienveillant enti\u00e8rement d\u00e9di\u00e9 \u00e0 l\u2019entrepreneuriat f\u00e9minin, l\u2019association a pour but d\u2019accompagner les femmes d\u00e9sireuses de monter leur projet, quel que soit le secteur d\u2019activit\u00e9, de connecter les femmes entre elles professionnellement, d\u2019apporter toutes les informations n\u00e9cessaires \u00e0 leur d\u00e9marche, de partager les exp\u00e9riences des unes et des autres, de conditionner mentalement les femmes afin d\u2019aborder l\u2019entrepreneuriat le plus sereinement possible.<\/p>\n<p>&nbsp;<\/p>\n<p>Infos pratiques :<br \/>\n&#x1f4c5; Mercredi 18 octobre 2023<br \/>\n&#x23f3; De 9h30\u00a0 \u00e0 13h00<br \/>\n<img decoding=\"async\" src=\"https:\/\/static.xx.fbcdn.net\/images\/emoji.php\/v9\/t8b\/1.5\/16\/1f516.png\" alt=\"&#x1f516;\" width=\"16\" height=\"16\" \/>\u00a0R\u00e9servation gratuite obligatoire<\/p>\n<p>&#x1f4cd; Sist\u2019Her : 82 rue du Faubourg Saint-Martin 75010 Paris<br \/>\n&#x1f449; Ouvert en mars 2021, Sist\u2019Her est le premier tiers-lieu sorore, d\u00e9di\u00e9 aux entrepreneuses et \u00e0 l\u2019impact en \u00cele-de-France. Port\u00e9 par l\u2019association Empow\u2019Her, c\u2019est un lieu de formations et de rencontres inclusif et collaboratif, ouvert \u00e0 tou\u00b7te\u00b7s o\u00f9 il est possible de se former, s\u2019inspirer, s\u2019engager et se rencontrer.\u201d<\/p>\n<p>\u00c0 tr\u00e8s vite !<\/p>\n<p>&nbsp;<\/p>\n<p>Inscris-toi \u00e0 la <a href=\"https:\/\/empow-her.us3.list-manage.com\/subscribe?u=d9618018d7958e16fa77a415c&amp;id=27a23d3b6c&amp;fbclid=IwAR3_z7uzN0v1eal-kCkpiKDyqOP1zQwdL8XLdAAY25B5CkXLtO_VB8OstHM\">newsletter<\/a> de Sist&#8217;her pour conna\u00eetre nos <a href=\"https:\/\/empow-her.com\/agenda-empowher\/\">\u00e9v\u00e9nements<\/a> !<\/p>\n","protected":false},"excerpt":{"rendered":"<p>Tu es une femme chef d&#8217;entreprise avec une soci\u00e9t\u00e9 en pleine croissance ? Tu veux travailler avec des grands comptes ? Nous avons l&#8217;\u00e9v\u00e9nement pour toi ! &#x26a1;&#xfe0f;<\/p>\n<p>WEConnect International, Sist&#8217;her et Link&#8217;Elles\u00a0 t&#8217;invitent le mercredi 18 octobre \u00e0 9h30 pour un atelier dans lequel tu apprendras quelles sont les cl\u00e9s pour r\u00e9ussir \u00e0 travailler avec les grands comptes.<\/p>\n<p>Un atelier et des success stories t&#8217;attendent lors de cette rencontre matinale ! &#x2600;&#xfe0f;<br \/>\nSon but ?\u00a0 Soutenir les femmes entrepreneures et les accompagner dans la d\u00e9marche qui va leur permettre de d\u00e9velopper leurs entreprises.<\/p>\n<p>Sur nos structures :<\/p>\n<p>&#x1f449; WEConnect International est une ONG qui aide au d\u00e9veloppement des entreprises m\u00e9n\u00e9es par des femmes en les mettant en relation avec plus de 180 grands groupes.<\/p>\n<p>&#x1f449; Link&#8217;Elles est un nouvel \u00e9cosyst\u00e8me bienveillant enti\u00e8rement d\u00e9di\u00e9 \u00e0 l\u2019entrepreneuriat f\u00e9minin, l\u2019association a pour but d\u2019accompagner les femmes d\u00e9sireuses de monter leur projet, quel que soit le secteur d\u2019activit\u00e9, de connecter les femmes entre elles professionnellement, d\u2019apporter toutes les informations n\u00e9cessaires \u00e0 leur d\u00e9marche, de partager les exp\u00e9riences des unes et des autres, de conditionner mentalement les femmes afin d\u2019aborder l\u2019entrepreneuriat le plus sereinement possible.<\/p>\n<p>Infos pratiques :<br \/>\n&#x1f4c5; Mercredi 18 octobre 2023<br \/>\n&#x23f3; De 9h30\u00a0 \u00e0 13h00<br \/>\n<img decoding=\"async\" src=\"https:\/\/static.xx.fbcdn.net\/images\/emoji.php\/v9\/t8b\/1.5\/16\/1f516.png\" alt=\"&#x1f516;\" width=\"16\" height=\"16\" \/>\u00a0R\u00e9servation gratuite obligatoire<\/p>\n<p>&#x1f4cd; Sist\u2019Her : 82 rue du Faubourg Saint-Martin 75010 Paris<br \/>\n&#x1f449; Ouvert en mars 2021, Sist\u2019Her est le premier tiers-lieu sorore, d\u00e9di\u00e9 aux entrepreneuses et \u00e0 l\u2019impact en \u00cele-de-France. Port\u00e9 par l\u2019association Empow\u2019Her, c\u2019est un lieu de formations et de rencontres inclusif et collaboratif, ouvert \u00e0 tou\u00b7te\u00b7s o\u00f9 il est possible de se former, s\u2019inspirer, s\u2019engager et se rencontrer.\u201d<\/p>\n<p>\u00c0 tr\u00e8s vite !<\/p>\n<p>Inscris-toi \u00e0 la <a href=\"https:\/\/empow-her.us3.list-manage.com\/subscribe?u=d9618018d7958e16fa77a415c&amp;id=27a23d3b6c&amp;fbclid=IwAR3_z7uzN0v1eal-kCkpiKDyqOP1zQwdL8XLdAAY25B5CkXLtO_VB8OstHM\">newsletter<\/a> de Sist&#8217;her pour conna\u00eetre nos <a href=\"https:\/\/empow-her.com\/agenda-empowher\/\">\u00e9v\u00e9nements<\/a> !<\/p>\n","protected":false},"featured_media":203034,"template":"","format":"standard","meta":{"_acf_changed":false,"om_disable_all_campaigns":false,"_uf_show_specific_survey":0,"_uf_disable_surveys":false},"product_brand":[],"product_cat":[119],"product_tag":[],"lieu":[127],"thematiques":[],"class_list":{"0":"post-196881","1":"product","2":"type-product","3":"status-publish","4":"format-standard","5":"has-post-thumbnail","7":"product_cat-evenement-sisther","8":"lieu-hub-empowher","10":"first","11":"instock","12":"virtual","13":"purchasable","14":"product-type-appointment"},"exclude_global_add_ons":[],"addons":[],"acf":[],"yoast_head":"<!-- This site is optimized with the Yoast SEO plugin v24.8 - https:\/\/yoast.com\/wordpress\/plugins\/seo\/ -->\n<title>Special event : Se pr\u00e9parer \u00e0 \u00eatre prestataire de grands groupes - Empow&#039;Her<\/title>\n<meta name=\"description\" content=\"Tu es une femme chef d&#039;entreprise avec une soci\u00e9t\u00e9 en pleine croissance ? Tu veux travailler avec des grands comptes ?\" \/>\n<meta name=\"robots\" content=\"index, follow, max-snippet:-1, max-image-preview:large, max-video-preview:-1\" \/>\n<link rel=\"canonical\" href=\"https:\/\/empow-her.com\/produit\/special-event-se-preparer-a-etre-prestataire-de-grands-groupes\/\" \/>\n<meta property=\"og:locale\" content=\"es_ES\" \/>\n<meta property=\"og:type\" content=\"article\" \/>\n<meta property=\"og:title\" content=\"Special event : Se pr\u00e9parer \u00e0 \u00eatre prestataire de grands groupes - Empow&#039;Her\" \/>\n<meta property=\"og:description\" content=\"Tu es une femme chef d&#039;entreprise avec une soci\u00e9t\u00e9 en pleine croissance ? Tu veux travailler avec des grands comptes ?\" \/>\n<meta property=\"og:url\" content=\"https:\/\/empow-her.com\/produit\/special-event-se-preparer-a-etre-prestataire-de-grands-groupes\/\" \/>\n<meta property=\"og:site_name\" content=\"Empow&#039;Her\" \/>\n<meta property=\"article:modified_time\" content=\"2023-10-16T09:53:37+00:00\" \/>\n<meta property=\"og:image\" content=\"https:\/\/empow-her.com\/wp-content\/uploads\/2023\/09\/shetalks-economie-circulaire-3.png\" \/>\n\t<meta property=\"og:image:width\" content=\"1080\" \/>\n\t<meta property=\"og:image:height\" content=\"1080\" \/>\n\t<meta property=\"og:image:type\" content=\"image\/png\" \/>\n<meta name=\"twitter:card\" content=\"summary_large_image\" \/>\n<meta name=\"twitter:label1\" content=\"Tiempo de lectura\" \/>\n\t<meta name=\"twitter:data1\" content=\"2 minutos\" \/>\n<script type=\"application\/ld+json\" class=\"yoast-schema-graph\">{\"@context\":\"https:\/\/schema.org\",\"@graph\":[{\"@type\":\"WebPage\",\"@id\":\"https:\/\/empow-her.com\/produit\/special-event-se-preparer-a-etre-prestataire-de-grands-groupes\/\",\"url\":\"https:\/\/empow-her.com\/produit\/special-event-se-preparer-a-etre-prestataire-de-grands-groupes\/\",\"name\":\"Special event : Se pr\u00e9parer \u00e0 \u00eatre prestataire de grands groupes - Empow&#039;Her\",\"isPartOf\":{\"@id\":\"https:\/\/empow-her.com\/#website\"},\"primaryImageOfPage\":{\"@id\":\"https:\/\/empow-her.com\/produit\/special-event-se-preparer-a-etre-prestataire-de-grands-groupes\/#primaryimage\"},\"image\":{\"@id\":\"https:\/\/empow-her.com\/produit\/special-event-se-preparer-a-etre-prestataire-de-grands-groupes\/#primaryimage\"},\"thumbnailUrl\":\"https:\/\/empow-her.com\/wp-content\/uploads\/2023\/09\/shetalks-economie-circulaire-3.png\",\"datePublished\":\"2023-09-14T13:27:46+00:00\",\"dateModified\":\"2023-10-16T09:53:37+00:00\",\"description\":\"Tu es une femme chef d'entreprise avec une soci\u00e9t\u00e9 en pleine croissance ? Tu veux travailler avec des grands comptes ?\",\"breadcrumb\":{\"@id\":\"https:\/\/empow-her.com\/produit\/special-event-se-preparer-a-etre-prestataire-de-grands-groupes\/#breadcrumb\"},\"inLanguage\":\"es\",\"potentialAction\":[{\"@type\":\"ReadAction\",\"target\":[\"https:\/\/empow-her.com\/produit\/special-event-se-preparer-a-etre-prestataire-de-grands-groupes\/\"]}]},{\"@type\":\"ImageObject\",\"inLanguage\":\"es\",\"@id\":\"https:\/\/empow-her.com\/produit\/special-event-se-preparer-a-etre-prestataire-de-grands-groupes\/#primaryimage\",\"url\":\"https:\/\/empow-her.com\/wp-content\/uploads\/2023\/09\/shetalks-economie-circulaire-3.png\",\"contentUrl\":\"https:\/\/empow-her.com\/wp-content\/uploads\/2023\/09\/shetalks-economie-circulaire-3.png\",\"width\":1080,\"height\":1080},{\"@type\":\"BreadcrumbList\",\"@id\":\"https:\/\/empow-her.com\/produit\/special-event-se-preparer-a-etre-prestataire-de-grands-groupes\/#breadcrumb\",\"itemListElement\":[{\"@type\":\"ListItem\",\"position\":1,\"name\":\"Accueil\",\"item\":\"https:\/\/empow-her.com\/es\/inicio\/\"},{\"@type\":\"ListItem\",\"position\":2,\"name\":\"LA BOUTIQUE\",\"item\":\"https:\/\/empow-her.com\/boutique\/\"},{\"@type\":\"ListItem\",\"position\":3,\"name\":\"Special event : Se pr\u00e9parer \u00e0 \u00eatre prestataire de grands groupes\"}]},{\"@type\":\"WebSite\",\"@id\":\"https:\/\/empow-her.com\/#website\",\"url\":\"https:\/\/empow-her.com\/\",\"name\":\"Empow&#039;Her\",\"description\":\"Women Development\",\"potentialAction\":[{\"@type\":\"SearchAction\",\"target\":{\"@type\":\"EntryPoint\",\"urlTemplate\":\"https:\/\/empow-her.com\/?s={search_term_string}\"},\"query-input\":{\"@type\":\"PropertyValueSpecification\",\"valueRequired\":true,\"valueName\":\"search_term_string\"}}],\"inLanguage\":\"es\"}]}<\/script>\n<!-- \/ Yoast SEO plugin. -->","yoast_head_json":{"title":"Special event : Se pr\u00e9parer \u00e0 \u00eatre prestataire de grands groupes - Empow&#039;Her","description":"Tu es une femme chef d'entreprise avec une soci\u00e9t\u00e9 en pleine croissance ? Tu veux travailler avec des grands comptes ?","robots":{"index":"index","follow":"follow","max-snippet":"max-snippet:-1","max-image-preview":"max-image-preview:large","max-video-preview":"max-video-preview:-1"},"canonical":"https:\/\/empow-her.com\/produit\/special-event-se-preparer-a-etre-prestataire-de-grands-groupes\/","og_locale":"es_ES","og_type":"article","og_title":"Special event : Se pr\u00e9parer \u00e0 \u00eatre prestataire de grands groupes - Empow&#039;Her","og_description":"Tu es une femme chef d'entreprise avec une soci\u00e9t\u00e9 en pleine croissance ? Tu veux travailler avec des grands comptes ?","og_url":"https:\/\/empow-her.com\/produit\/special-event-se-preparer-a-etre-prestataire-de-grands-groupes\/","og_site_name":"Empow&#039;Her","article_modified_time":"2023-10-16T09:53:37+00:00","og_image":[{"width":1080,"height":1080,"url":"https:\/\/empow-her.com\/wp-content\/uploads\/2023\/09\/shetalks-economie-circulaire-3.png","type":"image\/png"}],"twitter_card":"summary_large_image","twitter_misc":{"Tiempo de lectura":"2 minutos"},"schema":{"@context":"https:\/\/schema.org","@graph":[{"@type":"WebPage","@id":"https:\/\/empow-her.com\/produit\/special-event-se-preparer-a-etre-prestataire-de-grands-groupes\/","url":"https:\/\/empow-her.com\/produit\/special-event-se-preparer-a-etre-prestataire-de-grands-groupes\/","name":"Special event : Se pr\u00e9parer \u00e0 \u00eatre prestataire de grands groupes - Empow&#039;Her","isPartOf":{"@id":"https:\/\/empow-her.com\/#website"},"primaryImageOfPage":{"@id":"https:\/\/empow-her.com\/produit\/special-event-se-preparer-a-etre-prestataire-de-grands-groupes\/#primaryimage"},"image":{"@id":"https:\/\/empow-her.com\/produit\/special-event-se-preparer-a-etre-prestataire-de-grands-groupes\/#primaryimage"},"thumbnailUrl":"https:\/\/empow-her.com\/wp-content\/uploads\/2023\/09\/shetalks-economie-circulaire-3.png","datePublished":"2023-09-14T13:27:46+00:00","dateModified":"2023-10-16T09:53:37+00:00","description":"Tu es une femme chef d'entreprise avec une soci\u00e9t\u00e9 en pleine croissance ? Tu veux travailler avec des grands comptes ?","breadcrumb":{"@id":"https:\/\/empow-her.com\/produit\/special-event-se-preparer-a-etre-prestataire-de-grands-groupes\/#breadcrumb"},"inLanguage":"es","potentialAction":[{"@type":"ReadAction","target":["https:\/\/empow-her.com\/produit\/special-event-se-preparer-a-etre-prestataire-de-grands-groupes\/"]}]},{"@type":"ImageObject","inLanguage":"es","@id":"https:\/\/empow-her.com\/produit\/special-event-se-preparer-a-etre-prestataire-de-grands-groupes\/#primaryimage","url":"https:\/\/empow-her.com\/wp-content\/uploads\/2023\/09\/shetalks-economie-circulaire-3.png","contentUrl":"https:\/\/empow-her.com\/wp-content\/uploads\/2023\/09\/shetalks-economie-circulaire-3.png","width":1080,"height":1080},{"@type":"BreadcrumbList","@id":"https:\/\/empow-her.com\/produit\/special-event-se-preparer-a-etre-prestataire-de-grands-groupes\/#breadcrumb","itemListElement":[{"@type":"ListItem","position":1,"name":"Accueil","item":"https:\/\/empow-her.com\/es\/inicio\/"},{"@type":"ListItem","position":2,"name":"LA BOUTIQUE","item":"https:\/\/empow-her.com\/boutique\/"},{"@type":"ListItem","position":3,"name":"Special event : Se pr\u00e9parer \u00e0 \u00eatre prestataire de grands groupes"}]},{"@type":"WebSite","@id":"https:\/\/empow-her.com\/#website","url":"https:\/\/empow-her.com\/","name":"Empow&#039;Her","description":"Women Development","potentialAction":[{"@type":"SearchAction","target":{"@type":"EntryPoint","urlTemplate":"https:\/\/empow-her.com\/?s={search_term_string}"},"query-input":{"@type":"PropertyValueSpecification","valueRequired":true,"valueName":"search_term_string"}}],"inLanguage":"es"}]}},"_links":{"self":[{"href":"https:\/\/empow-her.com\/es\/wp-json\/wp\/v2\/product\/196881","targetHints":{"allow":["GET"]}}],"collection":[{"href":"https:\/\/empow-her.com\/es\/wp-json\/wp\/v2\/product"}],"about":[{"href":"https:\/\/empow-her.com\/es\/wp-json\/wp\/v2\/types\/product"}],"wp:featuredmedia":[{"embeddable":true,"href":"https:\/\/empow-her.com\/es\/wp-json\/wp\/v2\/media\/203034"}],"wp:attachment":[{"href":"https:\/\/empow-her.com\/es\/wp-json\/wp\/v2\/media?parent=196881"}],"wp:term":[{"taxonomy":"product_brand","embeddable":true,"href":"https:\/\/empow-her.com\/es\/wp-json\/wp\/v2\/product_brand?post=196881"},{"taxonomy":"product_cat","embeddable":true,"href":"https:\/\/empow-her.com\/es\/wp-json\/wp\/v2\/product_cat?post=196881"},{"taxonomy":"product_tag","embeddable":true,"href":"https:\/\/empow-her.com\/es\/wp-json\/wp\/v2\/product_tag?post=196881"},{"taxonomy":"lieu","embeddable":true,"href":"https:\/\/empow-her.com\/es\/wp-json\/wp\/v2\/lieu?post=196881"},{"taxonomy":"thematiques","embeddable":true,"href":"https:\/\/empow-her.com\/es\/wp-json\/wp\/v2\/thematiques?post=196881"}],"curies":[{"name":"wp","href":"https:\/\/api.w.org\/{rel}","templated":true}]}}