{"id":189286,"date":"2023-08-09T12:04:48","date_gmt":"2023-08-09T10:04:48","guid":{"rendered":"https:\/\/empow-her.com\/?post_type=product&#038;p=189286"},"modified":"2023-08-31T15:49:29","modified_gmt":"2023-08-31T13:49:29","slug":"new-reprendre-confiance-et-renforcer-ma-legitimite-2","status":"publish","type":"product","link":"https:\/\/empow-her.com\/es\/produit\/new-reprendre-confiance-et-renforcer-ma-legitimite-2\/","title":{"rendered":"Atelier- (Re)prendre confiance et renforcer ma l\u00e9gitimit\u00e9"},"content":{"rendered":"<p><strong>Description<\/strong> :<\/p>\n<p><strong>Besoin :<\/strong> \u00ab j&#8217;aimerais bien agir avec plus de confiance en moi ! Je sens que j&#8217;ai des freins qui m&#8217;emp\u00eachent d&#8217;avancer pleinement dans mon projet. \u00bb<\/p>\n<p><strong>Objectif :<\/strong> si cette phrase r\u00e9sonne alors cet atelier pourra vous donner des cl\u00e9s afin de mieux comprendre comment cultiver votre confiance en vous. L&#8217;entrepreneuriat est par d\u00e9finition une activit\u00e9 qui plonge dans l&#8217;incertain, l&#8217;inconnu, la prise de risques. Cela demande une certaine dose de confiance. C&#8217;est un sujet vaste, c\u2019est pourquoi nous l\u2019aborderons principalement sous l\u2019angle des croyances motrices et limitantes. Ce que nous croyons sur nous, les autres et le monde influence en profondeur notre mani\u00e8re d\u2019\u00eatre, d\u2019interagir et d\u2019agir. Alors comment faire le tri dans nos croyances pour nous permettre d\u2019avancer avec une confiance entrainante et lucide \u00e0 la fois ? Cet atelier vous donne un espace-temps sur mesure pour d\u00e9velopper les comp\u00e9tences suivantes :<\/p>\n<p>\u2022 Mieux comprendre les m\u00e9canismes de la confiance et de l&#8217;estime de soi<\/p>\n<p>\u2022 Prendre conscience des diff\u00e9rentes dimensions impliqu\u00e9es (pens\u00e9es, \u00e9motions, comportements)<\/p>\n<p>\u2022 Examiner vos croyances pour d\u00e9cider quel tri r\u00e9aliser gr\u00e2ce \u00e0 l&#8217;approche DIRA\u00a9<\/p>\n<p>\u2022 D\u00e9finir une action pour d\u00e9velopper votre confiance gr\u00e2ce \u00e0 l&#8217;approche FAR\u00a9<\/p>\n<p><strong>Intervenant.e : C\u00e9cile Petit\u00a0<\/strong>de l&#8217;agence Bulles<\/p>\n<p>J&#8217;ai cette intime conviction : une vie professionnelle \u00e9panouissante s&#8217;appuie sur la qualit\u00e9 de notre relation \u00e0 nous-m\u00eames, aux autres et \u00e0 notre environnement et sur la qualit\u00e9 de notre pr\u00e9sence ici et maintenant.<br \/>\nPsychologue du travail, coach professionnelle et m\u00e9diatrice, j&#8217;ai co-fond\u00e9 l\u2019Agence Bulles avec ma s\u0153ur-associ\u00e9e Sophie.<\/p>\n<p>Chez Bulles, nous sommes convaincues qu&#8217;il est essentiel de s\u2019accorder de l\u2019espace et du temps afin d\u2019apprendre \u00e0 mieux s\u2019\u00e9couter, se conna\u00eetre et se comprendre. Nous cr\u00e9ons des espaces-temps sur mesure \u2013 en individuel et en collectif \u2013 pour accompagner \u00e0 mieux \u00eatre, interagir et agir dans sa vie professionnelle. Des \u00ab bulles \u00bb d\u2019\u00e9coute, de dialogue et d\u2019expression de soi pour prendre confiance, se mettre en action avec coh\u00e9rence et se d\u00e9ployer avec audace dans ses projets porteurs de sens.<\/p>\n<p>V\u00e9ritablement passionn\u00e9e par les dynamiques humaines au travail, je m&#8217;int\u00e9resse notamment au d\u00e9veloppement de nos comp\u00e9tences \u00e9motionnelles et relationnelles. C&#8217;est avec joie que j&#8217;accompagnerai sur ces th\u00e9matiques !<\/p>\n<p><strong>Son super pouvoir : <\/strong>Co-d\u00e9tective priv\u00e9e aupr\u00e8s de mes accompagn\u00e9.e.s. gr\u00e2ce \u00e0 l&#8217;art du dialogue<\/p>\n<p><strong>Son petit mot : <\/strong>L&#8217;aventure entrepreneuriale est une v\u00e9ritable exp\u00e9rience \u00e9motionnelle. Alors appuyons-nous du mieux possible sur ce qui nous met en joie. Cela nous encourage \u00e0 mettre du c\u0153ur \u00e0 l&#8217;ouvrage et \u00e0 \u0153uvrer avec c\u0153ur au sein de notre \u00e9cosyst\u00e8me !<\/p>\n<p><strong> Lieu<\/strong> : Sist&#8217;Her Paris, 82 rue du Faubourg Saint-Martin<\/p>\n<p><strong>Attention !<\/strong> Veuillez vous pr\u00e9senter \u00e0 l&#8217;heure pour que l&#8217;activit\u00e9 puisse commencer \u00e0 temps. Si vous avez du retard veuillez pr\u00e9venir l&#8217;intervenant.e. Si vous avez plus de 15 min de retard l&#8217;intervenant.e se r\u00e9serve le droit de ne plus vous accepter pour le coaching ou l&#8217;atelier.<\/p>\n<p>Pour ces ateliers, il est important de respecter le cadre de confiance instaur\u00e9 en d\u00e9but d&#8217;atelier en raison des sujets de d\u00e9veloppement personnel qui n\u00e9cessitent une confidentialit\u00e9 des \u00e9changes.<\/p>\n","protected":false},"excerpt":{"rendered":"<p><strong>Description<\/strong> :<\/p>\n<p><strong>Besoin :<\/strong> \u00ab j&#8217;aimerais bien agir avec plus de confiance en moi ! Je sens que j&#8217;ai des freins qui m&#8217;emp\u00eachent d&#8217;avancer pleinement dans mon projet. \u00bb<\/p>\n<p><strong>Objectif :<\/strong> si cette phrase r\u00e9sonne alors cet atelier pourra vous donner des cl\u00e9s afin de mieux comprendre comment cultiver votre confiance en vous. L&#8217;entrepreneuriat est par d\u00e9finition une activit\u00e9 qui plonge dans l&#8217;incertain, l&#8217;inconnu, la prise de risques. Cela demande une certaine dose de confiance. C&#8217;est un sujet vaste, c\u2019est pourquoi nous l\u2019aborderons principalement sous l\u2019angle des croyances motrices et limitantes. Ce que nous croyons sur nous, les autres et le monde influence en profondeur notre mani\u00e8re d\u2019\u00eatre, d\u2019interagir et d\u2019agir. Alors comment faire le tri dans nos croyances pour nous permettre d\u2019avancer avec une confiance entrainante et lucide \u00e0 la fois ? Cet atelier vous donne un espace-temps sur mesure pour d\u00e9velopper les comp\u00e9tences suivantes :<\/p>\n<p>\u2022 Mieux comprendre les m\u00e9canismes de la confiance et de l&#8217;estime de soi<\/p>\n<p>\u2022 Prendre conscience des diff\u00e9rentes dimensions impliqu\u00e9es (pens\u00e9es, \u00e9motions, comportements)<\/p>\n<p>\u2022 Examiner vos croyances pour d\u00e9cider quel tri r\u00e9aliser gr\u00e2ce \u00e0 l&#8217;approche DIRA\u00a9<\/p>\n<p>\u2022 D\u00e9finir une action pour d\u00e9velopper votre confiance gr\u00e2ce \u00e0 l&#8217;approche FAR\u00a9<\/p>\n<p><strong>Intervenant.e : C\u00e9cile Petit\u00a0<\/strong>de l&#8217;agence Bulles<\/p>\n<p>J&#8217;ai cette intime conviction : une vie professionnelle \u00e9panouissante s&#8217;appuie sur la qualit\u00e9 de notre relation \u00e0 nous-m\u00eames, aux autres et \u00e0 notre environnement et sur la qualit\u00e9 de notre pr\u00e9sence ici et maintenant.<br \/>\nPsychologue du travail, coach professionnelle et m\u00e9diatrice, j&#8217;ai co-fond\u00e9 l\u2019Agence Bulles avec ma s\u0153ur-associ\u00e9e Sophie.<\/p>\n<p>Chez Bulles, nous sommes convaincues qu&#8217;il est essentiel de s\u2019accorder de l\u2019espace et du temps afin d\u2019apprendre \u00e0 mieux s\u2019\u00e9couter, se conna\u00eetre et se comprendre. Nous cr\u00e9ons des espaces-temps sur mesure \u2013 en individuel et en collectif \u2013 pour accompagner \u00e0 mieux \u00eatre, interagir et agir dans sa vie professionnelle. Des \u00ab bulles \u00bb d\u2019\u00e9coute, de dialogue et d\u2019expression de soi pour prendre confiance, se mettre en action avec coh\u00e9rence et se d\u00e9ployer avec audace dans ses projets porteurs de sens.<\/p>\n<p>V\u00e9ritablement passionn\u00e9e par les dynamiques humaines au travail, je m&#8217;int\u00e9resse notamment au d\u00e9veloppement de nos comp\u00e9tences \u00e9motionnelles et relationnelles. C&#8217;est avec joie que j&#8217;accompagnerai sur ces th\u00e9matiques !<\/p>\n<p><strong>Son super pouvoir : <\/strong>Co-d\u00e9tective priv\u00e9e aupr\u00e8s de mes accompagn\u00e9.e.s. gr\u00e2ce \u00e0 l&#8217;art du dialogue<\/p>\n<p><strong>Son petit mot : <\/strong>L&#8217;aventure entrepreneuriale est une v\u00e9ritable exp\u00e9rience \u00e9motionnelle. Alors appuyons-nous du mieux possible sur ce qui nous met en joie. Cela nous encourage \u00e0 mettre du c\u0153ur \u00e0 l&#8217;ouvrage et \u00e0 \u0153uvrer avec c\u0153ur au sein de notre \u00e9cosyst\u00e8me !<\/p>\n<p><strong> Lieu<\/strong> : Sist&#8217;Her Paris, 82 rue du Faubourg Saint-Martin<\/p>\n<p><strong>Attention !<\/strong> Veuillez vous pr\u00e9senter \u00e0 l&#8217;heure pour que l&#8217;activit\u00e9 puisse commencer \u00e0 temps. Si vous avez du retard veuillez pr\u00e9venir l&#8217;intervenant.e. Si vous avez plus de 15 min de retard l&#8217;intervenant.e se r\u00e9serve le droit de ne plus vous accepter pour le coaching ou l&#8217;atelier.<\/p>\n<p>Pour ces ateliers, il est important de respecter le cadre de confiance instaur\u00e9 en d\u00e9but d&#8217;atelier en raison des sujets de d\u00e9veloppement personnel qui n\u00e9cessitent une confidentialit\u00e9 des \u00e9changes.<\/p>\n","protected":false},"featured_media":189288,"template":"","format":"standard","meta":{"_acf_changed":false,"om_disable_all_campaigns":false,"_uf_show_specific_survey":0,"_uf_disable_surveys":false},"product_brand":[],"product_cat":[118],"product_tag":[],"lieu":[127],"thematiques":[],"class_list":{"0":"post-189286","1":"product","2":"type-product","3":"status-publish","4":"format-standard","5":"has-post-thumbnail","7":"product_cat-atelier-collectif","8":"lieu-hub-empowher","10":"first","11":"instock","12":"virtual","13":"purchasable","14":"product-type-appointment"},"exclude_global_add_ons":[],"addons":[],"acf":[],"yoast_head":"<!-- This site is optimized with the Yoast SEO plugin v24.8 - https:\/\/yoast.com\/wordpress\/plugins\/seo\/ -->\n<title>Atelier- (Re)prendre confiance et renforcer ma l\u00e9gitimit\u00e9 - Empow&#039;Her<\/title>\n<meta name=\"robots\" content=\"index, follow, max-snippet:-1, max-image-preview:large, max-video-preview:-1\" \/>\n<link rel=\"canonical\" href=\"https:\/\/empow-her.com\/produit\/new-reprendre-confiance-et-renforcer-ma-legitimite-2\/\" \/>\n<meta property=\"og:locale\" content=\"es_ES\" \/>\n<meta property=\"og:type\" content=\"article\" \/>\n<meta property=\"og:title\" content=\"Atelier- (Re)prendre confiance et renforcer ma l\u00e9gitimit\u00e9 - Empow&#039;Her\" \/>\n<meta property=\"og:description\" content=\"Description :  Besoin : \u00ab j&#039;aimerais bien agir avec plus de confiance en moi ! Je sens que j&#039;ai des freins qui m&#039;emp\u00eachent d&#039;avancer pleinement dans mon projet. \u00bb  Objectif : si cette phrase r\u00e9sonne alors cet atelier pourra vous donner des cl\u00e9s afin de mieux comprendre comment cultiver votre confiance en vous. L&#039;entrepreneuriat est par d\u00e9finition une activit\u00e9 qui plonge dans l&#039;incertain, l&#039;inconnu, la prise de risques. Cela demande une certaine dose de confiance. C&#039;est un sujet vaste, c\u2019est pourquoi nous l\u2019aborderons principalement sous l\u2019angle des croyances motrices et limitantes. Ce que nous croyons sur nous, les autres et le monde influence en profondeur notre mani\u00e8re d\u2019\u00eatre, d\u2019interagir et d\u2019agir. Alors comment faire le tri dans nos croyances pour nous permettre d\u2019avancer avec une confiance entrainante et lucide \u00e0 la fois ? Cet atelier vous donne un espace-temps sur mesure pour d\u00e9velopper les comp\u00e9tences suivantes :  \u2022 Mieux comprendre les m\u00e9canismes de la confiance et de l&#039;estime de soi  \u2022 Prendre conscience des diff\u00e9rentes dimensions impliqu\u00e9es (pens\u00e9es, \u00e9motions, comportements)  \u2022 Examiner vos croyances pour d\u00e9cider quel tri r\u00e9aliser gr\u00e2ce \u00e0 l&#039;approche DIRA\u00a9  \u2022 D\u00e9finir une action pour d\u00e9velopper votre confiance gr\u00e2ce \u00e0 l&#039;approche FAR\u00a9  Intervenant.e : C\u00e9cile Petit\u00a0de l&#039;agence Bulles  J&#039;ai cette intime conviction : une vie professionnelle \u00e9panouissante s&#039;appuie sur la qualit\u00e9 de notre relation \u00e0 nous-m\u00eames, aux autres et \u00e0 notre environnement et sur la qualit\u00e9 de notre pr\u00e9sence ici et maintenant. Psychologue du travail, coach professionnelle et m\u00e9diatrice, j&#039;ai co-fond\u00e9 l\u2019Agence Bulles avec ma s\u0153ur-associ\u00e9e Sophie.  Chez Bulles, nous sommes convaincues qu&#039;il est essentiel de s\u2019accorder de l\u2019espace et du temps afin d\u2019apprendre \u00e0 mieux s\u2019\u00e9couter, se conna\u00eetre et se comprendre. Nous cr\u00e9ons des espaces-temps sur mesure \u2013 en individuel et en collectif \u2013 pour accompagner \u00e0 mieux \u00eatre, interagir et agir dans sa vie professionnelle. Des \u00ab bulles \u00bb d\u2019\u00e9coute, de dialogue et d\u2019expression de soi pour prendre confiance, se mettre en action avec coh\u00e9rence et se d\u00e9ployer avec audace dans ses projets porteurs de sens.  V\u00e9ritablement passionn\u00e9e par les dynamiques humaines au travail, je m&#039;int\u00e9resse notamment au d\u00e9veloppement de nos comp\u00e9tences \u00e9motionnelles et relationnelles. C&#039;est avec joie que j&#039;accompagnerai sur ces th\u00e9matiques !  Son super pouvoir : Co-d\u00e9tective priv\u00e9e aupr\u00e8s de mes accompagn\u00e9.e.s. gr\u00e2ce \u00e0 l&#039;art du dialogue  Son petit mot : L&#039;aventure entrepreneuriale est une v\u00e9ritable exp\u00e9rience \u00e9motionnelle. Alors appuyons-nous du mieux possible sur ce qui nous met en joie. Cela nous encourage \u00e0 mettre du c\u0153ur \u00e0 l&#039;ouvrage et \u00e0 \u0153uvrer avec c\u0153ur au sein de notre \u00e9cosyst\u00e8me !   Lieu : Sist&#039;Her Paris, 82 rue du Faubourg Saint-Martin  Attention ! Veuillez vous pr\u00e9senter \u00e0 l&#039;heure pour que l&#039;activit\u00e9 puisse commencer \u00e0 temps. Si vous avez du retard veuillez pr\u00e9venir l&#039;intervenant.e. Si vous avez plus de 15 min de retard l&#039;intervenant.e se r\u00e9serve le droit de ne plus vous accepter pour le coaching ou l&#039;atelier.  Pour ces ateliers, il est important de respecter le cadre de confiance instaur\u00e9 en d\u00e9but d&#039;atelier en raison des sujets de d\u00e9veloppement personnel qui n\u00e9cessitent une confidentialit\u00e9 des \u00e9changes.\" \/>\n<meta property=\"og:url\" content=\"https:\/\/empow-her.com\/produit\/new-reprendre-confiance-et-renforcer-ma-legitimite-2\/\" \/>\n<meta property=\"og:site_name\" content=\"Empow&#039;Her\" \/>\n<meta property=\"article:modified_time\" content=\"2023-08-31T13:49:29+00:00\" \/>\n<meta property=\"og:image\" content=\"https:\/\/empow-her.com\/wp-content\/uploads\/2023\/08\/confiance.png\" \/>\n\t<meta property=\"og:image:width\" content=\"1080\" \/>\n\t<meta property=\"og:image:height\" content=\"1080\" \/>\n\t<meta property=\"og:image:type\" content=\"image\/png\" \/>\n<meta name=\"twitter:card\" content=\"summary_large_image\" \/>\n<meta name=\"twitter:label1\" content=\"Tiempo de lectura\" \/>\n\t<meta name=\"twitter:data1\" content=\"3 minutos\" \/>\n<script type=\"application\/ld+json\" class=\"yoast-schema-graph\">{\"@context\":\"https:\/\/schema.org\",\"@graph\":[{\"@type\":\"WebPage\",\"@id\":\"https:\/\/empow-her.com\/produit\/new-reprendre-confiance-et-renforcer-ma-legitimite-2\/\",\"url\":\"https:\/\/empow-her.com\/produit\/new-reprendre-confiance-et-renforcer-ma-legitimite-2\/\",\"name\":\"Atelier- (Re)prendre confiance et renforcer ma l\u00e9gitimit\u00e9 - Empow&#039;Her\",\"isPartOf\":{\"@id\":\"https:\/\/empow-her.com\/#website\"},\"primaryImageOfPage\":{\"@id\":\"https:\/\/empow-her.com\/produit\/new-reprendre-confiance-et-renforcer-ma-legitimite-2\/#primaryimage\"},\"image\":{\"@id\":\"https:\/\/empow-her.com\/produit\/new-reprendre-confiance-et-renforcer-ma-legitimite-2\/#primaryimage\"},\"thumbnailUrl\":\"https:\/\/empow-her.com\/wp-content\/uploads\/2023\/08\/confiance.png\",\"datePublished\":\"2023-08-09T10:04:48+00:00\",\"dateModified\":\"2023-08-31T13:49:29+00:00\",\"breadcrumb\":{\"@id\":\"https:\/\/empow-her.com\/produit\/new-reprendre-confiance-et-renforcer-ma-legitimite-2\/#breadcrumb\"},\"inLanguage\":\"es\",\"potentialAction\":[{\"@type\":\"ReadAction\",\"target\":[\"https:\/\/empow-her.com\/produit\/new-reprendre-confiance-et-renforcer-ma-legitimite-2\/\"]}]},{\"@type\":\"ImageObject\",\"inLanguage\":\"es\",\"@id\":\"https:\/\/empow-her.com\/produit\/new-reprendre-confiance-et-renforcer-ma-legitimite-2\/#primaryimage\",\"url\":\"https:\/\/empow-her.com\/wp-content\/uploads\/2023\/08\/confiance.png\",\"contentUrl\":\"https:\/\/empow-her.com\/wp-content\/uploads\/2023\/08\/confiance.png\",\"width\":1080,\"height\":1080},{\"@type\":\"BreadcrumbList\",\"@id\":\"https:\/\/empow-her.com\/produit\/new-reprendre-confiance-et-renforcer-ma-legitimite-2\/#breadcrumb\",\"itemListElement\":[{\"@type\":\"ListItem\",\"position\":1,\"name\":\"Accueil\",\"item\":\"https:\/\/empow-her.com\/es\/inicio\/\"},{\"@type\":\"ListItem\",\"position\":2,\"name\":\"LA BOUTIQUE\",\"item\":\"https:\/\/empow-her.com\/boutique\/\"},{\"@type\":\"ListItem\",\"position\":3,\"name\":\"Atelier- (Re)prendre confiance et renforcer ma l\u00e9gitimit\u00e9\"}]},{\"@type\":\"WebSite\",\"@id\":\"https:\/\/empow-her.com\/#website\",\"url\":\"https:\/\/empow-her.com\/\",\"name\":\"Empow&#039;Her\",\"description\":\"Women Development\",\"potentialAction\":[{\"@type\":\"SearchAction\",\"target\":{\"@type\":\"EntryPoint\",\"urlTemplate\":\"https:\/\/empow-her.com\/?s={search_term_string}\"},\"query-input\":{\"@type\":\"PropertyValueSpecification\",\"valueRequired\":true,\"valueName\":\"search_term_string\"}}],\"inLanguage\":\"es\"}]}<\/script>\n<!-- \/ Yoast SEO plugin. -->","yoast_head_json":{"title":"Atelier- (Re)prendre confiance et renforcer ma l\u00e9gitimit\u00e9 - Empow&#039;Her","robots":{"index":"index","follow":"follow","max-snippet":"max-snippet:-1","max-image-preview":"max-image-preview:large","max-video-preview":"max-video-preview:-1"},"canonical":"https:\/\/empow-her.com\/produit\/new-reprendre-confiance-et-renforcer-ma-legitimite-2\/","og_locale":"es_ES","og_type":"article","og_title":"Atelier- (Re)prendre confiance et renforcer ma l\u00e9gitimit\u00e9 - Empow&#039;Her","og_description":"Description :  Besoin : \u00ab j'aimerais bien agir avec plus de confiance en moi ! Je sens que j'ai des freins qui m'emp\u00eachent d'avancer pleinement dans mon projet. \u00bb  Objectif : si cette phrase r\u00e9sonne alors cet atelier pourra vous donner des cl\u00e9s afin de mieux comprendre comment cultiver votre confiance en vous. L'entrepreneuriat est par d\u00e9finition une activit\u00e9 qui plonge dans l'incertain, l'inconnu, la prise de risques. Cela demande une certaine dose de confiance. C'est un sujet vaste, c\u2019est pourquoi nous l\u2019aborderons principalement sous l\u2019angle des croyances motrices et limitantes. Ce que nous croyons sur nous, les autres et le monde influence en profondeur notre mani\u00e8re d\u2019\u00eatre, d\u2019interagir et d\u2019agir. Alors comment faire le tri dans nos croyances pour nous permettre d\u2019avancer avec une confiance entrainante et lucide \u00e0 la fois ? Cet atelier vous donne un espace-temps sur mesure pour d\u00e9velopper les comp\u00e9tences suivantes :  \u2022 Mieux comprendre les m\u00e9canismes de la confiance et de l'estime de soi  \u2022 Prendre conscience des diff\u00e9rentes dimensions impliqu\u00e9es (pens\u00e9es, \u00e9motions, comportements)  \u2022 Examiner vos croyances pour d\u00e9cider quel tri r\u00e9aliser gr\u00e2ce \u00e0 l'approche DIRA\u00a9  \u2022 D\u00e9finir une action pour d\u00e9velopper votre confiance gr\u00e2ce \u00e0 l'approche FAR\u00a9  Intervenant.e : C\u00e9cile Petit\u00a0de l'agence Bulles  J'ai cette intime conviction : une vie professionnelle \u00e9panouissante s'appuie sur la qualit\u00e9 de notre relation \u00e0 nous-m\u00eames, aux autres et \u00e0 notre environnement et sur la qualit\u00e9 de notre pr\u00e9sence ici et maintenant. Psychologue du travail, coach professionnelle et m\u00e9diatrice, j'ai co-fond\u00e9 l\u2019Agence Bulles avec ma s\u0153ur-associ\u00e9e Sophie.  Chez Bulles, nous sommes convaincues qu'il est essentiel de s\u2019accorder de l\u2019espace et du temps afin d\u2019apprendre \u00e0 mieux s\u2019\u00e9couter, se conna\u00eetre et se comprendre. Nous cr\u00e9ons des espaces-temps sur mesure \u2013 en individuel et en collectif \u2013 pour accompagner \u00e0 mieux \u00eatre, interagir et agir dans sa vie professionnelle. Des \u00ab bulles \u00bb d\u2019\u00e9coute, de dialogue et d\u2019expression de soi pour prendre confiance, se mettre en action avec coh\u00e9rence et se d\u00e9ployer avec audace dans ses projets porteurs de sens.  V\u00e9ritablement passionn\u00e9e par les dynamiques humaines au travail, je m'int\u00e9resse notamment au d\u00e9veloppement de nos comp\u00e9tences \u00e9motionnelles et relationnelles. C'est avec joie que j'accompagnerai sur ces th\u00e9matiques !  Son super pouvoir : Co-d\u00e9tective priv\u00e9e aupr\u00e8s de mes accompagn\u00e9.e.s. gr\u00e2ce \u00e0 l'art du dialogue  Son petit mot : L'aventure entrepreneuriale est une v\u00e9ritable exp\u00e9rience \u00e9motionnelle. Alors appuyons-nous du mieux possible sur ce qui nous met en joie. Cela nous encourage \u00e0 mettre du c\u0153ur \u00e0 l'ouvrage et \u00e0 \u0153uvrer avec c\u0153ur au sein de notre \u00e9cosyst\u00e8me !   Lieu : Sist'Her Paris, 82 rue du Faubourg Saint-Martin  Attention ! Veuillez vous pr\u00e9senter \u00e0 l'heure pour que l'activit\u00e9 puisse commencer \u00e0 temps. Si vous avez du retard veuillez pr\u00e9venir l'intervenant.e. Si vous avez plus de 15 min de retard l'intervenant.e se r\u00e9serve le droit de ne plus vous accepter pour le coaching ou l'atelier.  Pour ces ateliers, il est important de respecter le cadre de confiance instaur\u00e9 en d\u00e9but d'atelier en raison des sujets de d\u00e9veloppement personnel qui n\u00e9cessitent une confidentialit\u00e9 des \u00e9changes.","og_url":"https:\/\/empow-her.com\/produit\/new-reprendre-confiance-et-renforcer-ma-legitimite-2\/","og_site_name":"Empow&#039;Her","article_modified_time":"2023-08-31T13:49:29+00:00","og_image":[{"width":1080,"height":1080,"url":"https:\/\/empow-her.com\/wp-content\/uploads\/2023\/08\/confiance.png","type":"image\/png"}],"twitter_card":"summary_large_image","twitter_misc":{"Tiempo de lectura":"3 minutos"},"schema":{"@context":"https:\/\/schema.org","@graph":[{"@type":"WebPage","@id":"https:\/\/empow-her.com\/produit\/new-reprendre-confiance-et-renforcer-ma-legitimite-2\/","url":"https:\/\/empow-her.com\/produit\/new-reprendre-confiance-et-renforcer-ma-legitimite-2\/","name":"Atelier- (Re)prendre confiance et renforcer ma l\u00e9gitimit\u00e9 - Empow&#039;Her","isPartOf":{"@id":"https:\/\/empow-her.com\/#website"},"primaryImageOfPage":{"@id":"https:\/\/empow-her.com\/produit\/new-reprendre-confiance-et-renforcer-ma-legitimite-2\/#primaryimage"},"image":{"@id":"https:\/\/empow-her.com\/produit\/new-reprendre-confiance-et-renforcer-ma-legitimite-2\/#primaryimage"},"thumbnailUrl":"https:\/\/empow-her.com\/wp-content\/uploads\/2023\/08\/confiance.png","datePublished":"2023-08-09T10:04:48+00:00","dateModified":"2023-08-31T13:49:29+00:00","breadcrumb":{"@id":"https:\/\/empow-her.com\/produit\/new-reprendre-confiance-et-renforcer-ma-legitimite-2\/#breadcrumb"},"inLanguage":"es","potentialAction":[{"@type":"ReadAction","target":["https:\/\/empow-her.com\/produit\/new-reprendre-confiance-et-renforcer-ma-legitimite-2\/"]}]},{"@type":"ImageObject","inLanguage":"es","@id":"https:\/\/empow-her.com\/produit\/new-reprendre-confiance-et-renforcer-ma-legitimite-2\/#primaryimage","url":"https:\/\/empow-her.com\/wp-content\/uploads\/2023\/08\/confiance.png","contentUrl":"https:\/\/empow-her.com\/wp-content\/uploads\/2023\/08\/confiance.png","width":1080,"height":1080},{"@type":"BreadcrumbList","@id":"https:\/\/empow-her.com\/produit\/new-reprendre-confiance-et-renforcer-ma-legitimite-2\/#breadcrumb","itemListElement":[{"@type":"ListItem","position":1,"name":"Accueil","item":"https:\/\/empow-her.com\/es\/inicio\/"},{"@type":"ListItem","position":2,"name":"LA BOUTIQUE","item":"https:\/\/empow-her.com\/boutique\/"},{"@type":"ListItem","position":3,"name":"Atelier- (Re)prendre confiance et renforcer ma l\u00e9gitimit\u00e9"}]},{"@type":"WebSite","@id":"https:\/\/empow-her.com\/#website","url":"https:\/\/empow-her.com\/","name":"Empow&#039;Her","description":"Women Development","potentialAction":[{"@type":"SearchAction","target":{"@type":"EntryPoint","urlTemplate":"https:\/\/empow-her.com\/?s={search_term_string}"},"query-input":{"@type":"PropertyValueSpecification","valueRequired":true,"valueName":"search_term_string"}}],"inLanguage":"es"}]}},"_links":{"self":[{"href":"https:\/\/empow-her.com\/es\/wp-json\/wp\/v2\/product\/189286","targetHints":{"allow":["GET"]}}],"collection":[{"href":"https:\/\/empow-her.com\/es\/wp-json\/wp\/v2\/product"}],"about":[{"href":"https:\/\/empow-her.com\/es\/wp-json\/wp\/v2\/types\/product"}],"wp:featuredmedia":[{"embeddable":true,"href":"https:\/\/empow-her.com\/es\/wp-json\/wp\/v2\/media\/189288"}],"wp:attachment":[{"href":"https:\/\/empow-her.com\/es\/wp-json\/wp\/v2\/media?parent=189286"}],"wp:term":[{"taxonomy":"product_brand","embeddable":true,"href":"https:\/\/empow-her.com\/es\/wp-json\/wp\/v2\/product_brand?post=189286"},{"taxonomy":"product_cat","embeddable":true,"href":"https:\/\/empow-her.com\/es\/wp-json\/wp\/v2\/product_cat?post=189286"},{"taxonomy":"product_tag","embeddable":true,"href":"https:\/\/empow-her.com\/es\/wp-json\/wp\/v2\/product_tag?post=189286"},{"taxonomy":"lieu","embeddable":true,"href":"https:\/\/empow-her.com\/es\/wp-json\/wp\/v2\/lieu?post=189286"},{"taxonomy":"thematiques","embeddable":true,"href":"https:\/\/empow-her.com\/es\/wp-json\/wp\/v2\/thematiques?post=189286"}],"curies":[{"name":"wp","href":"https:\/\/api.w.org\/{rel}","templated":true}]}}