{"id":187808,"date":"2023-08-07T11:38:39","date_gmt":"2023-08-07T09:38:39","guid":{"rendered":"https:\/\/empow-her.com\/?post_type=product&#038;p=187808"},"modified":"2023-08-07T15:58:27","modified_gmt":"2023-08-07T13:58:27","slug":"storytelling-la-marque-2","status":"publish","type":"product","link":"https:\/\/empow-her.com\/es\/produit\/storytelling-la-marque-2\/","title":{"rendered":"Coaching &#8211; Storytelling &#038; la marque"},"content":{"rendered":"<p><span data-sheets-value=\"{&quot;1&quot;:2,&quot;2&quot;:&quot;Besoin : nVous avez \u00e9bauch\u00e9 une offre (\u00e0 partir d'un produit ou service) et vous avez des questions sans r\u00e9ponse : est-ce que la proposition de valeur est pertinente ? comment approfondir l'\u00e9tude de march\u00e9 et tester l'offre ? Quels sont les bons canaux pour toucher vos cibles ? Quel prix fixer pour votre offre ? Comment la diffuser et la vendre au mieux ?nnPr\u00e9cisons ensemble et challengeons votre mod\u00e8le \u00e9conomique pour faire progresser votre projet. En une heure, nous travaillerons ensemble sur quelques raisonnements et outils simples pour r\u00e9pondre \u00e0 vos questions concernant la mod\u00e9lisation \u00e9conomique, en lien avec la raison d'\u00eatre et la vision de votre projet. nVous ressortirez de cet accompagnement avec des pistes pour d\u00e9velopper votre activit\u00e9 tout en ayant une bonne ma\u00eetrise des logiques \u00e9conomiques, ou avec une feuille de route pr\u00eate \u00e0 l'emploi, selon votre besoin.nnNB : Cette permanence est particuli\u00e8rement adapt\u00e9e si vous avez particip\u00e9 en amont aux ateliers &quot;Mod\u00e9liser, prototyper et tester son offre&quot; et\/ou &quot;Mod\u00e8le \u00e9conomique et viabilit\u00e9&quot;.nnAvant la session, n'h\u00e9sitez pas \u00e0 envoyer vos questions pr\u00e9cises (si vous en avez), ou tout autre document utile \u00e0 l'\u00e9quipe d'accompagnement Empow'Her, qui pourra les transmettre \u00e0 l'\u00e9quipe de plus1 pour pr\u00e9parer au mieux votre \u00e9change ! nnLieu : En lignenRendez-vous en ligne, le lien Zoom vous sera envoy\u00e9 dans un second temps.nnAttention ! Veuillez vous pr\u00e9senter \u00e0 l'heure pour que l'activit\u00e9 puisse commencer \u00e0 temps. Si vous avez du retard veuillez pr\u00e9venir l'intervenant.e. Si vous avez plus de 15 min de retard l'intervenant.e se r\u00e9serve le droit de ne plus vous accepter pour le coaching ou l'atelier.&quot;}\" data-sheets-userformat=\"{&quot;2&quot;:4995,&quot;3&quot;:{&quot;1&quot;:0},&quot;4&quot;:{&quot;1&quot;:2,&quot;2&quot;:16773836},&quot;10&quot;:1,&quot;11&quot;:4,&quot;12&quot;:0,&quot;15&quot;:&quot;Hind&quot;}\"><b>Description <\/b>:<br \/>\n<\/span><\/p>\n<p>&#8220;J&#8217;ai besoin de cr\u00e9er une marque forte et impactante qui exprime sa singularit\u00e9.&#8221;<\/p>\n<p>Cette permanence a pour objectif de vous accompagner dans la phase d&#8217;enqu\u00eate pr\u00e9alable au positionnement d&#8217;une marque, dans la d\u00e9finition de son territoire d&#8217;expression, de son identit\u00e9 et de son storytelling.<\/p>\n<p><strong>Intervenant.e : Alexandra Robert<\/strong> de l&#8217;agence LesLieuxDits<\/p>\n<p>Je suis designer de formation et experte en \u00e9tudes s\u00e9miotique appliqu\u00e9es au marketing et \u00e0 la marque. Pendant plus de 18 ans, j&#8217;ai \u00e9t\u00e9 directrice artistique et responsable communication pour des marques grand public. Je suis la fondatrice de l&#8217;agence LesLieuxDits, un r\u00e9seau de consultants pluri-disciplinaires qui accompagne les dirigeant.e.s de tout type de structures dans le d\u00e9veloppement et la transformation de leurs activit\u00e9s.<\/p>\n<p>Notre principale force : une envie collective de partager nos savoirs et de faciliter l\u2019\u00e9mergence de projets qui fa\u00e7onnent une \u00e9conomie plus durable.<\/p>\n<p>Domaines d&#8217;expertise : &gt; la relation entre le projet, l&#8217;offre et son &#8220;&#8221;public&#8221;&#8221;, autrement dit : le sens et la valorisation &gt; la collaboration, le collectif, les contributions, la cr\u00e9ativit\u00e9 pour trouver des solutions qui collent aux sujets et aux moyens, autrement dit : le design de solutions et la facilitation.<\/p>\n<p><strong>Pr\u00e9-requis<\/strong> : Aucun<\/p>\n<p><strong>Son super pouvoir<\/strong> : La p\u00e9dagogie cr\u00e9ative<\/p>\n<p><strong>Son petit mot<\/strong> : Osez bricoler, exp\u00e9rimenter, tester les possibilit\u00e9s.<\/p>\n<p><strong>Attention !<\/strong> Veuillez vous pr\u00e9senter \u00e0 l&#8217;heure pour que l&#8217;activit\u00e9 puisse commencer \u00e0 temps. Si vous avez du retard veuillez pr\u00e9venir l&#8217;intervenant.e. Si vous avez plus de 15 min de retard l&#8217;intervenant.e se r\u00e9serve le droit de ne plus vous accepter pour le coaching ou l&#8217;atelier.<\/p>\n<p>&nbsp;<\/p>\n","protected":false},"excerpt":{"rendered":"<p><span data-sheets-value=\"{&quot;1&quot;:2,&quot;2&quot;:&quot;Besoin : nVous avez \u00e9bauch\u00e9 une offre (\u00e0 partir d'un produit ou service) et vous avez des questions sans r\u00e9ponse : est-ce que la proposition de valeur est pertinente ? comment approfondir l'\u00e9tude de march\u00e9 et tester l'offre ? Quels sont les bons canaux pour toucher vos cibles ? Quel prix fixer pour votre offre ? Comment la diffuser et la vendre au mieux ?nnPr\u00e9cisons ensemble et challengeons votre mod\u00e8le \u00e9conomique pour faire progresser votre projet. En une heure, nous travaillerons ensemble sur quelques raisonnements et outils simples pour r\u00e9pondre \u00e0 vos questions concernant la mod\u00e9lisation \u00e9conomique, en lien avec la raison d'\u00eatre et la vision de votre projet. nVous ressortirez de cet accompagnement avec des pistes pour d\u00e9velopper votre activit\u00e9 tout en ayant une bonne ma\u00eetrise des logiques \u00e9conomiques, ou avec une feuille de route pr\u00eate \u00e0 l'emploi, selon votre besoin.nnNB : Cette permanence est particuli\u00e8rement adapt\u00e9e si vous avez particip\u00e9 en amont aux ateliers &quot;Mod\u00e9liser, prototyper et tester son offre&quot; et\/ou &quot;Mod\u00e8le \u00e9conomique et viabilit\u00e9&quot;.nnAvant la session, n'h\u00e9sitez pas \u00e0 envoyer vos questions pr\u00e9cises (si vous en avez), ou tout autre document utile \u00e0 l'\u00e9quipe d'accompagnement Empow'Her, qui pourra les transmettre \u00e0 l'\u00e9quipe de plus1 pour pr\u00e9parer au mieux votre \u00e9change ! nnLieu : En lignenRendez-vous en ligne, le lien Zoom vous sera envoy\u00e9 dans un second temps.nnAttention ! Veuillez vous pr\u00e9senter \u00e0 l'heure pour que l'activit\u00e9 puisse commencer \u00e0 temps. Si vous avez du retard veuillez pr\u00e9venir l'intervenant.e. Si vous avez plus de 15 min de retard l'intervenant.e se r\u00e9serve le droit de ne plus vous accepter pour le coaching ou l'atelier.&quot;}\" data-sheets-userformat=\"{&quot;2&quot;:4995,&quot;3&quot;:{&quot;1&quot;:0},&quot;4&quot;:{&quot;1&quot;:2,&quot;2&quot;:16773836},&quot;10&quot;:1,&quot;11&quot;:4,&quot;12&quot;:0,&quot;15&quot;:&quot;Hind&quot;}\"><b>Description <\/b>:<\/span><\/p>\n<p>&#8220;J&#8217;ai besoin de cr\u00e9er une marque forte et impactante qui exprime sa singularit\u00e9.&#8221;<\/p>\n<p>Cette permanence a pour objectif de vous accompagner dans la phase d&#8217;enqu\u00eate pr\u00e9alable au positionnement d&#8217;une marque, dans la d\u00e9finition de son territoire d&#8217;expression, de son identit\u00e9 et de son storytelling.<\/p>\n<p><strong>Intervenant.e : Alexandra Robert<\/strong> de l&#8217;agence LesLieuxDits<\/p>\n<p>Je suis designer de formation et experte en \u00e9tudes s\u00e9miotique appliqu\u00e9es au marketing et \u00e0 la marque. Pendant plus de 18 ans, j&#8217;ai \u00e9t\u00e9 directrice artistique et responsable communication pour des marques grand public. Je suis la fondatrice de l&#8217;agence LesLieuxDits, un r\u00e9seau de consultants pluri-disciplinaires qui accompagne les dirigeant.e.s de tout type de structures dans le d\u00e9veloppement et la transformation de leurs activit\u00e9s.<\/p>\n<p>Notre principale force : une envie collective de partager nos savoirs et de faciliter l\u2019\u00e9mergence de projets qui fa\u00e7onnent une \u00e9conomie plus durable.<\/p>\n<p>Domaines d&#8217;expertise : &gt; la relation entre le projet, l&#8217;offre et son &#8220;&#8221;public&#8221;&#8221;, autrement dit : le sens et la valorisation &gt; la collaboration, le collectif, les contributions, la cr\u00e9ativit\u00e9 pour trouver des solutions qui collent aux sujets et aux moyens, autrement dit : le design de solutions et la facilitation.<\/p>\n<p><strong>Pr\u00e9-requis<\/strong> : Aucun<\/p>\n<p><strong>Son super pouvoir<\/strong> : La p\u00e9dagogie cr\u00e9ative<\/p>\n<p><strong>Son petit mot<\/strong> : Osez bricoler, exp\u00e9rimenter, tester les possibilit\u00e9s.<\/p>\n<p><strong>Attention !<\/strong> Veuillez vous pr\u00e9senter \u00e0 l&#8217;heure pour que l&#8217;activit\u00e9 puisse commencer \u00e0 temps. Si vous avez du retard veuillez pr\u00e9venir l&#8217;intervenant.e. Si vous avez plus de 15 min de retard l&#8217;intervenant.e se r\u00e9serve le droit de ne plus vous accepter pour le coaching ou l&#8217;atelier.<\/p>\n","protected":false},"featured_media":187850,"template":"","format":"standard","meta":{"_acf_changed":false,"om_disable_all_campaigns":false,"_uf_show_specific_survey":0,"_uf_disable_surveys":false},"product_brand":[],"product_cat":[121],"product_tag":[],"lieu":[125],"thematiques":[],"class_list":{"0":"post-187808","1":"product","2":"type-product","3":"status-publish","4":"format-standard","5":"has-post-thumbnail","7":"product_cat-coaching","8":"lieu-en-ligne","10":"first","11":"instock","12":"virtual","13":"purchasable","14":"product-type-appointment"},"exclude_global_add_ons":[],"addons":[],"acf":[],"yoast_head":"<!-- This site is optimized with the Yoast SEO plugin v24.8 - https:\/\/yoast.com\/wordpress\/plugins\/seo\/ -->\n<title>Coaching - Storytelling &amp; la marque - Empow&#039;Her<\/title>\n<meta name=\"robots\" content=\"index, follow, max-snippet:-1, max-image-preview:large, max-video-preview:-1\" \/>\n<link rel=\"canonical\" href=\"https:\/\/empow-her.com\/produit\/storytelling-la-marque-2\/\" \/>\n<meta property=\"og:locale\" content=\"es_ES\" \/>\n<meta property=\"og:type\" content=\"article\" \/>\n<meta property=\"og:title\" content=\"Coaching - Storytelling &amp; la marque - Empow&#039;Her\" \/>\n<meta property=\"og:description\" content=\"Description :  &quot;J&#039;ai besoin de cr\u00e9er une marque forte et impactante qui exprime sa singularit\u00e9.&quot;  Cette permanence a pour objectif de vous accompagner dans la phase d&#039;enqu\u00eate pr\u00e9alable au positionnement d&#039;une marque, dans la d\u00e9finition de son territoire d&#039;expression, de son identit\u00e9 et de son storytelling.  Intervenant.e : Alexandra Robert de l&#039;agence LesLieuxDits  Je suis designer de formation et experte en \u00e9tudes s\u00e9miotique appliqu\u00e9es au marketing et \u00e0 la marque. Pendant plus de 18 ans, j&#039;ai \u00e9t\u00e9 directrice artistique et responsable communication pour des marques grand public. Je suis la fondatrice de l&#039;agence LesLieuxDits, un r\u00e9seau de consultants pluri-disciplinaires qui accompagne les dirigeant.e.s de tout type de structures dans le d\u00e9veloppement et la transformation de leurs activit\u00e9s.  Notre principale force : une envie collective de partager nos savoirs et de faciliter l\u2019\u00e9mergence de projets qui fa\u00e7onnent une \u00e9conomie plus durable.  Domaines d&#039;expertise : &gt; la relation entre le projet, l&#039;offre et son &quot;&quot;public&quot;&quot;, autrement dit : le sens et la valorisation &gt; la collaboration, le collectif, les contributions, la cr\u00e9ativit\u00e9 pour trouver des solutions qui collent aux sujets et aux moyens, autrement dit : le design de solutions et la facilitation.  Pr\u00e9-requis : Aucun  Son super pouvoir : La p\u00e9dagogie cr\u00e9ative  Son petit mot : Osez bricoler, exp\u00e9rimenter, tester les possibilit\u00e9s.  Attention ! Veuillez vous pr\u00e9senter \u00e0 l&#039;heure pour que l&#039;activit\u00e9 puisse commencer \u00e0 temps. Si vous avez du retard veuillez pr\u00e9venir l&#039;intervenant.e. Si vous avez plus de 15 min de retard l&#039;intervenant.e se r\u00e9serve le droit de ne plus vous accepter pour le coaching ou l&#039;atelier.\" \/>\n<meta property=\"og:url\" content=\"https:\/\/empow-her.com\/produit\/storytelling-la-marque-2\/\" \/>\n<meta property=\"og:site_name\" content=\"Empow&#039;Her\" \/>\n<meta property=\"article:modified_time\" content=\"2023-08-07T13:58:27+00:00\" \/>\n<meta property=\"og:image\" content=\"https:\/\/empow-her.com\/wp-content\/uploads\/2023\/08\/la-marque.png\" \/>\n\t<meta property=\"og:image:width\" content=\"1080\" \/>\n\t<meta property=\"og:image:height\" content=\"1080\" \/>\n\t<meta property=\"og:image:type\" content=\"image\/png\" \/>\n<meta name=\"twitter:card\" content=\"summary_large_image\" \/>\n<meta name=\"twitter:label1\" content=\"Tiempo de lectura\" \/>\n\t<meta name=\"twitter:data1\" content=\"2 minutos\" \/>\n<script type=\"application\/ld+json\" class=\"yoast-schema-graph\">{\"@context\":\"https:\/\/schema.org\",\"@graph\":[{\"@type\":\"WebPage\",\"@id\":\"https:\/\/empow-her.com\/produit\/storytelling-la-marque-2\/\",\"url\":\"https:\/\/empow-her.com\/produit\/storytelling-la-marque-2\/\",\"name\":\"Coaching - Storytelling & la marque - Empow&#039;Her\",\"isPartOf\":{\"@id\":\"https:\/\/empow-her.com\/#website\"},\"primaryImageOfPage\":{\"@id\":\"https:\/\/empow-her.com\/produit\/storytelling-la-marque-2\/#primaryimage\"},\"image\":{\"@id\":\"https:\/\/empow-her.com\/produit\/storytelling-la-marque-2\/#primaryimage\"},\"thumbnailUrl\":\"https:\/\/empow-her.com\/wp-content\/uploads\/2023\/08\/la-marque.png\",\"datePublished\":\"2023-08-07T09:38:39+00:00\",\"dateModified\":\"2023-08-07T13:58:27+00:00\",\"breadcrumb\":{\"@id\":\"https:\/\/empow-her.com\/produit\/storytelling-la-marque-2\/#breadcrumb\"},\"inLanguage\":\"es\",\"potentialAction\":[{\"@type\":\"ReadAction\",\"target\":[\"https:\/\/empow-her.com\/produit\/storytelling-la-marque-2\/\"]}]},{\"@type\":\"ImageObject\",\"inLanguage\":\"es\",\"@id\":\"https:\/\/empow-her.com\/produit\/storytelling-la-marque-2\/#primaryimage\",\"url\":\"https:\/\/empow-her.com\/wp-content\/uploads\/2023\/08\/la-marque.png\",\"contentUrl\":\"https:\/\/empow-her.com\/wp-content\/uploads\/2023\/08\/la-marque.png\",\"width\":1080,\"height\":1080},{\"@type\":\"BreadcrumbList\",\"@id\":\"https:\/\/empow-her.com\/produit\/storytelling-la-marque-2\/#breadcrumb\",\"itemListElement\":[{\"@type\":\"ListItem\",\"position\":1,\"name\":\"Accueil\",\"item\":\"https:\/\/empow-her.com\/es\/inicio\/\"},{\"@type\":\"ListItem\",\"position\":2,\"name\":\"LA BOUTIQUE\",\"item\":\"https:\/\/empow-her.com\/boutique\/\"},{\"@type\":\"ListItem\",\"position\":3,\"name\":\"Coaching &#8211; Storytelling &#038; la marque\"}]},{\"@type\":\"WebSite\",\"@id\":\"https:\/\/empow-her.com\/#website\",\"url\":\"https:\/\/empow-her.com\/\",\"name\":\"Empow&#039;Her\",\"description\":\"Women Development\",\"potentialAction\":[{\"@type\":\"SearchAction\",\"target\":{\"@type\":\"EntryPoint\",\"urlTemplate\":\"https:\/\/empow-her.com\/?s={search_term_string}\"},\"query-input\":{\"@type\":\"PropertyValueSpecification\",\"valueRequired\":true,\"valueName\":\"search_term_string\"}}],\"inLanguage\":\"es\"}]}<\/script>\n<!-- \/ Yoast SEO plugin. -->","yoast_head_json":{"title":"Coaching - Storytelling & la marque - Empow&#039;Her","robots":{"index":"index","follow":"follow","max-snippet":"max-snippet:-1","max-image-preview":"max-image-preview:large","max-video-preview":"max-video-preview:-1"},"canonical":"https:\/\/empow-her.com\/produit\/storytelling-la-marque-2\/","og_locale":"es_ES","og_type":"article","og_title":"Coaching - Storytelling & la marque - Empow&#039;Her","og_description":"Description :  \"J'ai besoin de cr\u00e9er une marque forte et impactante qui exprime sa singularit\u00e9.\"  Cette permanence a pour objectif de vous accompagner dans la phase d'enqu\u00eate pr\u00e9alable au positionnement d'une marque, dans la d\u00e9finition de son territoire d'expression, de son identit\u00e9 et de son storytelling.  Intervenant.e : Alexandra Robert de l'agence LesLieuxDits  Je suis designer de formation et experte en \u00e9tudes s\u00e9miotique appliqu\u00e9es au marketing et \u00e0 la marque. Pendant plus de 18 ans, j'ai \u00e9t\u00e9 directrice artistique et responsable communication pour des marques grand public. Je suis la fondatrice de l'agence LesLieuxDits, un r\u00e9seau de consultants pluri-disciplinaires qui accompagne les dirigeant.e.s de tout type de structures dans le d\u00e9veloppement et la transformation de leurs activit\u00e9s.  Notre principale force : une envie collective de partager nos savoirs et de faciliter l\u2019\u00e9mergence de projets qui fa\u00e7onnent une \u00e9conomie plus durable.  Domaines d'expertise : &gt; la relation entre le projet, l'offre et son \"\"public\"\", autrement dit : le sens et la valorisation &gt; la collaboration, le collectif, les contributions, la cr\u00e9ativit\u00e9 pour trouver des solutions qui collent aux sujets et aux moyens, autrement dit : le design de solutions et la facilitation.  Pr\u00e9-requis : Aucun  Son super pouvoir : La p\u00e9dagogie cr\u00e9ative  Son petit mot : Osez bricoler, exp\u00e9rimenter, tester les possibilit\u00e9s.  Attention ! Veuillez vous pr\u00e9senter \u00e0 l'heure pour que l'activit\u00e9 puisse commencer \u00e0 temps. Si vous avez du retard veuillez pr\u00e9venir l'intervenant.e. Si vous avez plus de 15 min de retard l'intervenant.e se r\u00e9serve le droit de ne plus vous accepter pour le coaching ou l'atelier.","og_url":"https:\/\/empow-her.com\/produit\/storytelling-la-marque-2\/","og_site_name":"Empow&#039;Her","article_modified_time":"2023-08-07T13:58:27+00:00","og_image":[{"width":1080,"height":1080,"url":"https:\/\/empow-her.com\/wp-content\/uploads\/2023\/08\/la-marque.png","type":"image\/png"}],"twitter_card":"summary_large_image","twitter_misc":{"Tiempo de lectura":"2 minutos"},"schema":{"@context":"https:\/\/schema.org","@graph":[{"@type":"WebPage","@id":"https:\/\/empow-her.com\/produit\/storytelling-la-marque-2\/","url":"https:\/\/empow-her.com\/produit\/storytelling-la-marque-2\/","name":"Coaching - Storytelling & la marque - Empow&#039;Her","isPartOf":{"@id":"https:\/\/empow-her.com\/#website"},"primaryImageOfPage":{"@id":"https:\/\/empow-her.com\/produit\/storytelling-la-marque-2\/#primaryimage"},"image":{"@id":"https:\/\/empow-her.com\/produit\/storytelling-la-marque-2\/#primaryimage"},"thumbnailUrl":"https:\/\/empow-her.com\/wp-content\/uploads\/2023\/08\/la-marque.png","datePublished":"2023-08-07T09:38:39+00:00","dateModified":"2023-08-07T13:58:27+00:00","breadcrumb":{"@id":"https:\/\/empow-her.com\/produit\/storytelling-la-marque-2\/#breadcrumb"},"inLanguage":"es","potentialAction":[{"@type":"ReadAction","target":["https:\/\/empow-her.com\/produit\/storytelling-la-marque-2\/"]}]},{"@type":"ImageObject","inLanguage":"es","@id":"https:\/\/empow-her.com\/produit\/storytelling-la-marque-2\/#primaryimage","url":"https:\/\/empow-her.com\/wp-content\/uploads\/2023\/08\/la-marque.png","contentUrl":"https:\/\/empow-her.com\/wp-content\/uploads\/2023\/08\/la-marque.png","width":1080,"height":1080},{"@type":"BreadcrumbList","@id":"https:\/\/empow-her.com\/produit\/storytelling-la-marque-2\/#breadcrumb","itemListElement":[{"@type":"ListItem","position":1,"name":"Accueil","item":"https:\/\/empow-her.com\/es\/inicio\/"},{"@type":"ListItem","position":2,"name":"LA BOUTIQUE","item":"https:\/\/empow-her.com\/boutique\/"},{"@type":"ListItem","position":3,"name":"Coaching &#8211; Storytelling &#038; la marque"}]},{"@type":"WebSite","@id":"https:\/\/empow-her.com\/#website","url":"https:\/\/empow-her.com\/","name":"Empow&#039;Her","description":"Women Development","potentialAction":[{"@type":"SearchAction","target":{"@type":"EntryPoint","urlTemplate":"https:\/\/empow-her.com\/?s={search_term_string}"},"query-input":{"@type":"PropertyValueSpecification","valueRequired":true,"valueName":"search_term_string"}}],"inLanguage":"es"}]}},"_links":{"self":[{"href":"https:\/\/empow-her.com\/es\/wp-json\/wp\/v2\/product\/187808","targetHints":{"allow":["GET"]}}],"collection":[{"href":"https:\/\/empow-her.com\/es\/wp-json\/wp\/v2\/product"}],"about":[{"href":"https:\/\/empow-her.com\/es\/wp-json\/wp\/v2\/types\/product"}],"wp:featuredmedia":[{"embeddable":true,"href":"https:\/\/empow-her.com\/es\/wp-json\/wp\/v2\/media\/187850"}],"wp:attachment":[{"href":"https:\/\/empow-her.com\/es\/wp-json\/wp\/v2\/media?parent=187808"}],"wp:term":[{"taxonomy":"product_brand","embeddable":true,"href":"https:\/\/empow-her.com\/es\/wp-json\/wp\/v2\/product_brand?post=187808"},{"taxonomy":"product_cat","embeddable":true,"href":"https:\/\/empow-her.com\/es\/wp-json\/wp\/v2\/product_cat?post=187808"},{"taxonomy":"product_tag","embeddable":true,"href":"https:\/\/empow-her.com\/es\/wp-json\/wp\/v2\/product_tag?post=187808"},{"taxonomy":"lieu","embeddable":true,"href":"https:\/\/empow-her.com\/es\/wp-json\/wp\/v2\/lieu?post=187808"},{"taxonomy":"thematiques","embeddable":true,"href":"https:\/\/empow-her.com\/es\/wp-json\/wp\/v2\/thematiques?post=187808"}],"curies":[{"name":"wp","href":"https:\/\/api.w.org\/{rel}","templated":true}]}}