{"id":179832,"date":"2023-07-05T12:24:52","date_gmt":"2023-07-05T10:24:52","guid":{"rendered":"https:\/\/empow-her.com\/?post_type=product&#038;p=179832"},"modified":"2023-07-05T12:33:56","modified_gmt":"2023-07-05T10:33:56","slug":"coaching-propriete-intellectuelle-4","status":"publish","type":"product","link":"https:\/\/empow-her.com\/es\/produit\/coaching-propriete-intellectuelle-4\/","title":{"rendered":"Coaching &#8211; Propri\u00e9t\u00e9 intellectuelle"},"content":{"rendered":"<p><b data-stringify-type=\"bold\">Propri\u00e9t\u00e9 intellectuelle :<\/b><br \/>\n<b data-stringify-type=\"bold\"><\/b><\/p>\n<p><b data-stringify-type=\"bold\">Description<\/b> : Un coaching individuel avec un.e avocat.e pour poser vos questions de propri\u00e9t\u00e9 intellectuelle :<br \/>\n&#8211; Introduction \u00e0 la propri\u00e9t\u00e9 intellectuelle<br \/>\n&#8211; Construction d\u2019une strat\u00e9gie de d\u00e9p\u00f4t de marque<br \/>\n&#8211; Protection des donn\u00e9es personnelles (RGPD)<\/p>\n<p><b data-stringify-type=\"bold\">Pr\u00e9-requis<\/b>\u00a0:<br \/>\nVous souhaitez vous inscrire \u00e0 cette session ? Merci d&#8217;indiquer votre besoin principal en remplissant ce questionnaire avant la session :\u00a0<a class=\"c-link\" tabindex=\"-1\" href=\"https:\/\/airtable.com\/shrbpqpYDX8WKP0gJ\" target=\"_blank\" rel=\"noopener noreferrer\" data-stringify-link=\"https:\/\/airtable.com\/shrbpqpYDX8WKP0gJ\" data-sk=\"tooltip_parent\" data-remove-tab-index=\"true\">https:\/\/airtable.com\/shrbpqpYDX8WKP0gJ<\/a> ou communiquez-le par mail \u00e0 votre r\u00e9f\u00e9rente Empow&#8217;Her : <a href=\"mailto:margaux.aubry@empow-her.com\">margaux.aubry@empow-her.com<\/a><\/p>\n<p><b data-stringify-type=\"bold\">Intervenant.e : Avocat du Barreau de Paris- Jim MICHEL-GABRIEL\u00a0<\/b><\/p>\n<p><b data-stringify-type=\"bold\">Dur\u00e9e<\/b>\u00a0: Un cr\u00e9neau de\u00a0<b data-stringify-type=\"bold\">1h en individuel en ligne<\/b><\/p>\n<p><b data-stringify-type=\"bold\">Attention !<\/b>\u00a0Veuillez vous pr\u00e9senter \u00e0 l\u2019heure pour que l\u2019activit\u00e9 puisse commencer \u00e0 temps. Si vous avez du retard veuillez pr\u00e9venir l\u2019intervenant.e. Si vous avez plus de 15 min de retard l\u2019intervenant.e se r\u00e9serve le droit de ne plus vous accepter pour le coaching ou l\u2019atelier.<\/p>\n","protected":false},"excerpt":{"rendered":"<p><b data-stringify-type=\"bold\">Propri\u00e9t\u00e9 intellectuelle :<\/b><br \/>\n<b data-stringify-type=\"bold\"><\/b><\/p>\n<p><b data-stringify-type=\"bold\">Description<\/b> : Un coaching individuel avec un.e avocat.e pour poser vos questions de propri\u00e9t\u00e9 intellectuelle :<br \/>\n&#8211; Introduction \u00e0 la propri\u00e9t\u00e9 intellectuelle<br \/>\n&#8211; Construction d\u2019une strat\u00e9gie de d\u00e9p\u00f4t de marque<br \/>\n&#8211; Protection des donn\u00e9es personnelles (RGPD)<\/p>\n<p><b data-stringify-type=\"bold\">Pr\u00e9-requis<\/b>\u00a0:<br \/>\nVous souhaitez vous inscrire \u00e0 cette session ? Merci d&#8217;indiquer votre besoin principal en remplissant ce questionnaire avant la session :\u00a0<a class=\"c-link\" tabindex=\"-1\" href=\"https:\/\/airtable.com\/shrbpqpYDX8WKP0gJ\" target=\"_blank\" rel=\"noopener noreferrer\" data-stringify-link=\"https:\/\/airtable.com\/shrbpqpYDX8WKP0gJ\" data-sk=\"tooltip_parent\" data-remove-tab-index=\"true\">https:\/\/airtable.com\/shrbpqpYDX8WKP0gJ<\/a> ou communiquez-le par mail \u00e0 votre r\u00e9f\u00e9rente Empow&#8217;Her : <a href=\"mailto:margaux.aubry@empow-her.com\">margaux.aubry@empow-her.com<\/a><\/p>\n<p><b data-stringify-type=\"bold\">Intervenant.e : Avocat du Barreau de Paris-Jim MICHEL-GABRIEL\u00a0<\/b><\/p>\n<p><b data-stringify-type=\"bold\">Dur\u00e9e<\/b>\u00a0: Un cr\u00e9neau de\u00a0<b data-stringify-type=\"bold\">1h en individuel en ligne<\/b><\/p>\n<p><b data-stringify-type=\"bold\">Attention !<\/b>\u00a0Veuillez vous pr\u00e9senter \u00e0 l\u2019heure pour que l\u2019activit\u00e9 puisse commencer \u00e0 temps. Si vous avez du retard veuillez pr\u00e9venir l\u2019intervenant.e. Si vous avez plus de 15 min de retard l\u2019intervenant.e se r\u00e9serve le droit de ne plus vous accepter pour le coaching ou l\u2019atelier.<\/p>\n","protected":false},"featured_media":179833,"template":"","format":"standard","meta":{"_acf_changed":false,"om_disable_all_campaigns":false,"_uf_show_specific_survey":0,"_uf_disable_surveys":false},"product_brand":[],"product_cat":[121],"product_tag":[],"lieu":[125],"thematiques":[],"class_list":{"0":"post-179832","1":"product","2":"type-product","3":"status-publish","4":"format-standard","5":"has-post-thumbnail","7":"product_cat-coaching","8":"lieu-en-ligne","10":"first","11":"instock","12":"virtual","13":"purchasable","14":"product-type-appointment"},"exclude_global_add_ons":[],"addons":[],"acf":[],"yoast_head":"<!-- This site is optimized with the Yoast SEO plugin v24.8 - https:\/\/yoast.com\/wordpress\/plugins\/seo\/ -->\n<title>Coaching - Propri\u00e9t\u00e9 intellectuelle - Empow&#039;Her<\/title>\n<meta name=\"robots\" content=\"index, follow, max-snippet:-1, max-image-preview:large, max-video-preview:-1\" \/>\n<link rel=\"canonical\" href=\"https:\/\/empow-her.com\/produit\/coaching-propriete-intellectuelle-4\/\" \/>\n<meta property=\"og:locale\" content=\"es_ES\" \/>\n<meta property=\"og:type\" content=\"article\" \/>\n<meta property=\"og:title\" content=\"Coaching - Propri\u00e9t\u00e9 intellectuelle - Empow&#039;Her\" \/>\n<meta property=\"og:description\" content=\"Propri\u00e9t\u00e9 intellectuelle :   Description : Un coaching individuel avec un.e avocat.e pour poser vos questions de propri\u00e9t\u00e9 intellectuelle : - Introduction \u00e0 la propri\u00e9t\u00e9 intellectuelle - Construction d\u2019une strat\u00e9gie de d\u00e9p\u00f4t de marque - Protection des donn\u00e9es personnelles (RGPD)  Pr\u00e9-requis\u00a0: Vous souhaitez vous inscrire \u00e0 cette session ? Merci d&#039;indiquer votre besoin principal en remplissant ce questionnaire avant la session :\u00a0https:\/\/airtable.com\/shrbpqpYDX8WKP0gJ ou communiquez-le par mail \u00e0 votre r\u00e9f\u00e9rente Empow&#039;Her : margaux.aubry@empow-her.com  Intervenant.e : Avocat du Barreau de Paris-Jim MICHEL-GABRIEL\u00a0  Dur\u00e9e\u00a0: Un cr\u00e9neau de\u00a01h en individuel en ligne  Attention !\u00a0Veuillez vous pr\u00e9senter \u00e0 l\u2019heure pour que l\u2019activit\u00e9 puisse commencer \u00e0 temps. Si vous avez du retard veuillez pr\u00e9venir l\u2019intervenant.e. Si vous avez plus de 15 min de retard l\u2019intervenant.e se r\u00e9serve le droit de ne plus vous accepter pour le coaching ou l\u2019atelier.\" \/>\n<meta property=\"og:url\" content=\"https:\/\/empow-her.com\/produit\/coaching-propriete-intellectuelle-4\/\" \/>\n<meta property=\"og:site_name\" content=\"Empow&#039;Her\" \/>\n<meta property=\"article:modified_time\" content=\"2023-07-05T10:33:56+00:00\" \/>\n<meta property=\"og:image\" content=\"https:\/\/empow-her.com\/wp-content\/uploads\/2023\/07\/Women-Dare-templates-events-5.png\" \/>\n\t<meta property=\"og:image:width\" content=\"1080\" \/>\n\t<meta property=\"og:image:height\" content=\"1080\" \/>\n\t<meta property=\"og:image:type\" content=\"image\/png\" \/>\n<meta name=\"twitter:card\" content=\"summary_large_image\" \/>\n<meta name=\"twitter:label1\" content=\"Tiempo de lectura\" \/>\n\t<meta name=\"twitter:data1\" content=\"1 minuto\" \/>\n<script type=\"application\/ld+json\" class=\"yoast-schema-graph\">{\"@context\":\"https:\/\/schema.org\",\"@graph\":[{\"@type\":\"WebPage\",\"@id\":\"https:\/\/empow-her.com\/produit\/coaching-propriete-intellectuelle-4\/\",\"url\":\"https:\/\/empow-her.com\/produit\/coaching-propriete-intellectuelle-4\/\",\"name\":\"Coaching - Propri\u00e9t\u00e9 intellectuelle - Empow&#039;Her\",\"isPartOf\":{\"@id\":\"https:\/\/empow-her.com\/#website\"},\"primaryImageOfPage\":{\"@id\":\"https:\/\/empow-her.com\/produit\/coaching-propriete-intellectuelle-4\/#primaryimage\"},\"image\":{\"@id\":\"https:\/\/empow-her.com\/produit\/coaching-propriete-intellectuelle-4\/#primaryimage\"},\"thumbnailUrl\":\"https:\/\/empow-her.com\/wp-content\/uploads\/2023\/07\/Women-Dare-templates-events-5.png\",\"datePublished\":\"2023-07-05T10:24:52+00:00\",\"dateModified\":\"2023-07-05T10:33:56+00:00\",\"breadcrumb\":{\"@id\":\"https:\/\/empow-her.com\/produit\/coaching-propriete-intellectuelle-4\/#breadcrumb\"},\"inLanguage\":\"es\",\"potentialAction\":[{\"@type\":\"ReadAction\",\"target\":[\"https:\/\/empow-her.com\/produit\/coaching-propriete-intellectuelle-4\/\"]}]},{\"@type\":\"ImageObject\",\"inLanguage\":\"es\",\"@id\":\"https:\/\/empow-her.com\/produit\/coaching-propriete-intellectuelle-4\/#primaryimage\",\"url\":\"https:\/\/empow-her.com\/wp-content\/uploads\/2023\/07\/Women-Dare-templates-events-5.png\",\"contentUrl\":\"https:\/\/empow-her.com\/wp-content\/uploads\/2023\/07\/Women-Dare-templates-events-5.png\",\"width\":1080,\"height\":1080},{\"@type\":\"BreadcrumbList\",\"@id\":\"https:\/\/empow-her.com\/produit\/coaching-propriete-intellectuelle-4\/#breadcrumb\",\"itemListElement\":[{\"@type\":\"ListItem\",\"position\":1,\"name\":\"Accueil\",\"item\":\"https:\/\/empow-her.com\/es\/inicio\/\"},{\"@type\":\"ListItem\",\"position\":2,\"name\":\"LA BOUTIQUE\",\"item\":\"https:\/\/empow-her.com\/boutique\/\"},{\"@type\":\"ListItem\",\"position\":3,\"name\":\"Coaching &#8211; Propri\u00e9t\u00e9 intellectuelle\"}]},{\"@type\":\"WebSite\",\"@id\":\"https:\/\/empow-her.com\/#website\",\"url\":\"https:\/\/empow-her.com\/\",\"name\":\"Empow&#039;Her\",\"description\":\"Women Development\",\"potentialAction\":[{\"@type\":\"SearchAction\",\"target\":{\"@type\":\"EntryPoint\",\"urlTemplate\":\"https:\/\/empow-her.com\/?s={search_term_string}\"},\"query-input\":{\"@type\":\"PropertyValueSpecification\",\"valueRequired\":true,\"valueName\":\"search_term_string\"}}],\"inLanguage\":\"es\"}]}<\/script>\n<!-- \/ Yoast SEO plugin. -->","yoast_head_json":{"title":"Coaching - Propri\u00e9t\u00e9 intellectuelle - Empow&#039;Her","robots":{"index":"index","follow":"follow","max-snippet":"max-snippet:-1","max-image-preview":"max-image-preview:large","max-video-preview":"max-video-preview:-1"},"canonical":"https:\/\/empow-her.com\/produit\/coaching-propriete-intellectuelle-4\/","og_locale":"es_ES","og_type":"article","og_title":"Coaching - Propri\u00e9t\u00e9 intellectuelle - Empow&#039;Her","og_description":"Propri\u00e9t\u00e9 intellectuelle :   Description : Un coaching individuel avec un.e avocat.e pour poser vos questions de propri\u00e9t\u00e9 intellectuelle : - Introduction \u00e0 la propri\u00e9t\u00e9 intellectuelle - Construction d\u2019une strat\u00e9gie de d\u00e9p\u00f4t de marque - Protection des donn\u00e9es personnelles (RGPD)  Pr\u00e9-requis\u00a0: Vous souhaitez vous inscrire \u00e0 cette session ? Merci d'indiquer votre besoin principal en remplissant ce questionnaire avant la session :\u00a0https:\/\/airtable.com\/shrbpqpYDX8WKP0gJ ou communiquez-le par mail \u00e0 votre r\u00e9f\u00e9rente Empow'Her : margaux.aubry@empow-her.com  Intervenant.e : Avocat du Barreau de Paris-Jim MICHEL-GABRIEL\u00a0  Dur\u00e9e\u00a0: Un cr\u00e9neau de\u00a01h en individuel en ligne  Attention !\u00a0Veuillez vous pr\u00e9senter \u00e0 l\u2019heure pour que l\u2019activit\u00e9 puisse commencer \u00e0 temps. Si vous avez du retard veuillez pr\u00e9venir l\u2019intervenant.e. Si vous avez plus de 15 min de retard l\u2019intervenant.e se r\u00e9serve le droit de ne plus vous accepter pour le coaching ou l\u2019atelier.","og_url":"https:\/\/empow-her.com\/produit\/coaching-propriete-intellectuelle-4\/","og_site_name":"Empow&#039;Her","article_modified_time":"2023-07-05T10:33:56+00:00","og_image":[{"width":1080,"height":1080,"url":"https:\/\/empow-her.com\/wp-content\/uploads\/2023\/07\/Women-Dare-templates-events-5.png","type":"image\/png"}],"twitter_card":"summary_large_image","twitter_misc":{"Tiempo de lectura":"1 minuto"},"schema":{"@context":"https:\/\/schema.org","@graph":[{"@type":"WebPage","@id":"https:\/\/empow-her.com\/produit\/coaching-propriete-intellectuelle-4\/","url":"https:\/\/empow-her.com\/produit\/coaching-propriete-intellectuelle-4\/","name":"Coaching - Propri\u00e9t\u00e9 intellectuelle - Empow&#039;Her","isPartOf":{"@id":"https:\/\/empow-her.com\/#website"},"primaryImageOfPage":{"@id":"https:\/\/empow-her.com\/produit\/coaching-propriete-intellectuelle-4\/#primaryimage"},"image":{"@id":"https:\/\/empow-her.com\/produit\/coaching-propriete-intellectuelle-4\/#primaryimage"},"thumbnailUrl":"https:\/\/empow-her.com\/wp-content\/uploads\/2023\/07\/Women-Dare-templates-events-5.png","datePublished":"2023-07-05T10:24:52+00:00","dateModified":"2023-07-05T10:33:56+00:00","breadcrumb":{"@id":"https:\/\/empow-her.com\/produit\/coaching-propriete-intellectuelle-4\/#breadcrumb"},"inLanguage":"es","potentialAction":[{"@type":"ReadAction","target":["https:\/\/empow-her.com\/produit\/coaching-propriete-intellectuelle-4\/"]}]},{"@type":"ImageObject","inLanguage":"es","@id":"https:\/\/empow-her.com\/produit\/coaching-propriete-intellectuelle-4\/#primaryimage","url":"https:\/\/empow-her.com\/wp-content\/uploads\/2023\/07\/Women-Dare-templates-events-5.png","contentUrl":"https:\/\/empow-her.com\/wp-content\/uploads\/2023\/07\/Women-Dare-templates-events-5.png","width":1080,"height":1080},{"@type":"BreadcrumbList","@id":"https:\/\/empow-her.com\/produit\/coaching-propriete-intellectuelle-4\/#breadcrumb","itemListElement":[{"@type":"ListItem","position":1,"name":"Accueil","item":"https:\/\/empow-her.com\/es\/inicio\/"},{"@type":"ListItem","position":2,"name":"LA BOUTIQUE","item":"https:\/\/empow-her.com\/boutique\/"},{"@type":"ListItem","position":3,"name":"Coaching &#8211; Propri\u00e9t\u00e9 intellectuelle"}]},{"@type":"WebSite","@id":"https:\/\/empow-her.com\/#website","url":"https:\/\/empow-her.com\/","name":"Empow&#039;Her","description":"Women Development","potentialAction":[{"@type":"SearchAction","target":{"@type":"EntryPoint","urlTemplate":"https:\/\/empow-her.com\/?s={search_term_string}"},"query-input":{"@type":"PropertyValueSpecification","valueRequired":true,"valueName":"search_term_string"}}],"inLanguage":"es"}]}},"_links":{"self":[{"href":"https:\/\/empow-her.com\/es\/wp-json\/wp\/v2\/product\/179832","targetHints":{"allow":["GET"]}}],"collection":[{"href":"https:\/\/empow-her.com\/es\/wp-json\/wp\/v2\/product"}],"about":[{"href":"https:\/\/empow-her.com\/es\/wp-json\/wp\/v2\/types\/product"}],"wp:featuredmedia":[{"embeddable":true,"href":"https:\/\/empow-her.com\/es\/wp-json\/wp\/v2\/media\/179833"}],"wp:attachment":[{"href":"https:\/\/empow-her.com\/es\/wp-json\/wp\/v2\/media?parent=179832"}],"wp:term":[{"taxonomy":"product_brand","embeddable":true,"href":"https:\/\/empow-her.com\/es\/wp-json\/wp\/v2\/product_brand?post=179832"},{"taxonomy":"product_cat","embeddable":true,"href":"https:\/\/empow-her.com\/es\/wp-json\/wp\/v2\/product_cat?post=179832"},{"taxonomy":"product_tag","embeddable":true,"href":"https:\/\/empow-her.com\/es\/wp-json\/wp\/v2\/product_tag?post=179832"},{"taxonomy":"lieu","embeddable":true,"href":"https:\/\/empow-her.com\/es\/wp-json\/wp\/v2\/lieu?post=179832"},{"taxonomy":"thematiques","embeddable":true,"href":"https:\/\/empow-her.com\/es\/wp-json\/wp\/v2\/thematiques?post=179832"}],"curies":[{"name":"wp","href":"https:\/\/api.w.org\/{rel}","templated":true}]}}