{"id":176629,"date":"2023-06-22T15:42:29","date_gmt":"2023-06-22T13:42:29","guid":{"rendered":"https:\/\/empow-her.com\/?post_type=product&#038;p=176629"},"modified":"2023-06-22T15:46:53","modified_gmt":"2023-06-22T13:46:53","slug":"new-coaching-strategie-de-communication-digitale-5","status":"publish","type":"product","link":"https:\/\/empow-her.com\/es\/produit\/new-coaching-strategie-de-communication-digitale-5\/","title":{"rendered":"NEW &#8211; Coaching &#8211; Strat\u00e9gie de communication &#038; Strat\u00e9gie digitale"},"content":{"rendered":"<p>Permanence pour conseiller et faire avancer les actions visant \u00e0 :<\/p>\n<p>\u2022 Mettre en place sa strat\u00e9gie de communication digitale<\/p>\n<p>\u2022 D\u00e9finir une ligne \u00e9ditoriale et calendrier \u00e9ditorial<\/p>\n<p>\u2022 Cr\u00e9er et structurer ses contenus en fonction des diff\u00e9rents canaux \u2013 Initier et nourrir une relation de qualit\u00e9<\/p>\n<p>\u2022 UX Writing : concevoir une exp\u00e9rience client qui passe par les mots<\/p>\n<p>\u2022 Cr\u00e9er ses visuels et s\u00e9lectionner les codes visuels appropri\u00e9s<\/p>\n<p>\u2022 Etre visible et toucher atteindre son\/ses audience.s<\/p>\n<p>\u2022 Animer une communaut\u00e9 \u2022 Les relais d\u2019influence<\/p>\n<p>\u2022 Mettre en place des KPI<\/p>\n<p><strong>Pr\u00e9-requis<\/strong> : Aucun<\/p>\n<p><strong> Intervenant.e<\/strong> : Alexandra Robert de l\u2019agence LesLieuxdits<\/p>\n<p>Designer de formation, experte en \u00e9tudes s\u00e9miotique appliqu\u00e9es au marketing, \u00e0 la marque et au business apr\u00e8s avoir \u00e9t\u00e9 directrice artistique et responsable communication pour des marques grand public durant plus de 18 ans. Alexandra est la fondatrice de l\u2019agence LesLieuxDits qui accompagne les dirigeants dans le d\u00e9veloppement d\u2019activit\u00e9s \u00e9conomiques plus responsables et cheffe d\u2019une famille de 3 enfants.<\/p>\n<p>Domaines d\u2019expertise :<\/p>\n<p>&gt; la relation entre le projet, l\u2019offre et son \u201cpublic\u201d, autrement dit : le sens et la valorisation<\/p>\n<p>&gt; la collaboration, le collectif, les contributions, la cr\u00e9ativit\u00e9 pour trouver des solutions qui collent aux sujets et aux moyens, autrement dit : le design de solutions et la facilitation.<\/p>\n<p><strong> Son super pouvoir<\/strong> : Facilitatrice de d\u00e9veloppement cr\u00e9atif et signifiant<\/p>\n<p><strong>Son petit mot<\/strong> : Osez bricoler, exp\u00e9rimenter, tester les possibilit\u00e9s.<\/p>\n<p><strong>Dur\u00e9e :<\/strong> 1h en ligne<\/p>\n<p><strong>Attention<\/strong> ! Veuillez vous pr\u00e9senter \u00e0 l\u2019heure pour que l\u2019activit\u00e9 puisse commencer \u00e0 temps. Si vous avez du retard veuillez pr\u00e9venir l\u2019intervenant.e. Si vous avez plus de 15 min de retard l\u2019intervenant.e se r\u00e9serve le droit de ne pas vous accepter pour le coaching ou l\u2019atelier.<\/p>\n","protected":false},"excerpt":{"rendered":"<p>Permanence pour conseiller et faire avancer les actions visant \u00e0 :<\/p>\n<p>\u2022 Mettre en place sa strat\u00e9gie de communication digitale<\/p>\n<p>\u2022 D\u00e9finir une ligne \u00e9ditoriale et calendrier \u00e9ditorial<\/p>\n<p>\u2022 Cr\u00e9er et structurer ses contenus en fonction des diff\u00e9rents canaux \u2013 Initier et nourrir une relation de qualit\u00e9<\/p>\n<p>\u2022 UX Writing : concevoir une exp\u00e9rience client qui passe par les mots<\/p>\n<p>\u2022 Cr\u00e9er ses visuels et s\u00e9lectionner les codes visuels appropri\u00e9s<\/p>\n<p>\u2022 Etre visible et toucher atteindre son\/ses audience.s<\/p>\n<p>\u2022 Animer une communaut\u00e9<\/p>\n<p>\u2022 Les relais d\u2019influence<\/p>\n<p>\u2022 Mettre en place des KPI<\/p>\n<p><strong>Pr\u00e9-requis<\/strong> : Aucun<\/p>\n<p><strong> Intervenant.e<\/strong> : Alexandra Robert de l\u2019agence LesLieuxdits<\/p>\n<p>Designer de formation, experte en \u00e9tudes s\u00e9miotique appliqu\u00e9es au marketing, \u00e0 la marque et au business apr\u00e8s avoir \u00e9t\u00e9 directrice artistique et responsable communication pour des marques grand public durant plus de 18 ans. Alexandra est la fondatrice de l\u2019agence LesLieuxDits qui accompagne les dirigeants dans le d\u00e9veloppement d\u2019activit\u00e9s \u00e9conomiques plus responsables et cheffe d\u2019une famille de 3 enfants.<\/p>\n<p>Domaines d\u2019expertise :<\/p>\n<p>&gt; la relation entre le projet, l\u2019offre et son \u201cpublic\u201d, autrement dit : le sens et la valorisation<\/p>\n<p>&gt; la collaboration, le collectif, les contributions, la cr\u00e9ativit\u00e9 pour trouver des solutions qui collent aux sujets et aux moyens, autrement dit : le design de solutions et la facilitation.<\/p>\n<p><strong> Son super pouvoir<\/strong> : Facilitatrice de d\u00e9veloppement cr\u00e9atif et signifiant<\/p>\n<p><strong>Son petit mot<\/strong> : Osez bricoler, exp\u00e9rimenter, tester les possibilit\u00e9s.<\/p>\n<p><strong>Dur\u00e9e :<\/strong> 1h en ligne<\/p>\n<p><strong>Attention<\/strong> ! Veuillez vous pr\u00e9senter \u00e0 l\u2019heure pour que l\u2019activit\u00e9 puisse commencer \u00e0 temps. Si vous avez du retard veuillez pr\u00e9venir l\u2019intervenant.e. Si vous avez plus de 15 min de retard l\u2019intervenant.e se r\u00e9serve le droit de ne pas vous accepter pour le coaching ou l\u2019atelier.<\/p>\n","protected":false},"featured_media":176630,"template":"","format":"standard","meta":{"_acf_changed":false,"om_disable_all_campaigns":false,"_uf_show_specific_survey":0,"_uf_disable_surveys":false},"product_brand":[],"product_cat":[121],"product_tag":[],"lieu":[125],"thematiques":[],"class_list":{"0":"post-176629","1":"product","2":"type-product","3":"status-publish","4":"format-standard","5":"has-post-thumbnail","7":"product_cat-coaching","8":"lieu-en-ligne","10":"first","11":"instock","12":"virtual","13":"purchasable","14":"product-type-appointment"},"exclude_global_add_ons":[],"addons":[],"acf":[],"yoast_head":"<!-- This site is optimized with the Yoast SEO plugin v24.8 - https:\/\/yoast.com\/wordpress\/plugins\/seo\/ -->\n<title>NEW - Coaching - Strat\u00e9gie de communication &amp; Strat\u00e9gie digitale - Empow&#039;Her<\/title>\n<meta name=\"robots\" content=\"index, follow, max-snippet:-1, max-image-preview:large, max-video-preview:-1\" \/>\n<link rel=\"canonical\" href=\"https:\/\/empow-her.com\/produit\/new-coaching-strategie-de-communication-digitale-5\/\" \/>\n<meta property=\"og:locale\" content=\"es_ES\" \/>\n<meta property=\"og:type\" content=\"article\" \/>\n<meta property=\"og:title\" content=\"NEW - Coaching - Strat\u00e9gie de communication &amp; Strat\u00e9gie digitale - Empow&#039;Her\" \/>\n<meta property=\"og:description\" content=\"Permanence pour conseiller et faire avancer les actions visant \u00e0 :  \u2022 Mettre en place sa strat\u00e9gie de communication digitale  \u2022 D\u00e9finir une ligne \u00e9ditoriale et calendrier \u00e9ditorial  \u2022 Cr\u00e9er et structurer ses contenus en fonction des diff\u00e9rents canaux \u2013 Initier et nourrir une relation de qualit\u00e9  \u2022 UX Writing : concevoir une exp\u00e9rience client qui passe par les mots  \u2022 Cr\u00e9er ses visuels et s\u00e9lectionner les codes visuels appropri\u00e9s  \u2022 Etre visible et toucher atteindre son\/ses audience.s  \u2022 Animer une communaut\u00e9  \u2022 Les relais d\u2019influence  \u2022 Mettre en place des KPI  Pr\u00e9-requis : Aucun   Intervenant.e : Alexandra Robert de l\u2019agence LesLieuxdits  Designer de formation, experte en \u00e9tudes s\u00e9miotique appliqu\u00e9es au marketing, \u00e0 la marque et au business apr\u00e8s avoir \u00e9t\u00e9 directrice artistique et responsable communication pour des marques grand public durant plus de 18 ans. Alexandra est la fondatrice de l\u2019agence LesLieuxDits qui accompagne les dirigeants dans le d\u00e9veloppement d\u2019activit\u00e9s \u00e9conomiques plus responsables et cheffe d\u2019une famille de 3 enfants.  Domaines d\u2019expertise :  &gt; la relation entre le projet, l\u2019offre et son \u201cpublic\u201d, autrement dit : le sens et la valorisation  &gt; la collaboration, le collectif, les contributions, la cr\u00e9ativit\u00e9 pour trouver des solutions qui collent aux sujets et aux moyens, autrement dit : le design de solutions et la facilitation.   Son super pouvoir : Facilitatrice de d\u00e9veloppement cr\u00e9atif et signifiant  Son petit mot : Osez bricoler, exp\u00e9rimenter, tester les possibilit\u00e9s.  Dur\u00e9e : 1h en ligne  Attention ! Veuillez vous pr\u00e9senter \u00e0 l\u2019heure pour que l\u2019activit\u00e9 puisse commencer \u00e0 temps. Si vous avez du retard veuillez pr\u00e9venir l\u2019intervenant.e. Si vous avez plus de 15 min de retard l\u2019intervenant.e se r\u00e9serve le droit de ne pas vous accepter pour le coaching ou l\u2019atelier.\" \/>\n<meta property=\"og:url\" content=\"https:\/\/empow-her.com\/produit\/new-coaching-strategie-de-communication-digitale-5\/\" \/>\n<meta property=\"og:site_name\" content=\"Empow&#039;Her\" \/>\n<meta property=\"article:modified_time\" content=\"2023-06-22T13:46:53+00:00\" \/>\n<meta property=\"og:image\" content=\"https:\/\/empow-her.com\/wp-content\/uploads\/2023\/06\/Women-Dare-templates-events-2023-06-22T154300.719.png\" \/>\n\t<meta property=\"og:image:width\" content=\"1080\" \/>\n\t<meta property=\"og:image:height\" content=\"1080\" \/>\n\t<meta property=\"og:image:type\" content=\"image\/png\" \/>\n<meta name=\"twitter:card\" content=\"summary_large_image\" \/>\n<meta name=\"twitter:label1\" content=\"Tiempo de lectura\" \/>\n\t<meta name=\"twitter:data1\" content=\"2 minutos\" \/>\n<script type=\"application\/ld+json\" class=\"yoast-schema-graph\">{\"@context\":\"https:\/\/schema.org\",\"@graph\":[{\"@type\":\"WebPage\",\"@id\":\"https:\/\/empow-her.com\/produit\/new-coaching-strategie-de-communication-digitale-5\/\",\"url\":\"https:\/\/empow-her.com\/produit\/new-coaching-strategie-de-communication-digitale-5\/\",\"name\":\"NEW - Coaching - Strat\u00e9gie de communication & Strat\u00e9gie digitale - Empow&#039;Her\",\"isPartOf\":{\"@id\":\"https:\/\/empow-her.com\/#website\"},\"primaryImageOfPage\":{\"@id\":\"https:\/\/empow-her.com\/produit\/new-coaching-strategie-de-communication-digitale-5\/#primaryimage\"},\"image\":{\"@id\":\"https:\/\/empow-her.com\/produit\/new-coaching-strategie-de-communication-digitale-5\/#primaryimage\"},\"thumbnailUrl\":\"https:\/\/empow-her.com\/wp-content\/uploads\/2023\/06\/Women-Dare-templates-events-2023-06-22T154300.719.png\",\"datePublished\":\"2023-06-22T13:42:29+00:00\",\"dateModified\":\"2023-06-22T13:46:53+00:00\",\"breadcrumb\":{\"@id\":\"https:\/\/empow-her.com\/produit\/new-coaching-strategie-de-communication-digitale-5\/#breadcrumb\"},\"inLanguage\":\"es\",\"potentialAction\":[{\"@type\":\"ReadAction\",\"target\":[\"https:\/\/empow-her.com\/produit\/new-coaching-strategie-de-communication-digitale-5\/\"]}]},{\"@type\":\"ImageObject\",\"inLanguage\":\"es\",\"@id\":\"https:\/\/empow-her.com\/produit\/new-coaching-strategie-de-communication-digitale-5\/#primaryimage\",\"url\":\"https:\/\/empow-her.com\/wp-content\/uploads\/2023\/06\/Women-Dare-templates-events-2023-06-22T154300.719.png\",\"contentUrl\":\"https:\/\/empow-her.com\/wp-content\/uploads\/2023\/06\/Women-Dare-templates-events-2023-06-22T154300.719.png\",\"width\":1080,\"height\":1080},{\"@type\":\"BreadcrumbList\",\"@id\":\"https:\/\/empow-her.com\/produit\/new-coaching-strategie-de-communication-digitale-5\/#breadcrumb\",\"itemListElement\":[{\"@type\":\"ListItem\",\"position\":1,\"name\":\"Accueil\",\"item\":\"https:\/\/empow-her.com\/es\/inicio\/\"},{\"@type\":\"ListItem\",\"position\":2,\"name\":\"LA BOUTIQUE\",\"item\":\"https:\/\/empow-her.com\/boutique\/\"},{\"@type\":\"ListItem\",\"position\":3,\"name\":\"NEW &#8211; Coaching &#8211; Strat\u00e9gie de communication &#038; Strat\u00e9gie digitale\"}]},{\"@type\":\"WebSite\",\"@id\":\"https:\/\/empow-her.com\/#website\",\"url\":\"https:\/\/empow-her.com\/\",\"name\":\"Empow&#039;Her\",\"description\":\"Women Development\",\"potentialAction\":[{\"@type\":\"SearchAction\",\"target\":{\"@type\":\"EntryPoint\",\"urlTemplate\":\"https:\/\/empow-her.com\/?s={search_term_string}\"},\"query-input\":{\"@type\":\"PropertyValueSpecification\",\"valueRequired\":true,\"valueName\":\"search_term_string\"}}],\"inLanguage\":\"es\"}]}<\/script>\n<!-- \/ Yoast SEO plugin. -->","yoast_head_json":{"title":"NEW - Coaching - Strat\u00e9gie de communication & Strat\u00e9gie digitale - Empow&#039;Her","robots":{"index":"index","follow":"follow","max-snippet":"max-snippet:-1","max-image-preview":"max-image-preview:large","max-video-preview":"max-video-preview:-1"},"canonical":"https:\/\/empow-her.com\/produit\/new-coaching-strategie-de-communication-digitale-5\/","og_locale":"es_ES","og_type":"article","og_title":"NEW - Coaching - Strat\u00e9gie de communication & Strat\u00e9gie digitale - Empow&#039;Her","og_description":"Permanence pour conseiller et faire avancer les actions visant \u00e0 :  \u2022 Mettre en place sa strat\u00e9gie de communication digitale  \u2022 D\u00e9finir une ligne \u00e9ditoriale et calendrier \u00e9ditorial  \u2022 Cr\u00e9er et structurer ses contenus en fonction des diff\u00e9rents canaux \u2013 Initier et nourrir une relation de qualit\u00e9  \u2022 UX Writing : concevoir une exp\u00e9rience client qui passe par les mots  \u2022 Cr\u00e9er ses visuels et s\u00e9lectionner les codes visuels appropri\u00e9s  \u2022 Etre visible et toucher atteindre son\/ses audience.s  \u2022 Animer une communaut\u00e9  \u2022 Les relais d\u2019influence  \u2022 Mettre en place des KPI  Pr\u00e9-requis : Aucun   Intervenant.e : Alexandra Robert de l\u2019agence LesLieuxdits  Designer de formation, experte en \u00e9tudes s\u00e9miotique appliqu\u00e9es au marketing, \u00e0 la marque et au business apr\u00e8s avoir \u00e9t\u00e9 directrice artistique et responsable communication pour des marques grand public durant plus de 18 ans. Alexandra est la fondatrice de l\u2019agence LesLieuxDits qui accompagne les dirigeants dans le d\u00e9veloppement d\u2019activit\u00e9s \u00e9conomiques plus responsables et cheffe d\u2019une famille de 3 enfants.  Domaines d\u2019expertise :  &gt; la relation entre le projet, l\u2019offre et son \u201cpublic\u201d, autrement dit : le sens et la valorisation  &gt; la collaboration, le collectif, les contributions, la cr\u00e9ativit\u00e9 pour trouver des solutions qui collent aux sujets et aux moyens, autrement dit : le design de solutions et la facilitation.   Son super pouvoir : Facilitatrice de d\u00e9veloppement cr\u00e9atif et signifiant  Son petit mot : Osez bricoler, exp\u00e9rimenter, tester les possibilit\u00e9s.  Dur\u00e9e : 1h en ligne  Attention ! Veuillez vous pr\u00e9senter \u00e0 l\u2019heure pour que l\u2019activit\u00e9 puisse commencer \u00e0 temps. Si vous avez du retard veuillez pr\u00e9venir l\u2019intervenant.e. Si vous avez plus de 15 min de retard l\u2019intervenant.e se r\u00e9serve le droit de ne pas vous accepter pour le coaching ou l\u2019atelier.","og_url":"https:\/\/empow-her.com\/produit\/new-coaching-strategie-de-communication-digitale-5\/","og_site_name":"Empow&#039;Her","article_modified_time":"2023-06-22T13:46:53+00:00","og_image":[{"width":1080,"height":1080,"url":"https:\/\/empow-her.com\/wp-content\/uploads\/2023\/06\/Women-Dare-templates-events-2023-06-22T154300.719.png","type":"image\/png"}],"twitter_card":"summary_large_image","twitter_misc":{"Tiempo de lectura":"2 minutos"},"schema":{"@context":"https:\/\/schema.org","@graph":[{"@type":"WebPage","@id":"https:\/\/empow-her.com\/produit\/new-coaching-strategie-de-communication-digitale-5\/","url":"https:\/\/empow-her.com\/produit\/new-coaching-strategie-de-communication-digitale-5\/","name":"NEW - Coaching - Strat\u00e9gie de communication & Strat\u00e9gie digitale - Empow&#039;Her","isPartOf":{"@id":"https:\/\/empow-her.com\/#website"},"primaryImageOfPage":{"@id":"https:\/\/empow-her.com\/produit\/new-coaching-strategie-de-communication-digitale-5\/#primaryimage"},"image":{"@id":"https:\/\/empow-her.com\/produit\/new-coaching-strategie-de-communication-digitale-5\/#primaryimage"},"thumbnailUrl":"https:\/\/empow-her.com\/wp-content\/uploads\/2023\/06\/Women-Dare-templates-events-2023-06-22T154300.719.png","datePublished":"2023-06-22T13:42:29+00:00","dateModified":"2023-06-22T13:46:53+00:00","breadcrumb":{"@id":"https:\/\/empow-her.com\/produit\/new-coaching-strategie-de-communication-digitale-5\/#breadcrumb"},"inLanguage":"es","potentialAction":[{"@type":"ReadAction","target":["https:\/\/empow-her.com\/produit\/new-coaching-strategie-de-communication-digitale-5\/"]}]},{"@type":"ImageObject","inLanguage":"es","@id":"https:\/\/empow-her.com\/produit\/new-coaching-strategie-de-communication-digitale-5\/#primaryimage","url":"https:\/\/empow-her.com\/wp-content\/uploads\/2023\/06\/Women-Dare-templates-events-2023-06-22T154300.719.png","contentUrl":"https:\/\/empow-her.com\/wp-content\/uploads\/2023\/06\/Women-Dare-templates-events-2023-06-22T154300.719.png","width":1080,"height":1080},{"@type":"BreadcrumbList","@id":"https:\/\/empow-her.com\/produit\/new-coaching-strategie-de-communication-digitale-5\/#breadcrumb","itemListElement":[{"@type":"ListItem","position":1,"name":"Accueil","item":"https:\/\/empow-her.com\/es\/inicio\/"},{"@type":"ListItem","position":2,"name":"LA BOUTIQUE","item":"https:\/\/empow-her.com\/boutique\/"},{"@type":"ListItem","position":3,"name":"NEW &#8211; Coaching &#8211; Strat\u00e9gie de communication &#038; Strat\u00e9gie digitale"}]},{"@type":"WebSite","@id":"https:\/\/empow-her.com\/#website","url":"https:\/\/empow-her.com\/","name":"Empow&#039;Her","description":"Women Development","potentialAction":[{"@type":"SearchAction","target":{"@type":"EntryPoint","urlTemplate":"https:\/\/empow-her.com\/?s={search_term_string}"},"query-input":{"@type":"PropertyValueSpecification","valueRequired":true,"valueName":"search_term_string"}}],"inLanguage":"es"}]}},"_links":{"self":[{"href":"https:\/\/empow-her.com\/es\/wp-json\/wp\/v2\/product\/176629","targetHints":{"allow":["GET"]}}],"collection":[{"href":"https:\/\/empow-her.com\/es\/wp-json\/wp\/v2\/product"}],"about":[{"href":"https:\/\/empow-her.com\/es\/wp-json\/wp\/v2\/types\/product"}],"wp:featuredmedia":[{"embeddable":true,"href":"https:\/\/empow-her.com\/es\/wp-json\/wp\/v2\/media\/176630"}],"wp:attachment":[{"href":"https:\/\/empow-her.com\/es\/wp-json\/wp\/v2\/media?parent=176629"}],"wp:term":[{"taxonomy":"product_brand","embeddable":true,"href":"https:\/\/empow-her.com\/es\/wp-json\/wp\/v2\/product_brand?post=176629"},{"taxonomy":"product_cat","embeddable":true,"href":"https:\/\/empow-her.com\/es\/wp-json\/wp\/v2\/product_cat?post=176629"},{"taxonomy":"product_tag","embeddable":true,"href":"https:\/\/empow-her.com\/es\/wp-json\/wp\/v2\/product_tag?post=176629"},{"taxonomy":"lieu","embeddable":true,"href":"https:\/\/empow-her.com\/es\/wp-json\/wp\/v2\/lieu?post=176629"},{"taxonomy":"thematiques","embeddable":true,"href":"https:\/\/empow-her.com\/es\/wp-json\/wp\/v2\/thematiques?post=176629"}],"curies":[{"name":"wp","href":"https:\/\/api.w.org\/{rel}","templated":true}]}}