{"id":176049,"date":"2023-06-20T12:03:50","date_gmt":"2023-06-20T10:03:50","guid":{"rendered":"https:\/\/empow-her.com\/?post_type=product&#038;p=176049"},"modified":"2023-06-28T16:29:50","modified_gmt":"2023-06-28T14:29:50","slug":"sorority-show-7","status":"publish","type":"product","link":"https:\/\/empow-her.com\/es\/produit\/sorority-show-7\/","title":{"rendered":"Sorority Show"},"content":{"rendered":"<div>&#x2728; Le sorority show s\u2019adresse \u00e0 aux porteuses de projets et entrepreneures de tout stade d&#8217;avancement, tout secteur, sans pr\u00e9-requis. Il s\u2019adresse \u00e0 celles qui n\u2019ont pas l\u2019impression d\u2019\u00eatre \u00e0 leur place \u00e0 un \u00e9v\u00e8nement de networking entre entrepreneures, \u00e0 celles qui se sont d\u00e9j\u00e0 sentie mal \u00e0 l\u2019aise en parlant de leur projet face \u00e0 un jury, banquier ou \u00e0 un.e proche.<\/div>\n<div>\n<p>&#x1f929; Naviguer dans le secteur entrepreneurial n\u2019est pas chose facile pourtant vous \u00eates toujours plus nombreuses \u00e0 vous lancer alors bousculons les codes et cr\u00e9ons un secteur qui nous ressemble.<\/p>\n<p>L&#8217;objectif de la session est de faciliter l&#8217;entraide, en cr\u00e9ant (vraiment !) un espace bienveillant et en donnant des outils aux participantes pour se challenger et progresser ensemble.&#xfe0f;\u00a0 \u00c0 chaque session, 2 \u00e0 4 porteuses de projets se font challenger par leurs paires pour b\u00e9n\u00e9ficier de retours utiles et concrets. Nous croyons au pouvoir de l&#8217;intelligence collective et souhaitons permettre \u00e0 chacune de trouver sa place dans l&#8217;aventure entrepreneuriale. &#x1f91d;<\/p>\n<p>&#x1f44b; Rejoignez nous, le mardi 17 octobre de 18H \u00e0 20H chez Sist\u2019Her Paris pour se challenger et se d\u00e9passer dans la convivialit\u00e9, la bienveillance et en sonorit\u00e9.<\/p>\n<\/div>\n<div class=\"l7ghb35v kjdc1dyq kmwttqpk gh25dzvf jikcssrz\"><strong>Infos pratiques<\/strong><br \/>\n<span class=\"fxk3tzhb b2rh1bv3 gh55jysx m8h3af8h ewco64xe kjdc1dyq ms56khn7 bq6c9xl4 eohcrkr5 akh3l2rg\"><img decoding=\"async\" src=\"https:\/\/static.xx.fbcdn.net\/images\/emoji.php\/v9\/td7\/1.5\/16\/1f4c5.png\" alt=\"&#x1f4c5;\" width=\"16\" height=\"16\" \/><\/span> L\u2019\u00e9v\u00e9nement se d\u00e9roulera le mardi 17 octobre de 18h \u00e0 20h.<br \/>\n<span class=\"fxk3tzhb b2rh1bv3 gh55jysx m8h3af8h ewco64xe kjdc1dyq ms56khn7 bq6c9xl4 eohcrkr5 akh3l2rg\"><img decoding=\"async\" src=\"https:\/\/static.xx.fbcdn.net\/images\/emoji.php\/v9\/t8b\/1.5\/16\/1f516.png\" alt=\"&#x1f516;\" width=\"16\" height=\"16\" \/><\/span> R\u00e9servation gratuite obligatoire<br \/>\n<span class=\"fxk3tzhb b2rh1bv3 gh55jysx m8h3af8h ewco64xe kjdc1dyq ms56khn7 bq6c9xl4 eohcrkr5 akh3l2rg\"><img decoding=\"async\" src=\"https:\/\/static.xx.fbcdn.net\/images\/emoji.php\/v9\/t86\/1.5\/16\/1f4cd.png\" alt=\"&#x1f4cd;\" width=\"16\" height=\"16\" \/><\/span> Sist\u2019Her : 82 rue du Faubourg Saint-Martin 75010 Paris<\/div>\n<div><\/div>\n<div class=\"l7ghb35v kjdc1dyq kmwttqpk gh25dzvf jikcssrz\">Ouvert en mars 2021, Sist\u2019Her est le premier tiers-lieu sorore, d\u00e9di\u00e9 aux entrepreneuses et \u00e0 l&#8217;impact en \u00cele-de-France. Port\u00e9 par l\u2019association Empow\u2019Her, c\u2019est un lieu de formations et de rencontres inclusif et collaboratif. Ouvert \u00e0 tou\u00b7te\u00b7s o\u00f9 il est possible de se former, s\u2019inspirer, s\u2019engager et se rencontrer.<\/div>\n<div><\/div>\n<div class=\"l7ghb35v kjdc1dyq kmwttqpk gh25dzvf jikcssrz\">A tr\u00e8s vite ! <span class=\"fxk3tzhb b2rh1bv3 gh55jysx m8h3af8h ewco64xe kjdc1dyq ms56khn7 bq6c9xl4 eohcrkr5 akh3l2rg\"><img loading=\"lazy\" decoding=\"async\" src=\"https:\/\/static.xx.fbcdn.net\/images\/emoji.php\/v9\/t56\/1.5\/16\/1f64c.png\" alt=\"&#x1f64c;\" width=\"16\" height=\"16\" \/><\/span><\/div>\n","protected":false},"excerpt":{"rendered":"<div class=\"x11i5rnm xat24cr x1mh8g0r x1vvkbs xtlvy1s\">\n<div>&#x2728; Le sorority show s\u2019adresse \u00e0 aux porteuses de projets et entrepreneures de tout stade d&#8217;avancement, tout secteur, sans pr\u00e9-requis. Il s\u2019adresse \u00e0 celles qui n\u2019ont pas l\u2019impression d\u2019\u00eatre \u00e0 leur place \u00e0 un \u00e9v\u00e8nement de networking entre entrepreneures, \u00e0 celles qui se sont d\u00e9j\u00e0 sentie mal \u00e0 l\u2019aise en parlant de leur projet face \u00e0 un jury, banquier ou \u00e0 un.e proche.<\/div>\n<div>\n<p>&#x1f929; Naviguer dans le secteur entrepreneurial n\u2019est pas chose facile pourtant vous \u00eates toujours plus nombreuses \u00e0 vous lancer alors bousculons les codes et cr\u00e9ons un secteur qui nous ressemble.<\/p>\n<p>L&#8217;objectif de la session est de faciliter l&#8217;entraide, en cr\u00e9ant (vraiment !) un espace bienveillant et en donnant des outils aux participantes pour se challenger et progresser ensemble.&#xfe0f; . \u00c0 chaque session, 2 \u00e0 4 porteuses de projets se font challenger par leurs paires pour b\u00e9n\u00e9ficier de retours utiles et concrets. Nous croyons au pouvoir de l&#8217;intelligence collective et souhaitons permettre \u00e0 chacune de trouver sa place dans l&#8217;aventure entrepreneuriale. &#x1f91d;<\/p>\n<p>&#x1f44b; Rejoignez nous, le mardi 17 octobre de 18H \u00e0 20H chez Sist\u2019Her Paris pour se challenger et se d\u00e9passer dans la convivialit\u00e9, la bienveillance et en sonorit\u00e9.<\/p>\n<\/div>\n<div class=\"l7ghb35v kjdc1dyq kmwttqpk gh25dzvf jikcssrz\"><strong>Infos pratiques<\/strong><br \/>\n<span class=\"fxk3tzhb b2rh1bv3 gh55jysx m8h3af8h ewco64xe kjdc1dyq ms56khn7 bq6c9xl4 eohcrkr5 akh3l2rg\"><img decoding=\"async\" src=\"https:\/\/static.xx.fbcdn.net\/images\/emoji.php\/v9\/td7\/1.5\/16\/1f4c5.png\" alt=\"&#x1f4c5;\" width=\"16\" height=\"16\" \/><\/span> L\u2019\u00e9v\u00e9nement se d\u00e9roulera le mardi 17 octobre de 18h \u00e0 20h.<br \/>\n<span class=\"fxk3tzhb b2rh1bv3 gh55jysx m8h3af8h ewco64xe kjdc1dyq ms56khn7 bq6c9xl4 eohcrkr5 akh3l2rg\"><img decoding=\"async\" src=\"https:\/\/static.xx.fbcdn.net\/images\/emoji.php\/v9\/t8b\/1.5\/16\/1f516.png\" alt=\"&#x1f516;\" width=\"16\" height=\"16\" \/><\/span> R\u00e9servation gratuite obligatoire<br \/>\n<span class=\"fxk3tzhb b2rh1bv3 gh55jysx m8h3af8h ewco64xe kjdc1dyq ms56khn7 bq6c9xl4 eohcrkr5 akh3l2rg\"><img decoding=\"async\" src=\"https:\/\/static.xx.fbcdn.net\/images\/emoji.php\/v9\/t86\/1.5\/16\/1f4cd.png\" alt=\"&#x1f4cd;\" width=\"16\" height=\"16\" \/><\/span> Sist\u2019Her : 82 rue du Faubourg Saint-Martin 75010 Paris<\/div>\n<div><\/div>\n<div class=\"l7ghb35v kjdc1dyq kmwttqpk gh25dzvf jikcssrz\">Ouvert en mars 2021, Sist\u2019Her est le premier tiers-lieu sorore, d\u00e9di\u00e9 aux entrepreneuses et \u00e0 l&#8217;impact en \u00cele-de-France. Port\u00e9 par l\u2019association Empow\u2019Her, c\u2019est un lieu de formations et de rencontres inclusif et collaboratif. Ouvert \u00e0 tou\u00b7te\u00b7s o\u00f9 il est possible de se former, s\u2019inspirer, s\u2019engager et se rencontrer.<\/div>\n<div><\/div>\n<div class=\"l7ghb35v kjdc1dyq kmwttqpk gh25dzvf jikcssrz\">A tr\u00e8s vite ! <span class=\"fxk3tzhb b2rh1bv3 gh55jysx m8h3af8h ewco64xe kjdc1dyq ms56khn7 bq6c9xl4 eohcrkr5 akh3l2rg\"><img loading=\"lazy\" decoding=\"async\" src=\"https:\/\/static.xx.fbcdn.net\/images\/emoji.php\/v9\/t56\/1.5\/16\/1f64c.png\" alt=\"&#x1f64c;\" width=\"16\" height=\"16\" \/><\/span><\/div>\n<\/div>\n","protected":false},"featured_media":178113,"template":"","format":"standard","meta":{"_acf_changed":false,"om_disable_all_campaigns":false,"_uf_show_specific_survey":0,"_uf_disable_surveys":false},"product_brand":[],"product_cat":[119],"product_tag":[],"lieu":[127],"thematiques":[],"class_list":{"0":"post-176049","1":"product","2":"type-product","3":"status-publish","4":"format-standard","5":"has-post-thumbnail","7":"product_cat-evenement-sisther","8":"lieu-hub-empowher","10":"first","11":"instock","12":"virtual","13":"purchasable","14":"product-type-appointment"},"exclude_global_add_ons":[],"addons":[],"acf":[],"yoast_head":"<!-- This site is optimized with the Yoast SEO plugin v24.8 - https:\/\/yoast.com\/wordpress\/plugins\/seo\/ -->\n<title>Sorority Show : 2h pour se challenger<\/title>\n<meta name=\"description\" content=\"Participe au Sorority Show chez Sist&#039;Her, prend part \u00e0 un moment bienveillant pour se challenger et progresser le mardi 17 octobre de 18H \u00e0 20H.\" \/>\n<meta name=\"robots\" content=\"index, follow, max-snippet:-1, max-image-preview:large, max-video-preview:-1\" \/>\n<link rel=\"canonical\" href=\"https:\/\/empow-her.com\/produit\/sorority-show-7\/\" \/>\n<meta property=\"og:locale\" content=\"es_ES\" \/>\n<meta property=\"og:type\" content=\"article\" \/>\n<meta property=\"og:title\" content=\"Sorority Show : 2h pour se challenger\" \/>\n<meta property=\"og:description\" content=\"Participe au Sorority Show chez Sist&#039;Her, prend part \u00e0 un moment bienveillant pour se challenger et progresser le mardi 17 octobre de 18H \u00e0 20H.\" \/>\n<meta property=\"og:url\" content=\"https:\/\/empow-her.com\/produit\/sorority-show-7\/\" \/>\n<meta property=\"og:site_name\" content=\"Empow&#039;Her\" \/>\n<meta property=\"article:modified_time\" content=\"2023-06-28T14:29:50+00:00\" \/>\n<meta property=\"og:image\" content=\"https:\/\/empow-her.com\/wp-content\/uploads\/2023\/06\/SoShow-oct-1.png\" \/>\n\t<meta property=\"og:image:width\" content=\"1080\" \/>\n\t<meta property=\"og:image:height\" content=\"1080\" \/>\n\t<meta property=\"og:image:type\" content=\"image\/png\" \/>\n<meta name=\"twitter:card\" content=\"summary_large_image\" \/>\n<meta name=\"twitter:label1\" content=\"Tiempo de lectura\" \/>\n\t<meta name=\"twitter:data1\" content=\"3 minutos\" \/>\n<script type=\"application\/ld+json\" class=\"yoast-schema-graph\">{\"@context\":\"https:\/\/schema.org\",\"@graph\":[{\"@type\":\"WebPage\",\"@id\":\"https:\/\/empow-her.com\/produit\/sorority-show-7\/\",\"url\":\"https:\/\/empow-her.com\/produit\/sorority-show-7\/\",\"name\":\"Sorority Show : 2h pour se challenger\",\"isPartOf\":{\"@id\":\"https:\/\/empow-her.com\/#website\"},\"primaryImageOfPage\":{\"@id\":\"https:\/\/empow-her.com\/produit\/sorority-show-7\/#primaryimage\"},\"image\":{\"@id\":\"https:\/\/empow-her.com\/produit\/sorority-show-7\/#primaryimage\"},\"thumbnailUrl\":\"https:\/\/empow-her.com\/wp-content\/uploads\/2023\/06\/SoShow-oct-1.png\",\"datePublished\":\"2023-06-20T10:03:50+00:00\",\"dateModified\":\"2023-06-28T14:29:50+00:00\",\"description\":\"Participe au Sorority Show chez Sist'Her, prend part \u00e0 un moment bienveillant pour se challenger et progresser le mardi 17 octobre de 18H \u00e0 20H.\",\"breadcrumb\":{\"@id\":\"https:\/\/empow-her.com\/produit\/sorority-show-7\/#breadcrumb\"},\"inLanguage\":\"es\",\"potentialAction\":[{\"@type\":\"ReadAction\",\"target\":[\"https:\/\/empow-her.com\/produit\/sorority-show-7\/\"]}]},{\"@type\":\"ImageObject\",\"inLanguage\":\"es\",\"@id\":\"https:\/\/empow-her.com\/produit\/sorority-show-7\/#primaryimage\",\"url\":\"https:\/\/empow-her.com\/wp-content\/uploads\/2023\/06\/SoShow-oct-1.png\",\"contentUrl\":\"https:\/\/empow-her.com\/wp-content\/uploads\/2023\/06\/SoShow-oct-1.png\",\"width\":1080,\"height\":1080},{\"@type\":\"BreadcrumbList\",\"@id\":\"https:\/\/empow-her.com\/produit\/sorority-show-7\/#breadcrumb\",\"itemListElement\":[{\"@type\":\"ListItem\",\"position\":1,\"name\":\"Accueil\",\"item\":\"https:\/\/empow-her.com\/es\/inicio\/\"},{\"@type\":\"ListItem\",\"position\":2,\"name\":\"LA BOUTIQUE\",\"item\":\"https:\/\/empow-her.com\/boutique\/\"},{\"@type\":\"ListItem\",\"position\":3,\"name\":\"Sorority Show\"}]},{\"@type\":\"WebSite\",\"@id\":\"https:\/\/empow-her.com\/#website\",\"url\":\"https:\/\/empow-her.com\/\",\"name\":\"Empow&#039;Her\",\"description\":\"Women Development\",\"potentialAction\":[{\"@type\":\"SearchAction\",\"target\":{\"@type\":\"EntryPoint\",\"urlTemplate\":\"https:\/\/empow-her.com\/?s={search_term_string}\"},\"query-input\":{\"@type\":\"PropertyValueSpecification\",\"valueRequired\":true,\"valueName\":\"search_term_string\"}}],\"inLanguage\":\"es\"}]}<\/script>\n<!-- \/ Yoast SEO plugin. -->","yoast_head_json":{"title":"Sorority Show : 2h pour se challenger","description":"Participe au Sorority Show chez Sist'Her, prend part \u00e0 un moment bienveillant pour se challenger et progresser le mardi 17 octobre de 18H \u00e0 20H.","robots":{"index":"index","follow":"follow","max-snippet":"max-snippet:-1","max-image-preview":"max-image-preview:large","max-video-preview":"max-video-preview:-1"},"canonical":"https:\/\/empow-her.com\/produit\/sorority-show-7\/","og_locale":"es_ES","og_type":"article","og_title":"Sorority Show : 2h pour se challenger","og_description":"Participe au Sorority Show chez Sist'Her, prend part \u00e0 un moment bienveillant pour se challenger et progresser le mardi 17 octobre de 18H \u00e0 20H.","og_url":"https:\/\/empow-her.com\/produit\/sorority-show-7\/","og_site_name":"Empow&#039;Her","article_modified_time":"2023-06-28T14:29:50+00:00","og_image":[{"width":1080,"height":1080,"url":"https:\/\/empow-her.com\/wp-content\/uploads\/2023\/06\/SoShow-oct-1.png","type":"image\/png"}],"twitter_card":"summary_large_image","twitter_misc":{"Tiempo de lectura":"3 minutos"},"schema":{"@context":"https:\/\/schema.org","@graph":[{"@type":"WebPage","@id":"https:\/\/empow-her.com\/produit\/sorority-show-7\/","url":"https:\/\/empow-her.com\/produit\/sorority-show-7\/","name":"Sorority Show : 2h pour se challenger","isPartOf":{"@id":"https:\/\/empow-her.com\/#website"},"primaryImageOfPage":{"@id":"https:\/\/empow-her.com\/produit\/sorority-show-7\/#primaryimage"},"image":{"@id":"https:\/\/empow-her.com\/produit\/sorority-show-7\/#primaryimage"},"thumbnailUrl":"https:\/\/empow-her.com\/wp-content\/uploads\/2023\/06\/SoShow-oct-1.png","datePublished":"2023-06-20T10:03:50+00:00","dateModified":"2023-06-28T14:29:50+00:00","description":"Participe au Sorority Show chez Sist'Her, prend part \u00e0 un moment bienveillant pour se challenger et progresser le mardi 17 octobre de 18H \u00e0 20H.","breadcrumb":{"@id":"https:\/\/empow-her.com\/produit\/sorority-show-7\/#breadcrumb"},"inLanguage":"es","potentialAction":[{"@type":"ReadAction","target":["https:\/\/empow-her.com\/produit\/sorority-show-7\/"]}]},{"@type":"ImageObject","inLanguage":"es","@id":"https:\/\/empow-her.com\/produit\/sorority-show-7\/#primaryimage","url":"https:\/\/empow-her.com\/wp-content\/uploads\/2023\/06\/SoShow-oct-1.png","contentUrl":"https:\/\/empow-her.com\/wp-content\/uploads\/2023\/06\/SoShow-oct-1.png","width":1080,"height":1080},{"@type":"BreadcrumbList","@id":"https:\/\/empow-her.com\/produit\/sorority-show-7\/#breadcrumb","itemListElement":[{"@type":"ListItem","position":1,"name":"Accueil","item":"https:\/\/empow-her.com\/es\/inicio\/"},{"@type":"ListItem","position":2,"name":"LA BOUTIQUE","item":"https:\/\/empow-her.com\/boutique\/"},{"@type":"ListItem","position":3,"name":"Sorority Show"}]},{"@type":"WebSite","@id":"https:\/\/empow-her.com\/#website","url":"https:\/\/empow-her.com\/","name":"Empow&#039;Her","description":"Women Development","potentialAction":[{"@type":"SearchAction","target":{"@type":"EntryPoint","urlTemplate":"https:\/\/empow-her.com\/?s={search_term_string}"},"query-input":{"@type":"PropertyValueSpecification","valueRequired":true,"valueName":"search_term_string"}}],"inLanguage":"es"}]}},"_links":{"self":[{"href":"https:\/\/empow-her.com\/es\/wp-json\/wp\/v2\/product\/176049","targetHints":{"allow":["GET"]}}],"collection":[{"href":"https:\/\/empow-her.com\/es\/wp-json\/wp\/v2\/product"}],"about":[{"href":"https:\/\/empow-her.com\/es\/wp-json\/wp\/v2\/types\/product"}],"wp:featuredmedia":[{"embeddable":true,"href":"https:\/\/empow-her.com\/es\/wp-json\/wp\/v2\/media\/178113"}],"wp:attachment":[{"href":"https:\/\/empow-her.com\/es\/wp-json\/wp\/v2\/media?parent=176049"}],"wp:term":[{"taxonomy":"product_brand","embeddable":true,"href":"https:\/\/empow-her.com\/es\/wp-json\/wp\/v2\/product_brand?post=176049"},{"taxonomy":"product_cat","embeddable":true,"href":"https:\/\/empow-her.com\/es\/wp-json\/wp\/v2\/product_cat?post=176049"},{"taxonomy":"product_tag","embeddable":true,"href":"https:\/\/empow-her.com\/es\/wp-json\/wp\/v2\/product_tag?post=176049"},{"taxonomy":"lieu","embeddable":true,"href":"https:\/\/empow-her.com\/es\/wp-json\/wp\/v2\/lieu?post=176049"},{"taxonomy":"thematiques","embeddable":true,"href":"https:\/\/empow-her.com\/es\/wp-json\/wp\/v2\/thematiques?post=176049"}],"curies":[{"name":"wp","href":"https:\/\/api.w.org\/{rel}","templated":true}]}}