{"id":175783,"date":"2023-06-19T15:59:21","date_gmt":"2023-06-19T13:59:21","guid":{"rendered":"https:\/\/empow-her.com\/?post_type=product&#038;p=175783"},"modified":"2023-06-20T16:34:11","modified_gmt":"2023-06-20T14:34:11","slug":"sorority-show-organise-par-m-e-t-i-i-s","status":"publish","type":"product","link":"https:\/\/empow-her.com\/es\/produit\/sorority-show-organise-par-m-e-t-i-i-s\/","title":{"rendered":"Sorority Show organis\u00e9 par M.E.T.I.I.S"},"content":{"rendered":"<div>\n<p>Lien pour s&#8217;inscrire : https:\/\/www.helloasso.com\/associations\/metiis\/evenements\/sorority-show<\/p>\n<p>M.E.T.I.I.S vous invite \u00e0 participer au &#8220;Sorority Show&#8221; \u00e0 l&#8217;occasion de la F\u00eate de la Ville de Choisy-le-roi. Le Sorority Show est un outil en open source par et pour les entrepreneuses con\u00e7u par Empow&#8217;Her.<\/p>\n<p>Le Sorority Show s\u2019adresse aux porteuses de projets et entrepreneuses de tout stade d&#8217;avancement, tout secteur, et ne n\u00e9cessite pas de pr\u00e9-requis. L&#8217;objectif de la session est de faciliter l&#8217;entraide, en cr\u00e9ant (vraiment!) un espace bienveillant et en donnant des outils aux participantes pour se challenger et progresser ensemble.<br \/>\nRDV sur le stand M.E.T.I.I.S !<\/p>\n<\/div>\n<div>\n<p>&#x1f44b; Rejoignez Olympe Loiseau, le samedi 24 juin de 10H \u00e0 12H sur le stand M.E.T.I.I.S pour se challenger et se d\u00e9passer dans la convivialit\u00e9, la bienveillance et en sonorit\u00e9.<\/p>\n<\/div>\n<div class=\"l7ghb35v kjdc1dyq kmwttqpk gh25dzvf jikcssrz\"><strong>Infos pratiques<\/strong><br \/>\n<span class=\"fxk3tzhb b2rh1bv3 gh55jysx m8h3af8h ewco64xe kjdc1dyq ms56khn7 bq6c9xl4 eohcrkr5 akh3l2rg\"><img decoding=\"async\" src=\"https:\/\/static.xx.fbcdn.net\/images\/emoji.php\/v9\/td7\/1.5\/16\/1f4c5.png\" alt=\"&#x1f4c5;\" width=\"16\" height=\"16\" \/><\/span> L\u2019\u00e9v\u00e9nement se d\u00e9roulera le samedi 24 juin de 10h \u00e0 12h.<br \/>\n<span class=\"fxk3tzhb b2rh1bv3 gh55jysx m8h3af8h ewco64xe kjdc1dyq ms56khn7 bq6c9xl4 eohcrkr5 akh3l2rg\"><img decoding=\"async\" src=\"https:\/\/static.xx.fbcdn.net\/images\/emoji.php\/v9\/t86\/1.5\/16\/1f4cd.png\" alt=\"&#x1f4cd;\" width=\"16\" height=\"16\" \/><\/span> Lieu : Stand M.E.T.I.I.S, Parc de l&#8217;H\u00f4tel de Ville, Mairie de Choisy-le-Roi, 94600 Choisy le Roi&#8221;<\/div>\n<div><span style=\"font-weight: 400;\">&#x1f39f;&#xfe0f; https:\/\/www.helloasso.com\/associations\/metiis\/evenements\/sorority-show<\/span><\/div>\n<div><\/div>\n","protected":false},"excerpt":{"rendered":"<div class=\"x11i5rnm xat24cr x1mh8g0r x1vvkbs xtlvy1s\">\n<div>\n<p>Lien pour s&#8217;inscrire : https:\/\/www.helloasso.com\/associations\/metiis\/evenements\/sorority-show<\/p>\n<p>M.E.T.I.I.S vous invite \u00e0 participer au &#8220;Sorority Show&#8221; \u00e0 l&#8217;occasion de la F\u00eate de la Ville de Choisy-le-roi. Le Sorority Show est un outil en open source par et pour les entrepreneuses con\u00e7u par Empow&#8217;Her.<\/p>\n<p>Le Sorority Show s\u2019adresse aux porteuses de projets et entrepreneuses de tout stade d&#8217;avancement, tout secteur, et ne n\u00e9cessite pas de pr\u00e9-requis. L&#8217;objectif de la session est de faciliter l&#8217;entraide, en cr\u00e9ant (vraiment!) un espace bienveillant et en donnant des outils aux participantes pour se challenger et progresser ensemble.<br \/>\nRDV sur le stand M.E.T.I.I.S !<\/p>\n<\/div>\n<div>\n<p>&#x1f44b; Rejoignez Olympe Loiseau, le samedi 24 juin de 10H \u00e0 12H sur le stand M.E.T.I.I.S pour se challenger et se d\u00e9passer dans la convivialit\u00e9, la bienveillance et en sonorit\u00e9.<\/p>\n<\/div>\n<div class=\"l7ghb35v kjdc1dyq kmwttqpk gh25dzvf jikcssrz\"><strong>Infos pratiques<\/strong><br \/>\n<span class=\"fxk3tzhb b2rh1bv3 gh55jysx m8h3af8h ewco64xe kjdc1dyq ms56khn7 bq6c9xl4 eohcrkr5 akh3l2rg\"><img decoding=\"async\" src=\"https:\/\/static.xx.fbcdn.net\/images\/emoji.php\/v9\/td7\/1.5\/16\/1f4c5.png\" alt=\"&#x1f4c5;\" width=\"16\" height=\"16\" \/><\/span> L\u2019\u00e9v\u00e9nement se d\u00e9roulera le samedi 24 juin de 10h \u00e0 12h.<br \/>\n<span class=\"fxk3tzhb b2rh1bv3 gh55jysx m8h3af8h ewco64xe kjdc1dyq ms56khn7 bq6c9xl4 eohcrkr5 akh3l2rg\"><img decoding=\"async\" src=\"https:\/\/static.xx.fbcdn.net\/images\/emoji.php\/v9\/t86\/1.5\/16\/1f4cd.png\" alt=\"&#x1f4cd;\" width=\"16\" height=\"16\" \/><\/span> Lieu : Stand M.E.T.I.I.S, Parc de l&#8217;H\u00f4tel de Ville, Mairie de Choisy-le-Roi, 94600 Choisy le Roi&#8221;<\/div>\n<div><span style=\"font-weight: 400;\">&#x1f39f;&#xfe0f; https:\/\/www.helloasso.com\/associations\/metiis\/evenements\/sorority-show<\/span><\/div>\n<div><\/div>\n<\/div>\n","protected":false},"featured_media":175784,"template":"","format":"standard","meta":{"_acf_changed":false,"om_disable_all_campaigns":false,"_uf_show_specific_survey":0,"_uf_disable_surveys":false},"product_brand":[],"product_cat":[119],"product_tag":[],"lieu":[161],"thematiques":[],"class_list":{"0":"post-175783","1":"product","2":"type-product","3":"status-publish","4":"format-standard","5":"has-post-thumbnail","7":"product_cat-evenement-sisther","8":"lieu-externe","10":"first","11":"instock","12":"virtual","13":"purchasable","14":"product-type-appointment"},"exclude_global_add_ons":[],"addons":[],"acf":[],"yoast_head":"<!-- This site is optimized with the Yoast SEO plugin v24.8 - https:\/\/yoast.com\/wordpress\/plugins\/seo\/ -->\n<title>Sorority Show : 2h pour se challenger<\/title>\n<meta name=\"description\" content=\"Participe au Sorority Show organis\u00e9 par M.E.T.I.I.S, et prend part \u00e0 un moment bienveillant pour se challenger et progresser le samedi 24 juin de 10H \u00e0 12H.\" \/>\n<meta name=\"robots\" content=\"index, follow, max-snippet:-1, max-image-preview:large, max-video-preview:-1\" \/>\n<link rel=\"canonical\" href=\"https:\/\/empow-her.com\/produit\/sorority-show-organise-par-m-e-t-i-i-s\/\" \/>\n<meta property=\"og:locale\" content=\"es_ES\" \/>\n<meta property=\"og:type\" content=\"article\" \/>\n<meta property=\"og:title\" content=\"Sorority Show : 2h pour se challenger\" \/>\n<meta property=\"og:description\" content=\"Participe au Sorority Show organis\u00e9 par M.E.T.I.I.S, et prend part \u00e0 un moment bienveillant pour se challenger et progresser le samedi 24 juin de 10H \u00e0 12H.\" \/>\n<meta property=\"og:url\" content=\"https:\/\/empow-her.com\/produit\/sorority-show-organise-par-m-e-t-i-i-s\/\" \/>\n<meta property=\"og:site_name\" content=\"Empow&#039;Her\" \/>\n<meta property=\"article:modified_time\" content=\"2023-06-20T14:34:11+00:00\" \/>\n<meta property=\"og:image\" content=\"https:\/\/empow-her.com\/wp-content\/uploads\/2023\/06\/VIGNETTES-SITE-INTERNET-8.png\" \/>\n\t<meta property=\"og:image:width\" content=\"1080\" \/>\n\t<meta property=\"og:image:height\" content=\"1080\" \/>\n\t<meta property=\"og:image:type\" content=\"image\/png\" \/>\n<meta name=\"twitter:card\" content=\"summary_large_image\" \/>\n<meta name=\"twitter:label1\" content=\"Tiempo de lectura\" \/>\n\t<meta name=\"twitter:data1\" content=\"2 minutos\" \/>\n<script type=\"application\/ld+json\" class=\"yoast-schema-graph\">{\"@context\":\"https:\/\/schema.org\",\"@graph\":[{\"@type\":\"WebPage\",\"@id\":\"https:\/\/empow-her.com\/produit\/sorority-show-organise-par-m-e-t-i-i-s\/\",\"url\":\"https:\/\/empow-her.com\/produit\/sorority-show-organise-par-m-e-t-i-i-s\/\",\"name\":\"Sorority Show : 2h pour se challenger\",\"isPartOf\":{\"@id\":\"https:\/\/empow-her.com\/#website\"},\"primaryImageOfPage\":{\"@id\":\"https:\/\/empow-her.com\/produit\/sorority-show-organise-par-m-e-t-i-i-s\/#primaryimage\"},\"image\":{\"@id\":\"https:\/\/empow-her.com\/produit\/sorority-show-organise-par-m-e-t-i-i-s\/#primaryimage\"},\"thumbnailUrl\":\"https:\/\/empow-her.com\/wp-content\/uploads\/2023\/06\/VIGNETTES-SITE-INTERNET-8.png\",\"datePublished\":\"2023-06-19T13:59:21+00:00\",\"dateModified\":\"2023-06-20T14:34:11+00:00\",\"description\":\"Participe au Sorority Show organis\u00e9 par M.E.T.I.I.S, et prend part \u00e0 un moment bienveillant pour se challenger et progresser le samedi 24 juin de 10H \u00e0 12H.\",\"breadcrumb\":{\"@id\":\"https:\/\/empow-her.com\/produit\/sorority-show-organise-par-m-e-t-i-i-s\/#breadcrumb\"},\"inLanguage\":\"es\",\"potentialAction\":[{\"@type\":\"ReadAction\",\"target\":[\"https:\/\/empow-her.com\/produit\/sorority-show-organise-par-m-e-t-i-i-s\/\"]}]},{\"@type\":\"ImageObject\",\"inLanguage\":\"es\",\"@id\":\"https:\/\/empow-her.com\/produit\/sorority-show-organise-par-m-e-t-i-i-s\/#primaryimage\",\"url\":\"https:\/\/empow-her.com\/wp-content\/uploads\/2023\/06\/VIGNETTES-SITE-INTERNET-8.png\",\"contentUrl\":\"https:\/\/empow-her.com\/wp-content\/uploads\/2023\/06\/VIGNETTES-SITE-INTERNET-8.png\",\"width\":1080,\"height\":1080},{\"@type\":\"BreadcrumbList\",\"@id\":\"https:\/\/empow-her.com\/produit\/sorority-show-organise-par-m-e-t-i-i-s\/#breadcrumb\",\"itemListElement\":[{\"@type\":\"ListItem\",\"position\":1,\"name\":\"Accueil\",\"item\":\"https:\/\/empow-her.com\/es\/inicio\/\"},{\"@type\":\"ListItem\",\"position\":2,\"name\":\"LA BOUTIQUE\",\"item\":\"https:\/\/empow-her.com\/boutique\/\"},{\"@type\":\"ListItem\",\"position\":3,\"name\":\"Sorority Show organis\u00e9 par M.E.T.I.I.S\"}]},{\"@type\":\"WebSite\",\"@id\":\"https:\/\/empow-her.com\/#website\",\"url\":\"https:\/\/empow-her.com\/\",\"name\":\"Empow&#039;Her\",\"description\":\"Women Development\",\"potentialAction\":[{\"@type\":\"SearchAction\",\"target\":{\"@type\":\"EntryPoint\",\"urlTemplate\":\"https:\/\/empow-her.com\/?s={search_term_string}\"},\"query-input\":{\"@type\":\"PropertyValueSpecification\",\"valueRequired\":true,\"valueName\":\"search_term_string\"}}],\"inLanguage\":\"es\"}]}<\/script>\n<!-- \/ Yoast SEO plugin. -->","yoast_head_json":{"title":"Sorority Show : 2h pour se challenger","description":"Participe au Sorority Show organis\u00e9 par M.E.T.I.I.S, et prend part \u00e0 un moment bienveillant pour se challenger et progresser le samedi 24 juin de 10H \u00e0 12H.","robots":{"index":"index","follow":"follow","max-snippet":"max-snippet:-1","max-image-preview":"max-image-preview:large","max-video-preview":"max-video-preview:-1"},"canonical":"https:\/\/empow-her.com\/produit\/sorority-show-organise-par-m-e-t-i-i-s\/","og_locale":"es_ES","og_type":"article","og_title":"Sorority Show : 2h pour se challenger","og_description":"Participe au Sorority Show organis\u00e9 par M.E.T.I.I.S, et prend part \u00e0 un moment bienveillant pour se challenger et progresser le samedi 24 juin de 10H \u00e0 12H.","og_url":"https:\/\/empow-her.com\/produit\/sorority-show-organise-par-m-e-t-i-i-s\/","og_site_name":"Empow&#039;Her","article_modified_time":"2023-06-20T14:34:11+00:00","og_image":[{"width":1080,"height":1080,"url":"https:\/\/empow-her.com\/wp-content\/uploads\/2023\/06\/VIGNETTES-SITE-INTERNET-8.png","type":"image\/png"}],"twitter_card":"summary_large_image","twitter_misc":{"Tiempo de lectura":"2 minutos"},"schema":{"@context":"https:\/\/schema.org","@graph":[{"@type":"WebPage","@id":"https:\/\/empow-her.com\/produit\/sorority-show-organise-par-m-e-t-i-i-s\/","url":"https:\/\/empow-her.com\/produit\/sorority-show-organise-par-m-e-t-i-i-s\/","name":"Sorority Show : 2h pour se challenger","isPartOf":{"@id":"https:\/\/empow-her.com\/#website"},"primaryImageOfPage":{"@id":"https:\/\/empow-her.com\/produit\/sorority-show-organise-par-m-e-t-i-i-s\/#primaryimage"},"image":{"@id":"https:\/\/empow-her.com\/produit\/sorority-show-organise-par-m-e-t-i-i-s\/#primaryimage"},"thumbnailUrl":"https:\/\/empow-her.com\/wp-content\/uploads\/2023\/06\/VIGNETTES-SITE-INTERNET-8.png","datePublished":"2023-06-19T13:59:21+00:00","dateModified":"2023-06-20T14:34:11+00:00","description":"Participe au Sorority Show organis\u00e9 par M.E.T.I.I.S, et prend part \u00e0 un moment bienveillant pour se challenger et progresser le samedi 24 juin de 10H \u00e0 12H.","breadcrumb":{"@id":"https:\/\/empow-her.com\/produit\/sorority-show-organise-par-m-e-t-i-i-s\/#breadcrumb"},"inLanguage":"es","potentialAction":[{"@type":"ReadAction","target":["https:\/\/empow-her.com\/produit\/sorority-show-organise-par-m-e-t-i-i-s\/"]}]},{"@type":"ImageObject","inLanguage":"es","@id":"https:\/\/empow-her.com\/produit\/sorority-show-organise-par-m-e-t-i-i-s\/#primaryimage","url":"https:\/\/empow-her.com\/wp-content\/uploads\/2023\/06\/VIGNETTES-SITE-INTERNET-8.png","contentUrl":"https:\/\/empow-her.com\/wp-content\/uploads\/2023\/06\/VIGNETTES-SITE-INTERNET-8.png","width":1080,"height":1080},{"@type":"BreadcrumbList","@id":"https:\/\/empow-her.com\/produit\/sorority-show-organise-par-m-e-t-i-i-s\/#breadcrumb","itemListElement":[{"@type":"ListItem","position":1,"name":"Accueil","item":"https:\/\/empow-her.com\/es\/inicio\/"},{"@type":"ListItem","position":2,"name":"LA BOUTIQUE","item":"https:\/\/empow-her.com\/boutique\/"},{"@type":"ListItem","position":3,"name":"Sorority Show organis\u00e9 par M.E.T.I.I.S"}]},{"@type":"WebSite","@id":"https:\/\/empow-her.com\/#website","url":"https:\/\/empow-her.com\/","name":"Empow&#039;Her","description":"Women Development","potentialAction":[{"@type":"SearchAction","target":{"@type":"EntryPoint","urlTemplate":"https:\/\/empow-her.com\/?s={search_term_string}"},"query-input":{"@type":"PropertyValueSpecification","valueRequired":true,"valueName":"search_term_string"}}],"inLanguage":"es"}]}},"_links":{"self":[{"href":"https:\/\/empow-her.com\/es\/wp-json\/wp\/v2\/product\/175783","targetHints":{"allow":["GET"]}}],"collection":[{"href":"https:\/\/empow-her.com\/es\/wp-json\/wp\/v2\/product"}],"about":[{"href":"https:\/\/empow-her.com\/es\/wp-json\/wp\/v2\/types\/product"}],"wp:featuredmedia":[{"embeddable":true,"href":"https:\/\/empow-her.com\/es\/wp-json\/wp\/v2\/media\/175784"}],"wp:attachment":[{"href":"https:\/\/empow-her.com\/es\/wp-json\/wp\/v2\/media?parent=175783"}],"wp:term":[{"taxonomy":"product_brand","embeddable":true,"href":"https:\/\/empow-her.com\/es\/wp-json\/wp\/v2\/product_brand?post=175783"},{"taxonomy":"product_cat","embeddable":true,"href":"https:\/\/empow-her.com\/es\/wp-json\/wp\/v2\/product_cat?post=175783"},{"taxonomy":"product_tag","embeddable":true,"href":"https:\/\/empow-her.com\/es\/wp-json\/wp\/v2\/product_tag?post=175783"},{"taxonomy":"lieu","embeddable":true,"href":"https:\/\/empow-her.com\/es\/wp-json\/wp\/v2\/lieu?post=175783"},{"taxonomy":"thematiques","embeddable":true,"href":"https:\/\/empow-her.com\/es\/wp-json\/wp\/v2\/thematiques?post=175783"}],"curies":[{"name":"wp","href":"https:\/\/api.w.org\/{rel}","templated":true}]}}