{"id":17507,"date":"2021-09-22T17:25:06","date_gmt":"2021-09-22T15:25:06","guid":{"rendered":"https:\/\/empow-her.com\/?post_type=product&#038;p=17507"},"modified":"2021-09-22T17:40:50","modified_gmt":"2021-09-22T15:40:50","slug":"webinaire-dinformation-avec-le-reseau-entreprendre","status":"publish","type":"product","link":"https:\/\/empow-her.com\/es\/produit\/webinaire-dinformation-avec-le-reseau-entreprendre\/","title":{"rendered":"Webinaire d&#8217;information avec le R\u00e9seau Entreprendre !"},"content":{"rendered":"","protected":false},"excerpt":{"rendered":"<div>Le R\u00e9seau Entreprendre accompagne les entrepreneur.e.s dans toutes les phases de cr\u00e9ation, de reprise et de d\u00e9veloppement de leur entreprise.<\/div>\n<div><\/div>\n<div class=\"cehpxlet bi6gxh9e\"><span class=\"d2edcug0 hpfvmrgz qv66sw1b c1et5uql oi732d6d ik7dh3pa ht8s03o8 jq4qci2q a3bd9o3v b1v8xokw oo9gr5id\">Nous organisons avec le R\u00e9seau, un webinaire d&#8217;information\u00a0<b>le 28 septembre \u00e0 17h30\u00a0<\/b>avec pour objectif une pr\u00e9sentation de leurs diff\u00e9rents dispositifs d&#8217;accompagnement pens\u00e9s en fonction de votre niveau de d\u00e9veloppement !<\/span><\/div>\n<div><\/div>\n<div class=\"cehpxlet bi6gxh9e\"><span class=\"d2edcug0 hpfvmrgz qv66sw1b c1et5uql oi732d6d ik7dh3pa ht8s03o8 jq4qci2q a3bd9o3v b1v8xokw oo9gr5id\">En pr\u00e9sence de:<\/span><\/div>\n<div class=\"cehpxlet bi6gxh9e\"><span class=\"d2edcug0 hpfvmrgz qv66sw1b c1et5uql oi732d6d ik7dh3pa ht8s03o8 jq4qci2q a3bd9o3v b1v8xokw oo9gr5id\"><span class=\"pq6dq46d tbxw36s4 knj5qynh kvgmc6g5 ditlmg2l oygrvhab nvdbi5me sf5mxxl7 gl3lb2sf hhz5lgdu\"><img decoding=\"async\" src=\"https:\/\/static.xx.fbcdn.net\/images\/emoji.php\/v9\/tf0\/2\/16\/1f449.png\" alt=\"&#x1f449;\" width=\"16\" height=\"16\" \/><\/span>\u00a0<b>Bertille de Saint-Vincent<\/b>, Charg\u00e9e de mission Impact et Diversit\u00e9<\/span><\/div>\n<div class=\"cehpxlet bi6gxh9e\"><span class=\"d2edcug0 hpfvmrgz qv66sw1b c1et5uql oi732d6d ik7dh3pa ht8s03o8 jq4qci2q a3bd9o3v b1v8xokw oo9gr5id\"><span class=\"pq6dq46d tbxw36s4 knj5qynh kvgmc6g5 ditlmg2l oygrvhab nvdbi5me sf5mxxl7 gl3lb2sf hhz5lgdu\"><img decoding=\"async\" src=\"https:\/\/static.xx.fbcdn.net\/images\/emoji.php\/v9\/tf0\/2\/16\/1f449.png\" alt=\"&#x1f449;\" width=\"16\" height=\"16\" \/><\/span>\u00a0<b>Alain Combe<\/b>, Directeur R\u00e9seau Entreprendre Essonne<\/span><\/div>\n<div class=\"cehpxlet bi6gxh9e\"><span class=\"d2edcug0 hpfvmrgz qv66sw1b c1et5uql oi732d6d ik7dh3pa ht8s03o8 jq4qci2q a3bd9o3v b1v8xokw oo9gr5id\"><span class=\"pq6dq46d tbxw36s4 knj5qynh kvgmc6g5 ditlmg2l oygrvhab nvdbi5me sf5mxxl7 gl3lb2sf hhz5lgdu\"><img decoding=\"async\" src=\"https:\/\/static.xx.fbcdn.net\/images\/emoji.php\/v9\/tf0\/2\/16\/1f449.png\" alt=\"&#x1f449;\" width=\"16\" height=\"16\" \/><\/span>\u00a0<b>Dominique Da Silva<\/b>, D\u00e9l\u00e9gu\u00e9e Internationale, R\u00e9f\u00e9rente Garantie BPI et Wom\u2019Energy<\/span><\/div>\n<div><\/div>\n<div class=\"cehpxlet bi6gxh9e\"><span class=\"d2edcug0 hpfvmrgz qv66sw1b c1et5uql oi732d6d ik7dh3pa ht8s03o8 jq4qci2q a3bd9o3v b1v8xokw oo9gr5id\">Elles.il r\u00e9pondront \u00e0 toutes vos questions !<\/span><\/div>\n","protected":false},"featured_media":17510,"template":"","format":"standard","meta":{"_acf_changed":false,"om_disable_all_campaigns":false,"_uf_show_specific_survey":0,"_uf_disable_surveys":false},"product_brand":[],"product_cat":[118],"product_tag":[],"lieu":[],"thematiques":[],"class_list":{"0":"post-17507","1":"product","2":"type-product","3":"status-publish","4":"format-standard","5":"has-post-thumbnail","7":"product_cat-atelier-collectif","9":"first","10":"instock","11":"virtual","12":"purchasable","13":"product-type-appointment"},"exclude_global_add_ons":[],"addons":[],"acf":[],"yoast_head":"<!-- This site is optimized with the Yoast SEO plugin v24.8 - https:\/\/yoast.com\/wordpress\/plugins\/seo\/ -->\n<title>Webinaire d&#039;information avec le R\u00e9seau Entreprendre ! - Empow&#039;Her<\/title>\n<meta name=\"robots\" content=\"index, follow, max-snippet:-1, max-image-preview:large, max-video-preview:-1\" \/>\n<link rel=\"canonical\" href=\"https:\/\/empow-her.com\/es\/produit\/webinaire-dinformation-avec-le-reseau-entreprendre\/\" \/>\n<meta property=\"og:locale\" content=\"es_ES\" \/>\n<meta property=\"og:type\" content=\"article\" \/>\n<meta property=\"og:title\" content=\"Webinaire d&#039;information avec le R\u00e9seau Entreprendre ! - Empow&#039;Her\" \/>\n<meta property=\"og:description\" content=\"Le R\u00e9seau Entreprendre accompagne les entrepreneur.e.s dans toutes les phases de cr\u00e9ation, de reprise et de d\u00e9veloppement de leur entreprise.  Nous organisons avec le R\u00e9seau, un webinaire d&#039;information\u00a0le 28 septembre \u00e0 17h30\u00a0avec pour objectif une pr\u00e9sentation de leurs diff\u00e9rents dispositifs d&#039;accompagnement pens\u00e9s en fonction de votre niveau de d\u00e9veloppement !  En pr\u00e9sence de: \u00a0Bertille de Saint-Vincent, Charg\u00e9e de mission Impact et Diversit\u00e9 \u00a0Alain Combe, Directeur R\u00e9seau Entreprendre Essonne \u00a0Dominique Da Silva, D\u00e9l\u00e9gu\u00e9e Internationale, R\u00e9f\u00e9rente Garantie BPI et Wom\u2019Energy  Elles.il r\u00e9pondront \u00e0 toutes vos questions !\" \/>\n<meta property=\"og:url\" content=\"https:\/\/empow-her.com\/es\/produit\/webinaire-dinformation-avec-le-reseau-entreprendre\/\" \/>\n<meta property=\"og:site_name\" content=\"Empow&#039;Her\" \/>\n<meta property=\"article:modified_time\" content=\"2021-09-22T15:40:50+00:00\" \/>\n<meta property=\"og:image\" content=\"https:\/\/empow-her.com\/wp-content\/uploads\/2021\/09\/TEMPLATE-EVENTS-WOMEN-DARE-3-1.png\" \/>\n\t<meta property=\"og:image:width\" content=\"1080\" \/>\n\t<meta property=\"og:image:height\" content=\"1080\" \/>\n\t<meta property=\"og:image:type\" content=\"image\/png\" \/>\n<meta name=\"twitter:card\" content=\"summary_large_image\" \/>\n<script type=\"application\/ld+json\" class=\"yoast-schema-graph\">{\"@context\":\"https:\/\/schema.org\",\"@graph\":[{\"@type\":\"WebPage\",\"@id\":\"https:\/\/empow-her.com\/es\/produit\/webinaire-dinformation-avec-le-reseau-entreprendre\/\",\"url\":\"https:\/\/empow-her.com\/es\/produit\/webinaire-dinformation-avec-le-reseau-entreprendre\/\",\"name\":\"Webinaire d'information avec le R\u00e9seau Entreprendre ! - Empow&#039;Her\",\"isPartOf\":{\"@id\":\"https:\/\/empow-her.com\/#website\"},\"primaryImageOfPage\":{\"@id\":\"https:\/\/empow-her.com\/es\/produit\/webinaire-dinformation-avec-le-reseau-entreprendre\/#primaryimage\"},\"image\":{\"@id\":\"https:\/\/empow-her.com\/es\/produit\/webinaire-dinformation-avec-le-reseau-entreprendre\/#primaryimage\"},\"thumbnailUrl\":\"https:\/\/empow-her.com\/wp-content\/uploads\/2021\/09\/TEMPLATE-EVENTS-WOMEN-DARE-3-1.png\",\"datePublished\":\"2021-09-22T15:25:06+00:00\",\"dateModified\":\"2021-09-22T15:40:50+00:00\",\"breadcrumb\":{\"@id\":\"https:\/\/empow-her.com\/es\/produit\/webinaire-dinformation-avec-le-reseau-entreprendre\/#breadcrumb\"},\"inLanguage\":\"es\",\"potentialAction\":[{\"@type\":\"ReadAction\",\"target\":[\"https:\/\/empow-her.com\/es\/produit\/webinaire-dinformation-avec-le-reseau-entreprendre\/\"]}]},{\"@type\":\"ImageObject\",\"inLanguage\":\"es\",\"@id\":\"https:\/\/empow-her.com\/es\/produit\/webinaire-dinformation-avec-le-reseau-entreprendre\/#primaryimage\",\"url\":\"https:\/\/empow-her.com\/wp-content\/uploads\/2021\/09\/TEMPLATE-EVENTS-WOMEN-DARE-3-1.png\",\"contentUrl\":\"https:\/\/empow-her.com\/wp-content\/uploads\/2021\/09\/TEMPLATE-EVENTS-WOMEN-DARE-3-1.png\",\"width\":1080,\"height\":1080},{\"@type\":\"BreadcrumbList\",\"@id\":\"https:\/\/empow-her.com\/es\/produit\/webinaire-dinformation-avec-le-reseau-entreprendre\/#breadcrumb\",\"itemListElement\":[{\"@type\":\"ListItem\",\"position\":1,\"name\":\"Accueil\",\"item\":\"https:\/\/empow-her.com\/es\/inicio\/\"},{\"@type\":\"ListItem\",\"position\":2,\"name\":\"LA BOUTIQUE\",\"item\":\"https:\/\/empow-her.com\/boutique\/\"},{\"@type\":\"ListItem\",\"position\":3,\"name\":\"Webinaire d&#8217;information avec le R\u00e9seau Entreprendre !\"}]},{\"@type\":\"WebSite\",\"@id\":\"https:\/\/empow-her.com\/#website\",\"url\":\"https:\/\/empow-her.com\/\",\"name\":\"Empow&#039;Her\",\"description\":\"Women Development\",\"potentialAction\":[{\"@type\":\"SearchAction\",\"target\":{\"@type\":\"EntryPoint\",\"urlTemplate\":\"https:\/\/empow-her.com\/?s={search_term_string}\"},\"query-input\":{\"@type\":\"PropertyValueSpecification\",\"valueRequired\":true,\"valueName\":\"search_term_string\"}}],\"inLanguage\":\"es\"}]}<\/script>\n<!-- \/ Yoast SEO plugin. -->","yoast_head_json":{"title":"Webinaire d'information avec le R\u00e9seau Entreprendre ! - Empow&#039;Her","robots":{"index":"index","follow":"follow","max-snippet":"max-snippet:-1","max-image-preview":"max-image-preview:large","max-video-preview":"max-video-preview:-1"},"canonical":"https:\/\/empow-her.com\/es\/produit\/webinaire-dinformation-avec-le-reseau-entreprendre\/","og_locale":"es_ES","og_type":"article","og_title":"Webinaire d'information avec le R\u00e9seau Entreprendre ! - Empow&#039;Her","og_description":"Le R\u00e9seau Entreprendre accompagne les entrepreneur.e.s dans toutes les phases de cr\u00e9ation, de reprise et de d\u00e9veloppement de leur entreprise.  Nous organisons avec le R\u00e9seau, un webinaire d'information\u00a0le 28 septembre \u00e0 17h30\u00a0avec pour objectif une pr\u00e9sentation de leurs diff\u00e9rents dispositifs d'accompagnement pens\u00e9s en fonction de votre niveau de d\u00e9veloppement !  En pr\u00e9sence de: \u00a0Bertille de Saint-Vincent, Charg\u00e9e de mission Impact et Diversit\u00e9 \u00a0Alain Combe, Directeur R\u00e9seau Entreprendre Essonne \u00a0Dominique Da Silva, D\u00e9l\u00e9gu\u00e9e Internationale, R\u00e9f\u00e9rente Garantie BPI et Wom\u2019Energy  Elles.il r\u00e9pondront \u00e0 toutes vos questions !","og_url":"https:\/\/empow-her.com\/es\/produit\/webinaire-dinformation-avec-le-reseau-entreprendre\/","og_site_name":"Empow&#039;Her","article_modified_time":"2021-09-22T15:40:50+00:00","og_image":[{"width":1080,"height":1080,"url":"https:\/\/empow-her.com\/wp-content\/uploads\/2021\/09\/TEMPLATE-EVENTS-WOMEN-DARE-3-1.png","type":"image\/png"}],"twitter_card":"summary_large_image","schema":{"@context":"https:\/\/schema.org","@graph":[{"@type":"WebPage","@id":"https:\/\/empow-her.com\/es\/produit\/webinaire-dinformation-avec-le-reseau-entreprendre\/","url":"https:\/\/empow-her.com\/es\/produit\/webinaire-dinformation-avec-le-reseau-entreprendre\/","name":"Webinaire d'information avec le R\u00e9seau Entreprendre ! - Empow&#039;Her","isPartOf":{"@id":"https:\/\/empow-her.com\/#website"},"primaryImageOfPage":{"@id":"https:\/\/empow-her.com\/es\/produit\/webinaire-dinformation-avec-le-reseau-entreprendre\/#primaryimage"},"image":{"@id":"https:\/\/empow-her.com\/es\/produit\/webinaire-dinformation-avec-le-reseau-entreprendre\/#primaryimage"},"thumbnailUrl":"https:\/\/empow-her.com\/wp-content\/uploads\/2021\/09\/TEMPLATE-EVENTS-WOMEN-DARE-3-1.png","datePublished":"2021-09-22T15:25:06+00:00","dateModified":"2021-09-22T15:40:50+00:00","breadcrumb":{"@id":"https:\/\/empow-her.com\/es\/produit\/webinaire-dinformation-avec-le-reseau-entreprendre\/#breadcrumb"},"inLanguage":"es","potentialAction":[{"@type":"ReadAction","target":["https:\/\/empow-her.com\/es\/produit\/webinaire-dinformation-avec-le-reseau-entreprendre\/"]}]},{"@type":"ImageObject","inLanguage":"es","@id":"https:\/\/empow-her.com\/es\/produit\/webinaire-dinformation-avec-le-reseau-entreprendre\/#primaryimage","url":"https:\/\/empow-her.com\/wp-content\/uploads\/2021\/09\/TEMPLATE-EVENTS-WOMEN-DARE-3-1.png","contentUrl":"https:\/\/empow-her.com\/wp-content\/uploads\/2021\/09\/TEMPLATE-EVENTS-WOMEN-DARE-3-1.png","width":1080,"height":1080},{"@type":"BreadcrumbList","@id":"https:\/\/empow-her.com\/es\/produit\/webinaire-dinformation-avec-le-reseau-entreprendre\/#breadcrumb","itemListElement":[{"@type":"ListItem","position":1,"name":"Accueil","item":"https:\/\/empow-her.com\/es\/inicio\/"},{"@type":"ListItem","position":2,"name":"LA BOUTIQUE","item":"https:\/\/empow-her.com\/boutique\/"},{"@type":"ListItem","position":3,"name":"Webinaire d&#8217;information avec le R\u00e9seau Entreprendre !"}]},{"@type":"WebSite","@id":"https:\/\/empow-her.com\/#website","url":"https:\/\/empow-her.com\/","name":"Empow&#039;Her","description":"Women Development","potentialAction":[{"@type":"SearchAction","target":{"@type":"EntryPoint","urlTemplate":"https:\/\/empow-her.com\/?s={search_term_string}"},"query-input":{"@type":"PropertyValueSpecification","valueRequired":true,"valueName":"search_term_string"}}],"inLanguage":"es"}]}},"_links":{"self":[{"href":"https:\/\/empow-her.com\/es\/wp-json\/wp\/v2\/product\/17507","targetHints":{"allow":["GET"]}}],"collection":[{"href":"https:\/\/empow-her.com\/es\/wp-json\/wp\/v2\/product"}],"about":[{"href":"https:\/\/empow-her.com\/es\/wp-json\/wp\/v2\/types\/product"}],"wp:featuredmedia":[{"embeddable":true,"href":"https:\/\/empow-her.com\/es\/wp-json\/wp\/v2\/media\/17510"}],"wp:attachment":[{"href":"https:\/\/empow-her.com\/es\/wp-json\/wp\/v2\/media?parent=17507"}],"wp:term":[{"taxonomy":"product_brand","embeddable":true,"href":"https:\/\/empow-her.com\/es\/wp-json\/wp\/v2\/product_brand?post=17507"},{"taxonomy":"product_cat","embeddable":true,"href":"https:\/\/empow-her.com\/es\/wp-json\/wp\/v2\/product_cat?post=17507"},{"taxonomy":"product_tag","embeddable":true,"href":"https:\/\/empow-her.com\/es\/wp-json\/wp\/v2\/product_tag?post=17507"},{"taxonomy":"lieu","embeddable":true,"href":"https:\/\/empow-her.com\/es\/wp-json\/wp\/v2\/lieu?post=17507"},{"taxonomy":"thematiques","embeddable":true,"href":"https:\/\/empow-her.com\/es\/wp-json\/wp\/v2\/thematiques?post=17507"}],"curies":[{"name":"wp","href":"https:\/\/api.w.org\/{rel}","templated":true}]}}