{"id":17204,"date":"2021-09-10T11:31:11","date_gmt":"2021-09-10T09:31:11","guid":{"rendered":"https:\/\/empow-her.com\/?post_type=product&#038;p=17204"},"modified":"2021-10-14T08:11:12","modified_gmt":"2021-10-14T06:11:12","slug":"atelier-apprehender-les-techniques-de-marketing-digital-et-les-reseaux-sociaux-pour-valoriser-son-projet","status":"publish","type":"product","link":"https:\/\/empow-her.com\/es\/produit\/atelier-apprehender-les-techniques-de-marketing-digital-et-les-reseaux-sociaux-pour-valoriser-son-projet\/","title":{"rendered":"Atelier &#8211; Appr\u00e9hender les techniques de marketing digital et les r\u00e9seaux sociaux pour valoriser son projet"},"content":{"rendered":"","protected":false},"excerpt":{"rendered":"<div>\n<p>Retrouvez Coralie Diebold, experte en communication et fondatrice de YesforComm lors d&#8217;un atelier collectif chez Sist&#8217;Her Paris pour :<\/p>\n<p>&#8211; D\u00e9velopper son activit\u00e9 gr\u00e2ce au marketing digital ;<br \/>\n&#8211; Optimiser le r\u00e9f\u00e9rencement de son site ;<br \/>\n&#8211; Construire son offre et identifier les types de contenus selon les canaux et les cibles ;<br \/>\n&#8211; Lancer et animer une communaut\u00e9 autour de son projet ;<br \/>\n&#8211; Se servir des r\u00e9seaux sociaux pour communiquer.<\/p>\n<p>Les techniques du marketing digital n&#8217;auront plus de secrets pour vous !<\/p>\n<\/div>\n<p>&nbsp;<\/p>\n<p><b>Atelier en ligne (sur Zoom) : le lien vous sera communiqu\u00e9 apr\u00e8s l&#8217;inscription<\/b><\/p>\n<p><strong>Date et horaires :<\/strong> Mardi 19 octobre, de 9h \u00e0 12h<\/p>\n<p>&nbsp;<\/p>\n<p><span data-sheets-value=\"{&quot;1&quot;:2,&quot;2&quot;:&quot;Alexandre Sourzac-Lami est co-fondateur de Comit, une structure sp\u00e9cialis\u00e9e qui con\u00e7oit et adapte des outils et m\u00e9thodes pour donner aux entrepreneur.e.s la capacit\u00e9 de d\u00e9velopper des mod\u00e8les \u00e9conomiques p\u00e9rennes.&quot;}\" data-sheets-userformat=\"{&quot;2&quot;:1055743,&quot;3&quot;:{&quot;1&quot;:0},&quot;4&quot;:{&quot;1&quot;:2,&quot;2&quot;:16777215},&quot;5&quot;:{&quot;1&quot;:[{&quot;1&quot;:2,&quot;2&quot;:0,&quot;5&quot;:{&quot;1&quot;:2,&quot;2&quot;:0}},{&quot;1&quot;:0,&quot;2&quot;:0,&quot;3&quot;:3},{&quot;1&quot;:1,&quot;2&quot;:0,&quot;4&quot;:1}]},&quot;6&quot;:{&quot;1&quot;:[{&quot;1&quot;:2,&quot;2&quot;:0,&quot;5&quot;:{&quot;1&quot;:2,&quot;2&quot;:0}},{&quot;1&quot;:0,&quot;2&quot;:0,&quot;3&quot;:3},{&quot;1&quot;:1,&quot;2&quot;:0,&quot;4&quot;:1}]},&quot;7&quot;:{&quot;1&quot;:[{&quot;1&quot;:2,&quot;2&quot;:0,&quot;5&quot;:{&quot;1&quot;:2,&quot;2&quot;:0}},{&quot;1&quot;:0,&quot;2&quot;:0,&quot;3&quot;:3},{&quot;1&quot;:1,&quot;2&quot;:0,&quot;4&quot;:1}]},&quot;8&quot;:{&quot;1&quot;:[{&quot;1&quot;:2,&quot;2&quot;:0,&quot;5&quot;:{&quot;1&quot;:2,&quot;2&quot;:0}},{&quot;1&quot;:0,&quot;2&quot;:0,&quot;3&quot;:3},{&quot;1&quot;:1,&quot;2&quot;:0,&quot;4&quot;:1}]},&quot;9&quot;:0,&quot;10&quot;:1,&quot;11&quot;:4,&quot;12&quot;:0,&quot;14&quot;:{&quot;1&quot;:2,&quot;2&quot;:0},&quot;15&quot;:&quot;Calibri&quot;,&quot;23&quot;:1}\" data-sheets-textstyleruns=\"{&quot;1&quot;:0}\uee10{&quot;1&quot;:43,&quot;2&quot;:{&quot;2&quot;:{&quot;1&quot;:2,&quot;2&quot;:1136076},&quot;9&quot;:1}}\uee10{&quot;1&quot;:48}\" data-sheets-hyperlinkruns=\"{&quot;1&quot;:43,&quot;2&quot;:&quot;https:\/\/www.comit.berlin\/&quot;}\uee10{&quot;1&quot;:48}\"><strong>Intervenantes :<\/strong>\u00a0Coralie est entrepreneure et fondatrice de l\u2019agence de communication\u00a0<a class=\"in-cell-link\" href=\"https:\/\/yesforcomm.com\/\" target=\"_blank\" rel=\"noopener noreferrer\">Yes for Comm<\/a>. Elle accompagne les entrepreneurs et porteurs de projet sur leur strat\u00e9gie globale de communication et sa mise en \u0153uvre op\u00e9rationnelle. Son expertise se concentre sur l\u2019augmentation de la visibilit\u00e9 et de la notori\u00e9t\u00e9 des marques \u00e0 impact. Coralie a \u00e0 c\u0153ur d\u2019encourager les initiatives qui ont du sens et de renforcer la confiance des femmes entrepreneures !<\/span><\/p>\n<p><strong>Le petit mot de Coralie<\/strong>\u00a0:<em>\u00a0Croyez en vous et en vos capacit\u00e9s ! Surtout, construisez un projet qui vous ressemble, parce que vous \u00eates unique !<\/em><\/p>\n<p>&nbsp;<\/p>\n<p>Ce projet est co-financ\u00e9 par le Fonds Social Europ\u00e9en.<\/p>\n<p><img decoding=\"async\" class=\"\" src=\"https:\/\/www.sep-asso.fr\/wp-content\/uploads\/2018\/02\/logo-union-europeenne.png\" alt=\"logo union europeenne \u2013 SEP\" width=\"87\" height=\"72\" \/>\u00a0\u00a0<img decoding=\"async\" class=\"alignnone wp-image-15218\" src=\"https:\/\/empow-her.com\/wp-content\/uploads\/2021\/06\/logo_fonds_social_europeen-300x187.png\" alt=\"\" width=\"104\" height=\"65\" srcset=\"https:\/\/empow-her.com\/wp-content\/uploads\/2021\/06\/logo_fonds_social_europeen-300x187.png 300w, https:\/\/empow-her.com\/wp-content\/uploads\/2021\/06\/logo_fonds_social_europeen-600x375.png 600w, https:\/\/empow-her.com\/wp-content\/uploads\/2021\/06\/logo_fonds_social_europeen-24x15.png 24w, https:\/\/empow-her.com\/wp-content\/uploads\/2021\/06\/logo_fonds_social_europeen-36x22.png 36w, https:\/\/empow-her.com\/wp-content\/uploads\/2021\/06\/logo_fonds_social_europeen-48x30.png 48w, https:\/\/empow-her.com\/wp-content\/uploads\/2021\/06\/logo_fonds_social_europeen.png 666w\" sizes=\"(max-width: 104px) 100vw, 104px\" \/>\u00a0<img decoding=\"async\" class=\"\" src=\"https:\/\/franceactive-idf.org\/wp-content\/uploads\/2020\/02\/logo-region-ile-de-france.png\" alt=\"Logo Region Ile De France - France Active \u00cele-de-France\" width=\"126\" height=\"29\" \/><\/p>\n","protected":false},"featured_media":111044,"template":"","format":"standard","meta":{"_acf_changed":false,"om_disable_all_campaigns":false,"_uf_show_specific_survey":0,"_uf_disable_surveys":false},"product_brand":[],"product_cat":[118],"product_tag":[],"lieu":[125],"thematiques":[],"class_list":{"0":"post-17204","1":"product","2":"type-product","3":"status-publish","4":"format-standard","5":"has-post-thumbnail","7":"product_cat-atelier-collectif","8":"lieu-en-ligne","10":"first","11":"instock","12":"virtual","13":"purchasable","14":"product-type-appointment"},"exclude_global_add_ons":[],"addons":[],"acf":[],"yoast_head":"<!-- This site is optimized with the Yoast SEO plugin v24.8 - https:\/\/yoast.com\/wordpress\/plugins\/seo\/ -->\n<title>Atelier - Appr\u00e9hender les techniques de marketing digital et les r\u00e9seaux sociaux pour valoriser son projet - Empow&#039;Her<\/title>\n<meta name=\"robots\" content=\"index, follow, max-snippet:-1, max-image-preview:large, max-video-preview:-1\" \/>\n<link rel=\"canonical\" href=\"https:\/\/empow-her.com\/es\/produit\/atelier-apprehender-les-techniques-de-marketing-digital-et-les-reseaux-sociaux-pour-valoriser-son-projet\/\" \/>\n<meta property=\"og:locale\" content=\"es_ES\" \/>\n<meta property=\"og:type\" content=\"article\" \/>\n<meta property=\"og:title\" content=\"Atelier - Appr\u00e9hender les techniques de marketing digital et les r\u00e9seaux sociaux pour valoriser son projet - Empow&#039;Her\" \/>\n<meta property=\"og:description\" content=\"Retrouvez Coralie Diebold, experte en communication et fondatrice de YesforComm lors d&#039;un atelier collectif chez Sist&#039;Her Paris pour :  - D\u00e9velopper son activit\u00e9 gr\u00e2ce au marketing digital ; - Optimiser le r\u00e9f\u00e9rencement de son site ; - Construire son offre et identifier les types de contenus selon les canaux et les cibles ; - Lancer et animer une communaut\u00e9 autour de son projet ; - Se servir des r\u00e9seaux sociaux pour communiquer.  Les techniques du marketing digital n&#039;auront plus de secrets pour vous !   &nbsp;  Atelier en ligne (sur Zoom) : le lien vous sera communiqu\u00e9 apr\u00e8s l&#039;inscription  Date et horaires : Mardi 19 octobre, de 9h \u00e0 12h  &nbsp;  Intervenantes :\u00a0Coralie est entrepreneure et fondatrice de l\u2019agence de communication\u00a0Yes for Comm. Elle accompagne les entrepreneurs et porteurs de projet sur leur strat\u00e9gie globale de communication et sa mise en \u0153uvre op\u00e9rationnelle. Son expertise se concentre sur l\u2019augmentation de la visibilit\u00e9 et de la notori\u00e9t\u00e9 des marques \u00e0 impact. Coralie a \u00e0 c\u0153ur d\u2019encourager les initiatives qui ont du sens et de renforcer la confiance des femmes entrepreneures !  Le petit mot de Coralie\u00a0:\u00a0Croyez en vous et en vos capacit\u00e9s ! Surtout, construisez un projet qui vous ressemble, parce que vous \u00eates unique !  &nbsp;  Ce projet est co-financ\u00e9 par le Fonds Social Europ\u00e9en.  \u00a0\u00a0\u00a0\" \/>\n<meta property=\"og:url\" content=\"https:\/\/empow-her.com\/es\/produit\/atelier-apprehender-les-techniques-de-marketing-digital-et-les-reseaux-sociaux-pour-valoriser-son-projet\/\" \/>\n<meta property=\"og:site_name\" content=\"Empow&#039;Her\" \/>\n<meta property=\"article:modified_time\" content=\"2021-10-14T06:11:12+00:00\" \/>\n<meta property=\"og:image\" content=\"https:\/\/empow-her.com\/wp-content\/uploads\/2021\/09\/TEMPLATES-EVENTS-WOMEN-DARE-AGENDA-1.png\" \/>\n\t<meta property=\"og:image:width\" content=\"1080\" \/>\n\t<meta property=\"og:image:height\" content=\"1080\" \/>\n\t<meta property=\"og:image:type\" content=\"image\/png\" \/>\n<meta name=\"twitter:card\" content=\"summary_large_image\" \/>\n<script type=\"application\/ld+json\" class=\"yoast-schema-graph\">{\"@context\":\"https:\/\/schema.org\",\"@graph\":[{\"@type\":\"WebPage\",\"@id\":\"https:\/\/empow-her.com\/es\/produit\/atelier-apprehender-les-techniques-de-marketing-digital-et-les-reseaux-sociaux-pour-valoriser-son-projet\/\",\"url\":\"https:\/\/empow-her.com\/es\/produit\/atelier-apprehender-les-techniques-de-marketing-digital-et-les-reseaux-sociaux-pour-valoriser-son-projet\/\",\"name\":\"Atelier - Appr\u00e9hender les techniques de marketing digital et les r\u00e9seaux sociaux pour valoriser son projet - Empow&#039;Her\",\"isPartOf\":{\"@id\":\"https:\/\/empow-her.com\/#website\"},\"primaryImageOfPage\":{\"@id\":\"https:\/\/empow-her.com\/es\/produit\/atelier-apprehender-les-techniques-de-marketing-digital-et-les-reseaux-sociaux-pour-valoriser-son-projet\/#primaryimage\"},\"image\":{\"@id\":\"https:\/\/empow-her.com\/es\/produit\/atelier-apprehender-les-techniques-de-marketing-digital-et-les-reseaux-sociaux-pour-valoriser-son-projet\/#primaryimage\"},\"thumbnailUrl\":\"https:\/\/empow-her.com\/wp-content\/uploads\/2021\/09\/TEMPLATES-EVENTS-WOMEN-DARE-AGENDA-1.png\",\"datePublished\":\"2021-09-10T09:31:11+00:00\",\"dateModified\":\"2021-10-14T06:11:12+00:00\",\"breadcrumb\":{\"@id\":\"https:\/\/empow-her.com\/es\/produit\/atelier-apprehender-les-techniques-de-marketing-digital-et-les-reseaux-sociaux-pour-valoriser-son-projet\/#breadcrumb\"},\"inLanguage\":\"es\",\"potentialAction\":[{\"@type\":\"ReadAction\",\"target\":[\"https:\/\/empow-her.com\/es\/produit\/atelier-apprehender-les-techniques-de-marketing-digital-et-les-reseaux-sociaux-pour-valoriser-son-projet\/\"]}]},{\"@type\":\"ImageObject\",\"inLanguage\":\"es\",\"@id\":\"https:\/\/empow-her.com\/es\/produit\/atelier-apprehender-les-techniques-de-marketing-digital-et-les-reseaux-sociaux-pour-valoriser-son-projet\/#primaryimage\",\"url\":\"https:\/\/empow-her.com\/wp-content\/uploads\/2021\/09\/TEMPLATES-EVENTS-WOMEN-DARE-AGENDA-1.png\",\"contentUrl\":\"https:\/\/empow-her.com\/wp-content\/uploads\/2021\/09\/TEMPLATES-EVENTS-WOMEN-DARE-AGENDA-1.png\",\"width\":1080,\"height\":1080},{\"@type\":\"BreadcrumbList\",\"@id\":\"https:\/\/empow-her.com\/es\/produit\/atelier-apprehender-les-techniques-de-marketing-digital-et-les-reseaux-sociaux-pour-valoriser-son-projet\/#breadcrumb\",\"itemListElement\":[{\"@type\":\"ListItem\",\"position\":1,\"name\":\"Accueil\",\"item\":\"https:\/\/empow-her.com\/es\/inicio\/\"},{\"@type\":\"ListItem\",\"position\":2,\"name\":\"LA BOUTIQUE\",\"item\":\"https:\/\/empow-her.com\/boutique\/\"},{\"@type\":\"ListItem\",\"position\":3,\"name\":\"Atelier &#8211; Appr\u00e9hender les techniques de marketing digital et les r\u00e9seaux sociaux pour valoriser son projet\"}]},{\"@type\":\"WebSite\",\"@id\":\"https:\/\/empow-her.com\/#website\",\"url\":\"https:\/\/empow-her.com\/\",\"name\":\"Empow&#039;Her\",\"description\":\"Women Development\",\"potentialAction\":[{\"@type\":\"SearchAction\",\"target\":{\"@type\":\"EntryPoint\",\"urlTemplate\":\"https:\/\/empow-her.com\/?s={search_term_string}\"},\"query-input\":{\"@type\":\"PropertyValueSpecification\",\"valueRequired\":true,\"valueName\":\"search_term_string\"}}],\"inLanguage\":\"es\"}]}<\/script>\n<!-- \/ Yoast SEO plugin. -->","yoast_head_json":{"title":"Atelier - Appr\u00e9hender les techniques de marketing digital et les r\u00e9seaux sociaux pour valoriser son projet - Empow&#039;Her","robots":{"index":"index","follow":"follow","max-snippet":"max-snippet:-1","max-image-preview":"max-image-preview:large","max-video-preview":"max-video-preview:-1"},"canonical":"https:\/\/empow-her.com\/es\/produit\/atelier-apprehender-les-techniques-de-marketing-digital-et-les-reseaux-sociaux-pour-valoriser-son-projet\/","og_locale":"es_ES","og_type":"article","og_title":"Atelier - Appr\u00e9hender les techniques de marketing digital et les r\u00e9seaux sociaux pour valoriser son projet - Empow&#039;Her","og_description":"Retrouvez Coralie Diebold, experte en communication et fondatrice de YesforComm lors d'un atelier collectif chez Sist'Her Paris pour :  - D\u00e9velopper son activit\u00e9 gr\u00e2ce au marketing digital ; - Optimiser le r\u00e9f\u00e9rencement de son site ; - Construire son offre et identifier les types de contenus selon les canaux et les cibles ; - Lancer et animer une communaut\u00e9 autour de son projet ; - Se servir des r\u00e9seaux sociaux pour communiquer.  Les techniques du marketing digital n'auront plus de secrets pour vous !   &nbsp;  Atelier en ligne (sur Zoom) : le lien vous sera communiqu\u00e9 apr\u00e8s l'inscription  Date et horaires : Mardi 19 octobre, de 9h \u00e0 12h  &nbsp;  Intervenantes :\u00a0Coralie est entrepreneure et fondatrice de l\u2019agence de communication\u00a0Yes for Comm. Elle accompagne les entrepreneurs et porteurs de projet sur leur strat\u00e9gie globale de communication et sa mise en \u0153uvre op\u00e9rationnelle. Son expertise se concentre sur l\u2019augmentation de la visibilit\u00e9 et de la notori\u00e9t\u00e9 des marques \u00e0 impact. Coralie a \u00e0 c\u0153ur d\u2019encourager les initiatives qui ont du sens et de renforcer la confiance des femmes entrepreneures !  Le petit mot de Coralie\u00a0:\u00a0Croyez en vous et en vos capacit\u00e9s ! Surtout, construisez un projet qui vous ressemble, parce que vous \u00eates unique !  &nbsp;  Ce projet est co-financ\u00e9 par le Fonds Social Europ\u00e9en.  \u00a0\u00a0\u00a0","og_url":"https:\/\/empow-her.com\/es\/produit\/atelier-apprehender-les-techniques-de-marketing-digital-et-les-reseaux-sociaux-pour-valoriser-son-projet\/","og_site_name":"Empow&#039;Her","article_modified_time":"2021-10-14T06:11:12+00:00","og_image":[{"width":1080,"height":1080,"url":"https:\/\/empow-her.com\/wp-content\/uploads\/2021\/09\/TEMPLATES-EVENTS-WOMEN-DARE-AGENDA-1.png","type":"image\/png"}],"twitter_card":"summary_large_image","schema":{"@context":"https:\/\/schema.org","@graph":[{"@type":"WebPage","@id":"https:\/\/empow-her.com\/es\/produit\/atelier-apprehender-les-techniques-de-marketing-digital-et-les-reseaux-sociaux-pour-valoriser-son-projet\/","url":"https:\/\/empow-her.com\/es\/produit\/atelier-apprehender-les-techniques-de-marketing-digital-et-les-reseaux-sociaux-pour-valoriser-son-projet\/","name":"Atelier - Appr\u00e9hender les techniques de marketing digital et les r\u00e9seaux sociaux pour valoriser son projet - Empow&#039;Her","isPartOf":{"@id":"https:\/\/empow-her.com\/#website"},"primaryImageOfPage":{"@id":"https:\/\/empow-her.com\/es\/produit\/atelier-apprehender-les-techniques-de-marketing-digital-et-les-reseaux-sociaux-pour-valoriser-son-projet\/#primaryimage"},"image":{"@id":"https:\/\/empow-her.com\/es\/produit\/atelier-apprehender-les-techniques-de-marketing-digital-et-les-reseaux-sociaux-pour-valoriser-son-projet\/#primaryimage"},"thumbnailUrl":"https:\/\/empow-her.com\/wp-content\/uploads\/2021\/09\/TEMPLATES-EVENTS-WOMEN-DARE-AGENDA-1.png","datePublished":"2021-09-10T09:31:11+00:00","dateModified":"2021-10-14T06:11:12+00:00","breadcrumb":{"@id":"https:\/\/empow-her.com\/es\/produit\/atelier-apprehender-les-techniques-de-marketing-digital-et-les-reseaux-sociaux-pour-valoriser-son-projet\/#breadcrumb"},"inLanguage":"es","potentialAction":[{"@type":"ReadAction","target":["https:\/\/empow-her.com\/es\/produit\/atelier-apprehender-les-techniques-de-marketing-digital-et-les-reseaux-sociaux-pour-valoriser-son-projet\/"]}]},{"@type":"ImageObject","inLanguage":"es","@id":"https:\/\/empow-her.com\/es\/produit\/atelier-apprehender-les-techniques-de-marketing-digital-et-les-reseaux-sociaux-pour-valoriser-son-projet\/#primaryimage","url":"https:\/\/empow-her.com\/wp-content\/uploads\/2021\/09\/TEMPLATES-EVENTS-WOMEN-DARE-AGENDA-1.png","contentUrl":"https:\/\/empow-her.com\/wp-content\/uploads\/2021\/09\/TEMPLATES-EVENTS-WOMEN-DARE-AGENDA-1.png","width":1080,"height":1080},{"@type":"BreadcrumbList","@id":"https:\/\/empow-her.com\/es\/produit\/atelier-apprehender-les-techniques-de-marketing-digital-et-les-reseaux-sociaux-pour-valoriser-son-projet\/#breadcrumb","itemListElement":[{"@type":"ListItem","position":1,"name":"Accueil","item":"https:\/\/empow-her.com\/es\/inicio\/"},{"@type":"ListItem","position":2,"name":"LA BOUTIQUE","item":"https:\/\/empow-her.com\/boutique\/"},{"@type":"ListItem","position":3,"name":"Atelier &#8211; Appr\u00e9hender les techniques de marketing digital et les r\u00e9seaux sociaux pour valoriser son projet"}]},{"@type":"WebSite","@id":"https:\/\/empow-her.com\/#website","url":"https:\/\/empow-her.com\/","name":"Empow&#039;Her","description":"Women Development","potentialAction":[{"@type":"SearchAction","target":{"@type":"EntryPoint","urlTemplate":"https:\/\/empow-her.com\/?s={search_term_string}"},"query-input":{"@type":"PropertyValueSpecification","valueRequired":true,"valueName":"search_term_string"}}],"inLanguage":"es"}]}},"_links":{"self":[{"href":"https:\/\/empow-her.com\/es\/wp-json\/wp\/v2\/product\/17204","targetHints":{"allow":["GET"]}}],"collection":[{"href":"https:\/\/empow-her.com\/es\/wp-json\/wp\/v2\/product"}],"about":[{"href":"https:\/\/empow-her.com\/es\/wp-json\/wp\/v2\/types\/product"}],"wp:featuredmedia":[{"embeddable":true,"href":"https:\/\/empow-her.com\/es\/wp-json\/wp\/v2\/media\/111044"}],"wp:attachment":[{"href":"https:\/\/empow-her.com\/es\/wp-json\/wp\/v2\/media?parent=17204"}],"wp:term":[{"taxonomy":"product_brand","embeddable":true,"href":"https:\/\/empow-her.com\/es\/wp-json\/wp\/v2\/product_brand?post=17204"},{"taxonomy":"product_cat","embeddable":true,"href":"https:\/\/empow-her.com\/es\/wp-json\/wp\/v2\/product_cat?post=17204"},{"taxonomy":"product_tag","embeddable":true,"href":"https:\/\/empow-her.com\/es\/wp-json\/wp\/v2\/product_tag?post=17204"},{"taxonomy":"lieu","embeddable":true,"href":"https:\/\/empow-her.com\/es\/wp-json\/wp\/v2\/lieu?post=17204"},{"taxonomy":"thematiques","embeddable":true,"href":"https:\/\/empow-her.com\/es\/wp-json\/wp\/v2\/thematiques?post=17204"}],"curies":[{"name":"wp","href":"https:\/\/api.w.org\/{rel}","templated":true}]}}