{"id":17157,"date":"2021-09-09T15:39:05","date_gmt":"2021-09-09T13:39:05","guid":{"rendered":"https:\/\/empow-her.com\/?post_type=product&#038;p=17157"},"modified":"2021-10-27T13:02:04","modified_gmt":"2021-10-27T11:02:04","slug":"soiree-de-cloture-de-lexposition-musas-urbanas","status":"publish","type":"product","link":"https:\/\/empow-her.com\/es\/produit\/soiree-de-cloture-de-lexposition-musas-urbanas\/","title":{"rendered":"Soir\u00e9e de cl\u00f4ture de l&#8217;exposition Musas [Urbanas]"},"content":{"rendered":"<p><strong>Musas [Urbanas]<\/strong> est une exposition photo &#x1f4f8; qui recueille les t\u00e9moignages de jeunes filles et jeunes femmes \u00e0 La Havane pendant l&#8217;\u00e9t\u00e9 2021, en particulier leurs exp\u00e9riences dans l&#8217;espace urbain r\u00e9alis\u00e9e par Zo\u00e9 Roth-Ogier. <strong>Venez d\u00e9couvrir cette belle exposition chez Sist&#8217;her du Lundi 25 Octobre au Vendredi 29 Octobre.<\/strong><\/p>\n<p>&nbsp;<\/p>\n<p>Ces Musas ont permis \u00e0 Zo\u00e9 de commencer \u00e0 d\u00e9cortiquer la question du genre et de la ville, elles vous feront s\u00fbrement r\u00e9fl\u00e9chir aussi. C&#8217;est un sujet fascinant qui forge nos quotidiens. L&#8217;exposition sera l&#8217;occasion d&#8217;\u00e9changer, de lire et de regarder ces t\u00e9moignages et de voyager \u00e0 travers les photos de la belle Havane et ces r\u00e9cits captivants.&#x1f30e;<br \/>\nCette soir\u00e9e de cl\u00f4ture sera \u00e9galement l&#8217;occasion de s&#8217;interroger sur la place des femmes dans l&#8217;espace urbain et de discuter de l&#8217;aspect genr\u00e9 de la ville autour d&#8217;une table ronde.<\/p>\n<p>Comment est ce que que la ville a \u00e9t\u00e9 construite par et pour les hommes ? Quelles ont \u00e9t\u00e9 les techniques d\u00e9velopp\u00e9es par ces femmes pour se sentir mieux dans le milieu urbain ? Comment pouvons nous nous inspirer du v\u00e9cu de ces femmes pour faire de nos villes des endroits plus sereins pour toutes et tous ?<\/p>\n<p><strong>Programme de la soir\u00e9e :<\/strong><\/p>\n<ul>\n<li><strong>18h30 &#8211; 19h30 : <\/strong>Table ronde autour de la place de la femme dans l&#8217;espace urbain avec Zo\u00e9 Roth-Ogier, la photographe de l&#8217;exposition + autres intervenant.e.s TBA<\/li>\n<li><strong>19h30 &#8211; 21h : <\/strong>Visite de l&#8217;exposition autour d&#8217;un verre<\/li>\n<\/ul>\n<p>&nbsp;<\/p>\n<p>&nbsp;<\/p>\n<p>&#x1f516; <strong>R\u00e9servation gratuite obligatoire <\/strong><\/p>\n<p>&nbsp;<\/p>\n<p>&#x1f50e; <strong>Zoom sur Zo\u00e9 Roth-Ogier :<\/strong> Zo\u00e9 est une jeune femme de 22 ans, elle porte le projet Musas [Urbanas] depuis F\u00e9vrier 2021. Ayant grandi \u00e0 Cuba de 4 \u00e0 14 ans, c\u2019est \u00e0 la Havane qu&#8217;elle a commenc\u00e9 \u00e0 naviguer dans l\u2019espace urbain en tant que fille. Aujourd&#8217;hui elle se pose beaucoup de questions sur le futur de nos villes, comment faire pour que l&#8217;espace urbain soit plus accessible, plus \u00e9galitaire, plus agr\u00e9able pour tous.tes.<\/p>\n<p>&nbsp;<\/p>\n<p>&#x1f4cd; <strong>Sist&#8217;her Paris<\/strong>, 82 rue du Faubourg St Martin<br \/>\nOuvert en mars 2021, Sist\u2019Her est le premier tiers-lieu d\u00e9di\u00e9 \u00e0 toutes celles qui souhaitent fa\u00e7onner le monde &#x1f30e;. Port\u00e9 par l\u2019association Empow\u2019Her, c\u2019est un lieu de vie bienveillant et joyeux, ouvert \u00e0 tou\u00b7te\u00b7s o\u00f9 il est possible de se former, cr\u00e9er et se rencontrer. &#x1f3e1;<\/p>\n<p>&nbsp;<\/p>\n<p>Ce projet est co-financ\u00e9 par le Fonds Social Europ\u00e9en.<\/p>\n<p><img decoding=\"async\" class=\"\" src=\"https:\/\/www.sep-asso.fr\/wp-content\/uploads\/2018\/02\/logo-union-europeenne.png\" alt=\"logo union europeenne \u2013 SEP\" width=\"87\" height=\"72\" \/>\u00a0\u00a0<img decoding=\"async\" class=\"alignnone wp-image-15218\" src=\"https:\/\/empow-her.com\/wp-content\/uploads\/2021\/06\/logo_fonds_social_europeen-300x187.png\" alt=\"\" width=\"104\" height=\"65\" srcset=\"https:\/\/empow-her.com\/wp-content\/uploads\/2021\/06\/logo_fonds_social_europeen-300x187.png 300w, https:\/\/empow-her.com\/wp-content\/uploads\/2021\/06\/logo_fonds_social_europeen-600x375.png 600w, https:\/\/empow-her.com\/wp-content\/uploads\/2021\/06\/logo_fonds_social_europeen-24x15.png 24w, https:\/\/empow-her.com\/wp-content\/uploads\/2021\/06\/logo_fonds_social_europeen-36x22.png 36w, https:\/\/empow-her.com\/wp-content\/uploads\/2021\/06\/logo_fonds_social_europeen-48x30.png 48w, https:\/\/empow-her.com\/wp-content\/uploads\/2021\/06\/logo_fonds_social_europeen.png 666w\" sizes=\"(max-width: 104px) 100vw, 104px\" \/> <img decoding=\"async\" class=\"\" src=\"https:\/\/franceactive-idf.org\/wp-content\/uploads\/2020\/02\/logo-region-ile-de-france.png\" alt=\"Logo Region Ile De France - France Active \u00cele-de-France\" width=\"126\" height=\"29\" \/><\/p>\n","protected":false},"excerpt":{"rendered":"<p><strong>Musas [Urbanas]<\/strong> est une exposition photo &#x1f4f8; qui recueille les t\u00e9moignages de jeunes filles et jeunes femmes \u00e0 La Havane pendant l&#8217;\u00e9t\u00e9 2021, en particulier leurs exp\u00e9riences dans l&#8217;espace urbain r\u00e9alis\u00e9e par Zo\u00e9 Roth-Ogier. <strong>Venez d\u00e9couvrir cette belle exposition chez Sist&#8217;her du Lundi 25 Octobre au Vendredi 29 Octobre.<\/strong><\/p>\n<p>&nbsp;<\/p>\n<p>Ces Musas ont permis \u00e0 Zo\u00e9 de commencer \u00e0 d\u00e9cortiquer la question du genre et de la ville, elles vous feront s\u00fbrement r\u00e9fl\u00e9chir aussi. C&#8217;est un sujet fascinant qui forge nos quotidiens. L&#8217;exposition sera l&#8217;occasion d&#8217;\u00e9changer, de lire et de regarder ces t\u00e9moignages et de voyager \u00e0 travers les photos de la belle Havane et ces r\u00e9cits captivants.&#x1f30e;<br \/>\nCette soir\u00e9e de cl\u00f4ture sera \u00e9galement l&#8217;occasion de s&#8217;interroger sur la place des femmes dans l&#8217;espace urbain et de discuter de l&#8217;aspect genr\u00e9 de la ville autour d&#8217;une table ronde.<\/p>\n<p>Comment est ce que que la ville a \u00e9t\u00e9 construite par et pour les hommes ? Quelles ont \u00e9t\u00e9 les techniques d\u00e9velopp\u00e9es par ces femmes pour se sentir mieux dans le milieu urbain ? Comment pouvons nous nous inspirer du v\u00e9cu de ces femmes pour faire de nos villes des endroits plus sereins pour toutes et tous ?<\/p>\n<p><strong>Programme de la soir\u00e9e :<\/strong><\/p>\n<ul>\n<li><strong>18h30 &#8211; 19h30 : <\/strong>Table ronde autour de la place de la femme dans l&#8217;espace urbain avec Zo\u00e9 Roth-Ogier, la photographe de l&#8217;exposition + autres intervenant.e.s TBA<\/li>\n<li><strong>19h30 &#8211; 21h : <\/strong>Visite de l&#8217;exposition autour d&#8217;un verre<\/li>\n<\/ul>\n<p>&nbsp;<\/p>\n<p>&nbsp;<\/p>\n<p>&#x1f516; <strong>R\u00e9servation gratuite obligatoire <\/strong><\/p>\n<p>&nbsp;<\/p>\n<p>&#x1f50e; <strong>Zoom sur Zo\u00e9 Roth-Ogier :<\/strong> Zo\u00e9 est une jeune femme de 22 ans, elle porte le projet Musas [Urbanas] depuis F\u00e9vrier 2021. Ayant grandi \u00e0 Cuba de 4 \u00e0 14 ans, c\u2019est \u00e0 la Havane qu&#8217;elle a commenc\u00e9 \u00e0 naviguer dans l\u2019espace urbain en tant que fille. Aujourd&#8217;hui elle se pose beaucoup de questions sur le futur de nos villes, comment faire pour que l&#8217;espace urbain soit plus accessible, plus \u00e9galitaire, plus agr\u00e9able pour tous.tes.<\/p>\n<p>&nbsp;<\/p>\n<p>&#x1f4cd; <strong>Sist&#8217;her Paris<\/strong>, 82 rue du Faubourg St Martin<br \/>\nOuvert en mars 2021, Sist\u2019Her est le premier tiers-lieu d\u00e9di\u00e9 \u00e0 toutes celles qui souhaitent fa\u00e7onner le monde &#x1f30e;. Port\u00e9 par l\u2019association Empow\u2019Her, c\u2019est un lieu de vie bienveillant et joyeux, ouvert \u00e0 tou\u00b7te\u00b7s o\u00f9 il est possible de se former, cr\u00e9er et se rencontrer. &#x1f3e1;<\/p>\n<p>&nbsp;<\/p>\n<p>Ce projet est co-financ\u00e9 par le Fonds Social Europ\u00e9en.<\/p>\n<p><img decoding=\"async\" class=\"\" src=\"https:\/\/www.sep-asso.fr\/wp-content\/uploads\/2018\/02\/logo-union-europeenne.png\" alt=\"logo union europeenne \u2013 SEP\" width=\"87\" height=\"72\" \/>\u00a0\u00a0<img decoding=\"async\" class=\"alignnone wp-image-15218\" src=\"https:\/\/empow-her.com\/wp-content\/uploads\/2021\/06\/logo_fonds_social_europeen-300x187.png\" alt=\"\" width=\"104\" height=\"65\" srcset=\"https:\/\/empow-her.com\/wp-content\/uploads\/2021\/06\/logo_fonds_social_europeen-300x187.png 300w, https:\/\/empow-her.com\/wp-content\/uploads\/2021\/06\/logo_fonds_social_europeen-600x375.png 600w, https:\/\/empow-her.com\/wp-content\/uploads\/2021\/06\/logo_fonds_social_europeen-24x15.png 24w, https:\/\/empow-her.com\/wp-content\/uploads\/2021\/06\/logo_fonds_social_europeen-36x22.png 36w, https:\/\/empow-her.com\/wp-content\/uploads\/2021\/06\/logo_fonds_social_europeen-48x30.png 48w, https:\/\/empow-her.com\/wp-content\/uploads\/2021\/06\/logo_fonds_social_europeen.png 666w\" sizes=\"(max-width: 104px) 100vw, 104px\" \/> <img decoding=\"async\" class=\"\" src=\"https:\/\/franceactive-idf.org\/wp-content\/uploads\/2020\/02\/logo-region-ile-de-france.png\" alt=\"Logo Region Ile De France - France Active \u00cele-de-France\" width=\"126\" height=\"29\" \/><\/p>\n","protected":false},"featured_media":17169,"template":"","format":"standard","meta":{"_acf_changed":false,"om_disable_all_campaigns":false,"_uf_show_specific_survey":0,"_uf_disable_surveys":false},"product_brand":[],"product_cat":[119],"product_tag":[],"lieu":[127],"thematiques":[],"class_list":{"0":"post-17157","1":"product","2":"type-product","3":"status-publish","4":"format-standard","5":"has-post-thumbnail","7":"product_cat-evenement-sisther","8":"lieu-hub-empowher","10":"first","11":"instock","12":"virtual","13":"purchasable","14":"product-type-appointment"},"exclude_global_add_ons":[],"addons":[],"acf":[],"yoast_head":"<!-- This site is optimized with the Yoast SEO plugin v24.8 - https:\/\/yoast.com\/wordpress\/plugins\/seo\/ -->\n<title>Soir\u00e9e de cl\u00f4ture de l&#039;exposition Musas [Urbanas] - Empow&#039;Her<\/title>\n<meta name=\"robots\" content=\"index, follow, max-snippet:-1, max-image-preview:large, max-video-preview:-1\" \/>\n<link rel=\"canonical\" href=\"https:\/\/empow-her.com\/es\/produit\/soiree-de-cloture-de-lexposition-musas-urbanas\/\" \/>\n<meta property=\"og:locale\" content=\"es_ES\" \/>\n<meta property=\"og:type\" content=\"article\" \/>\n<meta property=\"og:title\" content=\"Soir\u00e9e de cl\u00f4ture de l&#039;exposition Musas [Urbanas] - Empow&#039;Her\" \/>\n<meta property=\"og:description\" content=\"Musas [Urbanas] est une exposition photo &#x1f4f8; qui recueille les t\u00e9moignages de jeunes filles et jeunes femmes \u00e0 La Havane pendant l&#039;\u00e9t\u00e9 2021, en particulier leurs exp\u00e9riences dans l&#039;espace urbain r\u00e9alis\u00e9e par Zo\u00e9 Roth-Ogier. Venez d\u00e9couvrir cette belle exposition chez Sist&#039;her du Lundi 25 Octobre au Vendredi 29 Octobre.  &nbsp;  Ces Musas ont permis \u00e0 Zo\u00e9 de commencer \u00e0 d\u00e9cortiquer la question du genre et de la ville, elles vous feront s\u00fbrement r\u00e9fl\u00e9chir aussi. C&#039;est un sujet fascinant qui forge nos quotidiens. L&#039;exposition sera l&#039;occasion d&#039;\u00e9changer, de lire et de regarder ces t\u00e9moignages et de voyager \u00e0 travers les photos de la belle Havane et ces r\u00e9cits captivants.&#x1f30e; Cette soir\u00e9e de cl\u00f4ture sera \u00e9galement l&#039;occasion de s&#039;interroger sur la place des femmes dans l&#039;espace urbain et de discuter de l&#039;aspect genr\u00e9 de la ville autour d&#039;une table ronde.  Comment est ce que que la ville a \u00e9t\u00e9 construite par et pour les hommes ? Quelles ont \u00e9t\u00e9 les techniques d\u00e9velopp\u00e9es par ces femmes pour se sentir mieux dans le milieu urbain ? Comment pouvons nous nous inspirer du v\u00e9cu de ces femmes pour faire de nos villes des endroits plus sereins pour toutes et tous ?  Programme de la soir\u00e9e :   18h30 - 19h30 : Table ronde autour de la place de la femme dans l&#039;espace urbain avec Zo\u00e9 Roth-Ogier, la photographe de l&#039;exposition + autres intervenant.e.s TBA  19h30 - 21h : Visite de l&#039;exposition autour d&#039;un verre  &nbsp;  &nbsp;  &#x1f516; R\u00e9servation gratuite obligatoire   &nbsp;  &#x1f50e; Zoom sur Zo\u00e9 Roth-Ogier : Zo\u00e9 est une jeune femme de 22 ans, elle porte le projet Musas [Urbanas] depuis F\u00e9vrier 2021. Ayant grandi \u00e0 Cuba de 4 \u00e0 14 ans, c\u2019est \u00e0 la Havane qu&#039;elle a commenc\u00e9 \u00e0 naviguer dans l\u2019espace urbain en tant que fille. Aujourd&#039;hui elle se pose beaucoup de questions sur le futur de nos villes, comment faire pour que l&#039;espace urbain soit plus accessible, plus \u00e9galitaire, plus agr\u00e9able pour tous.tes.  &nbsp;  &#x1f4cd; Sist&#039;her Paris, 82 rue du Faubourg St Martin Ouvert en mars 2021, Sist\u2019Her est le premier tiers-lieu d\u00e9di\u00e9 \u00e0 toutes celles qui souhaitent fa\u00e7onner le monde &#x1f30e;. Port\u00e9 par l\u2019association Empow\u2019Her, c\u2019est un lieu de vie bienveillant et joyeux, ouvert \u00e0 tou\u00b7te\u00b7s o\u00f9 il est possible de se former, cr\u00e9er et se rencontrer. &#x1f3e1;  &nbsp;  Ce projet est co-financ\u00e9 par le Fonds Social Europ\u00e9en.  \u00a0\u00a0\" \/>\n<meta property=\"og:url\" content=\"https:\/\/empow-her.com\/es\/produit\/soiree-de-cloture-de-lexposition-musas-urbanas\/\" \/>\n<meta property=\"og:site_name\" content=\"Empow&#039;Her\" \/>\n<meta property=\"article:modified_time\" content=\"2021-10-27T11:02:04+00:00\" \/>\n<meta property=\"og:image\" content=\"https:\/\/empow-her.com\/wp-content\/uploads\/2021\/09\/STICKER-SISTHER15.png\" \/>\n\t<meta property=\"og:image:width\" content=\"1080\" \/>\n\t<meta property=\"og:image:height\" content=\"1080\" \/>\n\t<meta property=\"og:image:type\" content=\"image\/png\" \/>\n<meta name=\"twitter:card\" content=\"summary_large_image\" \/>\n<meta name=\"twitter:label1\" content=\"Tiempo de lectura\" \/>\n\t<meta name=\"twitter:data1\" content=\"3 minutos\" \/>\n<script type=\"application\/ld+json\" class=\"yoast-schema-graph\">{\"@context\":\"https:\/\/schema.org\",\"@graph\":[{\"@type\":\"WebPage\",\"@id\":\"https:\/\/empow-her.com\/es\/produit\/soiree-de-cloture-de-lexposition-musas-urbanas\/\",\"url\":\"https:\/\/empow-her.com\/es\/produit\/soiree-de-cloture-de-lexposition-musas-urbanas\/\",\"name\":\"Soir\u00e9e de cl\u00f4ture de l'exposition Musas [Urbanas] - Empow&#039;Her\",\"isPartOf\":{\"@id\":\"https:\/\/empow-her.com\/#website\"},\"primaryImageOfPage\":{\"@id\":\"https:\/\/empow-her.com\/es\/produit\/soiree-de-cloture-de-lexposition-musas-urbanas\/#primaryimage\"},\"image\":{\"@id\":\"https:\/\/empow-her.com\/es\/produit\/soiree-de-cloture-de-lexposition-musas-urbanas\/#primaryimage\"},\"thumbnailUrl\":\"https:\/\/empow-her.com\/wp-content\/uploads\/2021\/09\/STICKER-SISTHER15.png\",\"datePublished\":\"2021-09-09T13:39:05+00:00\",\"dateModified\":\"2021-10-27T11:02:04+00:00\",\"breadcrumb\":{\"@id\":\"https:\/\/empow-her.com\/es\/produit\/soiree-de-cloture-de-lexposition-musas-urbanas\/#breadcrumb\"},\"inLanguage\":\"es\",\"potentialAction\":[{\"@type\":\"ReadAction\",\"target\":[\"https:\/\/empow-her.com\/es\/produit\/soiree-de-cloture-de-lexposition-musas-urbanas\/\"]}]},{\"@type\":\"ImageObject\",\"inLanguage\":\"es\",\"@id\":\"https:\/\/empow-her.com\/es\/produit\/soiree-de-cloture-de-lexposition-musas-urbanas\/#primaryimage\",\"url\":\"https:\/\/empow-her.com\/wp-content\/uploads\/2021\/09\/STICKER-SISTHER15.png\",\"contentUrl\":\"https:\/\/empow-her.com\/wp-content\/uploads\/2021\/09\/STICKER-SISTHER15.png\",\"width\":1080,\"height\":1080},{\"@type\":\"BreadcrumbList\",\"@id\":\"https:\/\/empow-her.com\/es\/produit\/soiree-de-cloture-de-lexposition-musas-urbanas\/#breadcrumb\",\"itemListElement\":[{\"@type\":\"ListItem\",\"position\":1,\"name\":\"Accueil\",\"item\":\"https:\/\/empow-her.com\/es\/inicio\/\"},{\"@type\":\"ListItem\",\"position\":2,\"name\":\"LA BOUTIQUE\",\"item\":\"https:\/\/empow-her.com\/boutique\/\"},{\"@type\":\"ListItem\",\"position\":3,\"name\":\"Soir\u00e9e de cl\u00f4ture de l&#8217;exposition Musas [Urbanas]\"}]},{\"@type\":\"WebSite\",\"@id\":\"https:\/\/empow-her.com\/#website\",\"url\":\"https:\/\/empow-her.com\/\",\"name\":\"Empow&#039;Her\",\"description\":\"Women Development\",\"potentialAction\":[{\"@type\":\"SearchAction\",\"target\":{\"@type\":\"EntryPoint\",\"urlTemplate\":\"https:\/\/empow-her.com\/?s={search_term_string}\"},\"query-input\":{\"@type\":\"PropertyValueSpecification\",\"valueRequired\":true,\"valueName\":\"search_term_string\"}}],\"inLanguage\":\"es\"}]}<\/script>\n<!-- \/ Yoast SEO plugin. -->","yoast_head_json":{"title":"Soir\u00e9e de cl\u00f4ture de l'exposition Musas [Urbanas] - Empow&#039;Her","robots":{"index":"index","follow":"follow","max-snippet":"max-snippet:-1","max-image-preview":"max-image-preview:large","max-video-preview":"max-video-preview:-1"},"canonical":"https:\/\/empow-her.com\/es\/produit\/soiree-de-cloture-de-lexposition-musas-urbanas\/","og_locale":"es_ES","og_type":"article","og_title":"Soir\u00e9e de cl\u00f4ture de l'exposition Musas [Urbanas] - Empow&#039;Her","og_description":"Musas [Urbanas] est une exposition photo &#x1f4f8; qui recueille les t\u00e9moignages de jeunes filles et jeunes femmes \u00e0 La Havane pendant l'\u00e9t\u00e9 2021, en particulier leurs exp\u00e9riences dans l'espace urbain r\u00e9alis\u00e9e par Zo\u00e9 Roth-Ogier. Venez d\u00e9couvrir cette belle exposition chez Sist'her du Lundi 25 Octobre au Vendredi 29 Octobre.  &nbsp;  Ces Musas ont permis \u00e0 Zo\u00e9 de commencer \u00e0 d\u00e9cortiquer la question du genre et de la ville, elles vous feront s\u00fbrement r\u00e9fl\u00e9chir aussi. C'est un sujet fascinant qui forge nos quotidiens. L'exposition sera l'occasion d'\u00e9changer, de lire et de regarder ces t\u00e9moignages et de voyager \u00e0 travers les photos de la belle Havane et ces r\u00e9cits captivants.&#x1f30e; Cette soir\u00e9e de cl\u00f4ture sera \u00e9galement l'occasion de s'interroger sur la place des femmes dans l'espace urbain et de discuter de l'aspect genr\u00e9 de la ville autour d'une table ronde.  Comment est ce que que la ville a \u00e9t\u00e9 construite par et pour les hommes ? Quelles ont \u00e9t\u00e9 les techniques d\u00e9velopp\u00e9es par ces femmes pour se sentir mieux dans le milieu urbain ? Comment pouvons nous nous inspirer du v\u00e9cu de ces femmes pour faire de nos villes des endroits plus sereins pour toutes et tous ?  Programme de la soir\u00e9e :   18h30 - 19h30 : Table ronde autour de la place de la femme dans l'espace urbain avec Zo\u00e9 Roth-Ogier, la photographe de l'exposition + autres intervenant.e.s TBA  19h30 - 21h : Visite de l'exposition autour d'un verre  &nbsp;  &nbsp;  &#x1f516; R\u00e9servation gratuite obligatoire   &nbsp;  &#x1f50e; Zoom sur Zo\u00e9 Roth-Ogier : Zo\u00e9 est une jeune femme de 22 ans, elle porte le projet Musas [Urbanas] depuis F\u00e9vrier 2021. Ayant grandi \u00e0 Cuba de 4 \u00e0 14 ans, c\u2019est \u00e0 la Havane qu'elle a commenc\u00e9 \u00e0 naviguer dans l\u2019espace urbain en tant que fille. Aujourd'hui elle se pose beaucoup de questions sur le futur de nos villes, comment faire pour que l'espace urbain soit plus accessible, plus \u00e9galitaire, plus agr\u00e9able pour tous.tes.  &nbsp;  &#x1f4cd; Sist'her Paris, 82 rue du Faubourg St Martin Ouvert en mars 2021, Sist\u2019Her est le premier tiers-lieu d\u00e9di\u00e9 \u00e0 toutes celles qui souhaitent fa\u00e7onner le monde &#x1f30e;. Port\u00e9 par l\u2019association Empow\u2019Her, c\u2019est un lieu de vie bienveillant et joyeux, ouvert \u00e0 tou\u00b7te\u00b7s o\u00f9 il est possible de se former, cr\u00e9er et se rencontrer. &#x1f3e1;  &nbsp;  Ce projet est co-financ\u00e9 par le Fonds Social Europ\u00e9en.  \u00a0\u00a0","og_url":"https:\/\/empow-her.com\/es\/produit\/soiree-de-cloture-de-lexposition-musas-urbanas\/","og_site_name":"Empow&#039;Her","article_modified_time":"2021-10-27T11:02:04+00:00","og_image":[{"width":1080,"height":1080,"url":"https:\/\/empow-her.com\/wp-content\/uploads\/2021\/09\/STICKER-SISTHER15.png","type":"image\/png"}],"twitter_card":"summary_large_image","twitter_misc":{"Tiempo de lectura":"3 minutos"},"schema":{"@context":"https:\/\/schema.org","@graph":[{"@type":"WebPage","@id":"https:\/\/empow-her.com\/es\/produit\/soiree-de-cloture-de-lexposition-musas-urbanas\/","url":"https:\/\/empow-her.com\/es\/produit\/soiree-de-cloture-de-lexposition-musas-urbanas\/","name":"Soir\u00e9e de cl\u00f4ture de l'exposition Musas [Urbanas] - Empow&#039;Her","isPartOf":{"@id":"https:\/\/empow-her.com\/#website"},"primaryImageOfPage":{"@id":"https:\/\/empow-her.com\/es\/produit\/soiree-de-cloture-de-lexposition-musas-urbanas\/#primaryimage"},"image":{"@id":"https:\/\/empow-her.com\/es\/produit\/soiree-de-cloture-de-lexposition-musas-urbanas\/#primaryimage"},"thumbnailUrl":"https:\/\/empow-her.com\/wp-content\/uploads\/2021\/09\/STICKER-SISTHER15.png","datePublished":"2021-09-09T13:39:05+00:00","dateModified":"2021-10-27T11:02:04+00:00","breadcrumb":{"@id":"https:\/\/empow-her.com\/es\/produit\/soiree-de-cloture-de-lexposition-musas-urbanas\/#breadcrumb"},"inLanguage":"es","potentialAction":[{"@type":"ReadAction","target":["https:\/\/empow-her.com\/es\/produit\/soiree-de-cloture-de-lexposition-musas-urbanas\/"]}]},{"@type":"ImageObject","inLanguage":"es","@id":"https:\/\/empow-her.com\/es\/produit\/soiree-de-cloture-de-lexposition-musas-urbanas\/#primaryimage","url":"https:\/\/empow-her.com\/wp-content\/uploads\/2021\/09\/STICKER-SISTHER15.png","contentUrl":"https:\/\/empow-her.com\/wp-content\/uploads\/2021\/09\/STICKER-SISTHER15.png","width":1080,"height":1080},{"@type":"BreadcrumbList","@id":"https:\/\/empow-her.com\/es\/produit\/soiree-de-cloture-de-lexposition-musas-urbanas\/#breadcrumb","itemListElement":[{"@type":"ListItem","position":1,"name":"Accueil","item":"https:\/\/empow-her.com\/es\/inicio\/"},{"@type":"ListItem","position":2,"name":"LA BOUTIQUE","item":"https:\/\/empow-her.com\/boutique\/"},{"@type":"ListItem","position":3,"name":"Soir\u00e9e de cl\u00f4ture de l&#8217;exposition Musas [Urbanas]"}]},{"@type":"WebSite","@id":"https:\/\/empow-her.com\/#website","url":"https:\/\/empow-her.com\/","name":"Empow&#039;Her","description":"Women Development","potentialAction":[{"@type":"SearchAction","target":{"@type":"EntryPoint","urlTemplate":"https:\/\/empow-her.com\/?s={search_term_string}"},"query-input":{"@type":"PropertyValueSpecification","valueRequired":true,"valueName":"search_term_string"}}],"inLanguage":"es"}]}},"_links":{"self":[{"href":"https:\/\/empow-her.com\/es\/wp-json\/wp\/v2\/product\/17157","targetHints":{"allow":["GET"]}}],"collection":[{"href":"https:\/\/empow-her.com\/es\/wp-json\/wp\/v2\/product"}],"about":[{"href":"https:\/\/empow-her.com\/es\/wp-json\/wp\/v2\/types\/product"}],"wp:featuredmedia":[{"embeddable":true,"href":"https:\/\/empow-her.com\/es\/wp-json\/wp\/v2\/media\/17169"}],"wp:attachment":[{"href":"https:\/\/empow-her.com\/es\/wp-json\/wp\/v2\/media?parent=17157"}],"wp:term":[{"taxonomy":"product_brand","embeddable":true,"href":"https:\/\/empow-her.com\/es\/wp-json\/wp\/v2\/product_brand?post=17157"},{"taxonomy":"product_cat","embeddable":true,"href":"https:\/\/empow-her.com\/es\/wp-json\/wp\/v2\/product_cat?post=17157"},{"taxonomy":"product_tag","embeddable":true,"href":"https:\/\/empow-her.com\/es\/wp-json\/wp\/v2\/product_tag?post=17157"},{"taxonomy":"lieu","embeddable":true,"href":"https:\/\/empow-her.com\/es\/wp-json\/wp\/v2\/lieu?post=17157"},{"taxonomy":"thematiques","embeddable":true,"href":"https:\/\/empow-her.com\/es\/wp-json\/wp\/v2\/thematiques?post=17157"}],"curies":[{"name":"wp","href":"https:\/\/api.w.org\/{rel}","templated":true}]}}