{"id":166132,"date":"2023-05-15T16:37:11","date_gmt":"2023-05-15T14:37:11","guid":{"rendered":"https:\/\/empow-her.com\/?post_type=product&#038;p=166132"},"modified":"2023-05-15T17:17:06","modified_gmt":"2023-05-15T15:17:06","slug":"atelier-powher-investir-et-prendre-soin-de-son-matrimoine","status":"publish","type":"product","link":"https:\/\/empow-her.com\/es\/produit\/atelier-powher-investir-et-prendre-soin-de-son-matrimoine\/","title":{"rendered":"Atelier Pow&#8217;her &#8211; Investir et prendre soin de son matrimoine"},"content":{"rendered":"<div>\n<div>\n<p><span style=\"font-weight: 400;\">&#x1f4c8; <\/span>Depuis des si\u00e8cles, l&#8217;investissement et la Finance se conjuguent peu au f\u00e9minin. Encore aujourd&#8217;hui, alors que les femmes gravissent les \u00e9chelons dans leur vie professionnelle, elles connaissent beaucoup de freins dans le d\u00e9veloppement de leur matrimoine. Les femmes investissent 30 % de moins que les hommes et sont plus enclines \u00e0 opter pour des solutions d\u2019\u00e9pargne de type livrets. Pourtant, elles devraient \u00eatre d\u2019autant plus sensibilis\u00e9es \u00e0 investir, moins r\u00e9mun\u00e9r\u00e9es avec des vies professionnelles parfois discontinues, elles gagnent 40,5% de moins \u00e0 leur retraite. Ne pas investir met en p\u00e9ril le financement de leurs projets de vie et leur ind\u00e9pendance financi\u00e8re.<\/p>\n<p><span style=\"font-weight: 400;\">&#x1f4b0; <\/span>Pourtant, investir c\u2019est tout simplement donner du sens \u00e0 son \u00e9pargne, placer son argent au service de ses ambitions et affirmer ses valeurs. G\u00e9rer son patrimoine, c\u2019est \u00eatre actrice de sa vie actuelle et future. Gagner en libert\u00e9 financi\u00e8re, pr\u00e9parer sa transmission : en pensant son h\u00e9ritage et en donnant l\u2019exemple.<\/p>\n<p>Au programme, nous aborderons le sujet de femmes et de l&#8217;investissement avec un rappel historique, les freins et leviers \u00e0 activer aujourd&#8217;hui, pour donner du sens \u00e0 son \u00e9pargne et pr\u00e9parer son futur.<\/p>\n<p>Cet atelier est anim\u00e9 par Salom\u00e9 DAHAN SFEDJ, Conseill\u00e8re en gestion de Patrimoine et fondatrice de Matrimoine Invest. Analyste financi\u00e8re, elle a fait mes premi\u00e8res armes \u00e0 la Soci\u00e9t\u00e9 G\u00e9n\u00e9rale en strat\u00e9gie d\u2019investissement. En fondant Matrimoine Invest, elle souhaite donner envie aux femmes d\u2019investir en clarifiant avec elles leur projet de vie et en mettant en place une strat\u00e9gie adapt\u00e9e \u00e0 chacune.<\/p>\n<div><\/div>\n<\/div>\n<div><span class=\"fxk3tzhb b2rh1bv3 gh55jysx m8h3af8h ewco64xe kjdc1dyq ms56khn7 bq6c9xl4 eohcrkr5 akh3l2rg\"><img decoding=\"async\" src=\"https:\/\/static.xx.fbcdn.net\/images\/emoji.php\/v9\/te4\/1.5\/16\/26a1.png\" alt=\"&#x26a1;&#xfe0f;\" width=\"16\" height=\"16\" \/><\/span><span class=\"fxk3tzhb b2rh1bv3 gh55jysx m8h3af8h ewco64xe kjdc1dyq ms56khn7 bq6c9xl4 eohcrkr5 akh3l2rg\"><img decoding=\"async\" src=\"https:\/\/static.xx.fbcdn.net\/images\/emoji.php\/v9\/te4\/1.5\/16\/26a1.png\" alt=\"&#x26a1;&#xfe0f;\" width=\"16\" height=\"16\" \/><\/span><span class=\"fxk3tzhb b2rh1bv3 gh55jysx m8h3af8h ewco64xe kjdc1dyq ms56khn7 bq6c9xl4 eohcrkr5 akh3l2rg\"><img decoding=\"async\" src=\"https:\/\/static.xx.fbcdn.net\/images\/emoji.php\/v9\/te4\/1.5\/16\/26a1.png\" alt=\"&#x26a1;&#xfe0f;\" width=\"16\" height=\"16\" \/><\/span><\/div>\n<\/div>\n<div><\/div>\n<div class=\"l7ghb35v kjdc1dyq kmwttqpk gh25dzvf jikcssrz\"><strong>Infos pratiques<\/strong><br \/>\n<span class=\"fxk3tzhb b2rh1bv3 gh55jysx m8h3af8h ewco64xe kjdc1dyq ms56khn7 bq6c9xl4 eohcrkr5 akh3l2rg\"><img decoding=\"async\" src=\"https:\/\/static.xx.fbcdn.net\/images\/emoji.php\/v9\/td7\/1.5\/16\/1f4c5.png\" alt=\"&#x1f4c5;\" width=\"16\" height=\"16\" \/><\/span> L\u2019\u00e9v\u00e9nement se d\u00e9roulera le lundi 12 juin de 18h30 \u00e0 20h30<br \/>\n<span class=\"fxk3tzhb b2rh1bv3 gh55jysx m8h3af8h ewco64xe kjdc1dyq ms56khn7 bq6c9xl4 eohcrkr5 akh3l2rg\"><img decoding=\"async\" src=\"https:\/\/static.xx.fbcdn.net\/images\/emoji.php\/v9\/t8b\/1.5\/16\/1f516.png\" alt=\"&#x1f516;\" width=\"16\" height=\"16\" \/><\/span> R\u00e9servation gratuite obligatoire<br \/>\n<span class=\"fxk3tzhb b2rh1bv3 gh55jysx m8h3af8h ewco64xe kjdc1dyq ms56khn7 bq6c9xl4 eohcrkr5 akh3l2rg\"><img loading=\"lazy\" decoding=\"async\" src=\"https:\/\/static.xx.fbcdn.net\/images\/emoji.php\/v9\/t86\/1.5\/16\/1f4cd.png\" alt=\"&#x1f4cd;\" width=\"16\" height=\"16\" \/><\/span> Sist\u2019Her : 82 rue du Faubourg Saint-Martin 75010 Paris<\/div>\n<div><\/div>\n<div class=\"l7ghb35v kjdc1dyq kmwttqpk gh25dzvf jikcssrz\">Ouvert en mars 2021, Sist\u2019Her est le premier tiers-lieu sorore, d\u00e9di\u00e9 aux entrepreneuses et \u00e0 l&#8217;impact en \u00cele-de-France. Port\u00e9 par l\u2019association Empow\u2019Her, c\u2019est un lieu de formations et de rencontres inclusif et collaboratif. Ouvert \u00e0 tou\u00b7te\u00b7s o\u00f9 il est possible de se former, s\u2019inspirer, s\u2019engager et se rencontrer.<\/div>\n<div><\/div>\n<div class=\"l7ghb35v kjdc1dyq kmwttqpk gh25dzvf jikcssrz\">A tr\u00e8s vite ! <span class=\"fxk3tzhb b2rh1bv3 gh55jysx m8h3af8h ewco64xe kjdc1dyq ms56khn7 bq6c9xl4 eohcrkr5 akh3l2rg\"><img loading=\"lazy\" decoding=\"async\" src=\"https:\/\/static.xx.fbcdn.net\/images\/emoji.php\/v9\/t56\/1.5\/16\/1f64c.png\" alt=\"&#x1f64c;\" width=\"16\" height=\"16\" \/><\/span><\/div>\n","protected":false},"excerpt":{"rendered":"<div class=\"x11i5rnm xat24cr x1mh8g0r x1vvkbs xtlvy1s\">\n<div>\n<div>\n<p><span style=\"font-weight: 400;\">&#x1f4c8; <\/span>Depuis des si\u00e8cles, l&#8217;investissement et la Finance se conjuguent peu au f\u00e9minin. Encore aujourd&#8217;hui, alors que les femmes gravissent les \u00e9chelons dans leur vie professionnelle, elles connaissent beaucoup de freins dans le d\u00e9veloppement de leur matrimoine. Les femmes investissent 30 % de moins que les hommes et sont plus enclines \u00e0 opter pour des solutions d\u2019\u00e9pargne de type livrets. Pourtant, elles devraient \u00eatre d\u2019autant plus sensibilis\u00e9es \u00e0 investir, moins r\u00e9mun\u00e9r\u00e9es avec des vies professionnelles parfois discontinues, elles gagnent 40,5% de moins \u00e0 leur retraite. Ne pas investir met en p\u00e9ril le financement de leurs projets de vie et leur ind\u00e9pendance financi\u00e8re.<\/p>\n<p><span style=\"font-weight: 400;\">&#x1f4b0; <\/span>Pourtant, investir c\u2019est tout simplement donner du sens \u00e0 son \u00e9pargne, placer son argent au service de ses ambitions et affirmer ses valeurs. G\u00e9rer son patrimoine, c\u2019est \u00eatre actrice de sa vie actuelle et future. Gagner en libert\u00e9 financi\u00e8re, pr\u00e9parer sa transmission : en pensant son h\u00e9ritage et en donnant l\u2019exemple.<\/p>\n<p>Au programme, nous aborderons le sujet de femmes et de l&#8217;investissement avec un rappel historique, les freins et leviers \u00e0 activer aujourd&#8217;hui, pour donner du sens \u00e0 son \u00e9pargne et pr\u00e9parer son futur.<\/p>\n<p>Cet atelier est anim\u00e9 par Salom\u00e9 DAHAN SFEDJ, Conseill\u00e8re en gestion de Patrimoine et fondatrice de Matrimoine Invest. Analyste financi\u00e8re, elle a fait mes premi\u00e8res armes \u00e0 la Soci\u00e9t\u00e9 G\u00e9n\u00e9rale en strat\u00e9gie d\u2019investissement. En fondant Matrimoine Invest, elle souhaite donner envie aux femmes d\u2019investir en clarifiant avec elles leur projet de vie et en mettant en place une strat\u00e9gie adapt\u00e9e \u00e0 chacune.<\/p>\n<div><\/div>\n<\/div>\n<div><span class=\"fxk3tzhb b2rh1bv3 gh55jysx m8h3af8h ewco64xe kjdc1dyq ms56khn7 bq6c9xl4 eohcrkr5 akh3l2rg\"><img decoding=\"async\" src=\"https:\/\/static.xx.fbcdn.net\/images\/emoji.php\/v9\/te4\/1.5\/16\/26a1.png\" alt=\"&#x26a1;&#xfe0f;\" width=\"16\" height=\"16\" \/><\/span><span class=\"fxk3tzhb b2rh1bv3 gh55jysx m8h3af8h ewco64xe kjdc1dyq ms56khn7 bq6c9xl4 eohcrkr5 akh3l2rg\"><img decoding=\"async\" src=\"https:\/\/static.xx.fbcdn.net\/images\/emoji.php\/v9\/te4\/1.5\/16\/26a1.png\" alt=\"&#x26a1;&#xfe0f;\" width=\"16\" height=\"16\" \/><\/span><span class=\"fxk3tzhb b2rh1bv3 gh55jysx m8h3af8h ewco64xe kjdc1dyq ms56khn7 bq6c9xl4 eohcrkr5 akh3l2rg\"><img decoding=\"async\" src=\"https:\/\/static.xx.fbcdn.net\/images\/emoji.php\/v9\/te4\/1.5\/16\/26a1.png\" alt=\"&#x26a1;&#xfe0f;\" width=\"16\" height=\"16\" \/><\/span><\/div>\n<\/div>\n<div><\/div>\n<div class=\"l7ghb35v kjdc1dyq kmwttqpk gh25dzvf jikcssrz\"><strong>Infos pratiques<\/strong><br \/>\n<span class=\"fxk3tzhb b2rh1bv3 gh55jysx m8h3af8h ewco64xe kjdc1dyq ms56khn7 bq6c9xl4 eohcrkr5 akh3l2rg\"><img decoding=\"async\" src=\"https:\/\/static.xx.fbcdn.net\/images\/emoji.php\/v9\/td7\/1.5\/16\/1f4c5.png\" alt=\"&#x1f4c5;\" width=\"16\" height=\"16\" \/><\/span> L\u2019\u00e9v\u00e9nement se d\u00e9roulera le lundi 12 juin de 18h30 \u00e0 20h30<br \/>\n<span class=\"fxk3tzhb b2rh1bv3 gh55jysx m8h3af8h ewco64xe kjdc1dyq ms56khn7 bq6c9xl4 eohcrkr5 akh3l2rg\"><img decoding=\"async\" src=\"https:\/\/static.xx.fbcdn.net\/images\/emoji.php\/v9\/t8b\/1.5\/16\/1f516.png\" alt=\"&#x1f516;\" width=\"16\" height=\"16\" \/><\/span> R\u00e9servation gratuite obligatoire<br \/>\n<span class=\"fxk3tzhb b2rh1bv3 gh55jysx m8h3af8h ewco64xe kjdc1dyq ms56khn7 bq6c9xl4 eohcrkr5 akh3l2rg\"><img loading=\"lazy\" decoding=\"async\" src=\"https:\/\/static.xx.fbcdn.net\/images\/emoji.php\/v9\/t86\/1.5\/16\/1f4cd.png\" alt=\"&#x1f4cd;\" width=\"16\" height=\"16\" \/><\/span> Sist\u2019Her : 82 rue du Faubourg Saint-Martin 75010 Paris<\/div>\n<div><\/div>\n<div class=\"l7ghb35v kjdc1dyq kmwttqpk gh25dzvf jikcssrz\">Ouvert en mars 2021, Sist\u2019Her est le premier tiers-lieu sorore, d\u00e9di\u00e9 aux entrepreneuses et \u00e0 l&#8217;impact en \u00cele-de-France. Port\u00e9 par l\u2019association Empow\u2019Her, c\u2019est un lieu de formations et de rencontres inclusif et collaboratif. Ouvert \u00e0 tou\u00b7te\u00b7s o\u00f9 il est possible de se former, s\u2019inspirer, s\u2019engager et se rencontrer.<\/div>\n<div><\/div>\n<div class=\"l7ghb35v kjdc1dyq kmwttqpk gh25dzvf jikcssrz\">A tr\u00e8s vite ! <span class=\"fxk3tzhb b2rh1bv3 gh55jysx m8h3af8h ewco64xe kjdc1dyq ms56khn7 bq6c9xl4 eohcrkr5 akh3l2rg\"><img loading=\"lazy\" decoding=\"async\" src=\"https:\/\/static.xx.fbcdn.net\/images\/emoji.php\/v9\/t56\/1.5\/16\/1f64c.png\" alt=\"&#x1f64c;\" width=\"16\" height=\"16\" \/><\/span><\/div>\n<\/div>\n","protected":false},"featured_media":166135,"template":"","format":"standard","meta":{"_acf_changed":false,"om_disable_all_campaigns":false,"_uf_show_specific_survey":0,"_uf_disable_surveys":false},"product_brand":[],"product_cat":[119],"product_tag":[],"lieu":[127],"thematiques":[],"class_list":{"0":"post-166132","1":"product","2":"type-product","3":"status-publish","4":"format-standard","5":"has-post-thumbnail","7":"product_cat-evenement-sisther","8":"lieu-hub-empowher","10":"first","11":"instock","12":"virtual","13":"purchasable","14":"product-type-appointment"},"exclude_global_add_ons":[],"addons":[],"acf":[],"yoast_head":"<!-- This site is optimized with the Yoast SEO plugin v24.8 - https:\/\/yoast.com\/wordpress\/plugins\/seo\/ -->\n<title>Atelier Pow&#039;her - Investir et prendre soin de son matrimoine<\/title>\n<meta name=\"description\" content=\"Apprenez \u00e0 donner du sens \u00e0 son \u00e9pargne et pr\u00e9parer son futur avec Salom\u00e9 DAHAN SFEDJ ! Rendez-vous lundi 12 mai \u00e0 18h30 chez Sist&#039;Her Paris.\u00a0\" \/>\n<meta name=\"robots\" content=\"index, follow, max-snippet:-1, max-image-preview:large, max-video-preview:-1\" \/>\n<link rel=\"canonical\" href=\"https:\/\/empow-her.com\/produit\/atelier-powher-investir-et-prendre-soin-de-son-matrimoine\/\" \/>\n<meta property=\"og:locale\" content=\"es_ES\" \/>\n<meta property=\"og:type\" content=\"article\" \/>\n<meta property=\"og:title\" content=\"Atelier Pow&#039;her - Investir et prendre soin de son matrimoine\" \/>\n<meta property=\"og:description\" content=\"Apprenez \u00e0 donner du sens \u00e0 son \u00e9pargne et pr\u00e9parer son futur avec Salom\u00e9 DAHAN SFEDJ ! Rendez-vous lundi 12 mai \u00e0 18h30 chez Sist&#039;Her Paris.\u00a0\" \/>\n<meta property=\"og:url\" content=\"https:\/\/empow-her.com\/produit\/atelier-powher-investir-et-prendre-soin-de-son-matrimoine\/\" \/>\n<meta property=\"og:site_name\" content=\"Empow&#039;Her\" \/>\n<meta property=\"article:modified_time\" content=\"2023-05-15T15:17:06+00:00\" \/>\n<meta property=\"og:image\" content=\"https:\/\/empow-her.com\/wp-content\/uploads\/2023\/05\/POWHER-mtrimoine.png\" \/>\n\t<meta property=\"og:image:width\" content=\"1080\" \/>\n\t<meta property=\"og:image:height\" content=\"1080\" \/>\n\t<meta property=\"og:image:type\" content=\"image\/png\" \/>\n<meta name=\"twitter:card\" content=\"summary_large_image\" \/>\n<meta name=\"twitter:label1\" content=\"Tiempo de lectura\" \/>\n\t<meta name=\"twitter:data1\" content=\"4 minutos\" \/>\n<script type=\"application\/ld+json\" class=\"yoast-schema-graph\">{\"@context\":\"https:\/\/schema.org\",\"@graph\":[{\"@type\":\"WebPage\",\"@id\":\"https:\/\/empow-her.com\/produit\/atelier-powher-investir-et-prendre-soin-de-son-matrimoine\/\",\"url\":\"https:\/\/empow-her.com\/produit\/atelier-powher-investir-et-prendre-soin-de-son-matrimoine\/\",\"name\":\"Atelier Pow'her - Investir et prendre soin de son matrimoine\",\"isPartOf\":{\"@id\":\"https:\/\/empow-her.com\/#website\"},\"primaryImageOfPage\":{\"@id\":\"https:\/\/empow-her.com\/produit\/atelier-powher-investir-et-prendre-soin-de-son-matrimoine\/#primaryimage\"},\"image\":{\"@id\":\"https:\/\/empow-her.com\/produit\/atelier-powher-investir-et-prendre-soin-de-son-matrimoine\/#primaryimage\"},\"thumbnailUrl\":\"https:\/\/empow-her.com\/wp-content\/uploads\/2023\/05\/POWHER-mtrimoine.png\",\"datePublished\":\"2023-05-15T14:37:11+00:00\",\"dateModified\":\"2023-05-15T15:17:06+00:00\",\"description\":\"Apprenez \u00e0 donner du sens \u00e0 son \u00e9pargne et pr\u00e9parer son futur avec Salom\u00e9 DAHAN SFEDJ ! Rendez-vous lundi 12 mai \u00e0 18h30 chez Sist'Her Paris.\u00a0\",\"breadcrumb\":{\"@id\":\"https:\/\/empow-her.com\/produit\/atelier-powher-investir-et-prendre-soin-de-son-matrimoine\/#breadcrumb\"},\"inLanguage\":\"es\",\"potentialAction\":[{\"@type\":\"ReadAction\",\"target\":[\"https:\/\/empow-her.com\/produit\/atelier-powher-investir-et-prendre-soin-de-son-matrimoine\/\"]}]},{\"@type\":\"ImageObject\",\"inLanguage\":\"es\",\"@id\":\"https:\/\/empow-her.com\/produit\/atelier-powher-investir-et-prendre-soin-de-son-matrimoine\/#primaryimage\",\"url\":\"https:\/\/empow-her.com\/wp-content\/uploads\/2023\/05\/POWHER-mtrimoine.png\",\"contentUrl\":\"https:\/\/empow-her.com\/wp-content\/uploads\/2023\/05\/POWHER-mtrimoine.png\",\"width\":1080,\"height\":1080},{\"@type\":\"BreadcrumbList\",\"@id\":\"https:\/\/empow-her.com\/produit\/atelier-powher-investir-et-prendre-soin-de-son-matrimoine\/#breadcrumb\",\"itemListElement\":[{\"@type\":\"ListItem\",\"position\":1,\"name\":\"Accueil\",\"item\":\"https:\/\/empow-her.com\/es\/inicio\/\"},{\"@type\":\"ListItem\",\"position\":2,\"name\":\"LA BOUTIQUE\",\"item\":\"https:\/\/empow-her.com\/boutique\/\"},{\"@type\":\"ListItem\",\"position\":3,\"name\":\"Atelier Pow&#8217;her &#8211; Investir et prendre soin de son matrimoine\"}]},{\"@type\":\"WebSite\",\"@id\":\"https:\/\/empow-her.com\/#website\",\"url\":\"https:\/\/empow-her.com\/\",\"name\":\"Empow&#039;Her\",\"description\":\"Women Development\",\"potentialAction\":[{\"@type\":\"SearchAction\",\"target\":{\"@type\":\"EntryPoint\",\"urlTemplate\":\"https:\/\/empow-her.com\/?s={search_term_string}\"},\"query-input\":{\"@type\":\"PropertyValueSpecification\",\"valueRequired\":true,\"valueName\":\"search_term_string\"}}],\"inLanguage\":\"es\"}]}<\/script>\n<!-- \/ Yoast SEO plugin. -->","yoast_head_json":{"title":"Atelier Pow'her - Investir et prendre soin de son matrimoine","description":"Apprenez \u00e0 donner du sens \u00e0 son \u00e9pargne et pr\u00e9parer son futur avec Salom\u00e9 DAHAN SFEDJ ! Rendez-vous lundi 12 mai \u00e0 18h30 chez Sist'Her Paris.\u00a0","robots":{"index":"index","follow":"follow","max-snippet":"max-snippet:-1","max-image-preview":"max-image-preview:large","max-video-preview":"max-video-preview:-1"},"canonical":"https:\/\/empow-her.com\/produit\/atelier-powher-investir-et-prendre-soin-de-son-matrimoine\/","og_locale":"es_ES","og_type":"article","og_title":"Atelier Pow'her - Investir et prendre soin de son matrimoine","og_description":"Apprenez \u00e0 donner du sens \u00e0 son \u00e9pargne et pr\u00e9parer son futur avec Salom\u00e9 DAHAN SFEDJ ! Rendez-vous lundi 12 mai \u00e0 18h30 chez Sist'Her Paris.\u00a0","og_url":"https:\/\/empow-her.com\/produit\/atelier-powher-investir-et-prendre-soin-de-son-matrimoine\/","og_site_name":"Empow&#039;Her","article_modified_time":"2023-05-15T15:17:06+00:00","og_image":[{"width":1080,"height":1080,"url":"https:\/\/empow-her.com\/wp-content\/uploads\/2023\/05\/POWHER-mtrimoine.png","type":"image\/png"}],"twitter_card":"summary_large_image","twitter_misc":{"Tiempo de lectura":"4 minutos"},"schema":{"@context":"https:\/\/schema.org","@graph":[{"@type":"WebPage","@id":"https:\/\/empow-her.com\/produit\/atelier-powher-investir-et-prendre-soin-de-son-matrimoine\/","url":"https:\/\/empow-her.com\/produit\/atelier-powher-investir-et-prendre-soin-de-son-matrimoine\/","name":"Atelier Pow'her - Investir et prendre soin de son matrimoine","isPartOf":{"@id":"https:\/\/empow-her.com\/#website"},"primaryImageOfPage":{"@id":"https:\/\/empow-her.com\/produit\/atelier-powher-investir-et-prendre-soin-de-son-matrimoine\/#primaryimage"},"image":{"@id":"https:\/\/empow-her.com\/produit\/atelier-powher-investir-et-prendre-soin-de-son-matrimoine\/#primaryimage"},"thumbnailUrl":"https:\/\/empow-her.com\/wp-content\/uploads\/2023\/05\/POWHER-mtrimoine.png","datePublished":"2023-05-15T14:37:11+00:00","dateModified":"2023-05-15T15:17:06+00:00","description":"Apprenez \u00e0 donner du sens \u00e0 son \u00e9pargne et pr\u00e9parer son futur avec Salom\u00e9 DAHAN SFEDJ ! Rendez-vous lundi 12 mai \u00e0 18h30 chez Sist'Her Paris.\u00a0","breadcrumb":{"@id":"https:\/\/empow-her.com\/produit\/atelier-powher-investir-et-prendre-soin-de-son-matrimoine\/#breadcrumb"},"inLanguage":"es","potentialAction":[{"@type":"ReadAction","target":["https:\/\/empow-her.com\/produit\/atelier-powher-investir-et-prendre-soin-de-son-matrimoine\/"]}]},{"@type":"ImageObject","inLanguage":"es","@id":"https:\/\/empow-her.com\/produit\/atelier-powher-investir-et-prendre-soin-de-son-matrimoine\/#primaryimage","url":"https:\/\/empow-her.com\/wp-content\/uploads\/2023\/05\/POWHER-mtrimoine.png","contentUrl":"https:\/\/empow-her.com\/wp-content\/uploads\/2023\/05\/POWHER-mtrimoine.png","width":1080,"height":1080},{"@type":"BreadcrumbList","@id":"https:\/\/empow-her.com\/produit\/atelier-powher-investir-et-prendre-soin-de-son-matrimoine\/#breadcrumb","itemListElement":[{"@type":"ListItem","position":1,"name":"Accueil","item":"https:\/\/empow-her.com\/es\/inicio\/"},{"@type":"ListItem","position":2,"name":"LA BOUTIQUE","item":"https:\/\/empow-her.com\/boutique\/"},{"@type":"ListItem","position":3,"name":"Atelier Pow&#8217;her &#8211; Investir et prendre soin de son matrimoine"}]},{"@type":"WebSite","@id":"https:\/\/empow-her.com\/#website","url":"https:\/\/empow-her.com\/","name":"Empow&#039;Her","description":"Women Development","potentialAction":[{"@type":"SearchAction","target":{"@type":"EntryPoint","urlTemplate":"https:\/\/empow-her.com\/?s={search_term_string}"},"query-input":{"@type":"PropertyValueSpecification","valueRequired":true,"valueName":"search_term_string"}}],"inLanguage":"es"}]}},"_links":{"self":[{"href":"https:\/\/empow-her.com\/es\/wp-json\/wp\/v2\/product\/166132","targetHints":{"allow":["GET"]}}],"collection":[{"href":"https:\/\/empow-her.com\/es\/wp-json\/wp\/v2\/product"}],"about":[{"href":"https:\/\/empow-her.com\/es\/wp-json\/wp\/v2\/types\/product"}],"wp:featuredmedia":[{"embeddable":true,"href":"https:\/\/empow-her.com\/es\/wp-json\/wp\/v2\/media\/166135"}],"wp:attachment":[{"href":"https:\/\/empow-her.com\/es\/wp-json\/wp\/v2\/media?parent=166132"}],"wp:term":[{"taxonomy":"product_brand","embeddable":true,"href":"https:\/\/empow-her.com\/es\/wp-json\/wp\/v2\/product_brand?post=166132"},{"taxonomy":"product_cat","embeddable":true,"href":"https:\/\/empow-her.com\/es\/wp-json\/wp\/v2\/product_cat?post=166132"},{"taxonomy":"product_tag","embeddable":true,"href":"https:\/\/empow-her.com\/es\/wp-json\/wp\/v2\/product_tag?post=166132"},{"taxonomy":"lieu","embeddable":true,"href":"https:\/\/empow-her.com\/es\/wp-json\/wp\/v2\/lieu?post=166132"},{"taxonomy":"thematiques","embeddable":true,"href":"https:\/\/empow-her.com\/es\/wp-json\/wp\/v2\/thematiques?post=166132"}],"curies":[{"name":"wp","href":"https:\/\/api.w.org\/{rel}","templated":true}]}}