{"id":165046,"date":"2023-05-11T12:04:16","date_gmt":"2023-05-11T10:04:16","guid":{"rendered":"https:\/\/empow-her.com\/?post_type=product&#038;p=165046"},"modified":"2023-05-11T12:10:47","modified_gmt":"2023-05-11T10:10:47","slug":"new-atelier-introduction-a-la-fiscalite-dentreprise-et-dune-association","status":"publish","type":"product","link":"https:\/\/empow-her.com\/es\/produit\/new-atelier-introduction-a-la-fiscalite-dentreprise-et-dune-association\/","title":{"rendered":"NEW- Atelier &#8211; Introduction \u00e0 la fiscalit\u00e9 d&#8217;entreprise et d&#8217;une association"},"content":{"rendered":"","protected":false},"excerpt":{"rendered":"<p><strong>Description<\/strong> :<\/p>\n<p>J&#8217;aimerais comprendre le r\u00e9gime fiscal qui s&#8217;appliquera \u00e0 mon activit\u00e9 et \u00eatre orient\u00e9e sur les diff\u00e9rentes options afin de confirmer mon choix de structuration de projet.<\/p>\n<p>Cet atelier a pour vocation de pr\u00e9senter le cadre fiscal d&#8217;une entreprise, ainsi que les bonnes pratiques de gestion en fonction du choix de la structure. Nous r\u00e9pondons aux questions suivantes :<\/p>\n<ul>\n<li>Quelles sont les conditions \u00e0 respecter pour ne pas payer de la TVA ?<\/li>\n<li>Quels avantages entre une entreprise et une association au niveau fiscal ?<\/li>\n<li>Quels imp\u00f4ts \u00e0 payer en autoentrepreneur et en entreprise ?<\/li>\n<li>Quelle est la diff\u00e9rence entre une association et une entreprise (au niveau fiscal) ?<\/li>\n<\/ul>\n<p><strong>Intervenant.e :\u00a0<\/strong><strong>Julien Steinberg d&#8217;Impact Lawyers<\/strong><\/p>\n<p><strong>Pr\u00e9-requis : <\/strong>Pour cet atelier, il est recommand\u00e9 d\u2019avoir d\u00e9j\u00e0 r\u00e9fl\u00e9chi sur la structuration juridique et d&#8217;avoir une id\u00e9e sur le mod\u00e8le \u00e9conomique<\/p>\n<p><span data-sheets-value=\"{&quot;1&quot;:2,&quot;2&quot;:&quot;nVous souhaitez vous inscrire \u00e0 cette session ? Merci d'indiquer votre besoin principal en remplissant ce questionnaire avant la session : https:\/\/airtable.com\/shrbpqpYDX8WKP0gJ nou communiquez-le par mail \u00e0 votre r\u00e9f\u00e9rente Empow'Her : nadege.serrero@empow-her.com&quot;}\" data-sheets-userformat=\"{&quot;2&quot;:4993,&quot;3&quot;:{&quot;1&quot;:0},&quot;10&quot;:1,&quot;11&quot;:4,&quot;12&quot;:0,&quot;15&quot;:&quot;Hind&quot;}\">Vous souhaitez vous inscrire \u00e0 cette session ? <strong>Merci d&#8217;indiquer votre besoin principal en remplissant ce questionnaire avant la session<\/strong> : <a href=\"https:\/\/airtable.com\/shrbpqpYDX8WKP0gJ\">https:\/\/airtable.com\/shrbpqpYDX8WKP0gJ <\/a><\/span><\/p>\n<p><strong> Lieu<\/strong> : Sist&#8217;Her Paris, 82 rue du Faubourg Saint-Martin<\/p>\n<p><strong>Attention !<\/strong> Veuillez vous pr\u00e9senter \u00e0 l&#8217;heure pour que l&#8217;activit\u00e9 puisse commencer \u00e0 temps. Si vous avez du retard veuillez pr\u00e9venir l&#8217;intervenant.e. Si vous avez plus de 15 min de retard l&#8217;intervenant.e se r\u00e9serve le droit de ne plus vous accepter pour le coaching ou l&#8217;atelier.<\/p>\n","protected":false},"featured_media":165047,"template":"","format":"standard","meta":{"_acf_changed":false,"om_disable_all_campaigns":false,"_uf_show_specific_survey":0,"_uf_disable_surveys":false},"product_brand":[],"product_cat":[118],"product_tag":[132],"lieu":[127],"thematiques":[],"class_list":{"0":"post-165046","1":"product","2":"type-product","3":"status-publish","4":"format-standard","5":"has-post-thumbnail","7":"product_cat-atelier-collectif","8":"product_tag-sisther","9":"lieu-hub-empowher","11":"first","12":"instock","13":"virtual","14":"purchasable","15":"product-type-appointment"},"exclude_global_add_ons":[],"addons":[],"acf":[],"yoast_head":"<!-- This site is optimized with the Yoast SEO plugin v24.8 - https:\/\/yoast.com\/wordpress\/plugins\/seo\/ -->\n<title>NEW- Atelier - Introduction \u00e0 la fiscalit\u00e9 d&#039;entreprise et d&#039;une association - Empow&#039;Her<\/title>\n<meta name=\"robots\" content=\"index, follow, max-snippet:-1, max-image-preview:large, max-video-preview:-1\" \/>\n<link rel=\"canonical\" href=\"https:\/\/empow-her.com\/produit\/new-atelier-introduction-a-la-fiscalite-dentreprise-et-dune-association\/\" \/>\n<meta property=\"og:locale\" content=\"es_ES\" \/>\n<meta property=\"og:type\" content=\"article\" \/>\n<meta property=\"og:title\" content=\"NEW- Atelier - Introduction \u00e0 la fiscalit\u00e9 d&#039;entreprise et d&#039;une association - Empow&#039;Her\" \/>\n<meta property=\"og:description\" content=\"Description :  J&#039;aimerais comprendre le r\u00e9gime fiscal qui s&#039;appliquera \u00e0 mon activit\u00e9 et \u00eatre orient\u00e9e sur les diff\u00e9rentes options afin de confirmer mon choix de structuration de projet.  Cet atelier a pour vocation de pr\u00e9senter le cadre fiscal d&#039;une entreprise, ainsi que les bonnes pratiques de gestion en fonction du choix de la structure. Nous r\u00e9pondons aux questions suivantes :   Quelles sont les conditions \u00e0 respecter pour ne pas payer de la TVA ?  Quels avantages entre une entreprise et une association au niveau fiscal ?  Quels imp\u00f4ts \u00e0 payer en autoentrepreneur et en entreprise ?  Quelle est la diff\u00e9rence entre une association et une entreprise (au niveau fiscal) ?  Intervenant.e :\u00a0Julien Steinberg d&#039;Impact Lawyers  Pr\u00e9-requis : Pour cet atelier, il est recommand\u00e9 d\u2019avoir d\u00e9j\u00e0 r\u00e9fl\u00e9chi sur la structuration juridique et d&#039;avoir une id\u00e9e sur le mod\u00e8le \u00e9conomique  Vous souhaitez vous inscrire \u00e0 cette session ? Merci d&#039;indiquer votre besoin principal en remplissant ce questionnaire avant la session : https:\/\/airtable.com\/shrbpqpYDX8WKP0gJ   Lieu : Sist&#039;Her Paris, 82 rue du Faubourg Saint-Martin  Attention ! Veuillez vous pr\u00e9senter \u00e0 l&#039;heure pour que l&#039;activit\u00e9 puisse commencer \u00e0 temps. Si vous avez du retard veuillez pr\u00e9venir l&#039;intervenant.e. Si vous avez plus de 15 min de retard l&#039;intervenant.e se r\u00e9serve le droit de ne plus vous accepter pour le coaching ou l&#039;atelier.\" \/>\n<meta property=\"og:url\" content=\"https:\/\/empow-her.com\/produit\/new-atelier-introduction-a-la-fiscalite-dentreprise-et-dune-association\/\" \/>\n<meta property=\"og:site_name\" content=\"Empow&#039;Her\" \/>\n<meta property=\"article:modified_time\" content=\"2023-05-11T10:10:47+00:00\" \/>\n<meta property=\"og:image\" content=\"https:\/\/empow-her.com\/wp-content\/uploads\/2023\/05\/Women-Dare-templates-events-2023-05-11T120439.932.png\" \/>\n\t<meta property=\"og:image:width\" content=\"1080\" \/>\n\t<meta property=\"og:image:height\" content=\"1080\" \/>\n\t<meta property=\"og:image:type\" content=\"image\/png\" \/>\n<meta name=\"twitter:card\" content=\"summary_large_image\" \/>\n<script type=\"application\/ld+json\" class=\"yoast-schema-graph\">{\"@context\":\"https:\/\/schema.org\",\"@graph\":[{\"@type\":\"WebPage\",\"@id\":\"https:\/\/empow-her.com\/produit\/new-atelier-introduction-a-la-fiscalite-dentreprise-et-dune-association\/\",\"url\":\"https:\/\/empow-her.com\/produit\/new-atelier-introduction-a-la-fiscalite-dentreprise-et-dune-association\/\",\"name\":\"NEW- Atelier - Introduction \u00e0 la fiscalit\u00e9 d'entreprise et d'une association - Empow&#039;Her\",\"isPartOf\":{\"@id\":\"https:\/\/empow-her.com\/#website\"},\"primaryImageOfPage\":{\"@id\":\"https:\/\/empow-her.com\/produit\/new-atelier-introduction-a-la-fiscalite-dentreprise-et-dune-association\/#primaryimage\"},\"image\":{\"@id\":\"https:\/\/empow-her.com\/produit\/new-atelier-introduction-a-la-fiscalite-dentreprise-et-dune-association\/#primaryimage\"},\"thumbnailUrl\":\"https:\/\/empow-her.com\/wp-content\/uploads\/2023\/05\/Women-Dare-templates-events-2023-05-11T120439.932.png\",\"datePublished\":\"2023-05-11T10:04:16+00:00\",\"dateModified\":\"2023-05-11T10:10:47+00:00\",\"breadcrumb\":{\"@id\":\"https:\/\/empow-her.com\/produit\/new-atelier-introduction-a-la-fiscalite-dentreprise-et-dune-association\/#breadcrumb\"},\"inLanguage\":\"es\",\"potentialAction\":[{\"@type\":\"ReadAction\",\"target\":[\"https:\/\/empow-her.com\/produit\/new-atelier-introduction-a-la-fiscalite-dentreprise-et-dune-association\/\"]}]},{\"@type\":\"ImageObject\",\"inLanguage\":\"es\",\"@id\":\"https:\/\/empow-her.com\/produit\/new-atelier-introduction-a-la-fiscalite-dentreprise-et-dune-association\/#primaryimage\",\"url\":\"https:\/\/empow-her.com\/wp-content\/uploads\/2023\/05\/Women-Dare-templates-events-2023-05-11T120439.932.png\",\"contentUrl\":\"https:\/\/empow-her.com\/wp-content\/uploads\/2023\/05\/Women-Dare-templates-events-2023-05-11T120439.932.png\",\"width\":1080,\"height\":1080},{\"@type\":\"BreadcrumbList\",\"@id\":\"https:\/\/empow-her.com\/produit\/new-atelier-introduction-a-la-fiscalite-dentreprise-et-dune-association\/#breadcrumb\",\"itemListElement\":[{\"@type\":\"ListItem\",\"position\":1,\"name\":\"Accueil\",\"item\":\"https:\/\/empow-her.com\/es\/inicio\/\"},{\"@type\":\"ListItem\",\"position\":2,\"name\":\"LA BOUTIQUE\",\"item\":\"https:\/\/empow-her.com\/boutique\/\"},{\"@type\":\"ListItem\",\"position\":3,\"name\":\"NEW- Atelier &#8211; Introduction \u00e0 la fiscalit\u00e9 d&#8217;entreprise et d&#8217;une association\"}]},{\"@type\":\"WebSite\",\"@id\":\"https:\/\/empow-her.com\/#website\",\"url\":\"https:\/\/empow-her.com\/\",\"name\":\"Empow&#039;Her\",\"description\":\"Women Development\",\"potentialAction\":[{\"@type\":\"SearchAction\",\"target\":{\"@type\":\"EntryPoint\",\"urlTemplate\":\"https:\/\/empow-her.com\/?s={search_term_string}\"},\"query-input\":{\"@type\":\"PropertyValueSpecification\",\"valueRequired\":true,\"valueName\":\"search_term_string\"}}],\"inLanguage\":\"es\"}]}<\/script>\n<!-- \/ Yoast SEO plugin. -->","yoast_head_json":{"title":"NEW- Atelier - Introduction \u00e0 la fiscalit\u00e9 d'entreprise et d'une association - Empow&#039;Her","robots":{"index":"index","follow":"follow","max-snippet":"max-snippet:-1","max-image-preview":"max-image-preview:large","max-video-preview":"max-video-preview:-1"},"canonical":"https:\/\/empow-her.com\/produit\/new-atelier-introduction-a-la-fiscalite-dentreprise-et-dune-association\/","og_locale":"es_ES","og_type":"article","og_title":"NEW- Atelier - Introduction \u00e0 la fiscalit\u00e9 d'entreprise et d'une association - Empow&#039;Her","og_description":"Description :  J'aimerais comprendre le r\u00e9gime fiscal qui s'appliquera \u00e0 mon activit\u00e9 et \u00eatre orient\u00e9e sur les diff\u00e9rentes options afin de confirmer mon choix de structuration de projet.  Cet atelier a pour vocation de pr\u00e9senter le cadre fiscal d'une entreprise, ainsi que les bonnes pratiques de gestion en fonction du choix de la structure. Nous r\u00e9pondons aux questions suivantes :   Quelles sont les conditions \u00e0 respecter pour ne pas payer de la TVA ?  Quels avantages entre une entreprise et une association au niveau fiscal ?  Quels imp\u00f4ts \u00e0 payer en autoentrepreneur et en entreprise ?  Quelle est la diff\u00e9rence entre une association et une entreprise (au niveau fiscal) ?  Intervenant.e :\u00a0Julien Steinberg d'Impact Lawyers  Pr\u00e9-requis : Pour cet atelier, il est recommand\u00e9 d\u2019avoir d\u00e9j\u00e0 r\u00e9fl\u00e9chi sur la structuration juridique et d'avoir une id\u00e9e sur le mod\u00e8le \u00e9conomique  Vous souhaitez vous inscrire \u00e0 cette session ? Merci d'indiquer votre besoin principal en remplissant ce questionnaire avant la session : https:\/\/airtable.com\/shrbpqpYDX8WKP0gJ   Lieu : Sist'Her Paris, 82 rue du Faubourg Saint-Martin  Attention ! Veuillez vous pr\u00e9senter \u00e0 l'heure pour que l'activit\u00e9 puisse commencer \u00e0 temps. Si vous avez du retard veuillez pr\u00e9venir l'intervenant.e. Si vous avez plus de 15 min de retard l'intervenant.e se r\u00e9serve le droit de ne plus vous accepter pour le coaching ou l'atelier.","og_url":"https:\/\/empow-her.com\/produit\/new-atelier-introduction-a-la-fiscalite-dentreprise-et-dune-association\/","og_site_name":"Empow&#039;Her","article_modified_time":"2023-05-11T10:10:47+00:00","og_image":[{"width":1080,"height":1080,"url":"https:\/\/empow-her.com\/wp-content\/uploads\/2023\/05\/Women-Dare-templates-events-2023-05-11T120439.932.png","type":"image\/png"}],"twitter_card":"summary_large_image","schema":{"@context":"https:\/\/schema.org","@graph":[{"@type":"WebPage","@id":"https:\/\/empow-her.com\/produit\/new-atelier-introduction-a-la-fiscalite-dentreprise-et-dune-association\/","url":"https:\/\/empow-her.com\/produit\/new-atelier-introduction-a-la-fiscalite-dentreprise-et-dune-association\/","name":"NEW- Atelier - Introduction \u00e0 la fiscalit\u00e9 d'entreprise et d'une association - Empow&#039;Her","isPartOf":{"@id":"https:\/\/empow-her.com\/#website"},"primaryImageOfPage":{"@id":"https:\/\/empow-her.com\/produit\/new-atelier-introduction-a-la-fiscalite-dentreprise-et-dune-association\/#primaryimage"},"image":{"@id":"https:\/\/empow-her.com\/produit\/new-atelier-introduction-a-la-fiscalite-dentreprise-et-dune-association\/#primaryimage"},"thumbnailUrl":"https:\/\/empow-her.com\/wp-content\/uploads\/2023\/05\/Women-Dare-templates-events-2023-05-11T120439.932.png","datePublished":"2023-05-11T10:04:16+00:00","dateModified":"2023-05-11T10:10:47+00:00","breadcrumb":{"@id":"https:\/\/empow-her.com\/produit\/new-atelier-introduction-a-la-fiscalite-dentreprise-et-dune-association\/#breadcrumb"},"inLanguage":"es","potentialAction":[{"@type":"ReadAction","target":["https:\/\/empow-her.com\/produit\/new-atelier-introduction-a-la-fiscalite-dentreprise-et-dune-association\/"]}]},{"@type":"ImageObject","inLanguage":"es","@id":"https:\/\/empow-her.com\/produit\/new-atelier-introduction-a-la-fiscalite-dentreprise-et-dune-association\/#primaryimage","url":"https:\/\/empow-her.com\/wp-content\/uploads\/2023\/05\/Women-Dare-templates-events-2023-05-11T120439.932.png","contentUrl":"https:\/\/empow-her.com\/wp-content\/uploads\/2023\/05\/Women-Dare-templates-events-2023-05-11T120439.932.png","width":1080,"height":1080},{"@type":"BreadcrumbList","@id":"https:\/\/empow-her.com\/produit\/new-atelier-introduction-a-la-fiscalite-dentreprise-et-dune-association\/#breadcrumb","itemListElement":[{"@type":"ListItem","position":1,"name":"Accueil","item":"https:\/\/empow-her.com\/es\/inicio\/"},{"@type":"ListItem","position":2,"name":"LA BOUTIQUE","item":"https:\/\/empow-her.com\/boutique\/"},{"@type":"ListItem","position":3,"name":"NEW- Atelier &#8211; Introduction \u00e0 la fiscalit\u00e9 d&#8217;entreprise et d&#8217;une association"}]},{"@type":"WebSite","@id":"https:\/\/empow-her.com\/#website","url":"https:\/\/empow-her.com\/","name":"Empow&#039;Her","description":"Women Development","potentialAction":[{"@type":"SearchAction","target":{"@type":"EntryPoint","urlTemplate":"https:\/\/empow-her.com\/?s={search_term_string}"},"query-input":{"@type":"PropertyValueSpecification","valueRequired":true,"valueName":"search_term_string"}}],"inLanguage":"es"}]}},"_links":{"self":[{"href":"https:\/\/empow-her.com\/es\/wp-json\/wp\/v2\/product\/165046","targetHints":{"allow":["GET"]}}],"collection":[{"href":"https:\/\/empow-her.com\/es\/wp-json\/wp\/v2\/product"}],"about":[{"href":"https:\/\/empow-her.com\/es\/wp-json\/wp\/v2\/types\/product"}],"wp:featuredmedia":[{"embeddable":true,"href":"https:\/\/empow-her.com\/es\/wp-json\/wp\/v2\/media\/165047"}],"wp:attachment":[{"href":"https:\/\/empow-her.com\/es\/wp-json\/wp\/v2\/media?parent=165046"}],"wp:term":[{"taxonomy":"product_brand","embeddable":true,"href":"https:\/\/empow-her.com\/es\/wp-json\/wp\/v2\/product_brand?post=165046"},{"taxonomy":"product_cat","embeddable":true,"href":"https:\/\/empow-her.com\/es\/wp-json\/wp\/v2\/product_cat?post=165046"},{"taxonomy":"product_tag","embeddable":true,"href":"https:\/\/empow-her.com\/es\/wp-json\/wp\/v2\/product_tag?post=165046"},{"taxonomy":"lieu","embeddable":true,"href":"https:\/\/empow-her.com\/es\/wp-json\/wp\/v2\/lieu?post=165046"},{"taxonomy":"thematiques","embeddable":true,"href":"https:\/\/empow-her.com\/es\/wp-json\/wp\/v2\/thematiques?post=165046"}],"curies":[{"name":"wp","href":"https:\/\/api.w.org\/{rel}","templated":true}]}}