{"id":161386,"date":"2023-04-28T11:10:24","date_gmt":"2023-04-28T09:10:24","guid":{"rendered":"https:\/\/empow-her.com\/?post_type=product&#038;p=161386"},"modified":"2023-05-10T15:46:39","modified_gmt":"2023-05-10T13:46:39","slug":"new-gestion-du-temps-et-des-priorites","status":"publish","type":"product","link":"https:\/\/empow-her.com\/es\/produit\/new-gestion-du-temps-et-des-priorites\/","title":{"rendered":"NEW &#8211; Gestion du temps et des priorit\u00e9s"},"content":{"rendered":"<p><strong>Description<\/strong> :<\/p>\n<p>Quand on a un projet qui nous tient \u00e0 c\u0153ur on voudrait savoir utiliser le temps que l\u2019on a de fa\u00e7on optimale pour r\u00e9fl\u00e9chir, cr\u00e9er, produire, communiquer, et g\u00e9rer les impr\u00e9vus&#8230;Pour les femmes, la gestion du temps et des priorit\u00e9s est d\u2019autant plus d\u00e9licate \u00e0 relever, qu\u2019elles ont souvent des contraintes biologiques, familiales, sociales qui viennent s\u2019ajouter aux d\u00e9fis professionnels.<\/p>\n<p>Lors de cet atelier, nous irons donc d\u2019abord explorer votre rapport au temps et les probl\u00e9matiques qui vous emp\u00eachent de faire du temps un vrai alli\u00e9. Puis, nous nous attellerons ensemble \u00e0 trouver des solutions adapt\u00e9es gr\u00e2ce aux synergies que permet le cod\u00e9veloppement. Enfin, des m\u00e9thodes et outils simples vous seront donn\u00e9s pour que vous puissiez enrichir vos comp\u00e9tences d\u2019entrepreneures \u00e9panouies.<\/p>\n<p><strong>Intervenant.e : Mor\u00e8nik\u00e8 KOUKOUI &#8211;<\/strong> Coach professionnelle certifi\u00e9e, Formatrice et Consultante.<\/p>\n<p>Au-del\u00e0 de ses comp\u00e9tences de coach et de consultante, Mor\u00e8nik\u00e8 met a disposition ses comp\u00e9tences issues de ses exp\u00e9riences en contr\u00f4le de gestion, finance d\u2019entreprise et marketing. Les diff\u00e9rents types d\u2019organisations pour lesquelles elle a travaill\u00e9 (entreprise priv\u00e9es, publiques, association, etc) lui permettent d\u2019appr\u00e9hender une grande diversit\u00e9 de probl\u00e9matiques professionnelles.<\/p>\n<p>Son objectif : donner aux femmes les moyens de construire avec assurance et conscience un chemin qui leur est propre !<\/p>\n<p><strong>Le petit plus<\/strong> : Une \u00e9nergie positive et contagieuse au service de solutions respectueuses de l\u2019\u00e9quilibre des personnes<br \/>\nqu\u2019elle accompagne.<\/p>\n<p><strong>Pr\u00e9-requis :\u00a0<\/strong> R\u00e9fl\u00e9chir \u00e0 <span data-sheets-value=\"{&quot;1&quot;:2,&quot;2&quot;:&quot;nVous souhaitez vous inscrire \u00e0 cette session ? Merci d'indiquer votre besoin principal en remplissant ce questionnaire avant la session : https:\/\/airtable.com\/shrbpqpYDX8WKP0gJ nou communiquez-le par mail \u00e0 votre r\u00e9f\u00e9rente Empow'Her : nadege.serrero@empow-her.com&quot;}\" data-sheets-userformat=\"{&quot;2&quot;:4993,&quot;3&quot;:{&quot;1&quot;:0},&quot;10&quot;:1,&quot;11&quot;:4,&quot;12&quot;:0,&quot;15&quot;:&quot;Hind&quot;}\">une probl\u00e9matique de gestion du temps que vous pr\u00e9senterez au reste du groupe en d\u00e9but d&#8217;atelier.<\/span><\/p>\n<p><strong> Lieu<\/strong> : Sist&#8217;Her Paris, 82 rue du Faubourg Saint-Martin<\/p>\n<p><strong>Attention !<\/strong> Veuillez vous pr\u00e9senter \u00e0 l&#8217;heure pour que l&#8217;activit\u00e9 puisse commencer \u00e0 temps. Si vous avez du retard veuillez pr\u00e9venir l&#8217;intervenant.e. Si vous avez plus de 15 min de retard l&#8217;intervenant.e se r\u00e9serve le droit de ne plus vous accepter pour le coaching ou l&#8217;atelier.<\/p>\n","protected":false},"excerpt":{"rendered":"<p><strong>Description<\/strong> :<\/p>\n<p>Quand on a un projet qui nous tient \u00e0 c\u0153ur on voudrait savoir utiliser le temps que l\u2019on a de fa\u00e7on optimale pour r\u00e9fl\u00e9chir, cr\u00e9er, produire, communiquer, et g\u00e9rer les impr\u00e9vus&#8230;Pour les femmes, la gestion du temps et des priorit\u00e9s est d\u2019autant plus d\u00e9licate \u00e0 relever, qu\u2019elles ont souvent des contraintes biologiques, familiales, sociales qui viennent s\u2019ajouter aux d\u00e9fis professionnels.<\/p>\n<p>Lors de cet atelier, nous irons donc d\u2019abord explorer votre rapport au temps et les probl\u00e9matiques qui vous emp\u00eachent de faire du temps un vrai alli\u00e9. Puis, nous nous attellerons ensemble \u00e0 trouver des solutions adapt\u00e9es gr\u00e2ce aux synergies que permet le cod\u00e9veloppement. Enfin, des m\u00e9thodes et outils simples vous seront donn\u00e9s pour que vous puissiez enrichir vos comp\u00e9tences d\u2019entrepreneures \u00e9panouies.<\/p>\n<p><strong>Intervenant.e : Mor\u00e8nik\u00e8 KOUKOUI &#8211;<\/strong> Coach professionnelle certifi\u00e9e, Formatrice et Consultante.<\/p>\n<p>Au-del\u00e0 de ses comp\u00e9tences de coach et de consultante, Mor\u00e8nik\u00e8 met a disposition ses comp\u00e9tences issues de ses exp\u00e9riences en contr\u00f4le de gestion, finance d\u2019entreprise et marketing. Les diff\u00e9rents types d\u2019organisations pour lesquelles elle a travaill\u00e9 (entreprise priv\u00e9es, publiques, association, etc) lui permettent d\u2019appr\u00e9hender une grande diversit\u00e9 de probl\u00e9matiques professionnelles.<\/p>\n<p><strong>Son objectif<\/strong> : donner aux femmes les moyens de construire avec assurance et conscience un chemin qui leur est propre !<\/p>\n<p><strong>Le petit plus<\/strong> : Une \u00e9nergie positive et contagieuse au service de solutions respectueuses de l\u2019\u00e9quilibre des personnes qu\u2019elle accompagne.<\/p>\n<p><strong>Pr\u00e9-requis :\u00a0<\/strong> <span style=\"text-decoration: underline;\">R\u00e9fl\u00e9chir \u00e0 une probl\u00e9matique de gestion du temps que vous pr\u00e9senterez au reste du groupe en d\u00e9but d&#8217;atelier.<\/span><\/p>\n<p><strong> Lieu<\/strong> : Sist&#8217;Her Paris, 82 rue du Faubourg Saint-Martin<\/p>\n<p><strong>Attention !<\/strong> Veuillez vous pr\u00e9senter \u00e0 l&#8217;heure pour que l&#8217;activit\u00e9 puisse commencer \u00e0 temps. Si vous avez du retard veuillez pr\u00e9venir l&#8217;intervenant.e. Si vous avez plus de 15 min de retard l&#8217;intervenant.e se r\u00e9serve le droit de ne plus vous accepter pour le coaching ou l&#8217;atelier.<\/p>\n","protected":false},"featured_media":161389,"template":"","format":"standard","meta":{"_acf_changed":false,"om_disable_all_campaigns":false,"_uf_show_specific_survey":0,"_uf_disable_surveys":false},"product_brand":[],"product_cat":[118],"product_tag":[],"lieu":[127],"thematiques":[],"class_list":{"0":"post-161386","1":"product","2":"type-product","3":"status-publish","4":"format-standard","5":"has-post-thumbnail","7":"product_cat-atelier-collectif","8":"lieu-hub-empowher","10":"first","11":"instock","12":"virtual","13":"purchasable","14":"product-type-appointment"},"exclude_global_add_ons":[],"addons":[],"acf":[],"yoast_head":"<!-- This site is optimized with the Yoast SEO plugin v24.8 - https:\/\/yoast.com\/wordpress\/plugins\/seo\/ -->\n<title>NEW - Gestion du temps et des priorit\u00e9s - Empow&#039;Her<\/title>\n<meta name=\"robots\" content=\"index, follow, max-snippet:-1, max-image-preview:large, max-video-preview:-1\" \/>\n<link rel=\"canonical\" href=\"https:\/\/empow-her.com\/produit\/new-gestion-du-temps-et-des-priorites\/\" \/>\n<meta property=\"og:locale\" content=\"es_ES\" \/>\n<meta property=\"og:type\" content=\"article\" \/>\n<meta property=\"og:title\" content=\"NEW - Gestion du temps et des priorit\u00e9s - Empow&#039;Her\" \/>\n<meta property=\"og:description\" content=\"Description :  Quand on a un projet qui nous tient \u00e0 c\u0153ur on voudrait savoir utiliser le temps que l\u2019on a de fa\u00e7on optimale pour r\u00e9fl\u00e9chir, cr\u00e9er, produire, communiquer, et g\u00e9rer les impr\u00e9vus...Pour les femmes, la gestion du temps et des priorit\u00e9s est d\u2019autant plus d\u00e9licate \u00e0 relever, qu\u2019elles ont souvent des contraintes biologiques, familiales, sociales qui viennent s\u2019ajouter aux d\u00e9fis professionnels.  Lors de cet atelier, nous irons donc d\u2019abord explorer votre rapport au temps et les probl\u00e9matiques qui vous emp\u00eachent de faire du temps un vrai alli\u00e9. Puis, nous nous attellerons ensemble \u00e0 trouver des solutions adapt\u00e9es gr\u00e2ce aux synergies que permet le cod\u00e9veloppement. Enfin, des m\u00e9thodes et outils simples vous seront donn\u00e9s pour que vous puissiez enrichir vos comp\u00e9tences d\u2019entrepreneures \u00e9panouies.  Intervenant.e : Mor\u00e8nik\u00e8 KOUKOUI - Coach professionnelle certifi\u00e9e, Formatrice et Consultante.  Au-del\u00e0 de ses comp\u00e9tences de coach et de consultante, Mor\u00e8nik\u00e8 met a disposition ses comp\u00e9tences issues de ses exp\u00e9riences en contr\u00f4le de gestion, finance d\u2019entreprise et marketing. Les diff\u00e9rents types d\u2019organisations pour lesquelles elle a travaill\u00e9 (entreprise priv\u00e9es, publiques, association, etc) lui permettent d\u2019appr\u00e9hender une grande diversit\u00e9 de probl\u00e9matiques professionnelles.  Son objectif : donner aux femmes les moyens de construire avec assurance et conscience un chemin qui leur est propre !  Le petit plus : Une \u00e9nergie positive et contagieuse au service de solutions respectueuses de l\u2019\u00e9quilibre des personnes qu\u2019elle accompagne.  Pr\u00e9-requis :\u00a0 R\u00e9fl\u00e9chir \u00e0 une probl\u00e9matique de gestion du temps que vous pr\u00e9senterez au reste du groupe en d\u00e9but d&#039;atelier.   Lieu : Sist&#039;Her Paris, 82 rue du Faubourg Saint-Martin  Attention ! Veuillez vous pr\u00e9senter \u00e0 l&#039;heure pour que l&#039;activit\u00e9 puisse commencer \u00e0 temps. Si vous avez du retard veuillez pr\u00e9venir l&#039;intervenant.e. Si vous avez plus de 15 min de retard l&#039;intervenant.e se r\u00e9serve le droit de ne plus vous accepter pour le coaching ou l&#039;atelier.\" \/>\n<meta property=\"og:url\" content=\"https:\/\/empow-her.com\/produit\/new-gestion-du-temps-et-des-priorites\/\" \/>\n<meta property=\"og:site_name\" content=\"Empow&#039;Her\" \/>\n<meta property=\"article:modified_time\" content=\"2023-05-10T13:46:39+00:00\" \/>\n<meta property=\"og:image\" content=\"https:\/\/empow-her.com\/wp-content\/uploads\/2023\/04\/Women-Dare-templates-events-2023-04-28T111131.776.png\" \/>\n\t<meta property=\"og:image:width\" content=\"1080\" \/>\n\t<meta property=\"og:image:height\" content=\"1080\" \/>\n\t<meta property=\"og:image:type\" content=\"image\/png\" \/>\n<meta name=\"twitter:card\" content=\"summary_large_image\" \/>\n<meta name=\"twitter:label1\" content=\"Tiempo de lectura\" \/>\n\t<meta name=\"twitter:data1\" content=\"2 minutos\" \/>\n<script type=\"application\/ld+json\" class=\"yoast-schema-graph\">{\"@context\":\"https:\/\/schema.org\",\"@graph\":[{\"@type\":\"WebPage\",\"@id\":\"https:\/\/empow-her.com\/produit\/new-gestion-du-temps-et-des-priorites\/\",\"url\":\"https:\/\/empow-her.com\/produit\/new-gestion-du-temps-et-des-priorites\/\",\"name\":\"NEW - Gestion du temps et des priorit\u00e9s - Empow&#039;Her\",\"isPartOf\":{\"@id\":\"https:\/\/empow-her.com\/#website\"},\"primaryImageOfPage\":{\"@id\":\"https:\/\/empow-her.com\/produit\/new-gestion-du-temps-et-des-priorites\/#primaryimage\"},\"image\":{\"@id\":\"https:\/\/empow-her.com\/produit\/new-gestion-du-temps-et-des-priorites\/#primaryimage\"},\"thumbnailUrl\":\"https:\/\/empow-her.com\/wp-content\/uploads\/2023\/04\/Women-Dare-templates-events-2023-04-28T111131.776.png\",\"datePublished\":\"2023-04-28T09:10:24+00:00\",\"dateModified\":\"2023-05-10T13:46:39+00:00\",\"breadcrumb\":{\"@id\":\"https:\/\/empow-her.com\/produit\/new-gestion-du-temps-et-des-priorites\/#breadcrumb\"},\"inLanguage\":\"es\",\"potentialAction\":[{\"@type\":\"ReadAction\",\"target\":[\"https:\/\/empow-her.com\/produit\/new-gestion-du-temps-et-des-priorites\/\"]}]},{\"@type\":\"ImageObject\",\"inLanguage\":\"es\",\"@id\":\"https:\/\/empow-her.com\/produit\/new-gestion-du-temps-et-des-priorites\/#primaryimage\",\"url\":\"https:\/\/empow-her.com\/wp-content\/uploads\/2023\/04\/Women-Dare-templates-events-2023-04-28T111131.776.png\",\"contentUrl\":\"https:\/\/empow-her.com\/wp-content\/uploads\/2023\/04\/Women-Dare-templates-events-2023-04-28T111131.776.png\",\"width\":1080,\"height\":1080},{\"@type\":\"BreadcrumbList\",\"@id\":\"https:\/\/empow-her.com\/produit\/new-gestion-du-temps-et-des-priorites\/#breadcrumb\",\"itemListElement\":[{\"@type\":\"ListItem\",\"position\":1,\"name\":\"Accueil\",\"item\":\"https:\/\/empow-her.com\/es\/inicio\/\"},{\"@type\":\"ListItem\",\"position\":2,\"name\":\"LA BOUTIQUE\",\"item\":\"https:\/\/empow-her.com\/boutique\/\"},{\"@type\":\"ListItem\",\"position\":3,\"name\":\"NEW &#8211; Gestion du temps et des priorit\u00e9s\"}]},{\"@type\":\"WebSite\",\"@id\":\"https:\/\/empow-her.com\/#website\",\"url\":\"https:\/\/empow-her.com\/\",\"name\":\"Empow&#039;Her\",\"description\":\"Women Development\",\"potentialAction\":[{\"@type\":\"SearchAction\",\"target\":{\"@type\":\"EntryPoint\",\"urlTemplate\":\"https:\/\/empow-her.com\/?s={search_term_string}\"},\"query-input\":{\"@type\":\"PropertyValueSpecification\",\"valueRequired\":true,\"valueName\":\"search_term_string\"}}],\"inLanguage\":\"es\"}]}<\/script>\n<!-- \/ Yoast SEO plugin. -->","yoast_head_json":{"title":"NEW - Gestion du temps et des priorit\u00e9s - Empow&#039;Her","robots":{"index":"index","follow":"follow","max-snippet":"max-snippet:-1","max-image-preview":"max-image-preview:large","max-video-preview":"max-video-preview:-1"},"canonical":"https:\/\/empow-her.com\/produit\/new-gestion-du-temps-et-des-priorites\/","og_locale":"es_ES","og_type":"article","og_title":"NEW - Gestion du temps et des priorit\u00e9s - Empow&#039;Her","og_description":"Description :  Quand on a un projet qui nous tient \u00e0 c\u0153ur on voudrait savoir utiliser le temps que l\u2019on a de fa\u00e7on optimale pour r\u00e9fl\u00e9chir, cr\u00e9er, produire, communiquer, et g\u00e9rer les impr\u00e9vus...Pour les femmes, la gestion du temps et des priorit\u00e9s est d\u2019autant plus d\u00e9licate \u00e0 relever, qu\u2019elles ont souvent des contraintes biologiques, familiales, sociales qui viennent s\u2019ajouter aux d\u00e9fis professionnels.  Lors de cet atelier, nous irons donc d\u2019abord explorer votre rapport au temps et les probl\u00e9matiques qui vous emp\u00eachent de faire du temps un vrai alli\u00e9. Puis, nous nous attellerons ensemble \u00e0 trouver des solutions adapt\u00e9es gr\u00e2ce aux synergies que permet le cod\u00e9veloppement. Enfin, des m\u00e9thodes et outils simples vous seront donn\u00e9s pour que vous puissiez enrichir vos comp\u00e9tences d\u2019entrepreneures \u00e9panouies.  Intervenant.e : Mor\u00e8nik\u00e8 KOUKOUI - Coach professionnelle certifi\u00e9e, Formatrice et Consultante.  Au-del\u00e0 de ses comp\u00e9tences de coach et de consultante, Mor\u00e8nik\u00e8 met a disposition ses comp\u00e9tences issues de ses exp\u00e9riences en contr\u00f4le de gestion, finance d\u2019entreprise et marketing. Les diff\u00e9rents types d\u2019organisations pour lesquelles elle a travaill\u00e9 (entreprise priv\u00e9es, publiques, association, etc) lui permettent d\u2019appr\u00e9hender une grande diversit\u00e9 de probl\u00e9matiques professionnelles.  Son objectif : donner aux femmes les moyens de construire avec assurance et conscience un chemin qui leur est propre !  Le petit plus : Une \u00e9nergie positive et contagieuse au service de solutions respectueuses de l\u2019\u00e9quilibre des personnes qu\u2019elle accompagne.  Pr\u00e9-requis :\u00a0 R\u00e9fl\u00e9chir \u00e0 une probl\u00e9matique de gestion du temps que vous pr\u00e9senterez au reste du groupe en d\u00e9but d'atelier.   Lieu : Sist'Her Paris, 82 rue du Faubourg Saint-Martin  Attention ! Veuillez vous pr\u00e9senter \u00e0 l'heure pour que l'activit\u00e9 puisse commencer \u00e0 temps. Si vous avez du retard veuillez pr\u00e9venir l'intervenant.e. Si vous avez plus de 15 min de retard l'intervenant.e se r\u00e9serve le droit de ne plus vous accepter pour le coaching ou l'atelier.","og_url":"https:\/\/empow-her.com\/produit\/new-gestion-du-temps-et-des-priorites\/","og_site_name":"Empow&#039;Her","article_modified_time":"2023-05-10T13:46:39+00:00","og_image":[{"width":1080,"height":1080,"url":"https:\/\/empow-her.com\/wp-content\/uploads\/2023\/04\/Women-Dare-templates-events-2023-04-28T111131.776.png","type":"image\/png"}],"twitter_card":"summary_large_image","twitter_misc":{"Tiempo de lectura":"2 minutos"},"schema":{"@context":"https:\/\/schema.org","@graph":[{"@type":"WebPage","@id":"https:\/\/empow-her.com\/produit\/new-gestion-du-temps-et-des-priorites\/","url":"https:\/\/empow-her.com\/produit\/new-gestion-du-temps-et-des-priorites\/","name":"NEW - Gestion du temps et des priorit\u00e9s - Empow&#039;Her","isPartOf":{"@id":"https:\/\/empow-her.com\/#website"},"primaryImageOfPage":{"@id":"https:\/\/empow-her.com\/produit\/new-gestion-du-temps-et-des-priorites\/#primaryimage"},"image":{"@id":"https:\/\/empow-her.com\/produit\/new-gestion-du-temps-et-des-priorites\/#primaryimage"},"thumbnailUrl":"https:\/\/empow-her.com\/wp-content\/uploads\/2023\/04\/Women-Dare-templates-events-2023-04-28T111131.776.png","datePublished":"2023-04-28T09:10:24+00:00","dateModified":"2023-05-10T13:46:39+00:00","breadcrumb":{"@id":"https:\/\/empow-her.com\/produit\/new-gestion-du-temps-et-des-priorites\/#breadcrumb"},"inLanguage":"es","potentialAction":[{"@type":"ReadAction","target":["https:\/\/empow-her.com\/produit\/new-gestion-du-temps-et-des-priorites\/"]}]},{"@type":"ImageObject","inLanguage":"es","@id":"https:\/\/empow-her.com\/produit\/new-gestion-du-temps-et-des-priorites\/#primaryimage","url":"https:\/\/empow-her.com\/wp-content\/uploads\/2023\/04\/Women-Dare-templates-events-2023-04-28T111131.776.png","contentUrl":"https:\/\/empow-her.com\/wp-content\/uploads\/2023\/04\/Women-Dare-templates-events-2023-04-28T111131.776.png","width":1080,"height":1080},{"@type":"BreadcrumbList","@id":"https:\/\/empow-her.com\/produit\/new-gestion-du-temps-et-des-priorites\/#breadcrumb","itemListElement":[{"@type":"ListItem","position":1,"name":"Accueil","item":"https:\/\/empow-her.com\/es\/inicio\/"},{"@type":"ListItem","position":2,"name":"LA BOUTIQUE","item":"https:\/\/empow-her.com\/boutique\/"},{"@type":"ListItem","position":3,"name":"NEW &#8211; Gestion du temps et des priorit\u00e9s"}]},{"@type":"WebSite","@id":"https:\/\/empow-her.com\/#website","url":"https:\/\/empow-her.com\/","name":"Empow&#039;Her","description":"Women Development","potentialAction":[{"@type":"SearchAction","target":{"@type":"EntryPoint","urlTemplate":"https:\/\/empow-her.com\/?s={search_term_string}"},"query-input":{"@type":"PropertyValueSpecification","valueRequired":true,"valueName":"search_term_string"}}],"inLanguage":"es"}]}},"_links":{"self":[{"href":"https:\/\/empow-her.com\/es\/wp-json\/wp\/v2\/product\/161386","targetHints":{"allow":["GET"]}}],"collection":[{"href":"https:\/\/empow-her.com\/es\/wp-json\/wp\/v2\/product"}],"about":[{"href":"https:\/\/empow-her.com\/es\/wp-json\/wp\/v2\/types\/product"}],"wp:featuredmedia":[{"embeddable":true,"href":"https:\/\/empow-her.com\/es\/wp-json\/wp\/v2\/media\/161389"}],"wp:attachment":[{"href":"https:\/\/empow-her.com\/es\/wp-json\/wp\/v2\/media?parent=161386"}],"wp:term":[{"taxonomy":"product_brand","embeddable":true,"href":"https:\/\/empow-her.com\/es\/wp-json\/wp\/v2\/product_brand?post=161386"},{"taxonomy":"product_cat","embeddable":true,"href":"https:\/\/empow-her.com\/es\/wp-json\/wp\/v2\/product_cat?post=161386"},{"taxonomy":"product_tag","embeddable":true,"href":"https:\/\/empow-her.com\/es\/wp-json\/wp\/v2\/product_tag?post=161386"},{"taxonomy":"lieu","embeddable":true,"href":"https:\/\/empow-her.com\/es\/wp-json\/wp\/v2\/lieu?post=161386"},{"taxonomy":"thematiques","embeddable":true,"href":"https:\/\/empow-her.com\/es\/wp-json\/wp\/v2\/thematiques?post=161386"}],"curies":[{"name":"wp","href":"https:\/\/api.w.org\/{rel}","templated":true}]}}