{"id":16097,"date":"2021-08-13T12:09:03","date_gmt":"2021-08-13T10:09:03","guid":{"rendered":"https:\/\/empow-her.com\/?post_type=product&#038;p=16097"},"modified":"2021-08-13T12:13:18","modified_gmt":"2021-08-13T10:13:18","slug":"coaching-collectif-mini-atelier-focus-depot-de-marque-propriete-intellectuelle-2-heures-copie","status":"publish","type":"product","link":"https:\/\/empow-her.com\/es\/produit\/coaching-collectif-mini-atelier-focus-depot-de-marque-propriete-intellectuelle-2-heures-copie\/","title":{"rendered":"Coaching collectif &#8211; Mini Atelier Focus : D\u00e9p\u00f4t de marque &#038; propri\u00e9t\u00e9 intellectuelle (2 heures)"},"content":{"rendered":"","protected":false},"excerpt":{"rendered":"<p>Rendez-vous pour un<strong>\u00a0format in\u00e9di<\/strong>t : b\u00e9n\u00e9ficiez de\u00a0<strong>deux heures\u00a0<\/strong>en petits groupes de 3 entrepreneures pour revenir en profondeur sur une notion cl\u00e9 avec nos expert\u00b7e\u00b7s. Cette <strong>session est comptabilis\u00e9e comme 1h de coaching individuel<\/strong>\u00a0(sur vos 10h disponibles) \u2013\u00a0<strong>deux fois plus de temps pour vous permettre de faire d\u00e9coller vos projets !<\/strong><\/p>\n<p style=\"text-align: left;\">Avec un petit groupe de porteuses projet, b\u00e9n\u00e9ficiez d\u2019<strong>un atelier \u201cacc\u00e9l\u00e9r\u00e9\u201d<\/strong> anim\u00e9 par un\u00b7e expert\u00b7e juridique, pour partager et conna\u00eetre tout ce qu&#8217;il y a \u00e0 savoir sur le <strong>d\u00e9p\u00f4t de marque <\/strong>et sur la <strong>propri\u00e9t\u00e9 intellectuelle<\/strong> ! Notre expert\u00b7e vous expliquera toutes les d\u00e9marches, vous dira ce qu\u2019il faut prot\u00e9ger dans votre projet et comment !<\/p>\n<p>&nbsp;<\/p>\n<p><b>Par : <a href=\"https:\/\/www.wizifin.com\/\">Wizifin<\/a><\/b><\/p>\n<p>&nbsp;<\/p>\n<p><span data-sheets-value=\"{&quot;1&quot;:2,&quot;2&quot;:&quot;Alexandre Sourzac-Lami est co-fondateur de Comit, une structure sp\u00e9cialis\u00e9e qui con\u00e7oit et adapte des outils et m\u00e9thodes pour donner aux entrepreneur.e.s la capacit\u00e9 de d\u00e9velopper des mod\u00e8les \u00e9conomiques p\u00e9rennes.&quot;}\" data-sheets-userformat=\"{&quot;2&quot;:1055743,&quot;3&quot;:{&quot;1&quot;:0},&quot;4&quot;:{&quot;1&quot;:2,&quot;2&quot;:16777215},&quot;5&quot;:{&quot;1&quot;:[{&quot;1&quot;:2,&quot;2&quot;:0,&quot;5&quot;:{&quot;1&quot;:2,&quot;2&quot;:0}},{&quot;1&quot;:0,&quot;2&quot;:0,&quot;3&quot;:3},{&quot;1&quot;:1,&quot;2&quot;:0,&quot;4&quot;:1}]},&quot;6&quot;:{&quot;1&quot;:[{&quot;1&quot;:2,&quot;2&quot;:0,&quot;5&quot;:{&quot;1&quot;:2,&quot;2&quot;:0}},{&quot;1&quot;:0,&quot;2&quot;:0,&quot;3&quot;:3},{&quot;1&quot;:1,&quot;2&quot;:0,&quot;4&quot;:1}]},&quot;7&quot;:{&quot;1&quot;:[{&quot;1&quot;:2,&quot;2&quot;:0,&quot;5&quot;:{&quot;1&quot;:2,&quot;2&quot;:0}},{&quot;1&quot;:0,&quot;2&quot;:0,&quot;3&quot;:3},{&quot;1&quot;:1,&quot;2&quot;:0,&quot;4&quot;:1}]},&quot;8&quot;:{&quot;1&quot;:[{&quot;1&quot;:2,&quot;2&quot;:0,&quot;5&quot;:{&quot;1&quot;:2,&quot;2&quot;:0}},{&quot;1&quot;:0,&quot;2&quot;:0,&quot;3&quot;:3},{&quot;1&quot;:1,&quot;2&quot;:0,&quot;4&quot;:1}]},&quot;9&quot;:0,&quot;10&quot;:1,&quot;11&quot;:4,&quot;12&quot;:0,&quot;14&quot;:{&quot;1&quot;:2,&quot;2&quot;:0},&quot;15&quot;:&quot;Calibri&quot;,&quot;23&quot;:1}\" data-sheets-textstyleruns=\"{&quot;1&quot;:0}\uee10{&quot;1&quot;:43,&quot;2&quot;:{&quot;2&quot;:{&quot;1&quot;:2,&quot;2&quot;:1136076},&quot;9&quot;:1}}\uee10{&quot;1&quot;:48}\" data-sheets-hyperlinkruns=\"{&quot;1&quot;:43,&quot;2&quot;:&quot;https:\/\/www.comit.berlin\/&quot;}\uee10{&quot;1&quot;:48}\"><strong>Intervenant :<\/strong>\u00a0Jean Vetter de Wizifin<\/span><\/p>\n<p>&nbsp;<\/p>\n<p><strong>Dur\u00e9e<\/strong> : 2h<\/p>\n<p>&nbsp;<\/p>\n<p>Ce projet est co-financ\u00e9 par le Fonds Social Europ\u00e9en.<\/p>\n<p><img decoding=\"async\" class=\"\" src=\"https:\/\/www.sep-asso.fr\/wp-content\/uploads\/2018\/02\/logo-union-europeenne.png\" alt=\"logo union europeenne \u2013 SEP\" width=\"87\" height=\"72\" \/> <img decoding=\"async\" class=\"alignnone wp-image-15218\" src=\"https:\/\/empow-her.com\/wp-content\/uploads\/2021\/06\/logo_fonds_social_europeen-300x187.png\" alt=\"\" width=\"104\" height=\"65\" srcset=\"https:\/\/empow-her.com\/wp-content\/uploads\/2021\/06\/logo_fonds_social_europeen-300x187.png 300w, https:\/\/empow-her.com\/wp-content\/uploads\/2021\/06\/logo_fonds_social_europeen-600x375.png 600w, https:\/\/empow-her.com\/wp-content\/uploads\/2021\/06\/logo_fonds_social_europeen-24x15.png 24w, https:\/\/empow-her.com\/wp-content\/uploads\/2021\/06\/logo_fonds_social_europeen-36x22.png 36w, https:\/\/empow-her.com\/wp-content\/uploads\/2021\/06\/logo_fonds_social_europeen-48x30.png 48w, https:\/\/empow-her.com\/wp-content\/uploads\/2021\/06\/logo_fonds_social_europeen.png 666w\" sizes=\"(max-width: 104px) 100vw, 104px\" \/>\u00a0 <img decoding=\"async\" class=\"\" src=\"https:\/\/franceactive-idf.org\/wp-content\/uploads\/2020\/02\/logo-region-ile-de-france.png\" alt=\"Logo Region Ile De France - France Active \u00cele-de-France\" width=\"126\" height=\"29\" \/><\/p>\n","protected":false},"featured_media":0,"template":"","format":"standard","meta":{"_acf_changed":false,"om_disable_all_campaigns":false,"_uf_show_specific_survey":0,"_uf_disable_surveys":false},"product_brand":[],"product_cat":[121],"product_tag":[],"lieu":[],"thematiques":[],"class_list":{"0":"post-16097","1":"product","2":"type-product","3":"status-publish","4":"format-standard","6":"product_cat-coaching","8":"first","9":"instock","10":"virtual","11":"purchasable","12":"product-type-appointment"},"exclude_global_add_ons":[],"addons":[],"acf":[],"yoast_head":"<!-- This site is optimized with the Yoast SEO plugin v24.8 - https:\/\/yoast.com\/wordpress\/plugins\/seo\/ -->\n<title>Coaching collectif - Mini Atelier Focus : D\u00e9p\u00f4t de marque &amp; propri\u00e9t\u00e9 intellectuelle (2 heures) - Empow&#039;Her<\/title>\n<meta name=\"robots\" content=\"index, follow, max-snippet:-1, max-image-preview:large, max-video-preview:-1\" \/>\n<link rel=\"canonical\" href=\"https:\/\/empow-her.com\/es\/produit\/coaching-collectif-mini-atelier-focus-depot-de-marque-propriete-intellectuelle-2-heures-copie\/\" \/>\n<meta property=\"og:locale\" content=\"es_ES\" \/>\n<meta property=\"og:type\" content=\"article\" \/>\n<meta property=\"og:title\" content=\"Coaching collectif - Mini Atelier Focus : D\u00e9p\u00f4t de marque &amp; propri\u00e9t\u00e9 intellectuelle (2 heures) - Empow&#039;Her\" \/>\n<meta property=\"og:description\" content=\"Rendez-vous pour un\u00a0format in\u00e9dit : b\u00e9n\u00e9ficiez de\u00a0deux heures\u00a0en petits groupes de 3 entrepreneures pour revenir en profondeur sur une notion cl\u00e9 avec nos expert\u00b7e\u00b7s. Cette session est comptabilis\u00e9e comme 1h de coaching individuel\u00a0(sur vos 10h disponibles) \u2013\u00a0deux fois plus de temps pour vous permettre de faire d\u00e9coller vos projets ! Avec un petit groupe de porteuses projet, b\u00e9n\u00e9ficiez d\u2019un atelier \u201cacc\u00e9l\u00e9r\u00e9\u201d anim\u00e9 par un\u00b7e expert\u00b7e juridique, pour partager et conna\u00eetre tout ce qu&#039;il y a \u00e0 savoir sur le d\u00e9p\u00f4t de marque et sur la propri\u00e9t\u00e9 intellectuelle ! Notre expert\u00b7e vous expliquera toutes les d\u00e9marches, vous dira ce qu\u2019il faut prot\u00e9ger dans votre projet et comment ! &nbsp;  Par : Wizifin  &nbsp;  Intervenant :\u00a0Jean Vetter de Wizifin  &nbsp;  Dur\u00e9e : 2h  &nbsp;  Ce projet est co-financ\u00e9 par le Fonds Social Europ\u00e9en.   \u00a0\" \/>\n<meta property=\"og:url\" content=\"https:\/\/empow-her.com\/es\/produit\/coaching-collectif-mini-atelier-focus-depot-de-marque-propriete-intellectuelle-2-heures-copie\/\" \/>\n<meta property=\"og:site_name\" content=\"Empow&#039;Her\" \/>\n<meta property=\"article:modified_time\" content=\"2021-08-13T10:13:18+00:00\" \/>\n<meta name=\"twitter:card\" content=\"summary_large_image\" \/>\n<script type=\"application\/ld+json\" class=\"yoast-schema-graph\">{\"@context\":\"https:\/\/schema.org\",\"@graph\":[{\"@type\":\"WebPage\",\"@id\":\"https:\/\/empow-her.com\/es\/produit\/coaching-collectif-mini-atelier-focus-depot-de-marque-propriete-intellectuelle-2-heures-copie\/\",\"url\":\"https:\/\/empow-her.com\/es\/produit\/coaching-collectif-mini-atelier-focus-depot-de-marque-propriete-intellectuelle-2-heures-copie\/\",\"name\":\"Coaching collectif - Mini Atelier Focus : D\u00e9p\u00f4t de marque & propri\u00e9t\u00e9 intellectuelle (2 heures) - Empow&#039;Her\",\"isPartOf\":{\"@id\":\"https:\/\/empow-her.com\/#website\"},\"datePublished\":\"2021-08-13T10:09:03+00:00\",\"dateModified\":\"2021-08-13T10:13:18+00:00\",\"breadcrumb\":{\"@id\":\"https:\/\/empow-her.com\/es\/produit\/coaching-collectif-mini-atelier-focus-depot-de-marque-propriete-intellectuelle-2-heures-copie\/#breadcrumb\"},\"inLanguage\":\"es\",\"potentialAction\":[{\"@type\":\"ReadAction\",\"target\":[\"https:\/\/empow-her.com\/es\/produit\/coaching-collectif-mini-atelier-focus-depot-de-marque-propriete-intellectuelle-2-heures-copie\/\"]}]},{\"@type\":\"BreadcrumbList\",\"@id\":\"https:\/\/empow-her.com\/es\/produit\/coaching-collectif-mini-atelier-focus-depot-de-marque-propriete-intellectuelle-2-heures-copie\/#breadcrumb\",\"itemListElement\":[{\"@type\":\"ListItem\",\"position\":1,\"name\":\"Accueil\",\"item\":\"https:\/\/empow-her.com\/es\/inicio\/\"},{\"@type\":\"ListItem\",\"position\":2,\"name\":\"LA BOUTIQUE\",\"item\":\"https:\/\/empow-her.com\/boutique\/\"},{\"@type\":\"ListItem\",\"position\":3,\"name\":\"Coaching collectif &#8211; Mini Atelier Focus : D\u00e9p\u00f4t de marque &#038; propri\u00e9t\u00e9 intellectuelle (2 heures)\"}]},{\"@type\":\"WebSite\",\"@id\":\"https:\/\/empow-her.com\/#website\",\"url\":\"https:\/\/empow-her.com\/\",\"name\":\"Empow&#039;Her\",\"description\":\"Women Development\",\"potentialAction\":[{\"@type\":\"SearchAction\",\"target\":{\"@type\":\"EntryPoint\",\"urlTemplate\":\"https:\/\/empow-her.com\/?s={search_term_string}\"},\"query-input\":{\"@type\":\"PropertyValueSpecification\",\"valueRequired\":true,\"valueName\":\"search_term_string\"}}],\"inLanguage\":\"es\"}]}<\/script>\n<!-- \/ Yoast SEO plugin. -->","yoast_head_json":{"title":"Coaching collectif - Mini Atelier Focus : D\u00e9p\u00f4t de marque & propri\u00e9t\u00e9 intellectuelle (2 heures) - Empow&#039;Her","robots":{"index":"index","follow":"follow","max-snippet":"max-snippet:-1","max-image-preview":"max-image-preview:large","max-video-preview":"max-video-preview:-1"},"canonical":"https:\/\/empow-her.com\/es\/produit\/coaching-collectif-mini-atelier-focus-depot-de-marque-propriete-intellectuelle-2-heures-copie\/","og_locale":"es_ES","og_type":"article","og_title":"Coaching collectif - Mini Atelier Focus : D\u00e9p\u00f4t de marque & propri\u00e9t\u00e9 intellectuelle (2 heures) - Empow&#039;Her","og_description":"Rendez-vous pour un\u00a0format in\u00e9dit : b\u00e9n\u00e9ficiez de\u00a0deux heures\u00a0en petits groupes de 3 entrepreneures pour revenir en profondeur sur une notion cl\u00e9 avec nos expert\u00b7e\u00b7s. Cette session est comptabilis\u00e9e comme 1h de coaching individuel\u00a0(sur vos 10h disponibles) \u2013\u00a0deux fois plus de temps pour vous permettre de faire d\u00e9coller vos projets ! Avec un petit groupe de porteuses projet, b\u00e9n\u00e9ficiez d\u2019un atelier \u201cacc\u00e9l\u00e9r\u00e9\u201d anim\u00e9 par un\u00b7e expert\u00b7e juridique, pour partager et conna\u00eetre tout ce qu'il y a \u00e0 savoir sur le d\u00e9p\u00f4t de marque et sur la propri\u00e9t\u00e9 intellectuelle ! Notre expert\u00b7e vous expliquera toutes les d\u00e9marches, vous dira ce qu\u2019il faut prot\u00e9ger dans votre projet et comment ! &nbsp;  Par : Wizifin  &nbsp;  Intervenant :\u00a0Jean Vetter de Wizifin  &nbsp;  Dur\u00e9e : 2h  &nbsp;  Ce projet est co-financ\u00e9 par le Fonds Social Europ\u00e9en.   \u00a0","og_url":"https:\/\/empow-her.com\/es\/produit\/coaching-collectif-mini-atelier-focus-depot-de-marque-propriete-intellectuelle-2-heures-copie\/","og_site_name":"Empow&#039;Her","article_modified_time":"2021-08-13T10:13:18+00:00","twitter_card":"summary_large_image","schema":{"@context":"https:\/\/schema.org","@graph":[{"@type":"WebPage","@id":"https:\/\/empow-her.com\/es\/produit\/coaching-collectif-mini-atelier-focus-depot-de-marque-propriete-intellectuelle-2-heures-copie\/","url":"https:\/\/empow-her.com\/es\/produit\/coaching-collectif-mini-atelier-focus-depot-de-marque-propriete-intellectuelle-2-heures-copie\/","name":"Coaching collectif - Mini Atelier Focus : D\u00e9p\u00f4t de marque & propri\u00e9t\u00e9 intellectuelle (2 heures) - Empow&#039;Her","isPartOf":{"@id":"https:\/\/empow-her.com\/#website"},"datePublished":"2021-08-13T10:09:03+00:00","dateModified":"2021-08-13T10:13:18+00:00","breadcrumb":{"@id":"https:\/\/empow-her.com\/es\/produit\/coaching-collectif-mini-atelier-focus-depot-de-marque-propriete-intellectuelle-2-heures-copie\/#breadcrumb"},"inLanguage":"es","potentialAction":[{"@type":"ReadAction","target":["https:\/\/empow-her.com\/es\/produit\/coaching-collectif-mini-atelier-focus-depot-de-marque-propriete-intellectuelle-2-heures-copie\/"]}]},{"@type":"BreadcrumbList","@id":"https:\/\/empow-her.com\/es\/produit\/coaching-collectif-mini-atelier-focus-depot-de-marque-propriete-intellectuelle-2-heures-copie\/#breadcrumb","itemListElement":[{"@type":"ListItem","position":1,"name":"Accueil","item":"https:\/\/empow-her.com\/es\/inicio\/"},{"@type":"ListItem","position":2,"name":"LA BOUTIQUE","item":"https:\/\/empow-her.com\/boutique\/"},{"@type":"ListItem","position":3,"name":"Coaching collectif &#8211; Mini Atelier Focus : D\u00e9p\u00f4t de marque &#038; propri\u00e9t\u00e9 intellectuelle (2 heures)"}]},{"@type":"WebSite","@id":"https:\/\/empow-her.com\/#website","url":"https:\/\/empow-her.com\/","name":"Empow&#039;Her","description":"Women Development","potentialAction":[{"@type":"SearchAction","target":{"@type":"EntryPoint","urlTemplate":"https:\/\/empow-her.com\/?s={search_term_string}"},"query-input":{"@type":"PropertyValueSpecification","valueRequired":true,"valueName":"search_term_string"}}],"inLanguage":"es"}]}},"_links":{"self":[{"href":"https:\/\/empow-her.com\/es\/wp-json\/wp\/v2\/product\/16097","targetHints":{"allow":["GET"]}}],"collection":[{"href":"https:\/\/empow-her.com\/es\/wp-json\/wp\/v2\/product"}],"about":[{"href":"https:\/\/empow-her.com\/es\/wp-json\/wp\/v2\/types\/product"}],"wp:attachment":[{"href":"https:\/\/empow-her.com\/es\/wp-json\/wp\/v2\/media?parent=16097"}],"wp:term":[{"taxonomy":"product_brand","embeddable":true,"href":"https:\/\/empow-her.com\/es\/wp-json\/wp\/v2\/product_brand?post=16097"},{"taxonomy":"product_cat","embeddable":true,"href":"https:\/\/empow-her.com\/es\/wp-json\/wp\/v2\/product_cat?post=16097"},{"taxonomy":"product_tag","embeddable":true,"href":"https:\/\/empow-her.com\/es\/wp-json\/wp\/v2\/product_tag?post=16097"},{"taxonomy":"lieu","embeddable":true,"href":"https:\/\/empow-her.com\/es\/wp-json\/wp\/v2\/lieu?post=16097"},{"taxonomy":"thematiques","embeddable":true,"href":"https:\/\/empow-her.com\/es\/wp-json\/wp\/v2\/thematiques?post=16097"}],"curies":[{"name":"wp","href":"https:\/\/api.w.org\/{rel}","templated":true}]}}