{"id":16026,"date":"2021-08-06T14:58:42","date_gmt":"2021-08-06T12:58:42","guid":{"rendered":"https:\/\/empow-her.com\/?post_type=product&#038;p=16026"},"modified":"2021-11-17T09:31:54","modified_gmt":"2021-11-17T08:31:54","slug":"coaching-comprendre-ses-emotions-pour-les-transformer-en-leviers-daction-2","status":"publish","type":"product","link":"https:\/\/empow-her.com\/es\/produit\/coaching-comprendre-ses-emotions-pour-les-transformer-en-leviers-daction-2\/","title":{"rendered":"Coaching &#8211; Comprendre ses \u00e9motions pour les transformer en leviers d&#8217;action"},"content":{"rendered":"","protected":false},"excerpt":{"rendered":"<p>Un coaching individuel d&#8217;une heure pour d\u00e9velopper votre posture d&#8217;entrepreneure et faire de vos \u00e9motions une force !<br \/>\nC\u00e9cile Petit, coach en intelligence \u00e9motionnelle, vous aide \u00e0 comprendre vos \u00e9motions et leurs diff\u00e9rentes dimensions afin de mieux les identifier, les exprimer et les ma\u00eetriser tout en composant avec celles des autres. L&#8217;objectif de ce coaching ? Prendre du recul et faire le point avec une professionnelle sur votre \u00e9tat \u00e9motionnel du moment afin qu&#8217;elle vous aide \u00e0 transformer ces \u00e9motions en leviers d&#8217;action<\/p>\n<p>&nbsp;<\/p>\n<p><b>Par :\u00a0<\/b><a href=\"https:\/\/bulles.ooo\/\">Bulles<\/a><\/p>\n<p>&nbsp;<\/p>\n<p><span data-sheets-value=\"{&quot;1&quot;:2,&quot;2&quot;:&quot;Alexandre Sourzac-Lami est co-fondateur de Comit, une structure sp\u00e9cialis\u00e9e qui con\u00e7oit et adapte des outils et m\u00e9thodes pour donner aux entrepreneur.e.s la capacit\u00e9 de d\u00e9velopper des mod\u00e8les \u00e9conomiques p\u00e9rennes.&quot;}\" data-sheets-userformat=\"{&quot;2&quot;:1055743,&quot;3&quot;:{&quot;1&quot;:0},&quot;4&quot;:{&quot;1&quot;:2,&quot;2&quot;:16777215},&quot;5&quot;:{&quot;1&quot;:[{&quot;1&quot;:2,&quot;2&quot;:0,&quot;5&quot;:{&quot;1&quot;:2,&quot;2&quot;:0}},{&quot;1&quot;:0,&quot;2&quot;:0,&quot;3&quot;:3},{&quot;1&quot;:1,&quot;2&quot;:0,&quot;4&quot;:1}]},&quot;6&quot;:{&quot;1&quot;:[{&quot;1&quot;:2,&quot;2&quot;:0,&quot;5&quot;:{&quot;1&quot;:2,&quot;2&quot;:0}},{&quot;1&quot;:0,&quot;2&quot;:0,&quot;3&quot;:3},{&quot;1&quot;:1,&quot;2&quot;:0,&quot;4&quot;:1}]},&quot;7&quot;:{&quot;1&quot;:[{&quot;1&quot;:2,&quot;2&quot;:0,&quot;5&quot;:{&quot;1&quot;:2,&quot;2&quot;:0}},{&quot;1&quot;:0,&quot;2&quot;:0,&quot;3&quot;:3},{&quot;1&quot;:1,&quot;2&quot;:0,&quot;4&quot;:1}]},&quot;8&quot;:{&quot;1&quot;:[{&quot;1&quot;:2,&quot;2&quot;:0,&quot;5&quot;:{&quot;1&quot;:2,&quot;2&quot;:0}},{&quot;1&quot;:0,&quot;2&quot;:0,&quot;3&quot;:3},{&quot;1&quot;:1,&quot;2&quot;:0,&quot;4&quot;:1}]},&quot;9&quot;:0,&quot;10&quot;:1,&quot;11&quot;:4,&quot;12&quot;:0,&quot;14&quot;:{&quot;1&quot;:2,&quot;2&quot;:0},&quot;15&quot;:&quot;Calibri&quot;,&quot;23&quot;:1}\" data-sheets-textstyleruns=\"{&quot;1&quot;:0}\uee10{&quot;1&quot;:43,&quot;2&quot;:{&quot;2&quot;:{&quot;1&quot;:2,&quot;2&quot;:1136076},&quot;9&quot;:1}}\uee10{&quot;1&quot;:48}\" data-sheets-hyperlinkruns=\"{&quot;1&quot;:43,&quot;2&quot;:&quot;https:\/\/www.comit.berlin\/&quot;}\uee10{&quot;1&quot;:48}\"><strong>Intervenante :<\/strong> C\u00e9cile Petit<\/span><\/p>\n<p>Coach certifi\u00e9e et psychologue du travail, C\u00e9cile a \u00e9galement un parcours de formation initiale en \u00e9cole de commerce et plusieurs ann\u00e9es d&#8217;exp\u00e9rience dans le monde de l&#8217;entreprise en France, au Canada et au Danemark.<\/p>\n<p>Elle co-fond\u00e9 Bulles avec sa soeur : des espaces-temps de dialogue pour soi et en collectif au coeur de nos vies professionnelles. Elles accompagnent des personnes et des \u00e9quipes \u00e0 avancer avec confiance dans leurs projets et sur leurs situations de travail concr\u00e8tes.<\/p>\n<p>Passionn\u00e9e par les dynamiques humaines au travail, C\u00e9cile s&#8217;int\u00e9resse notamment au r\u00f4le des \u00e9motions. Comment faire de toutes nos \u00e9motions des alli\u00e9es au service de notre projet ?<\/p>\n<p>&nbsp;<\/p>\n<p><strong>Son super pouvoir ? <\/strong>Cr\u00e9atrice de relations de confiance avec une touche d&#8217;humour<\/p>\n<p>&nbsp;<\/p>\n<p><strong>Son petit mot ?<\/strong> L&#8217;aventure entrepreneuriale est une v\u00e9ritable exp\u00e9rience \u00e9motionnelle.<br \/>\nAlors appuyez-vous sur ce qui vous met en joie. Cela vous boostera pour mettre du c\u0153ur \u00e0 l&#8217;ouvrage et vous permettre d&#8217;oeuvrer avec coeur !<\/p>\n<p>&nbsp;<\/p>\n<p><strong>Dur\u00e9e<\/strong>\u00a0:\u00a0<span data-sheets-value=\"{&quot;1&quot;:2,&quot;2&quot;:&quot;Permanence de 4h avec un cr\u00e9neau de 1h par participante (+ 15 minutes entre chaque)&quot;}\" data-sheets-userformat=\"{&quot;2&quot;:7167,&quot;3&quot;:{&quot;1&quot;:0},&quot;4&quot;:{&quot;1&quot;:2,&quot;2&quot;:16777215},&quot;5&quot;:{&quot;1&quot;:[{&quot;1&quot;:2,&quot;2&quot;:0,&quot;5&quot;:{&quot;1&quot;:2,&quot;2&quot;:0}},{&quot;1&quot;:0,&quot;2&quot;:0,&quot;3&quot;:3},{&quot;1&quot;:1,&quot;2&quot;:0,&quot;4&quot;:1}]},&quot;6&quot;:{&quot;1&quot;:[{&quot;1&quot;:2,&quot;2&quot;:0,&quot;5&quot;:{&quot;1&quot;:2,&quot;2&quot;:0}},{&quot;1&quot;:0,&quot;2&quot;:0,&quot;3&quot;:3},{&quot;1&quot;:1,&quot;2&quot;:0,&quot;4&quot;:1}]},&quot;7&quot;:{&quot;1&quot;:[{&quot;1&quot;:2,&quot;2&quot;:0,&quot;5&quot;:{&quot;1&quot;:2,&quot;2&quot;:0}},{&quot;1&quot;:0,&quot;2&quot;:0,&quot;3&quot;:3},{&quot;1&quot;:1,&quot;2&quot;:0,&quot;4&quot;:1}]},&quot;8&quot;:{&quot;1&quot;:[{&quot;1&quot;:2,&quot;2&quot;:0,&quot;5&quot;:{&quot;1&quot;:2,&quot;2&quot;:0}},{&quot;1&quot;:0,&quot;2&quot;:0,&quot;3&quot;:3},{&quot;1&quot;:1,&quot;2&quot;:0,&quot;4&quot;:1}]},&quot;9&quot;:0,&quot;10&quot;:1,&quot;11&quot;:4,&quot;12&quot;:0,&quot;14&quot;:{&quot;1&quot;:2,&quot;2&quot;:0},&quot;15&quot;:&quot;Calibri&quot;}\">Permanence de 4h avec un cr\u00e9neau de 1h par participante<\/span><\/p>\n<p>&nbsp;<\/p>\n<p>Ce projet est co-financ\u00e9 par le Fonds Social Europ\u00e9en.<\/p>\n<p><img decoding=\"async\" class=\"alignnone size-medium wp-image-15792\" src=\"https:\/\/empow-her.com\/wp-content\/uploads\/2021\/07\/fse-logos-300x54.png\" alt=\"\" width=\"300\" height=\"54\" srcset=\"https:\/\/empow-her.com\/wp-content\/uploads\/2021\/07\/fse-logos-300x54.png 300w, https:\/\/empow-her.com\/wp-content\/uploads\/2021\/07\/fse-logos-600x108.png 600w, https:\/\/empow-her.com\/wp-content\/uploads\/2021\/07\/fse-logos-1024x184.png 1024w, https:\/\/empow-her.com\/wp-content\/uploads\/2021\/07\/fse-logos-768x138.png 768w, https:\/\/empow-her.com\/wp-content\/uploads\/2021\/07\/fse-logos-1536x275.png 1536w, https:\/\/empow-her.com\/wp-content\/uploads\/2021\/07\/fse-logos-2048x367.png 2048w, https:\/\/empow-her.com\/wp-content\/uploads\/2021\/07\/fse-logos-24x4.png 24w, https:\/\/empow-her.com\/wp-content\/uploads\/2021\/07\/fse-logos-36x6.png 36w, https:\/\/empow-her.com\/wp-content\/uploads\/2021\/07\/fse-logos-48x9.png 48w\" sizes=\"(max-width: 300px) 100vw, 300px\" \/><\/p>\n","protected":false},"featured_media":0,"template":"","format":"standard","meta":{"_acf_changed":false,"om_disable_all_campaigns":false,"_uf_show_specific_survey":0,"_uf_disable_surveys":false},"product_brand":[],"product_cat":[121],"product_tag":[],"lieu":[125],"thematiques":[],"class_list":{"0":"post-16026","1":"product","2":"type-product","3":"status-publish","4":"format-standard","6":"product_cat-coaching","7":"lieu-en-ligne","9":"first","10":"instock","11":"virtual","12":"purchasable","13":"product-type-appointment"},"exclude_global_add_ons":[],"addons":[],"acf":[],"yoast_head":"<!-- This site is optimized with the Yoast SEO plugin v24.8 - https:\/\/yoast.com\/wordpress\/plugins\/seo\/ -->\n<title>Coaching - Comprendre ses \u00e9motions pour les transformer en leviers d&#039;action - Empow&#039;Her<\/title>\n<meta name=\"robots\" content=\"index, follow, max-snippet:-1, max-image-preview:large, max-video-preview:-1\" \/>\n<link rel=\"canonical\" href=\"https:\/\/empow-her.com\/produit\/coaching-comprendre-ses-emotions-pour-les-transformer-en-leviers-daction-2\/\" \/>\n<meta property=\"og:locale\" content=\"es_ES\" \/>\n<meta property=\"og:type\" content=\"article\" \/>\n<meta property=\"og:title\" content=\"Coaching - Comprendre ses \u00e9motions pour les transformer en leviers d&#039;action - Empow&#039;Her\" \/>\n<meta property=\"og:description\" content=\"Un coaching individuel d&#039;une heure pour d\u00e9velopper votre posture d&#039;entrepreneure et faire de vos \u00e9motions une force ! C\u00e9cile Petit, coach en intelligence \u00e9motionnelle, vous aide \u00e0 comprendre vos \u00e9motions et leurs diff\u00e9rentes dimensions afin de mieux les identifier, les exprimer et les ma\u00eetriser tout en composant avec celles des autres. L&#039;objectif de ce coaching ? Prendre du recul et faire le point avec une professionnelle sur votre \u00e9tat \u00e9motionnel du moment afin qu&#039;elle vous aide \u00e0 transformer ces \u00e9motions en leviers d&#039;action  &nbsp;  Par :\u00a0Bulles  &nbsp;  Intervenante : C\u00e9cile Petit  Coach certifi\u00e9e et psychologue du travail, C\u00e9cile a \u00e9galement un parcours de formation initiale en \u00e9cole de commerce et plusieurs ann\u00e9es d&#039;exp\u00e9rience dans le monde de l&#039;entreprise en France, au Canada et au Danemark.  Elle co-fond\u00e9 Bulles avec sa soeur : des espaces-temps de dialogue pour soi et en collectif au coeur de nos vies professionnelles. Elles accompagnent des personnes et des \u00e9quipes \u00e0 avancer avec confiance dans leurs projets et sur leurs situations de travail concr\u00e8tes.  Passionn\u00e9e par les dynamiques humaines au travail, C\u00e9cile s&#039;int\u00e9resse notamment au r\u00f4le des \u00e9motions. Comment faire de toutes nos \u00e9motions des alli\u00e9es au service de notre projet ?  &nbsp;  Son super pouvoir ? Cr\u00e9atrice de relations de confiance avec une touche d&#039;humour  &nbsp;  Son petit mot ? L&#039;aventure entrepreneuriale est une v\u00e9ritable exp\u00e9rience \u00e9motionnelle. Alors appuyez-vous sur ce qui vous met en joie. Cela vous boostera pour mettre du c\u0153ur \u00e0 l&#039;ouvrage et vous permettre d&#039;oeuvrer avec coeur !  &nbsp;  Dur\u00e9e\u00a0:\u00a0Permanence de 4h avec un cr\u00e9neau de 1h par participante  &nbsp;  Ce projet est co-financ\u00e9 par le Fonds Social Europ\u00e9en.\" \/>\n<meta property=\"og:url\" content=\"https:\/\/empow-her.com\/produit\/coaching-comprendre-ses-emotions-pour-les-transformer-en-leviers-daction-2\/\" \/>\n<meta property=\"og:site_name\" content=\"Empow&#039;Her\" \/>\n<meta property=\"article:modified_time\" content=\"2021-11-17T08:31:54+00:00\" \/>\n<meta name=\"twitter:card\" content=\"summary_large_image\" \/>\n<script type=\"application\/ld+json\" class=\"yoast-schema-graph\">{\"@context\":\"https:\/\/schema.org\",\"@graph\":[{\"@type\":\"WebPage\",\"@id\":\"https:\/\/empow-her.com\/produit\/coaching-comprendre-ses-emotions-pour-les-transformer-en-leviers-daction-2\/\",\"url\":\"https:\/\/empow-her.com\/produit\/coaching-comprendre-ses-emotions-pour-les-transformer-en-leviers-daction-2\/\",\"name\":\"Coaching - Comprendre ses \u00e9motions pour les transformer en leviers d'action - Empow&#039;Her\",\"isPartOf\":{\"@id\":\"https:\/\/empow-her.com\/#website\"},\"datePublished\":\"2021-08-06T12:58:42+00:00\",\"dateModified\":\"2021-11-17T08:31:54+00:00\",\"breadcrumb\":{\"@id\":\"https:\/\/empow-her.com\/produit\/coaching-comprendre-ses-emotions-pour-les-transformer-en-leviers-daction-2\/#breadcrumb\"},\"inLanguage\":\"es\",\"potentialAction\":[{\"@type\":\"ReadAction\",\"target\":[\"https:\/\/empow-her.com\/produit\/coaching-comprendre-ses-emotions-pour-les-transformer-en-leviers-daction-2\/\"]}]},{\"@type\":\"BreadcrumbList\",\"@id\":\"https:\/\/empow-her.com\/produit\/coaching-comprendre-ses-emotions-pour-les-transformer-en-leviers-daction-2\/#breadcrumb\",\"itemListElement\":[{\"@type\":\"ListItem\",\"position\":1,\"name\":\"Accueil\",\"item\":\"https:\/\/empow-her.com\/es\/inicio\/\"},{\"@type\":\"ListItem\",\"position\":2,\"name\":\"LA BOUTIQUE\",\"item\":\"https:\/\/empow-her.com\/boutique\/\"},{\"@type\":\"ListItem\",\"position\":3,\"name\":\"Coaching &#8211; Comprendre ses \u00e9motions pour les transformer en leviers d&#8217;action\"}]},{\"@type\":\"WebSite\",\"@id\":\"https:\/\/empow-her.com\/#website\",\"url\":\"https:\/\/empow-her.com\/\",\"name\":\"Empow&#039;Her\",\"description\":\"Women Development\",\"potentialAction\":[{\"@type\":\"SearchAction\",\"target\":{\"@type\":\"EntryPoint\",\"urlTemplate\":\"https:\/\/empow-her.com\/?s={search_term_string}\"},\"query-input\":{\"@type\":\"PropertyValueSpecification\",\"valueRequired\":true,\"valueName\":\"search_term_string\"}}],\"inLanguage\":\"es\"}]}<\/script>\n<!-- \/ Yoast SEO plugin. -->","yoast_head_json":{"title":"Coaching - Comprendre ses \u00e9motions pour les transformer en leviers d'action - Empow&#039;Her","robots":{"index":"index","follow":"follow","max-snippet":"max-snippet:-1","max-image-preview":"max-image-preview:large","max-video-preview":"max-video-preview:-1"},"canonical":"https:\/\/empow-her.com\/produit\/coaching-comprendre-ses-emotions-pour-les-transformer-en-leviers-daction-2\/","og_locale":"es_ES","og_type":"article","og_title":"Coaching - Comprendre ses \u00e9motions pour les transformer en leviers d'action - Empow&#039;Her","og_description":"Un coaching individuel d'une heure pour d\u00e9velopper votre posture d'entrepreneure et faire de vos \u00e9motions une force ! C\u00e9cile Petit, coach en intelligence \u00e9motionnelle, vous aide \u00e0 comprendre vos \u00e9motions et leurs diff\u00e9rentes dimensions afin de mieux les identifier, les exprimer et les ma\u00eetriser tout en composant avec celles des autres. L'objectif de ce coaching ? Prendre du recul et faire le point avec une professionnelle sur votre \u00e9tat \u00e9motionnel du moment afin qu'elle vous aide \u00e0 transformer ces \u00e9motions en leviers d'action  &nbsp;  Par :\u00a0Bulles  &nbsp;  Intervenante : C\u00e9cile Petit  Coach certifi\u00e9e et psychologue du travail, C\u00e9cile a \u00e9galement un parcours de formation initiale en \u00e9cole de commerce et plusieurs ann\u00e9es d'exp\u00e9rience dans le monde de l'entreprise en France, au Canada et au Danemark.  Elle co-fond\u00e9 Bulles avec sa soeur : des espaces-temps de dialogue pour soi et en collectif au coeur de nos vies professionnelles. Elles accompagnent des personnes et des \u00e9quipes \u00e0 avancer avec confiance dans leurs projets et sur leurs situations de travail concr\u00e8tes.  Passionn\u00e9e par les dynamiques humaines au travail, C\u00e9cile s'int\u00e9resse notamment au r\u00f4le des \u00e9motions. Comment faire de toutes nos \u00e9motions des alli\u00e9es au service de notre projet ?  &nbsp;  Son super pouvoir ? Cr\u00e9atrice de relations de confiance avec une touche d'humour  &nbsp;  Son petit mot ? L'aventure entrepreneuriale est une v\u00e9ritable exp\u00e9rience \u00e9motionnelle. Alors appuyez-vous sur ce qui vous met en joie. Cela vous boostera pour mettre du c\u0153ur \u00e0 l'ouvrage et vous permettre d'oeuvrer avec coeur !  &nbsp;  Dur\u00e9e\u00a0:\u00a0Permanence de 4h avec un cr\u00e9neau de 1h par participante  &nbsp;  Ce projet est co-financ\u00e9 par le Fonds Social Europ\u00e9en.","og_url":"https:\/\/empow-her.com\/produit\/coaching-comprendre-ses-emotions-pour-les-transformer-en-leviers-daction-2\/","og_site_name":"Empow&#039;Her","article_modified_time":"2021-11-17T08:31:54+00:00","twitter_card":"summary_large_image","schema":{"@context":"https:\/\/schema.org","@graph":[{"@type":"WebPage","@id":"https:\/\/empow-her.com\/produit\/coaching-comprendre-ses-emotions-pour-les-transformer-en-leviers-daction-2\/","url":"https:\/\/empow-her.com\/produit\/coaching-comprendre-ses-emotions-pour-les-transformer-en-leviers-daction-2\/","name":"Coaching - Comprendre ses \u00e9motions pour les transformer en leviers d'action - Empow&#039;Her","isPartOf":{"@id":"https:\/\/empow-her.com\/#website"},"datePublished":"2021-08-06T12:58:42+00:00","dateModified":"2021-11-17T08:31:54+00:00","breadcrumb":{"@id":"https:\/\/empow-her.com\/produit\/coaching-comprendre-ses-emotions-pour-les-transformer-en-leviers-daction-2\/#breadcrumb"},"inLanguage":"es","potentialAction":[{"@type":"ReadAction","target":["https:\/\/empow-her.com\/produit\/coaching-comprendre-ses-emotions-pour-les-transformer-en-leviers-daction-2\/"]}]},{"@type":"BreadcrumbList","@id":"https:\/\/empow-her.com\/produit\/coaching-comprendre-ses-emotions-pour-les-transformer-en-leviers-daction-2\/#breadcrumb","itemListElement":[{"@type":"ListItem","position":1,"name":"Accueil","item":"https:\/\/empow-her.com\/es\/inicio\/"},{"@type":"ListItem","position":2,"name":"LA BOUTIQUE","item":"https:\/\/empow-her.com\/boutique\/"},{"@type":"ListItem","position":3,"name":"Coaching &#8211; Comprendre ses \u00e9motions pour les transformer en leviers d&#8217;action"}]},{"@type":"WebSite","@id":"https:\/\/empow-her.com\/#website","url":"https:\/\/empow-her.com\/","name":"Empow&#039;Her","description":"Women Development","potentialAction":[{"@type":"SearchAction","target":{"@type":"EntryPoint","urlTemplate":"https:\/\/empow-her.com\/?s={search_term_string}"},"query-input":{"@type":"PropertyValueSpecification","valueRequired":true,"valueName":"search_term_string"}}],"inLanguage":"es"}]}},"_links":{"self":[{"href":"https:\/\/empow-her.com\/es\/wp-json\/wp\/v2\/product\/16026","targetHints":{"allow":["GET"]}}],"collection":[{"href":"https:\/\/empow-her.com\/es\/wp-json\/wp\/v2\/product"}],"about":[{"href":"https:\/\/empow-her.com\/es\/wp-json\/wp\/v2\/types\/product"}],"wp:attachment":[{"href":"https:\/\/empow-her.com\/es\/wp-json\/wp\/v2\/media?parent=16026"}],"wp:term":[{"taxonomy":"product_brand","embeddable":true,"href":"https:\/\/empow-her.com\/es\/wp-json\/wp\/v2\/product_brand?post=16026"},{"taxonomy":"product_cat","embeddable":true,"href":"https:\/\/empow-her.com\/es\/wp-json\/wp\/v2\/product_cat?post=16026"},{"taxonomy":"product_tag","embeddable":true,"href":"https:\/\/empow-her.com\/es\/wp-json\/wp\/v2\/product_tag?post=16026"},{"taxonomy":"lieu","embeddable":true,"href":"https:\/\/empow-her.com\/es\/wp-json\/wp\/v2\/lieu?post=16026"},{"taxonomy":"thematiques","embeddable":true,"href":"https:\/\/empow-her.com\/es\/wp-json\/wp\/v2\/thematiques?post=16026"}],"curies":[{"name":"wp","href":"https:\/\/api.w.org\/{rel}","templated":true}]}}