{"id":16011,"date":"2021-08-06T09:43:04","date_gmt":"2021-08-06T07:43:04","guid":{"rendered":"https:\/\/empow-her.com\/?post_type=product&#038;p=16011"},"modified":"2021-09-08T19:14:32","modified_gmt":"2021-09-08T17:14:32","slug":"atelier-brainstorming-demarches-administratives-juridiques-2-heures","status":"publish","type":"product","link":"https:\/\/empow-her.com\/es\/produit\/atelier-brainstorming-demarches-administratives-juridiques-2-heures\/","title":{"rendered":"Coaching collectif &#8211; Brainstorming : D\u00e9marches administratives &#038; juridiques (2 heures)"},"content":{"rendered":"","protected":false},"excerpt":{"rendered":"<p>Rendez-vous pour un<strong> format in\u00e9di<\/strong>t : b\u00e9n\u00e9ficiez de <strong>deux heures en petits groupes <\/strong>de 3 entrepreneures pour travailler avec nos expertes sur votre probl\u00e9matique. Cette <strong>session est comptabilis\u00e9e comme 1h de coaching individuel<\/strong> (sur vos 10h disponibles) &#8211; <strong>deux fois plus de temps pour vous permettre de faire d\u00e9coller vos projets !<\/strong><\/p>\n<p style=\"text-align: left;\">Un brainstorming en petit groupe, supervis\u00e9 par un\u00b7e expert\u00b7e juridique, pour <strong>partager et entreprendre les bonnes d\u00e9marches administratives<\/strong> (choix du statut juridique, d\u00e9p\u00f4t de marque, contrats commerciaux, protection des donn\u00e9es\u2026) ! L&#8217;occasion de profiter aussi de l&#8217;intelligence collective, encadr\u00e9 par un\u00b7e expert\u00b7e !<\/p>\n<p style=\"text-align: left;\">Sur le format d&#8217;un atelier de co-d\u00e9veloppement, vous pourrez&#8230; :<\/p>\n<ul>\n<li style=\"text-align: left;\">vous faire coacher sur les aspects juridiques &amp; administratifs de votre projet ;<\/li>\n<li style=\"text-align: left;\">vous inspirer des autres porteuses de projet du groupe pour bien comprendre tous les enjeux li\u00e9s \u00e0 ces th\u00e9matiques ;<\/li>\n<li style=\"text-align: left;\">b\u00e9n\u00e9ficier pendant 2 heures de l&#8217;expertise th\u00e9orique et pratique d&#8217;un\u00b7e pro dans un cadre bienveillant et d&#8217;entraide.<\/li>\n<\/ul>\n<p>Avant la session, pr\u00e9parez une question, un d\u00e9fi ou un blocage que vous rencontrez et que vous aimeriez r\u00e9soudre en lien avec la th\u00e9matique : nous nous appuierons sur la puissance du collectif pour y r\u00e9pondre !<\/p>\n<p>&nbsp;<\/p>\n<p><b>Par : <a href=\"https:\/\/www.wizifin.com\/\">Wizifin<\/a><\/b><\/p>\n<p>&nbsp;<\/p>\n<p><span data-sheets-value=\"{&quot;1&quot;:2,&quot;2&quot;:&quot;Alexandre Sourzac-Lami est co-fondateur de Comit, une structure sp\u00e9cialis\u00e9e qui con\u00e7oit et adapte des outils et m\u00e9thodes pour donner aux entrepreneur.e.s la capacit\u00e9 de d\u00e9velopper des mod\u00e8les \u00e9conomiques p\u00e9rennes.&quot;}\" data-sheets-userformat=\"{&quot;2&quot;:1055743,&quot;3&quot;:{&quot;1&quot;:0},&quot;4&quot;:{&quot;1&quot;:2,&quot;2&quot;:16777215},&quot;5&quot;:{&quot;1&quot;:[{&quot;1&quot;:2,&quot;2&quot;:0,&quot;5&quot;:{&quot;1&quot;:2,&quot;2&quot;:0}},{&quot;1&quot;:0,&quot;2&quot;:0,&quot;3&quot;:3},{&quot;1&quot;:1,&quot;2&quot;:0,&quot;4&quot;:1}]},&quot;6&quot;:{&quot;1&quot;:[{&quot;1&quot;:2,&quot;2&quot;:0,&quot;5&quot;:{&quot;1&quot;:2,&quot;2&quot;:0}},{&quot;1&quot;:0,&quot;2&quot;:0,&quot;3&quot;:3},{&quot;1&quot;:1,&quot;2&quot;:0,&quot;4&quot;:1}]},&quot;7&quot;:{&quot;1&quot;:[{&quot;1&quot;:2,&quot;2&quot;:0,&quot;5&quot;:{&quot;1&quot;:2,&quot;2&quot;:0}},{&quot;1&quot;:0,&quot;2&quot;:0,&quot;3&quot;:3},{&quot;1&quot;:1,&quot;2&quot;:0,&quot;4&quot;:1}]},&quot;8&quot;:{&quot;1&quot;:[{&quot;1&quot;:2,&quot;2&quot;:0,&quot;5&quot;:{&quot;1&quot;:2,&quot;2&quot;:0}},{&quot;1&quot;:0,&quot;2&quot;:0,&quot;3&quot;:3},{&quot;1&quot;:1,&quot;2&quot;:0,&quot;4&quot;:1}]},&quot;9&quot;:0,&quot;10&quot;:1,&quot;11&quot;:4,&quot;12&quot;:0,&quot;14&quot;:{&quot;1&quot;:2,&quot;2&quot;:0},&quot;15&quot;:&quot;Calibri&quot;,&quot;23&quot;:1}\" data-sheets-textstyleruns=\"{&quot;1&quot;:0}\uee10{&quot;1&quot;:43,&quot;2&quot;:{&quot;2&quot;:{&quot;1&quot;:2,&quot;2&quot;:1136076},&quot;9&quot;:1}}\uee10{&quot;1&quot;:48}\" data-sheets-hyperlinkruns=\"{&quot;1&quot;:43,&quot;2&quot;:&quot;https:\/\/www.comit.berlin\/&quot;}\uee10{&quot;1&quot;:48}\"><strong>Intervenant :<\/strong>\u00a0Jean Vetter de Wizifin<\/span><\/p>\n<p>&nbsp;<\/p>\n<p><strong>Dur\u00e9e<\/strong> : 2h<\/p>\n<p>&nbsp;<\/p>\n<p>Ce projet est co-financ\u00e9 par le Fonds Social Europ\u00e9en.<\/p>\n<p><img decoding=\"async\" class=\"\" src=\"https:\/\/www.sep-asso.fr\/wp-content\/uploads\/2018\/02\/logo-union-europeenne.png\" alt=\"logo union europeenne \u2013 SEP\" width=\"87\" height=\"72\" \/> <img decoding=\"async\" class=\"alignnone wp-image-15218\" src=\"https:\/\/empow-her.com\/wp-content\/uploads\/2021\/06\/logo_fonds_social_europeen-300x187.png\" alt=\"\" width=\"104\" height=\"65\" srcset=\"https:\/\/empow-her.com\/wp-content\/uploads\/2021\/06\/logo_fonds_social_europeen-300x187.png 300w, https:\/\/empow-her.com\/wp-content\/uploads\/2021\/06\/logo_fonds_social_europeen-600x375.png 600w, https:\/\/empow-her.com\/wp-content\/uploads\/2021\/06\/logo_fonds_social_europeen-24x15.png 24w, https:\/\/empow-her.com\/wp-content\/uploads\/2021\/06\/logo_fonds_social_europeen-36x22.png 36w, https:\/\/empow-her.com\/wp-content\/uploads\/2021\/06\/logo_fonds_social_europeen-48x30.png 48w, https:\/\/empow-her.com\/wp-content\/uploads\/2021\/06\/logo_fonds_social_europeen.png 666w\" sizes=\"(max-width: 104px) 100vw, 104px\" \/>\u00a0 <img decoding=\"async\" class=\"\" src=\"https:\/\/franceactive-idf.org\/wp-content\/uploads\/2020\/02\/logo-region-ile-de-france.png\" alt=\"Logo Region Ile De France - France Active \u00cele-de-France\" width=\"126\" height=\"29\" \/><\/p>\n","protected":false},"featured_media":17099,"template":"","format":"standard","meta":{"_acf_changed":false,"om_disable_all_campaigns":false,"_uf_show_specific_survey":0,"_uf_disable_surveys":false},"product_brand":[],"product_cat":[121],"product_tag":[],"lieu":[125],"thematiques":[],"class_list":{"0":"post-16011","1":"product","2":"type-product","3":"status-publish","4":"format-standard","5":"has-post-thumbnail","7":"product_cat-coaching","8":"lieu-en-ligne","10":"first","11":"instock","12":"virtual","13":"purchasable","14":"product-type-appointment"},"exclude_global_add_ons":[],"addons":[],"acf":[],"yoast_head":"<!-- This site is optimized with the Yoast SEO plugin v24.8 - https:\/\/yoast.com\/wordpress\/plugins\/seo\/ -->\n<title>Coaching collectif - Brainstorming : D\u00e9marches administratives &amp; juridiques (2 heures) - Empow&#039;Her<\/title>\n<meta name=\"robots\" content=\"index, follow, max-snippet:-1, max-image-preview:large, max-video-preview:-1\" \/>\n<link rel=\"canonical\" href=\"https:\/\/empow-her.com\/es\/produit\/atelier-brainstorming-demarches-administratives-juridiques-2-heures\/\" \/>\n<meta property=\"og:locale\" content=\"es_ES\" \/>\n<meta property=\"og:type\" content=\"article\" \/>\n<meta property=\"og:title\" content=\"Coaching collectif - Brainstorming : D\u00e9marches administratives &amp; juridiques (2 heures) - Empow&#039;Her\" \/>\n<meta property=\"og:description\" content=\"Rendez-vous pour un format in\u00e9dit : b\u00e9n\u00e9ficiez de deux heures en petits groupes de 3 entrepreneures pour travailler avec nos expertes sur votre probl\u00e9matique. Cette session est comptabilis\u00e9e comme 1h de coaching individuel (sur vos 10h disponibles) - deux fois plus de temps pour vous permettre de faire d\u00e9coller vos projets ! Un brainstorming en petit groupe, supervis\u00e9 par un\u00b7e expert\u00b7e juridique, pour partager et entreprendre les bonnes d\u00e9marches administratives (choix du statut juridique, d\u00e9p\u00f4t de marque, contrats commerciaux, protection des donn\u00e9es\u2026) ! L&#039;occasion de profiter aussi de l&#039;intelligence collective, encadr\u00e9 par un\u00b7e expert\u00b7e ! Sur le format d&#039;un atelier de co-d\u00e9veloppement, vous pourrez... :    vous faire coacher sur les aspects juridiques &amp; administratifs de votre projet ;  vous inspirer des autres porteuses de projet du groupe pour bien comprendre tous les enjeux li\u00e9s \u00e0 ces th\u00e9matiques ;  b\u00e9n\u00e9ficier pendant 2 heures de l&#039;expertise th\u00e9orique et pratique d&#039;un\u00b7e pro dans un cadre bienveillant et d&#039;entraide.  Avant la session, pr\u00e9parez une question, un d\u00e9fi ou un blocage que vous rencontrez et que vous aimeriez r\u00e9soudre en lien avec la th\u00e9matique : nous nous appuierons sur la puissance du collectif pour y r\u00e9pondre !  &nbsp;  Par : Wizifin  &nbsp;  Intervenant :\u00a0Jean Vetter de Wizifin  &nbsp;  Dur\u00e9e : 2h  &nbsp;  Ce projet est co-financ\u00e9 par le Fonds Social Europ\u00e9en.   \u00a0\" \/>\n<meta property=\"og:url\" content=\"https:\/\/empow-her.com\/es\/produit\/atelier-brainstorming-demarches-administratives-juridiques-2-heures\/\" \/>\n<meta property=\"og:site_name\" content=\"Empow&#039;Her\" \/>\n<meta property=\"article:modified_time\" content=\"2021-09-08T17:14:32+00:00\" \/>\n<meta property=\"og:image\" content=\"https:\/\/empow-her.com\/wp-content\/uploads\/2021\/08\/TEMPLATE-EVENTS-WOMEN-DARE-4.png\" \/>\n\t<meta property=\"og:image:width\" content=\"1080\" \/>\n\t<meta property=\"og:image:height\" content=\"1080\" \/>\n\t<meta property=\"og:image:type\" content=\"image\/png\" \/>\n<meta name=\"twitter:card\" content=\"summary_large_image\" \/>\n<script type=\"application\/ld+json\" class=\"yoast-schema-graph\">{\"@context\":\"https:\/\/schema.org\",\"@graph\":[{\"@type\":\"WebPage\",\"@id\":\"https:\/\/empow-her.com\/es\/produit\/atelier-brainstorming-demarches-administratives-juridiques-2-heures\/\",\"url\":\"https:\/\/empow-her.com\/es\/produit\/atelier-brainstorming-demarches-administratives-juridiques-2-heures\/\",\"name\":\"Coaching collectif - Brainstorming : D\u00e9marches administratives & juridiques (2 heures) - Empow&#039;Her\",\"isPartOf\":{\"@id\":\"https:\/\/empow-her.com\/#website\"},\"primaryImageOfPage\":{\"@id\":\"https:\/\/empow-her.com\/es\/produit\/atelier-brainstorming-demarches-administratives-juridiques-2-heures\/#primaryimage\"},\"image\":{\"@id\":\"https:\/\/empow-her.com\/es\/produit\/atelier-brainstorming-demarches-administratives-juridiques-2-heures\/#primaryimage\"},\"thumbnailUrl\":\"https:\/\/empow-her.com\/wp-content\/uploads\/2021\/08\/TEMPLATE-EVENTS-WOMEN-DARE-4.png\",\"datePublished\":\"2021-08-06T07:43:04+00:00\",\"dateModified\":\"2021-09-08T17:14:32+00:00\",\"breadcrumb\":{\"@id\":\"https:\/\/empow-her.com\/es\/produit\/atelier-brainstorming-demarches-administratives-juridiques-2-heures\/#breadcrumb\"},\"inLanguage\":\"es\",\"potentialAction\":[{\"@type\":\"ReadAction\",\"target\":[\"https:\/\/empow-her.com\/es\/produit\/atelier-brainstorming-demarches-administratives-juridiques-2-heures\/\"]}]},{\"@type\":\"ImageObject\",\"inLanguage\":\"es\",\"@id\":\"https:\/\/empow-her.com\/es\/produit\/atelier-brainstorming-demarches-administratives-juridiques-2-heures\/#primaryimage\",\"url\":\"https:\/\/empow-her.com\/wp-content\/uploads\/2021\/08\/TEMPLATE-EVENTS-WOMEN-DARE-4.png\",\"contentUrl\":\"https:\/\/empow-her.com\/wp-content\/uploads\/2021\/08\/TEMPLATE-EVENTS-WOMEN-DARE-4.png\",\"width\":1080,\"height\":1080},{\"@type\":\"BreadcrumbList\",\"@id\":\"https:\/\/empow-her.com\/es\/produit\/atelier-brainstorming-demarches-administratives-juridiques-2-heures\/#breadcrumb\",\"itemListElement\":[{\"@type\":\"ListItem\",\"position\":1,\"name\":\"Accueil\",\"item\":\"https:\/\/empow-her.com\/es\/inicio\/\"},{\"@type\":\"ListItem\",\"position\":2,\"name\":\"LA BOUTIQUE\",\"item\":\"https:\/\/empow-her.com\/boutique\/\"},{\"@type\":\"ListItem\",\"position\":3,\"name\":\"Coaching collectif &#8211; Brainstorming : D\u00e9marches administratives &#038; juridiques (2 heures)\"}]},{\"@type\":\"WebSite\",\"@id\":\"https:\/\/empow-her.com\/#website\",\"url\":\"https:\/\/empow-her.com\/\",\"name\":\"Empow&#039;Her\",\"description\":\"Women Development\",\"potentialAction\":[{\"@type\":\"SearchAction\",\"target\":{\"@type\":\"EntryPoint\",\"urlTemplate\":\"https:\/\/empow-her.com\/?s={search_term_string}\"},\"query-input\":{\"@type\":\"PropertyValueSpecification\",\"valueRequired\":true,\"valueName\":\"search_term_string\"}}],\"inLanguage\":\"es\"}]}<\/script>\n<!-- \/ Yoast SEO plugin. -->","yoast_head_json":{"title":"Coaching collectif - Brainstorming : D\u00e9marches administratives & juridiques (2 heures) - Empow&#039;Her","robots":{"index":"index","follow":"follow","max-snippet":"max-snippet:-1","max-image-preview":"max-image-preview:large","max-video-preview":"max-video-preview:-1"},"canonical":"https:\/\/empow-her.com\/es\/produit\/atelier-brainstorming-demarches-administratives-juridiques-2-heures\/","og_locale":"es_ES","og_type":"article","og_title":"Coaching collectif - Brainstorming : D\u00e9marches administratives & juridiques (2 heures) - Empow&#039;Her","og_description":"Rendez-vous pour un format in\u00e9dit : b\u00e9n\u00e9ficiez de deux heures en petits groupes de 3 entrepreneures pour travailler avec nos expertes sur votre probl\u00e9matique. Cette session est comptabilis\u00e9e comme 1h de coaching individuel (sur vos 10h disponibles) - deux fois plus de temps pour vous permettre de faire d\u00e9coller vos projets ! Un brainstorming en petit groupe, supervis\u00e9 par un\u00b7e expert\u00b7e juridique, pour partager et entreprendre les bonnes d\u00e9marches administratives (choix du statut juridique, d\u00e9p\u00f4t de marque, contrats commerciaux, protection des donn\u00e9es\u2026) ! L'occasion de profiter aussi de l'intelligence collective, encadr\u00e9 par un\u00b7e expert\u00b7e ! Sur le format d'un atelier de co-d\u00e9veloppement, vous pourrez... :    vous faire coacher sur les aspects juridiques &amp; administratifs de votre projet ;  vous inspirer des autres porteuses de projet du groupe pour bien comprendre tous les enjeux li\u00e9s \u00e0 ces th\u00e9matiques ;  b\u00e9n\u00e9ficier pendant 2 heures de l'expertise th\u00e9orique et pratique d'un\u00b7e pro dans un cadre bienveillant et d'entraide.  Avant la session, pr\u00e9parez une question, un d\u00e9fi ou un blocage que vous rencontrez et que vous aimeriez r\u00e9soudre en lien avec la th\u00e9matique : nous nous appuierons sur la puissance du collectif pour y r\u00e9pondre !  &nbsp;  Par : Wizifin  &nbsp;  Intervenant :\u00a0Jean Vetter de Wizifin  &nbsp;  Dur\u00e9e : 2h  &nbsp;  Ce projet est co-financ\u00e9 par le Fonds Social Europ\u00e9en.   \u00a0","og_url":"https:\/\/empow-her.com\/es\/produit\/atelier-brainstorming-demarches-administratives-juridiques-2-heures\/","og_site_name":"Empow&#039;Her","article_modified_time":"2021-09-08T17:14:32+00:00","og_image":[{"width":1080,"height":1080,"url":"https:\/\/empow-her.com\/wp-content\/uploads\/2021\/08\/TEMPLATE-EVENTS-WOMEN-DARE-4.png","type":"image\/png"}],"twitter_card":"summary_large_image","schema":{"@context":"https:\/\/schema.org","@graph":[{"@type":"WebPage","@id":"https:\/\/empow-her.com\/es\/produit\/atelier-brainstorming-demarches-administratives-juridiques-2-heures\/","url":"https:\/\/empow-her.com\/es\/produit\/atelier-brainstorming-demarches-administratives-juridiques-2-heures\/","name":"Coaching collectif - Brainstorming : D\u00e9marches administratives & juridiques (2 heures) - Empow&#039;Her","isPartOf":{"@id":"https:\/\/empow-her.com\/#website"},"primaryImageOfPage":{"@id":"https:\/\/empow-her.com\/es\/produit\/atelier-brainstorming-demarches-administratives-juridiques-2-heures\/#primaryimage"},"image":{"@id":"https:\/\/empow-her.com\/es\/produit\/atelier-brainstorming-demarches-administratives-juridiques-2-heures\/#primaryimage"},"thumbnailUrl":"https:\/\/empow-her.com\/wp-content\/uploads\/2021\/08\/TEMPLATE-EVENTS-WOMEN-DARE-4.png","datePublished":"2021-08-06T07:43:04+00:00","dateModified":"2021-09-08T17:14:32+00:00","breadcrumb":{"@id":"https:\/\/empow-her.com\/es\/produit\/atelier-brainstorming-demarches-administratives-juridiques-2-heures\/#breadcrumb"},"inLanguage":"es","potentialAction":[{"@type":"ReadAction","target":["https:\/\/empow-her.com\/es\/produit\/atelier-brainstorming-demarches-administratives-juridiques-2-heures\/"]}]},{"@type":"ImageObject","inLanguage":"es","@id":"https:\/\/empow-her.com\/es\/produit\/atelier-brainstorming-demarches-administratives-juridiques-2-heures\/#primaryimage","url":"https:\/\/empow-her.com\/wp-content\/uploads\/2021\/08\/TEMPLATE-EVENTS-WOMEN-DARE-4.png","contentUrl":"https:\/\/empow-her.com\/wp-content\/uploads\/2021\/08\/TEMPLATE-EVENTS-WOMEN-DARE-4.png","width":1080,"height":1080},{"@type":"BreadcrumbList","@id":"https:\/\/empow-her.com\/es\/produit\/atelier-brainstorming-demarches-administratives-juridiques-2-heures\/#breadcrumb","itemListElement":[{"@type":"ListItem","position":1,"name":"Accueil","item":"https:\/\/empow-her.com\/es\/inicio\/"},{"@type":"ListItem","position":2,"name":"LA BOUTIQUE","item":"https:\/\/empow-her.com\/boutique\/"},{"@type":"ListItem","position":3,"name":"Coaching collectif &#8211; Brainstorming : D\u00e9marches administratives &#038; juridiques (2 heures)"}]},{"@type":"WebSite","@id":"https:\/\/empow-her.com\/#website","url":"https:\/\/empow-her.com\/","name":"Empow&#039;Her","description":"Women Development","potentialAction":[{"@type":"SearchAction","target":{"@type":"EntryPoint","urlTemplate":"https:\/\/empow-her.com\/?s={search_term_string}"},"query-input":{"@type":"PropertyValueSpecification","valueRequired":true,"valueName":"search_term_string"}}],"inLanguage":"es"}]}},"_links":{"self":[{"href":"https:\/\/empow-her.com\/es\/wp-json\/wp\/v2\/product\/16011","targetHints":{"allow":["GET"]}}],"collection":[{"href":"https:\/\/empow-her.com\/es\/wp-json\/wp\/v2\/product"}],"about":[{"href":"https:\/\/empow-her.com\/es\/wp-json\/wp\/v2\/types\/product"}],"wp:featuredmedia":[{"embeddable":true,"href":"https:\/\/empow-her.com\/es\/wp-json\/wp\/v2\/media\/17099"}],"wp:attachment":[{"href":"https:\/\/empow-her.com\/es\/wp-json\/wp\/v2\/media?parent=16011"}],"wp:term":[{"taxonomy":"product_brand","embeddable":true,"href":"https:\/\/empow-her.com\/es\/wp-json\/wp\/v2\/product_brand?post=16011"},{"taxonomy":"product_cat","embeddable":true,"href":"https:\/\/empow-her.com\/es\/wp-json\/wp\/v2\/product_cat?post=16011"},{"taxonomy":"product_tag","embeddable":true,"href":"https:\/\/empow-her.com\/es\/wp-json\/wp\/v2\/product_tag?post=16011"},{"taxonomy":"lieu","embeddable":true,"href":"https:\/\/empow-her.com\/es\/wp-json\/wp\/v2\/lieu?post=16011"},{"taxonomy":"thematiques","embeddable":true,"href":"https:\/\/empow-her.com\/es\/wp-json\/wp\/v2\/thematiques?post=16011"}],"curies":[{"name":"wp","href":"https:\/\/api.w.org\/{rel}","templated":true}]}}