{"id":15915,"date":"2021-07-30T10:51:03","date_gmt":"2021-07-30T08:51:03","guid":{"rendered":"https:\/\/empow-her.com\/?post_type=product&#038;p=15915"},"modified":"2021-07-30T11:32:17","modified_gmt":"2021-07-30T09:32:17","slug":"coaching-businessdevelopment-trouver-ses-clients-et-developper-son-activite-2","status":"publish","type":"product","link":"https:\/\/empow-her.com\/es\/produit\/coaching-businessdevelopment-trouver-ses-clients-et-developper-son-activite-2\/","title":{"rendered":"Coaching &#8211; #BusinessDevelopment &#8211; Trouver ses clients et d\u00e9velopper son activit\u00e9"},"content":{"rendered":"","protected":false},"excerpt":{"rendered":"<p>Un \u00e9change individuel d&#8217;une heure pour r\u00e9pondre \u00e0 vos questions et travailler sur votre strat\u00e9gie de d\u00e9veloppement commercial ! Identifier ses cibles prioritaires, cr\u00e9er son argumentaire commercial, analyser la concurrence&#8230; L&#8217;\u00e9quipe d&#8217;expertes commerciales de B.Between r\u00e9pond \u00e0 toutes vos questions pour construire des offres pertinentes, aller \u00e0 la rencontre de son march\u00e9, et atteindre ses objectifs avec une strat\u00e9gie commerciale r\u00e9ussie !<br \/>\nAvant la session, n&#8217;h\u00e9sitez pas \u00e0 envoyer vos questions pr\u00e9cises (si vous en avez), ou tout autre document utile \u00e0 l&#8217;\u00e9quipe d&#8217;accompagnement Empow&#8217;Her, qui pourra les transmettre aux expertes pour pr\u00e9parer au mieux votre \u00e9change !<\/p>\n<p>&nbsp;<\/p>\n<p><b>Par :<\/b>\u00a0<a class=\"in-cell-link\" href=\"https:\/\/www.bbetween.fr\/\" target=\"_blank\" rel=\"noopener noreferrer\">B.Between<\/a><\/p>\n<p>&nbsp;<\/p>\n<p><span data-sheets-value=\"{&quot;1&quot;:2,&quot;2&quot;:&quot;Alexandre Sourzac-Lami est co-fondateur de Comit, une structure sp\u00e9cialis\u00e9e qui con\u00e7oit et adapte des outils et m\u00e9thodes pour donner aux entrepreneur.e.s la capacit\u00e9 de d\u00e9velopper des mod\u00e8les \u00e9conomiques p\u00e9rennes.&quot;}\" data-sheets-userformat=\"{&quot;2&quot;:1055743,&quot;3&quot;:{&quot;1&quot;:0},&quot;4&quot;:{&quot;1&quot;:2,&quot;2&quot;:16777215},&quot;5&quot;:{&quot;1&quot;:[{&quot;1&quot;:2,&quot;2&quot;:0,&quot;5&quot;:{&quot;1&quot;:2,&quot;2&quot;:0}},{&quot;1&quot;:0,&quot;2&quot;:0,&quot;3&quot;:3},{&quot;1&quot;:1,&quot;2&quot;:0,&quot;4&quot;:1}]},&quot;6&quot;:{&quot;1&quot;:[{&quot;1&quot;:2,&quot;2&quot;:0,&quot;5&quot;:{&quot;1&quot;:2,&quot;2&quot;:0}},{&quot;1&quot;:0,&quot;2&quot;:0,&quot;3&quot;:3},{&quot;1&quot;:1,&quot;2&quot;:0,&quot;4&quot;:1}]},&quot;7&quot;:{&quot;1&quot;:[{&quot;1&quot;:2,&quot;2&quot;:0,&quot;5&quot;:{&quot;1&quot;:2,&quot;2&quot;:0}},{&quot;1&quot;:0,&quot;2&quot;:0,&quot;3&quot;:3},{&quot;1&quot;:1,&quot;2&quot;:0,&quot;4&quot;:1}]},&quot;8&quot;:{&quot;1&quot;:[{&quot;1&quot;:2,&quot;2&quot;:0,&quot;5&quot;:{&quot;1&quot;:2,&quot;2&quot;:0}},{&quot;1&quot;:0,&quot;2&quot;:0,&quot;3&quot;:3},{&quot;1&quot;:1,&quot;2&quot;:0,&quot;4&quot;:1}]},&quot;9&quot;:0,&quot;10&quot;:1,&quot;11&quot;:4,&quot;12&quot;:0,&quot;14&quot;:{&quot;1&quot;:2,&quot;2&quot;:0},&quot;15&quot;:&quot;Calibri&quot;,&quot;23&quot;:1}\" data-sheets-textstyleruns=\"{&quot;1&quot;:0}\uee10{&quot;1&quot;:43,&quot;2&quot;:{&quot;2&quot;:{&quot;1&quot;:2,&quot;2&quot;:1136076},&quot;9&quot;:1}}\uee10{&quot;1&quot;:48}\" data-sheets-hyperlinkruns=\"{&quot;1&quot;:43,&quot;2&quot;:&quot;https:\/\/www.comit.berlin\/&quot;}\uee10{&quot;1&quot;:48}\"><strong>Intervenant.e.s :<\/strong>\u00a0Retrouvez\u00a0 M\u00e9lanie de\u00a0<a class=\"in-cell-link\" href=\"https:\/\/www.bbetween.fr\/\" target=\"_blank\" rel=\"noopener noreferrer\">B.Between<\/a>, sp\u00e9cialiste du conseil et de l\u2019accompagnement en d\u00e9veloppement commercial. Sa mission en trois mots : votre r\u00e9ussite commerciale !<\/span><\/p>\n<p>&nbsp;<\/p>\n<p><strong>Son petit mot<\/strong>\u00a0: Bravo et f\u00e9licitations ! Utilisez au maximum tout ce qui vous est mis \u00e0 disposition, que ce soit le contenu ou le r\u00e9seau et surtout tout l\u2019\u00e9cosyst\u00e8me. Faites-vous confiance ! Rencontrez, \u00e9changez, apprenez encore et toujours.<br \/>\nPas apr\u00e8s pas, vous allez construire votre projet !<\/p>\n<p>&nbsp;<\/p>\n<p><strong>Dur\u00e9e<\/strong>\u00a0:\u00a0<span data-sheets-value=\"{&quot;1&quot;:2,&quot;2&quot;:&quot;Permanence de 4h avec un cr\u00e9neau de 1h par participante (+ 15 minutes entre chaque)&quot;}\" data-sheets-userformat=\"{&quot;2&quot;:7167,&quot;3&quot;:{&quot;1&quot;:0},&quot;4&quot;:{&quot;1&quot;:2,&quot;2&quot;:16777215},&quot;5&quot;:{&quot;1&quot;:[{&quot;1&quot;:2,&quot;2&quot;:0,&quot;5&quot;:{&quot;1&quot;:2,&quot;2&quot;:0}},{&quot;1&quot;:0,&quot;2&quot;:0,&quot;3&quot;:3},{&quot;1&quot;:1,&quot;2&quot;:0,&quot;4&quot;:1}]},&quot;6&quot;:{&quot;1&quot;:[{&quot;1&quot;:2,&quot;2&quot;:0,&quot;5&quot;:{&quot;1&quot;:2,&quot;2&quot;:0}},{&quot;1&quot;:0,&quot;2&quot;:0,&quot;3&quot;:3},{&quot;1&quot;:1,&quot;2&quot;:0,&quot;4&quot;:1}]},&quot;7&quot;:{&quot;1&quot;:[{&quot;1&quot;:2,&quot;2&quot;:0,&quot;5&quot;:{&quot;1&quot;:2,&quot;2&quot;:0}},{&quot;1&quot;:0,&quot;2&quot;:0,&quot;3&quot;:3},{&quot;1&quot;:1,&quot;2&quot;:0,&quot;4&quot;:1}]},&quot;8&quot;:{&quot;1&quot;:[{&quot;1&quot;:2,&quot;2&quot;:0,&quot;5&quot;:{&quot;1&quot;:2,&quot;2&quot;:0}},{&quot;1&quot;:0,&quot;2&quot;:0,&quot;3&quot;:3},{&quot;1&quot;:1,&quot;2&quot;:0,&quot;4&quot;:1}]},&quot;9&quot;:0,&quot;10&quot;:1,&quot;11&quot;:4,&quot;12&quot;:0,&quot;14&quot;:{&quot;1&quot;:2,&quot;2&quot;:0},&quot;15&quot;:&quot;Calibri&quot;}\">Permanence de 4h avec un cr\u00e9neau de 1h par participante<\/span><\/p>\n<p>&nbsp;<\/p>\n<p>Ce projet est co-financ\u00e9 par le Fonds Social Europ\u00e9en.<\/p>\n<p><img decoding=\"async\" class=\"alignnone size-medium wp-image-15794\" src=\"https:\/\/empow-her.com\/wp-content\/uploads\/2021\/07\/fse-logos-1-300x54.png\" alt=\"\" width=\"300\" height=\"54\" srcset=\"https:\/\/empow-her.com\/wp-content\/uploads\/2021\/07\/fse-logos-1-300x54.png 300w, https:\/\/empow-her.com\/wp-content\/uploads\/2021\/07\/fse-logos-1-600x108.png 600w, https:\/\/empow-her.com\/wp-content\/uploads\/2021\/07\/fse-logos-1-1024x184.png 1024w, https:\/\/empow-her.com\/wp-content\/uploads\/2021\/07\/fse-logos-1-768x138.png 768w, https:\/\/empow-her.com\/wp-content\/uploads\/2021\/07\/fse-logos-1-1536x275.png 1536w, https:\/\/empow-her.com\/wp-content\/uploads\/2021\/07\/fse-logos-1-2048x367.png 2048w, https:\/\/empow-her.com\/wp-content\/uploads\/2021\/07\/fse-logos-1-24x4.png 24w, https:\/\/empow-her.com\/wp-content\/uploads\/2021\/07\/fse-logos-1-36x6.png 36w, https:\/\/empow-her.com\/wp-content\/uploads\/2021\/07\/fse-logos-1-48x9.png 48w\" sizes=\"(max-width: 300px) 100vw, 300px\" \/><\/p>\n","protected":false},"featured_media":0,"template":"","format":"standard","meta":{"_acf_changed":false,"om_disable_all_campaigns":false,"_uf_show_specific_survey":0,"_uf_disable_surveys":false},"product_brand":[],"product_cat":[121],"product_tag":[],"lieu":[125],"thematiques":[],"class_list":{"0":"post-15915","1":"product","2":"type-product","3":"status-publish","4":"format-standard","6":"product_cat-coaching","7":"lieu-en-ligne","9":"first","10":"instock","11":"virtual","12":"purchasable","13":"product-type-appointment"},"exclude_global_add_ons":[],"addons":[],"acf":[],"yoast_head":"<!-- This site is optimized with the Yoast SEO plugin v24.8 - https:\/\/yoast.com\/wordpress\/plugins\/seo\/ -->\n<title>Coaching - #BusinessDevelopment - Trouver ses clients et d\u00e9velopper son activit\u00e9 - Empow&#039;Her<\/title>\n<meta name=\"robots\" content=\"index, follow, max-snippet:-1, max-image-preview:large, max-video-preview:-1\" \/>\n<link rel=\"canonical\" href=\"https:\/\/empow-her.com\/es\/produit\/coaching-businessdevelopment-trouver-ses-clients-et-developper-son-activite-2\/\" \/>\n<meta property=\"og:locale\" content=\"es_ES\" \/>\n<meta property=\"og:type\" content=\"article\" \/>\n<meta property=\"og:title\" content=\"Coaching - #BusinessDevelopment - Trouver ses clients et d\u00e9velopper son activit\u00e9 - Empow&#039;Her\" \/>\n<meta property=\"og:description\" content=\"Un \u00e9change individuel d&#039;une heure pour r\u00e9pondre \u00e0 vos questions et travailler sur votre strat\u00e9gie de d\u00e9veloppement commercial ! Identifier ses cibles prioritaires, cr\u00e9er son argumentaire commercial, analyser la concurrence... L&#039;\u00e9quipe d&#039;expertes commerciales de B.Between r\u00e9pond \u00e0 toutes vos questions pour construire des offres pertinentes, aller \u00e0 la rencontre de son march\u00e9, et atteindre ses objectifs avec une strat\u00e9gie commerciale r\u00e9ussie ! Avant la session, n&#039;h\u00e9sitez pas \u00e0 envoyer vos questions pr\u00e9cises (si vous en avez), ou tout autre document utile \u00e0 l&#039;\u00e9quipe d&#039;accompagnement Empow&#039;Her, qui pourra les transmettre aux expertes pour pr\u00e9parer au mieux votre \u00e9change !  &nbsp;  Par :\u00a0B.Between  &nbsp;  Intervenant.e.s :\u00a0Retrouvez\u00a0 M\u00e9lanie de\u00a0B.Between, sp\u00e9cialiste du conseil et de l\u2019accompagnement en d\u00e9veloppement commercial. Sa mission en trois mots : votre r\u00e9ussite commerciale !  &nbsp;  Son petit mot\u00a0: Bravo et f\u00e9licitations ! Utilisez au maximum tout ce qui vous est mis \u00e0 disposition, que ce soit le contenu ou le r\u00e9seau et surtout tout l\u2019\u00e9cosyst\u00e8me. Faites-vous confiance ! Rencontrez, \u00e9changez, apprenez encore et toujours. Pas apr\u00e8s pas, vous allez construire votre projet !  &nbsp;  Dur\u00e9e\u00a0:\u00a0Permanence de 4h avec un cr\u00e9neau de 1h par participante  &nbsp;  Ce projet est co-financ\u00e9 par le Fonds Social Europ\u00e9en.\" \/>\n<meta property=\"og:url\" content=\"https:\/\/empow-her.com\/es\/produit\/coaching-businessdevelopment-trouver-ses-clients-et-developper-son-activite-2\/\" \/>\n<meta property=\"og:site_name\" content=\"Empow&#039;Her\" \/>\n<meta property=\"article:modified_time\" content=\"2021-07-30T09:32:17+00:00\" \/>\n<meta name=\"twitter:card\" content=\"summary_large_image\" \/>\n<script type=\"application\/ld+json\" class=\"yoast-schema-graph\">{\"@context\":\"https:\/\/schema.org\",\"@graph\":[{\"@type\":\"WebPage\",\"@id\":\"https:\/\/empow-her.com\/es\/produit\/coaching-businessdevelopment-trouver-ses-clients-et-developper-son-activite-2\/\",\"url\":\"https:\/\/empow-her.com\/es\/produit\/coaching-businessdevelopment-trouver-ses-clients-et-developper-son-activite-2\/\",\"name\":\"Coaching - #BusinessDevelopment - Trouver ses clients et d\u00e9velopper son activit\u00e9 - Empow&#039;Her\",\"isPartOf\":{\"@id\":\"https:\/\/empow-her.com\/#website\"},\"datePublished\":\"2021-07-30T08:51:03+00:00\",\"dateModified\":\"2021-07-30T09:32:17+00:00\",\"breadcrumb\":{\"@id\":\"https:\/\/empow-her.com\/es\/produit\/coaching-businessdevelopment-trouver-ses-clients-et-developper-son-activite-2\/#breadcrumb\"},\"inLanguage\":\"es\",\"potentialAction\":[{\"@type\":\"ReadAction\",\"target\":[\"https:\/\/empow-her.com\/es\/produit\/coaching-businessdevelopment-trouver-ses-clients-et-developper-son-activite-2\/\"]}]},{\"@type\":\"BreadcrumbList\",\"@id\":\"https:\/\/empow-her.com\/es\/produit\/coaching-businessdevelopment-trouver-ses-clients-et-developper-son-activite-2\/#breadcrumb\",\"itemListElement\":[{\"@type\":\"ListItem\",\"position\":1,\"name\":\"Accueil\",\"item\":\"https:\/\/empow-her.com\/es\/inicio\/\"},{\"@type\":\"ListItem\",\"position\":2,\"name\":\"LA BOUTIQUE\",\"item\":\"https:\/\/empow-her.com\/boutique\/\"},{\"@type\":\"ListItem\",\"position\":3,\"name\":\"Coaching &#8211; #BusinessDevelopment &#8211; Trouver ses clients et d\u00e9velopper son activit\u00e9\"}]},{\"@type\":\"WebSite\",\"@id\":\"https:\/\/empow-her.com\/#website\",\"url\":\"https:\/\/empow-her.com\/\",\"name\":\"Empow&#039;Her\",\"description\":\"Women Development\",\"potentialAction\":[{\"@type\":\"SearchAction\",\"target\":{\"@type\":\"EntryPoint\",\"urlTemplate\":\"https:\/\/empow-her.com\/?s={search_term_string}\"},\"query-input\":{\"@type\":\"PropertyValueSpecification\",\"valueRequired\":true,\"valueName\":\"search_term_string\"}}],\"inLanguage\":\"es\"}]}<\/script>\n<!-- \/ Yoast SEO plugin. -->","yoast_head_json":{"title":"Coaching - #BusinessDevelopment - Trouver ses clients et d\u00e9velopper son activit\u00e9 - Empow&#039;Her","robots":{"index":"index","follow":"follow","max-snippet":"max-snippet:-1","max-image-preview":"max-image-preview:large","max-video-preview":"max-video-preview:-1"},"canonical":"https:\/\/empow-her.com\/es\/produit\/coaching-businessdevelopment-trouver-ses-clients-et-developper-son-activite-2\/","og_locale":"es_ES","og_type":"article","og_title":"Coaching - #BusinessDevelopment - Trouver ses clients et d\u00e9velopper son activit\u00e9 - Empow&#039;Her","og_description":"Un \u00e9change individuel d'une heure pour r\u00e9pondre \u00e0 vos questions et travailler sur votre strat\u00e9gie de d\u00e9veloppement commercial ! Identifier ses cibles prioritaires, cr\u00e9er son argumentaire commercial, analyser la concurrence... L'\u00e9quipe d'expertes commerciales de B.Between r\u00e9pond \u00e0 toutes vos questions pour construire des offres pertinentes, aller \u00e0 la rencontre de son march\u00e9, et atteindre ses objectifs avec une strat\u00e9gie commerciale r\u00e9ussie ! Avant la session, n'h\u00e9sitez pas \u00e0 envoyer vos questions pr\u00e9cises (si vous en avez), ou tout autre document utile \u00e0 l'\u00e9quipe d'accompagnement Empow'Her, qui pourra les transmettre aux expertes pour pr\u00e9parer au mieux votre \u00e9change !  &nbsp;  Par :\u00a0B.Between  &nbsp;  Intervenant.e.s :\u00a0Retrouvez\u00a0 M\u00e9lanie de\u00a0B.Between, sp\u00e9cialiste du conseil et de l\u2019accompagnement en d\u00e9veloppement commercial. Sa mission en trois mots : votre r\u00e9ussite commerciale !  &nbsp;  Son petit mot\u00a0: Bravo et f\u00e9licitations ! Utilisez au maximum tout ce qui vous est mis \u00e0 disposition, que ce soit le contenu ou le r\u00e9seau et surtout tout l\u2019\u00e9cosyst\u00e8me. Faites-vous confiance ! Rencontrez, \u00e9changez, apprenez encore et toujours. Pas apr\u00e8s pas, vous allez construire votre projet !  &nbsp;  Dur\u00e9e\u00a0:\u00a0Permanence de 4h avec un cr\u00e9neau de 1h par participante  &nbsp;  Ce projet est co-financ\u00e9 par le Fonds Social Europ\u00e9en.","og_url":"https:\/\/empow-her.com\/es\/produit\/coaching-businessdevelopment-trouver-ses-clients-et-developper-son-activite-2\/","og_site_name":"Empow&#039;Her","article_modified_time":"2021-07-30T09:32:17+00:00","twitter_card":"summary_large_image","schema":{"@context":"https:\/\/schema.org","@graph":[{"@type":"WebPage","@id":"https:\/\/empow-her.com\/es\/produit\/coaching-businessdevelopment-trouver-ses-clients-et-developper-son-activite-2\/","url":"https:\/\/empow-her.com\/es\/produit\/coaching-businessdevelopment-trouver-ses-clients-et-developper-son-activite-2\/","name":"Coaching - #BusinessDevelopment - Trouver ses clients et d\u00e9velopper son activit\u00e9 - Empow&#039;Her","isPartOf":{"@id":"https:\/\/empow-her.com\/#website"},"datePublished":"2021-07-30T08:51:03+00:00","dateModified":"2021-07-30T09:32:17+00:00","breadcrumb":{"@id":"https:\/\/empow-her.com\/es\/produit\/coaching-businessdevelopment-trouver-ses-clients-et-developper-son-activite-2\/#breadcrumb"},"inLanguage":"es","potentialAction":[{"@type":"ReadAction","target":["https:\/\/empow-her.com\/es\/produit\/coaching-businessdevelopment-trouver-ses-clients-et-developper-son-activite-2\/"]}]},{"@type":"BreadcrumbList","@id":"https:\/\/empow-her.com\/es\/produit\/coaching-businessdevelopment-trouver-ses-clients-et-developper-son-activite-2\/#breadcrumb","itemListElement":[{"@type":"ListItem","position":1,"name":"Accueil","item":"https:\/\/empow-her.com\/es\/inicio\/"},{"@type":"ListItem","position":2,"name":"LA BOUTIQUE","item":"https:\/\/empow-her.com\/boutique\/"},{"@type":"ListItem","position":3,"name":"Coaching &#8211; #BusinessDevelopment &#8211; Trouver ses clients et d\u00e9velopper son activit\u00e9"}]},{"@type":"WebSite","@id":"https:\/\/empow-her.com\/#website","url":"https:\/\/empow-her.com\/","name":"Empow&#039;Her","description":"Women Development","potentialAction":[{"@type":"SearchAction","target":{"@type":"EntryPoint","urlTemplate":"https:\/\/empow-her.com\/?s={search_term_string}"},"query-input":{"@type":"PropertyValueSpecification","valueRequired":true,"valueName":"search_term_string"}}],"inLanguage":"es"}]}},"_links":{"self":[{"href":"https:\/\/empow-her.com\/es\/wp-json\/wp\/v2\/product\/15915","targetHints":{"allow":["GET"]}}],"collection":[{"href":"https:\/\/empow-her.com\/es\/wp-json\/wp\/v2\/product"}],"about":[{"href":"https:\/\/empow-her.com\/es\/wp-json\/wp\/v2\/types\/product"}],"wp:attachment":[{"href":"https:\/\/empow-her.com\/es\/wp-json\/wp\/v2\/media?parent=15915"}],"wp:term":[{"taxonomy":"product_brand","embeddable":true,"href":"https:\/\/empow-her.com\/es\/wp-json\/wp\/v2\/product_brand?post=15915"},{"taxonomy":"product_cat","embeddable":true,"href":"https:\/\/empow-her.com\/es\/wp-json\/wp\/v2\/product_cat?post=15915"},{"taxonomy":"product_tag","embeddable":true,"href":"https:\/\/empow-her.com\/es\/wp-json\/wp\/v2\/product_tag?post=15915"},{"taxonomy":"lieu","embeddable":true,"href":"https:\/\/empow-her.com\/es\/wp-json\/wp\/v2\/lieu?post=15915"},{"taxonomy":"thematiques","embeddable":true,"href":"https:\/\/empow-her.com\/es\/wp-json\/wp\/v2\/thematiques?post=15915"}],"curies":[{"name":"wp","href":"https:\/\/api.w.org\/{rel}","templated":true}]}}