{"id":15899,"date":"2021-07-28T18:25:23","date_gmt":"2021-07-28T16:25:23","guid":{"rendered":"https:\/\/empow-her.com\/?post_type=product&#038;p=15899"},"modified":"2021-08-12T10:54:26","modified_gmt":"2021-08-12T08:54:26","slug":"mini-atelier-focus-recherche-de-financements","status":"publish","type":"product","link":"https:\/\/empow-her.com\/es\/produit\/mini-atelier-focus-recherche-de-financements\/","title":{"rendered":"Coaching collectif &#8211; Mini Atelier Focus : Recherche de financements (2 heures)"},"content":{"rendered":"","protected":false},"excerpt":{"rendered":"<p>Rendez-vous pour un<strong>\u00a0format in\u00e9di<\/strong>t : b\u00e9n\u00e9ficiez de\u00a0<strong>deux heures\u00a0<\/strong>en petits groupes de 3 entrepreneures pour revenir en profondeur sur une notion cl\u00e9 avec nos expertes. Cette\u00a0<strong>session est comptabilis\u00e9e comme 1h de coaching individuel<\/strong>\u00a0(sur vos 10h disponibles) \u2013\u00a0<strong>deux fois plus de temps pour vous permettre de faire d\u00e9coller vos projets !<\/strong><\/p>\n<p>&nbsp;<\/p>\n<p style=\"text-align: left;\">Profitez d&#8217;un temps de formation pour revenir en profondeur sur une notion cl\u00e9 ! Avec un petit groupe de porteuses projet, b\u00e9n\u00e9ficiez d&#8217;un <strong>atelier &#8220;acc\u00e9l\u00e9r\u00e9&#8221;<\/strong> anim\u00e9 par une experte en financement et gestion d&#8217;entreprise, pour conna\u00eetre les sources de financements existantes, leur fonctionnement et identifier les plus pertinentes pour votre projet ! Emprunts, subventions, crowdfunding ? <strong>D\u00e9couvrez les leviers de financements qui feront avancer vos projets !<\/strong><\/p>\n<p><b>Par : <span data-sheets-value=\"{&quot;1&quot;:2,&quot;2&quot;:&quot;Alexandre Sourzac-Lami est co-fondateur de Comit, une structure sp\u00e9cialis\u00e9e qui con\u00e7oit et adapte des outils et m\u00e9thodes pour donner aux entrepreneur.e.s la capacit\u00e9 de d\u00e9velopper des mod\u00e8les \u00e9conomiques p\u00e9rennes.&quot;}\" data-sheets-userformat=\"{&quot;2&quot;:1055743,&quot;3&quot;:{&quot;1&quot;:0},&quot;4&quot;:{&quot;1&quot;:2,&quot;2&quot;:16777215},&quot;5&quot;:{&quot;1&quot;:[{&quot;1&quot;:2,&quot;2&quot;:0,&quot;5&quot;:{&quot;1&quot;:2,&quot;2&quot;:0}},{&quot;1&quot;:0,&quot;2&quot;:0,&quot;3&quot;:3},{&quot;1&quot;:1,&quot;2&quot;:0,&quot;4&quot;:1}]},&quot;6&quot;:{&quot;1&quot;:[{&quot;1&quot;:2,&quot;2&quot;:0,&quot;5&quot;:{&quot;1&quot;:2,&quot;2&quot;:0}},{&quot;1&quot;:0,&quot;2&quot;:0,&quot;3&quot;:3},{&quot;1&quot;:1,&quot;2&quot;:0,&quot;4&quot;:1}]},&quot;7&quot;:{&quot;1&quot;:[{&quot;1&quot;:2,&quot;2&quot;:0,&quot;5&quot;:{&quot;1&quot;:2,&quot;2&quot;:0}},{&quot;1&quot;:0,&quot;2&quot;:0,&quot;3&quot;:3},{&quot;1&quot;:1,&quot;2&quot;:0,&quot;4&quot;:1}]},&quot;8&quot;:{&quot;1&quot;:[{&quot;1&quot;:2,&quot;2&quot;:0,&quot;5&quot;:{&quot;1&quot;:2,&quot;2&quot;:0}},{&quot;1&quot;:0,&quot;2&quot;:0,&quot;3&quot;:3},{&quot;1&quot;:1,&quot;2&quot;:0,&quot;4&quot;:1}]},&quot;9&quot;:0,&quot;10&quot;:1,&quot;11&quot;:4,&quot;12&quot;:0,&quot;14&quot;:{&quot;1&quot;:2,&quot;2&quot;:0},&quot;15&quot;:&quot;Calibri&quot;,&quot;23&quot;:1}\" data-sheets-textstyleruns=\"{&quot;1&quot;:0}\uee10{&quot;1&quot;:43,&quot;2&quot;:{&quot;2&quot;:{&quot;1&quot;:2,&quot;2&quot;:1136076},&quot;9&quot;:1}}\uee10{&quot;1&quot;:48}\" data-sheets-hyperlinkruns=\"{&quot;1&quot;:43,&quot;2&quot;:&quot;https:\/\/www.comit.berlin\/&quot;}\uee10{&quot;1&quot;:48}\"><a href=\"https:\/\/www.bloomroad.fr\/\">Bloomroad<\/a>\u00a0<\/span><\/b><\/p>\n<p><span data-sheets-value=\"{&quot;1&quot;:2,&quot;2&quot;:&quot;Alexandre Sourzac-Lami est co-fondateur de Comit, une structure sp\u00e9cialis\u00e9e qui con\u00e7oit et adapte des outils et m\u00e9thodes pour donner aux entrepreneur.e.s la capacit\u00e9 de d\u00e9velopper des mod\u00e8les \u00e9conomiques p\u00e9rennes.&quot;}\" data-sheets-userformat=\"{&quot;2&quot;:1055743,&quot;3&quot;:{&quot;1&quot;:0},&quot;4&quot;:{&quot;1&quot;:2,&quot;2&quot;:16777215},&quot;5&quot;:{&quot;1&quot;:[{&quot;1&quot;:2,&quot;2&quot;:0,&quot;5&quot;:{&quot;1&quot;:2,&quot;2&quot;:0}},{&quot;1&quot;:0,&quot;2&quot;:0,&quot;3&quot;:3},{&quot;1&quot;:1,&quot;2&quot;:0,&quot;4&quot;:1}]},&quot;6&quot;:{&quot;1&quot;:[{&quot;1&quot;:2,&quot;2&quot;:0,&quot;5&quot;:{&quot;1&quot;:2,&quot;2&quot;:0}},{&quot;1&quot;:0,&quot;2&quot;:0,&quot;3&quot;:3},{&quot;1&quot;:1,&quot;2&quot;:0,&quot;4&quot;:1}]},&quot;7&quot;:{&quot;1&quot;:[{&quot;1&quot;:2,&quot;2&quot;:0,&quot;5&quot;:{&quot;1&quot;:2,&quot;2&quot;:0}},{&quot;1&quot;:0,&quot;2&quot;:0,&quot;3&quot;:3},{&quot;1&quot;:1,&quot;2&quot;:0,&quot;4&quot;:1}]},&quot;8&quot;:{&quot;1&quot;:[{&quot;1&quot;:2,&quot;2&quot;:0,&quot;5&quot;:{&quot;1&quot;:2,&quot;2&quot;:0}},{&quot;1&quot;:0,&quot;2&quot;:0,&quot;3&quot;:3},{&quot;1&quot;:1,&quot;2&quot;:0,&quot;4&quot;:1}]},&quot;9&quot;:0,&quot;10&quot;:1,&quot;11&quot;:4,&quot;12&quot;:0,&quot;14&quot;:{&quot;1&quot;:2,&quot;2&quot;:0},&quot;15&quot;:&quot;Calibri&quot;,&quot;23&quot;:1}\" data-sheets-textstyleruns=\"{&quot;1&quot;:0}\uee10{&quot;1&quot;:43,&quot;2&quot;:{&quot;2&quot;:{&quot;1&quot;:2,&quot;2&quot;:1136076},&quot;9&quot;:1}}\uee10{&quot;1&quot;:48}\" data-sheets-hyperlinkruns=\"{&quot;1&quot;:43,&quot;2&quot;:&quot;https:\/\/www.comit.berlin\/&quot;}\uee10{&quot;1&quot;:48}\"><strong>Intervenante : Anne-Laure Juliot<\/strong><\/span><\/p>\n<p>Depuis 5 ans, Anne-Laure est directeur financier externalis\u00e9. Elle aide des TPE \/PME \u00e0 structurer leur suivi financier (organisation comptable, contr\u00f4le de gestion\u2026) et les accompagne aussi dans leur d\u00e9veloppement en r\u00e9alisant avec elle leur business plan.<\/p>\n<p>&nbsp;<\/p>\n<p><strong>Son petit mot ?<\/strong>\u00a0Vous vous appr\u00eatez \u00e0 vivre une aventure extraordinaire. Osez prendre des risques, tester, quitte \u00e0 vous tromper. Vous ne le regretterez jamais !<\/p>\n<p>&nbsp;<\/p>\n<p><strong>Dur\u00e9e<\/strong> : 2h<\/p>\n<p>&nbsp;<\/p>\n<p>Ce projet est co-financ\u00e9 par le Fonds Social Europ\u00e9en.<\/p>\n<p><img decoding=\"async\" class=\"\" src=\"https:\/\/www.sep-asso.fr\/wp-content\/uploads\/2018\/02\/logo-union-europeenne.png\" alt=\"logo union europeenne \u2013 SEP\" width=\"87\" height=\"72\" \/> <img decoding=\"async\" class=\"alignnone wp-image-15218\" src=\"https:\/\/empow-her.com\/wp-content\/uploads\/2021\/06\/logo_fonds_social_europeen-300x187.png\" alt=\"\" width=\"104\" height=\"65\" srcset=\"https:\/\/empow-her.com\/wp-content\/uploads\/2021\/06\/logo_fonds_social_europeen-300x187.png 300w, https:\/\/empow-her.com\/wp-content\/uploads\/2021\/06\/logo_fonds_social_europeen-600x375.png 600w, https:\/\/empow-her.com\/wp-content\/uploads\/2021\/06\/logo_fonds_social_europeen-24x15.png 24w, https:\/\/empow-her.com\/wp-content\/uploads\/2021\/06\/logo_fonds_social_europeen-36x22.png 36w, https:\/\/empow-her.com\/wp-content\/uploads\/2021\/06\/logo_fonds_social_europeen-48x30.png 48w, https:\/\/empow-her.com\/wp-content\/uploads\/2021\/06\/logo_fonds_social_europeen.png 666w\" sizes=\"(max-width: 104px) 100vw, 104px\" \/>\u00a0 <img decoding=\"async\" class=\"\" src=\"https:\/\/franceactive-idf.org\/wp-content\/uploads\/2020\/02\/logo-region-ile-de-france.png\" alt=\"Logo Region Ile De France - France Active \u00cele-de-France\" width=\"126\" height=\"29\" \/><\/p>\n","protected":false},"featured_media":0,"template":"","format":"standard","meta":{"_acf_changed":false,"om_disable_all_campaigns":false,"_uf_show_specific_survey":0,"_uf_disable_surveys":false},"product_brand":[],"product_cat":[121],"product_tag":[],"lieu":[125],"thematiques":[],"class_list":{"0":"post-15899","1":"product","2":"type-product","3":"status-publish","4":"format-standard","6":"product_cat-coaching","7":"lieu-en-ligne","9":"first","10":"instock","11":"virtual","12":"purchasable","13":"product-type-appointment"},"exclude_global_add_ons":[],"addons":[],"acf":[],"yoast_head":"<!-- This site is optimized with the Yoast SEO plugin v24.8 - https:\/\/yoast.com\/wordpress\/plugins\/seo\/ -->\n<title>Coaching collectif - Mini Atelier Focus : Recherche de financements (2 heures) - Empow&#039;Her<\/title>\n<meta name=\"robots\" content=\"index, follow, max-snippet:-1, max-image-preview:large, max-video-preview:-1\" \/>\n<link rel=\"canonical\" href=\"https:\/\/empow-her.com\/es\/produit\/mini-atelier-focus-recherche-de-financements\/\" \/>\n<meta property=\"og:locale\" content=\"es_ES\" \/>\n<meta property=\"og:type\" content=\"article\" \/>\n<meta property=\"og:title\" content=\"Coaching collectif - Mini Atelier Focus : Recherche de financements (2 heures) - Empow&#039;Her\" \/>\n<meta property=\"og:description\" content=\"Rendez-vous pour un\u00a0format in\u00e9dit : b\u00e9n\u00e9ficiez de\u00a0deux heures\u00a0en petits groupes de 3 entrepreneures pour revenir en profondeur sur une notion cl\u00e9 avec nos expertes. Cette\u00a0session est comptabilis\u00e9e comme 1h de coaching individuel\u00a0(sur vos 10h disponibles) \u2013\u00a0deux fois plus de temps pour vous permettre de faire d\u00e9coller vos projets !  &nbsp; Profitez d&#039;un temps de formation pour revenir en profondeur sur une notion cl\u00e9 ! Avec un petit groupe de porteuses projet, b\u00e9n\u00e9ficiez d&#039;un atelier &quot;acc\u00e9l\u00e9r\u00e9&quot; anim\u00e9 par une experte en financement et gestion d&#039;entreprise, pour conna\u00eetre les sources de financements existantes, leur fonctionnement et identifier les plus pertinentes pour votre projet ! Emprunts, subventions, crowdfunding ? D\u00e9couvrez les leviers de financements qui feront avancer vos projets ! Par : Bloomroad\u00a0  Intervenante : Anne-Laure Juliot  Depuis 5 ans, Anne-Laure est directeur financier externalis\u00e9. Elle aide des TPE \/PME \u00e0 structurer leur suivi financier (organisation comptable, contr\u00f4le de gestion\u2026) et les accompagne aussi dans leur d\u00e9veloppement en r\u00e9alisant avec elle leur business plan.  &nbsp;  Son petit mot ?\u00a0Vous vous appr\u00eatez \u00e0 vivre une aventure extraordinaire. Osez prendre des risques, tester, quitte \u00e0 vous tromper. Vous ne le regretterez jamais !  &nbsp;  Dur\u00e9e : 2h  &nbsp;  Ce projet est co-financ\u00e9 par le Fonds Social Europ\u00e9en.   \u00a0\" \/>\n<meta property=\"og:url\" content=\"https:\/\/empow-her.com\/es\/produit\/mini-atelier-focus-recherche-de-financements\/\" \/>\n<meta property=\"og:site_name\" content=\"Empow&#039;Her\" \/>\n<meta property=\"article:modified_time\" content=\"2021-08-12T08:54:26+00:00\" \/>\n<meta name=\"twitter:card\" content=\"summary_large_image\" \/>\n<script type=\"application\/ld+json\" class=\"yoast-schema-graph\">{\"@context\":\"https:\/\/schema.org\",\"@graph\":[{\"@type\":\"WebPage\",\"@id\":\"https:\/\/empow-her.com\/es\/produit\/mini-atelier-focus-recherche-de-financements\/\",\"url\":\"https:\/\/empow-her.com\/es\/produit\/mini-atelier-focus-recherche-de-financements\/\",\"name\":\"Coaching collectif - Mini Atelier Focus : Recherche de financements (2 heures) - Empow&#039;Her\",\"isPartOf\":{\"@id\":\"https:\/\/empow-her.com\/#website\"},\"datePublished\":\"2021-07-28T16:25:23+00:00\",\"dateModified\":\"2021-08-12T08:54:26+00:00\",\"breadcrumb\":{\"@id\":\"https:\/\/empow-her.com\/es\/produit\/mini-atelier-focus-recherche-de-financements\/#breadcrumb\"},\"inLanguage\":\"es\",\"potentialAction\":[{\"@type\":\"ReadAction\",\"target\":[\"https:\/\/empow-her.com\/es\/produit\/mini-atelier-focus-recherche-de-financements\/\"]}]},{\"@type\":\"BreadcrumbList\",\"@id\":\"https:\/\/empow-her.com\/es\/produit\/mini-atelier-focus-recherche-de-financements\/#breadcrumb\",\"itemListElement\":[{\"@type\":\"ListItem\",\"position\":1,\"name\":\"Accueil\",\"item\":\"https:\/\/empow-her.com\/es\/inicio\/\"},{\"@type\":\"ListItem\",\"position\":2,\"name\":\"LA BOUTIQUE\",\"item\":\"https:\/\/empow-her.com\/boutique\/\"},{\"@type\":\"ListItem\",\"position\":3,\"name\":\"Coaching collectif &#8211; Mini Atelier Focus : Recherche de financements (2 heures)\"}]},{\"@type\":\"WebSite\",\"@id\":\"https:\/\/empow-her.com\/#website\",\"url\":\"https:\/\/empow-her.com\/\",\"name\":\"Empow&#039;Her\",\"description\":\"Women Development\",\"potentialAction\":[{\"@type\":\"SearchAction\",\"target\":{\"@type\":\"EntryPoint\",\"urlTemplate\":\"https:\/\/empow-her.com\/?s={search_term_string}\"},\"query-input\":{\"@type\":\"PropertyValueSpecification\",\"valueRequired\":true,\"valueName\":\"search_term_string\"}}],\"inLanguage\":\"es\"}]}<\/script>\n<!-- \/ Yoast SEO plugin. -->","yoast_head_json":{"title":"Coaching collectif - Mini Atelier Focus : Recherche de financements (2 heures) - Empow&#039;Her","robots":{"index":"index","follow":"follow","max-snippet":"max-snippet:-1","max-image-preview":"max-image-preview:large","max-video-preview":"max-video-preview:-1"},"canonical":"https:\/\/empow-her.com\/es\/produit\/mini-atelier-focus-recherche-de-financements\/","og_locale":"es_ES","og_type":"article","og_title":"Coaching collectif - Mini Atelier Focus : Recherche de financements (2 heures) - Empow&#039;Her","og_description":"Rendez-vous pour un\u00a0format in\u00e9dit : b\u00e9n\u00e9ficiez de\u00a0deux heures\u00a0en petits groupes de 3 entrepreneures pour revenir en profondeur sur une notion cl\u00e9 avec nos expertes. Cette\u00a0session est comptabilis\u00e9e comme 1h de coaching individuel\u00a0(sur vos 10h disponibles) \u2013\u00a0deux fois plus de temps pour vous permettre de faire d\u00e9coller vos projets !  &nbsp; Profitez d'un temps de formation pour revenir en profondeur sur une notion cl\u00e9 ! Avec un petit groupe de porteuses projet, b\u00e9n\u00e9ficiez d'un atelier \"acc\u00e9l\u00e9r\u00e9\" anim\u00e9 par une experte en financement et gestion d'entreprise, pour conna\u00eetre les sources de financements existantes, leur fonctionnement et identifier les plus pertinentes pour votre projet ! Emprunts, subventions, crowdfunding ? D\u00e9couvrez les leviers de financements qui feront avancer vos projets ! Par : Bloomroad\u00a0  Intervenante : Anne-Laure Juliot  Depuis 5 ans, Anne-Laure est directeur financier externalis\u00e9. Elle aide des TPE \/PME \u00e0 structurer leur suivi financier (organisation comptable, contr\u00f4le de gestion\u2026) et les accompagne aussi dans leur d\u00e9veloppement en r\u00e9alisant avec elle leur business plan.  &nbsp;  Son petit mot ?\u00a0Vous vous appr\u00eatez \u00e0 vivre une aventure extraordinaire. Osez prendre des risques, tester, quitte \u00e0 vous tromper. Vous ne le regretterez jamais !  &nbsp;  Dur\u00e9e : 2h  &nbsp;  Ce projet est co-financ\u00e9 par le Fonds Social Europ\u00e9en.   \u00a0","og_url":"https:\/\/empow-her.com\/es\/produit\/mini-atelier-focus-recherche-de-financements\/","og_site_name":"Empow&#039;Her","article_modified_time":"2021-08-12T08:54:26+00:00","twitter_card":"summary_large_image","schema":{"@context":"https:\/\/schema.org","@graph":[{"@type":"WebPage","@id":"https:\/\/empow-her.com\/es\/produit\/mini-atelier-focus-recherche-de-financements\/","url":"https:\/\/empow-her.com\/es\/produit\/mini-atelier-focus-recherche-de-financements\/","name":"Coaching collectif - Mini Atelier Focus : Recherche de financements (2 heures) - Empow&#039;Her","isPartOf":{"@id":"https:\/\/empow-her.com\/#website"},"datePublished":"2021-07-28T16:25:23+00:00","dateModified":"2021-08-12T08:54:26+00:00","breadcrumb":{"@id":"https:\/\/empow-her.com\/es\/produit\/mini-atelier-focus-recherche-de-financements\/#breadcrumb"},"inLanguage":"es","potentialAction":[{"@type":"ReadAction","target":["https:\/\/empow-her.com\/es\/produit\/mini-atelier-focus-recherche-de-financements\/"]}]},{"@type":"BreadcrumbList","@id":"https:\/\/empow-her.com\/es\/produit\/mini-atelier-focus-recherche-de-financements\/#breadcrumb","itemListElement":[{"@type":"ListItem","position":1,"name":"Accueil","item":"https:\/\/empow-her.com\/es\/inicio\/"},{"@type":"ListItem","position":2,"name":"LA BOUTIQUE","item":"https:\/\/empow-her.com\/boutique\/"},{"@type":"ListItem","position":3,"name":"Coaching collectif &#8211; Mini Atelier Focus : Recherche de financements (2 heures)"}]},{"@type":"WebSite","@id":"https:\/\/empow-her.com\/#website","url":"https:\/\/empow-her.com\/","name":"Empow&#039;Her","description":"Women Development","potentialAction":[{"@type":"SearchAction","target":{"@type":"EntryPoint","urlTemplate":"https:\/\/empow-her.com\/?s={search_term_string}"},"query-input":{"@type":"PropertyValueSpecification","valueRequired":true,"valueName":"search_term_string"}}],"inLanguage":"es"}]}},"_links":{"self":[{"href":"https:\/\/empow-her.com\/es\/wp-json\/wp\/v2\/product\/15899","targetHints":{"allow":["GET"]}}],"collection":[{"href":"https:\/\/empow-her.com\/es\/wp-json\/wp\/v2\/product"}],"about":[{"href":"https:\/\/empow-her.com\/es\/wp-json\/wp\/v2\/types\/product"}],"wp:attachment":[{"href":"https:\/\/empow-her.com\/es\/wp-json\/wp\/v2\/media?parent=15899"}],"wp:term":[{"taxonomy":"product_brand","embeddable":true,"href":"https:\/\/empow-her.com\/es\/wp-json\/wp\/v2\/product_brand?post=15899"},{"taxonomy":"product_cat","embeddable":true,"href":"https:\/\/empow-her.com\/es\/wp-json\/wp\/v2\/product_cat?post=15899"},{"taxonomy":"product_tag","embeddable":true,"href":"https:\/\/empow-her.com\/es\/wp-json\/wp\/v2\/product_tag?post=15899"},{"taxonomy":"lieu","embeddable":true,"href":"https:\/\/empow-her.com\/es\/wp-json\/wp\/v2\/lieu?post=15899"},{"taxonomy":"thematiques","embeddable":true,"href":"https:\/\/empow-her.com\/es\/wp-json\/wp\/v2\/thematiques?post=15899"}],"curies":[{"name":"wp","href":"https:\/\/api.w.org\/{rel}","templated":true}]}}