{"id":15853,"date":"2021-07-26T15:08:29","date_gmt":"2021-07-26T13:08:29","guid":{"rendered":"https:\/\/empow-her.com\/?post_type=product&#038;p=15853"},"modified":"2021-07-26T15:22:03","modified_gmt":"2021-07-26T13:22:03","slug":"atelier-statuts-juridiques-et-fiscalite-de-lentrepreneur%c2%b7e","status":"publish","type":"product","link":"https:\/\/empow-her.com\/es\/produit\/atelier-statuts-juridiques-et-fiscalite-de-lentrepreneur%c2%b7e\/","title":{"rendered":"Atelier &#8211; Statuts juridiques et fiscalit\u00e9 de l&#8217;entrepreneur\u00b7e"},"content":{"rendered":"","protected":false},"excerpt":{"rendered":"<div>\n<div>\n<p>Quels sont les diff\u00e9rents statuts juridiques de l\u2019entrepreneuriat \u00e0 impact ? Et lequel est le plus adapt\u00e9 \u00e0 son projet ? Comment choisir sa structure et son mode de r\u00e9mun\u00e9ration ? Association, coop\u00e9ratives, auto-entreprise, soci\u00e9t\u00e9s commerciales&#8230; \u00c0 l\u2019issue de cet atelier, nos expert\u00b7e\u00b7s de chez Wizifin vous transmettront les connaissances fondamentales pour orienter le choix de structure juridique de votre projet \u00e0 impact en fonction de sa typologie, mais aussi de la fiscalit\u00e9 qui vous est appliqu\u00e9e en tant que porteuse de projet !<\/p>\n<\/div>\n<p><strong>Par<\/strong><b> : <\/b>Wizifin<\/p>\n<\/div>\n","protected":false},"featured_media":0,"template":"","format":"standard","meta":{"_acf_changed":false,"om_disable_all_campaigns":false,"_uf_show_specific_survey":0,"_uf_disable_surveys":false},"product_brand":[],"product_cat":[118],"product_tag":[],"lieu":[127],"thematiques":[],"class_list":{"0":"post-15853","1":"product","2":"type-product","3":"status-publish","4":"format-standard","6":"product_cat-atelier-collectif","7":"lieu-hub-empowher","9":"first","10":"instock","11":"virtual","12":"purchasable","13":"product-type-appointment"},"exclude_global_add_ons":[],"addons":[],"acf":[],"yoast_head":"<!-- This site is optimized with the Yoast SEO plugin v24.8 - https:\/\/yoast.com\/wordpress\/plugins\/seo\/ -->\n<title>Atelier - Statuts juridiques et fiscalit\u00e9 de l&#039;entrepreneur\u00b7e - Empow&#039;Her<\/title>\n<meta name=\"robots\" content=\"index, follow, max-snippet:-1, max-image-preview:large, max-video-preview:-1\" \/>\n<link rel=\"canonical\" href=\"https:\/\/empow-her.com\/es\/produit\/atelier-statuts-juridiques-et-fiscalite-de-lentrepreneur\u00b7e\/\" \/>\n<meta property=\"og:locale\" content=\"es_ES\" \/>\n<meta property=\"og:type\" content=\"article\" \/>\n<meta property=\"og:title\" content=\"Atelier - Statuts juridiques et fiscalit\u00e9 de l&#039;entrepreneur\u00b7e - Empow&#039;Her\" \/>\n<meta property=\"og:description\" content=\"Quels sont les diff\u00e9rents statuts juridiques de l\u2019entrepreneuriat \u00e0 impact ? Et lequel est le plus adapt\u00e9 \u00e0 son projet ? Comment choisir sa structure et son mode de r\u00e9mun\u00e9ration ? Association, coop\u00e9ratives, auto-entreprise, soci\u00e9t\u00e9s commerciales... \u00c0 l\u2019issue de cet atelier, nos expert\u00b7e\u00b7s de chez Wizifin vous transmettront les connaissances fondamentales pour orienter le choix de structure juridique de votre projet \u00e0 impact en fonction de sa typologie, mais aussi de la fiscalit\u00e9 qui vous est appliqu\u00e9e en tant que porteuse de projet !   Par : Wizifin\" \/>\n<meta property=\"og:url\" content=\"https:\/\/empow-her.com\/es\/produit\/atelier-statuts-juridiques-et-fiscalite-de-lentrepreneur\u00b7e\/\" \/>\n<meta property=\"og:site_name\" content=\"Empow&#039;Her\" \/>\n<meta property=\"article:modified_time\" content=\"2021-07-26T13:22:03+00:00\" \/>\n<meta name=\"twitter:card\" content=\"summary_large_image\" \/>\n<script type=\"application\/ld+json\" class=\"yoast-schema-graph\">{\"@context\":\"https:\/\/schema.org\",\"@graph\":[{\"@type\":\"WebPage\",\"@id\":\"https:\/\/empow-her.com\/es\/produit\/atelier-statuts-juridiques-et-fiscalite-de-lentrepreneur%c2%b7e\/\",\"url\":\"https:\/\/empow-her.com\/es\/produit\/atelier-statuts-juridiques-et-fiscalite-de-lentrepreneur%c2%b7e\/\",\"name\":\"Atelier - Statuts juridiques et fiscalit\u00e9 de l'entrepreneur\u00b7e - Empow&#039;Her\",\"isPartOf\":{\"@id\":\"https:\/\/empow-her.com\/#website\"},\"datePublished\":\"2021-07-26T13:08:29+00:00\",\"dateModified\":\"2021-07-26T13:22:03+00:00\",\"breadcrumb\":{\"@id\":\"https:\/\/empow-her.com\/es\/produit\/atelier-statuts-juridiques-et-fiscalite-de-lentrepreneur%c2%b7e\/#breadcrumb\"},\"inLanguage\":\"es\",\"potentialAction\":[{\"@type\":\"ReadAction\",\"target\":[\"https:\/\/empow-her.com\/es\/produit\/atelier-statuts-juridiques-et-fiscalite-de-lentrepreneur%c2%b7e\/\"]}]},{\"@type\":\"BreadcrumbList\",\"@id\":\"https:\/\/empow-her.com\/es\/produit\/atelier-statuts-juridiques-et-fiscalite-de-lentrepreneur%c2%b7e\/#breadcrumb\",\"itemListElement\":[{\"@type\":\"ListItem\",\"position\":1,\"name\":\"Accueil\",\"item\":\"https:\/\/empow-her.com\/es\/inicio\/\"},{\"@type\":\"ListItem\",\"position\":2,\"name\":\"LA BOUTIQUE\",\"item\":\"https:\/\/empow-her.com\/boutique\/\"},{\"@type\":\"ListItem\",\"position\":3,\"name\":\"Atelier &#8211; Statuts juridiques et fiscalit\u00e9 de l&#8217;entrepreneur\u00b7e\"}]},{\"@type\":\"WebSite\",\"@id\":\"https:\/\/empow-her.com\/#website\",\"url\":\"https:\/\/empow-her.com\/\",\"name\":\"Empow&#039;Her\",\"description\":\"Women Development\",\"potentialAction\":[{\"@type\":\"SearchAction\",\"target\":{\"@type\":\"EntryPoint\",\"urlTemplate\":\"https:\/\/empow-her.com\/?s={search_term_string}\"},\"query-input\":{\"@type\":\"PropertyValueSpecification\",\"valueRequired\":true,\"valueName\":\"search_term_string\"}}],\"inLanguage\":\"es\"}]}<\/script>\n<!-- \/ Yoast SEO plugin. -->","yoast_head_json":{"title":"Atelier - Statuts juridiques et fiscalit\u00e9 de l'entrepreneur\u00b7e - Empow&#039;Her","robots":{"index":"index","follow":"follow","max-snippet":"max-snippet:-1","max-image-preview":"max-image-preview:large","max-video-preview":"max-video-preview:-1"},"canonical":"https:\/\/empow-her.com\/es\/produit\/atelier-statuts-juridiques-et-fiscalite-de-lentrepreneur\u00b7e\/","og_locale":"es_ES","og_type":"article","og_title":"Atelier - Statuts juridiques et fiscalit\u00e9 de l'entrepreneur\u00b7e - Empow&#039;Her","og_description":"Quels sont les diff\u00e9rents statuts juridiques de l\u2019entrepreneuriat \u00e0 impact ? Et lequel est le plus adapt\u00e9 \u00e0 son projet ? Comment choisir sa structure et son mode de r\u00e9mun\u00e9ration ? Association, coop\u00e9ratives, auto-entreprise, soci\u00e9t\u00e9s commerciales... \u00c0 l\u2019issue de cet atelier, nos expert\u00b7e\u00b7s de chez Wizifin vous transmettront les connaissances fondamentales pour orienter le choix de structure juridique de votre projet \u00e0 impact en fonction de sa typologie, mais aussi de la fiscalit\u00e9 qui vous est appliqu\u00e9e en tant que porteuse de projet !   Par : Wizifin","og_url":"https:\/\/empow-her.com\/es\/produit\/atelier-statuts-juridiques-et-fiscalite-de-lentrepreneur\u00b7e\/","og_site_name":"Empow&#039;Her","article_modified_time":"2021-07-26T13:22:03+00:00","twitter_card":"summary_large_image","schema":{"@context":"https:\/\/schema.org","@graph":[{"@type":"WebPage","@id":"https:\/\/empow-her.com\/es\/produit\/atelier-statuts-juridiques-et-fiscalite-de-lentrepreneur%c2%b7e\/","url":"https:\/\/empow-her.com\/es\/produit\/atelier-statuts-juridiques-et-fiscalite-de-lentrepreneur%c2%b7e\/","name":"Atelier - Statuts juridiques et fiscalit\u00e9 de l'entrepreneur\u00b7e - Empow&#039;Her","isPartOf":{"@id":"https:\/\/empow-her.com\/#website"},"datePublished":"2021-07-26T13:08:29+00:00","dateModified":"2021-07-26T13:22:03+00:00","breadcrumb":{"@id":"https:\/\/empow-her.com\/es\/produit\/atelier-statuts-juridiques-et-fiscalite-de-lentrepreneur%c2%b7e\/#breadcrumb"},"inLanguage":"es","potentialAction":[{"@type":"ReadAction","target":["https:\/\/empow-her.com\/es\/produit\/atelier-statuts-juridiques-et-fiscalite-de-lentrepreneur%c2%b7e\/"]}]},{"@type":"BreadcrumbList","@id":"https:\/\/empow-her.com\/es\/produit\/atelier-statuts-juridiques-et-fiscalite-de-lentrepreneur%c2%b7e\/#breadcrumb","itemListElement":[{"@type":"ListItem","position":1,"name":"Accueil","item":"https:\/\/empow-her.com\/es\/inicio\/"},{"@type":"ListItem","position":2,"name":"LA BOUTIQUE","item":"https:\/\/empow-her.com\/boutique\/"},{"@type":"ListItem","position":3,"name":"Atelier &#8211; Statuts juridiques et fiscalit\u00e9 de l&#8217;entrepreneur\u00b7e"}]},{"@type":"WebSite","@id":"https:\/\/empow-her.com\/#website","url":"https:\/\/empow-her.com\/","name":"Empow&#039;Her","description":"Women Development","potentialAction":[{"@type":"SearchAction","target":{"@type":"EntryPoint","urlTemplate":"https:\/\/empow-her.com\/?s={search_term_string}"},"query-input":{"@type":"PropertyValueSpecification","valueRequired":true,"valueName":"search_term_string"}}],"inLanguage":"es"}]}},"_links":{"self":[{"href":"https:\/\/empow-her.com\/es\/wp-json\/wp\/v2\/product\/15853","targetHints":{"allow":["GET"]}}],"collection":[{"href":"https:\/\/empow-her.com\/es\/wp-json\/wp\/v2\/product"}],"about":[{"href":"https:\/\/empow-her.com\/es\/wp-json\/wp\/v2\/types\/product"}],"wp:attachment":[{"href":"https:\/\/empow-her.com\/es\/wp-json\/wp\/v2\/media?parent=15853"}],"wp:term":[{"taxonomy":"product_brand","embeddable":true,"href":"https:\/\/empow-her.com\/es\/wp-json\/wp\/v2\/product_brand?post=15853"},{"taxonomy":"product_cat","embeddable":true,"href":"https:\/\/empow-her.com\/es\/wp-json\/wp\/v2\/product_cat?post=15853"},{"taxonomy":"product_tag","embeddable":true,"href":"https:\/\/empow-her.com\/es\/wp-json\/wp\/v2\/product_tag?post=15853"},{"taxonomy":"lieu","embeddable":true,"href":"https:\/\/empow-her.com\/es\/wp-json\/wp\/v2\/lieu?post=15853"},{"taxonomy":"thematiques","embeddable":true,"href":"https:\/\/empow-her.com\/es\/wp-json\/wp\/v2\/thematiques?post=15853"}],"curies":[{"name":"wp","href":"https:\/\/api.w.org\/{rel}","templated":true}]}}