{"id":15753,"date":"2021-07-13T18:11:54","date_gmt":"2021-07-13T16:11:54","guid":{"rendered":"https:\/\/empow-her.com\/?post_type=product&#038;p=15753"},"modified":"2021-07-15T09:57:51","modified_gmt":"2021-07-15T07:57:51","slug":"developper-les-pratiques-colaboratives-et-decouvrir-le-pouvoir-lintelligence-collective","status":"publish","type":"product","link":"https:\/\/empow-her.com\/es\/produit\/developper-les-pratiques-colaboratives-et-decouvrir-le-pouvoir-lintelligence-collective\/","title":{"rendered":"Atelier &#8211; D\u00e9velopper les pratiques collaboratives et d\u00e9couvrir le pouvoir l\u2019intelligence collective"},"content":{"rendered":"","protected":false},"excerpt":{"rendered":"<div>\n<p>Dans cet atelier, Hanieh vous propose des exercices cr\u00e9atifs en groupe et un temps d&#8217;int\u00e9gration personnel pour finir sur un \u00e9change autour des notions cl\u00e9s du travail collectif. L&#8217;objectif : vous permettre d&#8217;identifier votre singularit\u00e9 de leader, de trouver votre place dans le collectif et d&#8217;identifier vos forces et vos faiblesses gr\u00e2ce au groupe !<\/p>\n<\/div>\n<p><strong>Avant de vous inscrire et pour participer \u00e0 cet atelier, nous vous invitons \u00e0 remplir <a href=\"https:\/\/airtable.com\/shr0reeqKcNKphFbG\">ce bref questionnaire<\/a> afin que l&#8217;intervenante puisse le pr\u00e9parer au mieux !\u00a0<\/strong><\/p>\n<p><b>Par :\u00a0<\/b><a href=\"https:\/\/bulles.ooo\/\">Bulles<\/a><\/p>\n<p>&nbsp;<\/p>\n<p><span data-sheets-value=\"{&quot;1&quot;:2,&quot;2&quot;:&quot;Alexandre Sourzac-Lami est co-fondateur de Comit, une structure sp\u00e9cialis\u00e9e qui con\u00e7oit et adapte des outils et m\u00e9thodes pour donner aux entrepreneur.e.s la capacit\u00e9 de d\u00e9velopper des mod\u00e8les \u00e9conomiques p\u00e9rennes.&quot;}\" data-sheets-userformat=\"{&quot;2&quot;:1055743,&quot;3&quot;:{&quot;1&quot;:0},&quot;4&quot;:{&quot;1&quot;:2,&quot;2&quot;:16777215},&quot;5&quot;:{&quot;1&quot;:[{&quot;1&quot;:2,&quot;2&quot;:0,&quot;5&quot;:{&quot;1&quot;:2,&quot;2&quot;:0}},{&quot;1&quot;:0,&quot;2&quot;:0,&quot;3&quot;:3},{&quot;1&quot;:1,&quot;2&quot;:0,&quot;4&quot;:1}]},&quot;6&quot;:{&quot;1&quot;:[{&quot;1&quot;:2,&quot;2&quot;:0,&quot;5&quot;:{&quot;1&quot;:2,&quot;2&quot;:0}},{&quot;1&quot;:0,&quot;2&quot;:0,&quot;3&quot;:3},{&quot;1&quot;:1,&quot;2&quot;:0,&quot;4&quot;:1}]},&quot;7&quot;:{&quot;1&quot;:[{&quot;1&quot;:2,&quot;2&quot;:0,&quot;5&quot;:{&quot;1&quot;:2,&quot;2&quot;:0}},{&quot;1&quot;:0,&quot;2&quot;:0,&quot;3&quot;:3},{&quot;1&quot;:1,&quot;2&quot;:0,&quot;4&quot;:1}]},&quot;8&quot;:{&quot;1&quot;:[{&quot;1&quot;:2,&quot;2&quot;:0,&quot;5&quot;:{&quot;1&quot;:2,&quot;2&quot;:0}},{&quot;1&quot;:0,&quot;2&quot;:0,&quot;3&quot;:3},{&quot;1&quot;:1,&quot;2&quot;:0,&quot;4&quot;:1}]},&quot;9&quot;:0,&quot;10&quot;:1,&quot;11&quot;:4,&quot;12&quot;:0,&quot;14&quot;:{&quot;1&quot;:2,&quot;2&quot;:0},&quot;15&quot;:&quot;Calibri&quot;,&quot;23&quot;:1}\" data-sheets-textstyleruns=\"{&quot;1&quot;:0}\uee10{&quot;1&quot;:43,&quot;2&quot;:{&quot;2&quot;:{&quot;1&quot;:2,&quot;2&quot;:1136076},&quot;9&quot;:1}}\uee10{&quot;1&quot;:48}\" data-sheets-hyperlinkruns=\"{&quot;1&quot;:43,&quot;2&quot;:&quot;https:\/\/www.comit.berlin\/&quot;}\uee10{&quot;1&quot;:48}\"><strong>Intervenante :<\/strong> Hanieh Hadizadeh\u00a0<\/span><\/p>\n<p>Elle cr\u00e9\u00e9 et anime des \u00e9v\u00e8nements, des ateliers et des d\u00e9bats qui mettent la cr\u00e9ativit\u00e9 et la coop\u00e9ration au c\u0153ur et elle est experte de l&#8217;open innovation et de la facilitation au service des acteurs et actrices du changement social, e\u0301cologique et d\u00e9mocratique !<\/p>\n<p><strong>Son super pouvoir ? <\/strong>Magicienne des transformations personnelles au service du changement social<\/p>\n<p>&nbsp;<\/p>\n<p>Ce projet est co-financ\u00e9 par le Fonds Social Europ\u00e9en.<\/p>\n<p><img decoding=\"async\" class=\"\" src=\"https:\/\/www.sep-asso.fr\/wp-content\/uploads\/2018\/02\/logo-union-europeenne.png\" alt=\"logo union europeenne \u2013 SEP\" width=\"87\" height=\"72\" \/>\u00a0 <img decoding=\"async\" class=\"\" src=\"https:\/\/lh3.googleusercontent.com\/proxy\/fyt62wPtm8snLhCynfouzDUHpMSOzrjBaMIcGGRrdANsO21vTN4nsUq6ZNuauScE71CXRJEnohS1bC-VEs13Ie7Ej8GzTIH159IWu8O9FOJcn8QAkJPGvUp0ZjIyP5Csm9SiZiWkV803m7kU4kALHBF5cQ\" alt=\"logoth\u00e8que fonds europ\u00e9ens structurels et d&amp;#39;investissement | FSE\" width=\"135\" height=\"94\" \/>\u00a0<img decoding=\"async\" class=\"\" src=\"https:\/\/franceactive-idf.org\/wp-content\/uploads\/2020\/02\/logo-region-ile-de-france.png\" alt=\"Logo Region Ile De France - France Active \u00cele-de-France\" width=\"126\" height=\"29\" \/><\/p>\n","protected":false},"featured_media":0,"template":"","format":"standard","meta":{"_acf_changed":false,"om_disable_all_campaigns":false,"_uf_show_specific_survey":0,"_uf_disable_surveys":false},"product_brand":[],"product_cat":[118],"product_tag":[],"lieu":[127],"thematiques":[],"class_list":{"0":"post-15753","1":"product","2":"type-product","3":"status-publish","4":"format-standard","6":"product_cat-atelier-collectif","7":"lieu-hub-empowher","9":"first","10":"instock","11":"virtual","12":"purchasable","13":"product-type-appointment"},"exclude_global_add_ons":[],"addons":[],"acf":[],"yoast_head":"<!-- This site is optimized with the Yoast SEO plugin v24.8 - https:\/\/yoast.com\/wordpress\/plugins\/seo\/ -->\n<title>Atelier - D\u00e9velopper les pratiques collaboratives et d\u00e9couvrir le pouvoir l\u2019intelligence collective - Empow&#039;Her<\/title>\n<meta name=\"robots\" content=\"index, follow, max-snippet:-1, max-image-preview:large, max-video-preview:-1\" \/>\n<link rel=\"canonical\" href=\"https:\/\/empow-her.com\/en\/produit\/developper-les-pratiques-colaboratives-et-decouvrir-le-pouvoir-lintelligence-collective\/\" \/>\n<meta property=\"og:locale\" content=\"es_ES\" \/>\n<meta property=\"og:type\" content=\"article\" \/>\n<meta property=\"og:title\" content=\"Atelier - D\u00e9velopper les pratiques collaboratives et d\u00e9couvrir le pouvoir l\u2019intelligence collective - Empow&#039;Her\" \/>\n<meta property=\"og:description\" content=\"Dans cet atelier, Hanieh vous propose des exercices cr\u00e9atifs en groupe et un temps d&#039;int\u00e9gration personnel pour finir sur un \u00e9change autour des notions cl\u00e9s du travail collectif. L&#039;objectif : vous permettre d&#039;identifier votre singularit\u00e9 de leader, de trouver votre place dans le collectif et d&#039;identifier vos forces et vos faiblesses gr\u00e2ce au groupe !   Avant de vous inscrire et pour participer \u00e0 cet atelier, nous vous invitons \u00e0 remplir ce bref questionnaire afin que l&#039;intervenante puisse le pr\u00e9parer au mieux !\u00a0  Par :\u00a0Bulles  &nbsp;  Intervenante : Hanieh Hadizadeh\u00a0  Elle cr\u00e9\u00e9 et anime des \u00e9v\u00e8nements, des ateliers et des d\u00e9bats qui mettent la cr\u00e9ativit\u00e9 et la coop\u00e9ration au c\u0153ur et elle est experte de l&#039;open innovation et de la facilitation au service des acteurs et actrices du changement social, e\u0301cologique et d\u00e9mocratique !  Son super pouvoir ? Magicienne des transformations personnelles au service du changement social  &nbsp;  Ce projet est co-financ\u00e9 par le Fonds Social Europ\u00e9en.  \u00a0 \u00a0\" \/>\n<meta property=\"og:url\" content=\"https:\/\/empow-her.com\/en\/produit\/developper-les-pratiques-colaboratives-et-decouvrir-le-pouvoir-lintelligence-collective\/\" \/>\n<meta property=\"og:site_name\" content=\"Empow&#039;Her\" \/>\n<meta property=\"article:modified_time\" content=\"2021-07-15T07:57:51+00:00\" \/>\n<meta name=\"twitter:card\" content=\"summary_large_image\" \/>\n<script type=\"application\/ld+json\" class=\"yoast-schema-graph\">{\"@context\":\"https:\/\/schema.org\",\"@graph\":[{\"@type\":\"WebPage\",\"@id\":\"https:\/\/empow-her.com\/en\/produit\/developper-les-pratiques-colaboratives-et-decouvrir-le-pouvoir-lintelligence-collective\/\",\"url\":\"https:\/\/empow-her.com\/en\/produit\/developper-les-pratiques-colaboratives-et-decouvrir-le-pouvoir-lintelligence-collective\/\",\"name\":\"Atelier - D\u00e9velopper les pratiques collaboratives et d\u00e9couvrir le pouvoir l\u2019intelligence collective - Empow&#039;Her\",\"isPartOf\":{\"@id\":\"https:\/\/empow-her.com\/#website\"},\"datePublished\":\"2021-07-13T16:11:54+00:00\",\"dateModified\":\"2021-07-15T07:57:51+00:00\",\"breadcrumb\":{\"@id\":\"https:\/\/empow-her.com\/en\/produit\/developper-les-pratiques-colaboratives-et-decouvrir-le-pouvoir-lintelligence-collective\/#breadcrumb\"},\"inLanguage\":\"es\",\"potentialAction\":[{\"@type\":\"ReadAction\",\"target\":[\"https:\/\/empow-her.com\/en\/produit\/developper-les-pratiques-colaboratives-et-decouvrir-le-pouvoir-lintelligence-collective\/\"]}]},{\"@type\":\"BreadcrumbList\",\"@id\":\"https:\/\/empow-her.com\/en\/produit\/developper-les-pratiques-colaboratives-et-decouvrir-le-pouvoir-lintelligence-collective\/#breadcrumb\",\"itemListElement\":[{\"@type\":\"ListItem\",\"position\":1,\"name\":\"Accueil\",\"item\":\"https:\/\/empow-her.com\/es\/inicio\/\"},{\"@type\":\"ListItem\",\"position\":2,\"name\":\"LA BOUTIQUE\",\"item\":\"https:\/\/empow-her.com\/boutique\/\"},{\"@type\":\"ListItem\",\"position\":3,\"name\":\"Atelier &#8211; D\u00e9velopper les pratiques collaboratives et d\u00e9couvrir le pouvoir l\u2019intelligence collective\"}]},{\"@type\":\"WebSite\",\"@id\":\"https:\/\/empow-her.com\/#website\",\"url\":\"https:\/\/empow-her.com\/\",\"name\":\"Empow&#039;Her\",\"description\":\"Women Development\",\"potentialAction\":[{\"@type\":\"SearchAction\",\"target\":{\"@type\":\"EntryPoint\",\"urlTemplate\":\"https:\/\/empow-her.com\/?s={search_term_string}\"},\"query-input\":{\"@type\":\"PropertyValueSpecification\",\"valueRequired\":true,\"valueName\":\"search_term_string\"}}],\"inLanguage\":\"es\"}]}<\/script>\n<!-- \/ Yoast SEO plugin. -->","yoast_head_json":{"title":"Atelier - D\u00e9velopper les pratiques collaboratives et d\u00e9couvrir le pouvoir l\u2019intelligence collective - Empow&#039;Her","robots":{"index":"index","follow":"follow","max-snippet":"max-snippet:-1","max-image-preview":"max-image-preview:large","max-video-preview":"max-video-preview:-1"},"canonical":"https:\/\/empow-her.com\/en\/produit\/developper-les-pratiques-colaboratives-et-decouvrir-le-pouvoir-lintelligence-collective\/","og_locale":"es_ES","og_type":"article","og_title":"Atelier - D\u00e9velopper les pratiques collaboratives et d\u00e9couvrir le pouvoir l\u2019intelligence collective - Empow&#039;Her","og_description":"Dans cet atelier, Hanieh vous propose des exercices cr\u00e9atifs en groupe et un temps d'int\u00e9gration personnel pour finir sur un \u00e9change autour des notions cl\u00e9s du travail collectif. L'objectif : vous permettre d'identifier votre singularit\u00e9 de leader, de trouver votre place dans le collectif et d'identifier vos forces et vos faiblesses gr\u00e2ce au groupe !   Avant de vous inscrire et pour participer \u00e0 cet atelier, nous vous invitons \u00e0 remplir ce bref questionnaire afin que l'intervenante puisse le pr\u00e9parer au mieux !\u00a0  Par :\u00a0Bulles  &nbsp;  Intervenante : Hanieh Hadizadeh\u00a0  Elle cr\u00e9\u00e9 et anime des \u00e9v\u00e8nements, des ateliers et des d\u00e9bats qui mettent la cr\u00e9ativit\u00e9 et la coop\u00e9ration au c\u0153ur et elle est experte de l'open innovation et de la facilitation au service des acteurs et actrices du changement social, e\u0301cologique et d\u00e9mocratique !  Son super pouvoir ? Magicienne des transformations personnelles au service du changement social  &nbsp;  Ce projet est co-financ\u00e9 par le Fonds Social Europ\u00e9en.  \u00a0 \u00a0","og_url":"https:\/\/empow-her.com\/en\/produit\/developper-les-pratiques-colaboratives-et-decouvrir-le-pouvoir-lintelligence-collective\/","og_site_name":"Empow&#039;Her","article_modified_time":"2021-07-15T07:57:51+00:00","twitter_card":"summary_large_image","schema":{"@context":"https:\/\/schema.org","@graph":[{"@type":"WebPage","@id":"https:\/\/empow-her.com\/en\/produit\/developper-les-pratiques-colaboratives-et-decouvrir-le-pouvoir-lintelligence-collective\/","url":"https:\/\/empow-her.com\/en\/produit\/developper-les-pratiques-colaboratives-et-decouvrir-le-pouvoir-lintelligence-collective\/","name":"Atelier - D\u00e9velopper les pratiques collaboratives et d\u00e9couvrir le pouvoir l\u2019intelligence collective - Empow&#039;Her","isPartOf":{"@id":"https:\/\/empow-her.com\/#website"},"datePublished":"2021-07-13T16:11:54+00:00","dateModified":"2021-07-15T07:57:51+00:00","breadcrumb":{"@id":"https:\/\/empow-her.com\/en\/produit\/developper-les-pratiques-colaboratives-et-decouvrir-le-pouvoir-lintelligence-collective\/#breadcrumb"},"inLanguage":"es","potentialAction":[{"@type":"ReadAction","target":["https:\/\/empow-her.com\/en\/produit\/developper-les-pratiques-colaboratives-et-decouvrir-le-pouvoir-lintelligence-collective\/"]}]},{"@type":"BreadcrumbList","@id":"https:\/\/empow-her.com\/en\/produit\/developper-les-pratiques-colaboratives-et-decouvrir-le-pouvoir-lintelligence-collective\/#breadcrumb","itemListElement":[{"@type":"ListItem","position":1,"name":"Accueil","item":"https:\/\/empow-her.com\/es\/inicio\/"},{"@type":"ListItem","position":2,"name":"LA BOUTIQUE","item":"https:\/\/empow-her.com\/boutique\/"},{"@type":"ListItem","position":3,"name":"Atelier &#8211; D\u00e9velopper les pratiques collaboratives et d\u00e9couvrir le pouvoir l\u2019intelligence collective"}]},{"@type":"WebSite","@id":"https:\/\/empow-her.com\/#website","url":"https:\/\/empow-her.com\/","name":"Empow&#039;Her","description":"Women Development","potentialAction":[{"@type":"SearchAction","target":{"@type":"EntryPoint","urlTemplate":"https:\/\/empow-her.com\/?s={search_term_string}"},"query-input":{"@type":"PropertyValueSpecification","valueRequired":true,"valueName":"search_term_string"}}],"inLanguage":"es"}]}},"_links":{"self":[{"href":"https:\/\/empow-her.com\/es\/wp-json\/wp\/v2\/product\/15753","targetHints":{"allow":["GET"]}}],"collection":[{"href":"https:\/\/empow-her.com\/es\/wp-json\/wp\/v2\/product"}],"about":[{"href":"https:\/\/empow-her.com\/es\/wp-json\/wp\/v2\/types\/product"}],"wp:attachment":[{"href":"https:\/\/empow-her.com\/es\/wp-json\/wp\/v2\/media?parent=15753"}],"wp:term":[{"taxonomy":"product_brand","embeddable":true,"href":"https:\/\/empow-her.com\/es\/wp-json\/wp\/v2\/product_brand?post=15753"},{"taxonomy":"product_cat","embeddable":true,"href":"https:\/\/empow-her.com\/es\/wp-json\/wp\/v2\/product_cat?post=15753"},{"taxonomy":"product_tag","embeddable":true,"href":"https:\/\/empow-her.com\/es\/wp-json\/wp\/v2\/product_tag?post=15753"},{"taxonomy":"lieu","embeddable":true,"href":"https:\/\/empow-her.com\/es\/wp-json\/wp\/v2\/lieu?post=15753"},{"taxonomy":"thematiques","embeddable":true,"href":"https:\/\/empow-her.com\/es\/wp-json\/wp\/v2\/thematiques?post=15753"}],"curies":[{"name":"wp","href":"https:\/\/api.w.org\/{rel}","templated":true}]}}