{"id":15730,"date":"2021-07-12T17:19:46","date_gmt":"2021-07-12T15:19:46","guid":{"rendered":"https:\/\/empow-her.com\/?post_type=product&#038;p=15730"},"modified":"2021-08-04T16:14:35","modified_gmt":"2021-08-04T14:14:35","slug":"atelier-fixer-son-prix-de-vente","status":"publish","type":"product","link":"https:\/\/empow-her.com\/es\/produit\/atelier-fixer-son-prix-de-vente\/","title":{"rendered":"Atelier &#8211; Fixer son prix de vente"},"content":{"rendered":"","protected":false},"excerpt":{"rendered":"<div>\n<p>Retrouvez Alexandre, expert en mod\u00e8le \u00e9conomique et co-fondateur de Comit, et les entrepreneures du programme pour un atelier collectif autour de la fixation du prix de vente ! Vous avez identifi\u00e9 l&#8217;offre ou la solution que vous souhaitez proposer ? D\u00e9couvrez comment fixer vos tarifs et prix de vente pour proposer des prix justes ou attractifs pour votre client\u00e8le cible, tout en assurant la rentabilit\u00e9 de votre projet ! Lors de cet atelier, vous d\u00e9couvrirez les m\u00e9thodes pour fixer le prix de vente de votre offre en coh\u00e9rence avec vos co\u00fbts et vos b\u00e9n\u00e9fices, et vous exercerez \u00e0 le faire sur votre projet !<\/p>\n<\/div>\n<p>&nbsp;<\/p>\n<p><b>Par :\u00a0<\/b><a href=\"https:\/\/comit.berlin\/\">Comit<\/a><\/p>\n<p>&nbsp;<\/p>\n<p><span data-sheets-value=\"{&quot;1&quot;:2,&quot;2&quot;:&quot;Alexandre Sourzac-Lami est co-fondateur de Comit, une structure sp\u00e9cialis\u00e9e qui con\u00e7oit et adapte des outils et m\u00e9thodes pour donner aux entrepreneur.e.s la capacit\u00e9 de d\u00e9velopper des mod\u00e8les \u00e9conomiques p\u00e9rennes.&quot;}\" data-sheets-userformat=\"{&quot;2&quot;:1055743,&quot;3&quot;:{&quot;1&quot;:0},&quot;4&quot;:{&quot;1&quot;:2,&quot;2&quot;:16777215},&quot;5&quot;:{&quot;1&quot;:[{&quot;1&quot;:2,&quot;2&quot;:0,&quot;5&quot;:{&quot;1&quot;:2,&quot;2&quot;:0}},{&quot;1&quot;:0,&quot;2&quot;:0,&quot;3&quot;:3},{&quot;1&quot;:1,&quot;2&quot;:0,&quot;4&quot;:1}]},&quot;6&quot;:{&quot;1&quot;:[{&quot;1&quot;:2,&quot;2&quot;:0,&quot;5&quot;:{&quot;1&quot;:2,&quot;2&quot;:0}},{&quot;1&quot;:0,&quot;2&quot;:0,&quot;3&quot;:3},{&quot;1&quot;:1,&quot;2&quot;:0,&quot;4&quot;:1}]},&quot;7&quot;:{&quot;1&quot;:[{&quot;1&quot;:2,&quot;2&quot;:0,&quot;5&quot;:{&quot;1&quot;:2,&quot;2&quot;:0}},{&quot;1&quot;:0,&quot;2&quot;:0,&quot;3&quot;:3},{&quot;1&quot;:1,&quot;2&quot;:0,&quot;4&quot;:1}]},&quot;8&quot;:{&quot;1&quot;:[{&quot;1&quot;:2,&quot;2&quot;:0,&quot;5&quot;:{&quot;1&quot;:2,&quot;2&quot;:0}},{&quot;1&quot;:0,&quot;2&quot;:0,&quot;3&quot;:3},{&quot;1&quot;:1,&quot;2&quot;:0,&quot;4&quot;:1}]},&quot;9&quot;:0,&quot;10&quot;:1,&quot;11&quot;:4,&quot;12&quot;:0,&quot;14&quot;:{&quot;1&quot;:2,&quot;2&quot;:0},&quot;15&quot;:&quot;Calibri&quot;,&quot;23&quot;:1}\" data-sheets-textstyleruns=\"{&quot;1&quot;:0}\uee10{&quot;1&quot;:43,&quot;2&quot;:{&quot;2&quot;:{&quot;1&quot;:2,&quot;2&quot;:1136076},&quot;9&quot;:1}}\uee10{&quot;1&quot;:48}\" data-sheets-hyperlinkruns=\"{&quot;1&quot;:43,&quot;2&quot;:&quot;https:\/\/www.comit.berlin\/&quot;}\uee10{&quot;1&quot;:48}\"><strong>Intervenant :<\/strong>\u00a0Alexandre Sourzac-Lami est co-fondateur de <a href=\"https:\/\/comit.berlin\/\">Comit<\/a>, une structure sp\u00e9cialis\u00e9e qui con\u00e7oit et adapte des outils et m\u00e9thodes pour donner aux entrepreneur.e.s la capacit\u00e9 de d\u00e9velopper des mod\u00e8les \u00e9conomiques p\u00e9rennes.<\/span><\/p>\n<p>&nbsp;<\/p>\n<p><strong>Son petit mot ?<\/strong>\u00a0Vos projets sont l\u2019avenir de l\u2019\u00e9conomie sociale et solidaire : vous lancer, c\u2019est un petit pas pour la femme mais un grand pas pour l\u2019entrepreneuriat f\u00e9minin!<\/p>\n<p>&nbsp;<\/p>\n<p>Ce projet est co-financ\u00e9 par le Fonds Social Europ\u00e9en.<\/p>\n<p><img decoding=\"async\" class=\"alignnone size-medium wp-image-15794\" src=\"https:\/\/empow-her.com\/wp-content\/uploads\/2021\/07\/fse-logos-1-300x54.png\" alt=\"\" width=\"300\" height=\"54\" srcset=\"https:\/\/empow-her.com\/wp-content\/uploads\/2021\/07\/fse-logos-1-300x54.png 300w, https:\/\/empow-her.com\/wp-content\/uploads\/2021\/07\/fse-logos-1-600x108.png 600w, https:\/\/empow-her.com\/wp-content\/uploads\/2021\/07\/fse-logos-1-1024x184.png 1024w, https:\/\/empow-her.com\/wp-content\/uploads\/2021\/07\/fse-logos-1-768x138.png 768w, https:\/\/empow-her.com\/wp-content\/uploads\/2021\/07\/fse-logos-1-1536x275.png 1536w, https:\/\/empow-her.com\/wp-content\/uploads\/2021\/07\/fse-logos-1-2048x367.png 2048w, https:\/\/empow-her.com\/wp-content\/uploads\/2021\/07\/fse-logos-1-24x4.png 24w, https:\/\/empow-her.com\/wp-content\/uploads\/2021\/07\/fse-logos-1-36x6.png 36w, https:\/\/empow-her.com\/wp-content\/uploads\/2021\/07\/fse-logos-1-48x9.png 48w\" sizes=\"(max-width: 300px) 100vw, 300px\" \/><\/p>\n","protected":false},"featured_media":0,"template":"","format":"standard","meta":{"_acf_changed":false,"om_disable_all_campaigns":false,"_uf_show_specific_survey":0,"_uf_disable_surveys":false},"product_brand":[],"product_cat":[118],"product_tag":[],"lieu":[127],"thematiques":[],"class_list":{"0":"post-15730","1":"product","2":"type-product","3":"status-publish","4":"format-standard","6":"product_cat-atelier-collectif","7":"lieu-hub-empowher","9":"first","10":"instock","11":"virtual","12":"purchasable","13":"product-type-appointment"},"exclude_global_add_ons":[],"addons":[],"acf":[],"yoast_head":"<!-- This site is optimized with the Yoast SEO plugin v24.8 - https:\/\/yoast.com\/wordpress\/plugins\/seo\/ -->\n<title>Atelier - Fixer son prix de vente - Empow&#039;Her<\/title>\n<meta name=\"robots\" content=\"index, follow, max-snippet:-1, max-image-preview:large, max-video-preview:-1\" \/>\n<link rel=\"canonical\" href=\"https:\/\/empow-her.com\/es\/produit\/atelier-fixer-son-prix-de-vente\/\" \/>\n<meta property=\"og:locale\" content=\"es_ES\" \/>\n<meta property=\"og:type\" content=\"article\" \/>\n<meta property=\"og:title\" content=\"Atelier - Fixer son prix de vente - Empow&#039;Her\" \/>\n<meta property=\"og:description\" content=\"Retrouvez Alexandre, expert en mod\u00e8le \u00e9conomique et co-fondateur de Comit, et les entrepreneures du programme pour un atelier collectif autour de la fixation du prix de vente ! Vous avez identifi\u00e9 l&#039;offre ou la solution que vous souhaitez proposer ? D\u00e9couvrez comment fixer vos tarifs et prix de vente pour proposer des prix justes ou attractifs pour votre client\u00e8le cible, tout en assurant la rentabilit\u00e9 de votre projet ! Lors de cet atelier, vous d\u00e9couvrirez les m\u00e9thodes pour fixer le prix de vente de votre offre en coh\u00e9rence avec vos co\u00fbts et vos b\u00e9n\u00e9fices, et vous exercerez \u00e0 le faire sur votre projet !   &nbsp;  Par :\u00a0Comit  &nbsp;  Intervenant :\u00a0Alexandre Sourzac-Lami est co-fondateur de Comit, une structure sp\u00e9cialis\u00e9e qui con\u00e7oit et adapte des outils et m\u00e9thodes pour donner aux entrepreneur.e.s la capacit\u00e9 de d\u00e9velopper des mod\u00e8les \u00e9conomiques p\u00e9rennes.  &nbsp;  Son petit mot ?\u00a0Vos projets sont l\u2019avenir de l\u2019\u00e9conomie sociale et solidaire : vous lancer, c\u2019est un petit pas pour la femme mais un grand pas pour l\u2019entrepreneuriat f\u00e9minin!  &nbsp;  Ce projet est co-financ\u00e9 par le Fonds Social Europ\u00e9en.\" \/>\n<meta property=\"og:url\" content=\"https:\/\/empow-her.com\/es\/produit\/atelier-fixer-son-prix-de-vente\/\" \/>\n<meta property=\"og:site_name\" content=\"Empow&#039;Her\" \/>\n<meta property=\"article:modified_time\" content=\"2021-08-04T14:14:35+00:00\" \/>\n<meta name=\"twitter:card\" content=\"summary_large_image\" \/>\n<script type=\"application\/ld+json\" class=\"yoast-schema-graph\">{\"@context\":\"https:\/\/schema.org\",\"@graph\":[{\"@type\":\"WebPage\",\"@id\":\"https:\/\/empow-her.com\/es\/produit\/atelier-fixer-son-prix-de-vente\/\",\"url\":\"https:\/\/empow-her.com\/es\/produit\/atelier-fixer-son-prix-de-vente\/\",\"name\":\"Atelier - Fixer son prix de vente - Empow&#039;Her\",\"isPartOf\":{\"@id\":\"https:\/\/empow-her.com\/#website\"},\"datePublished\":\"2021-07-12T15:19:46+00:00\",\"dateModified\":\"2021-08-04T14:14:35+00:00\",\"breadcrumb\":{\"@id\":\"https:\/\/empow-her.com\/es\/produit\/atelier-fixer-son-prix-de-vente\/#breadcrumb\"},\"inLanguage\":\"es\",\"potentialAction\":[{\"@type\":\"ReadAction\",\"target\":[\"https:\/\/empow-her.com\/es\/produit\/atelier-fixer-son-prix-de-vente\/\"]}]},{\"@type\":\"BreadcrumbList\",\"@id\":\"https:\/\/empow-her.com\/es\/produit\/atelier-fixer-son-prix-de-vente\/#breadcrumb\",\"itemListElement\":[{\"@type\":\"ListItem\",\"position\":1,\"name\":\"Accueil\",\"item\":\"https:\/\/empow-her.com\/es\/inicio\/\"},{\"@type\":\"ListItem\",\"position\":2,\"name\":\"LA BOUTIQUE\",\"item\":\"https:\/\/empow-her.com\/boutique\/\"},{\"@type\":\"ListItem\",\"position\":3,\"name\":\"Atelier &#8211; Fixer son prix de vente\"}]},{\"@type\":\"WebSite\",\"@id\":\"https:\/\/empow-her.com\/#website\",\"url\":\"https:\/\/empow-her.com\/\",\"name\":\"Empow&#039;Her\",\"description\":\"Women Development\",\"potentialAction\":[{\"@type\":\"SearchAction\",\"target\":{\"@type\":\"EntryPoint\",\"urlTemplate\":\"https:\/\/empow-her.com\/?s={search_term_string}\"},\"query-input\":{\"@type\":\"PropertyValueSpecification\",\"valueRequired\":true,\"valueName\":\"search_term_string\"}}],\"inLanguage\":\"es\"}]}<\/script>\n<!-- \/ Yoast SEO plugin. -->","yoast_head_json":{"title":"Atelier - Fixer son prix de vente - Empow&#039;Her","robots":{"index":"index","follow":"follow","max-snippet":"max-snippet:-1","max-image-preview":"max-image-preview:large","max-video-preview":"max-video-preview:-1"},"canonical":"https:\/\/empow-her.com\/es\/produit\/atelier-fixer-son-prix-de-vente\/","og_locale":"es_ES","og_type":"article","og_title":"Atelier - Fixer son prix de vente - Empow&#039;Her","og_description":"Retrouvez Alexandre, expert en mod\u00e8le \u00e9conomique et co-fondateur de Comit, et les entrepreneures du programme pour un atelier collectif autour de la fixation du prix de vente ! Vous avez identifi\u00e9 l'offre ou la solution que vous souhaitez proposer ? D\u00e9couvrez comment fixer vos tarifs et prix de vente pour proposer des prix justes ou attractifs pour votre client\u00e8le cible, tout en assurant la rentabilit\u00e9 de votre projet ! Lors de cet atelier, vous d\u00e9couvrirez les m\u00e9thodes pour fixer le prix de vente de votre offre en coh\u00e9rence avec vos co\u00fbts et vos b\u00e9n\u00e9fices, et vous exercerez \u00e0 le faire sur votre projet !   &nbsp;  Par :\u00a0Comit  &nbsp;  Intervenant :\u00a0Alexandre Sourzac-Lami est co-fondateur de Comit, une structure sp\u00e9cialis\u00e9e qui con\u00e7oit et adapte des outils et m\u00e9thodes pour donner aux entrepreneur.e.s la capacit\u00e9 de d\u00e9velopper des mod\u00e8les \u00e9conomiques p\u00e9rennes.  &nbsp;  Son petit mot ?\u00a0Vos projets sont l\u2019avenir de l\u2019\u00e9conomie sociale et solidaire : vous lancer, c\u2019est un petit pas pour la femme mais un grand pas pour l\u2019entrepreneuriat f\u00e9minin!  &nbsp;  Ce projet est co-financ\u00e9 par le Fonds Social Europ\u00e9en.","og_url":"https:\/\/empow-her.com\/es\/produit\/atelier-fixer-son-prix-de-vente\/","og_site_name":"Empow&#039;Her","article_modified_time":"2021-08-04T14:14:35+00:00","twitter_card":"summary_large_image","schema":{"@context":"https:\/\/schema.org","@graph":[{"@type":"WebPage","@id":"https:\/\/empow-her.com\/es\/produit\/atelier-fixer-son-prix-de-vente\/","url":"https:\/\/empow-her.com\/es\/produit\/atelier-fixer-son-prix-de-vente\/","name":"Atelier - Fixer son prix de vente - Empow&#039;Her","isPartOf":{"@id":"https:\/\/empow-her.com\/#website"},"datePublished":"2021-07-12T15:19:46+00:00","dateModified":"2021-08-04T14:14:35+00:00","breadcrumb":{"@id":"https:\/\/empow-her.com\/es\/produit\/atelier-fixer-son-prix-de-vente\/#breadcrumb"},"inLanguage":"es","potentialAction":[{"@type":"ReadAction","target":["https:\/\/empow-her.com\/es\/produit\/atelier-fixer-son-prix-de-vente\/"]}]},{"@type":"BreadcrumbList","@id":"https:\/\/empow-her.com\/es\/produit\/atelier-fixer-son-prix-de-vente\/#breadcrumb","itemListElement":[{"@type":"ListItem","position":1,"name":"Accueil","item":"https:\/\/empow-her.com\/es\/inicio\/"},{"@type":"ListItem","position":2,"name":"LA BOUTIQUE","item":"https:\/\/empow-her.com\/boutique\/"},{"@type":"ListItem","position":3,"name":"Atelier &#8211; Fixer son prix de vente"}]},{"@type":"WebSite","@id":"https:\/\/empow-her.com\/#website","url":"https:\/\/empow-her.com\/","name":"Empow&#039;Her","description":"Women Development","potentialAction":[{"@type":"SearchAction","target":{"@type":"EntryPoint","urlTemplate":"https:\/\/empow-her.com\/?s={search_term_string}"},"query-input":{"@type":"PropertyValueSpecification","valueRequired":true,"valueName":"search_term_string"}}],"inLanguage":"es"}]}},"_links":{"self":[{"href":"https:\/\/empow-her.com\/es\/wp-json\/wp\/v2\/product\/15730","targetHints":{"allow":["GET"]}}],"collection":[{"href":"https:\/\/empow-her.com\/es\/wp-json\/wp\/v2\/product"}],"about":[{"href":"https:\/\/empow-her.com\/es\/wp-json\/wp\/v2\/types\/product"}],"wp:attachment":[{"href":"https:\/\/empow-her.com\/es\/wp-json\/wp\/v2\/media?parent=15730"}],"wp:term":[{"taxonomy":"product_brand","embeddable":true,"href":"https:\/\/empow-her.com\/es\/wp-json\/wp\/v2\/product_brand?post=15730"},{"taxonomy":"product_cat","embeddable":true,"href":"https:\/\/empow-her.com\/es\/wp-json\/wp\/v2\/product_cat?post=15730"},{"taxonomy":"product_tag","embeddable":true,"href":"https:\/\/empow-her.com\/es\/wp-json\/wp\/v2\/product_tag?post=15730"},{"taxonomy":"lieu","embeddable":true,"href":"https:\/\/empow-her.com\/es\/wp-json\/wp\/v2\/lieu?post=15730"},{"taxonomy":"thematiques","embeddable":true,"href":"https:\/\/empow-her.com\/es\/wp-json\/wp\/v2\/thematiques?post=15730"}],"curies":[{"name":"wp","href":"https:\/\/api.w.org\/{rel}","templated":true}]}}