{"id":15690,"date":"2021-07-12T14:50:50","date_gmt":"2021-07-12T12:50:50","guid":{"rendered":"https:\/\/empow-her.com\/?post_type=product&#038;p=15690"},"modified":"2021-07-12T14:54:24","modified_gmt":"2021-07-12T12:54:24","slug":"atelier-se-positionner-sur-le-marche-et-se-differencier-2","status":"publish","type":"product","link":"https:\/\/empow-her.com\/es\/produit\/atelier-se-positionner-sur-le-marche-et-se-differencier-2\/","title":{"rendered":"Atelier &#8211; Se positionner sur le march\u00e9 et se diff\u00e9rencier"},"content":{"rendered":"","protected":false},"excerpt":{"rendered":"<p style=\"text-align: left;\"><span data-sheets-value=\"{&quot;1&quot;:2,&quot;2&quot;:&quot;Son march\u00e9\u00a0? Sa segmentation\u00a0? Se diff\u00e9rencier de ses concurrents\u00a0? D\u00e9finir son offre\u00a0? Construire une strat\u00e9gie claire et efficace\u00a0?\u00a0Qu\u00e9saco\u00a0?nCet atelier vous accompagne sur la vision Marketing \u00ab\u00a0classique\u00a0\u00bb - en vous donnant\u00a0les cl\u00e9s pour d\u00e9finir \/ d\u00e9marquer votre offre\u00a0\u2013 et par ailleurs, vous initie aux sp\u00e9cificit\u00e9s du Marketing \u00ab\u00a0responsable\u00a0\u00bb et de la\u00a0diff\u00e9rentiation par l\u2019impact.\u00a0\u00a0&quot;}\" data-sheets-userformat=\"{&quot;2&quot;:5053,&quot;3&quot;:{&quot;1&quot;:0},&quot;5&quot;:{&quot;1&quot;:[{&quot;1&quot;:2,&quot;2&quot;:0,&quot;5&quot;:{&quot;1&quot;:2,&quot;2&quot;:0}},{&quot;1&quot;:0,&quot;2&quot;:0,&quot;3&quot;:3},{&quot;1&quot;:1,&quot;2&quot;:0,&quot;4&quot;:1}]},&quot;6&quot;:{&quot;1&quot;:[{&quot;1&quot;:2,&quot;2&quot;:0,&quot;5&quot;:{&quot;1&quot;:2,&quot;2&quot;:0}},{&quot;1&quot;:0,&quot;2&quot;:0,&quot;3&quot;:3},{&quot;1&quot;:1,&quot;2&quot;:0,&quot;4&quot;:1}]},&quot;7&quot;:{&quot;1&quot;:[{&quot;1&quot;:2,&quot;2&quot;:0,&quot;5&quot;:{&quot;1&quot;:2,&quot;2&quot;:0}},{&quot;1&quot;:0,&quot;2&quot;:0,&quot;3&quot;:3},{&quot;1&quot;:1,&quot;2&quot;:0,&quot;4&quot;:1}]},&quot;8&quot;:{&quot;1&quot;:[{&quot;1&quot;:2,&quot;2&quot;:0,&quot;5&quot;:{&quot;1&quot;:2,&quot;2&quot;:0}},{&quot;1&quot;:0,&quot;2&quot;:0,&quot;3&quot;:3},{&quot;1&quot;:1,&quot;2&quot;:0,&quot;4&quot;:1}]},&quot;10&quot;:1,&quot;11&quot;:4,&quot;12&quot;:0,&quot;15&quot;:&quot;Calibri&quot;}\">Son march\u00e9\u00a0? Sa segmentation\u00a0? Se diff\u00e9rencier de ses concurrents\u00a0? D\u00e9finir son offre\u00a0? Construire une strat\u00e9gie claire et efficace\u00a0?\u00a0Qu\u00e9saco\u00a0?<br \/>\nCet atelier vous accompagne sur la vision Marketing \u00ab classique \u00bb &#8211; en vous donnant les cl\u00e9s pour d\u00e9finir \/ d\u00e9marquer votre offre \u2013 et par ailleurs, vous initie aux sp\u00e9cificit\u00e9s du Marketing \u00ab responsable \u00bb et de la diff\u00e9rentiation par l\u2019impact !\u00a0<\/span><\/p>\n<p>&nbsp;<\/p>\n<p style=\"text-align: left;\"><strong>Par<\/strong> : <span data-sheets-value=\"{&quot;1&quot;:2,&quot;2&quot;:&quot;Sophia Lara Grine&quot;}\" data-sheets-userformat=\"{&quot;2&quot;:5117,&quot;3&quot;:{&quot;1&quot;:0},&quot;5&quot;:{&quot;1&quot;:[{&quot;1&quot;:2,&quot;2&quot;:0,&quot;5&quot;:{&quot;1&quot;:2,&quot;2&quot;:0}},{&quot;1&quot;:0,&quot;2&quot;:0,&quot;3&quot;:3},{&quot;1&quot;:1,&quot;2&quot;:0,&quot;4&quot;:1}]},&quot;6&quot;:{&quot;1&quot;:[{&quot;1&quot;:2,&quot;2&quot;:0,&quot;5&quot;:{&quot;1&quot;:2,&quot;2&quot;:0}},{&quot;1&quot;:0,&quot;2&quot;:0,&quot;3&quot;:3},{&quot;1&quot;:1,&quot;2&quot;:0,&quot;4&quot;:1}]},&quot;7&quot;:{&quot;1&quot;:[{&quot;1&quot;:2,&quot;2&quot;:0,&quot;5&quot;:{&quot;1&quot;:2,&quot;2&quot;:0}},{&quot;1&quot;:0,&quot;2&quot;:0,&quot;3&quot;:3},{&quot;1&quot;:1,&quot;2&quot;:0,&quot;4&quot;:1}]},&quot;8&quot;:{&quot;1&quot;:[{&quot;1&quot;:2,&quot;2&quot;:0,&quot;5&quot;:{&quot;1&quot;:2,&quot;2&quot;:0}},{&quot;1&quot;:0,&quot;2&quot;:0,&quot;3&quot;:3},{&quot;1&quot;:1,&quot;2&quot;:0,&quot;4&quot;:1}]},&quot;9&quot;:1,&quot;10&quot;:1,&quot;11&quot;:4,&quot;12&quot;:0,&quot;15&quot;:&quot;Calibri&quot;}\">Sophia Lara Grine<\/span><\/p>\n<p>&nbsp;<\/p>\n<p style=\"text-align: left;\"><strong>Intervenant.e.s<\/strong> : <span data-sheets-value=\"{&quot;1&quot;:2,&quot;2&quot;:&quot;Sophia est entrepreneure et laur\u00e9ate du programme Women Act de Empow'Her. Avec plus de 15 ans d'exp\u00e9riences en \u00e9tudes de march\u00e9 et marketing strat\u00e9gique, elle est fondatrice de Tontine RSE et a \u00e9t\u00e9 finaliste du Prix Impact Territoire en 2020.&quot;}\" data-sheets-userformat=\"{&quot;2&quot;:1053629,&quot;3&quot;:{&quot;1&quot;:0},&quot;5&quot;:{&quot;1&quot;:[{&quot;1&quot;:2,&quot;2&quot;:0,&quot;5&quot;:{&quot;1&quot;:2,&quot;2&quot;:0}},{&quot;1&quot;:0,&quot;2&quot;:0,&quot;3&quot;:3},{&quot;1&quot;:1,&quot;2&quot;:0,&quot;4&quot;:1}]},&quot;6&quot;:{&quot;1&quot;:[{&quot;1&quot;:2,&quot;2&quot;:0,&quot;5&quot;:{&quot;1&quot;:2,&quot;2&quot;:0}},{&quot;1&quot;:0,&quot;2&quot;:0,&quot;3&quot;:3},{&quot;1&quot;:1,&quot;2&quot;:0,&quot;4&quot;:1}]},&quot;7&quot;:{&quot;1&quot;:[{&quot;1&quot;:2,&quot;2&quot;:0,&quot;5&quot;:{&quot;1&quot;:2,&quot;2&quot;:0}},{&quot;1&quot;:0,&quot;2&quot;:0,&quot;3&quot;:3},{&quot;1&quot;:1,&quot;2&quot;:0,&quot;4&quot;:1}]},&quot;8&quot;:{&quot;1&quot;:[{&quot;1&quot;:2,&quot;2&quot;:0,&quot;5&quot;:{&quot;1&quot;:2,&quot;2&quot;:0}},{&quot;1&quot;:0,&quot;2&quot;:0,&quot;3&quot;:3},{&quot;1&quot;:1,&quot;2&quot;:0,&quot;4&quot;:1}]},&quot;10&quot;:1,&quot;11&quot;:4,&quot;12&quot;:0,&quot;15&quot;:&quot;Calibri&quot;,&quot;23&quot;:1}\" data-sheets-textstyleruns=\"{&quot;1&quot;:0}\uee10{&quot;1&quot;:177,&quot;2&quot;:{&quot;2&quot;:{&quot;1&quot;:2,&quot;2&quot;:1136076},&quot;9&quot;:1}}\uee10{&quot;1&quot;:188}\" data-sheets-hyperlinkruns=\"{&quot;1&quot;:177,&quot;2&quot;:&quot;https:\/\/tontine-rse.com\/&quot;}\uee10{&quot;1&quot;:188}\">Sophia est entrepreneure et laur\u00e9ate du programme Women Act de Empow&#8217;Her. Avec plus de 15 ans d&#8217;exp\u00e9riences en \u00e9tudes de march\u00e9 et marketing strat\u00e9gique, elle est fondatrice de <a class=\"in-cell-link\" href=\"https:\/\/tontine-rse.com\/\" target=\"_blank\" rel=\"noopener noreferrer\">Tontine RSE<\/a> et a \u00e9t\u00e9 finaliste du Prix Impact Territoire en 2020.<\/span><\/p>\n<p>&nbsp;<\/p>\n<p><strong>Son petit mot :<\/strong><em> Bravo pour oser l&#8217;aventure, ces premiers pas sont d\u00e9j\u00e0 preuve de ta force &#8211; au service de tes ambitions ! #WomenDare #GoForIt<\/em><\/p>\n<p>&nbsp;<\/p>\n<p style=\"text-align: left;\"><strong>Dur\u00e9e<\/strong> : 3h<\/p>\n<p>&nbsp;<\/p>\n<p>Ce projet est co-financ\u00e9 par le Fonds Social Europ\u00e9en.<\/p>\n<p><img decoding=\"async\" class=\"\" src=\"https:\/\/www.sep-asso.fr\/wp-content\/uploads\/2018\/02\/logo-union-europeenne.png\" alt=\"logo union europeenne \u2013 SEP\" width=\"87\" height=\"72\" \/> <img decoding=\"async\" class=\"alignnone wp-image-15218\" src=\"https:\/\/empow-her.com\/wp-content\/uploads\/2021\/06\/logo_fonds_social_europeen-300x187.png\" alt=\"\" width=\"104\" height=\"65\" srcset=\"https:\/\/empow-her.com\/wp-content\/uploads\/2021\/06\/logo_fonds_social_europeen-300x187.png 300w, https:\/\/empow-her.com\/wp-content\/uploads\/2021\/06\/logo_fonds_social_europeen-600x375.png 600w, https:\/\/empow-her.com\/wp-content\/uploads\/2021\/06\/logo_fonds_social_europeen-24x15.png 24w, https:\/\/empow-her.com\/wp-content\/uploads\/2021\/06\/logo_fonds_social_europeen-36x22.png 36w, https:\/\/empow-her.com\/wp-content\/uploads\/2021\/06\/logo_fonds_social_europeen-48x30.png 48w, https:\/\/empow-her.com\/wp-content\/uploads\/2021\/06\/logo_fonds_social_europeen.png 666w\" sizes=\"(max-width: 104px) 100vw, 104px\" \/>\u00a0 <img decoding=\"async\" class=\"\" src=\"https:\/\/franceactive-idf.org\/wp-content\/uploads\/2020\/02\/logo-region-ile-de-france.png\" alt=\"Logo Region Ile De France - France Active \u00cele-de-France\" width=\"126\" height=\"29\" \/><\/p>\n<p style=\"text-align: left;\">\n","protected":false},"featured_media":0,"template":"","format":"standard","meta":{"_acf_changed":false,"om_disable_all_campaigns":false,"_uf_show_specific_survey":0,"_uf_disable_surveys":false},"product_brand":[],"product_cat":[118],"product_tag":[],"lieu":[127],"thematiques":[],"class_list":{"0":"post-15690","1":"product","2":"type-product","3":"status-publish","4":"format-standard","6":"product_cat-atelier-collectif","7":"lieu-hub-empowher","9":"first","10":"instock","11":"virtual","12":"purchasable","13":"product-type-appointment"},"exclude_global_add_ons":[],"addons":[],"acf":[],"yoast_head":"<!-- This site is optimized with the Yoast SEO plugin v24.8 - https:\/\/yoast.com\/wordpress\/plugins\/seo\/ -->\n<title>Atelier - Se positionner sur le march\u00e9 et se diff\u00e9rencier - Empow&#039;Her<\/title>\n<meta name=\"robots\" content=\"index, follow, max-snippet:-1, max-image-preview:large, max-video-preview:-1\" \/>\n<link rel=\"canonical\" href=\"https:\/\/empow-her.com\/es\/produit\/atelier-se-positionner-sur-le-marche-et-se-differencier-2\/\" \/>\n<meta property=\"og:locale\" content=\"es_ES\" \/>\n<meta property=\"og:type\" content=\"article\" \/>\n<meta property=\"og:title\" content=\"Atelier - Se positionner sur le march\u00e9 et se diff\u00e9rencier - Empow&#039;Her\" \/>\n<meta property=\"og:description\" content=\"Son march\u00e9\u00a0? Sa segmentation\u00a0? Se diff\u00e9rencier de ses concurrents\u00a0? D\u00e9finir son offre\u00a0? Construire une strat\u00e9gie claire et efficace\u00a0?\u00a0Qu\u00e9saco\u00a0? Cet atelier vous accompagne sur la vision Marketing \u00ab classique \u00bb - en vous donnant les cl\u00e9s pour d\u00e9finir \/ d\u00e9marquer votre offre \u2013 et par ailleurs, vous initie aux sp\u00e9cificit\u00e9s du Marketing \u00ab responsable \u00bb et de la diff\u00e9rentiation par l\u2019impact !\u00a0 &nbsp; Par : Sophia Lara Grine &nbsp; Intervenant.e.s : Sophia est entrepreneure et laur\u00e9ate du programme Women Act de Empow&#039;Her. Avec plus de 15 ans d&#039;exp\u00e9riences en \u00e9tudes de march\u00e9 et marketing strat\u00e9gique, elle est fondatrice de Tontine RSE et a \u00e9t\u00e9 finaliste du Prix Impact Territoire en 2020. &nbsp;  Son petit mot : Bravo pour oser l&#039;aventure, ces premiers pas sont d\u00e9j\u00e0 preuve de ta force - au service de tes ambitions ! #WomenDare #GoForIt  &nbsp; Dur\u00e9e : 3h &nbsp;  Ce projet est co-financ\u00e9 par le Fonds Social Europ\u00e9en.   \u00a0\" \/>\n<meta property=\"og:url\" content=\"https:\/\/empow-her.com\/es\/produit\/atelier-se-positionner-sur-le-marche-et-se-differencier-2\/\" \/>\n<meta property=\"og:site_name\" content=\"Empow&#039;Her\" \/>\n<meta property=\"article:modified_time\" content=\"2021-07-12T12:54:24+00:00\" \/>\n<meta name=\"twitter:card\" content=\"summary_large_image\" \/>\n<script type=\"application\/ld+json\" class=\"yoast-schema-graph\">{\"@context\":\"https:\/\/schema.org\",\"@graph\":[{\"@type\":\"WebPage\",\"@id\":\"https:\/\/empow-her.com\/es\/produit\/atelier-se-positionner-sur-le-marche-et-se-differencier-2\/\",\"url\":\"https:\/\/empow-her.com\/es\/produit\/atelier-se-positionner-sur-le-marche-et-se-differencier-2\/\",\"name\":\"Atelier - Se positionner sur le march\u00e9 et se diff\u00e9rencier - Empow&#039;Her\",\"isPartOf\":{\"@id\":\"https:\/\/empow-her.com\/#website\"},\"datePublished\":\"2021-07-12T12:50:50+00:00\",\"dateModified\":\"2021-07-12T12:54:24+00:00\",\"breadcrumb\":{\"@id\":\"https:\/\/empow-her.com\/es\/produit\/atelier-se-positionner-sur-le-marche-et-se-differencier-2\/#breadcrumb\"},\"inLanguage\":\"es\",\"potentialAction\":[{\"@type\":\"ReadAction\",\"target\":[\"https:\/\/empow-her.com\/es\/produit\/atelier-se-positionner-sur-le-marche-et-se-differencier-2\/\"]}]},{\"@type\":\"BreadcrumbList\",\"@id\":\"https:\/\/empow-her.com\/es\/produit\/atelier-se-positionner-sur-le-marche-et-se-differencier-2\/#breadcrumb\",\"itemListElement\":[{\"@type\":\"ListItem\",\"position\":1,\"name\":\"Accueil\",\"item\":\"https:\/\/empow-her.com\/es\/inicio\/\"},{\"@type\":\"ListItem\",\"position\":2,\"name\":\"LA BOUTIQUE\",\"item\":\"https:\/\/empow-her.com\/boutique\/\"},{\"@type\":\"ListItem\",\"position\":3,\"name\":\"Atelier &#8211; Se positionner sur le march\u00e9 et se diff\u00e9rencier\"}]},{\"@type\":\"WebSite\",\"@id\":\"https:\/\/empow-her.com\/#website\",\"url\":\"https:\/\/empow-her.com\/\",\"name\":\"Empow&#039;Her\",\"description\":\"Women Development\",\"potentialAction\":[{\"@type\":\"SearchAction\",\"target\":{\"@type\":\"EntryPoint\",\"urlTemplate\":\"https:\/\/empow-her.com\/?s={search_term_string}\"},\"query-input\":{\"@type\":\"PropertyValueSpecification\",\"valueRequired\":true,\"valueName\":\"search_term_string\"}}],\"inLanguage\":\"es\"}]}<\/script>\n<!-- \/ Yoast SEO plugin. -->","yoast_head_json":{"title":"Atelier - Se positionner sur le march\u00e9 et se diff\u00e9rencier - Empow&#039;Her","robots":{"index":"index","follow":"follow","max-snippet":"max-snippet:-1","max-image-preview":"max-image-preview:large","max-video-preview":"max-video-preview:-1"},"canonical":"https:\/\/empow-her.com\/es\/produit\/atelier-se-positionner-sur-le-marche-et-se-differencier-2\/","og_locale":"es_ES","og_type":"article","og_title":"Atelier - Se positionner sur le march\u00e9 et se diff\u00e9rencier - Empow&#039;Her","og_description":"Son march\u00e9\u00a0? Sa segmentation\u00a0? Se diff\u00e9rencier de ses concurrents\u00a0? D\u00e9finir son offre\u00a0? Construire une strat\u00e9gie claire et efficace\u00a0?\u00a0Qu\u00e9saco\u00a0? Cet atelier vous accompagne sur la vision Marketing \u00ab classique \u00bb - en vous donnant les cl\u00e9s pour d\u00e9finir \/ d\u00e9marquer votre offre \u2013 et par ailleurs, vous initie aux sp\u00e9cificit\u00e9s du Marketing \u00ab responsable \u00bb et de la diff\u00e9rentiation par l\u2019impact !\u00a0 &nbsp; Par : Sophia Lara Grine &nbsp; Intervenant.e.s : Sophia est entrepreneure et laur\u00e9ate du programme Women Act de Empow'Her. Avec plus de 15 ans d'exp\u00e9riences en \u00e9tudes de march\u00e9 et marketing strat\u00e9gique, elle est fondatrice de Tontine RSE et a \u00e9t\u00e9 finaliste du Prix Impact Territoire en 2020. &nbsp;  Son petit mot : Bravo pour oser l'aventure, ces premiers pas sont d\u00e9j\u00e0 preuve de ta force - au service de tes ambitions ! #WomenDare #GoForIt  &nbsp; Dur\u00e9e : 3h &nbsp;  Ce projet est co-financ\u00e9 par le Fonds Social Europ\u00e9en.   \u00a0","og_url":"https:\/\/empow-her.com\/es\/produit\/atelier-se-positionner-sur-le-marche-et-se-differencier-2\/","og_site_name":"Empow&#039;Her","article_modified_time":"2021-07-12T12:54:24+00:00","twitter_card":"summary_large_image","schema":{"@context":"https:\/\/schema.org","@graph":[{"@type":"WebPage","@id":"https:\/\/empow-her.com\/es\/produit\/atelier-se-positionner-sur-le-marche-et-se-differencier-2\/","url":"https:\/\/empow-her.com\/es\/produit\/atelier-se-positionner-sur-le-marche-et-se-differencier-2\/","name":"Atelier - Se positionner sur le march\u00e9 et se diff\u00e9rencier - Empow&#039;Her","isPartOf":{"@id":"https:\/\/empow-her.com\/#website"},"datePublished":"2021-07-12T12:50:50+00:00","dateModified":"2021-07-12T12:54:24+00:00","breadcrumb":{"@id":"https:\/\/empow-her.com\/es\/produit\/atelier-se-positionner-sur-le-marche-et-se-differencier-2\/#breadcrumb"},"inLanguage":"es","potentialAction":[{"@type":"ReadAction","target":["https:\/\/empow-her.com\/es\/produit\/atelier-se-positionner-sur-le-marche-et-se-differencier-2\/"]}]},{"@type":"BreadcrumbList","@id":"https:\/\/empow-her.com\/es\/produit\/atelier-se-positionner-sur-le-marche-et-se-differencier-2\/#breadcrumb","itemListElement":[{"@type":"ListItem","position":1,"name":"Accueil","item":"https:\/\/empow-her.com\/es\/inicio\/"},{"@type":"ListItem","position":2,"name":"LA BOUTIQUE","item":"https:\/\/empow-her.com\/boutique\/"},{"@type":"ListItem","position":3,"name":"Atelier &#8211; Se positionner sur le march\u00e9 et se diff\u00e9rencier"}]},{"@type":"WebSite","@id":"https:\/\/empow-her.com\/#website","url":"https:\/\/empow-her.com\/","name":"Empow&#039;Her","description":"Women Development","potentialAction":[{"@type":"SearchAction","target":{"@type":"EntryPoint","urlTemplate":"https:\/\/empow-her.com\/?s={search_term_string}"},"query-input":{"@type":"PropertyValueSpecification","valueRequired":true,"valueName":"search_term_string"}}],"inLanguage":"es"}]}},"_links":{"self":[{"href":"https:\/\/empow-her.com\/es\/wp-json\/wp\/v2\/product\/15690","targetHints":{"allow":["GET"]}}],"collection":[{"href":"https:\/\/empow-her.com\/es\/wp-json\/wp\/v2\/product"}],"about":[{"href":"https:\/\/empow-her.com\/es\/wp-json\/wp\/v2\/types\/product"}],"wp:attachment":[{"href":"https:\/\/empow-her.com\/es\/wp-json\/wp\/v2\/media?parent=15690"}],"wp:term":[{"taxonomy":"product_brand","embeddable":true,"href":"https:\/\/empow-her.com\/es\/wp-json\/wp\/v2\/product_brand?post=15690"},{"taxonomy":"product_cat","embeddable":true,"href":"https:\/\/empow-her.com\/es\/wp-json\/wp\/v2\/product_cat?post=15690"},{"taxonomy":"product_tag","embeddable":true,"href":"https:\/\/empow-her.com\/es\/wp-json\/wp\/v2\/product_tag?post=15690"},{"taxonomy":"lieu","embeddable":true,"href":"https:\/\/empow-her.com\/es\/wp-json\/wp\/v2\/lieu?post=15690"},{"taxonomy":"thematiques","embeddable":true,"href":"https:\/\/empow-her.com\/es\/wp-json\/wp\/v2\/thematiques?post=15690"}],"curies":[{"name":"wp","href":"https:\/\/api.w.org\/{rel}","templated":true}]}}