{"id":152245,"date":"2023-03-29T11:37:53","date_gmt":"2023-03-29T09:37:53","guid":{"rendered":"https:\/\/empow-her.com\/?post_type=product&#038;p=152245"},"modified":"2023-04-18T17:30:24","modified_gmt":"2023-04-18T15:30:24","slug":"webinaire-formation-communication-digitale","status":"publish","type":"product","link":"https:\/\/empow-her.com\/es\/produit\/webinaire-formation-communication-digitale\/","title":{"rendered":"Webinaire &#8211; Formation communication digitale"},"content":{"rendered":"<p>KPMG vous invite a assister \u00e0 un webinaire de formation \u00e0 la c<strong>onstruction d&#8217;une strat\u00e9gie de communication digitale<\/strong> anim\u00e9es par un.e collaborateur.ice de la communication du cabinet de conseil.<\/p>\n<p>Cette formation touchera \u00e0 la d\u00e9finition des \u00e9tapes d&#8217;une strat\u00e9gie de communication digitale et abordera des <strong>notions cl\u00e9s pour trouver son positionnement et d\u00e9finir ses objectifs<\/strong> de communication adapt\u00e9s \u00e0 sa cible.<\/p>\n<div>\n<div class=\"x11i5rnm xat24cr x1mh8g0r x1vvkbs xdj266r\">\n<p><span class=\"x3nfvp2 x1j61x8r x1fcty0u xdj266r xhhsvwb xat24cr xgzva0m xxymvpz xlup9mm x1kky2od\"><b data-stringify-type=\"bold\">Infos pratiques :<\/b><\/span><\/p>\n<div>\n<div class=\"x11i5rnm xat24cr x1mh8g0r x1vvkbs xdj266r\">\n<p><span class=\"fxk3tzhb b2rh1bv3 gh55jysx m8h3af8h ewco64xe kjdc1dyq ms56khn7 bq6c9xl4 eohcrkr5 akh3l2rg\"><img decoding=\"async\" src=\"https:\/\/static.xx.fbcdn.net\/images\/emoji.php\/v9\/td7\/1.5\/16\/1f4c5.png\" alt=\"&#x1f4c5;\" width=\"16\" height=\"16\" \/><\/span>\u00a0Le webinaire se d\u00e9roulera le\u00a0<strong>vendredi 21 avril<\/strong> de 9h30 \u00e0 11h30.<\/p>\n<\/div>\n<\/div>\n<div class=\"l7ghb35v kjdc1dyq kmwttqpk gh25dzvf jikcssrz\"><span class=\"x3nfvp2 x1j61x8r x1fcty0u xdj266r xhhsvwb xat24cr xgzva0m xxymvpz xlup9mm x1kky2od\"><span class=\"x1xsqp64 xiy17q3 x1o6pynw x19co3pv xdj266r xcwd3tp xat24cr x39eecv x2b8uid\" data-testid=\"emoji\"><span class=\"xexx8yu xn5pp95 x18d9i69 x2fxd7x x1yqt14a x1bhl96m\">&#x23f1;\u00a0<\/span><\/span>Dur\u00e9e : 2 heures<br \/>\n<\/span><\/div>\n<div><\/div>\n<div class=\"l7ghb35v kjdc1dyq kmwttqpk gh25dzvf jikcssrz\"><span class=\"x3nfvp2 x1j61x8r x1fcty0u xdj266r xhhsvwb xat24cr xgzva0m xxymvpz xlup9mm x1kky2od\"><span class=\"x1xsqp64 xiy17q3 x1o6pynw x19co3pv xdj266r xcwd3tp xat24cr x39eecv x2b8uid\" data-testid=\"emoji\"><span class=\"xexx8yu xn5pp95 x18d9i69 x2fxd7x x1yqt14a x1bhl96m\">&#x1f4cd;\u00a0<\/span><\/span>En ligne : Le lien de connexion Teams vous sera envoy\u00e9 suite \u00e0 l\u2019inscription \u00e0 l\u2019\u00e9v\u00e9nement.<\/span><\/div>\n<\/div>\n<\/div>\n<div><\/div>\n<div class=\"l7ghb35v kjdc1dyq kmwttqpk gh25dzvf jikcssrz\">A tr\u00e8s vite !\u00a0<span class=\"fxk3tzhb b2rh1bv3 gh55jysx m8h3af8h ewco64xe kjdc1dyq ms56khn7 bq6c9xl4 eohcrkr5 akh3l2rg\"><img decoding=\"async\" src=\"https:\/\/static.xx.fbcdn.net\/images\/emoji.php\/v9\/t56\/1.5\/16\/1f64c.png\" alt=\"&#x1f64c;\" width=\"16\" height=\"16\" \/><\/span><\/div>\n<p>&nbsp;<\/p>\n<p>&nbsp;<\/p>\n","protected":false},"excerpt":{"rendered":"<p>KPMG vous invite a assister \u00e0 un webinaire de formation \u00e0 la <strong>construction d&#8217;une strat\u00e9gie de communication digitale<\/strong> anim\u00e9es par un.e collaborateur.ice de la communication du cabinet de conseil. <span class=\"x1xsqp64 xiy17q3 x1o6pynw x19co3pv xdj266r xcwd3tp xat24cr x39eecv x2b8uid\" data-testid=\"emoji\"><span class=\"xexx8yu xn5pp95 x18d9i69 x2fxd7x x1yqt14a x1bhl96m\">&#x1f680;<\/span><\/span><\/p>\n<p>Cette formation touchera \u00e0 la d\u00e9finition des \u00e9tapes d&#8217;une strat\u00e9gie de communication digitale et abordera des <strong>notions cl\u00e9s pour trouver son positionnement et d\u00e9finir ses objectifs<\/strong> de communication adapt\u00e9s \u00e0 sa cible. <span class=\"x1xsqp64 xiy17q3 x1o6pynw x19co3pv xdj266r xcwd3tp xat24cr x39eecv x2b8uid\" data-testid=\"emoji\"><span class=\"xexx8yu xn5pp95 x18d9i69 x2fxd7x x1yqt14a x1bhl96m\">&#x1f3af;<\/span><\/span><\/p>\n<div>\n<div class=\"x11i5rnm xat24cr x1mh8g0r x1vvkbs xdj266r\">\n<p><span class=\"x3nfvp2 x1j61x8r x1fcty0u xdj266r xhhsvwb xat24cr xgzva0m xxymvpz xlup9mm x1kky2od\"><b data-stringify-type=\"bold\">Infos pratiques :<\/b><\/span><\/p>\n<div>\n<div class=\"x11i5rnm xat24cr x1mh8g0r x1vvkbs xdj266r\">\n<p><span class=\"fxk3tzhb b2rh1bv3 gh55jysx m8h3af8h ewco64xe kjdc1dyq ms56khn7 bq6c9xl4 eohcrkr5 akh3l2rg\"><img decoding=\"async\" src=\"https:\/\/static.xx.fbcdn.net\/images\/emoji.php\/v9\/td7\/1.5\/16\/1f4c5.png\" alt=\"&#x1f4c5;\" width=\"16\" height=\"16\" \/><\/span>\u00a0Le webinaire se d\u00e9roulera le\u00a0<strong>vendredi 21 avril<\/strong> de 9h30 \u00e0 11h30.<\/p>\n<\/div>\n<\/div>\n<div class=\"l7ghb35v kjdc1dyq kmwttqpk gh25dzvf jikcssrz\"><span class=\"x3nfvp2 x1j61x8r x1fcty0u xdj266r xhhsvwb xat24cr xgzva0m xxymvpz xlup9mm x1kky2od\"><span class=\"x1xsqp64 xiy17q3 x1o6pynw x19co3pv xdj266r xcwd3tp xat24cr x39eecv x2b8uid\" data-testid=\"emoji\"><span class=\"xexx8yu xn5pp95 x18d9i69 x2fxd7x x1yqt14a x1bhl96m\">&#x23f1;\u00a0<\/span><\/span>Dur\u00e9e : 2 heures<br \/>\n<\/span><\/div>\n<div><\/div>\n<div class=\"l7ghb35v kjdc1dyq kmwttqpk gh25dzvf jikcssrz\"><span class=\"x3nfvp2 x1j61x8r x1fcty0u xdj266r xhhsvwb xat24cr xgzva0m xxymvpz xlup9mm x1kky2od\"><span class=\"x1xsqp64 xiy17q3 x1o6pynw x19co3pv xdj266r xcwd3tp xat24cr x39eecv x2b8uid\" data-testid=\"emoji\"><span class=\"xexx8yu xn5pp95 x18d9i69 x2fxd7x x1yqt14a x1bhl96m\">&#x1f4cd;\u00a0<\/span><\/span>En ligne : Le lien de connexion Teams vous sera envoy\u00e9 suite \u00e0 l\u2019inscription \u00e0 l\u2019\u00e9v\u00e9nement.<\/span><\/div>\n<\/div>\n<\/div>\n<div><\/div>\n<div class=\"l7ghb35v kjdc1dyq kmwttqpk gh25dzvf jikcssrz\">A tr\u00e8s vite !\u00a0<span class=\"fxk3tzhb b2rh1bv3 gh55jysx m8h3af8h ewco64xe kjdc1dyq ms56khn7 bq6c9xl4 eohcrkr5 akh3l2rg\"><img decoding=\"async\" src=\"https:\/\/static.xx.fbcdn.net\/images\/emoji.php\/v9\/t56\/1.5\/16\/1f64c.png\" alt=\"&#x1f64c;\" width=\"16\" height=\"16\" \/><\/span><\/div>\n<p>&nbsp;<\/p>\n<p>&nbsp;<\/p>\n","protected":false},"featured_media":152246,"template":"","format":"standard","meta":{"_acf_changed":false,"om_disable_all_campaigns":false,"_uf_show_specific_survey":0,"_uf_disable_surveys":false},"product_brand":[],"product_cat":[118],"product_tag":[143],"lieu":[],"thematiques":[],"class_list":{"0":"post-152245","1":"product","2":"type-product","3":"status-publish","4":"format-standard","5":"has-post-thumbnail","7":"product_cat-atelier-collectif","8":"product_tag-en-ligne","10":"first","11":"instock","12":"virtual","13":"purchasable","14":"product-type-appointment"},"exclude_global_add_ons":[],"addons":[],"acf":[],"yoast_head":"<!-- This site is optimized with the Yoast SEO plugin v24.8 - https:\/\/yoast.com\/wordpress\/plugins\/seo\/ -->\n<title>Webinaire - Formation communication digitale - Empow&#039;Her<\/title>\n<meta name=\"robots\" content=\"index, follow, max-snippet:-1, max-image-preview:large, max-video-preview:-1\" \/>\n<link rel=\"canonical\" href=\"https:\/\/empow-her.com\/produit\/webinaire-formation-communication-digitale\/\" \/>\n<meta property=\"og:locale\" content=\"es_ES\" \/>\n<meta property=\"og:type\" content=\"article\" \/>\n<meta property=\"og:title\" content=\"Webinaire - Formation communication digitale - Empow&#039;Her\" \/>\n<meta property=\"og:description\" content=\"KPMG vous invite a assister \u00e0 un webinaire de formation \u00e0 la construction d&#039;une strat\u00e9gie de communication digitale anim\u00e9es par un.e collaborateur.ice de la communication du cabinet de conseil. &#x1f680;  Cette formation touchera \u00e0 la d\u00e9finition des \u00e9tapes d&#039;une strat\u00e9gie de communication digitale et abordera des notions cl\u00e9s pour trouver son positionnement et d\u00e9finir ses objectifs de communication adapt\u00e9s \u00e0 sa cible. &#x1f3af;    Infos pratiques :    \u00a0Le webinaire se d\u00e9roulera le\u00a0vendredi 21 avril de 9h30 \u00e0 11h30.    &#x23f1;\u00a0Dur\u00e9e : 2 heures   &#x1f4cd;\u00a0En ligne : Le lien de connexion Teams vous sera envoy\u00e9 suite \u00e0 l\u2019inscription \u00e0 l\u2019\u00e9v\u00e9nement.    A tr\u00e8s vite !\u00a0 &nbsp;  &nbsp;\" \/>\n<meta property=\"og:url\" content=\"https:\/\/empow-her.com\/produit\/webinaire-formation-communication-digitale\/\" \/>\n<meta property=\"og:site_name\" content=\"Empow&#039;Her\" \/>\n<meta property=\"article:modified_time\" content=\"2023-04-18T15:30:24+00:00\" \/>\n<meta property=\"og:image\" content=\"https:\/\/empow-her.com\/wp-content\/uploads\/2023\/03\/Women-Dare-templates-events-2023-03-29T113620.308.png\" \/>\n\t<meta property=\"og:image:width\" content=\"1080\" \/>\n\t<meta property=\"og:image:height\" content=\"1080\" \/>\n\t<meta property=\"og:image:type\" content=\"image\/png\" \/>\n<meta name=\"twitter:card\" content=\"summary_large_image\" \/>\n<meta name=\"twitter:label1\" content=\"Tiempo de lectura\" \/>\n\t<meta name=\"twitter:data1\" content=\"1 minuto\" \/>\n<script type=\"application\/ld+json\" class=\"yoast-schema-graph\">{\"@context\":\"https:\/\/schema.org\",\"@graph\":[{\"@type\":\"WebPage\",\"@id\":\"https:\/\/empow-her.com\/produit\/webinaire-formation-communication-digitale\/\",\"url\":\"https:\/\/empow-her.com\/produit\/webinaire-formation-communication-digitale\/\",\"name\":\"Webinaire - Formation communication digitale - Empow&#039;Her\",\"isPartOf\":{\"@id\":\"https:\/\/empow-her.com\/#website\"},\"primaryImageOfPage\":{\"@id\":\"https:\/\/empow-her.com\/produit\/webinaire-formation-communication-digitale\/#primaryimage\"},\"image\":{\"@id\":\"https:\/\/empow-her.com\/produit\/webinaire-formation-communication-digitale\/#primaryimage\"},\"thumbnailUrl\":\"https:\/\/empow-her.com\/wp-content\/uploads\/2023\/03\/Women-Dare-templates-events-2023-03-29T113620.308.png\",\"datePublished\":\"2023-03-29T09:37:53+00:00\",\"dateModified\":\"2023-04-18T15:30:24+00:00\",\"breadcrumb\":{\"@id\":\"https:\/\/empow-her.com\/produit\/webinaire-formation-communication-digitale\/#breadcrumb\"},\"inLanguage\":\"es\",\"potentialAction\":[{\"@type\":\"ReadAction\",\"target\":[\"https:\/\/empow-her.com\/produit\/webinaire-formation-communication-digitale\/\"]}]},{\"@type\":\"ImageObject\",\"inLanguage\":\"es\",\"@id\":\"https:\/\/empow-her.com\/produit\/webinaire-formation-communication-digitale\/#primaryimage\",\"url\":\"https:\/\/empow-her.com\/wp-content\/uploads\/2023\/03\/Women-Dare-templates-events-2023-03-29T113620.308.png\",\"contentUrl\":\"https:\/\/empow-her.com\/wp-content\/uploads\/2023\/03\/Women-Dare-templates-events-2023-03-29T113620.308.png\",\"width\":1080,\"height\":1080},{\"@type\":\"BreadcrumbList\",\"@id\":\"https:\/\/empow-her.com\/produit\/webinaire-formation-communication-digitale\/#breadcrumb\",\"itemListElement\":[{\"@type\":\"ListItem\",\"position\":1,\"name\":\"Accueil\",\"item\":\"https:\/\/empow-her.com\/es\/inicio\/\"},{\"@type\":\"ListItem\",\"position\":2,\"name\":\"LA BOUTIQUE\",\"item\":\"https:\/\/empow-her.com\/boutique\/\"},{\"@type\":\"ListItem\",\"position\":3,\"name\":\"Webinaire &#8211; Formation communication digitale\"}]},{\"@type\":\"WebSite\",\"@id\":\"https:\/\/empow-her.com\/#website\",\"url\":\"https:\/\/empow-her.com\/\",\"name\":\"Empow&#039;Her\",\"description\":\"Women Development\",\"potentialAction\":[{\"@type\":\"SearchAction\",\"target\":{\"@type\":\"EntryPoint\",\"urlTemplate\":\"https:\/\/empow-her.com\/?s={search_term_string}\"},\"query-input\":{\"@type\":\"PropertyValueSpecification\",\"valueRequired\":true,\"valueName\":\"search_term_string\"}}],\"inLanguage\":\"es\"}]}<\/script>\n<!-- \/ Yoast SEO plugin. -->","yoast_head_json":{"title":"Webinaire - Formation communication digitale - Empow&#039;Her","robots":{"index":"index","follow":"follow","max-snippet":"max-snippet:-1","max-image-preview":"max-image-preview:large","max-video-preview":"max-video-preview:-1"},"canonical":"https:\/\/empow-her.com\/produit\/webinaire-formation-communication-digitale\/","og_locale":"es_ES","og_type":"article","og_title":"Webinaire - Formation communication digitale - Empow&#039;Her","og_description":"KPMG vous invite a assister \u00e0 un webinaire de formation \u00e0 la construction d'une strat\u00e9gie de communication digitale anim\u00e9es par un.e collaborateur.ice de la communication du cabinet de conseil. &#x1f680;  Cette formation touchera \u00e0 la d\u00e9finition des \u00e9tapes d'une strat\u00e9gie de communication digitale et abordera des notions cl\u00e9s pour trouver son positionnement et d\u00e9finir ses objectifs de communication adapt\u00e9s \u00e0 sa cible. &#x1f3af;    Infos pratiques :    \u00a0Le webinaire se d\u00e9roulera le\u00a0vendredi 21 avril de 9h30 \u00e0 11h30.    &#x23f1;\u00a0Dur\u00e9e : 2 heures   &#x1f4cd;\u00a0En ligne : Le lien de connexion Teams vous sera envoy\u00e9 suite \u00e0 l\u2019inscription \u00e0 l\u2019\u00e9v\u00e9nement.    A tr\u00e8s vite !\u00a0 &nbsp;  &nbsp;","og_url":"https:\/\/empow-her.com\/produit\/webinaire-formation-communication-digitale\/","og_site_name":"Empow&#039;Her","article_modified_time":"2023-04-18T15:30:24+00:00","og_image":[{"width":1080,"height":1080,"url":"https:\/\/empow-her.com\/wp-content\/uploads\/2023\/03\/Women-Dare-templates-events-2023-03-29T113620.308.png","type":"image\/png"}],"twitter_card":"summary_large_image","twitter_misc":{"Tiempo de lectura":"1 minuto"},"schema":{"@context":"https:\/\/schema.org","@graph":[{"@type":"WebPage","@id":"https:\/\/empow-her.com\/produit\/webinaire-formation-communication-digitale\/","url":"https:\/\/empow-her.com\/produit\/webinaire-formation-communication-digitale\/","name":"Webinaire - Formation communication digitale - Empow&#039;Her","isPartOf":{"@id":"https:\/\/empow-her.com\/#website"},"primaryImageOfPage":{"@id":"https:\/\/empow-her.com\/produit\/webinaire-formation-communication-digitale\/#primaryimage"},"image":{"@id":"https:\/\/empow-her.com\/produit\/webinaire-formation-communication-digitale\/#primaryimage"},"thumbnailUrl":"https:\/\/empow-her.com\/wp-content\/uploads\/2023\/03\/Women-Dare-templates-events-2023-03-29T113620.308.png","datePublished":"2023-03-29T09:37:53+00:00","dateModified":"2023-04-18T15:30:24+00:00","breadcrumb":{"@id":"https:\/\/empow-her.com\/produit\/webinaire-formation-communication-digitale\/#breadcrumb"},"inLanguage":"es","potentialAction":[{"@type":"ReadAction","target":["https:\/\/empow-her.com\/produit\/webinaire-formation-communication-digitale\/"]}]},{"@type":"ImageObject","inLanguage":"es","@id":"https:\/\/empow-her.com\/produit\/webinaire-formation-communication-digitale\/#primaryimage","url":"https:\/\/empow-her.com\/wp-content\/uploads\/2023\/03\/Women-Dare-templates-events-2023-03-29T113620.308.png","contentUrl":"https:\/\/empow-her.com\/wp-content\/uploads\/2023\/03\/Women-Dare-templates-events-2023-03-29T113620.308.png","width":1080,"height":1080},{"@type":"BreadcrumbList","@id":"https:\/\/empow-her.com\/produit\/webinaire-formation-communication-digitale\/#breadcrumb","itemListElement":[{"@type":"ListItem","position":1,"name":"Accueil","item":"https:\/\/empow-her.com\/es\/inicio\/"},{"@type":"ListItem","position":2,"name":"LA BOUTIQUE","item":"https:\/\/empow-her.com\/boutique\/"},{"@type":"ListItem","position":3,"name":"Webinaire &#8211; Formation communication digitale"}]},{"@type":"WebSite","@id":"https:\/\/empow-her.com\/#website","url":"https:\/\/empow-her.com\/","name":"Empow&#039;Her","description":"Women Development","potentialAction":[{"@type":"SearchAction","target":{"@type":"EntryPoint","urlTemplate":"https:\/\/empow-her.com\/?s={search_term_string}"},"query-input":{"@type":"PropertyValueSpecification","valueRequired":true,"valueName":"search_term_string"}}],"inLanguage":"es"}]}},"_links":{"self":[{"href":"https:\/\/empow-her.com\/es\/wp-json\/wp\/v2\/product\/152245","targetHints":{"allow":["GET"]}}],"collection":[{"href":"https:\/\/empow-her.com\/es\/wp-json\/wp\/v2\/product"}],"about":[{"href":"https:\/\/empow-her.com\/es\/wp-json\/wp\/v2\/types\/product"}],"wp:featuredmedia":[{"embeddable":true,"href":"https:\/\/empow-her.com\/es\/wp-json\/wp\/v2\/media\/152246"}],"wp:attachment":[{"href":"https:\/\/empow-her.com\/es\/wp-json\/wp\/v2\/media?parent=152245"}],"wp:term":[{"taxonomy":"product_brand","embeddable":true,"href":"https:\/\/empow-her.com\/es\/wp-json\/wp\/v2\/product_brand?post=152245"},{"taxonomy":"product_cat","embeddable":true,"href":"https:\/\/empow-her.com\/es\/wp-json\/wp\/v2\/product_cat?post=152245"},{"taxonomy":"product_tag","embeddable":true,"href":"https:\/\/empow-her.com\/es\/wp-json\/wp\/v2\/product_tag?post=152245"},{"taxonomy":"lieu","embeddable":true,"href":"https:\/\/empow-her.com\/es\/wp-json\/wp\/v2\/lieu?post=152245"},{"taxonomy":"thematiques","embeddable":true,"href":"https:\/\/empow-her.com\/es\/wp-json\/wp\/v2\/thematiques?post=152245"}],"curies":[{"name":"wp","href":"https:\/\/api.w.org\/{rel}","templated":true}]}}