{"id":151914,"date":"2023-03-28T14:42:55","date_gmt":"2023-03-28T12:42:55","guid":{"rendered":"https:\/\/empow-her.com\/?post_type=product&#038;p=151914"},"modified":"2023-03-28T14:46:34","modified_gmt":"2023-03-28T12:46:34","slug":"new-coaching-mieux-vivre-mes-emotions-2","status":"publish","type":"product","link":"https:\/\/empow-her.com\/es\/produit\/new-coaching-mieux-vivre-mes-emotions-2\/","title":{"rendered":"NEW &#8211; Coaching &#8211; Mieux vivre mes \u00e9motions"},"content":{"rendered":"","protected":false},"excerpt":{"rendered":"<p><span data-sheets-value=\"{&quot;1&quot;:2,&quot;2&quot;:&quot;Description : nnPr\u00e9-requis : nnIntervenant.e : nnSon super pouvoir : nnSon petit mot : &quot;}\" data-sheets-userformat=\"{&quot;2&quot;:641,&quot;3&quot;:{&quot;1&quot;:0},&quot;10&quot;:1,&quot;12&quot;:0}\"><strong>Description :<\/strong>\u00a0<\/span><\/p>\n<p>Besoin : \u00ab j&#8217;aimerais d\u00e9passer mes craintes, mes peurs, mon stress, mes doutes, mes frustrations, mes d\u00e9couragements ou mes d\u00e9ceptions pour agir plus sereinement sur mon projet. \u00bb<\/p>\n<p>Objectif : si cette phrase r\u00e9sonne alors cette permanence pourra vous donner des cl\u00e9s pour mieux comprendre vos \u00e9motions actuelles et en faire des leviers d&#8217;action pour votre projet. L&#8217;aventure entrepreneuriale est un v\u00e9ritable ascenseur \u00e9motionnel et cela peut \u00eatre \u00e9prouvant. Ce n&#8217;est pas tant nos \u00e9motions qui sont le probl\u00e8me mais la mauvaise relation que nous pouvons entretenir avec elles. Nos \u00e9motions, m\u00eame d\u00e9sagr\u00e9ables, sont une v\u00e9ritable source d&#8217;information, de r\u00e9flexion et d&#8217;actions. Le v\u00e9ritable enjeu est d&#8217;apprendre \u00e0 les d\u00e9crypter pour avancer avec sens et lucidit\u00e9.<\/p>\n<p>Cette permanence vous donne un espace-temps sur mesure pour :<\/p>\n<p>\u2022 Mieux comprendre votre \u00e9tat \u00e9motionnel du moment<\/p>\n<p>\u2022 R\u00e9guler les \u00e9motions d\u00e9sagr\u00e9ables si besoin<\/p>\n<p>\u2022 Vous (re)connecter \u00e0 ce qui vous met en joie et vous ressource<\/p>\n<p>\u2022 Faire de vos \u00e9motions des boussoles pour agir concr\u00e8tement sur votre projet<\/p>\n<p><strong>Pr\u00e9-requis<\/strong>\u00a0: Aucun<\/p>\n<p><strong>Intervenant.e<\/strong>\u00a0<strong>: C\u00e9cile Petit\u00a0<\/strong><\/p>\n<p>J&#8217;ai cette intime conviction : une vie professionnelle \u00e9panouissante s&#8217;appuie sur la qualit\u00e9 de notre relation \u00e0 nous-m\u00eames, aux autres et \u00e0 notre environnement et sur la qualit\u00e9 de notre pr\u00e9sence ici et maintenant.<br \/>\nPsychologue du travail, coach professionnelle et m\u00e9diatrice, j&#8217;ai co-fond\u00e9 l\u2019Agence Bulles avec ma s\u0153ur-associ\u00e9e Sophie.<\/p>\n<p>Chez Bulles, nous sommes convaincues qu&#8217;il est essentiel de s\u2019accorder de l\u2019espace et du temps afin d\u2019apprendre \u00e0 mieux s\u2019\u00e9couter, se conna\u00eetre et se comprendre. Nous cr\u00e9ons des espaces-temps sur mesure \u2013 en individuel et en collectif \u2013 pour accompagner \u00e0 mieux \u00eatre, interagir et agir dans sa vie professionnelle. Des \u00ab bulles \u00bb d\u2019\u00e9coute, de dialogue et d\u2019expression de soi pour prendre confiance, se mettre en action avec coh\u00e9rence et se d\u00e9ployer avec audace dans ses projets porteurs de sens.<\/p>\n<p>V\u00e9ritablement passionn\u00e9e par les dynamiques humaines au travail, je m&#8217;int\u00e9resse notamment au d\u00e9veloppement de nos comp\u00e9tences \u00e9motionnelles et relationnelles. C&#8217;est avec joie que j&#8217;accompagnerai sur ces th\u00e9matiques !<\/p>\n<p><span data-sheets-value=\"{&quot;1&quot;:2,&quot;2&quot;:&quot;Description : nnPr\u00e9-requis : nnIntervenant.e : nnSon super pouvoir : nnSon petit mot : &quot;}\" data-sheets-userformat=\"{&quot;2&quot;:641,&quot;3&quot;:{&quot;1&quot;:0},&quot;10&quot;:1,&quot;12&quot;:0}\"><strong>Son super pouvoir :<\/strong> Co-d\u00e9tective priv\u00e9e aupr\u00e8s de mes accompagn\u00e9.e.s. gr\u00e2ce \u00e0 l&#8217;art du dialogue<\/span><\/p>\n<p><strong>Son petit mot :<\/strong> L&#8217;aventure entrepreneuriale est une v\u00e9ritable exp\u00e9rience \u00e9motionnelle. Alors appuyons-nous du mieux possible sur ce qui nous met en joie. Cela nous encourage \u00e0 mettre du c\u0153ur \u00e0 l&#8217;ouvrage et \u00e0 \u0153uvrer avec c\u0153ur au sein de notre \u00e9cosyst\u00e8me !<\/p>\n<p><strong>Dur\u00e9e<\/strong>\u00a0: U<span data-sheets-value=\"{&quot;1&quot;:2,&quot;2&quot;:&quot;Permanence de 4h avec un cr\u00e9neau de 1h par participante (+ 15 minutes entre chaque)&quot;}\" data-sheets-userformat=\"{&quot;2&quot;:7167,&quot;3&quot;:{&quot;1&quot;:0},&quot;4&quot;:{&quot;1&quot;:2,&quot;2&quot;:16777215},&quot;5&quot;:{&quot;1&quot;:[{&quot;1&quot;:2,&quot;2&quot;:0,&quot;5&quot;:{&quot;1&quot;:2,&quot;2&quot;:0}},{&quot;1&quot;:0,&quot;2&quot;:0,&quot;3&quot;:3},{&quot;1&quot;:1,&quot;2&quot;:0,&quot;4&quot;:1}]},&quot;6&quot;:{&quot;1&quot;:[{&quot;1&quot;:2,&quot;2&quot;:0,&quot;5&quot;:{&quot;1&quot;:2,&quot;2&quot;:0}},{&quot;1&quot;:0,&quot;2&quot;:0,&quot;3&quot;:3},{&quot;1&quot;:1,&quot;2&quot;:0,&quot;4&quot;:1}]},&quot;7&quot;:{&quot;1&quot;:[{&quot;1&quot;:2,&quot;2&quot;:0,&quot;5&quot;:{&quot;1&quot;:2,&quot;2&quot;:0}},{&quot;1&quot;:0,&quot;2&quot;:0,&quot;3&quot;:3},{&quot;1&quot;:1,&quot;2&quot;:0,&quot;4&quot;:1}]},&quot;8&quot;:{&quot;1&quot;:[{&quot;1&quot;:2,&quot;2&quot;:0,&quot;5&quot;:{&quot;1&quot;:2,&quot;2&quot;:0}},{&quot;1&quot;:0,&quot;2&quot;:0,&quot;3&quot;:3},{&quot;1&quot;:1,&quot;2&quot;:0,&quot;4&quot;:1}]},&quot;9&quot;:0,&quot;10&quot;:1,&quot;11&quot;:4,&quot;12&quot;:0,&quot;14&quot;:{&quot;1&quot;:2,&quot;2&quot;:0},&quot;15&quot;:&quot;Calibri&quot;}\">n cr\u00e9neau de 1h en individuel<\/span><\/p>\n<p><span data-sheets-value=\"{&quot;1&quot;:2,&quot;2&quot;:&quot;Attention ! \u00a0Veuillez vous pr\u00e9sentez \u00e0 l'heure pour que l'activit\u00e9 puisse commencer \u00e0 temps. Si vous avez du retard veuillez pr\u00e9venir l'intervenant.e. Si vous avez plus de 15 min de retard l'intervenant.e se r\u00e9serve le droit de plus vous accepter pour le coaching ou l'atelier.\u00a0&quot;}\" data-sheets-userformat=\"{&quot;2&quot;:641,&quot;3&quot;:{&quot;1&quot;:0},&quot;10&quot;:1,&quot;12&quot;:0}\"><strong>Attention !<\/strong> \u00a0Veuillez vous pr\u00e9senter \u00e0 l\u2019heure pour que l\u2019activit\u00e9 puisse commencer \u00e0 temps. Si vous avez du retard veuillez pr\u00e9venir l\u2019intervenant.e. Si vous avez plus de 15 min de retard l\u2019intervenant.e se r\u00e9serve le droit de ne plus vous accepter pour le coaching ou l\u2019atelier.\u00a0<\/span><\/p>\n","protected":false},"featured_media":151915,"template":"","format":"standard","meta":{"_acf_changed":false,"om_disable_all_campaigns":false,"_uf_show_specific_survey":0,"_uf_disable_surveys":false},"product_brand":[],"product_cat":[121],"product_tag":[],"lieu":[127],"thematiques":[],"class_list":{"0":"post-151914","1":"product","2":"type-product","3":"status-publish","4":"format-standard","5":"has-post-thumbnail","7":"product_cat-coaching","8":"lieu-hub-empowher","10":"first","11":"instock","12":"virtual","13":"purchasable","14":"product-type-appointment"},"exclude_global_add_ons":[],"addons":[],"acf":[],"yoast_head":"<!-- This site is optimized with the Yoast SEO plugin v24.8 - https:\/\/yoast.com\/wordpress\/plugins\/seo\/ -->\n<title>NEW - Coaching - Mieux vivre mes \u00e9motions - Empow&#039;Her<\/title>\n<meta name=\"robots\" content=\"index, follow, max-snippet:-1, max-image-preview:large, max-video-preview:-1\" \/>\n<link rel=\"canonical\" href=\"https:\/\/empow-her.com\/produit\/new-coaching-mieux-vivre-mes-emotions-2\/\" \/>\n<meta property=\"og:locale\" content=\"es_ES\" \/>\n<meta property=\"og:type\" content=\"article\" \/>\n<meta property=\"og:title\" content=\"NEW - Coaching - Mieux vivre mes \u00e9motions - Empow&#039;Her\" \/>\n<meta property=\"og:description\" content=\"Description :\u00a0  Besoin : \u00ab j&#039;aimerais d\u00e9passer mes craintes, mes peurs, mon stress, mes doutes, mes frustrations, mes d\u00e9couragements ou mes d\u00e9ceptions pour agir plus sereinement sur mon projet. \u00bb  Objectif : si cette phrase r\u00e9sonne alors cette permanence pourra vous donner des cl\u00e9s pour mieux comprendre vos \u00e9motions actuelles et en faire des leviers d&#039;action pour votre projet. L&#039;aventure entrepreneuriale est un v\u00e9ritable ascenseur \u00e9motionnel et cela peut \u00eatre \u00e9prouvant. Ce n&#039;est pas tant nos \u00e9motions qui sont le probl\u00e8me mais la mauvaise relation que nous pouvons entretenir avec elles. Nos \u00e9motions, m\u00eame d\u00e9sagr\u00e9ables, sont une v\u00e9ritable source d&#039;information, de r\u00e9flexion et d&#039;actions. Le v\u00e9ritable enjeu est d&#039;apprendre \u00e0 les d\u00e9crypter pour avancer avec sens et lucidit\u00e9.  Cette permanence vous donne un espace-temps sur mesure pour :  \u2022 Mieux comprendre votre \u00e9tat \u00e9motionnel du moment  \u2022 R\u00e9guler les \u00e9motions d\u00e9sagr\u00e9ables si besoin  \u2022 Vous (re)connecter \u00e0 ce qui vous met en joie et vous ressource  \u2022 Faire de vos \u00e9motions des boussoles pour agir concr\u00e8tement sur votre projet  Pr\u00e9-requis\u00a0: Aucun  Intervenant.e\u00a0: C\u00e9cile Petit\u00a0  J&#039;ai cette intime conviction : une vie professionnelle \u00e9panouissante s&#039;appuie sur la qualit\u00e9 de notre relation \u00e0 nous-m\u00eames, aux autres et \u00e0 notre environnement et sur la qualit\u00e9 de notre pr\u00e9sence ici et maintenant. Psychologue du travail, coach professionnelle et m\u00e9diatrice, j&#039;ai co-fond\u00e9 l\u2019Agence Bulles avec ma s\u0153ur-associ\u00e9e Sophie.  Chez Bulles, nous sommes convaincues qu&#039;il est essentiel de s\u2019accorder de l\u2019espace et du temps afin d\u2019apprendre \u00e0 mieux s\u2019\u00e9couter, se conna\u00eetre et se comprendre. Nous cr\u00e9ons des espaces-temps sur mesure \u2013 en individuel et en collectif \u2013 pour accompagner \u00e0 mieux \u00eatre, interagir et agir dans sa vie professionnelle. Des \u00ab bulles \u00bb d\u2019\u00e9coute, de dialogue et d\u2019expression de soi pour prendre confiance, se mettre en action avec coh\u00e9rence et se d\u00e9ployer avec audace dans ses projets porteurs de sens.  V\u00e9ritablement passionn\u00e9e par les dynamiques humaines au travail, je m&#039;int\u00e9resse notamment au d\u00e9veloppement de nos comp\u00e9tences \u00e9motionnelles et relationnelles. C&#039;est avec joie que j&#039;accompagnerai sur ces th\u00e9matiques !  Son super pouvoir : Co-d\u00e9tective priv\u00e9e aupr\u00e8s de mes accompagn\u00e9.e.s. gr\u00e2ce \u00e0 l&#039;art du dialogue  Son petit mot : L&#039;aventure entrepreneuriale est une v\u00e9ritable exp\u00e9rience \u00e9motionnelle. Alors appuyons-nous du mieux possible sur ce qui nous met en joie. Cela nous encourage \u00e0 mettre du c\u0153ur \u00e0 l&#039;ouvrage et \u00e0 \u0153uvrer avec c\u0153ur au sein de notre \u00e9cosyst\u00e8me !  Dur\u00e9e\u00a0: Un cr\u00e9neau de 1h en individuel  Attention ! \u00a0Veuillez vous pr\u00e9senter \u00e0 l\u2019heure pour que l\u2019activit\u00e9 puisse commencer \u00e0 temps. Si vous avez du retard veuillez pr\u00e9venir l\u2019intervenant.e. Si vous avez plus de 15 min de retard l\u2019intervenant.e se r\u00e9serve le droit de ne plus vous accepter pour le coaching ou l\u2019atelier.\u00a0\" \/>\n<meta property=\"og:url\" content=\"https:\/\/empow-her.com\/produit\/new-coaching-mieux-vivre-mes-emotions-2\/\" \/>\n<meta property=\"og:site_name\" content=\"Empow&#039;Her\" \/>\n<meta property=\"article:modified_time\" content=\"2023-03-28T12:46:34+00:00\" \/>\n<meta property=\"og:image\" content=\"https:\/\/empow-her.com\/wp-content\/uploads\/2023\/03\/Women-Dare-templates-events-2023-03-28T144213.395.png\" \/>\n\t<meta property=\"og:image:width\" content=\"1080\" \/>\n\t<meta property=\"og:image:height\" content=\"1080\" \/>\n\t<meta property=\"og:image:type\" content=\"image\/png\" \/>\n<meta name=\"twitter:card\" content=\"summary_large_image\" \/>\n<script type=\"application\/ld+json\" class=\"yoast-schema-graph\">{\"@context\":\"https:\/\/schema.org\",\"@graph\":[{\"@type\":\"WebPage\",\"@id\":\"https:\/\/empow-her.com\/produit\/new-coaching-mieux-vivre-mes-emotions-2\/\",\"url\":\"https:\/\/empow-her.com\/produit\/new-coaching-mieux-vivre-mes-emotions-2\/\",\"name\":\"NEW - Coaching - Mieux vivre mes \u00e9motions - Empow&#039;Her\",\"isPartOf\":{\"@id\":\"https:\/\/empow-her.com\/#website\"},\"primaryImageOfPage\":{\"@id\":\"https:\/\/empow-her.com\/produit\/new-coaching-mieux-vivre-mes-emotions-2\/#primaryimage\"},\"image\":{\"@id\":\"https:\/\/empow-her.com\/produit\/new-coaching-mieux-vivre-mes-emotions-2\/#primaryimage\"},\"thumbnailUrl\":\"https:\/\/empow-her.com\/wp-content\/uploads\/2023\/03\/Women-Dare-templates-events-2023-03-28T144213.395.png\",\"datePublished\":\"2023-03-28T12:42:55+00:00\",\"dateModified\":\"2023-03-28T12:46:34+00:00\",\"breadcrumb\":{\"@id\":\"https:\/\/empow-her.com\/produit\/new-coaching-mieux-vivre-mes-emotions-2\/#breadcrumb\"},\"inLanguage\":\"es\",\"potentialAction\":[{\"@type\":\"ReadAction\",\"target\":[\"https:\/\/empow-her.com\/produit\/new-coaching-mieux-vivre-mes-emotions-2\/\"]}]},{\"@type\":\"ImageObject\",\"inLanguage\":\"es\",\"@id\":\"https:\/\/empow-her.com\/produit\/new-coaching-mieux-vivre-mes-emotions-2\/#primaryimage\",\"url\":\"https:\/\/empow-her.com\/wp-content\/uploads\/2023\/03\/Women-Dare-templates-events-2023-03-28T144213.395.png\",\"contentUrl\":\"https:\/\/empow-her.com\/wp-content\/uploads\/2023\/03\/Women-Dare-templates-events-2023-03-28T144213.395.png\",\"width\":1080,\"height\":1080},{\"@type\":\"BreadcrumbList\",\"@id\":\"https:\/\/empow-her.com\/produit\/new-coaching-mieux-vivre-mes-emotions-2\/#breadcrumb\",\"itemListElement\":[{\"@type\":\"ListItem\",\"position\":1,\"name\":\"Accueil\",\"item\":\"https:\/\/empow-her.com\/es\/inicio\/\"},{\"@type\":\"ListItem\",\"position\":2,\"name\":\"LA BOUTIQUE\",\"item\":\"https:\/\/empow-her.com\/boutique\/\"},{\"@type\":\"ListItem\",\"position\":3,\"name\":\"NEW &#8211; Coaching &#8211; Mieux vivre mes \u00e9motions\"}]},{\"@type\":\"WebSite\",\"@id\":\"https:\/\/empow-her.com\/#website\",\"url\":\"https:\/\/empow-her.com\/\",\"name\":\"Empow&#039;Her\",\"description\":\"Women Development\",\"potentialAction\":[{\"@type\":\"SearchAction\",\"target\":{\"@type\":\"EntryPoint\",\"urlTemplate\":\"https:\/\/empow-her.com\/?s={search_term_string}\"},\"query-input\":{\"@type\":\"PropertyValueSpecification\",\"valueRequired\":true,\"valueName\":\"search_term_string\"}}],\"inLanguage\":\"es\"}]}<\/script>\n<!-- \/ Yoast SEO plugin. -->","yoast_head_json":{"title":"NEW - Coaching - Mieux vivre mes \u00e9motions - Empow&#039;Her","robots":{"index":"index","follow":"follow","max-snippet":"max-snippet:-1","max-image-preview":"max-image-preview:large","max-video-preview":"max-video-preview:-1"},"canonical":"https:\/\/empow-her.com\/produit\/new-coaching-mieux-vivre-mes-emotions-2\/","og_locale":"es_ES","og_type":"article","og_title":"NEW - Coaching - Mieux vivre mes \u00e9motions - Empow&#039;Her","og_description":"Description :\u00a0  Besoin : \u00ab j'aimerais d\u00e9passer mes craintes, mes peurs, mon stress, mes doutes, mes frustrations, mes d\u00e9couragements ou mes d\u00e9ceptions pour agir plus sereinement sur mon projet. \u00bb  Objectif : si cette phrase r\u00e9sonne alors cette permanence pourra vous donner des cl\u00e9s pour mieux comprendre vos \u00e9motions actuelles et en faire des leviers d'action pour votre projet. L'aventure entrepreneuriale est un v\u00e9ritable ascenseur \u00e9motionnel et cela peut \u00eatre \u00e9prouvant. Ce n'est pas tant nos \u00e9motions qui sont le probl\u00e8me mais la mauvaise relation que nous pouvons entretenir avec elles. Nos \u00e9motions, m\u00eame d\u00e9sagr\u00e9ables, sont une v\u00e9ritable source d'information, de r\u00e9flexion et d'actions. Le v\u00e9ritable enjeu est d'apprendre \u00e0 les d\u00e9crypter pour avancer avec sens et lucidit\u00e9.  Cette permanence vous donne un espace-temps sur mesure pour :  \u2022 Mieux comprendre votre \u00e9tat \u00e9motionnel du moment  \u2022 R\u00e9guler les \u00e9motions d\u00e9sagr\u00e9ables si besoin  \u2022 Vous (re)connecter \u00e0 ce qui vous met en joie et vous ressource  \u2022 Faire de vos \u00e9motions des boussoles pour agir concr\u00e8tement sur votre projet  Pr\u00e9-requis\u00a0: Aucun  Intervenant.e\u00a0: C\u00e9cile Petit\u00a0  J'ai cette intime conviction : une vie professionnelle \u00e9panouissante s'appuie sur la qualit\u00e9 de notre relation \u00e0 nous-m\u00eames, aux autres et \u00e0 notre environnement et sur la qualit\u00e9 de notre pr\u00e9sence ici et maintenant. Psychologue du travail, coach professionnelle et m\u00e9diatrice, j'ai co-fond\u00e9 l\u2019Agence Bulles avec ma s\u0153ur-associ\u00e9e Sophie.  Chez Bulles, nous sommes convaincues qu'il est essentiel de s\u2019accorder de l\u2019espace et du temps afin d\u2019apprendre \u00e0 mieux s\u2019\u00e9couter, se conna\u00eetre et se comprendre. Nous cr\u00e9ons des espaces-temps sur mesure \u2013 en individuel et en collectif \u2013 pour accompagner \u00e0 mieux \u00eatre, interagir et agir dans sa vie professionnelle. Des \u00ab bulles \u00bb d\u2019\u00e9coute, de dialogue et d\u2019expression de soi pour prendre confiance, se mettre en action avec coh\u00e9rence et se d\u00e9ployer avec audace dans ses projets porteurs de sens.  V\u00e9ritablement passionn\u00e9e par les dynamiques humaines au travail, je m'int\u00e9resse notamment au d\u00e9veloppement de nos comp\u00e9tences \u00e9motionnelles et relationnelles. C'est avec joie que j'accompagnerai sur ces th\u00e9matiques !  Son super pouvoir : Co-d\u00e9tective priv\u00e9e aupr\u00e8s de mes accompagn\u00e9.e.s. gr\u00e2ce \u00e0 l'art du dialogue  Son petit mot : L'aventure entrepreneuriale est une v\u00e9ritable exp\u00e9rience \u00e9motionnelle. Alors appuyons-nous du mieux possible sur ce qui nous met en joie. Cela nous encourage \u00e0 mettre du c\u0153ur \u00e0 l'ouvrage et \u00e0 \u0153uvrer avec c\u0153ur au sein de notre \u00e9cosyst\u00e8me !  Dur\u00e9e\u00a0: Un cr\u00e9neau de 1h en individuel  Attention ! \u00a0Veuillez vous pr\u00e9senter \u00e0 l\u2019heure pour que l\u2019activit\u00e9 puisse commencer \u00e0 temps. Si vous avez du retard veuillez pr\u00e9venir l\u2019intervenant.e. Si vous avez plus de 15 min de retard l\u2019intervenant.e se r\u00e9serve le droit de ne plus vous accepter pour le coaching ou l\u2019atelier.\u00a0","og_url":"https:\/\/empow-her.com\/produit\/new-coaching-mieux-vivre-mes-emotions-2\/","og_site_name":"Empow&#039;Her","article_modified_time":"2023-03-28T12:46:34+00:00","og_image":[{"width":1080,"height":1080,"url":"https:\/\/empow-her.com\/wp-content\/uploads\/2023\/03\/Women-Dare-templates-events-2023-03-28T144213.395.png","type":"image\/png"}],"twitter_card":"summary_large_image","schema":{"@context":"https:\/\/schema.org","@graph":[{"@type":"WebPage","@id":"https:\/\/empow-her.com\/produit\/new-coaching-mieux-vivre-mes-emotions-2\/","url":"https:\/\/empow-her.com\/produit\/new-coaching-mieux-vivre-mes-emotions-2\/","name":"NEW - Coaching - Mieux vivre mes \u00e9motions - Empow&#039;Her","isPartOf":{"@id":"https:\/\/empow-her.com\/#website"},"primaryImageOfPage":{"@id":"https:\/\/empow-her.com\/produit\/new-coaching-mieux-vivre-mes-emotions-2\/#primaryimage"},"image":{"@id":"https:\/\/empow-her.com\/produit\/new-coaching-mieux-vivre-mes-emotions-2\/#primaryimage"},"thumbnailUrl":"https:\/\/empow-her.com\/wp-content\/uploads\/2023\/03\/Women-Dare-templates-events-2023-03-28T144213.395.png","datePublished":"2023-03-28T12:42:55+00:00","dateModified":"2023-03-28T12:46:34+00:00","breadcrumb":{"@id":"https:\/\/empow-her.com\/produit\/new-coaching-mieux-vivre-mes-emotions-2\/#breadcrumb"},"inLanguage":"es","potentialAction":[{"@type":"ReadAction","target":["https:\/\/empow-her.com\/produit\/new-coaching-mieux-vivre-mes-emotions-2\/"]}]},{"@type":"ImageObject","inLanguage":"es","@id":"https:\/\/empow-her.com\/produit\/new-coaching-mieux-vivre-mes-emotions-2\/#primaryimage","url":"https:\/\/empow-her.com\/wp-content\/uploads\/2023\/03\/Women-Dare-templates-events-2023-03-28T144213.395.png","contentUrl":"https:\/\/empow-her.com\/wp-content\/uploads\/2023\/03\/Women-Dare-templates-events-2023-03-28T144213.395.png","width":1080,"height":1080},{"@type":"BreadcrumbList","@id":"https:\/\/empow-her.com\/produit\/new-coaching-mieux-vivre-mes-emotions-2\/#breadcrumb","itemListElement":[{"@type":"ListItem","position":1,"name":"Accueil","item":"https:\/\/empow-her.com\/es\/inicio\/"},{"@type":"ListItem","position":2,"name":"LA BOUTIQUE","item":"https:\/\/empow-her.com\/boutique\/"},{"@type":"ListItem","position":3,"name":"NEW &#8211; Coaching &#8211; Mieux vivre mes \u00e9motions"}]},{"@type":"WebSite","@id":"https:\/\/empow-her.com\/#website","url":"https:\/\/empow-her.com\/","name":"Empow&#039;Her","description":"Women Development","potentialAction":[{"@type":"SearchAction","target":{"@type":"EntryPoint","urlTemplate":"https:\/\/empow-her.com\/?s={search_term_string}"},"query-input":{"@type":"PropertyValueSpecification","valueRequired":true,"valueName":"search_term_string"}}],"inLanguage":"es"}]}},"_links":{"self":[{"href":"https:\/\/empow-her.com\/es\/wp-json\/wp\/v2\/product\/151914","targetHints":{"allow":["GET"]}}],"collection":[{"href":"https:\/\/empow-her.com\/es\/wp-json\/wp\/v2\/product"}],"about":[{"href":"https:\/\/empow-her.com\/es\/wp-json\/wp\/v2\/types\/product"}],"wp:featuredmedia":[{"embeddable":true,"href":"https:\/\/empow-her.com\/es\/wp-json\/wp\/v2\/media\/151915"}],"wp:attachment":[{"href":"https:\/\/empow-her.com\/es\/wp-json\/wp\/v2\/media?parent=151914"}],"wp:term":[{"taxonomy":"product_brand","embeddable":true,"href":"https:\/\/empow-her.com\/es\/wp-json\/wp\/v2\/product_brand?post=151914"},{"taxonomy":"product_cat","embeddable":true,"href":"https:\/\/empow-her.com\/es\/wp-json\/wp\/v2\/product_cat?post=151914"},{"taxonomy":"product_tag","embeddable":true,"href":"https:\/\/empow-her.com\/es\/wp-json\/wp\/v2\/product_tag?post=151914"},{"taxonomy":"lieu","embeddable":true,"href":"https:\/\/empow-her.com\/es\/wp-json\/wp\/v2\/lieu?post=151914"},{"taxonomy":"thematiques","embeddable":true,"href":"https:\/\/empow-her.com\/es\/wp-json\/wp\/v2\/thematiques?post=151914"}],"curies":[{"name":"wp","href":"https:\/\/api.w.org\/{rel}","templated":true}]}}