{"id":14985,"date":"2021-06-08T13:09:44","date_gmt":"2021-06-08T11:09:44","guid":{"rendered":"https:\/\/empow-her.com\/?post_type=product&#038;p=14985"},"modified":"2021-06-25T13:48:53","modified_gmt":"2021-06-25T11:48:53","slug":"coaching-booster-sa-strategie-et-sa-prospection-commerciale-5","status":"publish","type":"product","link":"https:\/\/empow-her.com\/es\/produit\/coaching-booster-sa-strategie-et-sa-prospection-commerciale-5\/","title":{"rendered":"Coaching &#8211; Positionnement sur le march\u00e9 &#038; strat\u00e9gie commerciale"},"content":{"rendered":"","protected":false},"excerpt":{"rendered":"<p><span data-sheets-value=\"{&quot;1&quot;:2,&quot;2&quot;:&quot;Vous avez d\u00e9fini votre proposition de valeur, et souhaitez vous engager dans la prospection commerciale ? Laurence et M\u00e9lanie de BBetween vous aident \u00e0 mettre les mains dans l'op\u00e9rationnel : mettre en place une veille, faire une analyse concurrentielle, identifier vos cibles... pour une strat\u00e9gie commerciale r\u00e9ussie et des objectifs atteignables !&quot;}\" data-sheets-userformat=\"{&quot;2&quot;:5053,&quot;3&quot;:{&quot;1&quot;:0},&quot;5&quot;:{&quot;1&quot;:[{&quot;1&quot;:2,&quot;2&quot;:0,&quot;5&quot;:{&quot;1&quot;:2,&quot;2&quot;:0}},{&quot;1&quot;:0,&quot;2&quot;:0,&quot;3&quot;:3},{&quot;1&quot;:1,&quot;2&quot;:0,&quot;4&quot;:1}]},&quot;6&quot;:{&quot;1&quot;:[{&quot;1&quot;:2,&quot;2&quot;:0,&quot;5&quot;:{&quot;1&quot;:2,&quot;2&quot;:0}},{&quot;1&quot;:0,&quot;2&quot;:0,&quot;3&quot;:3},{&quot;1&quot;:1,&quot;2&quot;:0,&quot;4&quot;:1}]},&quot;7&quot;:{&quot;1&quot;:[{&quot;1&quot;:2,&quot;2&quot;:0,&quot;5&quot;:{&quot;1&quot;:2,&quot;2&quot;:0}},{&quot;1&quot;:0,&quot;2&quot;:0,&quot;3&quot;:3},{&quot;1&quot;:1,&quot;2&quot;:0,&quot;4&quot;:1}]},&quot;8&quot;:{&quot;1&quot;:[{&quot;1&quot;:2,&quot;2&quot;:0,&quot;5&quot;:{&quot;1&quot;:2,&quot;2&quot;:0}},{&quot;1&quot;:0,&quot;2&quot;:0,&quot;3&quot;:3},{&quot;1&quot;:1,&quot;2&quot;:0,&quot;4&quot;:1}]},&quot;10&quot;:1,&quot;11&quot;:4,&quot;12&quot;:0,&quot;15&quot;:&quot;Calibri&quot;}\">Quel positionnement adopter sur le march\u00e9 ? Quelle segmentation ? Comment vous diff\u00e9rencier de vos concurrents ? Ou encore d\u00e9finir votre offre et construire une strat\u00e9gie claire et efficace pour votre projet ? M\u00e9lanie de <a class=\"in-cell-link\" href=\"https:\/\/www.bbetween.fr\/\" target=\"_blank\" rel=\"noopener noreferrer\">B.Between<\/a> r\u00e9pond \u00e0 toutes vos questions pour vous donner les cl\u00e9s pour d\u00e9finir votre offre mais pourra \u00e9galement vous conseiller sur votre strat\u00e9gie commerciale en vous aidant \u00e0 mettre les mains dans l\u2019op\u00e9rationnel : mettre en place une veille, faire une analyse concurrentielle, identifier vos cibles&#8230; pour une strat\u00e9gie commerciale r\u00e9ussie et des objectifs atteignables !<\/span><\/p>\n<p>&nbsp;<\/p>\n<p><b>Par :<\/b> <a class=\"in-cell-link\" href=\"https:\/\/www.bbetween.fr\/\" target=\"_blank\" rel=\"noopener noreferrer\">B.Between<\/a><\/p>\n<p>&nbsp;<\/p>\n<p><span data-sheets-value=\"{&quot;1&quot;:2,&quot;2&quot;:&quot;Alexandre Sourzac-Lami est co-fondateur de Comit, une structure sp\u00e9cialis\u00e9e qui con\u00e7oit et adapte des outils et m\u00e9thodes pour donner aux entrepreneur.e.s la capacit\u00e9 de d\u00e9velopper des mod\u00e8les \u00e9conomiques p\u00e9rennes.&quot;}\" data-sheets-userformat=\"{&quot;2&quot;:1055743,&quot;3&quot;:{&quot;1&quot;:0},&quot;4&quot;:{&quot;1&quot;:2,&quot;2&quot;:16777215},&quot;5&quot;:{&quot;1&quot;:[{&quot;1&quot;:2,&quot;2&quot;:0,&quot;5&quot;:{&quot;1&quot;:2,&quot;2&quot;:0}},{&quot;1&quot;:0,&quot;2&quot;:0,&quot;3&quot;:3},{&quot;1&quot;:1,&quot;2&quot;:0,&quot;4&quot;:1}]},&quot;6&quot;:{&quot;1&quot;:[{&quot;1&quot;:2,&quot;2&quot;:0,&quot;5&quot;:{&quot;1&quot;:2,&quot;2&quot;:0}},{&quot;1&quot;:0,&quot;2&quot;:0,&quot;3&quot;:3},{&quot;1&quot;:1,&quot;2&quot;:0,&quot;4&quot;:1}]},&quot;7&quot;:{&quot;1&quot;:[{&quot;1&quot;:2,&quot;2&quot;:0,&quot;5&quot;:{&quot;1&quot;:2,&quot;2&quot;:0}},{&quot;1&quot;:0,&quot;2&quot;:0,&quot;3&quot;:3},{&quot;1&quot;:1,&quot;2&quot;:0,&quot;4&quot;:1}]},&quot;8&quot;:{&quot;1&quot;:[{&quot;1&quot;:2,&quot;2&quot;:0,&quot;5&quot;:{&quot;1&quot;:2,&quot;2&quot;:0}},{&quot;1&quot;:0,&quot;2&quot;:0,&quot;3&quot;:3},{&quot;1&quot;:1,&quot;2&quot;:0,&quot;4&quot;:1}]},&quot;9&quot;:0,&quot;10&quot;:1,&quot;11&quot;:4,&quot;12&quot;:0,&quot;14&quot;:{&quot;1&quot;:2,&quot;2&quot;:0},&quot;15&quot;:&quot;Calibri&quot;,&quot;23&quot;:1}\" data-sheets-textstyleruns=\"{&quot;1&quot;:0}\uee10{&quot;1&quot;:43,&quot;2&quot;:{&quot;2&quot;:{&quot;1&quot;:2,&quot;2&quot;:1136076},&quot;9&quot;:1}}\uee10{&quot;1&quot;:48}\" data-sheets-hyperlinkruns=\"{&quot;1&quot;:43,&quot;2&quot;:&quot;https:\/\/www.comit.berlin\/&quot;}\uee10{&quot;1&quot;:48}\"><strong>Intervenant.e.s :<\/strong> Retrouvez\u00a0 M\u00e9lanie de <a class=\"in-cell-link\" href=\"https:\/\/www.bbetween.fr\/\" target=\"_blank\" rel=\"noopener noreferrer\">B.Between<\/a>, sp\u00e9cialiste du conseil et de l&#8217;accompagnement en d\u00e9veloppement commercial. Sa mission en trois mots : votre r\u00e9ussite commerciale !<\/span><\/p>\n<p>&nbsp;<\/p>\n<p><strong>Son petit mot<\/strong> : Bravo et f\u00e9licitations ! Utilisez au maximum tout ce qui vous est mis \u00e0 disposition, que ce soit le contenu ou le r\u00e9seau et surtout tout l&#8217;\u00e9cosyst\u00e8me. Faites-vous confiance ! Rencontrez, \u00e9changez, apprenez encore et toujours.<br \/>\nPas apr\u00e8s pas, vous allez construire votre projet !<\/p>\n<p>&nbsp;<\/p>\n<p><strong>Dur\u00e9e<\/strong> : <span data-sheets-value=\"{&quot;1&quot;:2,&quot;2&quot;:&quot;Permanence de 4h avec un cr\u00e9neau de 1h par participante (+ 15 minutes entre chaque)&quot;}\" data-sheets-userformat=\"{&quot;2&quot;:7167,&quot;3&quot;:{&quot;1&quot;:0},&quot;4&quot;:{&quot;1&quot;:2,&quot;2&quot;:16777215},&quot;5&quot;:{&quot;1&quot;:[{&quot;1&quot;:2,&quot;2&quot;:0,&quot;5&quot;:{&quot;1&quot;:2,&quot;2&quot;:0}},{&quot;1&quot;:0,&quot;2&quot;:0,&quot;3&quot;:3},{&quot;1&quot;:1,&quot;2&quot;:0,&quot;4&quot;:1}]},&quot;6&quot;:{&quot;1&quot;:[{&quot;1&quot;:2,&quot;2&quot;:0,&quot;5&quot;:{&quot;1&quot;:2,&quot;2&quot;:0}},{&quot;1&quot;:0,&quot;2&quot;:0,&quot;3&quot;:3},{&quot;1&quot;:1,&quot;2&quot;:0,&quot;4&quot;:1}]},&quot;7&quot;:{&quot;1&quot;:[{&quot;1&quot;:2,&quot;2&quot;:0,&quot;5&quot;:{&quot;1&quot;:2,&quot;2&quot;:0}},{&quot;1&quot;:0,&quot;2&quot;:0,&quot;3&quot;:3},{&quot;1&quot;:1,&quot;2&quot;:0,&quot;4&quot;:1}]},&quot;8&quot;:{&quot;1&quot;:[{&quot;1&quot;:2,&quot;2&quot;:0,&quot;5&quot;:{&quot;1&quot;:2,&quot;2&quot;:0}},{&quot;1&quot;:0,&quot;2&quot;:0,&quot;3&quot;:3},{&quot;1&quot;:1,&quot;2&quot;:0,&quot;4&quot;:1}]},&quot;9&quot;:0,&quot;10&quot;:1,&quot;11&quot;:4,&quot;12&quot;:0,&quot;14&quot;:{&quot;1&quot;:2,&quot;2&quot;:0},&quot;15&quot;:&quot;Calibri&quot;}\">Permanence de 4h avec un cr\u00e9neau de 1h par participante<\/span><\/p>\n<p>&nbsp;<\/p>\n<p>Ce projet est co-financ\u00e9 par le Fonds Social Europ\u00e9en.<\/p>\n<p><img decoding=\"async\" class=\"\" src=\"https:\/\/www.sep-asso.fr\/wp-content\/uploads\/2018\/02\/logo-union-europeenne.png\" alt=\"logo union europeenne \u2013 SEP\" width=\"87\" height=\"72\" \/> <img decoding=\"async\" class=\"alignnone wp-image-15218\" src=\"https:\/\/empow-her.com\/wp-content\/uploads\/2021\/06\/logo_fonds_social_europeen-300x187.png\" alt=\"\" width=\"104\" height=\"65\" srcset=\"https:\/\/empow-her.com\/wp-content\/uploads\/2021\/06\/logo_fonds_social_europeen-300x187.png 300w, https:\/\/empow-her.com\/wp-content\/uploads\/2021\/06\/logo_fonds_social_europeen-600x375.png 600w, https:\/\/empow-her.com\/wp-content\/uploads\/2021\/06\/logo_fonds_social_europeen-24x15.png 24w, https:\/\/empow-her.com\/wp-content\/uploads\/2021\/06\/logo_fonds_social_europeen-36x22.png 36w, https:\/\/empow-her.com\/wp-content\/uploads\/2021\/06\/logo_fonds_social_europeen-48x30.png 48w, https:\/\/empow-her.com\/wp-content\/uploads\/2021\/06\/logo_fonds_social_europeen.png 666w\" sizes=\"(max-width: 104px) 100vw, 104px\" \/>\u00a0 <img decoding=\"async\" class=\"\" src=\"https:\/\/franceactive-idf.org\/wp-content\/uploads\/2020\/02\/logo-region-ile-de-france.png\" alt=\"Logo Region Ile De France - France Active \u00cele-de-France\" width=\"126\" height=\"29\" \/><\/p>\n","protected":false},"featured_media":0,"template":"","format":"standard","meta":{"_acf_changed":false,"om_disable_all_campaigns":false,"_uf_show_specific_survey":0,"_uf_disable_surveys":false},"product_brand":[],"product_cat":[121],"product_tag":[],"lieu":[125],"thematiques":[],"class_list":{"0":"post-14985","1":"product","2":"type-product","3":"status-publish","4":"format-standard","6":"product_cat-coaching","7":"lieu-en-ligne","9":"first","10":"instock","11":"virtual","12":"purchasable","13":"product-type-appointment"},"exclude_global_add_ons":[],"addons":[],"acf":[],"yoast_head":"<!-- This site is optimized with the Yoast SEO plugin v24.8 - https:\/\/yoast.com\/wordpress\/plugins\/seo\/ -->\n<title>Coaching - Positionnement sur le march\u00e9 &amp; strat\u00e9gie commerciale - Empow&#039;Her<\/title>\n<meta name=\"robots\" content=\"index, follow, max-snippet:-1, max-image-preview:large, max-video-preview:-1\" \/>\n<link rel=\"canonical\" href=\"https:\/\/empow-her.com\/es\/produit\/coaching-booster-sa-strategie-et-sa-prospection-commerciale-5\/\" \/>\n<meta property=\"og:locale\" content=\"es_ES\" \/>\n<meta property=\"og:type\" content=\"article\" \/>\n<meta property=\"og:title\" content=\"Coaching - Positionnement sur le march\u00e9 &amp; strat\u00e9gie commerciale - Empow&#039;Her\" \/>\n<meta property=\"og:description\" content=\"Quel positionnement adopter sur le march\u00e9 ? Quelle segmentation ? Comment vous diff\u00e9rencier de vos concurrents ? Ou encore d\u00e9finir votre offre et construire une strat\u00e9gie claire et efficace pour votre projet ? M\u00e9lanie de B.Between r\u00e9pond \u00e0 toutes vos questions pour vous donner les cl\u00e9s pour d\u00e9finir votre offre mais pourra \u00e9galement vous conseiller sur votre strat\u00e9gie commerciale en vous aidant \u00e0 mettre les mains dans l\u2019op\u00e9rationnel : mettre en place une veille, faire une analyse concurrentielle, identifier vos cibles... pour une strat\u00e9gie commerciale r\u00e9ussie et des objectifs atteignables !  &nbsp;  Par : B.Between  &nbsp;  Intervenant.e.s : Retrouvez\u00a0 M\u00e9lanie de B.Between, sp\u00e9cialiste du conseil et de l&#039;accompagnement en d\u00e9veloppement commercial. Sa mission en trois mots : votre r\u00e9ussite commerciale !  &nbsp;  Son petit mot : Bravo et f\u00e9licitations ! Utilisez au maximum tout ce qui vous est mis \u00e0 disposition, que ce soit le contenu ou le r\u00e9seau et surtout tout l&#039;\u00e9cosyst\u00e8me. Faites-vous confiance ! Rencontrez, \u00e9changez, apprenez encore et toujours. Pas apr\u00e8s pas, vous allez construire votre projet !  &nbsp;  Dur\u00e9e : Permanence de 4h avec un cr\u00e9neau de 1h par participante  &nbsp;  Ce projet est co-financ\u00e9 par le Fonds Social Europ\u00e9en.   \u00a0\" \/>\n<meta property=\"og:url\" content=\"https:\/\/empow-her.com\/es\/produit\/coaching-booster-sa-strategie-et-sa-prospection-commerciale-5\/\" \/>\n<meta property=\"og:site_name\" content=\"Empow&#039;Her\" \/>\n<meta property=\"article:modified_time\" content=\"2021-06-25T11:48:53+00:00\" \/>\n<meta name=\"twitter:card\" content=\"summary_large_image\" \/>\n<script type=\"application\/ld+json\" class=\"yoast-schema-graph\">{\"@context\":\"https:\/\/schema.org\",\"@graph\":[{\"@type\":\"WebPage\",\"@id\":\"https:\/\/empow-her.com\/es\/produit\/coaching-booster-sa-strategie-et-sa-prospection-commerciale-5\/\",\"url\":\"https:\/\/empow-her.com\/es\/produit\/coaching-booster-sa-strategie-et-sa-prospection-commerciale-5\/\",\"name\":\"Coaching - Positionnement sur le march\u00e9 & strat\u00e9gie commerciale - Empow&#039;Her\",\"isPartOf\":{\"@id\":\"https:\/\/empow-her.com\/#website\"},\"datePublished\":\"2021-06-08T11:09:44+00:00\",\"dateModified\":\"2021-06-25T11:48:53+00:00\",\"breadcrumb\":{\"@id\":\"https:\/\/empow-her.com\/es\/produit\/coaching-booster-sa-strategie-et-sa-prospection-commerciale-5\/#breadcrumb\"},\"inLanguage\":\"es\",\"potentialAction\":[{\"@type\":\"ReadAction\",\"target\":[\"https:\/\/empow-her.com\/es\/produit\/coaching-booster-sa-strategie-et-sa-prospection-commerciale-5\/\"]}]},{\"@type\":\"BreadcrumbList\",\"@id\":\"https:\/\/empow-her.com\/es\/produit\/coaching-booster-sa-strategie-et-sa-prospection-commerciale-5\/#breadcrumb\",\"itemListElement\":[{\"@type\":\"ListItem\",\"position\":1,\"name\":\"Accueil\",\"item\":\"https:\/\/empow-her.com\/es\/inicio\/\"},{\"@type\":\"ListItem\",\"position\":2,\"name\":\"LA BOUTIQUE\",\"item\":\"https:\/\/empow-her.com\/boutique\/\"},{\"@type\":\"ListItem\",\"position\":3,\"name\":\"Coaching &#8211; Positionnement sur le march\u00e9 &#038; strat\u00e9gie commerciale\"}]},{\"@type\":\"WebSite\",\"@id\":\"https:\/\/empow-her.com\/#website\",\"url\":\"https:\/\/empow-her.com\/\",\"name\":\"Empow&#039;Her\",\"description\":\"Women Development\",\"potentialAction\":[{\"@type\":\"SearchAction\",\"target\":{\"@type\":\"EntryPoint\",\"urlTemplate\":\"https:\/\/empow-her.com\/?s={search_term_string}\"},\"query-input\":{\"@type\":\"PropertyValueSpecification\",\"valueRequired\":true,\"valueName\":\"search_term_string\"}}],\"inLanguage\":\"es\"}]}<\/script>\n<!-- \/ Yoast SEO plugin. -->","yoast_head_json":{"title":"Coaching - Positionnement sur le march\u00e9 & strat\u00e9gie commerciale - Empow&#039;Her","robots":{"index":"index","follow":"follow","max-snippet":"max-snippet:-1","max-image-preview":"max-image-preview:large","max-video-preview":"max-video-preview:-1"},"canonical":"https:\/\/empow-her.com\/es\/produit\/coaching-booster-sa-strategie-et-sa-prospection-commerciale-5\/","og_locale":"es_ES","og_type":"article","og_title":"Coaching - Positionnement sur le march\u00e9 & strat\u00e9gie commerciale - Empow&#039;Her","og_description":"Quel positionnement adopter sur le march\u00e9 ? Quelle segmentation ? Comment vous diff\u00e9rencier de vos concurrents ? Ou encore d\u00e9finir votre offre et construire une strat\u00e9gie claire et efficace pour votre projet ? M\u00e9lanie de B.Between r\u00e9pond \u00e0 toutes vos questions pour vous donner les cl\u00e9s pour d\u00e9finir votre offre mais pourra \u00e9galement vous conseiller sur votre strat\u00e9gie commerciale en vous aidant \u00e0 mettre les mains dans l\u2019op\u00e9rationnel : mettre en place une veille, faire une analyse concurrentielle, identifier vos cibles... pour une strat\u00e9gie commerciale r\u00e9ussie et des objectifs atteignables !  &nbsp;  Par : B.Between  &nbsp;  Intervenant.e.s : Retrouvez\u00a0 M\u00e9lanie de B.Between, sp\u00e9cialiste du conseil et de l'accompagnement en d\u00e9veloppement commercial. Sa mission en trois mots : votre r\u00e9ussite commerciale !  &nbsp;  Son petit mot : Bravo et f\u00e9licitations ! Utilisez au maximum tout ce qui vous est mis \u00e0 disposition, que ce soit le contenu ou le r\u00e9seau et surtout tout l'\u00e9cosyst\u00e8me. Faites-vous confiance ! Rencontrez, \u00e9changez, apprenez encore et toujours. Pas apr\u00e8s pas, vous allez construire votre projet !  &nbsp;  Dur\u00e9e : Permanence de 4h avec un cr\u00e9neau de 1h par participante  &nbsp;  Ce projet est co-financ\u00e9 par le Fonds Social Europ\u00e9en.   \u00a0","og_url":"https:\/\/empow-her.com\/es\/produit\/coaching-booster-sa-strategie-et-sa-prospection-commerciale-5\/","og_site_name":"Empow&#039;Her","article_modified_time":"2021-06-25T11:48:53+00:00","twitter_card":"summary_large_image","schema":{"@context":"https:\/\/schema.org","@graph":[{"@type":"WebPage","@id":"https:\/\/empow-her.com\/es\/produit\/coaching-booster-sa-strategie-et-sa-prospection-commerciale-5\/","url":"https:\/\/empow-her.com\/es\/produit\/coaching-booster-sa-strategie-et-sa-prospection-commerciale-5\/","name":"Coaching - Positionnement sur le march\u00e9 & strat\u00e9gie commerciale - Empow&#039;Her","isPartOf":{"@id":"https:\/\/empow-her.com\/#website"},"datePublished":"2021-06-08T11:09:44+00:00","dateModified":"2021-06-25T11:48:53+00:00","breadcrumb":{"@id":"https:\/\/empow-her.com\/es\/produit\/coaching-booster-sa-strategie-et-sa-prospection-commerciale-5\/#breadcrumb"},"inLanguage":"es","potentialAction":[{"@type":"ReadAction","target":["https:\/\/empow-her.com\/es\/produit\/coaching-booster-sa-strategie-et-sa-prospection-commerciale-5\/"]}]},{"@type":"BreadcrumbList","@id":"https:\/\/empow-her.com\/es\/produit\/coaching-booster-sa-strategie-et-sa-prospection-commerciale-5\/#breadcrumb","itemListElement":[{"@type":"ListItem","position":1,"name":"Accueil","item":"https:\/\/empow-her.com\/es\/inicio\/"},{"@type":"ListItem","position":2,"name":"LA BOUTIQUE","item":"https:\/\/empow-her.com\/boutique\/"},{"@type":"ListItem","position":3,"name":"Coaching &#8211; Positionnement sur le march\u00e9 &#038; strat\u00e9gie commerciale"}]},{"@type":"WebSite","@id":"https:\/\/empow-her.com\/#website","url":"https:\/\/empow-her.com\/","name":"Empow&#039;Her","description":"Women Development","potentialAction":[{"@type":"SearchAction","target":{"@type":"EntryPoint","urlTemplate":"https:\/\/empow-her.com\/?s={search_term_string}"},"query-input":{"@type":"PropertyValueSpecification","valueRequired":true,"valueName":"search_term_string"}}],"inLanguage":"es"}]}},"_links":{"self":[{"href":"https:\/\/empow-her.com\/es\/wp-json\/wp\/v2\/product\/14985","targetHints":{"allow":["GET"]}}],"collection":[{"href":"https:\/\/empow-her.com\/es\/wp-json\/wp\/v2\/product"}],"about":[{"href":"https:\/\/empow-her.com\/es\/wp-json\/wp\/v2\/types\/product"}],"wp:attachment":[{"href":"https:\/\/empow-her.com\/es\/wp-json\/wp\/v2\/media?parent=14985"}],"wp:term":[{"taxonomy":"product_brand","embeddable":true,"href":"https:\/\/empow-her.com\/es\/wp-json\/wp\/v2\/product_brand?post=14985"},{"taxonomy":"product_cat","embeddable":true,"href":"https:\/\/empow-her.com\/es\/wp-json\/wp\/v2\/product_cat?post=14985"},{"taxonomy":"product_tag","embeddable":true,"href":"https:\/\/empow-her.com\/es\/wp-json\/wp\/v2\/product_tag?post=14985"},{"taxonomy":"lieu","embeddable":true,"href":"https:\/\/empow-her.com\/es\/wp-json\/wp\/v2\/lieu?post=14985"},{"taxonomy":"thematiques","embeddable":true,"href":"https:\/\/empow-her.com\/es\/wp-json\/wp\/v2\/thematiques?post=14985"}],"curies":[{"name":"wp","href":"https:\/\/api.w.org\/{rel}","templated":true}]}}