{"id":149307,"date":"2023-03-20T11:44:28","date_gmt":"2023-03-20T10:44:28","guid":{"rendered":"https:\/\/empow-her.com\/?post_type=product&#038;p=149307"},"modified":"2023-05-02T16:58:57","modified_gmt":"2023-05-02T14:58:57","slug":"atelier-etude-de-marche-analyse-de-lenvironnement-du-projet","status":"publish","type":"product","link":"https:\/\/empow-her.com\/es\/produit\/atelier-etude-de-marche-analyse-de-lenvironnement-du-projet\/","title":{"rendered":"Atelier &#8211; Etude de march\u00e9 &#038; Analyse de l&#8217;environnement du projet"},"content":{"rendered":"","protected":false},"excerpt":{"rendered":"<p><span data-sheets-value=\"{&quot;1&quot;:2,&quot;2&quot;:&quot;Besoins : vous avez lanc\u00e9 votre projet, vous avez d\u00e9fini votre offre de produit(s) ou de service(s) mais vous avez besoins de savoir pr\u00e9cis\u00e9ment qui est votre cible ? Qui sont vos concurrents ? Qui compose votre \u00e9cosyst\u00e8me ? Et comment les rencontrer ? \\n\\nPendant cet atelier, nous parcourerons ensemble plusieurs th\u00e9matiques :\\n- L\u2019int\u00e9r\u00eat d\u2019une \u00e9tude de march\u00e9\\n- Des outils et m\u00e9thodes de segmentation du march\u00e9 et de priorisation des cibles\\n- L\u2019analyse fine du contexte et des besoins d\u2019une cible potentielle \\n- L\u2019identification des hypoth\u00e8ses \u00e0 v\u00e9rifier par l\u2019\u00e9tude de march\u00e9\\n- La d\u00e9finition d\u2019un plan de test pour v\u00e9rifier ses hypoth\u00e8ses\\n\\nA la fin de l'atelier, vous aurez des outils et m\u00e9thodes efficaces pour mener et\/ou affiner votre \u00e9tude de march\u00e9 de mani\u00e8re dynamique. Vous pourriez am\u00e9liorer votre offre gr\u00e2ce \u00e0 une meilleure compr\u00e9hension de votre environnement et vous pourrez passer \u00e0 l\u2019action avec un plan d\u2019actions concret.\\n\\nPr\u00e9-requis : Avoir d\u00e9fini les grands axes de son projet.\\n\\nAttention ! Veuillez vous pr\u00e9senter \u00e0 l'heure pour que l'activit\u00e9 puisse commencer \u00e0 temps. Si vous avez du retard veuillez pr\u00e9venir l'intervenant.e. Si vous avez plus de 15 min de retard l'intervenant.e se r\u00e9serve le droit de ne plus vous accepter pour le coaching ou l'atelier.\\n&quot;}\" data-sheets-userformat=\"{&quot;2&quot;:4993,&quot;3&quot;:{&quot;1&quot;:0},&quot;10&quot;:1,&quot;11&quot;:4,&quot;12&quot;:0,&quot;15&quot;:&quot;Hind&quot;}\"><strong>Besoins<\/strong> : Vous avez lanc\u00e9 votre projet, vous avez d\u00e9fini votre offre de produit(s) ou de service(s) mais vous avez besoins de savoir pr\u00e9cis\u00e9ment qui est votre cible ? Qui sont vos concurrents ? Qui compose votre \u00e9cosyst\u00e8me ? Et comment les rencontrer ?<\/span><\/p>\n<p>Pendant cet atelier, nous parcourrons ensemble plusieurs th\u00e9matiques :<br \/>\n&#8211; L\u2019int\u00e9r\u00eat d\u2019une \u00e9tude de march\u00e9<br \/>\n&#8211; Des outils et m\u00e9thodes de segmentation du march\u00e9 et de priorisation des cibles<br \/>\n&#8211; L\u2019analyse fine du contexte et des besoins d\u2019une cible potentielle<br \/>\n&#8211; L\u2019identification des hypoth\u00e8ses \u00e0 v\u00e9rifier par l\u2019\u00e9tude de march\u00e9<br \/>\n&#8211; La d\u00e9finition d\u2019un plan de test pour v\u00e9rifier ses hypoth\u00e8ses<\/p>\n<p>A la fin de l&#8217;atelier, vous aurez des outils et m\u00e9thodes efficaces pour mener et\/ou affiner votre \u00e9tude de march\u00e9 de mani\u00e8re dynamique. Vous pourriez am\u00e9liorer votre offre gr\u00e2ce \u00e0 une meilleure compr\u00e9hension de votre environnement et vous pourrez passer \u00e0 l\u2019action avec un plan d\u2019actions concret.<\/p>\n<p><strong>Intervenant.e : Alice De Castelnau<\/strong><\/p>\n<p><span data-sheets-value=\"{&quot;1&quot;:2,&quot;2&quot;:&quot;Besoins : vous avez lanc\u00e9 votre projet, vous avez d\u00e9fini votre offre de produit(s) ou de service(s) mais vous avez besoins de savoir pr\u00e9cis\u00e9ment qui est votre cible ? Qui sont vos concurrents ? Qui compose votre \u00e9cosyst\u00e8me ? Et comment les rencontrer ? \\n\\nPendant cet atelier, nous parcourerons ensemble plusieurs th\u00e9matiques :\\n- L\u2019int\u00e9r\u00eat d\u2019une \u00e9tude de march\u00e9\\n- Des outils et m\u00e9thodes de segmentation du march\u00e9 et de priorisation des cibles\\n- L\u2019analyse fine du contexte et des besoins d\u2019une cible potentielle \\n- L\u2019identification des hypoth\u00e8ses \u00e0 v\u00e9rifier par l\u2019\u00e9tude de march\u00e9\\n- La d\u00e9finition d\u2019un plan de test pour v\u00e9rifier ses hypoth\u00e8ses\\n\\nA la fin de l'atelier, vous aurez des outils et m\u00e9thodes efficaces pour mener et\/ou affiner votre \u00e9tude de march\u00e9 de mani\u00e8re dynamique. Vous pourriez am\u00e9liorer votre offre gr\u00e2ce \u00e0 une meilleure compr\u00e9hension de votre environnement et vous pourrez passer \u00e0 l\u2019action avec un plan d\u2019actions concret.\\n\\nPr\u00e9-requis : Avoir d\u00e9fini les grands axes de son projet.\\n\\nAttention ! Veuillez vous pr\u00e9senter \u00e0 l'heure pour que l'activit\u00e9 puisse commencer \u00e0 temps. Si vous avez du retard veuillez pr\u00e9venir l'intervenant.e. Si vous avez plus de 15 min de retard l'intervenant.e se r\u00e9serve le droit de ne plus vous accepter pour le coaching ou l'atelier.\\n&quot;}\" data-sheets-userformat=\"{&quot;2&quot;:4993,&quot;3&quot;:{&quot;1&quot;:0},&quot;10&quot;:1,&quot;11&quot;:4,&quot;12&quot;:0,&quot;15&quot;:&quot;Hind&quot;}\">J&#8217;accompagne les associations, les entreprises et les porteur.euse.s de projets \u00e0 fort impact depuis bient\u00f4t 15 ans sur leurs probl\u00e9matiques de d\u00e9veloppement et d&#8217;organisation. Mes dadas : la strat\u00e9gie de d\u00e9veloppement et la strat\u00e9gie commerciale, en particulier quand il faut inventer des mod\u00e8les hybrides : pas 100% lucratif et pas 100% non lucratif. Sant\u00e9, mal logement, migrations, mode \u00e9thique ou encore mobilit\u00e9 douce, je suis intervenue dans beaucoup de secteurs et tous me passionnent.<\/span><span data-sheets-value=\"{&quot;1&quot;:2,&quot;2&quot;:&quot;Besoins : vous avez lanc\u00e9 votre projet, vous avez d\u00e9fini votre offre de produit(s) ou de service(s) mais vous avez besoins de savoir pr\u00e9cis\u00e9ment qui est votre cible ? Qui sont vos concurrents ? Qui compose votre \u00e9cosyst\u00e8me ? Et comment les rencontrer ? \\n\\nPendant cet atelier, nous parcourerons ensemble plusieurs th\u00e9matiques :\\n- L\u2019int\u00e9r\u00eat d\u2019une \u00e9tude de march\u00e9\\n- Des outils et m\u00e9thodes de segmentation du march\u00e9 et de priorisation des cibles\\n- L\u2019analyse fine du contexte et des besoins d\u2019une cible potentielle \\n- L\u2019identification des hypoth\u00e8ses \u00e0 v\u00e9rifier par l\u2019\u00e9tude de march\u00e9\\n- La d\u00e9finition d\u2019un plan de test pour v\u00e9rifier ses hypoth\u00e8ses\\n\\nA la fin de l'atelier, vous aurez des outils et m\u00e9thodes efficaces pour mener et\/ou affiner votre \u00e9tude de march\u00e9 de mani\u00e8re dynamique. Vous pourriez am\u00e9liorer votre offre gr\u00e2ce \u00e0 une meilleure compr\u00e9hension de votre environnement et vous pourrez passer \u00e0 l\u2019action avec un plan d\u2019actions concret.\\n\\nPr\u00e9-requis : Avoir d\u00e9fini les grands axes de son projet.\\n\\nAttention ! Veuillez vous pr\u00e9senter \u00e0 l'heure pour que l'activit\u00e9 puisse commencer \u00e0 temps. Si vous avez du retard veuillez pr\u00e9venir l'intervenant.e. Si vous avez plus de 15 min de retard l'intervenant.e se r\u00e9serve le droit de ne plus vous accepter pour le coaching ou l'atelier.\\n&quot;}\" data-sheets-userformat=\"{&quot;2&quot;:4993,&quot;3&quot;:{&quot;1&quot;:0},&quot;10&quot;:1,&quot;11&quot;:4,&quot;12&quot;:0,&quot;15&quot;:&quot;Hind&quot;}\"><br \/>\nHasard ou pas, les porteuses de projet que j&#8217;ai accompagn\u00e9 individuellement \u00e9taient toutes des femmes. J&#8217;ai moi-m\u00eame lanc\u00e9 un projet entrepreneurial il y a quelques ann\u00e9es, ce qui m&#8217;a permis d&#8217;identifier clairement les difficult\u00e9s auxquelles on est confront\u00e9.e, les facteurs de succ\u00e8s, les facteurs d&#8217;\u00e9chec.<\/span><\/p>\n<p><strong>Son super pouvoir :<\/strong> J&#8217;ai r\u00e9ponse \u00e0 tout (mais je ne garantis pas qu&#8217;on aime la r\u00e9ponse \u00e0 chaque fois)<\/p>\n<p><strong>Leur petit mot<\/strong> : N&#8217;ayez pas peur d&#8217;oser mais ne vous oubliez jamais.<\/p>\n<p><strong>Pr\u00e9-requis<\/strong> : Avoir d\u00e9fini les grands axes de son projet.<\/p>\n<div><b>Lieu : <\/b>Sist&#8217;Her Paris, 82 rue du Faubourg Saint-Martin<\/div>\n<div>\n<p><b>Attention !\u00a0<\/b> Veuillez vous pr\u00e9senter \u00e0 l\u2019heure pour que l\u2019activit\u00e9 puisse commencer \u00e0 temps. Si vous avez du retard veuillez pr\u00e9venir l\u2019intervenant.e. Si vous avez plus de 15 min de retard l\u2019intervenant.e se r\u00e9serve le droit de ne pas vous accepter pour le coaching ou l\u2019atelier.<\/p>\n<\/div>\n","protected":false},"featured_media":149676,"template":"","format":"standard","meta":{"_acf_changed":false,"om_disable_all_campaigns":false,"_uf_show_specific_survey":0,"_uf_disable_surveys":false},"product_brand":[],"product_cat":[118],"product_tag":[],"lieu":[127],"thematiques":[],"class_list":{"0":"post-149307","1":"product","2":"type-product","3":"status-publish","4":"format-standard","5":"has-post-thumbnail","7":"product_cat-atelier-collectif","8":"lieu-hub-empowher","10":"first","11":"instock","12":"virtual","13":"purchasable","14":"product-type-appointment"},"exclude_global_add_ons":[],"addons":[],"acf":[],"yoast_head":"<!-- This site is optimized with the Yoast SEO plugin v24.8 - https:\/\/yoast.com\/wordpress\/plugins\/seo\/ -->\n<title>Atelier - Etude de march\u00e9 &amp; Analyse de l&#039;environnement du projet - Empow&#039;Her<\/title>\n<meta name=\"robots\" content=\"index, follow, max-snippet:-1, max-image-preview:large, max-video-preview:-1\" \/>\n<link rel=\"canonical\" href=\"https:\/\/empow-her.com\/produit\/atelier-etude-de-marche-analyse-de-lenvironnement-du-projet\/\" \/>\n<meta property=\"og:locale\" content=\"es_ES\" \/>\n<meta property=\"og:type\" content=\"article\" \/>\n<meta property=\"og:title\" content=\"Atelier - Etude de march\u00e9 &amp; Analyse de l&#039;environnement du projet - Empow&#039;Her\" \/>\n<meta property=\"og:description\" content=\"Besoins : Vous avez lanc\u00e9 votre projet, vous avez d\u00e9fini votre offre de produit(s) ou de service(s) mais vous avez besoins de savoir pr\u00e9cis\u00e9ment qui est votre cible ? Qui sont vos concurrents ? Qui compose votre \u00e9cosyst\u00e8me ? Et comment les rencontrer ?  Pendant cet atelier, nous parcourrons ensemble plusieurs th\u00e9matiques : - L\u2019int\u00e9r\u00eat d\u2019une \u00e9tude de march\u00e9 - Des outils et m\u00e9thodes de segmentation du march\u00e9 et de priorisation des cibles - L\u2019analyse fine du contexte et des besoins d\u2019une cible potentielle - L\u2019identification des hypoth\u00e8ses \u00e0 v\u00e9rifier par l\u2019\u00e9tude de march\u00e9 - La d\u00e9finition d\u2019un plan de test pour v\u00e9rifier ses hypoth\u00e8ses  A la fin de l&#039;atelier, vous aurez des outils et m\u00e9thodes efficaces pour mener et\/ou affiner votre \u00e9tude de march\u00e9 de mani\u00e8re dynamique. Vous pourriez am\u00e9liorer votre offre gr\u00e2ce \u00e0 une meilleure compr\u00e9hension de votre environnement et vous pourrez passer \u00e0 l\u2019action avec un plan d\u2019actions concret.  Intervenant.e : Alice De Castelnau  J&#039;accompagne les associations, les entreprises et les porteur.euse.s de projets \u00e0 fort impact depuis bient\u00f4t 15 ans sur leurs probl\u00e9matiques de d\u00e9veloppement et d&#039;organisation. Mes dadas : la strat\u00e9gie de d\u00e9veloppement et la strat\u00e9gie commerciale, en particulier quand il faut inventer des mod\u00e8les hybrides : pas 100% lucratif et pas 100% non lucratif. Sant\u00e9, mal logement, migrations, mode \u00e9thique ou encore mobilit\u00e9 douce, je suis intervenue dans beaucoup de secteurs et tous me passionnent. Hasard ou pas, les porteuses de projet que j&#039;ai accompagn\u00e9 individuellement \u00e9taient toutes des femmes. J&#039;ai moi-m\u00eame lanc\u00e9 un projet entrepreneurial il y a quelques ann\u00e9es, ce qui m&#039;a permis d&#039;identifier clairement les difficult\u00e9s auxquelles on est confront\u00e9.e, les facteurs de succ\u00e8s, les facteurs d&#039;\u00e9chec.  Son super pouvoir : J&#039;ai r\u00e9ponse \u00e0 tout (mais je ne garantis pas qu&#039;on aime la r\u00e9ponse \u00e0 chaque fois)  Leur petit mot : N&#039;ayez pas peur d&#039;oser mais ne vous oubliez jamais.  Pr\u00e9-requis : Avoir d\u00e9fini les grands axes de son projet. Lieu : Sist&#039;Her Paris, 82 rue du Faubourg Saint-Martin   Attention !\u00a0 Veuillez vous pr\u00e9senter \u00e0 l\u2019heure pour que l\u2019activit\u00e9 puisse commencer \u00e0 temps. Si vous avez du retard veuillez pr\u00e9venir l\u2019intervenant.e. Si vous avez plus de 15 min de retard l\u2019intervenant.e se r\u00e9serve le droit de ne pas vous accepter pour le coaching ou l\u2019atelier.\" \/>\n<meta property=\"og:url\" content=\"https:\/\/empow-her.com\/produit\/atelier-etude-de-marche-analyse-de-lenvironnement-du-projet\/\" \/>\n<meta property=\"og:site_name\" content=\"Empow&#039;Her\" \/>\n<meta property=\"article:modified_time\" content=\"2023-05-02T14:58:57+00:00\" \/>\n<meta property=\"og:image\" content=\"https:\/\/empow-her.com\/wp-content\/uploads\/2023\/03\/Women-Dare-templates-events-2023-03-21T163135.683.png\" \/>\n\t<meta property=\"og:image:width\" content=\"1080\" \/>\n\t<meta property=\"og:image:height\" content=\"1080\" \/>\n\t<meta property=\"og:image:type\" content=\"image\/png\" \/>\n<meta name=\"twitter:card\" content=\"summary_large_image\" \/>\n<script type=\"application\/ld+json\" class=\"yoast-schema-graph\">{\"@context\":\"https:\/\/schema.org\",\"@graph\":[{\"@type\":\"WebPage\",\"@id\":\"https:\/\/empow-her.com\/produit\/atelier-etude-de-marche-analyse-de-lenvironnement-du-projet\/\",\"url\":\"https:\/\/empow-her.com\/produit\/atelier-etude-de-marche-analyse-de-lenvironnement-du-projet\/\",\"name\":\"Atelier - Etude de march\u00e9 & Analyse de l'environnement du projet - Empow&#039;Her\",\"isPartOf\":{\"@id\":\"https:\/\/empow-her.com\/#website\"},\"primaryImageOfPage\":{\"@id\":\"https:\/\/empow-her.com\/produit\/atelier-etude-de-marche-analyse-de-lenvironnement-du-projet\/#primaryimage\"},\"image\":{\"@id\":\"https:\/\/empow-her.com\/produit\/atelier-etude-de-marche-analyse-de-lenvironnement-du-projet\/#primaryimage\"},\"thumbnailUrl\":\"https:\/\/empow-her.com\/wp-content\/uploads\/2023\/03\/Women-Dare-templates-events-2023-03-21T163135.683.png\",\"datePublished\":\"2023-03-20T10:44:28+00:00\",\"dateModified\":\"2023-05-02T14:58:57+00:00\",\"breadcrumb\":{\"@id\":\"https:\/\/empow-her.com\/produit\/atelier-etude-de-marche-analyse-de-lenvironnement-du-projet\/#breadcrumb\"},\"inLanguage\":\"es\",\"potentialAction\":[{\"@type\":\"ReadAction\",\"target\":[\"https:\/\/empow-her.com\/produit\/atelier-etude-de-marche-analyse-de-lenvironnement-du-projet\/\"]}]},{\"@type\":\"ImageObject\",\"inLanguage\":\"es\",\"@id\":\"https:\/\/empow-her.com\/produit\/atelier-etude-de-marche-analyse-de-lenvironnement-du-projet\/#primaryimage\",\"url\":\"https:\/\/empow-her.com\/wp-content\/uploads\/2023\/03\/Women-Dare-templates-events-2023-03-21T163135.683.png\",\"contentUrl\":\"https:\/\/empow-her.com\/wp-content\/uploads\/2023\/03\/Women-Dare-templates-events-2023-03-21T163135.683.png\",\"width\":1080,\"height\":1080},{\"@type\":\"BreadcrumbList\",\"@id\":\"https:\/\/empow-her.com\/produit\/atelier-etude-de-marche-analyse-de-lenvironnement-du-projet\/#breadcrumb\",\"itemListElement\":[{\"@type\":\"ListItem\",\"position\":1,\"name\":\"Accueil\",\"item\":\"https:\/\/empow-her.com\/es\/inicio\/\"},{\"@type\":\"ListItem\",\"position\":2,\"name\":\"LA BOUTIQUE\",\"item\":\"https:\/\/empow-her.com\/boutique\/\"},{\"@type\":\"ListItem\",\"position\":3,\"name\":\"Atelier &#8211; Etude de march\u00e9 &#038; Analyse de l&#8217;environnement du projet\"}]},{\"@type\":\"WebSite\",\"@id\":\"https:\/\/empow-her.com\/#website\",\"url\":\"https:\/\/empow-her.com\/\",\"name\":\"Empow&#039;Her\",\"description\":\"Women Development\",\"potentialAction\":[{\"@type\":\"SearchAction\",\"target\":{\"@type\":\"EntryPoint\",\"urlTemplate\":\"https:\/\/empow-her.com\/?s={search_term_string}\"},\"query-input\":{\"@type\":\"PropertyValueSpecification\",\"valueRequired\":true,\"valueName\":\"search_term_string\"}}],\"inLanguage\":\"es\"}]}<\/script>\n<!-- \/ Yoast SEO plugin. -->","yoast_head_json":{"title":"Atelier - Etude de march\u00e9 & Analyse de l'environnement du projet - Empow&#039;Her","robots":{"index":"index","follow":"follow","max-snippet":"max-snippet:-1","max-image-preview":"max-image-preview:large","max-video-preview":"max-video-preview:-1"},"canonical":"https:\/\/empow-her.com\/produit\/atelier-etude-de-marche-analyse-de-lenvironnement-du-projet\/","og_locale":"es_ES","og_type":"article","og_title":"Atelier - Etude de march\u00e9 & Analyse de l'environnement du projet - Empow&#039;Her","og_description":"Besoins : Vous avez lanc\u00e9 votre projet, vous avez d\u00e9fini votre offre de produit(s) ou de service(s) mais vous avez besoins de savoir pr\u00e9cis\u00e9ment qui est votre cible ? Qui sont vos concurrents ? Qui compose votre \u00e9cosyst\u00e8me ? Et comment les rencontrer ?  Pendant cet atelier, nous parcourrons ensemble plusieurs th\u00e9matiques : - L\u2019int\u00e9r\u00eat d\u2019une \u00e9tude de march\u00e9 - Des outils et m\u00e9thodes de segmentation du march\u00e9 et de priorisation des cibles - L\u2019analyse fine du contexte et des besoins d\u2019une cible potentielle - L\u2019identification des hypoth\u00e8ses \u00e0 v\u00e9rifier par l\u2019\u00e9tude de march\u00e9 - La d\u00e9finition d\u2019un plan de test pour v\u00e9rifier ses hypoth\u00e8ses  A la fin de l'atelier, vous aurez des outils et m\u00e9thodes efficaces pour mener et\/ou affiner votre \u00e9tude de march\u00e9 de mani\u00e8re dynamique. Vous pourriez am\u00e9liorer votre offre gr\u00e2ce \u00e0 une meilleure compr\u00e9hension de votre environnement et vous pourrez passer \u00e0 l\u2019action avec un plan d\u2019actions concret.  Intervenant.e : Alice De Castelnau  J'accompagne les associations, les entreprises et les porteur.euse.s de projets \u00e0 fort impact depuis bient\u00f4t 15 ans sur leurs probl\u00e9matiques de d\u00e9veloppement et d'organisation. Mes dadas : la strat\u00e9gie de d\u00e9veloppement et la strat\u00e9gie commerciale, en particulier quand il faut inventer des mod\u00e8les hybrides : pas 100% lucratif et pas 100% non lucratif. Sant\u00e9, mal logement, migrations, mode \u00e9thique ou encore mobilit\u00e9 douce, je suis intervenue dans beaucoup de secteurs et tous me passionnent. Hasard ou pas, les porteuses de projet que j'ai accompagn\u00e9 individuellement \u00e9taient toutes des femmes. J'ai moi-m\u00eame lanc\u00e9 un projet entrepreneurial il y a quelques ann\u00e9es, ce qui m'a permis d'identifier clairement les difficult\u00e9s auxquelles on est confront\u00e9.e, les facteurs de succ\u00e8s, les facteurs d'\u00e9chec.  Son super pouvoir : J'ai r\u00e9ponse \u00e0 tout (mais je ne garantis pas qu'on aime la r\u00e9ponse \u00e0 chaque fois)  Leur petit mot : N'ayez pas peur d'oser mais ne vous oubliez jamais.  Pr\u00e9-requis : Avoir d\u00e9fini les grands axes de son projet. Lieu : Sist'Her Paris, 82 rue du Faubourg Saint-Martin   Attention !\u00a0 Veuillez vous pr\u00e9senter \u00e0 l\u2019heure pour que l\u2019activit\u00e9 puisse commencer \u00e0 temps. Si vous avez du retard veuillez pr\u00e9venir l\u2019intervenant.e. Si vous avez plus de 15 min de retard l\u2019intervenant.e se r\u00e9serve le droit de ne pas vous accepter pour le coaching ou l\u2019atelier.","og_url":"https:\/\/empow-her.com\/produit\/atelier-etude-de-marche-analyse-de-lenvironnement-du-projet\/","og_site_name":"Empow&#039;Her","article_modified_time":"2023-05-02T14:58:57+00:00","og_image":[{"width":1080,"height":1080,"url":"https:\/\/empow-her.com\/wp-content\/uploads\/2023\/03\/Women-Dare-templates-events-2023-03-21T163135.683.png","type":"image\/png"}],"twitter_card":"summary_large_image","schema":{"@context":"https:\/\/schema.org","@graph":[{"@type":"WebPage","@id":"https:\/\/empow-her.com\/produit\/atelier-etude-de-marche-analyse-de-lenvironnement-du-projet\/","url":"https:\/\/empow-her.com\/produit\/atelier-etude-de-marche-analyse-de-lenvironnement-du-projet\/","name":"Atelier - Etude de march\u00e9 & Analyse de l'environnement du projet - Empow&#039;Her","isPartOf":{"@id":"https:\/\/empow-her.com\/#website"},"primaryImageOfPage":{"@id":"https:\/\/empow-her.com\/produit\/atelier-etude-de-marche-analyse-de-lenvironnement-du-projet\/#primaryimage"},"image":{"@id":"https:\/\/empow-her.com\/produit\/atelier-etude-de-marche-analyse-de-lenvironnement-du-projet\/#primaryimage"},"thumbnailUrl":"https:\/\/empow-her.com\/wp-content\/uploads\/2023\/03\/Women-Dare-templates-events-2023-03-21T163135.683.png","datePublished":"2023-03-20T10:44:28+00:00","dateModified":"2023-05-02T14:58:57+00:00","breadcrumb":{"@id":"https:\/\/empow-her.com\/produit\/atelier-etude-de-marche-analyse-de-lenvironnement-du-projet\/#breadcrumb"},"inLanguage":"es","potentialAction":[{"@type":"ReadAction","target":["https:\/\/empow-her.com\/produit\/atelier-etude-de-marche-analyse-de-lenvironnement-du-projet\/"]}]},{"@type":"ImageObject","inLanguage":"es","@id":"https:\/\/empow-her.com\/produit\/atelier-etude-de-marche-analyse-de-lenvironnement-du-projet\/#primaryimage","url":"https:\/\/empow-her.com\/wp-content\/uploads\/2023\/03\/Women-Dare-templates-events-2023-03-21T163135.683.png","contentUrl":"https:\/\/empow-her.com\/wp-content\/uploads\/2023\/03\/Women-Dare-templates-events-2023-03-21T163135.683.png","width":1080,"height":1080},{"@type":"BreadcrumbList","@id":"https:\/\/empow-her.com\/produit\/atelier-etude-de-marche-analyse-de-lenvironnement-du-projet\/#breadcrumb","itemListElement":[{"@type":"ListItem","position":1,"name":"Accueil","item":"https:\/\/empow-her.com\/es\/inicio\/"},{"@type":"ListItem","position":2,"name":"LA BOUTIQUE","item":"https:\/\/empow-her.com\/boutique\/"},{"@type":"ListItem","position":3,"name":"Atelier &#8211; Etude de march\u00e9 &#038; Analyse de l&#8217;environnement du projet"}]},{"@type":"WebSite","@id":"https:\/\/empow-her.com\/#website","url":"https:\/\/empow-her.com\/","name":"Empow&#039;Her","description":"Women Development","potentialAction":[{"@type":"SearchAction","target":{"@type":"EntryPoint","urlTemplate":"https:\/\/empow-her.com\/?s={search_term_string}"},"query-input":{"@type":"PropertyValueSpecification","valueRequired":true,"valueName":"search_term_string"}}],"inLanguage":"es"}]}},"_links":{"self":[{"href":"https:\/\/empow-her.com\/es\/wp-json\/wp\/v2\/product\/149307","targetHints":{"allow":["GET"]}}],"collection":[{"href":"https:\/\/empow-her.com\/es\/wp-json\/wp\/v2\/product"}],"about":[{"href":"https:\/\/empow-her.com\/es\/wp-json\/wp\/v2\/types\/product"}],"wp:featuredmedia":[{"embeddable":true,"href":"https:\/\/empow-her.com\/es\/wp-json\/wp\/v2\/media\/149676"}],"wp:attachment":[{"href":"https:\/\/empow-her.com\/es\/wp-json\/wp\/v2\/media?parent=149307"}],"wp:term":[{"taxonomy":"product_brand","embeddable":true,"href":"https:\/\/empow-her.com\/es\/wp-json\/wp\/v2\/product_brand?post=149307"},{"taxonomy":"product_cat","embeddable":true,"href":"https:\/\/empow-her.com\/es\/wp-json\/wp\/v2\/product_cat?post=149307"},{"taxonomy":"product_tag","embeddable":true,"href":"https:\/\/empow-her.com\/es\/wp-json\/wp\/v2\/product_tag?post=149307"},{"taxonomy":"lieu","embeddable":true,"href":"https:\/\/empow-her.com\/es\/wp-json\/wp\/v2\/lieu?post=149307"},{"taxonomy":"thematiques","embeddable":true,"href":"https:\/\/empow-her.com\/es\/wp-json\/wp\/v2\/thematiques?post=149307"}],"curies":[{"name":"wp","href":"https:\/\/api.w.org\/{rel}","templated":true}]}}