{"id":147275,"date":"2023-03-13T14:29:46","date_gmt":"2023-03-13T13:29:46","guid":{"rendered":"https:\/\/empow-her.com\/?post_type=product&#038;p=147275"},"modified":"2023-03-24T17:32:57","modified_gmt":"2023-03-24T16:32:57","slug":"atelier-powher-se-reveler-au-travers-de-la-couleur","status":"publish","type":"product","link":"https:\/\/empow-her.com\/es\/produit\/atelier-powher-se-reveler-au-travers-de-la-couleur\/","title":{"rendered":"Atelier Pow&#8217;her &#8211; Se r\u00e9v\u00e9ler au travers de la couleur"},"content":{"rendered":"<div>\n<div>\n<p>Saviez-vous que vous avez 30 secondes pour faire bonne impression \u00e0 quelqu&#8217;un ?<\/p>\n<\/div>\n<div>\n<p><span style=\"font-weight: 400;\">&#x1f3a8; <\/span>Ce qui va faire la diff\u00e9rence c&#8217;est votre confiance en vous, h\u00e9las plus de 3\/4 des femmes rencontrent le syndrome de l&#8217;imposteur et peut avoir de v\u00e9ritables cons\u00e9quences sur elles. Gr\u00e2ce \u00e0 cette conf\u00e9rence d&#8217;1h-1h30, vous apprendrez comment utiliser les couleurs \u00e0 bon escient pour faire bonne impression.<\/p>\n<p><span style=\"font-weight: 400;\">&#x1f4aa;<\/span>La mission d&#8217;Emmanuelle Vernon est d&#8217;aider les femmes \u00e0 s&#8217;accomplir dans leur authenticit\u00e9 en leur donnant des outils simples pour muscler leur estime d&#8217;elle, notamment avec la psychologie des couleurs.<\/p>\n<p>&nbsp;<\/p>\n<\/div>\n<div><span class=\"fxk3tzhb b2rh1bv3 gh55jysx m8h3af8h ewco64xe kjdc1dyq ms56khn7 bq6c9xl4 eohcrkr5 akh3l2rg\"><img decoding=\"async\" src=\"https:\/\/static.xx.fbcdn.net\/images\/emoji.php\/v9\/te4\/1.5\/16\/26a1.png\" alt=\"&#x26a1;&#xfe0f;\" width=\"16\" height=\"16\" \/><\/span><span class=\"fxk3tzhb b2rh1bv3 gh55jysx m8h3af8h ewco64xe kjdc1dyq ms56khn7 bq6c9xl4 eohcrkr5 akh3l2rg\"><img decoding=\"async\" src=\"https:\/\/static.xx.fbcdn.net\/images\/emoji.php\/v9\/te4\/1.5\/16\/26a1.png\" alt=\"&#x26a1;&#xfe0f;\" width=\"16\" height=\"16\" \/><\/span><span class=\"fxk3tzhb b2rh1bv3 gh55jysx m8h3af8h ewco64xe kjdc1dyq ms56khn7 bq6c9xl4 eohcrkr5 akh3l2rg\"><img decoding=\"async\" src=\"https:\/\/static.xx.fbcdn.net\/images\/emoji.php\/v9\/te4\/1.5\/16\/26a1.png\" alt=\"&#x26a1;&#xfe0f;\" width=\"16\" height=\"16\" \/><\/span><\/div>\n<\/div>\n<div><\/div>\n<div class=\"l7ghb35v kjdc1dyq kmwttqpk gh25dzvf jikcssrz\"><strong>Infos pratiques<\/strong><br \/>\n<span class=\"fxk3tzhb b2rh1bv3 gh55jysx m8h3af8h ewco64xe kjdc1dyq ms56khn7 bq6c9xl4 eohcrkr5 akh3l2rg\"><img decoding=\"async\" src=\"https:\/\/static.xx.fbcdn.net\/images\/emoji.php\/v9\/td7\/1.5\/16\/1f4c5.png\" alt=\"&#x1f4c5;\" width=\"16\" height=\"16\" \/><\/span> L\u2019\u00e9v\u00e9nement se d\u00e9roulera le mardi 4 avril de 19h \u00e0 20h30<br \/>\n<span class=\"fxk3tzhb b2rh1bv3 gh55jysx m8h3af8h ewco64xe kjdc1dyq ms56khn7 bq6c9xl4 eohcrkr5 akh3l2rg\"><img decoding=\"async\" src=\"https:\/\/static.xx.fbcdn.net\/images\/emoji.php\/v9\/t8b\/1.5\/16\/1f516.png\" alt=\"&#x1f516;\" width=\"16\" height=\"16\" \/><\/span> R\u00e9servation gratuite obligatoire<br \/>\n<span class=\"fxk3tzhb b2rh1bv3 gh55jysx m8h3af8h ewco64xe kjdc1dyq ms56khn7 bq6c9xl4 eohcrkr5 akh3l2rg\"><img loading=\"lazy\" decoding=\"async\" src=\"https:\/\/static.xx.fbcdn.net\/images\/emoji.php\/v9\/t86\/1.5\/16\/1f4cd.png\" alt=\"&#x1f4cd;\" width=\"16\" height=\"16\" \/><\/span> Sist\u2019Her : 82 rue du Faubourg Saint-Martin 75010 Paris<\/div>\n<div><\/div>\n<div class=\"l7ghb35v kjdc1dyq kmwttqpk gh25dzvf jikcssrz\">Ouvert en mars 2021, Sist\u2019Her est le premier tiers-lieu sorore, d\u00e9di\u00e9 aux entrepreneuses et \u00e0 l&#8217;impact en \u00cele-de-France. Port\u00e9 par l\u2019association Empow\u2019Her, c\u2019est un lieu de formations et de rencontres inclusif et collaboratif. Ouvert \u00e0 tou\u00b7te\u00b7s o\u00f9 il est possible de se former, s\u2019inspirer, s\u2019engager et se rencontrer.<\/div>\n<div><\/div>\n<div class=\"l7ghb35v kjdc1dyq kmwttqpk gh25dzvf jikcssrz\">A tr\u00e8s vite ! <span class=\"fxk3tzhb b2rh1bv3 gh55jysx m8h3af8h ewco64xe kjdc1dyq ms56khn7 bq6c9xl4 eohcrkr5 akh3l2rg\"><img loading=\"lazy\" decoding=\"async\" src=\"https:\/\/static.xx.fbcdn.net\/images\/emoji.php\/v9\/t56\/1.5\/16\/1f64c.png\" alt=\"&#x1f64c;\" width=\"16\" height=\"16\" \/><\/span><\/div>\n","protected":false},"excerpt":{"rendered":"<div class=\"x11i5rnm xat24cr x1mh8g0r x1vvkbs xtlvy1s\">\n<div>\n<div>\n<p>Saviez-vous que vous avez 30 secondes pour faire bonne impression \u00e0 quelqu&#8217;un ?<\/p>\n<\/div>\n<div>\n<p><span style=\"font-weight: 400;\">&#x1f3a8; <\/span>Ce qui va faire la diff\u00e9rence c&#8217;est votre confiance en vous, h\u00e9las plus de 3\/4 des femmes rencontrent le syndrome de l&#8217;imposteur et peut avoir de v\u00e9ritables cons\u00e9quences sur elles. Gr\u00e2ce \u00e0 cette conf\u00e9rence d&#8217;1h-1h30, vous apprendrez comment utiliser les couleurs \u00e0 bon escient pour faire bonne impression.<\/p>\n<p><span style=\"font-weight: 400;\">&#x1f4aa;<\/span>La mission d&#8217;Emmanuelle Vernon est d&#8217;aider les femmes \u00e0 s&#8217;accomplir dans leur authenticit\u00e9 en leur donnant des outils simples pour muscler leur estime d&#8217;elle, notamment avec la psychologie des couleurs.<\/p>\n<\/div>\n<div><\/div>\n<div><span class=\"fxk3tzhb b2rh1bv3 gh55jysx m8h3af8h ewco64xe kjdc1dyq ms56khn7 bq6c9xl4 eohcrkr5 akh3l2rg\"><img decoding=\"async\" src=\"https:\/\/static.xx.fbcdn.net\/images\/emoji.php\/v9\/te4\/1.5\/16\/26a1.png\" alt=\"&#x26a1;&#xfe0f;\" width=\"16\" height=\"16\" \/><\/span><span class=\"fxk3tzhb b2rh1bv3 gh55jysx m8h3af8h ewco64xe kjdc1dyq ms56khn7 bq6c9xl4 eohcrkr5 akh3l2rg\"><img decoding=\"async\" src=\"https:\/\/static.xx.fbcdn.net\/images\/emoji.php\/v9\/te4\/1.5\/16\/26a1.png\" alt=\"&#x26a1;&#xfe0f;\" width=\"16\" height=\"16\" \/><\/span><span class=\"fxk3tzhb b2rh1bv3 gh55jysx m8h3af8h ewco64xe kjdc1dyq ms56khn7 bq6c9xl4 eohcrkr5 akh3l2rg\"><img decoding=\"async\" src=\"https:\/\/static.xx.fbcdn.net\/images\/emoji.php\/v9\/te4\/1.5\/16\/26a1.png\" alt=\"&#x26a1;&#xfe0f;\" width=\"16\" height=\"16\" \/><\/span><\/div>\n<\/div>\n<div><\/div>\n<div class=\"l7ghb35v kjdc1dyq kmwttqpk gh25dzvf jikcssrz\"><strong>Infos pratiques<\/strong><br \/>\n<span class=\"fxk3tzhb b2rh1bv3 gh55jysx m8h3af8h ewco64xe kjdc1dyq ms56khn7 bq6c9xl4 eohcrkr5 akh3l2rg\"><img decoding=\"async\" src=\"https:\/\/static.xx.fbcdn.net\/images\/emoji.php\/v9\/td7\/1.5\/16\/1f4c5.png\" alt=\"&#x1f4c5;\" width=\"16\" height=\"16\" \/><\/span> L\u2019\u00e9v\u00e9nement se d\u00e9roulera le mardi 4 avril de 19h \u00e0 20h30.<br \/>\n<span class=\"fxk3tzhb b2rh1bv3 gh55jysx m8h3af8h ewco64xe kjdc1dyq ms56khn7 bq6c9xl4 eohcrkr5 akh3l2rg\"><img decoding=\"async\" src=\"https:\/\/static.xx.fbcdn.net\/images\/emoji.php\/v9\/t8b\/1.5\/16\/1f516.png\" alt=\"&#x1f516;\" width=\"16\" height=\"16\" \/><\/span> R\u00e9servation gratuite obligatoire<br \/>\n<span class=\"fxk3tzhb b2rh1bv3 gh55jysx m8h3af8h ewco64xe kjdc1dyq ms56khn7 bq6c9xl4 eohcrkr5 akh3l2rg\"><img loading=\"lazy\" decoding=\"async\" src=\"https:\/\/static.xx.fbcdn.net\/images\/emoji.php\/v9\/t86\/1.5\/16\/1f4cd.png\" alt=\"&#x1f4cd;\" width=\"16\" height=\"16\" \/><\/span> Sist\u2019Her : 82 rue du Faubourg Saint-Martin 75010 Paris<\/div>\n<div><\/div>\n<div class=\"l7ghb35v kjdc1dyq kmwttqpk gh25dzvf jikcssrz\">Ouvert en mars 2021, Sist\u2019Her est le premier tiers-lieu sorore, d\u00e9di\u00e9 aux entrepreneuses et \u00e0 l&#8217;impact en \u00cele-de-France. Port\u00e9 par l\u2019association Empow\u2019Her, c\u2019est un lieu de formations et de rencontres inclusif et collaboratif. Ouvert \u00e0 tou\u00b7te\u00b7s o\u00f9 il est possible de se former, s\u2019inspirer, s\u2019engager et se rencontrer.<\/div>\n<div><\/div>\n<div class=\"l7ghb35v kjdc1dyq kmwttqpk gh25dzvf jikcssrz\">A tr\u00e8s vite ! <span class=\"fxk3tzhb b2rh1bv3 gh55jysx m8h3af8h ewco64xe kjdc1dyq ms56khn7 bq6c9xl4 eohcrkr5 akh3l2rg\"><img loading=\"lazy\" decoding=\"async\" src=\"https:\/\/static.xx.fbcdn.net\/images\/emoji.php\/v9\/t56\/1.5\/16\/1f64c.png\" alt=\"&#x1f64c;\" width=\"16\" height=\"16\" \/><\/span><\/div>\n<\/div>\n","protected":false},"featured_media":147276,"template":"","format":"standard","meta":{"_acf_changed":false,"om_disable_all_campaigns":false,"_uf_show_specific_survey":0,"_uf_disable_surveys":false},"product_brand":[],"product_cat":[119],"product_tag":[],"lieu":[127],"thematiques":[],"class_list":{"0":"post-147275","1":"product","2":"type-product","3":"status-publish","4":"format-standard","5":"has-post-thumbnail","7":"product_cat-evenement-sisther","8":"lieu-hub-empowher","10":"first","11":"instock","12":"virtual","13":"purchasable","14":"product-type-appointment"},"exclude_global_add_ons":[],"addons":[],"acf":[],"yoast_head":"<!-- This site is optimized with the Yoast SEO plugin v24.8 - https:\/\/yoast.com\/wordpress\/plugins\/seo\/ -->\n<title>Atelier Pow&#039;her - Se r\u00e9v\u00e9ler au travers de la couleur<\/title>\n<meta name=\"description\" content=\"Apprenez \u00e0 vous r\u00e9v\u00e9ler au travers des couleurs pour que la premi\u00e8re impression soit la bonne ! Rendez-vous mardi 4 avril d\u00e8s 19h chez Sist&#039;Her Paris.\u00a0\" \/>\n<meta name=\"robots\" content=\"index, follow, max-snippet:-1, max-image-preview:large, max-video-preview:-1\" \/>\n<link rel=\"canonical\" href=\"https:\/\/empow-her.com\/produit\/atelier-powher-se-reveler-au-travers-de-la-couleur\/\" \/>\n<meta property=\"og:locale\" content=\"es_ES\" \/>\n<meta property=\"og:type\" content=\"article\" \/>\n<meta property=\"og:title\" content=\"Atelier Pow&#039;her - Se r\u00e9v\u00e9ler au travers de la couleur\" \/>\n<meta property=\"og:description\" content=\"Apprenez \u00e0 vous r\u00e9v\u00e9ler au travers des couleurs pour que la premi\u00e8re impression soit la bonne ! Rendez-vous mardi 4 avril d\u00e8s 19h chez Sist&#039;Her Paris.\u00a0\" \/>\n<meta property=\"og:url\" content=\"https:\/\/empow-her.com\/produit\/atelier-powher-se-reveler-au-travers-de-la-couleur\/\" \/>\n<meta property=\"og:site_name\" content=\"Empow&#039;Her\" \/>\n<meta property=\"article:modified_time\" content=\"2023-03-24T16:32:57+00:00\" \/>\n<meta property=\"og:image\" content=\"https:\/\/empow-her.com\/wp-content\/uploads\/2023\/03\/PowHer.png\" \/>\n\t<meta property=\"og:image:width\" content=\"1080\" \/>\n\t<meta property=\"og:image:height\" content=\"1080\" \/>\n\t<meta property=\"og:image:type\" content=\"image\/png\" \/>\n<meta name=\"twitter:card\" content=\"summary_large_image\" \/>\n<meta name=\"twitter:label1\" content=\"Tiempo de lectura\" \/>\n\t<meta name=\"twitter:data1\" content=\"3 minutos\" \/>\n<script type=\"application\/ld+json\" class=\"yoast-schema-graph\">{\"@context\":\"https:\/\/schema.org\",\"@graph\":[{\"@type\":\"WebPage\",\"@id\":\"https:\/\/empow-her.com\/produit\/atelier-powher-se-reveler-au-travers-de-la-couleur\/\",\"url\":\"https:\/\/empow-her.com\/produit\/atelier-powher-se-reveler-au-travers-de-la-couleur\/\",\"name\":\"Atelier Pow'her - Se r\u00e9v\u00e9ler au travers de la couleur\",\"isPartOf\":{\"@id\":\"https:\/\/empow-her.com\/#website\"},\"primaryImageOfPage\":{\"@id\":\"https:\/\/empow-her.com\/produit\/atelier-powher-se-reveler-au-travers-de-la-couleur\/#primaryimage\"},\"image\":{\"@id\":\"https:\/\/empow-her.com\/produit\/atelier-powher-se-reveler-au-travers-de-la-couleur\/#primaryimage\"},\"thumbnailUrl\":\"https:\/\/empow-her.com\/wp-content\/uploads\/2023\/03\/PowHer.png\",\"datePublished\":\"2023-03-13T13:29:46+00:00\",\"dateModified\":\"2023-03-24T16:32:57+00:00\",\"description\":\"Apprenez \u00e0 vous r\u00e9v\u00e9ler au travers des couleurs pour que la premi\u00e8re impression soit la bonne ! Rendez-vous mardi 4 avril d\u00e8s 19h chez Sist'Her Paris.\u00a0\",\"breadcrumb\":{\"@id\":\"https:\/\/empow-her.com\/produit\/atelier-powher-se-reveler-au-travers-de-la-couleur\/#breadcrumb\"},\"inLanguage\":\"es\",\"potentialAction\":[{\"@type\":\"ReadAction\",\"target\":[\"https:\/\/empow-her.com\/produit\/atelier-powher-se-reveler-au-travers-de-la-couleur\/\"]}]},{\"@type\":\"ImageObject\",\"inLanguage\":\"es\",\"@id\":\"https:\/\/empow-her.com\/produit\/atelier-powher-se-reveler-au-travers-de-la-couleur\/#primaryimage\",\"url\":\"https:\/\/empow-her.com\/wp-content\/uploads\/2023\/03\/PowHer.png\",\"contentUrl\":\"https:\/\/empow-her.com\/wp-content\/uploads\/2023\/03\/PowHer.png\",\"width\":1080,\"height\":1080},{\"@type\":\"BreadcrumbList\",\"@id\":\"https:\/\/empow-her.com\/produit\/atelier-powher-se-reveler-au-travers-de-la-couleur\/#breadcrumb\",\"itemListElement\":[{\"@type\":\"ListItem\",\"position\":1,\"name\":\"Accueil\",\"item\":\"https:\/\/empow-her.com\/es\/inicio\/\"},{\"@type\":\"ListItem\",\"position\":2,\"name\":\"LA BOUTIQUE\",\"item\":\"https:\/\/empow-her.com\/boutique\/\"},{\"@type\":\"ListItem\",\"position\":3,\"name\":\"Atelier Pow&#8217;her &#8211; Se r\u00e9v\u00e9ler au travers de la couleur\"}]},{\"@type\":\"WebSite\",\"@id\":\"https:\/\/empow-her.com\/#website\",\"url\":\"https:\/\/empow-her.com\/\",\"name\":\"Empow&#039;Her\",\"description\":\"Women Development\",\"potentialAction\":[{\"@type\":\"SearchAction\",\"target\":{\"@type\":\"EntryPoint\",\"urlTemplate\":\"https:\/\/empow-her.com\/?s={search_term_string}\"},\"query-input\":{\"@type\":\"PropertyValueSpecification\",\"valueRequired\":true,\"valueName\":\"search_term_string\"}}],\"inLanguage\":\"es\"}]}<\/script>\n<!-- \/ Yoast SEO plugin. -->","yoast_head_json":{"title":"Atelier Pow'her - Se r\u00e9v\u00e9ler au travers de la couleur","description":"Apprenez \u00e0 vous r\u00e9v\u00e9ler au travers des couleurs pour que la premi\u00e8re impression soit la bonne ! Rendez-vous mardi 4 avril d\u00e8s 19h chez Sist'Her Paris.\u00a0","robots":{"index":"index","follow":"follow","max-snippet":"max-snippet:-1","max-image-preview":"max-image-preview:large","max-video-preview":"max-video-preview:-1"},"canonical":"https:\/\/empow-her.com\/produit\/atelier-powher-se-reveler-au-travers-de-la-couleur\/","og_locale":"es_ES","og_type":"article","og_title":"Atelier Pow'her - Se r\u00e9v\u00e9ler au travers de la couleur","og_description":"Apprenez \u00e0 vous r\u00e9v\u00e9ler au travers des couleurs pour que la premi\u00e8re impression soit la bonne ! Rendez-vous mardi 4 avril d\u00e8s 19h chez Sist'Her Paris.\u00a0","og_url":"https:\/\/empow-her.com\/produit\/atelier-powher-se-reveler-au-travers-de-la-couleur\/","og_site_name":"Empow&#039;Her","article_modified_time":"2023-03-24T16:32:57+00:00","og_image":[{"width":1080,"height":1080,"url":"https:\/\/empow-her.com\/wp-content\/uploads\/2023\/03\/PowHer.png","type":"image\/png"}],"twitter_card":"summary_large_image","twitter_misc":{"Tiempo de lectura":"3 minutos"},"schema":{"@context":"https:\/\/schema.org","@graph":[{"@type":"WebPage","@id":"https:\/\/empow-her.com\/produit\/atelier-powher-se-reveler-au-travers-de-la-couleur\/","url":"https:\/\/empow-her.com\/produit\/atelier-powher-se-reveler-au-travers-de-la-couleur\/","name":"Atelier Pow'her - Se r\u00e9v\u00e9ler au travers de la couleur","isPartOf":{"@id":"https:\/\/empow-her.com\/#website"},"primaryImageOfPage":{"@id":"https:\/\/empow-her.com\/produit\/atelier-powher-se-reveler-au-travers-de-la-couleur\/#primaryimage"},"image":{"@id":"https:\/\/empow-her.com\/produit\/atelier-powher-se-reveler-au-travers-de-la-couleur\/#primaryimage"},"thumbnailUrl":"https:\/\/empow-her.com\/wp-content\/uploads\/2023\/03\/PowHer.png","datePublished":"2023-03-13T13:29:46+00:00","dateModified":"2023-03-24T16:32:57+00:00","description":"Apprenez \u00e0 vous r\u00e9v\u00e9ler au travers des couleurs pour que la premi\u00e8re impression soit la bonne ! Rendez-vous mardi 4 avril d\u00e8s 19h chez Sist'Her Paris.\u00a0","breadcrumb":{"@id":"https:\/\/empow-her.com\/produit\/atelier-powher-se-reveler-au-travers-de-la-couleur\/#breadcrumb"},"inLanguage":"es","potentialAction":[{"@type":"ReadAction","target":["https:\/\/empow-her.com\/produit\/atelier-powher-se-reveler-au-travers-de-la-couleur\/"]}]},{"@type":"ImageObject","inLanguage":"es","@id":"https:\/\/empow-her.com\/produit\/atelier-powher-se-reveler-au-travers-de-la-couleur\/#primaryimage","url":"https:\/\/empow-her.com\/wp-content\/uploads\/2023\/03\/PowHer.png","contentUrl":"https:\/\/empow-her.com\/wp-content\/uploads\/2023\/03\/PowHer.png","width":1080,"height":1080},{"@type":"BreadcrumbList","@id":"https:\/\/empow-her.com\/produit\/atelier-powher-se-reveler-au-travers-de-la-couleur\/#breadcrumb","itemListElement":[{"@type":"ListItem","position":1,"name":"Accueil","item":"https:\/\/empow-her.com\/es\/inicio\/"},{"@type":"ListItem","position":2,"name":"LA BOUTIQUE","item":"https:\/\/empow-her.com\/boutique\/"},{"@type":"ListItem","position":3,"name":"Atelier Pow&#8217;her &#8211; Se r\u00e9v\u00e9ler au travers de la couleur"}]},{"@type":"WebSite","@id":"https:\/\/empow-her.com\/#website","url":"https:\/\/empow-her.com\/","name":"Empow&#039;Her","description":"Women Development","potentialAction":[{"@type":"SearchAction","target":{"@type":"EntryPoint","urlTemplate":"https:\/\/empow-her.com\/?s={search_term_string}"},"query-input":{"@type":"PropertyValueSpecification","valueRequired":true,"valueName":"search_term_string"}}],"inLanguage":"es"}]}},"_links":{"self":[{"href":"https:\/\/empow-her.com\/es\/wp-json\/wp\/v2\/product\/147275","targetHints":{"allow":["GET"]}}],"collection":[{"href":"https:\/\/empow-her.com\/es\/wp-json\/wp\/v2\/product"}],"about":[{"href":"https:\/\/empow-her.com\/es\/wp-json\/wp\/v2\/types\/product"}],"wp:featuredmedia":[{"embeddable":true,"href":"https:\/\/empow-her.com\/es\/wp-json\/wp\/v2\/media\/147276"}],"wp:attachment":[{"href":"https:\/\/empow-her.com\/es\/wp-json\/wp\/v2\/media?parent=147275"}],"wp:term":[{"taxonomy":"product_brand","embeddable":true,"href":"https:\/\/empow-her.com\/es\/wp-json\/wp\/v2\/product_brand?post=147275"},{"taxonomy":"product_cat","embeddable":true,"href":"https:\/\/empow-her.com\/es\/wp-json\/wp\/v2\/product_cat?post=147275"},{"taxonomy":"product_tag","embeddable":true,"href":"https:\/\/empow-her.com\/es\/wp-json\/wp\/v2\/product_tag?post=147275"},{"taxonomy":"lieu","embeddable":true,"href":"https:\/\/empow-her.com\/es\/wp-json\/wp\/v2\/lieu?post=147275"},{"taxonomy":"thematiques","embeddable":true,"href":"https:\/\/empow-her.com\/es\/wp-json\/wp\/v2\/thematiques?post=147275"}],"curies":[{"name":"wp","href":"https:\/\/api.w.org\/{rel}","templated":true}]}}