{"id":145337,"date":"2023-03-06T15:11:27","date_gmt":"2023-03-06T14:11:27","guid":{"rendered":"https:\/\/empow-her.com\/?post_type=product&#038;p=145337"},"modified":"2023-03-23T17:44:41","modified_gmt":"2023-03-23T16:44:41","slug":"coaching-la-creation-de-videos-impactantes","status":"publish","type":"product","link":"https:\/\/empow-her.com\/es\/produit\/coaching-la-creation-de-videos-impactantes\/","title":{"rendered":"Coaching &#8211; La cr\u00e9ation de vid\u00e9os impactantes"},"content":{"rendered":"<p><strong>Besoin :<\/strong> &#8220;Je souhaite r\u00e9aliser des vid\u00e9os pour mettre le storytelling de ma marque en mouvement&#8221;<\/p>\n<p><strong>Description :<\/strong><\/p>\n<div>Cette permanence a pour objectif de vous accompagner \u00e0 chaque \u00e9tape de la cr\u00e9ation de contenus vid\u00e9os. Selon votre avanc\u00e9e, diff\u00e9rentes questions peuvent se dessiner : Quels outils vid\u00e9os seraient \u00e0 privil\u00e9gier ? Quel format vid\u00e9o serait le plus appropri\u00e9 \u00e0 l&#8217;\u00e9tape de mon projet ? Comment les r\u00e9aliser ? \u00c0 qui faire appel ? Quel budget ?<\/div>\n<div><\/div>\n<div>Durant notre \u00e9change, nous \u00e9laborerons ensemble une planification strat\u00e9gique pour donner jour \u00e0 vos premiers outils vid\u00e9o. Si un premier format r\u00e9alis\u00e9 en autonomie est envisageable, nous d\u00e9finirons la r\u00e9alisation possible, la mani\u00e8re de proc\u00e9der et anticiperons les possibles difficult\u00e9s rencontr\u00e9es. Tant sur la forme que le fond, nous prendrons cette heure ensemble, pour trouver les cl\u00e9s n\u00e9cessaires \u00e0 l&#8217;\u00e9laboration de vos premiers supports vid\u00e9os repr\u00e9sentants votre marque et votre projet.<\/div>\n<p><strong>Intervenant.e.s : Ma\u00eblla-Micha\u00eblle Mar\u00e9chal <\/strong>de l&#8217;agence Leslieuxdits<\/p>\n<p>R\u00e9alisatrice et autrice multim\u00e9dia, mon expertise se porte sur vos vid\u00e9os et votre contenu images (vid\u00e9os&#8230;). Ayant pos\u00e9 mon regard dans diff\u00e9rents domaines, r\u00e9alis\u00e9 du contenu visuel pour l&#8217;art vivant, pour du documentaire, de la fiction ou du corporate, mon parcours m&#8217;a permis de guider et poser un regard sur le travail des autres. Entrepreneuse engag\u00e9e, j&#8217;ai conscience des enjeux et difficult\u00e9s rencontr\u00e9es lorsqu&#8217;on se bat pour monter et cr\u00e9er son propre projet. Je suis \u00e0 votre \u00e9coute, pour poser un regard affut\u00e9 sur votre contenu et r\u00e9pondre \u00e0 vos questions.<\/p>\n<p><strong>Son super pouvoir :<\/strong> &#8220;Cr\u00e9atrice d&#8217;images&#8221; ou &#8220;guide de visions&#8221;<\/p>\n<p><strong>Leur petit mot : <\/strong>Gardez toujours la certitude que votre projet m\u00e9rite d&#8217;exister, d&#8217;\u00eatre vu et partag\u00e9. Gardez confiance en vous !<\/p>\n<p><strong>Dur\u00e9e :<\/strong> 1h en ligne<\/p>\n<p><strong>Attention<\/strong> ! Veuillez vous pr\u00e9senter \u00e0 l\u2019heure pour que l\u2019activit\u00e9 puisse commencer \u00e0 temps. Si vous avez du retard veuillez pr\u00e9venir l\u2019intervenant.e. Si vous avez plus de 15 min de retard l\u2019intervenant.e se r\u00e9serve le droit de ne pas vous accepter pour le coaching ou l\u2019atelier.<\/p>\n","protected":false},"excerpt":{"rendered":"<p><strong>Besoin :<\/strong> &#8220;Je souhaite r\u00e9aliser des vid\u00e9os pour mettre le storytelling de ma marque en mouvement&#8221;<\/p>\n<p><strong>Description :<\/strong><\/p>\n<div>Cette permanence a pour objectif de vous accompagner \u00e0 chaque \u00e9tape de la cr\u00e9ation de contenus vid\u00e9os. Selon votre avanc\u00e9e, diff\u00e9rentes questions peuvent se dessiner : Quels outils vid\u00e9os seraient \u00e0 privil\u00e9gier ? Quel format vid\u00e9o serait le plus appropri\u00e9 \u00e0 l&#8217;\u00e9tape de mon projet ? Comment les r\u00e9aliser ? \u00c0 qui faire appel ? Quel budget ?<\/div>\n<div><\/div>\n<div>Durant notre \u00e9change, nous \u00e9laborerons ensemble une planification strat\u00e9gique pour donner jour \u00e0 vos premiers outils vid\u00e9o. Si un premier format r\u00e9alis\u00e9 en autonomie est envisageable, nous d\u00e9finirons la r\u00e9alisation possible, la mani\u00e8re de proc\u00e9der et anticiperons les possibles difficult\u00e9s rencontr\u00e9es. Tant sur la forme que le fond, nous prendrons cette heure ensemble, pour trouver les cl\u00e9s n\u00e9cessaires \u00e0 l&#8217;\u00e9laboration de vos premiers supports vid\u00e9os repr\u00e9sentants votre marque et votre projet.<\/div>\n<p><strong>Intervenant.e.s : Ma\u00eblla-Micha\u00eblle Mar\u00e9chal <\/strong>de l&#8217;agence Leslieuxdits<\/p>\n<p>R\u00e9alisatrice et autrice multim\u00e9dia, mon expertise se porte sur vos vid\u00e9os et votre contenu images (vid\u00e9os&#8230;). Ayant pos\u00e9 mon regard dans diff\u00e9rents domaines, r\u00e9alis\u00e9 du contenu visuel pour l&#8217;art vivant, pour du documentaire, de la fiction ou du corporate, mon parcours m&#8217;a permis de guider et poser un regard sur le travail des autres. Entrepreneuse engag\u00e9e, j&#8217;ai conscience des enjeux et difficult\u00e9s rencontr\u00e9es lorsqu&#8217;on se bat pour monter et cr\u00e9er son propre projet. Je suis \u00e0 votre \u00e9coute, pour poser un regard affut\u00e9 sur votre contenu et r\u00e9pondre \u00e0 vos questions.<\/p>\n<p><strong>Son super pouvoir :<\/strong> &#8220;Cr\u00e9atrice d&#8217;images&#8221; ou &#8220;guide de visions&#8221;<\/p>\n<p><strong>Leur petit mot : <\/strong>Gardez toujours la certitude que votre projet m\u00e9rite d&#8217;exister, d&#8217;\u00eatre vu et partag\u00e9. Gardez confiance en vous !<\/p>\n<p><strong>Dur\u00e9e :<\/strong> 1h en ligne<\/p>\n<p><strong>Attention<\/strong> ! Veuillez vous pr\u00e9senter \u00e0 l\u2019heure pour que l\u2019activit\u00e9 puisse commencer \u00e0 temps. Si vous avez du retard veuillez pr\u00e9venir l\u2019intervenant.e. Si vous avez plus de 15 min de retard l\u2019intervenant.e se r\u00e9serve le droit de ne pas vous accepter pour le coaching ou l\u2019atelier.<\/p>\n","protected":false},"featured_media":149972,"template":"","format":"standard","meta":{"_acf_changed":false,"om_disable_all_campaigns":false,"_uf_show_specific_survey":0,"_uf_disable_surveys":false},"product_brand":[],"product_cat":[121],"product_tag":[],"lieu":[125],"thematiques":[],"class_list":{"0":"post-145337","1":"product","2":"type-product","3":"status-publish","4":"format-standard","5":"has-post-thumbnail","7":"product_cat-coaching","8":"lieu-en-ligne","10":"first","11":"instock","12":"virtual","13":"purchasable","14":"product-type-appointment"},"exclude_global_add_ons":[],"addons":[],"acf":[],"yoast_head":"<!-- This site is optimized with the Yoast SEO plugin v24.8 - https:\/\/yoast.com\/wordpress\/plugins\/seo\/ -->\n<title>Coaching - La cr\u00e9ation de vid\u00e9os impactantes - Empow&#039;Her<\/title>\n<meta name=\"robots\" content=\"index, follow, max-snippet:-1, max-image-preview:large, max-video-preview:-1\" \/>\n<link rel=\"canonical\" href=\"https:\/\/empow-her.com\/produit\/coaching-la-creation-de-videos-impactantes\/\" \/>\n<meta property=\"og:locale\" content=\"es_ES\" \/>\n<meta property=\"og:type\" content=\"article\" \/>\n<meta property=\"og:title\" content=\"Coaching - La cr\u00e9ation de vid\u00e9os impactantes - Empow&#039;Her\" \/>\n<meta property=\"og:description\" content=\"Besoin : &quot;Je souhaite r\u00e9aliser des vid\u00e9os pour mettre le storytelling de ma marque en mouvement&quot;  Description : Cette permanence a pour objectif de vous accompagner \u00e0 chaque \u00e9tape de la cr\u00e9ation de contenus vid\u00e9os. Selon votre avanc\u00e9e, diff\u00e9rentes questions peuvent se dessiner : Quels outils vid\u00e9os seraient \u00e0 privil\u00e9gier ? Quel format vid\u00e9o serait le plus appropri\u00e9 \u00e0 l&#039;\u00e9tape de mon projet ? Comment les r\u00e9aliser ? \u00c0 qui faire appel ? Quel budget ?  Durant notre \u00e9change, nous \u00e9laborerons ensemble une planification strat\u00e9gique pour donner jour \u00e0 vos premiers outils vid\u00e9o. Si un premier format r\u00e9alis\u00e9 en autonomie est envisageable, nous d\u00e9finirons la r\u00e9alisation possible, la mani\u00e8re de proc\u00e9der et anticiperons les possibles difficult\u00e9s rencontr\u00e9es. Tant sur la forme que le fond, nous prendrons cette heure ensemble, pour trouver les cl\u00e9s n\u00e9cessaires \u00e0 l&#039;\u00e9laboration de vos premiers supports vid\u00e9os repr\u00e9sentants votre marque et votre projet. Intervenant.e.s : Ma\u00eblla-Micha\u00eblle Mar\u00e9chal de l&#039;agence Leslieuxdits  R\u00e9alisatrice et autrice multim\u00e9dia, mon expertise se porte sur vos vid\u00e9os et votre contenu images (vid\u00e9os...). Ayant pos\u00e9 mon regard dans diff\u00e9rents domaines, r\u00e9alis\u00e9 du contenu visuel pour l&#039;art vivant, pour du documentaire, de la fiction ou du corporate, mon parcours m&#039;a permis de guider et poser un regard sur le travail des autres. Entrepreneuse engag\u00e9e, j&#039;ai conscience des enjeux et difficult\u00e9s rencontr\u00e9es lorsqu&#039;on se bat pour monter et cr\u00e9er son propre projet. Je suis \u00e0 votre \u00e9coute, pour poser un regard affut\u00e9 sur votre contenu et r\u00e9pondre \u00e0 vos questions.  Son super pouvoir : &quot;Cr\u00e9atrice d&#039;images&quot; ou &quot;guide de visions&quot;  Leur petit mot : Gardez toujours la certitude que votre projet m\u00e9rite d&#039;exister, d&#039;\u00eatre vu et partag\u00e9. Gardez confiance en vous !  Dur\u00e9e : 1h en ligne  Attention ! Veuillez vous pr\u00e9senter \u00e0 l\u2019heure pour que l\u2019activit\u00e9 puisse commencer \u00e0 temps. Si vous avez du retard veuillez pr\u00e9venir l\u2019intervenant.e. Si vous avez plus de 15 min de retard l\u2019intervenant.e se r\u00e9serve le droit de ne pas vous accepter pour le coaching ou l\u2019atelier.\" \/>\n<meta property=\"og:url\" content=\"https:\/\/empow-her.com\/produit\/coaching-la-creation-de-videos-impactantes\/\" \/>\n<meta property=\"og:site_name\" content=\"Empow&#039;Her\" \/>\n<meta property=\"article:modified_time\" content=\"2023-03-23T16:44:41+00:00\" \/>\n<meta property=\"og:image\" content=\"https:\/\/empow-her.com\/wp-content\/uploads\/2023\/03\/Women-Dare-templates-events-2023-03-22T123432.592.png\" \/>\n\t<meta property=\"og:image:width\" content=\"1080\" \/>\n\t<meta property=\"og:image:height\" content=\"1080\" \/>\n\t<meta property=\"og:image:type\" content=\"image\/png\" \/>\n<meta name=\"twitter:card\" content=\"summary_large_image\" \/>\n<meta name=\"twitter:label1\" content=\"Tiempo de lectura\" \/>\n\t<meta name=\"twitter:data1\" content=\"2 minutos\" \/>\n<script type=\"application\/ld+json\" class=\"yoast-schema-graph\">{\"@context\":\"https:\/\/schema.org\",\"@graph\":[{\"@type\":\"WebPage\",\"@id\":\"https:\/\/empow-her.com\/produit\/coaching-la-creation-de-videos-impactantes\/\",\"url\":\"https:\/\/empow-her.com\/produit\/coaching-la-creation-de-videos-impactantes\/\",\"name\":\"Coaching - La cr\u00e9ation de vid\u00e9os impactantes - Empow&#039;Her\",\"isPartOf\":{\"@id\":\"https:\/\/empow-her.com\/#website\"},\"primaryImageOfPage\":{\"@id\":\"https:\/\/empow-her.com\/produit\/coaching-la-creation-de-videos-impactantes\/#primaryimage\"},\"image\":{\"@id\":\"https:\/\/empow-her.com\/produit\/coaching-la-creation-de-videos-impactantes\/#primaryimage\"},\"thumbnailUrl\":\"https:\/\/empow-her.com\/wp-content\/uploads\/2023\/03\/Women-Dare-templates-events-2023-03-22T123432.592.png\",\"datePublished\":\"2023-03-06T14:11:27+00:00\",\"dateModified\":\"2023-03-23T16:44:41+00:00\",\"breadcrumb\":{\"@id\":\"https:\/\/empow-her.com\/produit\/coaching-la-creation-de-videos-impactantes\/#breadcrumb\"},\"inLanguage\":\"es\",\"potentialAction\":[{\"@type\":\"ReadAction\",\"target\":[\"https:\/\/empow-her.com\/produit\/coaching-la-creation-de-videos-impactantes\/\"]}]},{\"@type\":\"ImageObject\",\"inLanguage\":\"es\",\"@id\":\"https:\/\/empow-her.com\/produit\/coaching-la-creation-de-videos-impactantes\/#primaryimage\",\"url\":\"https:\/\/empow-her.com\/wp-content\/uploads\/2023\/03\/Women-Dare-templates-events-2023-03-22T123432.592.png\",\"contentUrl\":\"https:\/\/empow-her.com\/wp-content\/uploads\/2023\/03\/Women-Dare-templates-events-2023-03-22T123432.592.png\",\"width\":1080,\"height\":1080},{\"@type\":\"BreadcrumbList\",\"@id\":\"https:\/\/empow-her.com\/produit\/coaching-la-creation-de-videos-impactantes\/#breadcrumb\",\"itemListElement\":[{\"@type\":\"ListItem\",\"position\":1,\"name\":\"Accueil\",\"item\":\"https:\/\/empow-her.com\/es\/inicio\/\"},{\"@type\":\"ListItem\",\"position\":2,\"name\":\"LA BOUTIQUE\",\"item\":\"https:\/\/empow-her.com\/boutique\/\"},{\"@type\":\"ListItem\",\"position\":3,\"name\":\"Coaching &#8211; La cr\u00e9ation de vid\u00e9os impactantes\"}]},{\"@type\":\"WebSite\",\"@id\":\"https:\/\/empow-her.com\/#website\",\"url\":\"https:\/\/empow-her.com\/\",\"name\":\"Empow&#039;Her\",\"description\":\"Women Development\",\"potentialAction\":[{\"@type\":\"SearchAction\",\"target\":{\"@type\":\"EntryPoint\",\"urlTemplate\":\"https:\/\/empow-her.com\/?s={search_term_string}\"},\"query-input\":{\"@type\":\"PropertyValueSpecification\",\"valueRequired\":true,\"valueName\":\"search_term_string\"}}],\"inLanguage\":\"es\"}]}<\/script>\n<!-- \/ Yoast SEO plugin. -->","yoast_head_json":{"title":"Coaching - La cr\u00e9ation de vid\u00e9os impactantes - Empow&#039;Her","robots":{"index":"index","follow":"follow","max-snippet":"max-snippet:-1","max-image-preview":"max-image-preview:large","max-video-preview":"max-video-preview:-1"},"canonical":"https:\/\/empow-her.com\/produit\/coaching-la-creation-de-videos-impactantes\/","og_locale":"es_ES","og_type":"article","og_title":"Coaching - La cr\u00e9ation de vid\u00e9os impactantes - Empow&#039;Her","og_description":"Besoin : \"Je souhaite r\u00e9aliser des vid\u00e9os pour mettre le storytelling de ma marque en mouvement\"  Description : Cette permanence a pour objectif de vous accompagner \u00e0 chaque \u00e9tape de la cr\u00e9ation de contenus vid\u00e9os. Selon votre avanc\u00e9e, diff\u00e9rentes questions peuvent se dessiner : Quels outils vid\u00e9os seraient \u00e0 privil\u00e9gier ? Quel format vid\u00e9o serait le plus appropri\u00e9 \u00e0 l'\u00e9tape de mon projet ? Comment les r\u00e9aliser ? \u00c0 qui faire appel ? Quel budget ?  Durant notre \u00e9change, nous \u00e9laborerons ensemble une planification strat\u00e9gique pour donner jour \u00e0 vos premiers outils vid\u00e9o. Si un premier format r\u00e9alis\u00e9 en autonomie est envisageable, nous d\u00e9finirons la r\u00e9alisation possible, la mani\u00e8re de proc\u00e9der et anticiperons les possibles difficult\u00e9s rencontr\u00e9es. Tant sur la forme que le fond, nous prendrons cette heure ensemble, pour trouver les cl\u00e9s n\u00e9cessaires \u00e0 l'\u00e9laboration de vos premiers supports vid\u00e9os repr\u00e9sentants votre marque et votre projet. Intervenant.e.s : Ma\u00eblla-Micha\u00eblle Mar\u00e9chal de l'agence Leslieuxdits  R\u00e9alisatrice et autrice multim\u00e9dia, mon expertise se porte sur vos vid\u00e9os et votre contenu images (vid\u00e9os...). Ayant pos\u00e9 mon regard dans diff\u00e9rents domaines, r\u00e9alis\u00e9 du contenu visuel pour l'art vivant, pour du documentaire, de la fiction ou du corporate, mon parcours m'a permis de guider et poser un regard sur le travail des autres. Entrepreneuse engag\u00e9e, j'ai conscience des enjeux et difficult\u00e9s rencontr\u00e9es lorsqu'on se bat pour monter et cr\u00e9er son propre projet. Je suis \u00e0 votre \u00e9coute, pour poser un regard affut\u00e9 sur votre contenu et r\u00e9pondre \u00e0 vos questions.  Son super pouvoir : \"Cr\u00e9atrice d'images\" ou \"guide de visions\"  Leur petit mot : Gardez toujours la certitude que votre projet m\u00e9rite d'exister, d'\u00eatre vu et partag\u00e9. Gardez confiance en vous !  Dur\u00e9e : 1h en ligne  Attention ! Veuillez vous pr\u00e9senter \u00e0 l\u2019heure pour que l\u2019activit\u00e9 puisse commencer \u00e0 temps. Si vous avez du retard veuillez pr\u00e9venir l\u2019intervenant.e. Si vous avez plus de 15 min de retard l\u2019intervenant.e se r\u00e9serve le droit de ne pas vous accepter pour le coaching ou l\u2019atelier.","og_url":"https:\/\/empow-her.com\/produit\/coaching-la-creation-de-videos-impactantes\/","og_site_name":"Empow&#039;Her","article_modified_time":"2023-03-23T16:44:41+00:00","og_image":[{"width":1080,"height":1080,"url":"https:\/\/empow-her.com\/wp-content\/uploads\/2023\/03\/Women-Dare-templates-events-2023-03-22T123432.592.png","type":"image\/png"}],"twitter_card":"summary_large_image","twitter_misc":{"Tiempo de lectura":"2 minutos"},"schema":{"@context":"https:\/\/schema.org","@graph":[{"@type":"WebPage","@id":"https:\/\/empow-her.com\/produit\/coaching-la-creation-de-videos-impactantes\/","url":"https:\/\/empow-her.com\/produit\/coaching-la-creation-de-videos-impactantes\/","name":"Coaching - La cr\u00e9ation de vid\u00e9os impactantes - Empow&#039;Her","isPartOf":{"@id":"https:\/\/empow-her.com\/#website"},"primaryImageOfPage":{"@id":"https:\/\/empow-her.com\/produit\/coaching-la-creation-de-videos-impactantes\/#primaryimage"},"image":{"@id":"https:\/\/empow-her.com\/produit\/coaching-la-creation-de-videos-impactantes\/#primaryimage"},"thumbnailUrl":"https:\/\/empow-her.com\/wp-content\/uploads\/2023\/03\/Women-Dare-templates-events-2023-03-22T123432.592.png","datePublished":"2023-03-06T14:11:27+00:00","dateModified":"2023-03-23T16:44:41+00:00","breadcrumb":{"@id":"https:\/\/empow-her.com\/produit\/coaching-la-creation-de-videos-impactantes\/#breadcrumb"},"inLanguage":"es","potentialAction":[{"@type":"ReadAction","target":["https:\/\/empow-her.com\/produit\/coaching-la-creation-de-videos-impactantes\/"]}]},{"@type":"ImageObject","inLanguage":"es","@id":"https:\/\/empow-her.com\/produit\/coaching-la-creation-de-videos-impactantes\/#primaryimage","url":"https:\/\/empow-her.com\/wp-content\/uploads\/2023\/03\/Women-Dare-templates-events-2023-03-22T123432.592.png","contentUrl":"https:\/\/empow-her.com\/wp-content\/uploads\/2023\/03\/Women-Dare-templates-events-2023-03-22T123432.592.png","width":1080,"height":1080},{"@type":"BreadcrumbList","@id":"https:\/\/empow-her.com\/produit\/coaching-la-creation-de-videos-impactantes\/#breadcrumb","itemListElement":[{"@type":"ListItem","position":1,"name":"Accueil","item":"https:\/\/empow-her.com\/es\/inicio\/"},{"@type":"ListItem","position":2,"name":"LA BOUTIQUE","item":"https:\/\/empow-her.com\/boutique\/"},{"@type":"ListItem","position":3,"name":"Coaching &#8211; La cr\u00e9ation de vid\u00e9os impactantes"}]},{"@type":"WebSite","@id":"https:\/\/empow-her.com\/#website","url":"https:\/\/empow-her.com\/","name":"Empow&#039;Her","description":"Women Development","potentialAction":[{"@type":"SearchAction","target":{"@type":"EntryPoint","urlTemplate":"https:\/\/empow-her.com\/?s={search_term_string}"},"query-input":{"@type":"PropertyValueSpecification","valueRequired":true,"valueName":"search_term_string"}}],"inLanguage":"es"}]}},"_links":{"self":[{"href":"https:\/\/empow-her.com\/es\/wp-json\/wp\/v2\/product\/145337","targetHints":{"allow":["GET"]}}],"collection":[{"href":"https:\/\/empow-her.com\/es\/wp-json\/wp\/v2\/product"}],"about":[{"href":"https:\/\/empow-her.com\/es\/wp-json\/wp\/v2\/types\/product"}],"wp:featuredmedia":[{"embeddable":true,"href":"https:\/\/empow-her.com\/es\/wp-json\/wp\/v2\/media\/149972"}],"wp:attachment":[{"href":"https:\/\/empow-her.com\/es\/wp-json\/wp\/v2\/media?parent=145337"}],"wp:term":[{"taxonomy":"product_brand","embeddable":true,"href":"https:\/\/empow-her.com\/es\/wp-json\/wp\/v2\/product_brand?post=145337"},{"taxonomy":"product_cat","embeddable":true,"href":"https:\/\/empow-her.com\/es\/wp-json\/wp\/v2\/product_cat?post=145337"},{"taxonomy":"product_tag","embeddable":true,"href":"https:\/\/empow-her.com\/es\/wp-json\/wp\/v2\/product_tag?post=145337"},{"taxonomy":"lieu","embeddable":true,"href":"https:\/\/empow-her.com\/es\/wp-json\/wp\/v2\/lieu?post=145337"},{"taxonomy":"thematiques","embeddable":true,"href":"https:\/\/empow-her.com\/es\/wp-json\/wp\/v2\/thematiques?post=145337"}],"curies":[{"name":"wp","href":"https:\/\/api.w.org\/{rel}","templated":true}]}}