{"id":14509,"date":"2021-06-01T12:44:15","date_gmt":"2021-06-01T10:44:15","guid":{"rendered":"https:\/\/empow-her.com\/?post_type=product&#038;p=14509"},"modified":"2021-06-21T16:25:40","modified_gmt":"2021-06-21T14:25:40","slug":"shetalks-elles-repensent-la-mobilite-urbaine","status":"publish","type":"product","link":"https:\/\/empow-her.com\/es\/produit\/shetalks-elles-repensent-la-mobilite-urbaine\/","title":{"rendered":"SheTalks : Elles repensent la mobilit\u00e9 urbaine"},"content":{"rendered":"<p>Apr\u00e8s la mode durable, nous avons d\u00e9cid\u00e9 pour cette nouvelle \u00e9dition de notre SheTalk de mettre en lumi\u00e8re <strong>des femmes qui repensent et r\u00e9inventent la mobilit\u00e9 urbaine<\/strong> &#x1f68d;. Entre logistique infernale, pollution atmosph\u00e9rique, visuelle et sonore, la mobilit\u00e9 urbaine est un enjeu crucial d&#8217;une ville plus durable, plus inclusive et offrant une meilleure qualit\u00e9 de vie. &#x1f486;&#x200d;&#x2640;<\/p>\n<p>V\u00e9los et scooters \u00e9lectriques, v\u00e9hicules partag\u00e9s, micro-mobilit\u00e9 \u2026 &#x1f6f4; ces nouvelles solutions de mobilit\u00e9 fleurissent dans nos m\u00e9tropoles et r\u00e9inventent nos modes de vie citadins. L&#8217;objectif ? Repenser l&#8217;espace public et rendre la ville plus durable. &#x1f331;<\/p>\n<p>Nos intervenantes ont d\u00fb se faire une place dans un milieu tr\u00e8s concurrentiel et majoritairement masculin. Elles nous parleront de leurs exp\u00e9riences d&#8217;entrepreneures dans le domaine de la mobilit\u00e9 durable, de leurs plus grands d\u00e9fis, de leurs \u00e9troites collaborations avec les territoires. Ensemble, nous d\u00e9battrons sur la fa\u00e7on dont nous nous d\u00e9placerons demain, et sur le r\u00f4le des femmes dans la d\u00e9finition de cette mobilit\u00e9 urbaine. &#x1f469;&#x200d;&#x1f4bb;<\/p>\n<p>Intervenantes :<\/p>\n<p><b>Asmaa Chakir Alaoui &#8211; <\/b>Co-fondatrice <a href=\"https:\/\/www.velyvelo.com\/\">VelyVelo<\/a><\/p>\n<p><b>Carolina Cominotti &#8211; <\/b>Responsable des partenariats <a href=\"https:\/\/www.autonomy.paris\/en\/\">Salon Autonomy<\/a><\/p>\n<p><b>Alice Nicollet &#8211; <\/b>Cheffe de Cabinet de David Belliard, Adjoint \u00e0 la Maire de Paris en charge des mobilit\u00e9s et de l&#8217;espace public<\/p>\n<p>On vous donne rendez-vous <strong>le Lundi 28 Juin de 18h \u00e0 19h<\/strong>, pour un premier SheTalk anim\u00e9 par notre ambassadrice Louise Boero, dans notre nouveau lieu :<\/p>\n<p>&#x1f4cd;<strong>Sist&#8217;her Paris<\/strong><br \/>\n82 rue du Faubourg Saint-Martin<br \/>\n75010 Paris<br \/>\nEntr\u00e9e par la vitrine<\/p>\n<p>Ouvert en mars 2021, Sist\u2019Her est le premier tiers-lieu d\u00e9di\u00e9 \u00e0 toutes celles qui souhaitent fa\u00e7onner le monde &#x1f30e;. Port\u00e9 par l\u2019association Empow\u2019Her, c\u2019est un lieu de vie bienveillant et joyeux, ouvert \u00e0 tou\u00b7te\u00b7s o\u00f9 il est possible de se former, cr\u00e9er et se rencontrer. &#x1f3e1;<\/p>\n<p>Ce projet est co-financ\u00e9 par le Fonds Social Europ\u00e9en.<\/p>\n<p><img decoding=\"async\" class=\"\" src=\"https:\/\/www.sep-asso.fr\/wp-content\/uploads\/2018\/02\/logo-union-europeenne.png\" alt=\"logo union europeenne \u2013 SEP\" width=\"87\" height=\"72\" \/>\u00a0\u00a0<img decoding=\"async\" class=\"alignnone wp-image-15218\" src=\"https:\/\/empow-her.com\/wp-content\/uploads\/2021\/06\/logo_fonds_social_europeen-300x187.png\" alt=\"\" width=\"104\" height=\"65\" srcset=\"https:\/\/empow-her.com\/wp-content\/uploads\/2021\/06\/logo_fonds_social_europeen-300x187.png 300w, https:\/\/empow-her.com\/wp-content\/uploads\/2021\/06\/logo_fonds_social_europeen-600x375.png 600w, https:\/\/empow-her.com\/wp-content\/uploads\/2021\/06\/logo_fonds_social_europeen-24x15.png 24w, https:\/\/empow-her.com\/wp-content\/uploads\/2021\/06\/logo_fonds_social_europeen-36x22.png 36w, https:\/\/empow-her.com\/wp-content\/uploads\/2021\/06\/logo_fonds_social_europeen-48x30.png 48w, https:\/\/empow-her.com\/wp-content\/uploads\/2021\/06\/logo_fonds_social_europeen.png 666w\" sizes=\"(max-width: 104px) 100vw, 104px\" \/> <img decoding=\"async\" class=\"\" src=\"https:\/\/franceactive-idf.org\/wp-content\/uploads\/2020\/02\/logo-region-ile-de-france.png\" alt=\"Logo Region Ile De France - France Active \u00cele-de-France\" width=\"126\" height=\"29\" \/><\/p>\n","protected":false},"excerpt":{"rendered":"<p>Apr\u00e8s la mode durable, nous avons d\u00e9cid\u00e9 pour cette nouvelle \u00e9dition de notre SheTalk de mettre en lumi\u00e8re <strong>des femmes qui repensent et r\u00e9inventent la mobilit\u00e9 urbaine<\/strong> &#x1f68d;. Entre logistique infernale, pollution atmosph\u00e9rique, visuelle et sonore, la mobilit\u00e9 urbaine est un enjeu crucial d&#8217;une ville plus durable, plus inclusive et offrant une meilleure qualit\u00e9 de vie. &#x1f486;&#x200d;&#x2640;<\/p>\n<p>V\u00e9los et scooters \u00e9lectriques, v\u00e9hicules partag\u00e9s, micro-mobilit\u00e9 \u2026 &#x1f6f4; ces nouvelles solutions de mobilit\u00e9 fleurissent dans nos m\u00e9tropoles et r\u00e9inventent nos modes de vie citadins. L&#8217;objectif ? Repenser l&#8217;espace public et rendre la ville plus durable. &#x1f331;<\/p>\n<p>Nos intervenantes ont d\u00fb se faire une place dans un milieu tr\u00e8s concurrentiel et majoritairement masculin. Elles nous parleront de leurs exp\u00e9riences d&#8217;entrepreneures dans le domaine de la mobilit\u00e9 durable, de leurs plus grands d\u00e9fis, de leurs \u00e9troites collaborations avec les territoires. Ensemble, nous d\u00e9battrons sur la fa\u00e7on dont nous nous d\u00e9placerons demain, et sur le r\u00f4le des femmes dans la d\u00e9finition de cette mobilit\u00e9 urbaine. &#x1f469;&#x200d;&#x1f4bb;<\/p>\n<p>Intervenantes :<\/p>\n<p><b>Asmaa Chakir Alaoui &#8211; <\/b>Co-fondatrice <a href=\"https:\/\/www.velyvelo.com\/\">VelyVelo<\/a><\/p>\n<p><b>Carolina Cominotti &#8211; <\/b>Responsable des partenariats <a href=\"https:\/\/www.autonomy.paris\/en\/\">Salon Autonomy<\/a><\/p>\n<p><b>Alice Nicollet &#8211; <\/b>Cheffe de Cabinet de David Belliard, Adjoint \u00e0 la Maire de Paris en charge notamment des mobilit\u00e9s<\/p>\n<p>On vous donne rendez-vous <strong>le Lundi 28 Juin de 18h \u00e0 19h<\/strong>, pour un premier SheTalk anim\u00e9 par notre ambassadrice Louise Boero, dans notre nouveau lieu :<\/p>\n<p>&#x1f4cd;<strong>Sist&#8217;her Paris<\/strong><br \/>\n82 rue du Faubourg Saint-Martin<br \/>\n75010 Paris<br \/>\nEntr\u00e9e par la vitrine<\/p>\n<p>Ouvert en mars 2021, Sist\u2019Her est le premier tiers-lieu d\u00e9di\u00e9 \u00e0 toutes celles qui souhaitent fa\u00e7onner le monde &#x1f30e;. Port\u00e9 par l\u2019association Empow\u2019Her, c\u2019est un lieu de vie bienveillant et joyeux, ouvert \u00e0 tou\u00b7te\u00b7s o\u00f9 il est possible de se former, cr\u00e9er et se rencontrer. &#x1f3e1;<\/p>\n<p>Ce projet est co-financ\u00e9 par le Fonds Social Europ\u00e9en.<\/p>\n<p><img decoding=\"async\" class=\"\" src=\"https:\/\/www.sep-asso.fr\/wp-content\/uploads\/2018\/02\/logo-union-europeenne.png\" alt=\"logo union europeenne \u2013 SEP\" width=\"87\" height=\"72\" \/>\u00a0\u00a0<img decoding=\"async\" class=\"alignnone wp-image-15218\" src=\"https:\/\/empow-her.com\/wp-content\/uploads\/2021\/06\/logo_fonds_social_europeen-300x187.png\" alt=\"\" width=\"104\" height=\"65\" srcset=\"https:\/\/empow-her.com\/wp-content\/uploads\/2021\/06\/logo_fonds_social_europeen-300x187.png 300w, https:\/\/empow-her.com\/wp-content\/uploads\/2021\/06\/logo_fonds_social_europeen-600x375.png 600w, https:\/\/empow-her.com\/wp-content\/uploads\/2021\/06\/logo_fonds_social_europeen-24x15.png 24w, https:\/\/empow-her.com\/wp-content\/uploads\/2021\/06\/logo_fonds_social_europeen-36x22.png 36w, https:\/\/empow-her.com\/wp-content\/uploads\/2021\/06\/logo_fonds_social_europeen-48x30.png 48w, https:\/\/empow-her.com\/wp-content\/uploads\/2021\/06\/logo_fonds_social_europeen.png 666w\" sizes=\"(max-width: 104px) 100vw, 104px\" \/> <img decoding=\"async\" class=\"\" src=\"https:\/\/franceactive-idf.org\/wp-content\/uploads\/2020\/02\/logo-region-ile-de-france.png\" alt=\"Logo Region Ile De France - France Active \u00cele-de-France\" width=\"126\" height=\"29\" \/><\/p>\n","protected":false},"featured_media":0,"template":"","format":"standard","meta":{"_acf_changed":false,"om_disable_all_campaigns":false,"_uf_show_specific_survey":0,"_uf_disable_surveys":false},"product_brand":[],"product_cat":[119],"product_tag":[],"lieu":[127],"thematiques":[],"class_list":{"0":"post-14509","1":"product","2":"type-product","3":"status-publish","4":"format-standard","6":"product_cat-evenement-sisther","7":"lieu-hub-empowher","9":"first","10":"instock","11":"virtual","12":"purchasable","13":"product-type-appointment"},"exclude_global_add_ons":[],"addons":[],"acf":[],"yoast_head":"<!-- This site is optimized with the Yoast SEO plugin v24.8 - https:\/\/yoast.com\/wordpress\/plugins\/seo\/ -->\n<title>SheTalks : Elles repensent la mobilit\u00e9 urbaine - Empow&#039;Her<\/title>\n<meta name=\"robots\" content=\"index, follow, max-snippet:-1, max-image-preview:large, max-video-preview:-1\" \/>\n<link rel=\"canonical\" href=\"https:\/\/empow-her.com\/es\/produit\/shetalks-elles-repensent-la-mobilite-urbaine\/\" \/>\n<meta property=\"og:locale\" content=\"es_ES\" \/>\n<meta property=\"og:type\" content=\"article\" \/>\n<meta property=\"og:title\" content=\"SheTalks : Elles repensent la mobilit\u00e9 urbaine - Empow&#039;Her\" \/>\n<meta property=\"og:description\" content=\"Apr\u00e8s la mode durable, nous avons d\u00e9cid\u00e9 pour cette nouvelle \u00e9dition de notre SheTalk de mettre en lumi\u00e8re des femmes qui repensent et r\u00e9inventent la mobilit\u00e9 urbaine &#x1f68d;. Entre logistique infernale, pollution atmosph\u00e9rique, visuelle et sonore, la mobilit\u00e9 urbaine est un enjeu crucial d&#039;une ville plus durable, plus inclusive et offrant une meilleure qualit\u00e9 de vie. &#x1f486;&#x200d;&#x2640;  V\u00e9los et scooters \u00e9lectriques, v\u00e9hicules partag\u00e9s, micro-mobilit\u00e9 \u2026 &#x1f6f4; ces nouvelles solutions de mobilit\u00e9 fleurissent dans nos m\u00e9tropoles et r\u00e9inventent nos modes de vie citadins. L&#039;objectif ? Repenser l&#039;espace public et rendre la ville plus durable. &#x1f331;  Nos intervenantes ont d\u00fb se faire une place dans un milieu tr\u00e8s concurrentiel et majoritairement masculin. Elles nous parleront de leurs exp\u00e9riences d&#039;entrepreneures dans le domaine de la mobilit\u00e9 durable, de leurs plus grands d\u00e9fis, de leurs \u00e9troites collaborations avec les territoires. Ensemble, nous d\u00e9battrons sur la fa\u00e7on dont nous nous d\u00e9placerons demain, et sur le r\u00f4le des femmes dans la d\u00e9finition de cette mobilit\u00e9 urbaine. &#x1f469;&#x200d;&#x1f4bb;  Intervenantes :  Asmaa Chakir Alaoui - Co-fondatrice VelyVelo  Carolina Cominotti - Responsable des partenariats Salon Autonomy  Alice Nicollet - Cheffe de Cabinet de David Belliard, Adjoint \u00e0 la Maire de Paris en charge notamment des mobilit\u00e9s  On vous donne rendez-vous le Lundi 28 Juin de 18h \u00e0 19h, pour un premier SheTalk anim\u00e9 par notre ambassadrice Louise Boero, dans notre nouveau lieu :  &#x1f4cd;Sist&#039;her Paris 82 rue du Faubourg Saint-Martin 75010 Paris Entr\u00e9e par la vitrine  Ouvert en mars 2021, Sist\u2019Her est le premier tiers-lieu d\u00e9di\u00e9 \u00e0 toutes celles qui souhaitent fa\u00e7onner le monde &#x1f30e;. Port\u00e9 par l\u2019association Empow\u2019Her, c\u2019est un lieu de vie bienveillant et joyeux, ouvert \u00e0 tou\u00b7te\u00b7s o\u00f9 il est possible de se former, cr\u00e9er et se rencontrer. &#x1f3e1;  Ce projet est co-financ\u00e9 par le Fonds Social Europ\u00e9en.  \u00a0\u00a0\" \/>\n<meta property=\"og:url\" content=\"https:\/\/empow-her.com\/es\/produit\/shetalks-elles-repensent-la-mobilite-urbaine\/\" \/>\n<meta property=\"og:site_name\" content=\"Empow&#039;Her\" \/>\n<meta property=\"article:modified_time\" content=\"2021-06-21T14:25:40+00:00\" \/>\n<meta property=\"og:image\" content=\"https:\/\/www.sep-asso.fr\/wp-content\/uploads\/2018\/02\/logo-union-europeenne.png\" \/>\n<meta name=\"twitter:card\" content=\"summary_large_image\" \/>\n<meta name=\"twitter:label1\" content=\"Tiempo de lectura\" \/>\n\t<meta name=\"twitter:data1\" content=\"2 minutos\" \/>\n<script type=\"application\/ld+json\" class=\"yoast-schema-graph\">{\"@context\":\"https:\/\/schema.org\",\"@graph\":[{\"@type\":\"WebPage\",\"@id\":\"https:\/\/empow-her.com\/es\/produit\/shetalks-elles-repensent-la-mobilite-urbaine\/\",\"url\":\"https:\/\/empow-her.com\/es\/produit\/shetalks-elles-repensent-la-mobilite-urbaine\/\",\"name\":\"SheTalks : Elles repensent la mobilit\u00e9 urbaine - Empow&#039;Her\",\"isPartOf\":{\"@id\":\"https:\/\/empow-her.com\/#website\"},\"primaryImageOfPage\":{\"@id\":\"https:\/\/empow-her.com\/es\/produit\/shetalks-elles-repensent-la-mobilite-urbaine\/#primaryimage\"},\"image\":{\"@id\":\"https:\/\/empow-her.com\/es\/produit\/shetalks-elles-repensent-la-mobilite-urbaine\/#primaryimage\"},\"thumbnailUrl\":\"https:\/\/www.sep-asso.fr\/wp-content\/uploads\/2018\/02\/logo-union-europeenne.png\",\"datePublished\":\"2021-06-01T10:44:15+00:00\",\"dateModified\":\"2021-06-21T14:25:40+00:00\",\"breadcrumb\":{\"@id\":\"https:\/\/empow-her.com\/es\/produit\/shetalks-elles-repensent-la-mobilite-urbaine\/#breadcrumb\"},\"inLanguage\":\"es\",\"potentialAction\":[{\"@type\":\"ReadAction\",\"target\":[\"https:\/\/empow-her.com\/es\/produit\/shetalks-elles-repensent-la-mobilite-urbaine\/\"]}]},{\"@type\":\"ImageObject\",\"inLanguage\":\"es\",\"@id\":\"https:\/\/empow-her.com\/es\/produit\/shetalks-elles-repensent-la-mobilite-urbaine\/#primaryimage\",\"url\":\"https:\/\/www.sep-asso.fr\/wp-content\/uploads\/2018\/02\/logo-union-europeenne.png\",\"contentUrl\":\"https:\/\/www.sep-asso.fr\/wp-content\/uploads\/2018\/02\/logo-union-europeenne.png\"},{\"@type\":\"BreadcrumbList\",\"@id\":\"https:\/\/empow-her.com\/es\/produit\/shetalks-elles-repensent-la-mobilite-urbaine\/#breadcrumb\",\"itemListElement\":[{\"@type\":\"ListItem\",\"position\":1,\"name\":\"Accueil\",\"item\":\"https:\/\/empow-her.com\/es\/inicio\/\"},{\"@type\":\"ListItem\",\"position\":2,\"name\":\"LA BOUTIQUE\",\"item\":\"https:\/\/empow-her.com\/boutique\/\"},{\"@type\":\"ListItem\",\"position\":3,\"name\":\"SheTalks : Elles repensent la mobilit\u00e9 urbaine\"}]},{\"@type\":\"WebSite\",\"@id\":\"https:\/\/empow-her.com\/#website\",\"url\":\"https:\/\/empow-her.com\/\",\"name\":\"Empow&#039;Her\",\"description\":\"Women Development\",\"potentialAction\":[{\"@type\":\"SearchAction\",\"target\":{\"@type\":\"EntryPoint\",\"urlTemplate\":\"https:\/\/empow-her.com\/?s={search_term_string}\"},\"query-input\":{\"@type\":\"PropertyValueSpecification\",\"valueRequired\":true,\"valueName\":\"search_term_string\"}}],\"inLanguage\":\"es\"}]}<\/script>\n<!-- \/ Yoast SEO plugin. -->","yoast_head_json":{"title":"SheTalks : Elles repensent la mobilit\u00e9 urbaine - Empow&#039;Her","robots":{"index":"index","follow":"follow","max-snippet":"max-snippet:-1","max-image-preview":"max-image-preview:large","max-video-preview":"max-video-preview:-1"},"canonical":"https:\/\/empow-her.com\/es\/produit\/shetalks-elles-repensent-la-mobilite-urbaine\/","og_locale":"es_ES","og_type":"article","og_title":"SheTalks : Elles repensent la mobilit\u00e9 urbaine - Empow&#039;Her","og_description":"Apr\u00e8s la mode durable, nous avons d\u00e9cid\u00e9 pour cette nouvelle \u00e9dition de notre SheTalk de mettre en lumi\u00e8re des femmes qui repensent et r\u00e9inventent la mobilit\u00e9 urbaine &#x1f68d;. Entre logistique infernale, pollution atmosph\u00e9rique, visuelle et sonore, la mobilit\u00e9 urbaine est un enjeu crucial d'une ville plus durable, plus inclusive et offrant une meilleure qualit\u00e9 de vie. &#x1f486;&#x200d;&#x2640;  V\u00e9los et scooters \u00e9lectriques, v\u00e9hicules partag\u00e9s, micro-mobilit\u00e9 \u2026 &#x1f6f4; ces nouvelles solutions de mobilit\u00e9 fleurissent dans nos m\u00e9tropoles et r\u00e9inventent nos modes de vie citadins. L'objectif ? Repenser l'espace public et rendre la ville plus durable. &#x1f331;  Nos intervenantes ont d\u00fb se faire une place dans un milieu tr\u00e8s concurrentiel et majoritairement masculin. Elles nous parleront de leurs exp\u00e9riences d'entrepreneures dans le domaine de la mobilit\u00e9 durable, de leurs plus grands d\u00e9fis, de leurs \u00e9troites collaborations avec les territoires. Ensemble, nous d\u00e9battrons sur la fa\u00e7on dont nous nous d\u00e9placerons demain, et sur le r\u00f4le des femmes dans la d\u00e9finition de cette mobilit\u00e9 urbaine. &#x1f469;&#x200d;&#x1f4bb;  Intervenantes :  Asmaa Chakir Alaoui - Co-fondatrice VelyVelo  Carolina Cominotti - Responsable des partenariats Salon Autonomy  Alice Nicollet - Cheffe de Cabinet de David Belliard, Adjoint \u00e0 la Maire de Paris en charge notamment des mobilit\u00e9s  On vous donne rendez-vous le Lundi 28 Juin de 18h \u00e0 19h, pour un premier SheTalk anim\u00e9 par notre ambassadrice Louise Boero, dans notre nouveau lieu :  &#x1f4cd;Sist'her Paris 82 rue du Faubourg Saint-Martin 75010 Paris Entr\u00e9e par la vitrine  Ouvert en mars 2021, Sist\u2019Her est le premier tiers-lieu d\u00e9di\u00e9 \u00e0 toutes celles qui souhaitent fa\u00e7onner le monde &#x1f30e;. Port\u00e9 par l\u2019association Empow\u2019Her, c\u2019est un lieu de vie bienveillant et joyeux, ouvert \u00e0 tou\u00b7te\u00b7s o\u00f9 il est possible de se former, cr\u00e9er et se rencontrer. &#x1f3e1;  Ce projet est co-financ\u00e9 par le Fonds Social Europ\u00e9en.  \u00a0\u00a0","og_url":"https:\/\/empow-her.com\/es\/produit\/shetalks-elles-repensent-la-mobilite-urbaine\/","og_site_name":"Empow&#039;Her","article_modified_time":"2021-06-21T14:25:40+00:00","og_image":[{"url":"https:\/\/www.sep-asso.fr\/wp-content\/uploads\/2018\/02\/logo-union-europeenne.png","type":"","width":"","height":""}],"twitter_card":"summary_large_image","twitter_misc":{"Tiempo de lectura":"2 minutos"},"schema":{"@context":"https:\/\/schema.org","@graph":[{"@type":"WebPage","@id":"https:\/\/empow-her.com\/es\/produit\/shetalks-elles-repensent-la-mobilite-urbaine\/","url":"https:\/\/empow-her.com\/es\/produit\/shetalks-elles-repensent-la-mobilite-urbaine\/","name":"SheTalks : Elles repensent la mobilit\u00e9 urbaine - Empow&#039;Her","isPartOf":{"@id":"https:\/\/empow-her.com\/#website"},"primaryImageOfPage":{"@id":"https:\/\/empow-her.com\/es\/produit\/shetalks-elles-repensent-la-mobilite-urbaine\/#primaryimage"},"image":{"@id":"https:\/\/empow-her.com\/es\/produit\/shetalks-elles-repensent-la-mobilite-urbaine\/#primaryimage"},"thumbnailUrl":"https:\/\/www.sep-asso.fr\/wp-content\/uploads\/2018\/02\/logo-union-europeenne.png","datePublished":"2021-06-01T10:44:15+00:00","dateModified":"2021-06-21T14:25:40+00:00","breadcrumb":{"@id":"https:\/\/empow-her.com\/es\/produit\/shetalks-elles-repensent-la-mobilite-urbaine\/#breadcrumb"},"inLanguage":"es","potentialAction":[{"@type":"ReadAction","target":["https:\/\/empow-her.com\/es\/produit\/shetalks-elles-repensent-la-mobilite-urbaine\/"]}]},{"@type":"ImageObject","inLanguage":"es","@id":"https:\/\/empow-her.com\/es\/produit\/shetalks-elles-repensent-la-mobilite-urbaine\/#primaryimage","url":"https:\/\/www.sep-asso.fr\/wp-content\/uploads\/2018\/02\/logo-union-europeenne.png","contentUrl":"https:\/\/www.sep-asso.fr\/wp-content\/uploads\/2018\/02\/logo-union-europeenne.png"},{"@type":"BreadcrumbList","@id":"https:\/\/empow-her.com\/es\/produit\/shetalks-elles-repensent-la-mobilite-urbaine\/#breadcrumb","itemListElement":[{"@type":"ListItem","position":1,"name":"Accueil","item":"https:\/\/empow-her.com\/es\/inicio\/"},{"@type":"ListItem","position":2,"name":"LA BOUTIQUE","item":"https:\/\/empow-her.com\/boutique\/"},{"@type":"ListItem","position":3,"name":"SheTalks : Elles repensent la mobilit\u00e9 urbaine"}]},{"@type":"WebSite","@id":"https:\/\/empow-her.com\/#website","url":"https:\/\/empow-her.com\/","name":"Empow&#039;Her","description":"Women Development","potentialAction":[{"@type":"SearchAction","target":{"@type":"EntryPoint","urlTemplate":"https:\/\/empow-her.com\/?s={search_term_string}"},"query-input":{"@type":"PropertyValueSpecification","valueRequired":true,"valueName":"search_term_string"}}],"inLanguage":"es"}]}},"_links":{"self":[{"href":"https:\/\/empow-her.com\/es\/wp-json\/wp\/v2\/product\/14509","targetHints":{"allow":["GET"]}}],"collection":[{"href":"https:\/\/empow-her.com\/es\/wp-json\/wp\/v2\/product"}],"about":[{"href":"https:\/\/empow-her.com\/es\/wp-json\/wp\/v2\/types\/product"}],"wp:attachment":[{"href":"https:\/\/empow-her.com\/es\/wp-json\/wp\/v2\/media?parent=14509"}],"wp:term":[{"taxonomy":"product_brand","embeddable":true,"href":"https:\/\/empow-her.com\/es\/wp-json\/wp\/v2\/product_brand?post=14509"},{"taxonomy":"product_cat","embeddable":true,"href":"https:\/\/empow-her.com\/es\/wp-json\/wp\/v2\/product_cat?post=14509"},{"taxonomy":"product_tag","embeddable":true,"href":"https:\/\/empow-her.com\/es\/wp-json\/wp\/v2\/product_tag?post=14509"},{"taxonomy":"lieu","embeddable":true,"href":"https:\/\/empow-her.com\/es\/wp-json\/wp\/v2\/lieu?post=14509"},{"taxonomy":"thematiques","embeddable":true,"href":"https:\/\/empow-her.com\/es\/wp-json\/wp\/v2\/thematiques?post=14509"}],"curies":[{"name":"wp","href":"https:\/\/api.w.org\/{rel}","templated":true}]}}