{"id":144556,"date":"2023-03-03T15:48:20","date_gmt":"2023-03-03T14:48:20","guid":{"rendered":"https:\/\/empow-her.com\/?post_type=product&#038;p=144556"},"modified":"2023-03-03T15:58:20","modified_gmt":"2023-03-03T14:58:20","slug":"atelier-comment-se-financer-lors-du-demarrage-de-son-activite","status":"publish","type":"product","link":"https:\/\/empow-her.com\/es\/produit\/atelier-comment-se-financer-lors-du-demarrage-de-son-activite\/","title":{"rendered":"Atelier &#8211; Comment se financer lors du d\u00e9marrage de son activit\u00e9 !"},"content":{"rendered":"<p><span data-sheets-value=\"{&quot;1&quot;:2,&quot;2&quot;:&quot;\\n\\nBesoin : Je voudrais savoir quel type de financement je peux aller chercher, \u00e0 quelles portes toquer et comment convaincre les financeurs !\\n\\nVous \u00eates \u00e0 la recherche de financement pour aider au d\u00e9marrage de votre entreprise ? Vous souhaitez savoir vers qui vous tourner pour vos demandes de financement ?\\nOu encore, vous portez un projet \u00e0 impact ou innovant, susceptible d'\u00eatre financ\u00e9 par des acteurs locaux ou des investisseurs ? Lors de cet atelier collectif, d\u00e9couvrez les diff\u00e9rentes sources de financement, et quand \/ comment faire appel \u00e0 celles-ci.\\nL'objectif : vous familiariser avec l'\u00e9co-syst\u00e8me des financeurs et identifier les solutions de financement adapt\u00e9es \u00e0 la cr\u00e9ation ou au d\u00e9veloppement de votre projet !\\n\\nPr\u00e9-requis : Aucun\\n\\nIntervenant.e : Omar BENDJELLOUN de Finetic\\n\\nPassionn\u00e9 de finance \u00e0 impact et d'entrepreneuriat engag\u00e9 ! Ex. investisseur \u00e0 impact durant les 6 derni\u00e8res ann\u00e9es, notamment dans le fonds d'investissement INCO et chez France Active. D\u00e9sormais fondateur de FINETIC qui a 3 offres : direction financi\u00e8re externalis\u00e9e, accompagnement \u00e0 la lev\u00e9e de fonds, et coaching \u00e0 la carte !\\n\\nSon super pouvoir : Excel !\\n\\nSon petit mot : Foncez, il n'y a pas d'\u00e9chec dans l'entrepreneuriat : au pire, il y a des apprentissages !\\n\\nDur\u00e9e : 3h en pr\u00e9sentiel chez Sist'Her Paris&quot;}\" data-sheets-userformat=\"{&quot;2&quot;:4995,&quot;3&quot;:{&quot;1&quot;:0},&quot;4&quot;:{&quot;1&quot;:2,&quot;2&quot;:16773836},&quot;10&quot;:0,&quot;11&quot;:4,&quot;12&quot;:0,&quot;15&quot;:&quot;Proxima Nova&quot;}\"><strong>Besoin<\/strong> : Je voudrais savoir quel type de financement je peux aller chercher, \u00e0 quelles portes toquer et comment convaincre les financeurs !<\/span><\/p>\n<p><strong>Description : <\/strong>Vous \u00eates \u00e0 la recherche de financement pour aider au d\u00e9marrage de votre entreprise ? Vous souhaitez savoir vers qui vous tourner pour vos demandes de financement ? Ou encore, vous portez un projet \u00e0 impact ou innovant, susceptible d&#8217;\u00eatre financ\u00e9 par des acteurs locaux ou des investisseurs ? Lors de cet atelier collectif, d\u00e9couvrez les diff\u00e9rentes sources de financement, et quand \/ comment faire appel \u00e0 celles-ci.<\/p>\n<p><span data-sheets-value=\"{&quot;1&quot;:2,&quot;2&quot;:&quot;\\n\\nBesoin : Je voudrais savoir quel type de financement je peux aller chercher, \u00e0 quelles portes toquer et comment convaincre les financeurs !\\n\\nVous \u00eates \u00e0 la recherche de financement pour aider au d\u00e9marrage de votre entreprise ? Vous souhaitez savoir vers qui vous tourner pour vos demandes de financement ?\\nOu encore, vous portez un projet \u00e0 impact ou innovant, susceptible d'\u00eatre financ\u00e9 par des acteurs locaux ou des investisseurs ? Lors de cet atelier collectif, d\u00e9couvrez les diff\u00e9rentes sources de financement, et quand \/ comment faire appel \u00e0 celles-ci.\\nL'objectif : vous familiariser avec l'\u00e9co-syst\u00e8me des financeurs et identifier les solutions de financement adapt\u00e9es \u00e0 la cr\u00e9ation ou au d\u00e9veloppement de votre projet !\\n\\nPr\u00e9-requis : Aucun\\n\\nIntervenant.e : Omar BENDJELLOUN de Finetic\\n\\nPassionn\u00e9 de finance \u00e0 impact et d'entrepreneuriat engag\u00e9 ! Ex. investisseur \u00e0 impact durant les 6 derni\u00e8res ann\u00e9es, notamment dans le fonds d'investissement INCO et chez France Active. D\u00e9sormais fondateur de FINETIC qui a 3 offres : direction financi\u00e8re externalis\u00e9e, accompagnement \u00e0 la lev\u00e9e de fonds, et coaching \u00e0 la carte !\\n\\nSon super pouvoir : Excel !\\n\\nSon petit mot : Foncez, il n'y a pas d'\u00e9chec dans l'entrepreneuriat : au pire, il y a des apprentissages !\\n\\nDur\u00e9e : 3h en pr\u00e9sentiel chez Sist'Her Paris&quot;}\" data-sheets-userformat=\"{&quot;2&quot;:4995,&quot;3&quot;:{&quot;1&quot;:0},&quot;4&quot;:{&quot;1&quot;:2,&quot;2&quot;:16773836},&quot;10&quot;:0,&quot;11&quot;:4,&quot;12&quot;:0,&quot;15&quot;:&quot;Proxima Nova&quot;}\"><strong>L&#8217;objectif<\/strong> : vous familiariser avec l&#8217;\u00e9co-syst\u00e8me des financeurs et identifier les solutions de financement adapt\u00e9es \u00e0 la cr\u00e9ation ou au d\u00e9veloppement de votre projet !<\/span><\/p>\n<p><strong>Pr\u00e9-requis<\/strong> : <strong>Apporter son ordinateur !<\/strong><\/p>\n<p><strong>Intervenant.e<\/strong> : <strong>Omar BENDJELLOUN<\/strong> de Finetic<\/p>\n<p>Passionn\u00e9 de finance \u00e0 impact et d&#8217;entrepreneuriat engag\u00e9 ! Ex. investisseur \u00e0 impact durant les 6 derni\u00e8res ann\u00e9es, notamment dans le fonds d&#8217;investissement INCO et chez France Active. D\u00e9sormais fondateur de FINETIC qui a 3 offres : direction financi\u00e8re externalis\u00e9e, accompagnement \u00e0 la lev\u00e9e de fonds, et coaching \u00e0 la carte !<\/p>\n<p><strong>Son super pouvoir<\/strong> : Excel !<\/p>\n<p><strong>Son petit mot<\/strong> : Foncez, il n&#8217;y a pas d&#8217;\u00e9chec dans l&#8217;entrepreneuriat : au pire, il y a des apprentissages !<\/p>\n<p>Dur\u00e9e : 3h en pr\u00e9sentiel chez Sist&#8217;Her Paris<\/p>\n","protected":false},"excerpt":{"rendered":"<p><span data-sheets-value=\"{&quot;1&quot;:2,&quot;2&quot;:&quot;\\n\\nBesoin : Je voudrais savoir quel type de financement je peux aller chercher, \u00e0 quelles portes toquer et comment convaincre les financeurs !\\n\\nVous \u00eates \u00e0 la recherche de financement pour aider au d\u00e9marrage de votre entreprise ? Vous souhaitez savoir vers qui vous tourner pour vos demandes de financement ?\\nOu encore, vous portez un projet \u00e0 impact ou innovant, susceptible d'\u00eatre financ\u00e9 par des acteurs locaux ou des investisseurs ? Lors de cet atelier collectif, d\u00e9couvrez les diff\u00e9rentes sources de financement, et quand \/ comment faire appel \u00e0 celles-ci.\\nL'objectif : vous familiariser avec l'\u00e9co-syst\u00e8me des financeurs et identifier les solutions de financement adapt\u00e9es \u00e0 la cr\u00e9ation ou au d\u00e9veloppement de votre projet !\\n\\nPr\u00e9-requis : Aucun\\n\\nIntervenant.e : Omar BENDJELLOUN de Finetic\\n\\nPassionn\u00e9 de finance \u00e0 impact et d'entrepreneuriat engag\u00e9 ! Ex. investisseur \u00e0 impact durant les 6 derni\u00e8res ann\u00e9es, notamment dans le fonds d'investissement INCO et chez France Active. D\u00e9sormais fondateur de FINETIC qui a 3 offres : direction financi\u00e8re externalis\u00e9e, accompagnement \u00e0 la lev\u00e9e de fonds, et coaching \u00e0 la carte !\\n\\nSon super pouvoir : Excel !\\n\\nSon petit mot : Foncez, il n'y a pas d'\u00e9chec dans l'entrepreneuriat : au pire, il y a des apprentissages !\\n\\nDur\u00e9e : 3h en pr\u00e9sentiel chez Sist'Her Paris&quot;}\" data-sheets-userformat=\"{&quot;2&quot;:4995,&quot;3&quot;:{&quot;1&quot;:0},&quot;4&quot;:{&quot;1&quot;:2,&quot;2&quot;:16773836},&quot;10&quot;:0,&quot;11&quot;:4,&quot;12&quot;:0,&quot;15&quot;:&quot;Proxima Nova&quot;}\"><strong>Besoin<\/strong> : Je voudrais savoir quel type de financement je peux aller chercher, \u00e0 quelles portes toquer et comment convaincre les financeurs !<\/span><\/p>\n<p><strong>Description : <\/strong>Vous \u00eates \u00e0 la recherche de financement pour aider au d\u00e9marrage de votre entreprise ? Vous souhaitez savoir vers qui vous tourner pour vos demandes de financement ? Ou encore, vous portez un projet \u00e0 impact ou innovant, susceptible d&#8217;\u00eatre financ\u00e9 par des acteurs locaux ou des investisseurs ? Lors de cet atelier collectif, d\u00e9couvrez les diff\u00e9rentes sources de financement, et quand \/ comment faire appel \u00e0 celles-ci.<\/p>\n<p><span data-sheets-value=\"{&quot;1&quot;:2,&quot;2&quot;:&quot;\\n\\nBesoin : Je voudrais savoir quel type de financement je peux aller chercher, \u00e0 quelles portes toquer et comment convaincre les financeurs !\\n\\nVous \u00eates \u00e0 la recherche de financement pour aider au d\u00e9marrage de votre entreprise ? Vous souhaitez savoir vers qui vous tourner pour vos demandes de financement ?\\nOu encore, vous portez un projet \u00e0 impact ou innovant, susceptible d'\u00eatre financ\u00e9 par des acteurs locaux ou des investisseurs ? Lors de cet atelier collectif, d\u00e9couvrez les diff\u00e9rentes sources de financement, et quand \/ comment faire appel \u00e0 celles-ci.\\nL'objectif : vous familiariser avec l'\u00e9co-syst\u00e8me des financeurs et identifier les solutions de financement adapt\u00e9es \u00e0 la cr\u00e9ation ou au d\u00e9veloppement de votre projet !\\n\\nPr\u00e9-requis : Aucun\\n\\nIntervenant.e : Omar BENDJELLOUN de Finetic\\n\\nPassionn\u00e9 de finance \u00e0 impact et d'entrepreneuriat engag\u00e9 ! Ex. investisseur \u00e0 impact durant les 6 derni\u00e8res ann\u00e9es, notamment dans le fonds d'investissement INCO et chez France Active. D\u00e9sormais fondateur de FINETIC qui a 3 offres : direction financi\u00e8re externalis\u00e9e, accompagnement \u00e0 la lev\u00e9e de fonds, et coaching \u00e0 la carte !\\n\\nSon super pouvoir : Excel !\\n\\nSon petit mot : Foncez, il n'y a pas d'\u00e9chec dans l'entrepreneuriat : au pire, il y a des apprentissages !\\n\\nDur\u00e9e : 3h en pr\u00e9sentiel chez Sist'Her Paris&quot;}\" data-sheets-userformat=\"{&quot;2&quot;:4995,&quot;3&quot;:{&quot;1&quot;:0},&quot;4&quot;:{&quot;1&quot;:2,&quot;2&quot;:16773836},&quot;10&quot;:0,&quot;11&quot;:4,&quot;12&quot;:0,&quot;15&quot;:&quot;Proxima Nova&quot;}\"><strong>L&#8217;objectif<\/strong> : vous familiariser avec l&#8217;\u00e9co-syst\u00e8me des financeurs et identifier les solutions de financement adapt\u00e9es \u00e0 la cr\u00e9ation ou au d\u00e9veloppement de votre projet !<\/span><\/p>\n<p><strong>Pr\u00e9-requis<\/strong> : <strong>Apporter son ordinateur !<\/strong><\/p>\n<p><strong>Intervenant.e<\/strong> : <strong>Omar BENDJELLOUN<\/strong> de Finetic<\/p>\n<p>Passionn\u00e9 de finance \u00e0 impact et d&#8217;entrepreneuriat engag\u00e9 ! Ex. investisseur \u00e0 impact durant les 6 derni\u00e8res ann\u00e9es, notamment dans le fonds d&#8217;investissement INCO et chez France Active. D\u00e9sormais fondateur de FINETIC qui a 3 offres : direction financi\u00e8re externalis\u00e9e, accompagnement \u00e0 la lev\u00e9e de fonds, et coaching \u00e0 la carte !<\/p>\n<p><strong>Son super pouvoir<\/strong> : Excel !<\/p>\n<p><strong>Son petit mot<\/strong> : Foncez, il n&#8217;y a pas d&#8217;\u00e9chec dans l&#8217;entrepreneuriat : au pire, il y a des apprentissages !<\/p>\n<p><strong>Dur\u00e9e<\/strong> : 3h en pr\u00e9sentiel chez Sist&#8217;Her Paris<\/p>\n","protected":false},"featured_media":144557,"template":"","format":"standard","meta":{"_acf_changed":false,"om_disable_all_campaigns":false,"_uf_show_specific_survey":0,"_uf_disable_surveys":false},"product_brand":[],"product_cat":[118],"product_tag":[],"lieu":[127],"thematiques":[],"class_list":{"0":"post-144556","1":"product","2":"type-product","3":"status-publish","4":"format-standard","5":"has-post-thumbnail","7":"product_cat-atelier-collectif","8":"lieu-hub-empowher","10":"first","11":"instock","12":"virtual","13":"purchasable","14":"product-type-appointment"},"exclude_global_add_ons":[],"addons":[],"acf":[],"yoast_head":"<!-- This site is optimized with the Yoast SEO plugin v24.8 - https:\/\/yoast.com\/wordpress\/plugins\/seo\/ -->\n<title>Atelier - Comment se financer lors du d\u00e9marrage de son activit\u00e9 ! - Empow&#039;Her<\/title>\n<meta name=\"robots\" content=\"index, follow, max-snippet:-1, max-image-preview:large, max-video-preview:-1\" \/>\n<link rel=\"canonical\" href=\"https:\/\/empow-her.com\/produit\/atelier-comment-se-financer-lors-du-demarrage-de-son-activite\/\" \/>\n<meta property=\"og:locale\" content=\"es_ES\" \/>\n<meta property=\"og:type\" content=\"article\" \/>\n<meta property=\"og:title\" content=\"Atelier - Comment se financer lors du d\u00e9marrage de son activit\u00e9 ! - Empow&#039;Her\" \/>\n<meta property=\"og:description\" content=\"Besoin : Je voudrais savoir quel type de financement je peux aller chercher, \u00e0 quelles portes toquer et comment convaincre les financeurs !  Description : Vous \u00eates \u00e0 la recherche de financement pour aider au d\u00e9marrage de votre entreprise ? Vous souhaitez savoir vers qui vous tourner pour vos demandes de financement ? Ou encore, vous portez un projet \u00e0 impact ou innovant, susceptible d&#039;\u00eatre financ\u00e9 par des acteurs locaux ou des investisseurs ? Lors de cet atelier collectif, d\u00e9couvrez les diff\u00e9rentes sources de financement, et quand \/ comment faire appel \u00e0 celles-ci.  L&#039;objectif : vous familiariser avec l&#039;\u00e9co-syst\u00e8me des financeurs et identifier les solutions de financement adapt\u00e9es \u00e0 la cr\u00e9ation ou au d\u00e9veloppement de votre projet !  Pr\u00e9-requis : Apporter son ordinateur !  Intervenant.e : Omar BENDJELLOUN de Finetic  Passionn\u00e9 de finance \u00e0 impact et d&#039;entrepreneuriat engag\u00e9 ! Ex. investisseur \u00e0 impact durant les 6 derni\u00e8res ann\u00e9es, notamment dans le fonds d&#039;investissement INCO et chez France Active. D\u00e9sormais fondateur de FINETIC qui a 3 offres : direction financi\u00e8re externalis\u00e9e, accompagnement \u00e0 la lev\u00e9e de fonds, et coaching \u00e0 la carte !  Son super pouvoir : Excel !  Son petit mot : Foncez, il n&#039;y a pas d&#039;\u00e9chec dans l&#039;entrepreneuriat : au pire, il y a des apprentissages !  Dur\u00e9e : 3h en pr\u00e9sentiel chez Sist&#039;Her Paris\" \/>\n<meta property=\"og:url\" content=\"https:\/\/empow-her.com\/produit\/atelier-comment-se-financer-lors-du-demarrage-de-son-activite\/\" \/>\n<meta property=\"og:site_name\" content=\"Empow&#039;Her\" \/>\n<meta property=\"article:modified_time\" content=\"2023-03-03T14:58:20+00:00\" \/>\n<meta property=\"og:image\" content=\"https:\/\/empow-her.com\/wp-content\/uploads\/2023\/03\/Women-Dare-templates-events-2023-03-03T154723.503.png\" \/>\n\t<meta property=\"og:image:width\" content=\"1080\" \/>\n\t<meta property=\"og:image:height\" content=\"1080\" \/>\n\t<meta property=\"og:image:type\" content=\"image\/png\" \/>\n<meta name=\"twitter:card\" content=\"summary_large_image\" \/>\n<meta name=\"twitter:label1\" content=\"Tiempo de lectura\" \/>\n\t<meta name=\"twitter:data1\" content=\"2 minutos\" \/>\n<script type=\"application\/ld+json\" class=\"yoast-schema-graph\">{\"@context\":\"https:\/\/schema.org\",\"@graph\":[{\"@type\":\"WebPage\",\"@id\":\"https:\/\/empow-her.com\/produit\/atelier-comment-se-financer-lors-du-demarrage-de-son-activite\/\",\"url\":\"https:\/\/empow-her.com\/produit\/atelier-comment-se-financer-lors-du-demarrage-de-son-activite\/\",\"name\":\"Atelier - Comment se financer lors du d\u00e9marrage de son activit\u00e9 ! - Empow&#039;Her\",\"isPartOf\":{\"@id\":\"https:\/\/empow-her.com\/#website\"},\"primaryImageOfPage\":{\"@id\":\"https:\/\/empow-her.com\/produit\/atelier-comment-se-financer-lors-du-demarrage-de-son-activite\/#primaryimage\"},\"image\":{\"@id\":\"https:\/\/empow-her.com\/produit\/atelier-comment-se-financer-lors-du-demarrage-de-son-activite\/#primaryimage\"},\"thumbnailUrl\":\"https:\/\/empow-her.com\/wp-content\/uploads\/2023\/03\/Women-Dare-templates-events-2023-03-03T154723.503.png\",\"datePublished\":\"2023-03-03T14:48:20+00:00\",\"dateModified\":\"2023-03-03T14:58:20+00:00\",\"breadcrumb\":{\"@id\":\"https:\/\/empow-her.com\/produit\/atelier-comment-se-financer-lors-du-demarrage-de-son-activite\/#breadcrumb\"},\"inLanguage\":\"es\",\"potentialAction\":[{\"@type\":\"ReadAction\",\"target\":[\"https:\/\/empow-her.com\/produit\/atelier-comment-se-financer-lors-du-demarrage-de-son-activite\/\"]}]},{\"@type\":\"ImageObject\",\"inLanguage\":\"es\",\"@id\":\"https:\/\/empow-her.com\/produit\/atelier-comment-se-financer-lors-du-demarrage-de-son-activite\/#primaryimage\",\"url\":\"https:\/\/empow-her.com\/wp-content\/uploads\/2023\/03\/Women-Dare-templates-events-2023-03-03T154723.503.png\",\"contentUrl\":\"https:\/\/empow-her.com\/wp-content\/uploads\/2023\/03\/Women-Dare-templates-events-2023-03-03T154723.503.png\",\"width\":1080,\"height\":1080},{\"@type\":\"BreadcrumbList\",\"@id\":\"https:\/\/empow-her.com\/produit\/atelier-comment-se-financer-lors-du-demarrage-de-son-activite\/#breadcrumb\",\"itemListElement\":[{\"@type\":\"ListItem\",\"position\":1,\"name\":\"Accueil\",\"item\":\"https:\/\/empow-her.com\/es\/inicio\/\"},{\"@type\":\"ListItem\",\"position\":2,\"name\":\"LA BOUTIQUE\",\"item\":\"https:\/\/empow-her.com\/boutique\/\"},{\"@type\":\"ListItem\",\"position\":3,\"name\":\"Atelier &#8211; Comment se financer lors du d\u00e9marrage de son activit\u00e9 !\"}]},{\"@type\":\"WebSite\",\"@id\":\"https:\/\/empow-her.com\/#website\",\"url\":\"https:\/\/empow-her.com\/\",\"name\":\"Empow&#039;Her\",\"description\":\"Women Development\",\"potentialAction\":[{\"@type\":\"SearchAction\",\"target\":{\"@type\":\"EntryPoint\",\"urlTemplate\":\"https:\/\/empow-her.com\/?s={search_term_string}\"},\"query-input\":{\"@type\":\"PropertyValueSpecification\",\"valueRequired\":true,\"valueName\":\"search_term_string\"}}],\"inLanguage\":\"es\"}]}<\/script>\n<!-- \/ Yoast SEO plugin. -->","yoast_head_json":{"title":"Atelier - Comment se financer lors du d\u00e9marrage de son activit\u00e9 ! - Empow&#039;Her","robots":{"index":"index","follow":"follow","max-snippet":"max-snippet:-1","max-image-preview":"max-image-preview:large","max-video-preview":"max-video-preview:-1"},"canonical":"https:\/\/empow-her.com\/produit\/atelier-comment-se-financer-lors-du-demarrage-de-son-activite\/","og_locale":"es_ES","og_type":"article","og_title":"Atelier - Comment se financer lors du d\u00e9marrage de son activit\u00e9 ! - Empow&#039;Her","og_description":"Besoin : Je voudrais savoir quel type de financement je peux aller chercher, \u00e0 quelles portes toquer et comment convaincre les financeurs !  Description : Vous \u00eates \u00e0 la recherche de financement pour aider au d\u00e9marrage de votre entreprise ? Vous souhaitez savoir vers qui vous tourner pour vos demandes de financement ? Ou encore, vous portez un projet \u00e0 impact ou innovant, susceptible d'\u00eatre financ\u00e9 par des acteurs locaux ou des investisseurs ? Lors de cet atelier collectif, d\u00e9couvrez les diff\u00e9rentes sources de financement, et quand \/ comment faire appel \u00e0 celles-ci.  L'objectif : vous familiariser avec l'\u00e9co-syst\u00e8me des financeurs et identifier les solutions de financement adapt\u00e9es \u00e0 la cr\u00e9ation ou au d\u00e9veloppement de votre projet !  Pr\u00e9-requis : Apporter son ordinateur !  Intervenant.e : Omar BENDJELLOUN de Finetic  Passionn\u00e9 de finance \u00e0 impact et d'entrepreneuriat engag\u00e9 ! Ex. investisseur \u00e0 impact durant les 6 derni\u00e8res ann\u00e9es, notamment dans le fonds d'investissement INCO et chez France Active. D\u00e9sormais fondateur de FINETIC qui a 3 offres : direction financi\u00e8re externalis\u00e9e, accompagnement \u00e0 la lev\u00e9e de fonds, et coaching \u00e0 la carte !  Son super pouvoir : Excel !  Son petit mot : Foncez, il n'y a pas d'\u00e9chec dans l'entrepreneuriat : au pire, il y a des apprentissages !  Dur\u00e9e : 3h en pr\u00e9sentiel chez Sist'Her Paris","og_url":"https:\/\/empow-her.com\/produit\/atelier-comment-se-financer-lors-du-demarrage-de-son-activite\/","og_site_name":"Empow&#039;Her","article_modified_time":"2023-03-03T14:58:20+00:00","og_image":[{"width":1080,"height":1080,"url":"https:\/\/empow-her.com\/wp-content\/uploads\/2023\/03\/Women-Dare-templates-events-2023-03-03T154723.503.png","type":"image\/png"}],"twitter_card":"summary_large_image","twitter_misc":{"Tiempo de lectura":"2 minutos"},"schema":{"@context":"https:\/\/schema.org","@graph":[{"@type":"WebPage","@id":"https:\/\/empow-her.com\/produit\/atelier-comment-se-financer-lors-du-demarrage-de-son-activite\/","url":"https:\/\/empow-her.com\/produit\/atelier-comment-se-financer-lors-du-demarrage-de-son-activite\/","name":"Atelier - Comment se financer lors du d\u00e9marrage de son activit\u00e9 ! - Empow&#039;Her","isPartOf":{"@id":"https:\/\/empow-her.com\/#website"},"primaryImageOfPage":{"@id":"https:\/\/empow-her.com\/produit\/atelier-comment-se-financer-lors-du-demarrage-de-son-activite\/#primaryimage"},"image":{"@id":"https:\/\/empow-her.com\/produit\/atelier-comment-se-financer-lors-du-demarrage-de-son-activite\/#primaryimage"},"thumbnailUrl":"https:\/\/empow-her.com\/wp-content\/uploads\/2023\/03\/Women-Dare-templates-events-2023-03-03T154723.503.png","datePublished":"2023-03-03T14:48:20+00:00","dateModified":"2023-03-03T14:58:20+00:00","breadcrumb":{"@id":"https:\/\/empow-her.com\/produit\/atelier-comment-se-financer-lors-du-demarrage-de-son-activite\/#breadcrumb"},"inLanguage":"es","potentialAction":[{"@type":"ReadAction","target":["https:\/\/empow-her.com\/produit\/atelier-comment-se-financer-lors-du-demarrage-de-son-activite\/"]}]},{"@type":"ImageObject","inLanguage":"es","@id":"https:\/\/empow-her.com\/produit\/atelier-comment-se-financer-lors-du-demarrage-de-son-activite\/#primaryimage","url":"https:\/\/empow-her.com\/wp-content\/uploads\/2023\/03\/Women-Dare-templates-events-2023-03-03T154723.503.png","contentUrl":"https:\/\/empow-her.com\/wp-content\/uploads\/2023\/03\/Women-Dare-templates-events-2023-03-03T154723.503.png","width":1080,"height":1080},{"@type":"BreadcrumbList","@id":"https:\/\/empow-her.com\/produit\/atelier-comment-se-financer-lors-du-demarrage-de-son-activite\/#breadcrumb","itemListElement":[{"@type":"ListItem","position":1,"name":"Accueil","item":"https:\/\/empow-her.com\/es\/inicio\/"},{"@type":"ListItem","position":2,"name":"LA BOUTIQUE","item":"https:\/\/empow-her.com\/boutique\/"},{"@type":"ListItem","position":3,"name":"Atelier &#8211; Comment se financer lors du d\u00e9marrage de son activit\u00e9 !"}]},{"@type":"WebSite","@id":"https:\/\/empow-her.com\/#website","url":"https:\/\/empow-her.com\/","name":"Empow&#039;Her","description":"Women Development","potentialAction":[{"@type":"SearchAction","target":{"@type":"EntryPoint","urlTemplate":"https:\/\/empow-her.com\/?s={search_term_string}"},"query-input":{"@type":"PropertyValueSpecification","valueRequired":true,"valueName":"search_term_string"}}],"inLanguage":"es"}]}},"_links":{"self":[{"href":"https:\/\/empow-her.com\/es\/wp-json\/wp\/v2\/product\/144556","targetHints":{"allow":["GET"]}}],"collection":[{"href":"https:\/\/empow-her.com\/es\/wp-json\/wp\/v2\/product"}],"about":[{"href":"https:\/\/empow-her.com\/es\/wp-json\/wp\/v2\/types\/product"}],"wp:featuredmedia":[{"embeddable":true,"href":"https:\/\/empow-her.com\/es\/wp-json\/wp\/v2\/media\/144557"}],"wp:attachment":[{"href":"https:\/\/empow-her.com\/es\/wp-json\/wp\/v2\/media?parent=144556"}],"wp:term":[{"taxonomy":"product_brand","embeddable":true,"href":"https:\/\/empow-her.com\/es\/wp-json\/wp\/v2\/product_brand?post=144556"},{"taxonomy":"product_cat","embeddable":true,"href":"https:\/\/empow-her.com\/es\/wp-json\/wp\/v2\/product_cat?post=144556"},{"taxonomy":"product_tag","embeddable":true,"href":"https:\/\/empow-her.com\/es\/wp-json\/wp\/v2\/product_tag?post=144556"},{"taxonomy":"lieu","embeddable":true,"href":"https:\/\/empow-her.com\/es\/wp-json\/wp\/v2\/lieu?post=144556"},{"taxonomy":"thematiques","embeddable":true,"href":"https:\/\/empow-her.com\/es\/wp-json\/wp\/v2\/thematiques?post=144556"}],"curies":[{"name":"wp","href":"https:\/\/api.w.org\/{rel}","templated":true}]}}