{"id":144545,"date":"2023-03-03T15:00:43","date_gmt":"2023-03-03T14:00:43","guid":{"rendered":"https:\/\/empow-her.com\/?post_type=product&#038;p=144545"},"modified":"2023-03-03T15:02:47","modified_gmt":"2023-03-03T14:02:47","slug":"coaching-strategie-de-communication-et-marketing-de-loffre-2","status":"publish","type":"product","link":"https:\/\/empow-her.com\/es\/produit\/coaching-strategie-de-communication-et-marketing-de-loffre-2\/","title":{"rendered":"Coaching &#8211; Strat\u00e9gie de communication et marketing de l&#8217;offre"},"content":{"rendered":"<p><strong>Besoin :<\/strong> D&#8217;une part, j&#8217;ai besoin de m&#8217;assurer que mon produit\/mes services sont &#8220;pr\u00eats&#8221; sous tous leurs aspects et d&#8217;autre part de savoir mettre en place une strat\u00e9gie d&#8217;activation aupr\u00e8s de mes diff\u00e9rents publics.<\/p>\n<p><strong>Description :\u00a0<\/strong><\/p>\n<p>Cette permanence a pour objectif de vous accompagner dans la formulation de vos offres par rapport \u00e0 ses diff\u00e9rents publics et dans les \u00e9tapes structurantes de la mise en place d&#8217;une strat\u00e9gie d&#8217;activation et de communication efficace.<\/p>\n<p><strong>Pr\u00e9-requis<\/strong> : Aucun<\/p>\n<p><strong> Intervenant.e<\/strong> : <strong>Anne-Sophie<\/strong>\u00a0de l\u2019agence LesLieuxdits<\/p>\n<p>Je suis une d\u00e9veloppeuse! J&#8217;ai travaill\u00e9 durant plus de 20 ans au d\u00e9veloppement de march\u00e9s en France et \u00e0 l&#8217;international en trouvant les points de diff\u00e9renciations des produits ou services dont j&#8217;avais la responsabilit\u00e9 et en identifiant les cibles pour lesquelles ces points de diff\u00e9rentiations repr\u00e9sentent une valeur.<br \/>\nJ&#8217;accompagne depuis 6 ans les entrepreneurs et les dirigeants dans leur strat\u00e9gie de d\u00e9veloppement &#8211; plus particuli\u00e8rement \u00e0 partir de la marque et de son expression.<\/p>\n<p><strong> Son super pouvoir<\/strong> : Simplifier le complexe. Accompagner le changement. Rationnelle tout en restant intuitive.<\/p>\n<p><strong>Son petit mot<\/strong> : Never give up &#8211; you owe it to yourself!<\/p>\n<p><strong>Dur\u00e9e :<\/strong> 1h en ligne<\/p>\n<p><strong>Attention<\/strong> ! Veuillez vous pr\u00e9senter \u00e0 l\u2019heure pour que l\u2019activit\u00e9 puisse commencer \u00e0 temps. Si vous avez du retard veuillez pr\u00e9venir l\u2019intervenant.e. Si vous avez plus de 15 min de retard l\u2019intervenant.e se r\u00e9serve le droit de ne pas vous accepter pour le coaching ou l\u2019atelier.<\/p>\n","protected":false},"excerpt":{"rendered":"<p><strong>Besoin :<\/strong> D&#8217;une part, j&#8217;ai besoin de m&#8217;assurer que mon produit\/mes services sont &#8220;pr\u00eats&#8221; sous tous leurs aspects et d&#8217;autre part de savoir mettre en place une strat\u00e9gie d&#8217;activation aupr\u00e8s de mes diff\u00e9rents publics.<\/p>\n<p><strong>Description :\u00a0<\/strong><\/p>\n<p>Cette permanence a pour objectif de vous accompagner dans la formulation de vos offres par rapport \u00e0 ses diff\u00e9rents publics et dans les \u00e9tapes structurantes de la mise en place d&#8217;une strat\u00e9gie d&#8217;activation et de communication efficace.<\/p>\n<p><strong>Pr\u00e9-requis<\/strong> : Aucun<\/p>\n<p><strong> Intervenant.e<\/strong> : <strong>Anne-Sophie<\/strong>\u00a0de l\u2019agence LesLieuxdits<\/p>\n<p>Je suis une d\u00e9veloppeuse! J&#8217;ai travaill\u00e9 durant plus de 20 ans au d\u00e9veloppement de march\u00e9s en France et \u00e0 l&#8217;international en trouvant les points de diff\u00e9renciations des produits ou services dont j&#8217;avais la responsabilit\u00e9 et en identifiant les cibles pour lesquelles ces points de diff\u00e9rentiations repr\u00e9sentent une valeur.<br \/>\nJ&#8217;accompagne depuis 6 ans les entrepreneurs et les dirigeants dans leur strat\u00e9gie de d\u00e9veloppement &#8211; plus particuli\u00e8rement \u00e0 partir de la marque et de son expression.<\/p>\n<p><strong> Son super pouvoir<\/strong> : Simplifier le complexe. Accompagner le changement. Rationnelle tout en restant intuitive.<\/p>\n<p><strong>Son petit mot<\/strong> : Never give up &#8211; you owe it to yourself!<\/p>\n<p><strong>Dur\u00e9e :<\/strong> 1h en ligne<\/p>\n<p><strong>Attention<\/strong> ! Veuillez vous pr\u00e9senter \u00e0 l\u2019heure pour que l\u2019activit\u00e9 puisse commencer \u00e0 temps. Si vous avez du retard veuillez pr\u00e9venir l\u2019intervenant.e. Si vous avez plus de 15 min de retard l\u2019intervenant.e se r\u00e9serve le droit de ne pas vous accepter pour le coaching ou l\u2019atelier.<\/p>\n","protected":false},"featured_media":144546,"template":"","format":"standard","meta":{"_acf_changed":false,"om_disable_all_campaigns":false,"_uf_show_specific_survey":0,"_uf_disable_surveys":false},"product_brand":[],"product_cat":[121],"product_tag":[],"lieu":[125],"thematiques":[],"class_list":{"0":"post-144545","1":"product","2":"type-product","3":"status-publish","4":"format-standard","5":"has-post-thumbnail","7":"product_cat-coaching","8":"lieu-en-ligne","10":"first","11":"instock","12":"virtual","13":"purchasable","14":"product-type-appointment"},"exclude_global_add_ons":[],"addons":[],"acf":[],"yoast_head":"<!-- This site is optimized with the Yoast SEO plugin v24.8 - https:\/\/yoast.com\/wordpress\/plugins\/seo\/ -->\n<title>Coaching - Strat\u00e9gie de communication et marketing de l&#039;offre - Empow&#039;Her<\/title>\n<meta name=\"robots\" content=\"index, follow, max-snippet:-1, max-image-preview:large, max-video-preview:-1\" \/>\n<link rel=\"canonical\" href=\"https:\/\/empow-her.com\/produit\/coaching-strategie-de-communication-et-marketing-de-loffre-2\/\" \/>\n<meta property=\"og:locale\" content=\"es_ES\" \/>\n<meta property=\"og:type\" content=\"article\" \/>\n<meta property=\"og:title\" content=\"Coaching - Strat\u00e9gie de communication et marketing de l&#039;offre - Empow&#039;Her\" \/>\n<meta property=\"og:description\" content=\"Besoin : D&#039;une part, j&#039;ai besoin de m&#039;assurer que mon produit\/mes services sont &quot;pr\u00eats&quot; sous tous leurs aspects et d&#039;autre part de savoir mettre en place une strat\u00e9gie d&#039;activation aupr\u00e8s de mes diff\u00e9rents publics.  Description :\u00a0  Cette permanence a pour objectif de vous accompagner dans la formulation de vos offres par rapport \u00e0 ses diff\u00e9rents publics et dans les \u00e9tapes structurantes de la mise en place d&#039;une strat\u00e9gie d&#039;activation et de communication efficace.  Pr\u00e9-requis : Aucun   Intervenant.e : Anne-Sophie\u00a0de l\u2019agence LesLieuxdits  Je suis une d\u00e9veloppeuse! J&#039;ai travaill\u00e9 durant plus de 20 ans au d\u00e9veloppement de march\u00e9s en France et \u00e0 l&#039;international en trouvant les points de diff\u00e9renciations des produits ou services dont j&#039;avais la responsabilit\u00e9 et en identifiant les cibles pour lesquelles ces points de diff\u00e9rentiations repr\u00e9sentent une valeur. J&#039;accompagne depuis 6 ans les entrepreneurs et les dirigeants dans leur strat\u00e9gie de d\u00e9veloppement - plus particuli\u00e8rement \u00e0 partir de la marque et de son expression.   Son super pouvoir : Simplifier le complexe. Accompagner le changement. Rationnelle tout en restant intuitive.  Son petit mot : Never give up - you owe it to yourself!  Dur\u00e9e : 1h en ligne  Attention ! Veuillez vous pr\u00e9senter \u00e0 l\u2019heure pour que l\u2019activit\u00e9 puisse commencer \u00e0 temps. Si vous avez du retard veuillez pr\u00e9venir l\u2019intervenant.e. Si vous avez plus de 15 min de retard l\u2019intervenant.e se r\u00e9serve le droit de ne pas vous accepter pour le coaching ou l\u2019atelier.\" \/>\n<meta property=\"og:url\" content=\"https:\/\/empow-her.com\/produit\/coaching-strategie-de-communication-et-marketing-de-loffre-2\/\" \/>\n<meta property=\"og:site_name\" content=\"Empow&#039;Her\" \/>\n<meta property=\"article:modified_time\" content=\"2023-03-03T14:02:47+00:00\" \/>\n<meta property=\"og:image\" content=\"https:\/\/empow-her.com\/wp-content\/uploads\/2023\/03\/Women-Dare-templates-events-2023-03-03T150025.649.png\" \/>\n\t<meta property=\"og:image:width\" content=\"1080\" \/>\n\t<meta property=\"og:image:height\" content=\"1080\" \/>\n\t<meta property=\"og:image:type\" content=\"image\/png\" \/>\n<meta name=\"twitter:card\" content=\"summary_large_image\" \/>\n<meta name=\"twitter:label1\" content=\"Tiempo de lectura\" \/>\n\t<meta name=\"twitter:data1\" content=\"2 minutos\" \/>\n<script type=\"application\/ld+json\" class=\"yoast-schema-graph\">{\"@context\":\"https:\/\/schema.org\",\"@graph\":[{\"@type\":\"WebPage\",\"@id\":\"https:\/\/empow-her.com\/produit\/coaching-strategie-de-communication-et-marketing-de-loffre-2\/\",\"url\":\"https:\/\/empow-her.com\/produit\/coaching-strategie-de-communication-et-marketing-de-loffre-2\/\",\"name\":\"Coaching - Strat\u00e9gie de communication et marketing de l'offre - Empow&#039;Her\",\"isPartOf\":{\"@id\":\"https:\/\/empow-her.com\/#website\"},\"primaryImageOfPage\":{\"@id\":\"https:\/\/empow-her.com\/produit\/coaching-strategie-de-communication-et-marketing-de-loffre-2\/#primaryimage\"},\"image\":{\"@id\":\"https:\/\/empow-her.com\/produit\/coaching-strategie-de-communication-et-marketing-de-loffre-2\/#primaryimage\"},\"thumbnailUrl\":\"https:\/\/empow-her.com\/wp-content\/uploads\/2023\/03\/Women-Dare-templates-events-2023-03-03T150025.649.png\",\"datePublished\":\"2023-03-03T14:00:43+00:00\",\"dateModified\":\"2023-03-03T14:02:47+00:00\",\"breadcrumb\":{\"@id\":\"https:\/\/empow-her.com\/produit\/coaching-strategie-de-communication-et-marketing-de-loffre-2\/#breadcrumb\"},\"inLanguage\":\"es\",\"potentialAction\":[{\"@type\":\"ReadAction\",\"target\":[\"https:\/\/empow-her.com\/produit\/coaching-strategie-de-communication-et-marketing-de-loffre-2\/\"]}]},{\"@type\":\"ImageObject\",\"inLanguage\":\"es\",\"@id\":\"https:\/\/empow-her.com\/produit\/coaching-strategie-de-communication-et-marketing-de-loffre-2\/#primaryimage\",\"url\":\"https:\/\/empow-her.com\/wp-content\/uploads\/2023\/03\/Women-Dare-templates-events-2023-03-03T150025.649.png\",\"contentUrl\":\"https:\/\/empow-her.com\/wp-content\/uploads\/2023\/03\/Women-Dare-templates-events-2023-03-03T150025.649.png\",\"width\":1080,\"height\":1080},{\"@type\":\"BreadcrumbList\",\"@id\":\"https:\/\/empow-her.com\/produit\/coaching-strategie-de-communication-et-marketing-de-loffre-2\/#breadcrumb\",\"itemListElement\":[{\"@type\":\"ListItem\",\"position\":1,\"name\":\"Accueil\",\"item\":\"https:\/\/empow-her.com\/es\/inicio\/\"},{\"@type\":\"ListItem\",\"position\":2,\"name\":\"LA BOUTIQUE\",\"item\":\"https:\/\/empow-her.com\/boutique\/\"},{\"@type\":\"ListItem\",\"position\":3,\"name\":\"Coaching &#8211; Strat\u00e9gie de communication et marketing de l&#8217;offre\"}]},{\"@type\":\"WebSite\",\"@id\":\"https:\/\/empow-her.com\/#website\",\"url\":\"https:\/\/empow-her.com\/\",\"name\":\"Empow&#039;Her\",\"description\":\"Women Development\",\"potentialAction\":[{\"@type\":\"SearchAction\",\"target\":{\"@type\":\"EntryPoint\",\"urlTemplate\":\"https:\/\/empow-her.com\/?s={search_term_string}\"},\"query-input\":{\"@type\":\"PropertyValueSpecification\",\"valueRequired\":true,\"valueName\":\"search_term_string\"}}],\"inLanguage\":\"es\"}]}<\/script>\n<!-- \/ Yoast SEO plugin. -->","yoast_head_json":{"title":"Coaching - Strat\u00e9gie de communication et marketing de l'offre - Empow&#039;Her","robots":{"index":"index","follow":"follow","max-snippet":"max-snippet:-1","max-image-preview":"max-image-preview:large","max-video-preview":"max-video-preview:-1"},"canonical":"https:\/\/empow-her.com\/produit\/coaching-strategie-de-communication-et-marketing-de-loffre-2\/","og_locale":"es_ES","og_type":"article","og_title":"Coaching - Strat\u00e9gie de communication et marketing de l'offre - Empow&#039;Her","og_description":"Besoin : D'une part, j'ai besoin de m'assurer que mon produit\/mes services sont \"pr\u00eats\" sous tous leurs aspects et d'autre part de savoir mettre en place une strat\u00e9gie d'activation aupr\u00e8s de mes diff\u00e9rents publics.  Description :\u00a0  Cette permanence a pour objectif de vous accompagner dans la formulation de vos offres par rapport \u00e0 ses diff\u00e9rents publics et dans les \u00e9tapes structurantes de la mise en place d'une strat\u00e9gie d'activation et de communication efficace.  Pr\u00e9-requis : Aucun   Intervenant.e : Anne-Sophie\u00a0de l\u2019agence LesLieuxdits  Je suis une d\u00e9veloppeuse! J'ai travaill\u00e9 durant plus de 20 ans au d\u00e9veloppement de march\u00e9s en France et \u00e0 l'international en trouvant les points de diff\u00e9renciations des produits ou services dont j'avais la responsabilit\u00e9 et en identifiant les cibles pour lesquelles ces points de diff\u00e9rentiations repr\u00e9sentent une valeur. J'accompagne depuis 6 ans les entrepreneurs et les dirigeants dans leur strat\u00e9gie de d\u00e9veloppement - plus particuli\u00e8rement \u00e0 partir de la marque et de son expression.   Son super pouvoir : Simplifier le complexe. Accompagner le changement. Rationnelle tout en restant intuitive.  Son petit mot : Never give up - you owe it to yourself!  Dur\u00e9e : 1h en ligne  Attention ! Veuillez vous pr\u00e9senter \u00e0 l\u2019heure pour que l\u2019activit\u00e9 puisse commencer \u00e0 temps. Si vous avez du retard veuillez pr\u00e9venir l\u2019intervenant.e. Si vous avez plus de 15 min de retard l\u2019intervenant.e se r\u00e9serve le droit de ne pas vous accepter pour le coaching ou l\u2019atelier.","og_url":"https:\/\/empow-her.com\/produit\/coaching-strategie-de-communication-et-marketing-de-loffre-2\/","og_site_name":"Empow&#039;Her","article_modified_time":"2023-03-03T14:02:47+00:00","og_image":[{"width":1080,"height":1080,"url":"https:\/\/empow-her.com\/wp-content\/uploads\/2023\/03\/Women-Dare-templates-events-2023-03-03T150025.649.png","type":"image\/png"}],"twitter_card":"summary_large_image","twitter_misc":{"Tiempo de lectura":"2 minutos"},"schema":{"@context":"https:\/\/schema.org","@graph":[{"@type":"WebPage","@id":"https:\/\/empow-her.com\/produit\/coaching-strategie-de-communication-et-marketing-de-loffre-2\/","url":"https:\/\/empow-her.com\/produit\/coaching-strategie-de-communication-et-marketing-de-loffre-2\/","name":"Coaching - Strat\u00e9gie de communication et marketing de l'offre - Empow&#039;Her","isPartOf":{"@id":"https:\/\/empow-her.com\/#website"},"primaryImageOfPage":{"@id":"https:\/\/empow-her.com\/produit\/coaching-strategie-de-communication-et-marketing-de-loffre-2\/#primaryimage"},"image":{"@id":"https:\/\/empow-her.com\/produit\/coaching-strategie-de-communication-et-marketing-de-loffre-2\/#primaryimage"},"thumbnailUrl":"https:\/\/empow-her.com\/wp-content\/uploads\/2023\/03\/Women-Dare-templates-events-2023-03-03T150025.649.png","datePublished":"2023-03-03T14:00:43+00:00","dateModified":"2023-03-03T14:02:47+00:00","breadcrumb":{"@id":"https:\/\/empow-her.com\/produit\/coaching-strategie-de-communication-et-marketing-de-loffre-2\/#breadcrumb"},"inLanguage":"es","potentialAction":[{"@type":"ReadAction","target":["https:\/\/empow-her.com\/produit\/coaching-strategie-de-communication-et-marketing-de-loffre-2\/"]}]},{"@type":"ImageObject","inLanguage":"es","@id":"https:\/\/empow-her.com\/produit\/coaching-strategie-de-communication-et-marketing-de-loffre-2\/#primaryimage","url":"https:\/\/empow-her.com\/wp-content\/uploads\/2023\/03\/Women-Dare-templates-events-2023-03-03T150025.649.png","contentUrl":"https:\/\/empow-her.com\/wp-content\/uploads\/2023\/03\/Women-Dare-templates-events-2023-03-03T150025.649.png","width":1080,"height":1080},{"@type":"BreadcrumbList","@id":"https:\/\/empow-her.com\/produit\/coaching-strategie-de-communication-et-marketing-de-loffre-2\/#breadcrumb","itemListElement":[{"@type":"ListItem","position":1,"name":"Accueil","item":"https:\/\/empow-her.com\/es\/inicio\/"},{"@type":"ListItem","position":2,"name":"LA BOUTIQUE","item":"https:\/\/empow-her.com\/boutique\/"},{"@type":"ListItem","position":3,"name":"Coaching &#8211; Strat\u00e9gie de communication et marketing de l&#8217;offre"}]},{"@type":"WebSite","@id":"https:\/\/empow-her.com\/#website","url":"https:\/\/empow-her.com\/","name":"Empow&#039;Her","description":"Women Development","potentialAction":[{"@type":"SearchAction","target":{"@type":"EntryPoint","urlTemplate":"https:\/\/empow-her.com\/?s={search_term_string}"},"query-input":{"@type":"PropertyValueSpecification","valueRequired":true,"valueName":"search_term_string"}}],"inLanguage":"es"}]}},"_links":{"self":[{"href":"https:\/\/empow-her.com\/es\/wp-json\/wp\/v2\/product\/144545","targetHints":{"allow":["GET"]}}],"collection":[{"href":"https:\/\/empow-her.com\/es\/wp-json\/wp\/v2\/product"}],"about":[{"href":"https:\/\/empow-her.com\/es\/wp-json\/wp\/v2\/types\/product"}],"wp:featuredmedia":[{"embeddable":true,"href":"https:\/\/empow-her.com\/es\/wp-json\/wp\/v2\/media\/144546"}],"wp:attachment":[{"href":"https:\/\/empow-her.com\/es\/wp-json\/wp\/v2\/media?parent=144545"}],"wp:term":[{"taxonomy":"product_brand","embeddable":true,"href":"https:\/\/empow-her.com\/es\/wp-json\/wp\/v2\/product_brand?post=144545"},{"taxonomy":"product_cat","embeddable":true,"href":"https:\/\/empow-her.com\/es\/wp-json\/wp\/v2\/product_cat?post=144545"},{"taxonomy":"product_tag","embeddable":true,"href":"https:\/\/empow-her.com\/es\/wp-json\/wp\/v2\/product_tag?post=144545"},{"taxonomy":"lieu","embeddable":true,"href":"https:\/\/empow-her.com\/es\/wp-json\/wp\/v2\/lieu?post=144545"},{"taxonomy":"thematiques","embeddable":true,"href":"https:\/\/empow-her.com\/es\/wp-json\/wp\/v2\/thematiques?post=144545"}],"curies":[{"name":"wp","href":"https:\/\/api.w.org\/{rel}","templated":true}]}}