{"id":144532,"date":"2023-03-03T14:37:14","date_gmt":"2023-03-03T13:37:14","guid":{"rendered":"https:\/\/empow-her.com\/?post_type=product&#038;p=144532"},"modified":"2023-04-06T12:09:05","modified_gmt":"2023-04-06T10:09:05","slug":"new-modele-economique-et-strategie-commerciale-4","status":"publish","type":"product","link":"https:\/\/empow-her.com\/es\/produit\/new-modele-economique-et-strategie-commerciale-4\/","title":{"rendered":"New ! Mod\u00e8le \u00e9conomique et Strat\u00e9gie commerciale"},"content":{"rendered":"<p>&nbsp;<\/p>\n<p>&nbsp;<\/p>\n","protected":false},"excerpt":{"rendered":"<p><span data-sheets-value=\"{&quot;1&quot;:2,&quot;2&quot;:&quot;Besoin : nVous avez \u00e9bauch\u00e9 une offre (\u00e0 partir d'un produit ou service) et vous avez des questions sans r\u00e9ponse : est-ce que la proposition de valeur est pertinente ? comment approfondir l'\u00e9tude de march\u00e9 et tester l'offre ? Quels sont les bons canaux pour toucher vos cibles ? Quel prix fixer pour votre offre ? Comment la diffuser et la vendre au mieux ?nnPr\u00e9cisons ensemble et challengeons votre mod\u00e8le \u00e9conomique pour faire progresser votre projet. En une heure, nous travaillerons ensemble sur quelques raisonnements et outils simples pour r\u00e9pondre \u00e0 vos questions concernant la mod\u00e9lisation \u00e9conomique, en lien avec la raison d'\u00eatre et la vision de votre projet. nVous ressortirez de cet accompagnement avec des pistes pour d\u00e9velopper votre activit\u00e9 tout en ayant une bonne ma\u00eetrise des logiques \u00e9conomiques, ou avec une feuille de route pr\u00eate \u00e0 l'emploi, selon votre besoin.nnNB : Cette permanence est particuli\u00e8rement adapt\u00e9e si vous avez particip\u00e9 en amont aux ateliers &quot;Etude de march\u00e9 et analyse de l'environnement&quot; et\/ou &quot;Planifier et lancer une activit\u00e9 commerciale efficace&quot;.nnAvant la session, n'h\u00e9sitez pas \u00e0 envoyer vos questions pr\u00e9cises (si vous en avez), ou tout autre document utile \u00e0 l'\u00e9quipe d'accompagnement Empow'Her, qui pourra les transmettre \u00e0 l'\u00e9quipe de plus1 pour pr\u00e9parer au mieux votre \u00e9change ! nnLieu : En lignenRendez-vous en ligne, le lien Zoom vous sera envoy\u00e9 dans un second temps.nnAttention ! Veuillez vous pr\u00e9senter \u00e0 l'heure pour que l'activit\u00e9 puisse commencer \u00e0 temps. Si vous avez du retard veuillez pr\u00e9venir l'intervenant.e. Si vous avez plus de 15 min de retard l'intervenant.e se r\u00e9serve le droit de ne plus vous accepter pour le coaching ou l'atelier.&quot;}\" data-sheets-userformat=\"{&quot;2&quot;:4995,&quot;3&quot;:{&quot;1&quot;:0},&quot;4&quot;:{&quot;1&quot;:2,&quot;2&quot;:16773836},&quot;10&quot;:1,&quot;11&quot;:4,&quot;12&quot;:0,&quot;15&quot;:&quot;Hind&quot;}\"><strong>Besoin : <\/strong>Vous avez \u00e9bauch\u00e9 une offre (\u00e0 partir d&#8217;un produit ou service) et vous avez des questions sans r\u00e9ponse : est-ce que la proposition de valeur est pertinente ? comment approfondir l&#8217;\u00e9tude de march\u00e9 et tester l&#8217;offre ? Quels sont les bons canaux pour toucher vos cibles ? Quel prix fixer pour votre offre ? Comment la diffuser et la vendre au mieux ?<\/span><\/p>\n<p><strong>Description : <\/strong>Pr\u00e9cisons ensemble et challengeons votre mod\u00e8le \u00e9conomique pour faire progresser votre projet. En une heure, nous travaillerons ensemble sur quelques raisonnements et outils simples pour r\u00e9pondre \u00e0 vos questions concernant la mod\u00e9lisation \u00e9conomique, en lien avec la raison d&#8217;\u00eatre et la vision de votre projet. Vous ressortirez de cet accompagnement avec des pistes pour d\u00e9velopper votre activit\u00e9 tout en ayant une bonne ma\u00eetrise des logiques \u00e9conomiques, ou avec une feuille de route pr\u00eate \u00e0 l&#8217;emploi, selon votre besoin.<\/p>\n<p><span data-sheets-value=\"{&quot;1&quot;:2,&quot;2&quot;:&quot;Besoin : nVous avez \u00e9bauch\u00e9 une offre (\u00e0 partir d'un produit ou service) et vous avez des questions sans r\u00e9ponse : est-ce que la proposition de valeur est pertinente ? comment approfondir l'\u00e9tude de march\u00e9 et tester l'offre ? Quels sont les bons canaux pour toucher vos cibles ? Quel prix fixer pour votre offre ? Comment la diffuser et la vendre au mieux ?nnPr\u00e9cisons ensemble et challengeons votre mod\u00e8le \u00e9conomique pour faire progresser votre projet. En une heure, nous travaillerons ensemble sur quelques raisonnements et outils simples pour r\u00e9pondre \u00e0 vos questions concernant la mod\u00e9lisation \u00e9conomique, en lien avec la raison d'\u00eatre et la vision de votre projet. nVous ressortirez de cet accompagnement avec des pistes pour d\u00e9velopper votre activit\u00e9 tout en ayant une bonne ma\u00eetrise des logiques \u00e9conomiques, ou avec une feuille de route pr\u00eate \u00e0 l'emploi, selon votre besoin.nnNB : Cette permanence est particuli\u00e8rement adapt\u00e9e si vous avez particip\u00e9 en amont aux ateliers &quot;Etude de march\u00e9 et analyse de l'environnement&quot; et\/ou &quot;Planifier et lancer une activit\u00e9 commerciale efficace&quot;.nnAvant la session, n'h\u00e9sitez pas \u00e0 envoyer vos questions pr\u00e9cises (si vous en avez), ou tout autre document utile \u00e0 l'\u00e9quipe d'accompagnement Empow'Her, qui pourra les transmettre \u00e0 l'\u00e9quipe de plus1 pour pr\u00e9parer au mieux votre \u00e9change ! nnLieu : En lignenRendez-vous en ligne, le lien Zoom vous sera envoy\u00e9 dans un second temps.nnAttention ! Veuillez vous pr\u00e9senter \u00e0 l'heure pour que l'activit\u00e9 puisse commencer \u00e0 temps. Si vous avez du retard veuillez pr\u00e9venir l'intervenant.e. Si vous avez plus de 15 min de retard l'intervenant.e se r\u00e9serve le droit de ne plus vous accepter pour le coaching ou l'atelier.&quot;}\" data-sheets-userformat=\"{&quot;2&quot;:4995,&quot;3&quot;:{&quot;1&quot;:0},&quot;4&quot;:{&quot;1&quot;:2,&quot;2&quot;:16773836},&quot;10&quot;:1,&quot;11&quot;:4,&quot;12&quot;:0,&quot;15&quot;:&quot;Hind&quot;}\"><strong>Intervenant.e :\u00a0Alice de Castelnau<\/strong> de Plus1<\/span><\/p>\n<p><span data-sheets-value=\"{&quot;1&quot;:2,&quot;2&quot;:&quot;Besoin : nVous avez \u00e9bauch\u00e9 une offre (\u00e0 partir d'un produit ou service) et vous avez des questions sans r\u00e9ponse : est-ce que la proposition de valeur est pertinente ? comment approfondir l'\u00e9tude de march\u00e9 et tester l'offre ? Quels sont les bons canaux pour toucher vos cibles ? Quel prix fixer pour votre offre ? Comment la diffuser et la vendre au mieux ?nnPr\u00e9cisons ensemble et challengeons votre mod\u00e8le \u00e9conomique pour faire progresser votre projet. En une heure, nous travaillerons ensemble sur quelques raisonnements et outils simples pour r\u00e9pondre \u00e0 vos questions concernant la mod\u00e9lisation \u00e9conomique, en lien avec la raison d'\u00eatre et la vision de votre projet. nVous ressortirez de cet accompagnement avec des pistes pour d\u00e9velopper votre activit\u00e9 tout en ayant une bonne ma\u00eetrise des logiques \u00e9conomiques, ou avec une feuille de route pr\u00eate \u00e0 l'emploi, selon votre besoin.nnNB : Cette permanence est particuli\u00e8rement adapt\u00e9e si vous avez particip\u00e9 en amont aux ateliers &quot;Etude de march\u00e9 et analyse de l'environnement&quot; et\/ou &quot;Planifier et lancer une activit\u00e9 commerciale efficace&quot;.nnAvant la session, n'h\u00e9sitez pas \u00e0 envoyer vos questions pr\u00e9cises (si vous en avez), ou tout autre document utile \u00e0 l'\u00e9quipe d'accompagnement Empow'Her, qui pourra les transmettre \u00e0 l'\u00e9quipe de plus1 pour pr\u00e9parer au mieux votre \u00e9change ! nnLieu : En lignenRendez-vous en ligne, le lien Zoom vous sera envoy\u00e9 dans un second temps.nnAttention ! Veuillez vous pr\u00e9senter \u00e0 l'heure pour que l'activit\u00e9 puisse commencer \u00e0 temps. Si vous avez du retard veuillez pr\u00e9venir l'intervenant.e. Si vous avez plus de 15 min de retard l'intervenant.e se r\u00e9serve le droit de ne plus vous accepter pour le coaching ou l'atelier.&quot;}\" data-sheets-userformat=\"{&quot;2&quot;:4995,&quot;3&quot;:{&quot;1&quot;:0},&quot;4&quot;:{&quot;1&quot;:2,&quot;2&quot;:16773836},&quot;10&quot;:1,&quot;11&quot;:4,&quot;12&quot;:0,&quot;15&quot;:&quot;Hind&quot;}\">J&#8217;accompagne les associations, les entreprises et les porteur.euse.s de projets \u00e0 fort impact depuis bient\u00f4t 15 ans sur leurs probl\u00e9matiques de d\u00e9veloppement et d&#8217;organisation. Mes dadas : la strat\u00e9gie de d\u00e9veloppement et la strat\u00e9gie commerciale, en particulier quand il faut inventer des mod\u00e8les hybrides : pas 100% lucratif et pas 100% non lucratif. Sant\u00e9, mal logement, migrations, mode \u00e9thique ou encore mobilit\u00e9 douce, je suis intervenue dans beaucoup de secteurs et tous me passionnent.<\/span><\/p>\n<p><strong>Son super pouvoir<\/strong> : J&#8217;ai r\u00e9ponse \u00e0 tout (mais je ne garantis pas qu&#8217;on aime la r\u00e9ponse \u00e0 chaque fois)<\/p>\n<p><strong>Leur petit mot<\/strong> : N&#8217;ayez pas peur d&#8217;oser mais ne vous oubliez jamais.<\/p>\n<p><span data-sheets-value=\"{&quot;1&quot;:2,&quot;2&quot;:&quot;Besoin : nVous avez \u00e9bauch\u00e9 une offre (\u00e0 partir d'un produit ou service) et vous avez des questions sans r\u00e9ponse : est-ce que la proposition de valeur est pertinente ? comment approfondir l'\u00e9tude de march\u00e9 et tester l'offre ? Quels sont les bons canaux pour toucher vos cibles ? Quel prix fixer pour votre offre ? Comment la diffuser et la vendre au mieux ?nnPr\u00e9cisons ensemble et challengeons votre mod\u00e8le \u00e9conomique pour faire progresser votre projet. En une heure, nous travaillerons ensemble sur quelques raisonnements et outils simples pour r\u00e9pondre \u00e0 vos questions concernant la mod\u00e9lisation \u00e9conomique, en lien avec la raison d'\u00eatre et la vision de votre projet. nVous ressortirez de cet accompagnement avec des pistes pour d\u00e9velopper votre activit\u00e9 tout en ayant une bonne ma\u00eetrise des logiques \u00e9conomiques, ou avec une feuille de route pr\u00eate \u00e0 l'emploi, selon votre besoin.nnNB : Cette permanence est particuli\u00e8rement adapt\u00e9e si vous avez particip\u00e9 en amont aux ateliers &quot;Etude de march\u00e9 et analyse de l'environnement&quot; et\/ou &quot;Planifier et lancer une activit\u00e9 commerciale efficace&quot;.nnAvant la session, n'h\u00e9sitez pas \u00e0 envoyer vos questions pr\u00e9cises (si vous en avez), ou tout autre document utile \u00e0 l'\u00e9quipe d'accompagnement Empow'Her, qui pourra les transmettre \u00e0 l'\u00e9quipe de plus1 pour pr\u00e9parer au mieux votre \u00e9change ! nnLieu : En lignenRendez-vous en ligne, le lien Zoom vous sera envoy\u00e9 dans un second temps.nnAttention ! Veuillez vous pr\u00e9senter \u00e0 l'heure pour que l'activit\u00e9 puisse commencer \u00e0 temps. Si vous avez du retard veuillez pr\u00e9venir l'intervenant.e. Si vous avez plus de 15 min de retard l'intervenant.e se r\u00e9serve le droit de ne plus vous accepter pour le coaching ou l'atelier.&quot;}\" data-sheets-userformat=\"{&quot;2&quot;:4995,&quot;3&quot;:{&quot;1&quot;:0},&quot;4&quot;:{&quot;1&quot;:2,&quot;2&quot;:16773836},&quot;10&quot;:1,&quot;11&quot;:4,&quot;12&quot;:0,&quot;15&quot;:&quot;Hind&quot;}\"><strong>NB<\/strong> : Cette permanence est particuli\u00e8rement adapt\u00e9e si vous avez particip\u00e9 en amont aux ateliers &#8220;Etude de march\u00e9 et analyse de l&#8217;environnement&#8221; et\/ou &#8220;Planifier et lancer une activit\u00e9 commerciale efficace&#8221;.<\/span><\/p>\n<p>Avant la session, n&#8217;h\u00e9sitez pas \u00e0 envoyer vos questions pr\u00e9cises (si vous en avez), ou tout autre document utile \u00e0 l&#8217;\u00e9quipe d&#8217;accompagnement Empow&#8217;Her, qui pourra les transmettre \u00e0 l&#8217;\u00e9quipe de plus1 pour pr\u00e9parer au mieux votre \u00e9change !<\/p>\n<p><strong>Lieu<\/strong> : En ligne<br \/>\nRendez-vous en ligne, le lien Zoom vous sera envoy\u00e9 dans un second temps.<\/p>\n<p><strong>Attention !<\/strong> Veuillez vous pr\u00e9senter \u00e0 l&#8217;heure pour que l&#8217;activit\u00e9 puisse commencer \u00e0 temps. Si vous avez du retard veuillez pr\u00e9venir l&#8217;intervenant.e. Si vous avez plus de 15 min de retard l&#8217;intervenant.e se r\u00e9serve le droit de ne plus vous accepter pour le coaching ou l&#8217;atelier.<\/p>\n","protected":false},"featured_media":144535,"template":"","format":"standard","meta":{"_acf_changed":false,"om_disable_all_campaigns":false,"_uf_show_specific_survey":0,"_uf_disable_surveys":false},"product_brand":[],"product_cat":[121],"product_tag":[],"lieu":[125],"thematiques":[],"class_list":{"0":"post-144532","1":"product","2":"type-product","3":"status-publish","4":"format-standard","5":"has-post-thumbnail","7":"product_cat-coaching","8":"lieu-en-ligne","10":"first","11":"instock","12":"virtual","13":"purchasable","14":"product-type-appointment"},"exclude_global_add_ons":[],"addons":[],"acf":[],"yoast_head":"<!-- This site is optimized with the Yoast SEO plugin v24.8 - https:\/\/yoast.com\/wordpress\/plugins\/seo\/ -->\n<title>New ! Mod\u00e8le \u00e9conomique et Strat\u00e9gie commerciale - Empow&#039;Her<\/title>\n<meta name=\"robots\" content=\"index, follow, max-snippet:-1, max-image-preview:large, max-video-preview:-1\" \/>\n<link rel=\"canonical\" href=\"https:\/\/empow-her.com\/produit\/new-modele-economique-et-strategie-commerciale-4\/\" \/>\n<meta property=\"og:locale\" content=\"es_ES\" \/>\n<meta property=\"og:type\" content=\"article\" \/>\n<meta property=\"og:title\" content=\"New ! Mod\u00e8le \u00e9conomique et Strat\u00e9gie commerciale - Empow&#039;Her\" \/>\n<meta property=\"og:description\" content=\"Besoin : Vous avez \u00e9bauch\u00e9 une offre (\u00e0 partir d&#039;un produit ou service) et vous avez des questions sans r\u00e9ponse : est-ce que la proposition de valeur est pertinente ? comment approfondir l&#039;\u00e9tude de march\u00e9 et tester l&#039;offre ? Quels sont les bons canaux pour toucher vos cibles ? Quel prix fixer pour votre offre ? Comment la diffuser et la vendre au mieux ?  Description : Pr\u00e9cisons ensemble et challengeons votre mod\u00e8le \u00e9conomique pour faire progresser votre projet. En une heure, nous travaillerons ensemble sur quelques raisonnements et outils simples pour r\u00e9pondre \u00e0 vos questions concernant la mod\u00e9lisation \u00e9conomique, en lien avec la raison d&#039;\u00eatre et la vision de votre projet. Vous ressortirez de cet accompagnement avec des pistes pour d\u00e9velopper votre activit\u00e9 tout en ayant une bonne ma\u00eetrise des logiques \u00e9conomiques, ou avec une feuille de route pr\u00eate \u00e0 l&#039;emploi, selon votre besoin.  Intervenant.e :\u00a0Alice de Castelnau de Plus1  J&#039;accompagne les associations, les entreprises et les porteur.euse.s de projets \u00e0 fort impact depuis bient\u00f4t 15 ans sur leurs probl\u00e9matiques de d\u00e9veloppement et d&#039;organisation. Mes dadas : la strat\u00e9gie de d\u00e9veloppement et la strat\u00e9gie commerciale, en particulier quand il faut inventer des mod\u00e8les hybrides : pas 100% lucratif et pas 100% non lucratif. Sant\u00e9, mal logement, migrations, mode \u00e9thique ou encore mobilit\u00e9 douce, je suis intervenue dans beaucoup de secteurs et tous me passionnent.  Son super pouvoir : J&#039;ai r\u00e9ponse \u00e0 tout (mais je ne garantis pas qu&#039;on aime la r\u00e9ponse \u00e0 chaque fois)  Leur petit mot : N&#039;ayez pas peur d&#039;oser mais ne vous oubliez jamais.  NB : Cette permanence est particuli\u00e8rement adapt\u00e9e si vous avez particip\u00e9 en amont aux ateliers &quot;Etude de march\u00e9 et analyse de l&#039;environnement&quot; et\/ou &quot;Planifier et lancer une activit\u00e9 commerciale efficace&quot;.  Avant la session, n&#039;h\u00e9sitez pas \u00e0 envoyer vos questions pr\u00e9cises (si vous en avez), ou tout autre document utile \u00e0 l&#039;\u00e9quipe d&#039;accompagnement Empow&#039;Her, qui pourra les transmettre \u00e0 l&#039;\u00e9quipe de plus1 pour pr\u00e9parer au mieux votre \u00e9change !  Lieu : En ligne Rendez-vous en ligne, le lien Zoom vous sera envoy\u00e9 dans un second temps.  Attention ! Veuillez vous pr\u00e9senter \u00e0 l&#039;heure pour que l&#039;activit\u00e9 puisse commencer \u00e0 temps. Si vous avez du retard veuillez pr\u00e9venir l&#039;intervenant.e. Si vous avez plus de 15 min de retard l&#039;intervenant.e se r\u00e9serve le droit de ne plus vous accepter pour le coaching ou l&#039;atelier.\" \/>\n<meta property=\"og:url\" content=\"https:\/\/empow-her.com\/produit\/new-modele-economique-et-strategie-commerciale-4\/\" \/>\n<meta property=\"og:site_name\" content=\"Empow&#039;Her\" \/>\n<meta property=\"article:modified_time\" content=\"2023-04-06T10:09:05+00:00\" \/>\n<meta property=\"og:image\" content=\"https:\/\/empow-her.com\/wp-content\/uploads\/2023\/03\/Women-Dare-templates-events-2023-03-03T143648.597-1.png\" \/>\n\t<meta property=\"og:image:width\" content=\"1080\" \/>\n\t<meta property=\"og:image:height\" content=\"1080\" \/>\n\t<meta property=\"og:image:type\" content=\"image\/png\" \/>\n<meta name=\"twitter:card\" content=\"summary_large_image\" \/>\n<script type=\"application\/ld+json\" class=\"yoast-schema-graph\">{\"@context\":\"https:\/\/schema.org\",\"@graph\":[{\"@type\":\"WebPage\",\"@id\":\"https:\/\/empow-her.com\/produit\/new-modele-economique-et-strategie-commerciale-4\/\",\"url\":\"https:\/\/empow-her.com\/produit\/new-modele-economique-et-strategie-commerciale-4\/\",\"name\":\"New ! Mod\u00e8le \u00e9conomique et Strat\u00e9gie commerciale - Empow&#039;Her\",\"isPartOf\":{\"@id\":\"https:\/\/empow-her.com\/#website\"},\"primaryImageOfPage\":{\"@id\":\"https:\/\/empow-her.com\/produit\/new-modele-economique-et-strategie-commerciale-4\/#primaryimage\"},\"image\":{\"@id\":\"https:\/\/empow-her.com\/produit\/new-modele-economique-et-strategie-commerciale-4\/#primaryimage\"},\"thumbnailUrl\":\"https:\/\/empow-her.com\/wp-content\/uploads\/2023\/03\/Women-Dare-templates-events-2023-03-03T143648.597-1.png\",\"datePublished\":\"2023-03-03T13:37:14+00:00\",\"dateModified\":\"2023-04-06T10:09:05+00:00\",\"breadcrumb\":{\"@id\":\"https:\/\/empow-her.com\/produit\/new-modele-economique-et-strategie-commerciale-4\/#breadcrumb\"},\"inLanguage\":\"es\",\"potentialAction\":[{\"@type\":\"ReadAction\",\"target\":[\"https:\/\/empow-her.com\/produit\/new-modele-economique-et-strategie-commerciale-4\/\"]}]},{\"@type\":\"ImageObject\",\"inLanguage\":\"es\",\"@id\":\"https:\/\/empow-her.com\/produit\/new-modele-economique-et-strategie-commerciale-4\/#primaryimage\",\"url\":\"https:\/\/empow-her.com\/wp-content\/uploads\/2023\/03\/Women-Dare-templates-events-2023-03-03T143648.597-1.png\",\"contentUrl\":\"https:\/\/empow-her.com\/wp-content\/uploads\/2023\/03\/Women-Dare-templates-events-2023-03-03T143648.597-1.png\",\"width\":1080,\"height\":1080},{\"@type\":\"BreadcrumbList\",\"@id\":\"https:\/\/empow-her.com\/produit\/new-modele-economique-et-strategie-commerciale-4\/#breadcrumb\",\"itemListElement\":[{\"@type\":\"ListItem\",\"position\":1,\"name\":\"Accueil\",\"item\":\"https:\/\/empow-her.com\/es\/inicio\/\"},{\"@type\":\"ListItem\",\"position\":2,\"name\":\"LA BOUTIQUE\",\"item\":\"https:\/\/empow-her.com\/boutique\/\"},{\"@type\":\"ListItem\",\"position\":3,\"name\":\"New ! Mod\u00e8le \u00e9conomique et Strat\u00e9gie commerciale\"}]},{\"@type\":\"WebSite\",\"@id\":\"https:\/\/empow-her.com\/#website\",\"url\":\"https:\/\/empow-her.com\/\",\"name\":\"Empow&#039;Her\",\"description\":\"Women Development\",\"potentialAction\":[{\"@type\":\"SearchAction\",\"target\":{\"@type\":\"EntryPoint\",\"urlTemplate\":\"https:\/\/empow-her.com\/?s={search_term_string}\"},\"query-input\":{\"@type\":\"PropertyValueSpecification\",\"valueRequired\":true,\"valueName\":\"search_term_string\"}}],\"inLanguage\":\"es\"}]}<\/script>\n<!-- \/ Yoast SEO plugin. -->","yoast_head_json":{"title":"New ! Mod\u00e8le \u00e9conomique et Strat\u00e9gie commerciale - Empow&#039;Her","robots":{"index":"index","follow":"follow","max-snippet":"max-snippet:-1","max-image-preview":"max-image-preview:large","max-video-preview":"max-video-preview:-1"},"canonical":"https:\/\/empow-her.com\/produit\/new-modele-economique-et-strategie-commerciale-4\/","og_locale":"es_ES","og_type":"article","og_title":"New ! Mod\u00e8le \u00e9conomique et Strat\u00e9gie commerciale - Empow&#039;Her","og_description":"Besoin : Vous avez \u00e9bauch\u00e9 une offre (\u00e0 partir d'un produit ou service) et vous avez des questions sans r\u00e9ponse : est-ce que la proposition de valeur est pertinente ? comment approfondir l'\u00e9tude de march\u00e9 et tester l'offre ? Quels sont les bons canaux pour toucher vos cibles ? Quel prix fixer pour votre offre ? Comment la diffuser et la vendre au mieux ?  Description : Pr\u00e9cisons ensemble et challengeons votre mod\u00e8le \u00e9conomique pour faire progresser votre projet. En une heure, nous travaillerons ensemble sur quelques raisonnements et outils simples pour r\u00e9pondre \u00e0 vos questions concernant la mod\u00e9lisation \u00e9conomique, en lien avec la raison d'\u00eatre et la vision de votre projet. Vous ressortirez de cet accompagnement avec des pistes pour d\u00e9velopper votre activit\u00e9 tout en ayant une bonne ma\u00eetrise des logiques \u00e9conomiques, ou avec une feuille de route pr\u00eate \u00e0 l'emploi, selon votre besoin.  Intervenant.e :\u00a0Alice de Castelnau de Plus1  J'accompagne les associations, les entreprises et les porteur.euse.s de projets \u00e0 fort impact depuis bient\u00f4t 15 ans sur leurs probl\u00e9matiques de d\u00e9veloppement et d'organisation. Mes dadas : la strat\u00e9gie de d\u00e9veloppement et la strat\u00e9gie commerciale, en particulier quand il faut inventer des mod\u00e8les hybrides : pas 100% lucratif et pas 100% non lucratif. Sant\u00e9, mal logement, migrations, mode \u00e9thique ou encore mobilit\u00e9 douce, je suis intervenue dans beaucoup de secteurs et tous me passionnent.  Son super pouvoir : J'ai r\u00e9ponse \u00e0 tout (mais je ne garantis pas qu'on aime la r\u00e9ponse \u00e0 chaque fois)  Leur petit mot : N'ayez pas peur d'oser mais ne vous oubliez jamais.  NB : Cette permanence est particuli\u00e8rement adapt\u00e9e si vous avez particip\u00e9 en amont aux ateliers \"Etude de march\u00e9 et analyse de l'environnement\" et\/ou \"Planifier et lancer une activit\u00e9 commerciale efficace\".  Avant la session, n'h\u00e9sitez pas \u00e0 envoyer vos questions pr\u00e9cises (si vous en avez), ou tout autre document utile \u00e0 l'\u00e9quipe d'accompagnement Empow'Her, qui pourra les transmettre \u00e0 l'\u00e9quipe de plus1 pour pr\u00e9parer au mieux votre \u00e9change !  Lieu : En ligne Rendez-vous en ligne, le lien Zoom vous sera envoy\u00e9 dans un second temps.  Attention ! Veuillez vous pr\u00e9senter \u00e0 l'heure pour que l'activit\u00e9 puisse commencer \u00e0 temps. Si vous avez du retard veuillez pr\u00e9venir l'intervenant.e. Si vous avez plus de 15 min de retard l'intervenant.e se r\u00e9serve le droit de ne plus vous accepter pour le coaching ou l'atelier.","og_url":"https:\/\/empow-her.com\/produit\/new-modele-economique-et-strategie-commerciale-4\/","og_site_name":"Empow&#039;Her","article_modified_time":"2023-04-06T10:09:05+00:00","og_image":[{"width":1080,"height":1080,"url":"https:\/\/empow-her.com\/wp-content\/uploads\/2023\/03\/Women-Dare-templates-events-2023-03-03T143648.597-1.png","type":"image\/png"}],"twitter_card":"summary_large_image","schema":{"@context":"https:\/\/schema.org","@graph":[{"@type":"WebPage","@id":"https:\/\/empow-her.com\/produit\/new-modele-economique-et-strategie-commerciale-4\/","url":"https:\/\/empow-her.com\/produit\/new-modele-economique-et-strategie-commerciale-4\/","name":"New ! Mod\u00e8le \u00e9conomique et Strat\u00e9gie commerciale - Empow&#039;Her","isPartOf":{"@id":"https:\/\/empow-her.com\/#website"},"primaryImageOfPage":{"@id":"https:\/\/empow-her.com\/produit\/new-modele-economique-et-strategie-commerciale-4\/#primaryimage"},"image":{"@id":"https:\/\/empow-her.com\/produit\/new-modele-economique-et-strategie-commerciale-4\/#primaryimage"},"thumbnailUrl":"https:\/\/empow-her.com\/wp-content\/uploads\/2023\/03\/Women-Dare-templates-events-2023-03-03T143648.597-1.png","datePublished":"2023-03-03T13:37:14+00:00","dateModified":"2023-04-06T10:09:05+00:00","breadcrumb":{"@id":"https:\/\/empow-her.com\/produit\/new-modele-economique-et-strategie-commerciale-4\/#breadcrumb"},"inLanguage":"es","potentialAction":[{"@type":"ReadAction","target":["https:\/\/empow-her.com\/produit\/new-modele-economique-et-strategie-commerciale-4\/"]}]},{"@type":"ImageObject","inLanguage":"es","@id":"https:\/\/empow-her.com\/produit\/new-modele-economique-et-strategie-commerciale-4\/#primaryimage","url":"https:\/\/empow-her.com\/wp-content\/uploads\/2023\/03\/Women-Dare-templates-events-2023-03-03T143648.597-1.png","contentUrl":"https:\/\/empow-her.com\/wp-content\/uploads\/2023\/03\/Women-Dare-templates-events-2023-03-03T143648.597-1.png","width":1080,"height":1080},{"@type":"BreadcrumbList","@id":"https:\/\/empow-her.com\/produit\/new-modele-economique-et-strategie-commerciale-4\/#breadcrumb","itemListElement":[{"@type":"ListItem","position":1,"name":"Accueil","item":"https:\/\/empow-her.com\/es\/inicio\/"},{"@type":"ListItem","position":2,"name":"LA BOUTIQUE","item":"https:\/\/empow-her.com\/boutique\/"},{"@type":"ListItem","position":3,"name":"New ! Mod\u00e8le \u00e9conomique et Strat\u00e9gie commerciale"}]},{"@type":"WebSite","@id":"https:\/\/empow-her.com\/#website","url":"https:\/\/empow-her.com\/","name":"Empow&#039;Her","description":"Women Development","potentialAction":[{"@type":"SearchAction","target":{"@type":"EntryPoint","urlTemplate":"https:\/\/empow-her.com\/?s={search_term_string}"},"query-input":{"@type":"PropertyValueSpecification","valueRequired":true,"valueName":"search_term_string"}}],"inLanguage":"es"}]}},"_links":{"self":[{"href":"https:\/\/empow-her.com\/es\/wp-json\/wp\/v2\/product\/144532","targetHints":{"allow":["GET"]}}],"collection":[{"href":"https:\/\/empow-her.com\/es\/wp-json\/wp\/v2\/product"}],"about":[{"href":"https:\/\/empow-her.com\/es\/wp-json\/wp\/v2\/types\/product"}],"wp:featuredmedia":[{"embeddable":true,"href":"https:\/\/empow-her.com\/es\/wp-json\/wp\/v2\/media\/144535"}],"wp:attachment":[{"href":"https:\/\/empow-her.com\/es\/wp-json\/wp\/v2\/media?parent=144532"}],"wp:term":[{"taxonomy":"product_brand","embeddable":true,"href":"https:\/\/empow-her.com\/es\/wp-json\/wp\/v2\/product_brand?post=144532"},{"taxonomy":"product_cat","embeddable":true,"href":"https:\/\/empow-her.com\/es\/wp-json\/wp\/v2\/product_cat?post=144532"},{"taxonomy":"product_tag","embeddable":true,"href":"https:\/\/empow-her.com\/es\/wp-json\/wp\/v2\/product_tag?post=144532"},{"taxonomy":"lieu","embeddable":true,"href":"https:\/\/empow-her.com\/es\/wp-json\/wp\/v2\/lieu?post=144532"},{"taxonomy":"thematiques","embeddable":true,"href":"https:\/\/empow-her.com\/es\/wp-json\/wp\/v2\/thematiques?post=144532"}],"curies":[{"name":"wp","href":"https:\/\/api.w.org\/{rel}","templated":true}]}}