{"id":144501,"date":"2023-03-03T11:44:48","date_gmt":"2023-03-03T10:44:48","guid":{"rendered":"https:\/\/empow-her.com\/?post_type=product&#038;p=144501"},"modified":"2023-03-28T09:42:49","modified_gmt":"2023-03-28T07:42:49","slug":"new-mieux-mentourer-et-demander-du-soutien","status":"publish","type":"product","link":"https:\/\/empow-her.com\/es\/produit\/new-mieux-mentourer-et-demander-du-soutien\/","title":{"rendered":"NEW &#8211; Mieux m&#8217;entourer et demander du soutien"},"content":{"rendered":"<p><span data-sheets-value=\"{&quot;1&quot;:2,&quot;2&quot;:&quot;Description : nnPr\u00e9-requis : nnIntervenant.e : nnSon super pouvoir : nnSon petit mot : &quot;}\" data-sheets-userformat=\"{&quot;2&quot;:641,&quot;3&quot;:{&quot;1&quot;:0},&quot;10&quot;:1,&quot;12&quot;:0}\"><strong>Description :<\/strong>\u00a0<\/span><\/p>\n<p><strong>Besoin<\/strong> : \u00ab j\u2019aimerais r\u00e9ussir \u00e0 mieux m\u2019entourer, oser demander du soutien et me sentir moins seule dans mon projet \u00bb.<\/p>\n<p><strong>Objectif<\/strong> : si cette phrase r\u00e9sonne alors cette permanence pourra vous donner des cl\u00e9s pour identifier de quel soutien vous avez besoin, choisir les liens de qualit\u00e9 \u00e0 cultiver et oser aller \u00e0 la rencontre de celles et ceux qui pourront vous \u00eatre d\u2019une aide pr\u00e9cieuse pour r\u00e9aliser votre projet. Une posture qui implique de se poser les bonnes questions pour savoir pourquoi, \u00e0 qui, comment et quand demander du soutien. Savoir s&#8217;entourer, c\u2019est avant tout \u00eatre au clair sur ses besoins pour les exprimer et les honorer d\u2019une mani\u00e8re singuli\u00e8re qui vous correspond.<\/p>\n<p>Cette permanence vous donne un espace-temps sur mesure pour :<\/p>\n<p>\u2022 Prendre du recul sur vos besoins actuels<\/p>\n<p>\u2022 R\u00e9flechir \u00e0 la posture que vous souhaitez adopter pour mieux vous entourer<\/p>\n<p>\u2022 Imaginer les possibles pour oser demander de l&#8217;aide et aller \u00e0 la rencontre avec audace et cr\u00e9ativit\u00e9<\/p>\n<p><strong>Pr\u00e9-requis<\/strong>\u00a0: Aucun<\/p>\n<p><strong>Intervenant.e<\/strong>\u00a0<strong>: Sophie Petit\u00a0<\/strong><\/p>\n<p>Engag\u00e9e dans l\u2019art de l\u2019\u00e9coute et passionn\u00e9e par l\u2019\u00e9criture : les mots pour se relier \u00e0 nos humanit\u00e9s.<\/p>\n<p>Coach professionnelle, j\u2019ai co-fond\u00e9 l\u2019Agence Bulles avec ma s\u0153ur-associ\u00e9e C\u00e9cile. Je m\u2019y investis avec joie pour accompagner artiste, entrepreneur\u00b7e et dirigeant\u00b7e \u00e0 se (re)connecter \u00e0 leurs essentiels et oser s\u2019exprimer, rencontrer et agir.<\/p>\n<p>Chez Bulles, nous sommes convaincues qu&#8217;il est essentiel de s\u2019accorder de l\u2019espace et du temps afin d\u2019apprendre \u00e0 mieux s\u2019\u00e9couter, se conna\u00eetre et se comprendre. Nous cr\u00e9ons des espaces-temps sur mesure \u2013 en individuel et en collectif \u2013 pour accompagner \u00e0 mieux \u00eatre, interagir et agir dans sa vie professionnelle. Des \u00ab bulles \u00bb d\u2019\u00e9coute, de dialogue et d\u2019expression de soi pour prendre confiance, se mettre en action avec coh\u00e9rence et se d\u00e9ployer avec audace dans ses projets porteurs de sens.<\/p>\n<p><span data-sheets-value=\"{&quot;1&quot;:2,&quot;2&quot;:&quot;Description : nnPr\u00e9-requis : nnIntervenant.e : nnSon super pouvoir : nnSon petit mot : &quot;}\" data-sheets-userformat=\"{&quot;2&quot;:641,&quot;3&quot;:{&quot;1&quot;:0},&quot;10&quot;:1,&quot;12&quot;:0}\"><strong>Son super pouvoir :<\/strong> L&#8217;audace des mots !<\/span><\/p>\n<p><strong>Son petit mot :<\/strong> Entreprendre, c\u2019est prendre le risque des joies possibles. Dans cette aventure entrepreneuriale, je suis heureuse d\u2019\u0153uvrer \u00e0 vos c\u00f4t\u00e9s pour vous accompagner \u00e0 d\u00e9ployer toutes vos couleurs !<\/p>\n<p><strong>Dur\u00e9e<\/strong>\u00a0: U<span data-sheets-value=\"{&quot;1&quot;:2,&quot;2&quot;:&quot;Permanence de 4h avec un cr\u00e9neau de 1h par participante (+ 15 minutes entre chaque)&quot;}\" data-sheets-userformat=\"{&quot;2&quot;:7167,&quot;3&quot;:{&quot;1&quot;:0},&quot;4&quot;:{&quot;1&quot;:2,&quot;2&quot;:16777215},&quot;5&quot;:{&quot;1&quot;:[{&quot;1&quot;:2,&quot;2&quot;:0,&quot;5&quot;:{&quot;1&quot;:2,&quot;2&quot;:0}},{&quot;1&quot;:0,&quot;2&quot;:0,&quot;3&quot;:3},{&quot;1&quot;:1,&quot;2&quot;:0,&quot;4&quot;:1}]},&quot;6&quot;:{&quot;1&quot;:[{&quot;1&quot;:2,&quot;2&quot;:0,&quot;5&quot;:{&quot;1&quot;:2,&quot;2&quot;:0}},{&quot;1&quot;:0,&quot;2&quot;:0,&quot;3&quot;:3},{&quot;1&quot;:1,&quot;2&quot;:0,&quot;4&quot;:1}]},&quot;7&quot;:{&quot;1&quot;:[{&quot;1&quot;:2,&quot;2&quot;:0,&quot;5&quot;:{&quot;1&quot;:2,&quot;2&quot;:0}},{&quot;1&quot;:0,&quot;2&quot;:0,&quot;3&quot;:3},{&quot;1&quot;:1,&quot;2&quot;:0,&quot;4&quot;:1}]},&quot;8&quot;:{&quot;1&quot;:[{&quot;1&quot;:2,&quot;2&quot;:0,&quot;5&quot;:{&quot;1&quot;:2,&quot;2&quot;:0}},{&quot;1&quot;:0,&quot;2&quot;:0,&quot;3&quot;:3},{&quot;1&quot;:1,&quot;2&quot;:0,&quot;4&quot;:1}]},&quot;9&quot;:0,&quot;10&quot;:1,&quot;11&quot;:4,&quot;12&quot;:0,&quot;14&quot;:{&quot;1&quot;:2,&quot;2&quot;:0},&quot;15&quot;:&quot;Calibri&quot;}\">n cr\u00e9neau de 1h en individuel<\/span><\/p>\n<p><span data-sheets-value=\"{&quot;1&quot;:2,&quot;2&quot;:&quot;Attention ! \u00a0Veuillez vous pr\u00e9sentez \u00e0 l'heure pour que l'activit\u00e9 puisse commencer \u00e0 temps. Si vous avez du retard veuillez pr\u00e9venir l'intervenant.e. Si vous avez plus de 15 min de retard l'intervenant.e se r\u00e9serve le droit de plus vous accepter pour le coaching ou l'atelier.\u00a0&quot;}\" data-sheets-userformat=\"{&quot;2&quot;:641,&quot;3&quot;:{&quot;1&quot;:0},&quot;10&quot;:1,&quot;12&quot;:0}\"><strong>Attention !<\/strong> \u00a0Veuillez vous pr\u00e9senter \u00e0 l\u2019heure pour que l\u2019activit\u00e9 puisse commencer \u00e0 temps. Si vous avez du retard veuillez pr\u00e9venir l\u2019intervenant.e. Si vous avez plus de 15 min de retard l\u2019intervenant.e se r\u00e9serve le droit de ne plus vous accepter pour le coaching ou l\u2019atelier.\u00a0<\/span><\/p>\n","protected":false},"excerpt":{"rendered":"<p><span data-sheets-value=\"{&quot;1&quot;:2,&quot;2&quot;:&quot;Description : nnPr\u00e9-requis : nnIntervenant.e : nnSon super pouvoir : nnSon petit mot : &quot;}\" data-sheets-userformat=\"{&quot;2&quot;:641,&quot;3&quot;:{&quot;1&quot;:0},&quot;10&quot;:1,&quot;12&quot;:0}\"><strong>Description :<\/strong>\u00a0<\/span><\/p>\n<p><strong>Besoin<\/strong>\u00a0: \u00ab J\u2019aimerais r\u00e9ussir \u00e0 mieux m\u2019entourer, oser demander du soutien et me sentir moins seule dans mon projet \u00bb.<\/p>\n<p><strong>Objectif<\/strong>\u00a0: Si cette phrase r\u00e9sonne alors cette permanence pourra vous donner des cl\u00e9s pour identifier de quel soutien vous avez besoin, choisir les liens de qualit\u00e9 \u00e0 cultiver et oser aller \u00e0 la rencontre de celles et ceux qui pourront vous \u00eatre d\u2019une aide pr\u00e9cieuse pour r\u00e9aliser votre projet. Une posture qui implique de se poser les bonnes questions pour savoir pourquoi, \u00e0 qui, comment et quand demander du soutien. Savoir s\u2019entourer, c\u2019est avant tout \u00eatre au clair sur ses besoins pour les exprimer et les honorer d\u2019une mani\u00e8re singuli\u00e8re qui vous correspond.<\/p>\n<p>Cette permanence vous donne un espace-temps sur mesure pour :<\/p>\n<p>\u2022 Prendre du recul sur vos besoins actuels<\/p>\n<p>\u2022 R\u00e9flechir \u00e0 la posture que vous souhaitez adopter pour mieux vous entourer<\/p>\n<p>\u2022 Imaginer les possibles pour oser demander de l\u2019aide et aller \u00e0 la rencontre avec audace et cr\u00e9ativit\u00e9<\/p>\n<p><strong>Pr\u00e9-requis<\/strong>\u00a0: Aucun<\/p>\n<p><strong>Intervenant.e<\/strong>\u00a0<strong>: Sophie Petit\u00a0<\/strong><\/p>\n<p>Engag\u00e9e dans l\u2019art de l\u2019\u00e9coute et passionn\u00e9e par l\u2019\u00e9criture : les mots pour se relier \u00e0 nos humanit\u00e9s.<\/p>\n<p>Coach professionnelle, j\u2019ai co-fond\u00e9 l\u2019Agence Bulles avec ma s\u0153ur-associ\u00e9e C\u00e9cile. Je m\u2019y investis avec joie pour accompagner artiste, entrepreneur\u00b7e et dirigeant\u00b7e \u00e0 se (re)connecter \u00e0 leurs essentiels et oser s\u2019exprimer, rencontrer et agir.<\/p>\n<p>Chez Bulles, nous sommes convaincues qu\u2019il est essentiel de s\u2019accorder de l\u2019espace et du temps afin d\u2019apprendre \u00e0 mieux s\u2019\u00e9couter, se conna\u00eetre et se comprendre. Nous cr\u00e9ons des espaces-temps sur mesure \u2013 en individuel et en collectif \u2013 pour accompagner \u00e0 mieux \u00eatre, interagir et agir dans sa vie professionnelle. Des \u00ab bulles \u00bb d\u2019\u00e9coute, de dialogue et d\u2019expression de soi pour prendre confiance, se mettre en action avec coh\u00e9rence et se d\u00e9ployer avec audace dans ses projets porteurs de sens.<\/p>\n<p><span data-sheets-value=\"{&quot;1&quot;:2,&quot;2&quot;:&quot;Description : nnPr\u00e9-requis : nnIntervenant.e : nnSon super pouvoir : nnSon petit mot : &quot;}\" data-sheets-userformat=\"{&quot;2&quot;:641,&quot;3&quot;:{&quot;1&quot;:0},&quot;10&quot;:1,&quot;12&quot;:0}\"><strong>Son super pouvoir :<\/strong>\u00a0L\u2019audace des mots !<\/span><\/p>\n<p><strong>Son petit mot :<\/strong>\u00a0Entreprendre, c\u2019est prendre le risque des joies possibles. Dans cette aventure entrepreneuriale, je suis heureuse d\u2019\u0153uvrer \u00e0 vos c\u00f4t\u00e9s pour vous accompagner \u00e0 d\u00e9ployer toutes vos couleurs !<\/p>\n<p><strong>Dur\u00e9e<\/strong>\u00a0: U<span data-sheets-value=\"{&quot;1&quot;:2,&quot;2&quot;:&quot;Permanence de 4h avec un cr\u00e9neau de 1h par participante (+ 15 minutes entre chaque)&quot;}\" data-sheets-userformat=\"{&quot;2&quot;:7167,&quot;3&quot;:{&quot;1&quot;:0},&quot;4&quot;:{&quot;1&quot;:2,&quot;2&quot;:16777215},&quot;5&quot;:{&quot;1&quot;:[{&quot;1&quot;:2,&quot;2&quot;:0,&quot;5&quot;:{&quot;1&quot;:2,&quot;2&quot;:0}},{&quot;1&quot;:0,&quot;2&quot;:0,&quot;3&quot;:3},{&quot;1&quot;:1,&quot;2&quot;:0,&quot;4&quot;:1}]},&quot;6&quot;:{&quot;1&quot;:[{&quot;1&quot;:2,&quot;2&quot;:0,&quot;5&quot;:{&quot;1&quot;:2,&quot;2&quot;:0}},{&quot;1&quot;:0,&quot;2&quot;:0,&quot;3&quot;:3},{&quot;1&quot;:1,&quot;2&quot;:0,&quot;4&quot;:1}]},&quot;7&quot;:{&quot;1&quot;:[{&quot;1&quot;:2,&quot;2&quot;:0,&quot;5&quot;:{&quot;1&quot;:2,&quot;2&quot;:0}},{&quot;1&quot;:0,&quot;2&quot;:0,&quot;3&quot;:3},{&quot;1&quot;:1,&quot;2&quot;:0,&quot;4&quot;:1}]},&quot;8&quot;:{&quot;1&quot;:[{&quot;1&quot;:2,&quot;2&quot;:0,&quot;5&quot;:{&quot;1&quot;:2,&quot;2&quot;:0}},{&quot;1&quot;:0,&quot;2&quot;:0,&quot;3&quot;:3},{&quot;1&quot;:1,&quot;2&quot;:0,&quot;4&quot;:1}]},&quot;9&quot;:0,&quot;10&quot;:1,&quot;11&quot;:4,&quot;12&quot;:0,&quot;14&quot;:{&quot;1&quot;:2,&quot;2&quot;:0},&quot;15&quot;:&quot;Calibri&quot;}\">n cr\u00e9neau de 1h en individuel<\/span><\/p>\n<p><span data-sheets-value=\"{&quot;1&quot;:2,&quot;2&quot;:&quot;Attention ! \u00a0Veuillez vous pr\u00e9sentez \u00e0 l'heure pour que l'activit\u00e9 puisse commencer \u00e0 temps. Si vous avez du retard veuillez pr\u00e9venir l'intervenant.e. Si vous avez plus de 15 min de retard l'intervenant.e se r\u00e9serve le droit de plus vous accepter pour le coaching ou l'atelier.\u00a0&quot;}\" data-sheets-userformat=\"{&quot;2&quot;:641,&quot;3&quot;:{&quot;1&quot;:0},&quot;10&quot;:1,&quot;12&quot;:0}\"><strong>Attention !<\/strong>\u00a0\u00a0Veuillez vous pr\u00e9senter \u00e0 l\u2019heure pour que l\u2019activit\u00e9 puisse commencer \u00e0 temps. Si vous avez du retard veuillez pr\u00e9venir l\u2019intervenant.e. Si vous avez plus de 15 min de retard l\u2019intervenant.e se r\u00e9serve le droit de ne plus vous accepter pour le coaching ou l\u2019atelier.\u00a0<\/span><\/p>\n","protected":false},"featured_media":144504,"template":"","format":"standard","meta":{"_acf_changed":false,"om_disable_all_campaigns":false,"_uf_show_specific_survey":0,"_uf_disable_surveys":false},"product_brand":[],"product_cat":[121],"product_tag":[],"lieu":[127],"thematiques":[],"class_list":{"0":"post-144501","1":"product","2":"type-product","3":"status-publish","4":"format-standard","5":"has-post-thumbnail","7":"product_cat-coaching","8":"lieu-hub-empowher","10":"first","11":"instock","12":"virtual","13":"purchasable","14":"product-type-appointment"},"exclude_global_add_ons":[],"addons":[],"acf":[],"yoast_head":"<!-- This site is optimized with the Yoast SEO plugin v24.8 - https:\/\/yoast.com\/wordpress\/plugins\/seo\/ -->\n<title>NEW - Mieux m&#039;entourer et demander du soutien - Empow&#039;Her<\/title>\n<meta name=\"robots\" content=\"index, follow, max-snippet:-1, max-image-preview:large, max-video-preview:-1\" \/>\n<link rel=\"canonical\" href=\"https:\/\/empow-her.com\/produit\/new-mieux-mentourer-et-demander-du-soutien\/\" \/>\n<meta property=\"og:locale\" content=\"es_ES\" \/>\n<meta property=\"og:type\" content=\"article\" \/>\n<meta property=\"og:title\" content=\"NEW - Mieux m&#039;entourer et demander du soutien - Empow&#039;Her\" \/>\n<meta property=\"og:description\" content=\"Description :\u00a0  Besoin\u00a0: \u00ab J\u2019aimerais r\u00e9ussir \u00e0 mieux m\u2019entourer, oser demander du soutien et me sentir moins seule dans mon projet \u00bb.  Objectif\u00a0: Si cette phrase r\u00e9sonne alors cette permanence pourra vous donner des cl\u00e9s pour identifier de quel soutien vous avez besoin, choisir les liens de qualit\u00e9 \u00e0 cultiver et oser aller \u00e0 la rencontre de celles et ceux qui pourront vous \u00eatre d\u2019une aide pr\u00e9cieuse pour r\u00e9aliser votre projet. Une posture qui implique de se poser les bonnes questions pour savoir pourquoi, \u00e0 qui, comment et quand demander du soutien. Savoir s\u2019entourer, c\u2019est avant tout \u00eatre au clair sur ses besoins pour les exprimer et les honorer d\u2019une mani\u00e8re singuli\u00e8re qui vous correspond.  Cette permanence vous donne un espace-temps sur mesure pour :  \u2022 Prendre du recul sur vos besoins actuels  \u2022 R\u00e9flechir \u00e0 la posture que vous souhaitez adopter pour mieux vous entourer  \u2022 Imaginer les possibles pour oser demander de l\u2019aide et aller \u00e0 la rencontre avec audace et cr\u00e9ativit\u00e9  Pr\u00e9-requis\u00a0: Aucun  Intervenant.e\u00a0: Sophie Petit\u00a0  Engag\u00e9e dans l\u2019art de l\u2019\u00e9coute et passionn\u00e9e par l\u2019\u00e9criture : les mots pour se relier \u00e0 nos humanit\u00e9s.  Coach professionnelle, j\u2019ai co-fond\u00e9 l\u2019Agence Bulles avec ma s\u0153ur-associ\u00e9e C\u00e9cile. Je m\u2019y investis avec joie pour accompagner artiste, entrepreneur\u00b7e et dirigeant\u00b7e \u00e0 se (re)connecter \u00e0 leurs essentiels et oser s\u2019exprimer, rencontrer et agir.  Chez Bulles, nous sommes convaincues qu\u2019il est essentiel de s\u2019accorder de l\u2019espace et du temps afin d\u2019apprendre \u00e0 mieux s\u2019\u00e9couter, se conna\u00eetre et se comprendre. Nous cr\u00e9ons des espaces-temps sur mesure \u2013 en individuel et en collectif \u2013 pour accompagner \u00e0 mieux \u00eatre, interagir et agir dans sa vie professionnelle. Des \u00ab bulles \u00bb d\u2019\u00e9coute, de dialogue et d\u2019expression de soi pour prendre confiance, se mettre en action avec coh\u00e9rence et se d\u00e9ployer avec audace dans ses projets porteurs de sens.  Son super pouvoir :\u00a0L\u2019audace des mots !  Son petit mot :\u00a0Entreprendre, c\u2019est prendre le risque des joies possibles. Dans cette aventure entrepreneuriale, je suis heureuse d\u2019\u0153uvrer \u00e0 vos c\u00f4t\u00e9s pour vous accompagner \u00e0 d\u00e9ployer toutes vos couleurs !  Dur\u00e9e\u00a0: Un cr\u00e9neau de 1h en individuel  Attention !\u00a0\u00a0Veuillez vous pr\u00e9senter \u00e0 l\u2019heure pour que l\u2019activit\u00e9 puisse commencer \u00e0 temps. Si vous avez du retard veuillez pr\u00e9venir l\u2019intervenant.e. Si vous avez plus de 15 min de retard l\u2019intervenant.e se r\u00e9serve le droit de ne plus vous accepter pour le coaching ou l\u2019atelier.\u00a0\" \/>\n<meta property=\"og:url\" content=\"https:\/\/empow-her.com\/produit\/new-mieux-mentourer-et-demander-du-soutien\/\" \/>\n<meta property=\"og:site_name\" content=\"Empow&#039;Her\" \/>\n<meta property=\"article:modified_time\" content=\"2023-03-28T07:42:49+00:00\" \/>\n<meta property=\"og:image\" content=\"https:\/\/empow-her.com\/wp-content\/uploads\/2023\/03\/Women-Dare-templates-events-2023-03-03T115749.802.png\" \/>\n\t<meta property=\"og:image:width\" content=\"1080\" \/>\n\t<meta property=\"og:image:height\" content=\"1080\" \/>\n\t<meta property=\"og:image:type\" content=\"image\/png\" \/>\n<meta name=\"twitter:card\" content=\"summary_large_image\" \/>\n<meta name=\"twitter:label1\" content=\"Tiempo de lectura\" \/>\n\t<meta name=\"twitter:data1\" content=\"2 minutos\" \/>\n<script type=\"application\/ld+json\" class=\"yoast-schema-graph\">{\"@context\":\"https:\/\/schema.org\",\"@graph\":[{\"@type\":\"WebPage\",\"@id\":\"https:\/\/empow-her.com\/produit\/new-mieux-mentourer-et-demander-du-soutien\/\",\"url\":\"https:\/\/empow-her.com\/produit\/new-mieux-mentourer-et-demander-du-soutien\/\",\"name\":\"NEW - Mieux m'entourer et demander du soutien - Empow&#039;Her\",\"isPartOf\":{\"@id\":\"https:\/\/empow-her.com\/#website\"},\"primaryImageOfPage\":{\"@id\":\"https:\/\/empow-her.com\/produit\/new-mieux-mentourer-et-demander-du-soutien\/#primaryimage\"},\"image\":{\"@id\":\"https:\/\/empow-her.com\/produit\/new-mieux-mentourer-et-demander-du-soutien\/#primaryimage\"},\"thumbnailUrl\":\"https:\/\/empow-her.com\/wp-content\/uploads\/2023\/03\/Women-Dare-templates-events-2023-03-03T115749.802.png\",\"datePublished\":\"2023-03-03T10:44:48+00:00\",\"dateModified\":\"2023-03-28T07:42:49+00:00\",\"breadcrumb\":{\"@id\":\"https:\/\/empow-her.com\/produit\/new-mieux-mentourer-et-demander-du-soutien\/#breadcrumb\"},\"inLanguage\":\"es\",\"potentialAction\":[{\"@type\":\"ReadAction\",\"target\":[\"https:\/\/empow-her.com\/produit\/new-mieux-mentourer-et-demander-du-soutien\/\"]}]},{\"@type\":\"ImageObject\",\"inLanguage\":\"es\",\"@id\":\"https:\/\/empow-her.com\/produit\/new-mieux-mentourer-et-demander-du-soutien\/#primaryimage\",\"url\":\"https:\/\/empow-her.com\/wp-content\/uploads\/2023\/03\/Women-Dare-templates-events-2023-03-03T115749.802.png\",\"contentUrl\":\"https:\/\/empow-her.com\/wp-content\/uploads\/2023\/03\/Women-Dare-templates-events-2023-03-03T115749.802.png\",\"width\":1080,\"height\":1080},{\"@type\":\"BreadcrumbList\",\"@id\":\"https:\/\/empow-her.com\/produit\/new-mieux-mentourer-et-demander-du-soutien\/#breadcrumb\",\"itemListElement\":[{\"@type\":\"ListItem\",\"position\":1,\"name\":\"Accueil\",\"item\":\"https:\/\/empow-her.com\/es\/inicio\/\"},{\"@type\":\"ListItem\",\"position\":2,\"name\":\"LA BOUTIQUE\",\"item\":\"https:\/\/empow-her.com\/boutique\/\"},{\"@type\":\"ListItem\",\"position\":3,\"name\":\"NEW &#8211; Mieux m&#8217;entourer et demander du soutien\"}]},{\"@type\":\"WebSite\",\"@id\":\"https:\/\/empow-her.com\/#website\",\"url\":\"https:\/\/empow-her.com\/\",\"name\":\"Empow&#039;Her\",\"description\":\"Women Development\",\"potentialAction\":[{\"@type\":\"SearchAction\",\"target\":{\"@type\":\"EntryPoint\",\"urlTemplate\":\"https:\/\/empow-her.com\/?s={search_term_string}\"},\"query-input\":{\"@type\":\"PropertyValueSpecification\",\"valueRequired\":true,\"valueName\":\"search_term_string\"}}],\"inLanguage\":\"es\"}]}<\/script>\n<!-- \/ Yoast SEO plugin. -->","yoast_head_json":{"title":"NEW - Mieux m'entourer et demander du soutien - Empow&#039;Her","robots":{"index":"index","follow":"follow","max-snippet":"max-snippet:-1","max-image-preview":"max-image-preview:large","max-video-preview":"max-video-preview:-1"},"canonical":"https:\/\/empow-her.com\/produit\/new-mieux-mentourer-et-demander-du-soutien\/","og_locale":"es_ES","og_type":"article","og_title":"NEW - Mieux m'entourer et demander du soutien - Empow&#039;Her","og_description":"Description :\u00a0  Besoin\u00a0: \u00ab J\u2019aimerais r\u00e9ussir \u00e0 mieux m\u2019entourer, oser demander du soutien et me sentir moins seule dans mon projet \u00bb.  Objectif\u00a0: Si cette phrase r\u00e9sonne alors cette permanence pourra vous donner des cl\u00e9s pour identifier de quel soutien vous avez besoin, choisir les liens de qualit\u00e9 \u00e0 cultiver et oser aller \u00e0 la rencontre de celles et ceux qui pourront vous \u00eatre d\u2019une aide pr\u00e9cieuse pour r\u00e9aliser votre projet. Une posture qui implique de se poser les bonnes questions pour savoir pourquoi, \u00e0 qui, comment et quand demander du soutien. Savoir s\u2019entourer, c\u2019est avant tout \u00eatre au clair sur ses besoins pour les exprimer et les honorer d\u2019une mani\u00e8re singuli\u00e8re qui vous correspond.  Cette permanence vous donne un espace-temps sur mesure pour :  \u2022 Prendre du recul sur vos besoins actuels  \u2022 R\u00e9flechir \u00e0 la posture que vous souhaitez adopter pour mieux vous entourer  \u2022 Imaginer les possibles pour oser demander de l\u2019aide et aller \u00e0 la rencontre avec audace et cr\u00e9ativit\u00e9  Pr\u00e9-requis\u00a0: Aucun  Intervenant.e\u00a0: Sophie Petit\u00a0  Engag\u00e9e dans l\u2019art de l\u2019\u00e9coute et passionn\u00e9e par l\u2019\u00e9criture : les mots pour se relier \u00e0 nos humanit\u00e9s.  Coach professionnelle, j\u2019ai co-fond\u00e9 l\u2019Agence Bulles avec ma s\u0153ur-associ\u00e9e C\u00e9cile. Je m\u2019y investis avec joie pour accompagner artiste, entrepreneur\u00b7e et dirigeant\u00b7e \u00e0 se (re)connecter \u00e0 leurs essentiels et oser s\u2019exprimer, rencontrer et agir.  Chez Bulles, nous sommes convaincues qu\u2019il est essentiel de s\u2019accorder de l\u2019espace et du temps afin d\u2019apprendre \u00e0 mieux s\u2019\u00e9couter, se conna\u00eetre et se comprendre. Nous cr\u00e9ons des espaces-temps sur mesure \u2013 en individuel et en collectif \u2013 pour accompagner \u00e0 mieux \u00eatre, interagir et agir dans sa vie professionnelle. Des \u00ab bulles \u00bb d\u2019\u00e9coute, de dialogue et d\u2019expression de soi pour prendre confiance, se mettre en action avec coh\u00e9rence et se d\u00e9ployer avec audace dans ses projets porteurs de sens.  Son super pouvoir :\u00a0L\u2019audace des mots !  Son petit mot :\u00a0Entreprendre, c\u2019est prendre le risque des joies possibles. Dans cette aventure entrepreneuriale, je suis heureuse d\u2019\u0153uvrer \u00e0 vos c\u00f4t\u00e9s pour vous accompagner \u00e0 d\u00e9ployer toutes vos couleurs !  Dur\u00e9e\u00a0: Un cr\u00e9neau de 1h en individuel  Attention !\u00a0\u00a0Veuillez vous pr\u00e9senter \u00e0 l\u2019heure pour que l\u2019activit\u00e9 puisse commencer \u00e0 temps. Si vous avez du retard veuillez pr\u00e9venir l\u2019intervenant.e. Si vous avez plus de 15 min de retard l\u2019intervenant.e se r\u00e9serve le droit de ne plus vous accepter pour le coaching ou l\u2019atelier.\u00a0","og_url":"https:\/\/empow-her.com\/produit\/new-mieux-mentourer-et-demander-du-soutien\/","og_site_name":"Empow&#039;Her","article_modified_time":"2023-03-28T07:42:49+00:00","og_image":[{"width":1080,"height":1080,"url":"https:\/\/empow-her.com\/wp-content\/uploads\/2023\/03\/Women-Dare-templates-events-2023-03-03T115749.802.png","type":"image\/png"}],"twitter_card":"summary_large_image","twitter_misc":{"Tiempo de lectura":"2 minutos"},"schema":{"@context":"https:\/\/schema.org","@graph":[{"@type":"WebPage","@id":"https:\/\/empow-her.com\/produit\/new-mieux-mentourer-et-demander-du-soutien\/","url":"https:\/\/empow-her.com\/produit\/new-mieux-mentourer-et-demander-du-soutien\/","name":"NEW - Mieux m'entourer et demander du soutien - Empow&#039;Her","isPartOf":{"@id":"https:\/\/empow-her.com\/#website"},"primaryImageOfPage":{"@id":"https:\/\/empow-her.com\/produit\/new-mieux-mentourer-et-demander-du-soutien\/#primaryimage"},"image":{"@id":"https:\/\/empow-her.com\/produit\/new-mieux-mentourer-et-demander-du-soutien\/#primaryimage"},"thumbnailUrl":"https:\/\/empow-her.com\/wp-content\/uploads\/2023\/03\/Women-Dare-templates-events-2023-03-03T115749.802.png","datePublished":"2023-03-03T10:44:48+00:00","dateModified":"2023-03-28T07:42:49+00:00","breadcrumb":{"@id":"https:\/\/empow-her.com\/produit\/new-mieux-mentourer-et-demander-du-soutien\/#breadcrumb"},"inLanguage":"es","potentialAction":[{"@type":"ReadAction","target":["https:\/\/empow-her.com\/produit\/new-mieux-mentourer-et-demander-du-soutien\/"]}]},{"@type":"ImageObject","inLanguage":"es","@id":"https:\/\/empow-her.com\/produit\/new-mieux-mentourer-et-demander-du-soutien\/#primaryimage","url":"https:\/\/empow-her.com\/wp-content\/uploads\/2023\/03\/Women-Dare-templates-events-2023-03-03T115749.802.png","contentUrl":"https:\/\/empow-her.com\/wp-content\/uploads\/2023\/03\/Women-Dare-templates-events-2023-03-03T115749.802.png","width":1080,"height":1080},{"@type":"BreadcrumbList","@id":"https:\/\/empow-her.com\/produit\/new-mieux-mentourer-et-demander-du-soutien\/#breadcrumb","itemListElement":[{"@type":"ListItem","position":1,"name":"Accueil","item":"https:\/\/empow-her.com\/es\/inicio\/"},{"@type":"ListItem","position":2,"name":"LA BOUTIQUE","item":"https:\/\/empow-her.com\/boutique\/"},{"@type":"ListItem","position":3,"name":"NEW &#8211; Mieux m&#8217;entourer et demander du soutien"}]},{"@type":"WebSite","@id":"https:\/\/empow-her.com\/#website","url":"https:\/\/empow-her.com\/","name":"Empow&#039;Her","description":"Women Development","potentialAction":[{"@type":"SearchAction","target":{"@type":"EntryPoint","urlTemplate":"https:\/\/empow-her.com\/?s={search_term_string}"},"query-input":{"@type":"PropertyValueSpecification","valueRequired":true,"valueName":"search_term_string"}}],"inLanguage":"es"}]}},"_links":{"self":[{"href":"https:\/\/empow-her.com\/es\/wp-json\/wp\/v2\/product\/144501","targetHints":{"allow":["GET"]}}],"collection":[{"href":"https:\/\/empow-her.com\/es\/wp-json\/wp\/v2\/product"}],"about":[{"href":"https:\/\/empow-her.com\/es\/wp-json\/wp\/v2\/types\/product"}],"wp:featuredmedia":[{"embeddable":true,"href":"https:\/\/empow-her.com\/es\/wp-json\/wp\/v2\/media\/144504"}],"wp:attachment":[{"href":"https:\/\/empow-her.com\/es\/wp-json\/wp\/v2\/media?parent=144501"}],"wp:term":[{"taxonomy":"product_brand","embeddable":true,"href":"https:\/\/empow-her.com\/es\/wp-json\/wp\/v2\/product_brand?post=144501"},{"taxonomy":"product_cat","embeddable":true,"href":"https:\/\/empow-her.com\/es\/wp-json\/wp\/v2\/product_cat?post=144501"},{"taxonomy":"product_tag","embeddable":true,"href":"https:\/\/empow-her.com\/es\/wp-json\/wp\/v2\/product_tag?post=144501"},{"taxonomy":"lieu","embeddable":true,"href":"https:\/\/empow-her.com\/es\/wp-json\/wp\/v2\/lieu?post=144501"},{"taxonomy":"thematiques","embeddable":true,"href":"https:\/\/empow-her.com\/es\/wp-json\/wp\/v2\/thematiques?post=144501"}],"curies":[{"name":"wp","href":"https:\/\/api.w.org\/{rel}","templated":true}]}}