{"id":141635,"date":"2023-02-20T15:44:06","date_gmt":"2023-02-20T14:44:06","guid":{"rendered":"https:\/\/empow-her.com\/?post_type=product&#038;p=141635"},"modified":"2023-02-20T16:45:50","modified_gmt":"2023-02-20T15:45:50","slug":"bootcamp-faire-emerger-son-projet-entrepreneurial-11","status":"publish","type":"product","link":"https:\/\/empow-her.com\/es\/produit\/bootcamp-faire-emerger-son-projet-entrepreneurial-11\/","title":{"rendered":"Bootcamp &#8211; Faire \u00e9merger son projet entrepreneurial"},"content":{"rendered":"<p>Vous souhaitez construire un projet qui vous ressemble, r\u00e9v\u00e9ler l\u2019entrepreneure qui sommeille en vous, prendre confiance en votre potentiel et approfondir votre mission &#x1f30e; ? Alors ce bootcamp est fait pour vous !<\/p>\n<p>Pendant deux jours en immersion avec un groupe de porteuses de projet, travaillez sur vos motivations, identifiez le probl\u00e8me \u00e0 r\u00e9soudre qui vous tient \u00e0 coeur, trouvez une mission qui fait sens et prenez confiance en votre potentiel d&#8217;entrepreneure !<\/p>\n<p>Chez Empow&#8217;Her, nous sommes intimement convaincues que chacune porte en elle la force et les clefs pour d\u00e9velopper un projet \u00e0 son image, et qu\u2019il suffit parfois d\u2019une rencontre, d\u2019un r\u00e9seau, d\u2019un d\u00e9clic \u2013 pour se lancer. &#x1f64c;<\/p>\n<p>&nbsp;<\/p>\n<p><strong>Au programme &#x1f50d;<\/strong><\/p>\n<ul>\n<li>Aligner ses valeurs et ses motivations avec son projet d&#8217;entreprendre<\/li>\n<li>Prendre confiance en ses forces et adopter une posture d&#8217;entrepreneure<\/li>\n<li>Faire \u00e9merger une id\u00e9e de projet qui r\u00e9pond \u00e0 un besoin r\u00e9el<\/li>\n<li>Pr\u00e9senter son projet et soi-m\u00eame avec impact et assurance<\/li>\n<\/ul>\n<p>&nbsp;<\/p>\n<p><strong>Le bootcamp en r\u00e9sum\u00e9 &#x1f386; <\/strong><\/p>\n<p>Deux journ\u00e9es les jeudi 23 &amp; vendredi 24 mars de 9h30 \u00e0 17h30<br \/>\n&#8211; Un groupe de participantes motiv\u00e9es, pour cr\u00e9er de vraies synergies<br \/>\n&#8211; Une m\u00e9thodologie, bas\u00e9e sur le design thinking, l\u2019intelligence collective et le partage<br \/>\n&#8211; Des outils et des contenus pour travailler sur l\u2019\u00e9cosyst\u00e8me de votre projet, conna\u00eetre vos b\u00e9n\u00e9ficiaires, leur parcours utilisateur, les structures juridiques de l\u2019ESS et les mesures d\u2019impact<br \/>\n&#8211; Des moments d\u2019\u00e9change entre futures entrepreneures pour se poser les bonnes questions et s\u2019entraider pour y r\u00e9pondre.<\/p>\n<div><\/div>\n<div><b>Lieu : <\/b>Sist&#8217;Her Paris, 82 rue du Faubourg Saint-Martin, Paris 10\u00e8me<\/div>\n","protected":false},"excerpt":{"rendered":"<p>Vous souhaitez construire un projet qui vous ressemble, r\u00e9v\u00e9ler l\u2019entrepreneure qui sommeille en vous, prendre confiance en votre potentiel et approfondir votre mission &#x1f30e; ? Alors ce bootcamp est fait pour vous !<\/p>\n<p>Pendant deux jours en immersion avec un groupe de porteuses de projet, travaillez sur vos motivations, identifiez le probl\u00e8me \u00e0 r\u00e9soudre qui vous tient \u00e0 coeur, trouvez une mission qui fait sens et prenez confiance en votre potentiel d&#8217;entrepreneure !<\/p>\n<p>Chez Empow&#8217;Her, nous sommes intimement convaincues que chacune porte en elle la force et les clefs pour d\u00e9velopper un projet \u00e0 son image, et qu\u2019il suffit parfois d\u2019une rencontre, d\u2019un r\u00e9seau, d\u2019un d\u00e9clic \u2013 pour se lancer. &#x1f64c;<\/p>\n<p>&nbsp;<\/p>\n<p><strong>Au programme &#x1f50d;<\/strong><\/p>\n<ul>\n<li>Aligner ses valeurs et ses motivations avec son projet d&#8217;entreprendre<\/li>\n<li>Prendre confiance en ses forces et adopter une posture d&#8217;entrepreneure<\/li>\n<li>Faire \u00e9merger une id\u00e9e de projet qui r\u00e9pond \u00e0 un besoin r\u00e9el<\/li>\n<li>Pr\u00e9senter son projet et soi-m\u00eame avec impact et assurance<\/li>\n<\/ul>\n<p>&nbsp;<\/p>\n<p><strong>Le bootcamp en r\u00e9sum\u00e9 &#x1f386; <\/strong><\/p>\n<p>Deux journ\u00e9es les jeudi 23 &amp; vendredi 24 mars de 9h30 \u00e0 17h30<br \/>\n&#8211; Un groupe de participantes motiv\u00e9es, pour cr\u00e9er de vraies synergies<br \/>\n&#8211; Une m\u00e9thodologie, bas\u00e9e sur le design thinking, l\u2019intelligence collective et le partage<br \/>\n&#8211; Des outils et des contenus pour travailler sur l\u2019\u00e9cosyst\u00e8me de votre projet, conna\u00eetre vos b\u00e9n\u00e9ficiaires, leur parcours utilisateur, les structures juridiques de l\u2019ESS et les mesures d\u2019impact<br \/>\n&#8211; Des moments d\u2019\u00e9change entre futures entrepreneures pour se poser les bonnes questions et s\u2019entraider pour y r\u00e9pondre.<\/p>\n<div><\/div>\n<div><b>Lieu : <\/b>Sist&#8217;Her Paris, 82 rue du Faubourg Saint-Martin, Paris 10\u00e8me<\/div>\n","protected":false},"featured_media":141636,"template":"","format":"standard","meta":{"_acf_changed":false,"om_disable_all_campaigns":false,"_uf_show_specific_survey":0,"_uf_disable_surveys":false},"product_brand":[],"product_cat":[122],"product_tag":[132],"lieu":[],"thematiques":[],"class_list":{"0":"post-141635","1":"product","2":"type-product","3":"status-publish","4":"format-standard","5":"has-post-thumbnail","7":"product_cat-bootcamp","8":"product_tag-sisther","10":"first","11":"instock","12":"virtual","13":"purchasable","14":"product-type-appointment"},"exclude_global_add_ons":[],"addons":[],"acf":[],"yoast_head":"<!-- This site is optimized with the Yoast SEO plugin v24.8 - https:\/\/yoast.com\/wordpress\/plugins\/seo\/ -->\n<title>Bootcamp - Faire \u00e9merger son projet entrepreneurial - Empow&#039;Her<\/title>\n<meta name=\"robots\" content=\"index, follow, max-snippet:-1, max-image-preview:large, max-video-preview:-1\" \/>\n<link rel=\"canonical\" href=\"https:\/\/empow-her.com\/produit\/bootcamp-faire-emerger-son-projet-entrepreneurial-11\/\" \/>\n<meta property=\"og:locale\" content=\"es_ES\" \/>\n<meta property=\"og:type\" content=\"article\" \/>\n<meta property=\"og:title\" content=\"Bootcamp - Faire \u00e9merger son projet entrepreneurial - Empow&#039;Her\" \/>\n<meta property=\"og:description\" content=\"Vous souhaitez construire un projet qui vous ressemble, r\u00e9v\u00e9ler l\u2019entrepreneure qui sommeille en vous, prendre confiance en votre potentiel et approfondir votre mission &#x1f30e; ? Alors ce bootcamp est fait pour vous !  Pendant deux jours en immersion avec un groupe de porteuses de projet, travaillez sur vos motivations, identifiez le probl\u00e8me \u00e0 r\u00e9soudre qui vous tient \u00e0 coeur, trouvez une mission qui fait sens et prenez confiance en votre potentiel d&#039;entrepreneure !  Chez Empow&#039;Her, nous sommes intimement convaincues que chacune porte en elle la force et les clefs pour d\u00e9velopper un projet \u00e0 son image, et qu\u2019il suffit parfois d\u2019une rencontre, d\u2019un r\u00e9seau, d\u2019un d\u00e9clic \u2013 pour se lancer. &#x1f64c;  &nbsp;  Au programme &#x1f50d;   Aligner ses valeurs et ses motivations avec son projet d&#039;entreprendre  Prendre confiance en ses forces et adopter une posture d&#039;entrepreneure  Faire \u00e9merger une id\u00e9e de projet qui r\u00e9pond \u00e0 un besoin r\u00e9el  Pr\u00e9senter son projet et soi-m\u00eame avec impact et assurance  &nbsp;  Le bootcamp en r\u00e9sum\u00e9 &#x1f386;   Deux journ\u00e9es les jeudi 23 &amp; vendredi 24 mars de 9h30 \u00e0 17h30 - Un groupe de participantes motiv\u00e9es, pour cr\u00e9er de vraies synergies - Une m\u00e9thodologie, bas\u00e9e sur le design thinking, l\u2019intelligence collective et le partage - Des outils et des contenus pour travailler sur l\u2019\u00e9cosyst\u00e8me de votre projet, conna\u00eetre vos b\u00e9n\u00e9ficiaires, leur parcours utilisateur, les structures juridiques de l\u2019ESS et les mesures d\u2019impact - Des moments d\u2019\u00e9change entre futures entrepreneures pour se poser les bonnes questions et s\u2019entraider pour y r\u00e9pondre.  Lieu : Sist&#039;Her Paris, 82 rue du Faubourg Saint-Martin, Paris 10\u00e8me\" \/>\n<meta property=\"og:url\" content=\"https:\/\/empow-her.com\/produit\/bootcamp-faire-emerger-son-projet-entrepreneurial-11\/\" \/>\n<meta property=\"og:site_name\" content=\"Empow&#039;Her\" \/>\n<meta property=\"article:modified_time\" content=\"2023-02-20T15:45:50+00:00\" \/>\n<meta property=\"og:image\" content=\"https:\/\/empow-her.com\/wp-content\/uploads\/2023\/02\/BOOTCAMP-2.png\" \/>\n\t<meta property=\"og:image:width\" content=\"1080\" \/>\n\t<meta property=\"og:image:height\" content=\"1080\" \/>\n\t<meta property=\"og:image:type\" content=\"image\/png\" \/>\n<meta name=\"twitter:card\" content=\"summary_large_image\" \/>\n<meta name=\"twitter:label1\" content=\"Tiempo de lectura\" \/>\n\t<meta name=\"twitter:data1\" content=\"2 minutos\" \/>\n<script type=\"application\/ld+json\" class=\"yoast-schema-graph\">{\"@context\":\"https:\/\/schema.org\",\"@graph\":[{\"@type\":\"WebPage\",\"@id\":\"https:\/\/empow-her.com\/produit\/bootcamp-faire-emerger-son-projet-entrepreneurial-11\/\",\"url\":\"https:\/\/empow-her.com\/produit\/bootcamp-faire-emerger-son-projet-entrepreneurial-11\/\",\"name\":\"Bootcamp - Faire \u00e9merger son projet entrepreneurial - Empow&#039;Her\",\"isPartOf\":{\"@id\":\"https:\/\/empow-her.com\/#website\"},\"primaryImageOfPage\":{\"@id\":\"https:\/\/empow-her.com\/produit\/bootcamp-faire-emerger-son-projet-entrepreneurial-11\/#primaryimage\"},\"image\":{\"@id\":\"https:\/\/empow-her.com\/produit\/bootcamp-faire-emerger-son-projet-entrepreneurial-11\/#primaryimage\"},\"thumbnailUrl\":\"https:\/\/empow-her.com\/wp-content\/uploads\/2023\/02\/BOOTCAMP-2.png\",\"datePublished\":\"2023-02-20T14:44:06+00:00\",\"dateModified\":\"2023-02-20T15:45:50+00:00\",\"breadcrumb\":{\"@id\":\"https:\/\/empow-her.com\/produit\/bootcamp-faire-emerger-son-projet-entrepreneurial-11\/#breadcrumb\"},\"inLanguage\":\"es\",\"potentialAction\":[{\"@type\":\"ReadAction\",\"target\":[\"https:\/\/empow-her.com\/produit\/bootcamp-faire-emerger-son-projet-entrepreneurial-11\/\"]}]},{\"@type\":\"ImageObject\",\"inLanguage\":\"es\",\"@id\":\"https:\/\/empow-her.com\/produit\/bootcamp-faire-emerger-son-projet-entrepreneurial-11\/#primaryimage\",\"url\":\"https:\/\/empow-her.com\/wp-content\/uploads\/2023\/02\/BOOTCAMP-2.png\",\"contentUrl\":\"https:\/\/empow-her.com\/wp-content\/uploads\/2023\/02\/BOOTCAMP-2.png\",\"width\":1080,\"height\":1080},{\"@type\":\"BreadcrumbList\",\"@id\":\"https:\/\/empow-her.com\/produit\/bootcamp-faire-emerger-son-projet-entrepreneurial-11\/#breadcrumb\",\"itemListElement\":[{\"@type\":\"ListItem\",\"position\":1,\"name\":\"Accueil\",\"item\":\"https:\/\/empow-her.com\/es\/inicio\/\"},{\"@type\":\"ListItem\",\"position\":2,\"name\":\"LA BOUTIQUE\",\"item\":\"https:\/\/empow-her.com\/boutique\/\"},{\"@type\":\"ListItem\",\"position\":3,\"name\":\"Bootcamp &#8211; Faire \u00e9merger son projet entrepreneurial\"}]},{\"@type\":\"WebSite\",\"@id\":\"https:\/\/empow-her.com\/#website\",\"url\":\"https:\/\/empow-her.com\/\",\"name\":\"Empow&#039;Her\",\"description\":\"Women Development\",\"potentialAction\":[{\"@type\":\"SearchAction\",\"target\":{\"@type\":\"EntryPoint\",\"urlTemplate\":\"https:\/\/empow-her.com\/?s={search_term_string}\"},\"query-input\":{\"@type\":\"PropertyValueSpecification\",\"valueRequired\":true,\"valueName\":\"search_term_string\"}}],\"inLanguage\":\"es\"}]}<\/script>\n<!-- \/ Yoast SEO plugin. -->","yoast_head_json":{"title":"Bootcamp - Faire \u00e9merger son projet entrepreneurial - Empow&#039;Her","robots":{"index":"index","follow":"follow","max-snippet":"max-snippet:-1","max-image-preview":"max-image-preview:large","max-video-preview":"max-video-preview:-1"},"canonical":"https:\/\/empow-her.com\/produit\/bootcamp-faire-emerger-son-projet-entrepreneurial-11\/","og_locale":"es_ES","og_type":"article","og_title":"Bootcamp - Faire \u00e9merger son projet entrepreneurial - Empow&#039;Her","og_description":"Vous souhaitez construire un projet qui vous ressemble, r\u00e9v\u00e9ler l\u2019entrepreneure qui sommeille en vous, prendre confiance en votre potentiel et approfondir votre mission &#x1f30e; ? Alors ce bootcamp est fait pour vous !  Pendant deux jours en immersion avec un groupe de porteuses de projet, travaillez sur vos motivations, identifiez le probl\u00e8me \u00e0 r\u00e9soudre qui vous tient \u00e0 coeur, trouvez une mission qui fait sens et prenez confiance en votre potentiel d'entrepreneure !  Chez Empow'Her, nous sommes intimement convaincues que chacune porte en elle la force et les clefs pour d\u00e9velopper un projet \u00e0 son image, et qu\u2019il suffit parfois d\u2019une rencontre, d\u2019un r\u00e9seau, d\u2019un d\u00e9clic \u2013 pour se lancer. &#x1f64c;  &nbsp;  Au programme &#x1f50d;   Aligner ses valeurs et ses motivations avec son projet d'entreprendre  Prendre confiance en ses forces et adopter une posture d'entrepreneure  Faire \u00e9merger une id\u00e9e de projet qui r\u00e9pond \u00e0 un besoin r\u00e9el  Pr\u00e9senter son projet et soi-m\u00eame avec impact et assurance  &nbsp;  Le bootcamp en r\u00e9sum\u00e9 &#x1f386;   Deux journ\u00e9es les jeudi 23 &amp; vendredi 24 mars de 9h30 \u00e0 17h30 - Un groupe de participantes motiv\u00e9es, pour cr\u00e9er de vraies synergies - Une m\u00e9thodologie, bas\u00e9e sur le design thinking, l\u2019intelligence collective et le partage - Des outils et des contenus pour travailler sur l\u2019\u00e9cosyst\u00e8me de votre projet, conna\u00eetre vos b\u00e9n\u00e9ficiaires, leur parcours utilisateur, les structures juridiques de l\u2019ESS et les mesures d\u2019impact - Des moments d\u2019\u00e9change entre futures entrepreneures pour se poser les bonnes questions et s\u2019entraider pour y r\u00e9pondre.  Lieu : Sist'Her Paris, 82 rue du Faubourg Saint-Martin, Paris 10\u00e8me","og_url":"https:\/\/empow-her.com\/produit\/bootcamp-faire-emerger-son-projet-entrepreneurial-11\/","og_site_name":"Empow&#039;Her","article_modified_time":"2023-02-20T15:45:50+00:00","og_image":[{"width":1080,"height":1080,"url":"https:\/\/empow-her.com\/wp-content\/uploads\/2023\/02\/BOOTCAMP-2.png","type":"image\/png"}],"twitter_card":"summary_large_image","twitter_misc":{"Tiempo de lectura":"2 minutos"},"schema":{"@context":"https:\/\/schema.org","@graph":[{"@type":"WebPage","@id":"https:\/\/empow-her.com\/produit\/bootcamp-faire-emerger-son-projet-entrepreneurial-11\/","url":"https:\/\/empow-her.com\/produit\/bootcamp-faire-emerger-son-projet-entrepreneurial-11\/","name":"Bootcamp - Faire \u00e9merger son projet entrepreneurial - Empow&#039;Her","isPartOf":{"@id":"https:\/\/empow-her.com\/#website"},"primaryImageOfPage":{"@id":"https:\/\/empow-her.com\/produit\/bootcamp-faire-emerger-son-projet-entrepreneurial-11\/#primaryimage"},"image":{"@id":"https:\/\/empow-her.com\/produit\/bootcamp-faire-emerger-son-projet-entrepreneurial-11\/#primaryimage"},"thumbnailUrl":"https:\/\/empow-her.com\/wp-content\/uploads\/2023\/02\/BOOTCAMP-2.png","datePublished":"2023-02-20T14:44:06+00:00","dateModified":"2023-02-20T15:45:50+00:00","breadcrumb":{"@id":"https:\/\/empow-her.com\/produit\/bootcamp-faire-emerger-son-projet-entrepreneurial-11\/#breadcrumb"},"inLanguage":"es","potentialAction":[{"@type":"ReadAction","target":["https:\/\/empow-her.com\/produit\/bootcamp-faire-emerger-son-projet-entrepreneurial-11\/"]}]},{"@type":"ImageObject","inLanguage":"es","@id":"https:\/\/empow-her.com\/produit\/bootcamp-faire-emerger-son-projet-entrepreneurial-11\/#primaryimage","url":"https:\/\/empow-her.com\/wp-content\/uploads\/2023\/02\/BOOTCAMP-2.png","contentUrl":"https:\/\/empow-her.com\/wp-content\/uploads\/2023\/02\/BOOTCAMP-2.png","width":1080,"height":1080},{"@type":"BreadcrumbList","@id":"https:\/\/empow-her.com\/produit\/bootcamp-faire-emerger-son-projet-entrepreneurial-11\/#breadcrumb","itemListElement":[{"@type":"ListItem","position":1,"name":"Accueil","item":"https:\/\/empow-her.com\/es\/inicio\/"},{"@type":"ListItem","position":2,"name":"LA BOUTIQUE","item":"https:\/\/empow-her.com\/boutique\/"},{"@type":"ListItem","position":3,"name":"Bootcamp &#8211; Faire \u00e9merger son projet entrepreneurial"}]},{"@type":"WebSite","@id":"https:\/\/empow-her.com\/#website","url":"https:\/\/empow-her.com\/","name":"Empow&#039;Her","description":"Women Development","potentialAction":[{"@type":"SearchAction","target":{"@type":"EntryPoint","urlTemplate":"https:\/\/empow-her.com\/?s={search_term_string}"},"query-input":{"@type":"PropertyValueSpecification","valueRequired":true,"valueName":"search_term_string"}}],"inLanguage":"es"}]}},"_links":{"self":[{"href":"https:\/\/empow-her.com\/es\/wp-json\/wp\/v2\/product\/141635","targetHints":{"allow":["GET"]}}],"collection":[{"href":"https:\/\/empow-her.com\/es\/wp-json\/wp\/v2\/product"}],"about":[{"href":"https:\/\/empow-her.com\/es\/wp-json\/wp\/v2\/types\/product"}],"wp:featuredmedia":[{"embeddable":true,"href":"https:\/\/empow-her.com\/es\/wp-json\/wp\/v2\/media\/141636"}],"wp:attachment":[{"href":"https:\/\/empow-her.com\/es\/wp-json\/wp\/v2\/media?parent=141635"}],"wp:term":[{"taxonomy":"product_brand","embeddable":true,"href":"https:\/\/empow-her.com\/es\/wp-json\/wp\/v2\/product_brand?post=141635"},{"taxonomy":"product_cat","embeddable":true,"href":"https:\/\/empow-her.com\/es\/wp-json\/wp\/v2\/product_cat?post=141635"},{"taxonomy":"product_tag","embeddable":true,"href":"https:\/\/empow-her.com\/es\/wp-json\/wp\/v2\/product_tag?post=141635"},{"taxonomy":"lieu","embeddable":true,"href":"https:\/\/empow-her.com\/es\/wp-json\/wp\/v2\/lieu?post=141635"},{"taxonomy":"thematiques","embeddable":true,"href":"https:\/\/empow-her.com\/es\/wp-json\/wp\/v2\/thematiques?post=141635"}],"curies":[{"name":"wp","href":"https:\/\/api.w.org\/{rel}","templated":true}]}}