{"id":140636,"date":"2023-02-16T10:29:48","date_gmt":"2023-02-16T09:29:48","guid":{"rendered":"https:\/\/empow-her.com\/?post_type=product&#038;p=140636"},"modified":"2023-02-16T10:37:16","modified_gmt":"2023-02-16T09:37:16","slug":"new-prendre-la-parole-en-public","status":"publish","type":"product","link":"https:\/\/empow-her.com\/es\/produit\/new-prendre-la-parole-en-public\/","title":{"rendered":"NEW &#8211; Prendre la parole en public"},"content":{"rendered":"<p><strong>Besoin<\/strong> : \u00ab J&#8217;aimerais me sentir plus \u00e0 l\u2019aise pour parler de mon projet en public (large ou restreint). \u00bb<\/p>\n<p><strong> Objectif<\/strong> : Si cette phrase r\u00e9sonne alors cet atelier pourra vous donner des cl\u00e9s de compr\u00e9hension et des outils sur la prise de parole gr\u00e2ce \u00e0 un travail sur la voix et le corps. \u00catre entrepreneure n\u00e9cessite de parler de son projet, de s\u2019exposer et d\u2019embarquer les autres. Comment susciter chez l\u2019autre l\u2019envie de nous \u00e9couter ? Comment aborder plus sereinement une pr\u00e9sentation orale ? Nous nous focaliserons sur le pouvoir de la voix et de la posture corporelle.<\/p>\n<p>Nous travaillerons sur la forme et la mani\u00e8re de s\u2019exprimer et non sur le contenu. Sachez que vous n\u2019avez pas besoin d\u2019un contenu de pr\u00e9sentation pour venir \u00e0 cet atelier. Cet atelier est un espace-temps en collectif pour d\u00e9velopper les comp\u00e9tences suivantes :<\/p>\n<p>\u2022 Comprendre les bases de l\u2019anatomie de la voix<\/p>\n<p>\u2022 (Re)trouver une posture corporelle naturelle et \u00e9quilibr\u00e9e et lib\u00e9rer la respiration<\/p>\n<p>\u2022 G\u00e9rer votre \u00e9nergie et ajuster votre volume sonore<\/p>\n<p>\u2022 Am\u00e9liorer l\u2019articulation et la diction<\/p>\n<p><strong>Intervenant.e : <\/strong>Lucie Wendremaire\u00a0de l&#8217;agence Bulles<\/p>\n<p>Coach vocal voix parl\u00e9e et chant\u00e9e, Lucie accompagne des personnes &#8211; entrepreneur\u00b7e qui se lance, professionnel\u00b7le en besoin de confiance ou artiste en devenir &#8211; dans la d\u00e9couverte de leur voix. Sa mission est de donner \u00e0 chacun\u00b7e les clefs pour exploiter son outil vocal afin de gagner en assurance, en pouvoir de conviction tout en d\u00e9ployant son authenticit\u00e9. Elle \u00e9volue \u00e9galement sur des sc\u00e8nes petites ou grandes en tant que com\u00e9dienne chanteuse et percussionniste.<\/p>\n<p><strong>Son Super pouvoir :\u00a0<\/strong>Exploratrice de voix !<\/p>\n<p><strong>Son petit mot :\u00a0<\/strong>Vous avez un outil incroyable \u00e0 votre disposition : votre voix. Non seulement pour convaincre un auditoire dans le cadre de votre projet mais pour le faire avec confiance et en accord avec qui vous \u00eates. Etre bien dans sa voix est une qu\u00eate, cherchons ensemble !<\/p>\n<p><strong>Pr\u00e9-requis<\/strong>\u00a0: Aucun<\/p>\n<p><strong>Lieu<\/strong>\u00a0: Sist\u2019Her Paris, 82 rue du Faubourg Saint-Martin<\/p>\n<p><strong>Attention !<\/strong>\u00a0Veuillez vous pr\u00e9senter \u00e0 l\u2019heure pour que l\u2019activit\u00e9 puisse commencer \u00e0 temps. Si vous avez du retard veuillez pr\u00e9venir l\u2019intervenant.e. Si vous avez plus de 15 min de retard l\u2019intervenant.e se r\u00e9serve le droit de ne plus vous accepter pour le coaching ou l\u2019atelier.<\/p>\n","protected":false},"excerpt":{"rendered":"<p><strong>Besoin<\/strong> : \u00ab J&#8217;aimerais me sentir plus \u00e0 l\u2019aise pour parler de mon projet en public (large ou restreint). \u00bb<\/p>\n<p><strong> Objectif<\/strong> : Si cette phrase r\u00e9sonne alors cet atelier pourra vous donner des cl\u00e9s de compr\u00e9hension et des outils sur la prise de parole gr\u00e2ce \u00e0 un travail sur la voix et le corps. \u00catre entrepreneure n\u00e9cessite de parler de son projet, de s\u2019exposer et d\u2019embarquer les autres. Comment susciter chez l\u2019autre l\u2019envie de nous \u00e9couter ? Comment aborder plus sereinement une pr\u00e9sentation orale ? Nous nous focaliserons sur le pouvoir de la voix et de la posture corporelle.<\/p>\n<p>Nous travaillerons sur la forme et la mani\u00e8re de s\u2019exprimer et non sur le contenu. Sachez que vous n\u2019avez pas besoin d\u2019un contenu de pr\u00e9sentation pour venir \u00e0 cet atelier. Cet atelier est un espace-temps en collectif pour d\u00e9velopper les comp\u00e9tences suivantes :<\/p>\n<p>\u2022 Comprendre les bases de l\u2019anatomie de la voix<\/p>\n<p>\u2022 (Re)trouver une posture corporelle naturelle et \u00e9quilibr\u00e9e et lib\u00e9rer la respiration<\/p>\n<p>\u2022 G\u00e9rer votre \u00e9nergie et ajuster votre volume sonore<\/p>\n<p>\u2022 Am\u00e9liorer l\u2019articulation et la diction<\/p>\n<p><strong>Intervenant.e : <\/strong>Lucie Wendremaire\u00a0de l&#8217;agence Bulles<\/p>\n<p>Coach vocal voix parl\u00e9e et chant\u00e9e, Lucie accompagne des personnes &#8211; entrepreneur\u00b7e qui se lance, professionnel\u00b7le en besoin de confiance ou artiste en devenir &#8211; dans la d\u00e9couverte de leur voix. Sa mission est de donner \u00e0 chacun\u00b7e les clefs pour exploiter son outil vocal afin de gagner en assurance, en pouvoir de conviction tout en d\u00e9ployant son authenticit\u00e9. Elle \u00e9volue \u00e9galement sur des sc\u00e8nes petites ou grandes en tant que com\u00e9dienne chanteuse et percussionniste.<\/p>\n<p><strong>Son Super pouvoir :\u00a0<\/strong>Exploratrice de voix !<\/p>\n<p><strong>Son petit mot :\u00a0<\/strong>Vous avez un outil incroyable \u00e0 votre disposition : votre voix. Non seulement pour convaincre un auditoire dans le cadre de votre projet mais pour le faire avec confiance et en accord avec qui vous \u00eates. Etre bien dans sa voix est une qu\u00eate, cherchons ensemble !<\/p>\n<p><strong>Pr\u00e9-requis<\/strong>\u00a0: Aucun<\/p>\n<p><strong>Lieu<\/strong>\u00a0: Sist\u2019Her Paris, 82 rue du Faubourg Saint-Martin<\/p>\n<p><strong>Attention !<\/strong>\u00a0Veuillez vous pr\u00e9senter \u00e0 l\u2019heure pour que l\u2019activit\u00e9 puisse commencer \u00e0 temps. Si vous avez du retard veuillez pr\u00e9venir l\u2019intervenant.e. Si vous avez plus de 15 min de retard l\u2019intervenant.e se r\u00e9serve le droit de ne plus vous accepter pour le coaching ou l\u2019atelier.<\/p>\n","protected":false},"featured_media":140637,"template":"","format":"standard","meta":{"_acf_changed":false,"om_disable_all_campaigns":false,"_uf_show_specific_survey":0,"_uf_disable_surveys":false},"product_brand":[],"product_cat":[118],"product_tag":[],"lieu":[127],"thematiques":[],"class_list":{"0":"post-140636","1":"product","2":"type-product","3":"status-publish","4":"format-standard","5":"has-post-thumbnail","7":"product_cat-atelier-collectif","8":"lieu-hub-empowher","10":"first","11":"instock","12":"virtual","13":"purchasable","14":"product-type-appointment"},"exclude_global_add_ons":[],"addons":[],"acf":[],"yoast_head":"<!-- This site is optimized with the Yoast SEO plugin v24.8 - https:\/\/yoast.com\/wordpress\/plugins\/seo\/ -->\n<title>NEW - Prendre la parole en public - Empow&#039;Her<\/title>\n<meta name=\"robots\" content=\"index, follow, max-snippet:-1, max-image-preview:large, max-video-preview:-1\" \/>\n<link rel=\"canonical\" href=\"https:\/\/empow-her.com\/produit\/new-prendre-la-parole-en-public\/\" \/>\n<meta property=\"og:locale\" content=\"es_ES\" \/>\n<meta property=\"og:type\" content=\"article\" \/>\n<meta property=\"og:title\" content=\"NEW - Prendre la parole en public - Empow&#039;Her\" \/>\n<meta property=\"og:description\" content=\"Besoin : \u00ab J&#039;aimerais me sentir plus \u00e0 l\u2019aise pour parler de mon projet en public (large ou restreint). \u00bb   Objectif : Si cette phrase r\u00e9sonne alors cet atelier pourra vous donner des cl\u00e9s de compr\u00e9hension et des outils sur la prise de parole gr\u00e2ce \u00e0 un travail sur la voix et le corps. \u00catre entrepreneure n\u00e9cessite de parler de son projet, de s\u2019exposer et d\u2019embarquer les autres. Comment susciter chez l\u2019autre l\u2019envie de nous \u00e9couter ? Comment aborder plus sereinement une pr\u00e9sentation orale ? Nous nous focaliserons sur le pouvoir de la voix et de la posture corporelle.  Nous travaillerons sur la forme et la mani\u00e8re de s\u2019exprimer et non sur le contenu. Sachez que vous n\u2019avez pas besoin d\u2019un contenu de pr\u00e9sentation pour venir \u00e0 cet atelier. Cet atelier est un espace-temps en collectif pour d\u00e9velopper les comp\u00e9tences suivantes :  \u2022 Comprendre les bases de l\u2019anatomie de la voix  \u2022 (Re)trouver une posture corporelle naturelle et \u00e9quilibr\u00e9e et lib\u00e9rer la respiration  \u2022 G\u00e9rer votre \u00e9nergie et ajuster votre volume sonore  \u2022 Am\u00e9liorer l\u2019articulation et la diction  Intervenant.e : Lucie Wendremaire\u00a0de l&#039;agence Bulles  Coach vocal voix parl\u00e9e et chant\u00e9e, Lucie accompagne des personnes - entrepreneur\u00b7e qui se lance, professionnel\u00b7le en besoin de confiance ou artiste en devenir - dans la d\u00e9couverte de leur voix. Sa mission est de donner \u00e0 chacun\u00b7e les clefs pour exploiter son outil vocal afin de gagner en assurance, en pouvoir de conviction tout en d\u00e9ployant son authenticit\u00e9. Elle \u00e9volue \u00e9galement sur des sc\u00e8nes petites ou grandes en tant que com\u00e9dienne chanteuse et percussionniste.  Son Super pouvoir :\u00a0Exploratrice de voix !  Son petit mot :\u00a0Vous avez un outil incroyable \u00e0 votre disposition : votre voix. Non seulement pour convaincre un auditoire dans le cadre de votre projet mais pour le faire avec confiance et en accord avec qui vous \u00eates. Etre bien dans sa voix est une qu\u00eate, cherchons ensemble !  Pr\u00e9-requis\u00a0: Aucun  Lieu\u00a0: Sist\u2019Her Paris, 82 rue du Faubourg Saint-Martin  Attention !\u00a0Veuillez vous pr\u00e9senter \u00e0 l\u2019heure pour que l\u2019activit\u00e9 puisse commencer \u00e0 temps. Si vous avez du retard veuillez pr\u00e9venir l\u2019intervenant.e. Si vous avez plus de 15 min de retard l\u2019intervenant.e se r\u00e9serve le droit de ne plus vous accepter pour le coaching ou l\u2019atelier.\" \/>\n<meta property=\"og:url\" content=\"https:\/\/empow-her.com\/produit\/new-prendre-la-parole-en-public\/\" \/>\n<meta property=\"og:site_name\" content=\"Empow&#039;Her\" \/>\n<meta property=\"article:modified_time\" content=\"2023-02-16T09:37:16+00:00\" \/>\n<meta property=\"og:image\" content=\"https:\/\/empow-her.com\/wp-content\/uploads\/2023\/02\/Women-Dare-templates-events-88.png\" \/>\n\t<meta property=\"og:image:width\" content=\"1080\" \/>\n\t<meta property=\"og:image:height\" content=\"1080\" \/>\n\t<meta property=\"og:image:type\" content=\"image\/png\" \/>\n<meta name=\"twitter:card\" content=\"summary_large_image\" \/>\n<meta name=\"twitter:label1\" content=\"Tiempo de lectura\" \/>\n\t<meta name=\"twitter:data1\" content=\"2 minutos\" \/>\n<script type=\"application\/ld+json\" class=\"yoast-schema-graph\">{\"@context\":\"https:\/\/schema.org\",\"@graph\":[{\"@type\":\"WebPage\",\"@id\":\"https:\/\/empow-her.com\/produit\/new-prendre-la-parole-en-public\/\",\"url\":\"https:\/\/empow-her.com\/produit\/new-prendre-la-parole-en-public\/\",\"name\":\"NEW - Prendre la parole en public - Empow&#039;Her\",\"isPartOf\":{\"@id\":\"https:\/\/empow-her.com\/#website\"},\"primaryImageOfPage\":{\"@id\":\"https:\/\/empow-her.com\/produit\/new-prendre-la-parole-en-public\/#primaryimage\"},\"image\":{\"@id\":\"https:\/\/empow-her.com\/produit\/new-prendre-la-parole-en-public\/#primaryimage\"},\"thumbnailUrl\":\"https:\/\/empow-her.com\/wp-content\/uploads\/2023\/02\/Women-Dare-templates-events-88.png\",\"datePublished\":\"2023-02-16T09:29:48+00:00\",\"dateModified\":\"2023-02-16T09:37:16+00:00\",\"breadcrumb\":{\"@id\":\"https:\/\/empow-her.com\/produit\/new-prendre-la-parole-en-public\/#breadcrumb\"},\"inLanguage\":\"es\",\"potentialAction\":[{\"@type\":\"ReadAction\",\"target\":[\"https:\/\/empow-her.com\/produit\/new-prendre-la-parole-en-public\/\"]}]},{\"@type\":\"ImageObject\",\"inLanguage\":\"es\",\"@id\":\"https:\/\/empow-her.com\/produit\/new-prendre-la-parole-en-public\/#primaryimage\",\"url\":\"https:\/\/empow-her.com\/wp-content\/uploads\/2023\/02\/Women-Dare-templates-events-88.png\",\"contentUrl\":\"https:\/\/empow-her.com\/wp-content\/uploads\/2023\/02\/Women-Dare-templates-events-88.png\",\"width\":1080,\"height\":1080},{\"@type\":\"BreadcrumbList\",\"@id\":\"https:\/\/empow-her.com\/produit\/new-prendre-la-parole-en-public\/#breadcrumb\",\"itemListElement\":[{\"@type\":\"ListItem\",\"position\":1,\"name\":\"Accueil\",\"item\":\"https:\/\/empow-her.com\/es\/inicio\/\"},{\"@type\":\"ListItem\",\"position\":2,\"name\":\"LA BOUTIQUE\",\"item\":\"https:\/\/empow-her.com\/boutique\/\"},{\"@type\":\"ListItem\",\"position\":3,\"name\":\"NEW &#8211; Prendre la parole en public\"}]},{\"@type\":\"WebSite\",\"@id\":\"https:\/\/empow-her.com\/#website\",\"url\":\"https:\/\/empow-her.com\/\",\"name\":\"Empow&#039;Her\",\"description\":\"Women Development\",\"potentialAction\":[{\"@type\":\"SearchAction\",\"target\":{\"@type\":\"EntryPoint\",\"urlTemplate\":\"https:\/\/empow-her.com\/?s={search_term_string}\"},\"query-input\":{\"@type\":\"PropertyValueSpecification\",\"valueRequired\":true,\"valueName\":\"search_term_string\"}}],\"inLanguage\":\"es\"}]}<\/script>\n<!-- \/ Yoast SEO plugin. -->","yoast_head_json":{"title":"NEW - Prendre la parole en public - Empow&#039;Her","robots":{"index":"index","follow":"follow","max-snippet":"max-snippet:-1","max-image-preview":"max-image-preview:large","max-video-preview":"max-video-preview:-1"},"canonical":"https:\/\/empow-her.com\/produit\/new-prendre-la-parole-en-public\/","og_locale":"es_ES","og_type":"article","og_title":"NEW - Prendre la parole en public - Empow&#039;Her","og_description":"Besoin : \u00ab J'aimerais me sentir plus \u00e0 l\u2019aise pour parler de mon projet en public (large ou restreint). \u00bb   Objectif : Si cette phrase r\u00e9sonne alors cet atelier pourra vous donner des cl\u00e9s de compr\u00e9hension et des outils sur la prise de parole gr\u00e2ce \u00e0 un travail sur la voix et le corps. \u00catre entrepreneure n\u00e9cessite de parler de son projet, de s\u2019exposer et d\u2019embarquer les autres. Comment susciter chez l\u2019autre l\u2019envie de nous \u00e9couter ? Comment aborder plus sereinement une pr\u00e9sentation orale ? Nous nous focaliserons sur le pouvoir de la voix et de la posture corporelle.  Nous travaillerons sur la forme et la mani\u00e8re de s\u2019exprimer et non sur le contenu. Sachez que vous n\u2019avez pas besoin d\u2019un contenu de pr\u00e9sentation pour venir \u00e0 cet atelier. Cet atelier est un espace-temps en collectif pour d\u00e9velopper les comp\u00e9tences suivantes :  \u2022 Comprendre les bases de l\u2019anatomie de la voix  \u2022 (Re)trouver une posture corporelle naturelle et \u00e9quilibr\u00e9e et lib\u00e9rer la respiration  \u2022 G\u00e9rer votre \u00e9nergie et ajuster votre volume sonore  \u2022 Am\u00e9liorer l\u2019articulation et la diction  Intervenant.e : Lucie Wendremaire\u00a0de l'agence Bulles  Coach vocal voix parl\u00e9e et chant\u00e9e, Lucie accompagne des personnes - entrepreneur\u00b7e qui se lance, professionnel\u00b7le en besoin de confiance ou artiste en devenir - dans la d\u00e9couverte de leur voix. Sa mission est de donner \u00e0 chacun\u00b7e les clefs pour exploiter son outil vocal afin de gagner en assurance, en pouvoir de conviction tout en d\u00e9ployant son authenticit\u00e9. Elle \u00e9volue \u00e9galement sur des sc\u00e8nes petites ou grandes en tant que com\u00e9dienne chanteuse et percussionniste.  Son Super pouvoir :\u00a0Exploratrice de voix !  Son petit mot :\u00a0Vous avez un outil incroyable \u00e0 votre disposition : votre voix. Non seulement pour convaincre un auditoire dans le cadre de votre projet mais pour le faire avec confiance et en accord avec qui vous \u00eates. Etre bien dans sa voix est une qu\u00eate, cherchons ensemble !  Pr\u00e9-requis\u00a0: Aucun  Lieu\u00a0: Sist\u2019Her Paris, 82 rue du Faubourg Saint-Martin  Attention !\u00a0Veuillez vous pr\u00e9senter \u00e0 l\u2019heure pour que l\u2019activit\u00e9 puisse commencer \u00e0 temps. Si vous avez du retard veuillez pr\u00e9venir l\u2019intervenant.e. Si vous avez plus de 15 min de retard l\u2019intervenant.e se r\u00e9serve le droit de ne plus vous accepter pour le coaching ou l\u2019atelier.","og_url":"https:\/\/empow-her.com\/produit\/new-prendre-la-parole-en-public\/","og_site_name":"Empow&#039;Her","article_modified_time":"2023-02-16T09:37:16+00:00","og_image":[{"width":1080,"height":1080,"url":"https:\/\/empow-her.com\/wp-content\/uploads\/2023\/02\/Women-Dare-templates-events-88.png","type":"image\/png"}],"twitter_card":"summary_large_image","twitter_misc":{"Tiempo de lectura":"2 minutos"},"schema":{"@context":"https:\/\/schema.org","@graph":[{"@type":"WebPage","@id":"https:\/\/empow-her.com\/produit\/new-prendre-la-parole-en-public\/","url":"https:\/\/empow-her.com\/produit\/new-prendre-la-parole-en-public\/","name":"NEW - Prendre la parole en public - Empow&#039;Her","isPartOf":{"@id":"https:\/\/empow-her.com\/#website"},"primaryImageOfPage":{"@id":"https:\/\/empow-her.com\/produit\/new-prendre-la-parole-en-public\/#primaryimage"},"image":{"@id":"https:\/\/empow-her.com\/produit\/new-prendre-la-parole-en-public\/#primaryimage"},"thumbnailUrl":"https:\/\/empow-her.com\/wp-content\/uploads\/2023\/02\/Women-Dare-templates-events-88.png","datePublished":"2023-02-16T09:29:48+00:00","dateModified":"2023-02-16T09:37:16+00:00","breadcrumb":{"@id":"https:\/\/empow-her.com\/produit\/new-prendre-la-parole-en-public\/#breadcrumb"},"inLanguage":"es","potentialAction":[{"@type":"ReadAction","target":["https:\/\/empow-her.com\/produit\/new-prendre-la-parole-en-public\/"]}]},{"@type":"ImageObject","inLanguage":"es","@id":"https:\/\/empow-her.com\/produit\/new-prendre-la-parole-en-public\/#primaryimage","url":"https:\/\/empow-her.com\/wp-content\/uploads\/2023\/02\/Women-Dare-templates-events-88.png","contentUrl":"https:\/\/empow-her.com\/wp-content\/uploads\/2023\/02\/Women-Dare-templates-events-88.png","width":1080,"height":1080},{"@type":"BreadcrumbList","@id":"https:\/\/empow-her.com\/produit\/new-prendre-la-parole-en-public\/#breadcrumb","itemListElement":[{"@type":"ListItem","position":1,"name":"Accueil","item":"https:\/\/empow-her.com\/es\/inicio\/"},{"@type":"ListItem","position":2,"name":"LA BOUTIQUE","item":"https:\/\/empow-her.com\/boutique\/"},{"@type":"ListItem","position":3,"name":"NEW &#8211; Prendre la parole en public"}]},{"@type":"WebSite","@id":"https:\/\/empow-her.com\/#website","url":"https:\/\/empow-her.com\/","name":"Empow&#039;Her","description":"Women Development","potentialAction":[{"@type":"SearchAction","target":{"@type":"EntryPoint","urlTemplate":"https:\/\/empow-her.com\/?s={search_term_string}"},"query-input":{"@type":"PropertyValueSpecification","valueRequired":true,"valueName":"search_term_string"}}],"inLanguage":"es"}]}},"_links":{"self":[{"href":"https:\/\/empow-her.com\/es\/wp-json\/wp\/v2\/product\/140636","targetHints":{"allow":["GET"]}}],"collection":[{"href":"https:\/\/empow-her.com\/es\/wp-json\/wp\/v2\/product"}],"about":[{"href":"https:\/\/empow-her.com\/es\/wp-json\/wp\/v2\/types\/product"}],"wp:featuredmedia":[{"embeddable":true,"href":"https:\/\/empow-her.com\/es\/wp-json\/wp\/v2\/media\/140637"}],"wp:attachment":[{"href":"https:\/\/empow-her.com\/es\/wp-json\/wp\/v2\/media?parent=140636"}],"wp:term":[{"taxonomy":"product_brand","embeddable":true,"href":"https:\/\/empow-her.com\/es\/wp-json\/wp\/v2\/product_brand?post=140636"},{"taxonomy":"product_cat","embeddable":true,"href":"https:\/\/empow-her.com\/es\/wp-json\/wp\/v2\/product_cat?post=140636"},{"taxonomy":"product_tag","embeddable":true,"href":"https:\/\/empow-her.com\/es\/wp-json\/wp\/v2\/product_tag?post=140636"},{"taxonomy":"lieu","embeddable":true,"href":"https:\/\/empow-her.com\/es\/wp-json\/wp\/v2\/lieu?post=140636"},{"taxonomy":"thematiques","embeddable":true,"href":"https:\/\/empow-her.com\/es\/wp-json\/wp\/v2\/thematiques?post=140636"}],"curies":[{"name":"wp","href":"https:\/\/api.w.org\/{rel}","templated":true}]}}