{"id":140627,"date":"2023-02-16T09:53:31","date_gmt":"2023-02-16T08:53:31","guid":{"rendered":"https:\/\/empow-her.com\/?post_type=product&#038;p=140627"},"modified":"2023-04-04T10:14:28","modified_gmt":"2023-04-04T08:14:28","slug":"new-la-strategie-et-le-marketing-de-loffre","status":"publish","type":"product","link":"https:\/\/empow-her.com\/es\/produit\/new-la-strategie-et-le-marketing-de-loffre\/","title":{"rendered":"NEW &#8211; La strat\u00e9gie et le marketing de l&#8217;offre"},"content":{"rendered":"<p><strong>Description<\/strong> : Ce nouvel atelier vient en r\u00e9ponse \u00e0 un constat bas\u00e9 sur les accompagnements de l&#8217;ann\u00e9e derni\u00e8re : une offre non suffisemment travaill\u00e9e et claire est un frein au developpement de votre activit\u00e9 et ne pourra que nuire \u00e0 l&#8217;\u00e9fficacit\u00e9 de vos efforts de visibilit\u00e9 et de communication.<\/p>\n<p>Dans cet atelier, nous reprendrons les &#8220;basics&#8221; de ce qu&#8217;est une offre &#8211; \u00e0 minima, quels sont ses composantes afin qu&#8217;elle soit compr\u00e9hensible par vos publics. Comment strat\u00e9giquement la formuler, par rapport \u00e0 ses differents publics et comment communiquer \u00e0 partir de ces offres. Nous aborderons et mettrons en application, \u00e0 partir de vos projets, les notions suivantes :<\/p>\n<p>\u2022 l&#8217;offre : d\u00e9clinaison fonctionnelle de ma proposition de valeur<\/p>\n<p>\u2022 mon\/mes offre(s) : pour quels publics (segmentation et priorisation)<\/p>\n<p>\u2022 quels leviers d&#8217;activation de son\/ses offre(s) aupr\u00e9s de ses diff\u00e9rents publics cible ?<\/p>\n<p><strong> Pr\u00e9-requis<\/strong> : Aucun<\/p>\n<p><strong>Intervenante<\/strong> : j<\/p>\n<p>Apr\u00e8s 20 ans pass\u00e9es au sein de grands groupes \u00e0 la Direction Marketing puis Strategie et Business Development, j&#8217;accompagne depuis 7 ans des dirigeants d&#8217;entreprise et des entrepeneurs dans leurs problematiques complexes de d\u00e9veloppment et de transfornation.<\/p>\n","protected":false},"excerpt":{"rendered":"<p><strong>Besoin : <\/strong>Le succ\u00e8s de mon projet sera fonction de la clart\u00e9 et du bon calibrage de mon\/mes offre(s) vis-\u00e0-vis des publics \u00e0 qui je la\/les destine. J&#8217;ai besoin d&#8217;une part de m&#8217;assurer que mon produit\/mes services sont &#8220;pr\u00eats&#8221; sous tous leurs aspects et d&#8217;autre part de savoir mettre en place une strat\u00e9gie d&#8217;activation aupr\u00e8s de mes diff\u00e9rents publics.<\/p>\n<p><strong>Description<\/strong> : Ce nouvel atelier vient en r\u00e9ponse \u00e0 un constat bas\u00e9 sur les accompagnements de l&#8217;ann\u00e9e derni\u00e8re : une offre non suffisamment travaill\u00e9e et claire est un frein au d\u00e9veloppement de votre activit\u00e9 et ne pourra que nuire \u00e0 l&#8217;efficacit\u00e9 de vos efforts de visibilit\u00e9 et de communication.<\/p>\n<p>Dans cet atelier, nous reprendrons les &#8220;basics&#8221; de ce qu&#8217;est une offre &#8211; \u00e0 minima, quels sont ses composantes afin qu&#8217;elle soit compr\u00e9hensible par vos publics. Comment strat\u00e9giquement la formuler, par rapport \u00e0 ses diff\u00e9rents publics et comment communiquer \u00e0 partir de ces offres.<\/p>\n<p>Nous aborderons et mettrons en application, \u00e0 partir de vos projets, les notions suivantes :<\/p>\n<p>\u2022 l&#8217;offre : d\u00e9clinaison fonctionnelle de ma proposition de valeur<\/p>\n<p>\u2022 mon\/mes offre(s) : pour quels publics (segmentation et priorisation)<\/p>\n<p>\u2022 quels leviers d&#8217;activation de son\/ses offre(s) aupr\u00e9s de ses diff\u00e9rents publics cible ?<\/p>\n<p><strong>Intervenante<\/strong> : Anne-Sophie Cambay-Carozzi de l&#8217;agence LesLieuxdits<\/p>\n<p>Anne-Sophie est d\u00e9veloppeuse! Elle a travaill\u00e9 durant plus de 20 ans au d\u00e9veloppement de march\u00e9s en France et \u00e0 l&#8217;international en trouvant les points de diff\u00e9renciations des produits ou services dont elle avait la responsabilit\u00e9 et en identifiant les cibles pour lesquelles ces points de diff\u00e9rentiations repr\u00e9sentent une valeur. Anne-Sophie accompagne depuis 6 ans les entrepreneur.es et les dirigeants dans leur strat\u00e9gie de d\u00e9veloppement &#8211; plus particuli\u00e8rement \u00e0 partir de la marque et de son expression.<\/p>\n<p><strong>Son super pouvoir : <\/strong>Simplifier le complexe. Accompagner le changement. Rationnelle tout en restant intuitive.<\/p>\n<p><strong>Son petit mot : <\/strong>Never give up &#8211; you owe it to yourself!<\/p>\n<p><strong>Pr\u00e9-requis<\/strong> : Aucun<\/p>\n<p><strong>Lieu<\/strong>\u00a0: Sist\u2019Her Paris, 82 rue du Faubourg Saint-Martin<\/p>\n<p><strong>Attention !<\/strong>\u00a0Veuillez vous pr\u00e9senter \u00e0 l\u2019heure pour que l\u2019activit\u00e9 puisse commencer \u00e0 temps. Si vous avez du retard veuillez pr\u00e9venir l\u2019intervenant.e. Si vous avez plus de 15 min de retard l\u2019intervenant.e se r\u00e9serve le droit de ne plus vous accepter pour le coaching ou l\u2019atelier.<\/p>\n","protected":false},"featured_media":140628,"template":"","format":"standard","meta":{"_acf_changed":false,"om_disable_all_campaigns":false,"_uf_show_specific_survey":0,"_uf_disable_surveys":false},"product_brand":[],"product_cat":[118],"product_tag":[],"lieu":[127],"thematiques":[],"class_list":{"0":"post-140627","1":"product","2":"type-product","3":"status-publish","4":"format-standard","5":"has-post-thumbnail","7":"product_cat-atelier-collectif","8":"lieu-hub-empowher","10":"first","11":"instock","12":"virtual","13":"purchasable","14":"product-type-appointment"},"exclude_global_add_ons":[],"addons":[],"acf":[],"yoast_head":"<!-- This site is optimized with the Yoast SEO plugin v24.8 - https:\/\/yoast.com\/wordpress\/plugins\/seo\/ -->\n<title>NEW - La strat\u00e9gie et le marketing de l&#039;offre - Empow&#039;Her<\/title>\n<meta name=\"robots\" content=\"index, follow, max-snippet:-1, max-image-preview:large, max-video-preview:-1\" \/>\n<link rel=\"canonical\" href=\"https:\/\/empow-her.com\/produit\/new-la-strategie-et-le-marketing-de-loffre\/\" \/>\n<meta property=\"og:locale\" content=\"es_ES\" \/>\n<meta property=\"og:type\" content=\"article\" \/>\n<meta property=\"og:title\" content=\"NEW - La strat\u00e9gie et le marketing de l&#039;offre - Empow&#039;Her\" \/>\n<meta property=\"og:description\" content=\"Besoin : Le succ\u00e8s de mon projet sera fonction de la clart\u00e9 et du bon calibrage de mon\/mes offre(s) vis-\u00e0-vis des publics \u00e0 qui je la\/les destine. J&#039;ai besoin d&#039;une part de m&#039;assurer que mon produit\/mes services sont &quot;pr\u00eats&quot; sous tous leurs aspects et d&#039;autre part de savoir mettre en place une strat\u00e9gie d&#039;activation aupr\u00e8s de mes diff\u00e9rents publics.  Description : Ce nouvel atelier vient en r\u00e9ponse \u00e0 un constat bas\u00e9 sur les accompagnements de l&#039;ann\u00e9e derni\u00e8re : une offre non suffisamment travaill\u00e9e et claire est un frein au d\u00e9veloppement de votre activit\u00e9 et ne pourra que nuire \u00e0 l&#039;efficacit\u00e9 de vos efforts de visibilit\u00e9 et de communication.  Dans cet atelier, nous reprendrons les &quot;basics&quot; de ce qu&#039;est une offre - \u00e0 minima, quels sont ses composantes afin qu&#039;elle soit compr\u00e9hensible par vos publics. Comment strat\u00e9giquement la formuler, par rapport \u00e0 ses diff\u00e9rents publics et comment communiquer \u00e0 partir de ces offres.  Nous aborderons et mettrons en application, \u00e0 partir de vos projets, les notions suivantes :  \u2022 l&#039;offre : d\u00e9clinaison fonctionnelle de ma proposition de valeur  \u2022 mon\/mes offre(s) : pour quels publics (segmentation et priorisation)  \u2022 quels leviers d&#039;activation de son\/ses offre(s) aupr\u00e9s de ses diff\u00e9rents publics cible ?  Intervenante : Anne-Sophie Cambay-Carozzi de l&#039;agence LesLieuxdits  Anne-Sophie est d\u00e9veloppeuse! Elle a travaill\u00e9 durant plus de 20 ans au d\u00e9veloppement de march\u00e9s en France et \u00e0 l&#039;international en trouvant les points de diff\u00e9renciations des produits ou services dont elle avait la responsabilit\u00e9 et en identifiant les cibles pour lesquelles ces points de diff\u00e9rentiations repr\u00e9sentent une valeur. Anne-Sophie accompagne depuis 6 ans les entrepreneur.es et les dirigeants dans leur strat\u00e9gie de d\u00e9veloppement - plus particuli\u00e8rement \u00e0 partir de la marque et de son expression.  Son super pouvoir : Simplifier le complexe. Accompagner le changement. Rationnelle tout en restant intuitive.  Son petit mot : Never give up - you owe it to yourself!  Pr\u00e9-requis : Aucun  Lieu\u00a0: Sist\u2019Her Paris, 82 rue du Faubourg Saint-Martin  Attention !\u00a0Veuillez vous pr\u00e9senter \u00e0 l\u2019heure pour que l\u2019activit\u00e9 puisse commencer \u00e0 temps. Si vous avez du retard veuillez pr\u00e9venir l\u2019intervenant.e. Si vous avez plus de 15 min de retard l\u2019intervenant.e se r\u00e9serve le droit de ne plus vous accepter pour le coaching ou l\u2019atelier.\" \/>\n<meta property=\"og:url\" content=\"https:\/\/empow-her.com\/produit\/new-la-strategie-et-le-marketing-de-loffre\/\" \/>\n<meta property=\"og:site_name\" content=\"Empow&#039;Her\" \/>\n<meta property=\"article:modified_time\" content=\"2023-04-04T08:14:28+00:00\" \/>\n<meta property=\"og:image\" content=\"https:\/\/empow-her.com\/wp-content\/uploads\/2023\/02\/Women-Dare-templates-events-87.png\" \/>\n\t<meta property=\"og:image:width\" content=\"1080\" \/>\n\t<meta property=\"og:image:height\" content=\"1080\" \/>\n\t<meta property=\"og:image:type\" content=\"image\/png\" \/>\n<meta name=\"twitter:card\" content=\"summary_large_image\" \/>\n<meta name=\"twitter:label1\" content=\"Tiempo de lectura\" \/>\n\t<meta name=\"twitter:data1\" content=\"1 minuto\" \/>\n<script type=\"application\/ld+json\" class=\"yoast-schema-graph\">{\"@context\":\"https:\/\/schema.org\",\"@graph\":[{\"@type\":\"WebPage\",\"@id\":\"https:\/\/empow-her.com\/produit\/new-la-strategie-et-le-marketing-de-loffre\/\",\"url\":\"https:\/\/empow-her.com\/produit\/new-la-strategie-et-le-marketing-de-loffre\/\",\"name\":\"NEW - La strat\u00e9gie et le marketing de l'offre - Empow&#039;Her\",\"isPartOf\":{\"@id\":\"https:\/\/empow-her.com\/#website\"},\"primaryImageOfPage\":{\"@id\":\"https:\/\/empow-her.com\/produit\/new-la-strategie-et-le-marketing-de-loffre\/#primaryimage\"},\"image\":{\"@id\":\"https:\/\/empow-her.com\/produit\/new-la-strategie-et-le-marketing-de-loffre\/#primaryimage\"},\"thumbnailUrl\":\"https:\/\/empow-her.com\/wp-content\/uploads\/2023\/02\/Women-Dare-templates-events-87.png\",\"datePublished\":\"2023-02-16T08:53:31+00:00\",\"dateModified\":\"2023-04-04T08:14:28+00:00\",\"breadcrumb\":{\"@id\":\"https:\/\/empow-her.com\/produit\/new-la-strategie-et-le-marketing-de-loffre\/#breadcrumb\"},\"inLanguage\":\"es\",\"potentialAction\":[{\"@type\":\"ReadAction\",\"target\":[\"https:\/\/empow-her.com\/produit\/new-la-strategie-et-le-marketing-de-loffre\/\"]}]},{\"@type\":\"ImageObject\",\"inLanguage\":\"es\",\"@id\":\"https:\/\/empow-her.com\/produit\/new-la-strategie-et-le-marketing-de-loffre\/#primaryimage\",\"url\":\"https:\/\/empow-her.com\/wp-content\/uploads\/2023\/02\/Women-Dare-templates-events-87.png\",\"contentUrl\":\"https:\/\/empow-her.com\/wp-content\/uploads\/2023\/02\/Women-Dare-templates-events-87.png\",\"width\":1080,\"height\":1080},{\"@type\":\"BreadcrumbList\",\"@id\":\"https:\/\/empow-her.com\/produit\/new-la-strategie-et-le-marketing-de-loffre\/#breadcrumb\",\"itemListElement\":[{\"@type\":\"ListItem\",\"position\":1,\"name\":\"Accueil\",\"item\":\"https:\/\/empow-her.com\/es\/inicio\/\"},{\"@type\":\"ListItem\",\"position\":2,\"name\":\"LA BOUTIQUE\",\"item\":\"https:\/\/empow-her.com\/boutique\/\"},{\"@type\":\"ListItem\",\"position\":3,\"name\":\"NEW &#8211; La strat\u00e9gie et le marketing de l&#8217;offre\"}]},{\"@type\":\"WebSite\",\"@id\":\"https:\/\/empow-her.com\/#website\",\"url\":\"https:\/\/empow-her.com\/\",\"name\":\"Empow&#039;Her\",\"description\":\"Women Development\",\"potentialAction\":[{\"@type\":\"SearchAction\",\"target\":{\"@type\":\"EntryPoint\",\"urlTemplate\":\"https:\/\/empow-her.com\/?s={search_term_string}\"},\"query-input\":{\"@type\":\"PropertyValueSpecification\",\"valueRequired\":true,\"valueName\":\"search_term_string\"}}],\"inLanguage\":\"es\"}]}<\/script>\n<!-- \/ Yoast SEO plugin. -->","yoast_head_json":{"title":"NEW - La strat\u00e9gie et le marketing de l'offre - Empow&#039;Her","robots":{"index":"index","follow":"follow","max-snippet":"max-snippet:-1","max-image-preview":"max-image-preview:large","max-video-preview":"max-video-preview:-1"},"canonical":"https:\/\/empow-her.com\/produit\/new-la-strategie-et-le-marketing-de-loffre\/","og_locale":"es_ES","og_type":"article","og_title":"NEW - La strat\u00e9gie et le marketing de l'offre - Empow&#039;Her","og_description":"Besoin : Le succ\u00e8s de mon projet sera fonction de la clart\u00e9 et du bon calibrage de mon\/mes offre(s) vis-\u00e0-vis des publics \u00e0 qui je la\/les destine. J'ai besoin d'une part de m'assurer que mon produit\/mes services sont \"pr\u00eats\" sous tous leurs aspects et d'autre part de savoir mettre en place une strat\u00e9gie d'activation aupr\u00e8s de mes diff\u00e9rents publics.  Description : Ce nouvel atelier vient en r\u00e9ponse \u00e0 un constat bas\u00e9 sur les accompagnements de l'ann\u00e9e derni\u00e8re : une offre non suffisamment travaill\u00e9e et claire est un frein au d\u00e9veloppement de votre activit\u00e9 et ne pourra que nuire \u00e0 l'efficacit\u00e9 de vos efforts de visibilit\u00e9 et de communication.  Dans cet atelier, nous reprendrons les \"basics\" de ce qu'est une offre - \u00e0 minima, quels sont ses composantes afin qu'elle soit compr\u00e9hensible par vos publics. Comment strat\u00e9giquement la formuler, par rapport \u00e0 ses diff\u00e9rents publics et comment communiquer \u00e0 partir de ces offres.  Nous aborderons et mettrons en application, \u00e0 partir de vos projets, les notions suivantes :  \u2022 l'offre : d\u00e9clinaison fonctionnelle de ma proposition de valeur  \u2022 mon\/mes offre(s) : pour quels publics (segmentation et priorisation)  \u2022 quels leviers d'activation de son\/ses offre(s) aupr\u00e9s de ses diff\u00e9rents publics cible ?  Intervenante : Anne-Sophie Cambay-Carozzi de l'agence LesLieuxdits  Anne-Sophie est d\u00e9veloppeuse! Elle a travaill\u00e9 durant plus de 20 ans au d\u00e9veloppement de march\u00e9s en France et \u00e0 l'international en trouvant les points de diff\u00e9renciations des produits ou services dont elle avait la responsabilit\u00e9 et en identifiant les cibles pour lesquelles ces points de diff\u00e9rentiations repr\u00e9sentent une valeur. Anne-Sophie accompagne depuis 6 ans les entrepreneur.es et les dirigeants dans leur strat\u00e9gie de d\u00e9veloppement - plus particuli\u00e8rement \u00e0 partir de la marque et de son expression.  Son super pouvoir : Simplifier le complexe. Accompagner le changement. Rationnelle tout en restant intuitive.  Son petit mot : Never give up - you owe it to yourself!  Pr\u00e9-requis : Aucun  Lieu\u00a0: Sist\u2019Her Paris, 82 rue du Faubourg Saint-Martin  Attention !\u00a0Veuillez vous pr\u00e9senter \u00e0 l\u2019heure pour que l\u2019activit\u00e9 puisse commencer \u00e0 temps. Si vous avez du retard veuillez pr\u00e9venir l\u2019intervenant.e. Si vous avez plus de 15 min de retard l\u2019intervenant.e se r\u00e9serve le droit de ne plus vous accepter pour le coaching ou l\u2019atelier.","og_url":"https:\/\/empow-her.com\/produit\/new-la-strategie-et-le-marketing-de-loffre\/","og_site_name":"Empow&#039;Her","article_modified_time":"2023-04-04T08:14:28+00:00","og_image":[{"width":1080,"height":1080,"url":"https:\/\/empow-her.com\/wp-content\/uploads\/2023\/02\/Women-Dare-templates-events-87.png","type":"image\/png"}],"twitter_card":"summary_large_image","twitter_misc":{"Tiempo de lectura":"1 minuto"},"schema":{"@context":"https:\/\/schema.org","@graph":[{"@type":"WebPage","@id":"https:\/\/empow-her.com\/produit\/new-la-strategie-et-le-marketing-de-loffre\/","url":"https:\/\/empow-her.com\/produit\/new-la-strategie-et-le-marketing-de-loffre\/","name":"NEW - La strat\u00e9gie et le marketing de l'offre - Empow&#039;Her","isPartOf":{"@id":"https:\/\/empow-her.com\/#website"},"primaryImageOfPage":{"@id":"https:\/\/empow-her.com\/produit\/new-la-strategie-et-le-marketing-de-loffre\/#primaryimage"},"image":{"@id":"https:\/\/empow-her.com\/produit\/new-la-strategie-et-le-marketing-de-loffre\/#primaryimage"},"thumbnailUrl":"https:\/\/empow-her.com\/wp-content\/uploads\/2023\/02\/Women-Dare-templates-events-87.png","datePublished":"2023-02-16T08:53:31+00:00","dateModified":"2023-04-04T08:14:28+00:00","breadcrumb":{"@id":"https:\/\/empow-her.com\/produit\/new-la-strategie-et-le-marketing-de-loffre\/#breadcrumb"},"inLanguage":"es","potentialAction":[{"@type":"ReadAction","target":["https:\/\/empow-her.com\/produit\/new-la-strategie-et-le-marketing-de-loffre\/"]}]},{"@type":"ImageObject","inLanguage":"es","@id":"https:\/\/empow-her.com\/produit\/new-la-strategie-et-le-marketing-de-loffre\/#primaryimage","url":"https:\/\/empow-her.com\/wp-content\/uploads\/2023\/02\/Women-Dare-templates-events-87.png","contentUrl":"https:\/\/empow-her.com\/wp-content\/uploads\/2023\/02\/Women-Dare-templates-events-87.png","width":1080,"height":1080},{"@type":"BreadcrumbList","@id":"https:\/\/empow-her.com\/produit\/new-la-strategie-et-le-marketing-de-loffre\/#breadcrumb","itemListElement":[{"@type":"ListItem","position":1,"name":"Accueil","item":"https:\/\/empow-her.com\/es\/inicio\/"},{"@type":"ListItem","position":2,"name":"LA BOUTIQUE","item":"https:\/\/empow-her.com\/boutique\/"},{"@type":"ListItem","position":3,"name":"NEW &#8211; La strat\u00e9gie et le marketing de l&#8217;offre"}]},{"@type":"WebSite","@id":"https:\/\/empow-her.com\/#website","url":"https:\/\/empow-her.com\/","name":"Empow&#039;Her","description":"Women Development","potentialAction":[{"@type":"SearchAction","target":{"@type":"EntryPoint","urlTemplate":"https:\/\/empow-her.com\/?s={search_term_string}"},"query-input":{"@type":"PropertyValueSpecification","valueRequired":true,"valueName":"search_term_string"}}],"inLanguage":"es"}]}},"_links":{"self":[{"href":"https:\/\/empow-her.com\/es\/wp-json\/wp\/v2\/product\/140627","targetHints":{"allow":["GET"]}}],"collection":[{"href":"https:\/\/empow-her.com\/es\/wp-json\/wp\/v2\/product"}],"about":[{"href":"https:\/\/empow-her.com\/es\/wp-json\/wp\/v2\/types\/product"}],"wp:featuredmedia":[{"embeddable":true,"href":"https:\/\/empow-her.com\/es\/wp-json\/wp\/v2\/media\/140628"}],"wp:attachment":[{"href":"https:\/\/empow-her.com\/es\/wp-json\/wp\/v2\/media?parent=140627"}],"wp:term":[{"taxonomy":"product_brand","embeddable":true,"href":"https:\/\/empow-her.com\/es\/wp-json\/wp\/v2\/product_brand?post=140627"},{"taxonomy":"product_cat","embeddable":true,"href":"https:\/\/empow-her.com\/es\/wp-json\/wp\/v2\/product_cat?post=140627"},{"taxonomy":"product_tag","embeddable":true,"href":"https:\/\/empow-her.com\/es\/wp-json\/wp\/v2\/product_tag?post=140627"},{"taxonomy":"lieu","embeddable":true,"href":"https:\/\/empow-her.com\/es\/wp-json\/wp\/v2\/lieu?post=140627"},{"taxonomy":"thematiques","embeddable":true,"href":"https:\/\/empow-her.com\/es\/wp-json\/wp\/v2\/thematiques?post=140627"}],"curies":[{"name":"wp","href":"https:\/\/api.w.org\/{rel}","templated":true}]}}